{"id":35099,"date":"2018-05-09T09:41:58","date_gmt":"2018-05-09T09:41:58","guid":{"rendered":"https:\/\/www.tele-radio.com\/downloads\/"},"modified":"2020-03-17T12:32:19","modified_gmt":"2020-03-17T12:32:19","slug":"downloads","status":"publish","type":"page","link":"https:\/\/www.tele-radio.com\/pt-pt\/suporte\/downloads\/","title":{"rendered":"Downloads"},"content":{"rendered":"<h1>Downloads<\/h1>\n<p>Esta \u00e9 a biblioteca de downloads de todos os nossos controles remotos Tele Radio. Aqui voc\u00ea pode baixar as instru\u00e7\u00f5es de instala\u00e7\u00e3o, certificados, cartas de organismos certificadores e muito mais. Alguns arquivos s\u00e3o protegidos por uma senha, por favor <a href=\"https:\/\/www.tele-radio.com\/pt-br\/contato\/\">contacte<\/a> o seu revendedor local para obt\u00ea-la.<\/p>\n<h2>Procurando sistemas mais antigos?<\/h2>\n<p>Tamb\u00e9m mantemos informa\u00e7\u00f5es sobre nossos sistemas mais antigos. Por favor, encontre o seu sistema abaixo e navegue at\u00e9 os documentos que voc\u00ea precisa.<\/p>\n","protected":false},"excerpt":{"rendered":"<p>Downloads Esta \u00e9 a biblioteca de downloads de todos os nossos controles remotos Tele Radio. Aqui voc\u00ea pode baixar as instru\u00e7\u00f5es de instala\u00e7\u00e3o, certificados, cartas de organismos certificadores e muito mais. Alguns arquivos s\u00e3o protegidos por uma senha, por favor contacte o seu revendedor local para obt\u00ea-la. Procurando sistemas mais antigos? Tamb\u00e9m mantemos informa\u00e7\u00f5es sobre [&hellip;]<\/p>\n","protected":false},"author":1,"featured_media":35103,"parent":35105,"menu_order":0,"comment_status":"closed","ping_status":"closed","template":"page-templates\/downloads.php","meta":{"_acf_changed":false,"footnotes":""},"class_list":["post-35099","page","type-page","status-publish","has-post-thumbnail","hentry"],"acf":[],"_links":{"self":[{"href":"https:\/\/www.tele-radio.com\/pt-pt\/wp-json\/wp\/v2\/pages\/35099","targetHints":{"allow":["GET"]}}],"collection":[{"href":"https:\/\/www.tele-radio.com\/pt-pt\/wp-json\/wp\/v2\/pages"}],"about":[{"href":"https:\/\/www.tele-radio.com\/pt-pt\/wp-json\/wp\/v2\/types\/page"}],"author":[{"embeddable":true,"href":"https:\/\/www.tele-radio.com\/pt-pt\/wp-json\/wp\/v2\/users\/1"}],"replies":[{"embeddable":true,"href":"https:\/\/www.tele-radio.com\/pt-pt\/wp-json\/wp\/v2\/comments?post=35099"}],"version-history":[{"count":1,"href":"https:\/\/www.tele-radio.com\/pt-pt\/wp-json\/wp\/v2\/pages\/35099\/revisions"}],"predecessor-version":[{"id":35104,"href":"https:\/\/www.tele-radio.com\/pt-pt\/wp-json\/wp\/v2\/pages\/35099\/revisions\/35104"}],"up":[{"embeddable":true,"href":"https:\/\/www.tele-radio.com\/pt-pt\/wp-json\/wp\/v2\/pages\/35105"}],"wp:featuredmedia":[{"embeddable":true,"href":"https:\/\/www.tele-radio.com\/pt-pt\/wp-json\/wp\/v2\/media\/35103"}],"wp:attachment":[{"href":"https:\/\/www.tele-radio.com\/pt-pt\/wp-json\/wp\/v2\/media?parent=35099"}],"curies":[{"name":"wp","href":"https:\/\/api.w.org\/{rel}","templated":true}]}}