{"id":35052,"date":"2018-05-13T20:05:40","date_gmt":"2018-05-13T20:05:40","guid":{"rendered":"https:\/\/www.tele-radio.com\/munck-pontes-rolantes\/"},"modified":"2023-01-25T10:00:13","modified_gmt":"2023-01-25T10:00:13","slug":"munck-pontes-rolantes","status":"publish","type":"page","link":"https:\/\/www.tele-radio.com\/pt-pt\/munck-pontes-rolantes\/","title":{"rendered":"Munck Cranes A\/S"},"content":{"rendered":"<p>A <a href=\"http:\/\/munck-cranes.no\/en\/\" target=\"_blank\" rel=\"nofollow noopener\">Munck Cranes<\/a> \u00e9 um fabricante de pontes rolantes localizado em Bergen, Noruega. A empresa foi fundada em 1924 pelo Sr. Sverre Munck e come\u00e7ou sua hist\u00f3ria como uma empresa comercial que vendeu escadas rolantes, elevadores e gruas de corda. A Munck Cranes tem sido pioneira no setor de exporta\u00e7\u00e3o noruegu\u00eas. O primeiro guincho da Munck para a exporta\u00e7\u00e3o foi enviado para a Su\u00e9cia em 1948, e no mesmo ano tamb\u00e9m para a Inglaterra. Depois disso a exporta\u00e7\u00e3o para muitos outros mercados decolou rapidamente.<\/p>\n<h2>Um fornecedor mundial<\/h2>\n<p>Mais tarde, nas d\u00e9cadas de 1950 e 1960, empresas subsidi\u00e1rias foram estabelecidas nos Estados Unidos, Canad\u00e1, Gr\u00e3-Bretanha, Su\u00e9cia, Brasil e B\u00e9lgica. Al\u00e9m disso, uma rede de agentes foi estabelecida em outras partes do mundo. Ainda hoje, Munck trabalha muito de perto com v\u00e1rias dessas empresas, embora elas sejam gerenciadas por propriet\u00e1rios locais. Atualmente a Munch Cranes fornece seus produtos globalmente e a f\u00e1brica norueguesa sozinha envia 750 pontes rolantes por ano, mas acrescentando outros locais da Munck este n\u00famero sobe para mais de 1.000 guindaste.<\/p>\n<h2>A primeira ponte rolante controlada remotamente<\/h2>\n<p>Munck foi o primeiro fabricante de pontes rolantes que abandonou o controle via cabo (por padr\u00e3o) em suas pontes rolantes e <strong>substituiu-o por um controle remoto sem fio<\/strong>. Se voc\u00ea quisesse um controle por cabo voc\u00ea tinha que compr\u00e1-lo separadamente; remover o controle via cabo era in\u00e9dito na ind\u00fastria e causou uma onda de cr\u00edticas dos concorrentes. Olhando para tr\u00e1s voc\u00ea n\u00e3o pode argumentar que Munck foi um pioneiro no avan\u00e7o t\u00e9cnico dos controladores de pontes rolantes atrav\u00e9s de seu ato corajoso.<\/p>\n<blockquote><p>\u201cN\u00f3s usamos Tele Radio por causa do seu excelente time de servi\u00e7o e apoio, algo que \u00e9 muito importante para n\u00f3s e para o nosso neg\u00f3cio.\u201d<\/p><\/blockquote>\n<p>Diz Rune Wab\u00f8, Managing Director na Munck Cranes.<\/p>\n","protected":false},"excerpt":{"rendered":"<p>A Munck Cranes \u00e9 um fabricante de pontes rolantes localizado em Bergen, Noruega. A empresa foi fundada em 1924 pelo Sr. Sverre Munck e come\u00e7ou sua hist\u00f3ria como uma empresa comercial que vendeu escadas rolantes, elevadores e gruas de corda. A Munck Cranes tem sido pioneira no setor de exporta\u00e7\u00e3o noruegu\u00eas. O primeiro guincho da [&hellip;]<\/p>\n","protected":false},"author":29,"featured_media":35056,"parent":0,"menu_order":0,"comment_status":"closed","ping_status":"closed","template":"","meta":{"_acf_changed":false,"footnotes":""},"class_list":["post-35052","page","type-page","status-publish","has-post-thumbnail","hentry"],"acf":[],"_links":{"self":[{"href":"https:\/\/www.tele-radio.com\/pt-pt\/wp-json\/wp\/v2\/pages\/35052","targetHints":{"allow":["GET"]}}],"collection":[{"href":"https:\/\/www.tele-radio.com\/pt-pt\/wp-json\/wp\/v2\/pages"}],"about":[{"href":"https:\/\/www.tele-radio.com\/pt-pt\/wp-json\/wp\/v2\/types\/page"}],"author":[{"embeddable":true,"href":"https:\/\/www.tele-radio.com\/pt-pt\/wp-json\/wp\/v2\/users\/29"}],"replies":[{"embeddable":true,"href":"https:\/\/www.tele-radio.com\/pt-pt\/wp-json\/wp\/v2\/comments?post=35052"}],"version-history":[{"count":2,"href":"https:\/\/www.tele-radio.com\/pt-pt\/wp-json\/wp\/v2\/pages\/35052\/revisions"}],"predecessor-version":[{"id":139319,"href":"https:\/\/www.tele-radio.com\/pt-pt\/wp-json\/wp\/v2\/pages\/35052\/revisions\/139319"}],"wp:featuredmedia":[{"embeddable":true,"href":"https:\/\/www.tele-radio.com\/pt-pt\/wp-json\/wp\/v2\/media\/35056"}],"wp:attachment":[{"href":"https:\/\/www.tele-radio.com\/pt-pt\/wp-json\/wp\/v2\/media?parent=35052"}],"curies":[{"name":"wp","href":"https:\/\/api.w.org\/{rel}","templated":true}]}}