{"id":35039,"date":"2018-05-10T13:36:29","date_gmt":"2018-05-10T13:36:29","guid":{"rendered":"https:\/\/www.tele-radio.com\/por-que-controle-remoto\/"},"modified":"2020-03-17T12:14:39","modified_gmt":"2020-03-17T12:14:39","slug":"por-que-controle-remoto","status":"publish","type":"page","link":"https:\/\/www.tele-radio.com\/pt-pt\/por-que-controle-remoto\/","title":{"rendered":"Por que controle remoto"},"content":{"rendered":"<h1>Por que o controle remoto?<\/h1>\n<h2>Conveniente, mas tamb\u00e9m seguro<\/h2>\n<p>Um controle remoto sem fio \u00e9 um sistema baseado em seguran\u00e7a e conveni\u00eancia e \u00e9 utilizado para controlar uma m\u00e1quina. Um de seus benef\u00edcios \u00f3bvios \u00e9 que voc\u00ea n\u00e3o tem que andar de um lado para o outro para controlar uma m\u00e1quina. Permite ao operador situar-se exatamente onde ele necessita estar em vez das restri\u00e7\u00f5es naturais de um painel de controle fixo ou controle com fio. Al\u00e9m disto, o controle remoto sem fio, ao contr\u00e1rio de um sistema cabeado, n\u00e3o fica no meio do caminho do operador. O cabo atrapalha o trabalho e \u00e9 um perigo \u00e0 seguran\u00e7a, um risco de trope\u00e7o e \u00e9 suscet\u00edvel a danos e corros\u00e3o. Para ter um controle cabeado reparado no meio de um dia de trabalho pode ser caro e demorado, e se isto ocorrer fora do hor\u00e1rio de expediente normal mais complicado ainda. O custo de m\u00e1quina parada deve ser considerado e em muitos casos, pode ser muito mais caro do que os custos do reparo.<\/p>\n<p><img loading=\"lazy\" decoding=\"async\" class=\"size-full wp-image-6288 aligncenter\" src=\"https:\/\/www.tele-radio.com\/app\/uploads\/eot_lifting.jpg\" alt=\"crane operator using Tele Radio remote\" width=\"1200\" height=\"515\" srcset=\"https:\/\/www.tele-radio.com\/app\/uploads\/eot_lifting.jpg 1200w, https:\/\/www.tele-radio.com\/app\/uploads\/eot_lifting-400x172.jpg 400w, https:\/\/www.tele-radio.com\/app\/uploads\/eot_lifting-768x330.jpg 768w, https:\/\/www.tele-radio.com\/app\/uploads\/eot_lifting-750x322.jpg 750w, https:\/\/www.tele-radio.com\/app\/uploads\/eot_lifting-500x215.jpg 500w, https:\/\/www.tele-radio.com\/app\/uploads\/eot_lifting-800x343.jpg 800w\" sizes=\"auto, (max-width: 1200px) 100vw, 1200px\" \/><\/p>\n<h2>Liberdade operacional com paz de esp\u00edrito<\/h2>\n<p>Com r\u00e1dio controle remoto industrial h\u00e1 total liberdade de movimento ao operar uma prensa, um triturador de madeira, uma bomba de alta press\u00e3o ou uma ponte rolante, com a tranquilidade de que o bot\u00e3o de parada est\u00e1 sempre ao seu alcance. Um controle remoto sem fio contribui substancialmente para limitar os riscos do local de trabalho. A Tele Radio investe em v\u00e1rios recursos de seguran\u00e7a. Certificamos nossos sistemas de acordo com os mais altos padr\u00f5es do setor para garantir que tudo continue funcionando mesmo nas condi\u00e7\u00f5es mais adversas.<\/p>\n<p>Os sistemas com os mais altos requisitos de seguran\u00e7a s\u00e3o certificados de acordo com a norma ISO 13849-1 CAT3 PLd \/ Ple e SIL3 para a fun\u00e7\u00e3o de PARADA. Para esses sistemas, h\u00e1 no receptor dois rel\u00e9s de parada que s\u00e3o monitorados por dois microprocessadores de seguran\u00e7a independentes, ambos processadores operam em paralelo e monitoram um ao outro. Al\u00e9m disso, esses rel\u00e9s de parada s\u00e3o normalmente conectados em s\u00e9rie para garantir o controle da sua m\u00e1quina. Uma \u00fanica falha n\u00e3o leva \u00e0 perda da fun\u00e7\u00e3o de seguran\u00e7a, portanto, no caso de uma falha a m\u00e1quina parar\u00e1 com seguran\u00e7a.<\/p>\n<p><img loading=\"lazy\" decoding=\"async\" class=\"size-full wp-image-6287 aligncenter\" src=\"https:\/\/www.tele-radio.com\/app\/uploads\/tow.jpg\" alt=\"Towing a car with radop remote control from Tele Radio\" width=\"1200\" height=\"612\" srcset=\"https:\/\/www.tele-radio.com\/app\/uploads\/tow.jpg 1200w, https:\/\/www.tele-radio.com\/app\/uploads\/tow-400x204.jpg 400w, https:\/\/www.tele-radio.com\/app\/uploads\/tow-768x392.jpg 768w, https:\/\/www.tele-radio.com\/app\/uploads\/tow-750x383.jpg 750w, https:\/\/www.tele-radio.com\/app\/uploads\/tow-500x255.jpg 500w, https:\/\/www.tele-radio.com\/app\/uploads\/tow-800x408.jpg 800w\" sizes=\"auto, (max-width: 1200px) 100vw, 1200px\" \/><\/p>\n<h2>Como o controle remoto \u00e9 de fato mais seguro do que os controles via cabo<\/h2>\n<p>Em caso de uso inadequado qualquer m\u00e1quina e opera\u00e7\u00e3o associada tornam-se inseguras. Mas com o uso correto, um controle remoto sem fio tem muitos pontos a favor sobre o controle de cabo tradicional. Al\u00e9m das vantagens acima mencionadas, nossos sistemas t\u00eam v\u00e1rias outras caracter\u00edsticas da seguran\u00e7a tais como \u00e1rea de opera\u00e7\u00e3o ajust\u00e1vel. Uma \u00e1rea de trabalho espec\u00edfica pode ser configurada para o transmissor funcionar. Por exemplo, n\u00e3o funciona nas imedia\u00e7\u00f5es da m\u00e1quina (onde \u00e9 perigoso) e n\u00e3o muito longe (onde o usu\u00e1rio n\u00e3o tem visibilidade). Com uma solu\u00e7\u00e3o com fio, tal funcionalidade \u00e9 dif\u00edcil, se n\u00e3o imposs\u00edvel, de implementar. A fim de evitar que uma m\u00e1quina seja controlada por um transmissor n\u00e3o autorizado ou uma mensagem parcial; nossos transmissores usam uma chave \u00fanica que \u00e9 enviada atrav\u00e9s de seu pr\u00f3prio software. O procedimento de inicializa\u00e7\u00e3o do transmissor pode ser protegido por um c\u00f3digo PIN e\/ou detec\u00e7\u00e3o de proximidade.<\/p>\n<p><img loading=\"lazy\" decoding=\"async\" class=\"alignnone size-medium wp-image-5984\" src=\"https:\/\/www.tele-radio.com\/app\/uploads\/\/Certified-400x400.jpg\" alt=\"\" width=\"400\" height=\"400\" srcset=\"https:\/\/www.tele-radio.com\/app\/uploads\/Certified-400x400.jpg 400w, https:\/\/www.tele-radio.com\/app\/uploads\/Certified-150x150.jpg 150w, https:\/\/www.tele-radio.com\/app\/uploads\/Certified-768x768.jpg 768w, https:\/\/www.tele-radio.com\/app\/uploads\/Certified-250x250.jpg 250w, https:\/\/www.tele-radio.com\/app\/uploads\/Certified-750x750.jpg 750w, https:\/\/www.tele-radio.com\/app\/uploads\/Certified-500x500.jpg 500w, https:\/\/www.tele-radio.com\/app\/uploads\/Certified.jpg 800w\" sizes=\"auto, (max-width: 400px) 100vw, 400px\" \/><\/p>\n<h2>Testes e certifica\u00e7\u00f5es independentes<\/h2>\n<p>Em 95% dos casos, os fornecedores de m\u00e1quinas e componentes parecem realizar as inspe\u00e7\u00f5es para as marca\u00e7\u00f5es e declara\u00e7\u00f5es de seguran\u00e7a obrigat\u00f3rias por si s\u00f3. Mas at\u00e9 que ponto o fabricante realmente realizou os testes e an\u00e1lises de acordo com os requisitos permanece incerto para o usu\u00e1rio final. A Tele Radio est\u00e1 ciente do fato de que seus transmissores e receptores s\u00e3o usados em locais cr\u00edticos. A fim de garantir o mais alto n\u00edvel de seguran\u00e7a, os produtos s\u00e3o, portanto, inspecionados de forma independente por um organismo de inspe\u00e7\u00e3o reconhecido. Os certificados sempre est\u00e3o dispon\u00edveis caso voc\u00ea os solicite. Como usu\u00e1rio voc\u00ea deve ter 100% certeza da seguran\u00e7a dos produtos Tele Radio!<\/p>\n","protected":false},"excerpt":{"rendered":"<p>Por que o controle remoto? Conveniente, mas tamb\u00e9m seguro Um controle remoto sem fio \u00e9 um sistema baseado em seguran\u00e7a e conveni\u00eancia e \u00e9 utilizado para controlar uma m\u00e1quina. Um de seus benef\u00edcios \u00f3bvios \u00e9 que voc\u00ea n\u00e3o tem que andar de um lado para o outro para controlar uma m\u00e1quina. Permite ao operador situar-se [&hellip;]<\/p>\n","protected":false},"author":29,"featured_media":120760,"parent":0,"menu_order":0,"comment_status":"closed","ping_status":"closed","template":"","meta":{"_acf_changed":false,"footnotes":""},"class_list":["post-35039","page","type-page","status-publish","has-post-thumbnail","hentry"],"acf":[],"_links":{"self":[{"href":"https:\/\/www.tele-radio.com\/pt-pt\/wp-json\/wp\/v2\/pages\/35039","targetHints":{"allow":["GET"]}}],"collection":[{"href":"https:\/\/www.tele-radio.com\/pt-pt\/wp-json\/wp\/v2\/pages"}],"about":[{"href":"https:\/\/www.tele-radio.com\/pt-pt\/wp-json\/wp\/v2\/types\/page"}],"author":[{"embeddable":true,"href":"https:\/\/www.tele-radio.com\/pt-pt\/wp-json\/wp\/v2\/users\/29"}],"replies":[{"embeddable":true,"href":"https:\/\/www.tele-radio.com\/pt-pt\/wp-json\/wp\/v2\/comments?post=35039"}],"version-history":[{"count":1,"href":"https:\/\/www.tele-radio.com\/pt-pt\/wp-json\/wp\/v2\/pages\/35039\/revisions"}],"predecessor-version":[{"id":35045,"href":"https:\/\/www.tele-radio.com\/pt-pt\/wp-json\/wp\/v2\/pages\/35039\/revisions\/35045"}],"wp:featuredmedia":[{"embeddable":true,"href":"https:\/\/www.tele-radio.com\/pt-pt\/wp-json\/wp\/v2\/media\/120760"}],"wp:attachment":[{"href":"https:\/\/www.tele-radio.com\/pt-pt\/wp-json\/wp\/v2\/media?parent=35039"}],"curies":[{"name":"wp","href":"https:\/\/api.w.org\/{rel}","templated":true}]}}