{"id":35034,"date":"2018-05-10T13:37:16","date_gmt":"2018-05-10T13:37:16","guid":{"rendered":"https:\/\/www.tele-radio.com\/padroes-eticos\/"},"modified":"2020-03-17T12:14:48","modified_gmt":"2020-03-17T12:14:48","slug":"padroes-eticos","status":"publish","type":"page","link":"https:\/\/www.tele-radio.com\/pt-pt\/padroes-eticos\/","title":{"rendered":"Padr\u00f5es \u00e9ticos"},"content":{"rendered":"<h1>Padr\u00f5es \u00e9ticos<\/h1>\n<h2>Tele Radio aplica normas sociais e ambientais<\/h2>\n<p>A Tele Radio acredita em proteger o meio ambiente e faz isso incentivando a redu\u00e7\u00e3o, reutiliza\u00e7\u00e3o e reciclagem de res\u00edduos de material, por ela mesma e pelos seus fornecedores parceiros, sempre que poss\u00edvel e de maneira adequada ao neg\u00f3cio. Al\u00e9m disto, a Tele Radio incentiva os seus parceiros fornecedores a reduzir o excesso de embalagens usando materiais reciclados e n\u00e3o t\u00f3xicos sempre que poss\u00edvel. As emiss\u00f5es provenientes de qualquer local do neg\u00f3cio devem ser reduzidas de modo a minimizar os preju\u00edzos para o ambiente e deve existir um plano em vigor sobre a forma de reduzir ainda mais o risco de emiss\u00f5es no futuro.<\/p>\n<h2>Ambiente de trabalho seguro<\/h2>\n<p>Tele Radio mant\u00e9m um ambiente seguro, limpo, saud\u00e1vel e produtivo para seus colaboradores e espera o mesmo dos seus parceiros fornecedores. Os parceiros fornecedores devem prover aos seus funcion\u00e1rios condi\u00e7\u00f5es de trabalho seguras e saud\u00e1veis. As f\u00e1bricas que trabalham com mercadorias ou produtos da Tele Radio devem fornecer instala\u00e7\u00f5es m\u00e9dicas adequadas, sa\u00eddas de inc\u00eandio, equipamentos de seguran\u00e7a, esta\u00e7\u00f5es de trabalho bem iluminadas e confort\u00e1veis e banheiros limpos. A Tele Radio n\u00e3o aceitar\u00e1 neg\u00f3cios com qualquer fornecedor que proporcione um ambiente de trabalho insalubre ou perigoso ou que utilize pr\u00e1ticas disciplinares f\u00edsicas ou mentais.<\/p>\n<h2>Contra a discrimina\u00e7\u00e3o<\/h2>\n<p>A Tele Radio reconhece que existem normas e diferen\u00e7as culturais nos v\u00e1rios pa\u00edses onde opera; no entanto, Tele Radio acredita que os termos e condi\u00e7\u00f5es de emprego devem basear-se na capacidade de um indiv\u00edduo para realizar o trabalho, n\u00e3o com base em caracter\u00edsticas pessoais ou cren\u00e7as. Tele Radio exige de si mesma e de parceiros fornecedores que mantenham os princ\u00edpios b\u00e1sicos dos direitos humanos e n\u00e3o discriminar os funcion\u00e1rios, com base na ra\u00e7a, cor, origem, sexo, religi\u00e3o, defici\u00eancia, orienta\u00e7\u00e3o sexual ou opini\u00e3o pol\u00edtica.<\/p>\n<h2>Trabalho infantil n\u00e3o tolerado<\/h2>\n<p>Tele Radio n\u00e3o tolera o uso de trabalho infantil na concep\u00e7\u00e3o ou fabrica\u00e7\u00e3o de produtos que compra ou vende. A Tele Radio n\u00e3o aceitar\u00e1 produtos de parceiros fornecedores que utilizem qualquer forma de trabalho infantil na contrata\u00e7\u00e3o, subcontrata\u00e7\u00e3o ou outras rela\u00e7\u00f5es para a fabrica\u00e7\u00e3o dos seus produtos de servi\u00e7os.<\/p>\n<h2>Leia o nosso c\u00f3digo de conduta completo<\/h2>\n<p><a href=\"https:\/\/api.tele-radio.com\/api\/files\/1990\">Nosso c\u00f3digo de conduta completo pode ser visto aqui.<\/a><\/p>\n<h2>WWF<\/h2>\n<p>O n\u00famero de tigres na d\u00e9cada de 1900, mais de 100.000, caiu para 4.000 na d\u00e9cada de 1970. Hoje, eles s\u00e3o uma esp\u00e9cie criticamente amea\u00e7ada de extin\u00e7\u00e3o com uma estimativa do total das popula\u00e7\u00f5es selvagens das cinco subesp\u00e9cies remanescentes (Bengala, Indochina, Siberiano, Sul da China, e Sumatra) em torno de 3.900 tigres. Sabe-se que todos os tigres remanescentes vivem em pequenas popula\u00e7\u00f5es isoladas em reservas amplamente dispersas. A maior concentra\u00e7\u00e3o de tigres em uma reserva \u00e9 de cerca de 215. Na Tele Radio n\u00f3s apoiamos o Fundo Mundial para a Natureza (WWF) e seus esfor\u00e7os feitos para conservar o tigre. A popula\u00e7\u00e3o de tigres est\u00e1 se recuperando lentamente atrav\u00e9s dos esfor\u00e7os diligentes do WWF. Desde que o tigre aparece com destaque em nosso marketing e sendo o nome de um de nossos sistemas, n\u00f3s pensamos que \u00e9 natural fazermos a nossa parte nos esfor\u00e7os da sua conserva\u00e7\u00e3o.<\/p>\n<p><img loading=\"lazy\" decoding=\"async\" class=\"aligncenter size-full wp-image-6302\" src=\"\" alt=\"Tele Radio supports WWF\" width=\"1200\" height=\"555\" \/><\/p>\n","protected":false},"excerpt":{"rendered":"<p>Padr\u00f5es \u00e9ticos Tele Radio aplica normas sociais e ambientais A Tele Radio acredita em proteger o meio ambiente e faz isso incentivando a redu\u00e7\u00e3o, reutiliza\u00e7\u00e3o e reciclagem de res\u00edduos de material, por ela mesma e pelos seus fornecedores parceiros, sempre que poss\u00edvel e de maneira adequada ao neg\u00f3cio. Al\u00e9m disto, a Tele Radio incentiva os [&hellip;]<\/p>\n","protected":false},"author":29,"featured_media":35038,"parent":0,"menu_order":0,"comment_status":"closed","ping_status":"closed","template":"","meta":{"_acf_changed":false,"footnotes":""},"class_list":["post-35034","page","type-page","status-publish","has-post-thumbnail","hentry"],"acf":[],"_links":{"self":[{"href":"https:\/\/www.tele-radio.com\/pt-pt\/wp-json\/wp\/v2\/pages\/35034","targetHints":{"allow":["GET"]}}],"collection":[{"href":"https:\/\/www.tele-radio.com\/pt-pt\/wp-json\/wp\/v2\/pages"}],"about":[{"href":"https:\/\/www.tele-radio.com\/pt-pt\/wp-json\/wp\/v2\/types\/page"}],"author":[{"embeddable":true,"href":"https:\/\/www.tele-radio.com\/pt-pt\/wp-json\/wp\/v2\/users\/29"}],"replies":[{"embeddable":true,"href":"https:\/\/www.tele-radio.com\/pt-pt\/wp-json\/wp\/v2\/comments?post=35034"}],"version-history":[{"count":1,"href":"https:\/\/www.tele-radio.com\/pt-pt\/wp-json\/wp\/v2\/pages\/35034\/revisions"}],"predecessor-version":[{"id":35049,"href":"https:\/\/www.tele-radio.com\/pt-pt\/wp-json\/wp\/v2\/pages\/35034\/revisions\/35049"}],"wp:featuredmedia":[{"embeddable":true,"href":"https:\/\/www.tele-radio.com\/pt-pt\/wp-json\/wp\/v2\/media\/35038"}],"wp:attachment":[{"href":"https:\/\/www.tele-radio.com\/pt-pt\/wp-json\/wp\/v2\/media?parent=35034"}],"curies":[{"name":"wp","href":"https:\/\/api.w.org\/{rel}","templated":true}]}}