{"id":34996,"date":"2019-05-24T16:17:10","date_gmt":"2019-05-24T16:17:10","guid":{"rendered":"https:\/\/www.tele-radio.com\/controle-remoto-ponte-rolante\/"},"modified":"2025-06-06T12:32:14","modified_gmt":"2025-06-06T12:32:14","slug":"controle-remoto-ponte-rolante","status":"publish","type":"page","link":"https:\/\/www.tele-radio.com\/pt-pt\/controle-remoto-ponte-rolante\/","title":{"rendered":"Controle remoto sem fio para pontes rolantes e guindastes"},"content":{"rendered":"\n<h2 class=\"wp-block-heading\">Sistemas Panther: Controle remoto tipo botoeira para aplica\u00e7\u00f5es em Pontes Rolantes, P\u00f3rticos, Talhas e Gruas<\/h2>\n\n\n\n<p>Os controles remotos Panther adaptam-se a 95% de todas as aplica\u00e7\u00f5es de movimenta\u00e7\u00e3o e levantamento de carga do mercado: Pontes Rolantes, P\u00f3rticos, Talhas el\u00e9tricas, gruas e guinchos.<\/p>\n\n\n\n<p>Nossos transmissores e receptores t\u00eam <strong>v\u00e1rias formas e varia\u00e7\u00f5es<\/strong>. O menor transmissor cabe dentro do seu bolso, mas h\u00e1 vers\u00f5es maiores e mais robustas para o uso industrial pesado. Com desempenho e constru\u00e7\u00e3o est\u00e1veis os nossos controles remotos ir\u00e3o funcionar initerruptamente dia e noite. Os transmissores tipo botoeira tem grau de prote\u00e7\u00e3o de no m\u00ednimo IP65 e a maioria \u00e9 IP67.<\/p>\n\n\n\n<div class=\"wp-block-columns is-layout-flex wp-container-core-columns-is-layout-9d6595d7 wp-block-columns-is-layout-flex\">\n<div class=\"wp-block-column is-layout-flow wp-block-column-is-layout-flow\" style=\"flex-basis:35%\"><div class=\"wp-block-image\">\n<figure class=\"aligncenter size-full is-resized\"><img loading=\"lazy\" decoding=\"async\" width=\"301\" height=\"401\" src=\"https:\/\/www.tele-radio.com\/app\/uploads\/controle-remoto-talhas-panther-teleradio-1-edited.png\" alt=\"\" class=\"wp-image-87888\" style=\"width:226px;height:301px\"\/><\/figure><\/div><\/div>\n\n\n\n<div class=\"wp-block-column is-layout-flow wp-block-column-is-layout-flow\" style=\"flex-basis:65%\">\n<h4 class=\"wp-block-heading\">Caracter\u00edsticas t\u00e9cnicas<\/h4>\n\n\n\n<ul class=\"wp-block-list\">\n<li>2,4 GHz frequ\u00eancia livre de licen\u00e7a<\/li>\n\n\n\n<li>16 canais de frequ\u00eancia &#8211; program\u00e1vel em campo<\/li>\n\n\n\n<li>Bot\u00f5es de 2 est\u00e1gios<\/li>\n\n\n\n<li>Opera\u00e7\u00e3o de falha segura \u2013 desliga se estiver fora da \u00e1rea de opera\u00e7\u00e3o<\/li>\n\n\n\n<li>At\u00e9 100 metros, linha de vis\u00e3o (extens\u00edvel)<\/li>\n\n\n\n<li>R\u00e1dio frequ\u00eancia aprovada pela FCC\/IC (Certificado)<\/li>\n\n\n\n<li>Atende as normas NR12 e ISO EN 13849-1 -CAT3, PLd (Certificado)<\/li>\n\n\n\n<li>Completamente protegido contra poeira (IP Certificado)<\/li>\n<\/ul>\n<\/div>\n<\/div>\n\n\n\n<p>Os transmissores quando ativos enviam repetidamente &#8220;<strong>pulsos de alerta<\/strong>\u201d para o receptor, propiciando que os rel\u00e9s de seguran\u00e7a abram caso o receptor pare de receber os sinais de pulso de alerta (fora de alcance, bateria inoperante, transmissor quebrado, etc.).<\/p>\n\n\n\n<p>Panther usa o padr\u00e3o de comunica\u00e7\u00e3o 802.15.4 com DSSS, permitindo a opera\u00e7\u00e3o de at\u00e9 12 sistemas em uma \u00fanica freq\u00fc\u00eancia. Os transmissores trabalham com 16 canais de frequ\u00eancias program\u00e1veis em campo, permitindo a opera\u00e7\u00e3o de <strong>centenas de sistemas, livres de interfer\u00eancia<\/strong>.<\/p>\n\n\n\n<p>Mais um benef\u00edcio adicional \u00e9 a <strong>habilidade de substituir<\/strong> um transmissor perdido ou danificado sem a necessidade de acessar o receptor.<\/p>\n\n\n\n<p>Os bot\u00f5es podem ser reprogramados para ativar qualquer rel\u00e9 ou s\u00e9rie de rel\u00e9s. Pressionando apenas um bot\u00e3o pode iniciar-se uma <strong>cadeia quase ilimitada de eventos<\/strong>, por exemplo, ativando v\u00e1rios rel\u00e9s de forma temporizada.<\/p>\n\n\n\n<p>Os <strong>LEDs do transmissor s\u00e3o program\u00e1veis<\/strong>, por exemplo, para indicar se uma fun\u00e7\u00e3o foi ativada ou n\u00e3o.<\/p>\n\n\n\n<p>\u00c9 poss\u00edvel obter uma <strong>etiqueta ou painel personalizado<\/strong>, \u00fatil se voc\u00ea quiser s\u00edmbolos espec\u00edficos para suas fun\u00e7\u00f5es.<\/p>\n\n\n\n<p><\/p>\n\n\n\n<h2 class=\"wp-block-heading has-text-align-center\">Principais vantagens de um controle remoto seguro<\/h2>\n\n\n\n<div style=\"height:35px\" aria-hidden=\"true\" class=\"wp-block-spacer\"><\/div>\n\n\n\n<div class=\"wp-block-columns is-layout-flex wp-container-core-columns-is-layout-9d6595d7 wp-block-columns-is-layout-flex\">\n<div class=\"wp-block-column is-layout-flow wp-block-column-is-layout-flow\"><div class=\"wp-block-image\">\n<figure class=\"aligncenter size-large\"><img loading=\"lazy\" decoding=\"async\" width=\"64\" height=\"64\" src=\"https:\/\/www.tele-radio.com\/app\/uploads\/frequency-1.png\" alt=\"cobertura control remoto para puente gr\u00faa\" class=\"wp-image-48886\"\/><\/figure><\/div>\n\n\n<p class=\"has-text-align-center\">Frequ\u00eancia de 2,4 GHz, 16 canais de frequ\u00eancia e livres de interfer\u00eancias<\/p>\n<\/div>\n\n\n\n<div class=\"wp-block-column is-layout-flow wp-block-column-is-layout-flow\"><div class=\"wp-block-image\">\n<figure class=\"aligncenter size-large\"><img loading=\"lazy\" decoding=\"async\" width=\"64\" height=\"64\" src=\"https:\/\/www.tele-radio.com\/app\/uploads\/contract-1.png\" alt=\"certificaci\u00f3n del control remoto\" class=\"wp-image-48865\"\/><\/figure><\/div>\n\n\n<p class=\"has-text-align-center\">Certifica\u00e7\u00e3o CAT3 PLd em transmissores e receptores<\/p>\n<\/div>\n\n\n\n<div class=\"wp-block-column is-layout-flow wp-block-column-is-layout-flow\"><div class=\"wp-block-image\">\n<figure class=\"aligncenter size-large is-resized\"><img loading=\"lazy\" decoding=\"async\" width=\"100\" height=\"100\" src=\"https:\/\/www.tele-radio.com\/app\/uploads\/replacement-t19.png\" alt=\"reemplazo de mandos\" class=\"wp-image-48906\" style=\"width:64px;height:64px\"\/><\/figure><\/div>\n\n\n<p class=\"has-text-align-center\">Substitua o controle remoto de ponte rolante diretamente em caso de perda ou dano, sem precisar mexer no receptor<\/p>\n<\/div>\n<\/div>\n\n\n\n<div class=\"wp-block-columns is-layout-flex wp-container-core-columns-is-layout-9d6595d7 wp-block-columns-is-layout-flex\">\n<div class=\"wp-block-column is-layout-flow wp-block-column-is-layout-flow\"><div class=\"wp-block-image\">\n<figure class=\"aligncenter size-full is-resized\"><img loading=\"lazy\" decoding=\"async\" width=\"128\" height=\"128\" src=\"https:\/\/www.tele-radio.com\/app\/uploads\/key-switch-remote-control-teleradio.png\" alt=\"\" class=\"wp-image-65348\" style=\"object-fit:cover;width:64px;height:64px\"\/><\/figure><\/div>\n\n\n<p class=\"has-text-align-center\">Chave de acesso dispon\u00edvel para limitar ou proibir a ativa\u00e7\u00e3o dos nossos controles robustos<\/p>\n<\/div>\n\n\n\n<div class=\"wp-block-column is-layout-flow wp-block-column-is-layout-flow\"><div class=\"wp-block-image\">\n<figure class=\"aligncenter size-medium is-resized\"><img loading=\"lazy\" decoding=\"async\" width=\"400\" height=\"400\" src=\"https:\/\/www.tele-radio.com\/app\/uploads\/\/battery-400x400.png\" alt=\"\" class=\"wp-image-260969\" style=\"object-fit:cover;width:64px;height:62px\" srcset=\"https:\/\/www.tele-radio.com\/app\/uploads\/battery-400x400.png 400w, https:\/\/www.tele-radio.com\/app\/uploads\/battery-150x150.png 150w, https:\/\/www.tele-radio.com\/app\/uploads\/battery-250x250.png 250w, https:\/\/www.tele-radio.com\/app\/uploads\/battery.png 500w\" sizes=\"auto, (max-width: 400px) 100vw, 400px\" \/><\/figure><\/div>\n\n\n<p class=\"has-text-align-center\">Bateria de l\u00edtio ou pilhas com dura\u00e7\u00e3o de at\u00e9 150 ou 120 horas, respectivamente<\/p>\n<\/div>\n\n\n\n<div class=\"wp-block-column is-layout-flow wp-block-column-is-layout-flow\"><div class=\"wp-block-image\">\n<figure class=\"aligncenter size-full is-resized\"><img loading=\"lazy\" decoding=\"async\" width=\"800\" height=\"800\" src=\"https:\/\/www.tele-radio.com\/app\/uploads\/Ergonomy.png\" alt=\"\" class=\"wp-image-260997\" style=\"object-fit:cover;width:64px;height:64px\" srcset=\"https:\/\/www.tele-radio.com\/app\/uploads\/Ergonomy.png 800w, https:\/\/www.tele-radio.com\/app\/uploads\/Ergonomy-400x400.png 400w, https:\/\/www.tele-radio.com\/app\/uploads\/Ergonomy-150x150.png 150w, https:\/\/www.tele-radio.com\/app\/uploads\/Ergonomy-768x768.png 768w, https:\/\/www.tele-radio.com\/app\/uploads\/Ergonomy-250x250.png 250w, https:\/\/www.tele-radio.com\/app\/uploads\/Ergonomy-750x750.png 750w, https:\/\/www.tele-radio.com\/app\/uploads\/Ergonomy-500x500.png 500w\" sizes=\"auto, (max-width: 800px) 100vw, 800px\" \/><\/figure><\/div>\n\n\n<p class=\"has-text-align-center\">Desfrute da melhor ergonomia com os bot\u00f5es de duplo est\u00e1gio da Tele Radio e controles projetados para uso prolongado<\/p>\n<\/div>\n<\/div>\n\n\n\n<h2 class=\"wp-block-heading\">Tiger G2 \u2013 Transmissores com Joysticks e Displays<\/h2>\n\n\n\n<figure class=\"wp-block-image is-resized\"><img loading=\"lazy\" decoding=\"async\" width=\"885\" height=\"338\" src=\"https:\/\/www.tele-radio.com\/app\/uploads\/tiger-family.jpg\" alt=\"TigerJoystick Wireless Transmitters\" class=\"wp-image-22422\" style=\"width:664px;height:254px\" srcset=\"https:\/\/www.tele-radio.com\/app\/uploads\/tiger-family.jpg 885w, https:\/\/www.tele-radio.com\/app\/uploads\/tiger-family-400x153.jpg 400w, https:\/\/www.tele-radio.com\/app\/uploads\/tiger-family-768x293.jpg 768w, https:\/\/www.tele-radio.com\/app\/uploads\/tiger-family-750x286.jpg 750w, https:\/\/www.tele-radio.com\/app\/uploads\/tiger-family-500x191.jpg 500w, https:\/\/www.tele-radio.com\/app\/uploads\/tiger-family-800x306.jpg 800w\" sizes=\"auto, (max-width: 885px) 100vw, 885px\" \/><\/figure>\n\n\n\n<p>Tiger \u00e9 certificado SIL3 e PLe, sistema de r\u00e1dio controle remoto seguro, robusto e flex\u00edvel, adapta-se das aplica\u00e7\u00f5es mais comuns at\u00e9 <strong>aplica\u00e7\u00f5es complexas em ambientes agressivos<\/strong>.<\/p>\n\n\n\n<h3 class=\"wp-block-heading\">Transmissores joystick sem fio<\/h3>\n\n\n\n<p>Os transmissores tipo joystick na fam\u00edlia Tiger v\u00eam em v\u00e1rios layouts e \u00e9 personaliz\u00e1vel. Eles t\u00eam baterias recarreg\u00e1veis e substitu\u00edveis e cintos ergon\u00f4micos. N\u00f3s oferecemos vers\u00f5es padr\u00e3o, mas n\u00f3s podemos personaliz\u00e1-los de acordo com as suas especifica\u00e7\u00f5es com <strong>alavancas, potenci\u00f4metros<\/strong>, bot\u00f5es, chaves e LEDs.<\/p>\n\n\n\n<h3 class=\"wp-block-heading\">Transmissores tipo botoeira<\/h3>\n\n\n\n<p>Os controles remotos tipo botoeiras Tiger v\u00eam em tamanhos e em modelos diferentes, alguns com bateria recarreg\u00e1vel e substitu\u00edvel ou bateria interna recarreg\u00e1vel. Eles tamb\u00e9m t\u00eam uma dist\u00e2ncia de opera\u00e7\u00e3o ajust\u00e1vel de at\u00e9 <strong>1000 metros<\/strong>, comunica\u00e7\u00e3o duplex, CANopen e Modbus. Os transmissores tipo botoeira tem grau de prote\u00e7\u00e3o de no m\u00ednimo de IP65 e a maioria s\u00e3o IP66. Voc\u00ea pode obter os transmissores <strong>com ou sem display<\/strong>, dependendo de suas necessidades. Transmissores com display podem mostrar uma variedade de dados e informa\u00e7\u00f5es, dependendo da sua aplica\u00e7\u00e3o.<\/p>\n\n\n\n<h2 class=\"wp-block-heading\">Quer saber mais?<\/h2>\n\n\n\n<div class=\"wp-block-columns is-layout-flex wp-container-core-columns-is-layout-9d6595d7 wp-block-columns-is-layout-flex\">\n<div class=\"wp-block-column is-layout-flow wp-block-column-is-layout-flow\" style=\"flex-basis:66.66%\">\n\n<div class=\"wpcf7 no-js\" id=\"wpcf7-f48967-o1\" lang=\"en-EN\" dir=\"ltr\" data-wpcf7-id=\"48967\">\n<div class=\"screen-reader-response\"><p role=\"status\" aria-live=\"polite\" aria-atomic=\"true\"><\/p> <ul><\/ul><\/div>\n<form action=\"\/pt-pt\/wp-json\/wp\/v2\/pages\/34996#wpcf7-f48967-o1\" method=\"post\" class=\"wpcf7-form init\" aria-label=\"Contact form\" novalidate=\"novalidate\" data-status=\"init\">\n<fieldset class=\"hidden-fields-container\"><input type=\"hidden\" name=\"_wpcf7\" value=\"48967\" \/><input type=\"hidden\" name=\"_wpcf7_version\" value=\"6.1\" \/><input type=\"hidden\" name=\"_wpcf7_locale\" value=\"en_EN\" \/><input type=\"hidden\" name=\"_wpcf7_unit_tag\" value=\"wpcf7-f48967-o1\" \/><input type=\"hidden\" name=\"_wpcf7_container_post\" value=\"0\" \/><input type=\"hidden\" name=\"_wpcf7_posted_data_hash\" value=\"\" \/><input type=\"hidden\" name=\"_wpcf7_recaptcha_response\" value=\"\" \/>\n<\/fieldset>\n<p><label> Nome*<br \/>\n<span class=\"wpcf7-form-control-wrap\" data-name=\"nombre\"><input size=\"40\" maxlength=\"400\" class=\"wpcf7-form-control wpcf7-text wpcf7-validates-as-required\" aria-required=\"true\" aria-invalid=\"false\" placeholder=\"Seu nome\" value=\"\" type=\"text\" name=\"nombre\" \/><\/span> <\/label>\n<\/p>\n<p><label> Email*<br \/>\n<span class=\"wpcf7-form-control-wrap\" data-name=\"tu-email\"><input size=\"40\" maxlength=\"400\" class=\"wpcf7-form-control wpcf7-email wpcf7-validates-as-required wpcf7-text wpcf7-validates-as-email\" aria-required=\"true\" aria-invalid=\"false\" placeholder=\"Seu email\" value=\"\" type=\"email\" name=\"tu-email\" \/><\/span> <\/label>\n<\/p>\n<p><label> Tel\u00e9fono*<br \/>\n<span class=\"wpcf7-form-control-wrap\" data-name=\"tu-tfno\"><input size=\"40\" maxlength=\"400\" class=\"wpcf7-form-control wpcf7-tel wpcf7-validates-as-required wpcf7-text wpcf7-validates-as-tel\" aria-required=\"true\" aria-invalid=\"false\" placeholder=\"telefone de contato\" value=\"\" type=\"tel\" name=\"tu-tfno\" \/><\/span> <\/label>\n<\/p>\n<p><label> Sua mensagem*<br \/>\n<span class=\"wpcf7-form-control-wrap\" data-name=\"your-message\"><textarea cols=\"40\" rows=\"10\" maxlength=\"2000\" class=\"wpcf7-form-control wpcf7-textarea wpcf7-validates-as-required\" aria-required=\"true\" aria-invalid=\"false\" placeholder=\"Escreva aqui em qual transmissor, equipamento ou aplica\u00e7\u00e3o voc\u00ea est\u00e1 interessado; ou se voc\u00ea tiver alguma d\u00favida.\" name=\"your-message\"><\/textarea><\/span> <\/label>\n<\/p>\n<p><input class=\"wpcf7-form-control wpcf7-submit has-spinner\" type=\"submit\" value=\"Enviar\" \/>\n<\/p><div class=\"wpcf7-response-output\" aria-hidden=\"true\"><\/div>\n<\/form>\n<\/div>\n\r\n\t\t\t\t<script>\r\n\t\t\t\tif ( typeof huOptions !== 'undefined' ) {\r\n\t\t\t\t\tvar huFormData = {\"source\":\"contactform7\",\"id\":48967,\"title\":\"TRPT-form\",\"fields\":{\"subject\":{\"first_name\":\"your-name\",\"email\":\"your-email\"},\"preferences\":{\"terms\":\"your-consent\"}}};\r\n\t\t\t\t\tvar huFormNode = document.querySelector( '[id^=\"wpcf7-f48967-\"] form' );\r\n\r\n\t\t\t\t\thuFormData['node'] = huFormNode;\r\n\t\t\t\t\thuOptions['forms'].push( huFormData );\r\n\t\t\t\t}\r\n\t\t\t\t<\/script>\n<\/div>\n\n\n\n<div class=\"wp-block-column is-layout-flow wp-block-column-is-layout-flow\" style=\"flex-basis:33.33%\"><\/div>\n<\/div>\n\n\n\n<h2 class=\"wp-block-heading\">Sobre Tele Radio<\/h2>\n\n\n\n<p>Tele Radio \u00e9 uma empresa Sueca com mais de <strong>65 anos de experi\u00eancia<\/strong>, e um dos l\u00edderes mundiais em controle remoto, especialmente no mercado de movimenta\u00e7\u00e3o e eleva\u00e7\u00e3o de carga. N\u00f3s projetamos, fabricamos, personalizamos e vendemos sistemas de controle remoto para milhares de empresas ao redor do mundo como a Volvo, Schneider e Renault para citar alguns exemplos.<\/p>\n\n\n\n<p>Oferecemos <strong>suporte mundial<\/strong> gra\u00e7as \u00e0s nossas mais de 20 subsidi\u00e1rias e parceiros.<\/p>\n","protected":false},"excerpt":{"rendered":"<p>Sistemas Panther: Controle remoto tipo botoeira para aplica\u00e7\u00f5es em Pontes Rolantes, P\u00f3rticos, Talhas e Gruas Os controles remotos Panther adaptam-se a 95% de todas as aplica\u00e7\u00f5es de movimenta\u00e7\u00e3o e levantamento de carga do mercado: Pontes Rolantes, P\u00f3rticos, Talhas el\u00e9tricas, gruas e guinchos. Nossos transmissores e receptores t\u00eam v\u00e1rias formas e varia\u00e7\u00f5es. O menor transmissor cabe [&hellip;]<\/p>\n","protected":false},"author":54,"featured_media":0,"parent":0,"menu_order":0,"comment_status":"closed","ping_status":"closed","template":"","meta":{"_acf_changed":false,"footnotes":""},"class_list":["post-34996","page","type-page","status-publish","hentry"],"acf":[],"_links":{"self":[{"href":"https:\/\/www.tele-radio.com\/pt-pt\/wp-json\/wp\/v2\/pages\/34996","targetHints":{"allow":["GET"]}}],"collection":[{"href":"https:\/\/www.tele-radio.com\/pt-pt\/wp-json\/wp\/v2\/pages"}],"about":[{"href":"https:\/\/www.tele-radio.com\/pt-pt\/wp-json\/wp\/v2\/types\/page"}],"author":[{"embeddable":true,"href":"https:\/\/www.tele-radio.com\/pt-pt\/wp-json\/wp\/v2\/users\/54"}],"replies":[{"embeddable":true,"href":"https:\/\/www.tele-radio.com\/pt-pt\/wp-json\/wp\/v2\/comments?post=34996"}],"version-history":[{"count":24,"href":"https:\/\/www.tele-radio.com\/pt-pt\/wp-json\/wp\/v2\/pages\/34996\/revisions"}],"predecessor-version":[{"id":261092,"href":"https:\/\/www.tele-radio.com\/pt-pt\/wp-json\/wp\/v2\/pages\/34996\/revisions\/261092"}],"wp:attachment":[{"href":"https:\/\/www.tele-radio.com\/pt-pt\/wp-json\/wp\/v2\/media?parent=34996"}],"curies":[{"name":"wp","href":"https:\/\/api.w.org\/{rel}","templated":true}]}}