{"id":32608,"date":"2020-02-06T10:34:28","date_gmt":"2020-02-06T10:34:28","guid":{"rendered":"https:\/\/www.tele-radio.com\/volvo-trucks-reus-fleming-tele-radio\/"},"modified":"2020-03-23T12:04:57","modified_gmt":"2020-03-23T12:04:57","slug":"volvo-trucks-reus-fleming-tele-radio","status":"publish","type":"page","link":"https:\/\/www.tele-radio.com\/pt-pt\/volvo-trucks-reus-fleming-tele-radio\/","title":{"rendered":"Volvo Reus Fleming"},"content":{"rendered":"<h1 style=\"text-align: left;\">Volvo Reus Fleming<\/h1>\n<p><img loading=\"lazy\" decoding=\"async\" class=\"wp-image-32135 size-medium alignright\" style=\"box-shadow: 0 4px 8px 0 rgba(0, 0, 0, 0.2), 0 6px 20px 0 rgba(0, 0, 0, 0.19); margin-left: 70px;\" src=\"https:\/\/www.tele-radio.com\/app\/uploads\/\/colaboracion-remoto-control-volvo-tele-radio-338x400.jpg\" alt=\"\" width=\"338\" height=\"400\" srcset=\"https:\/\/www.tele-radio.com\/app\/uploads\/colaboracion-remoto-control-volvo-tele-radio-338x400.jpg 338w, https:\/\/www.tele-radio.com\/app\/uploads\/colaboracion-remoto-control-volvo-tele-radio-423x500.jpg 423w, https:\/\/www.tele-radio.com\/app\/uploads\/colaboracion-remoto-control-volvo-tele-radio.jpg 507w\" sizes=\"auto, (max-width: 338px) 100vw, 338px\" \/><\/p>\n<p>Reus Fleming, S.A. \u00e9 uma <strong>concession\u00e1ria oficial da Volvo<\/strong> para as prov\u00edncias de Tarragona, Lleida, Huesca e Teruel, na Espanha. O relacionamento com os clientes \u00e9 a base de seus neg\u00f3cios, por isso eles se adaptam \u00e0s necessidades e se atrevem a ajud\u00e1-los em qualquer desafio tecnol\u00f3gico que enfrentam. Seu objetivo \u00e9 ser capaz de prestar o melhor servi\u00e7o e a melhor assist\u00eancia em cada situa\u00e7\u00e3o.<\/p>\n<h2 style=\"text-align: left;\">Pioneiros no mercado ib\u00e9rico<\/h2>\n<p>Gra\u00e7as \u00e0 estreita colabora\u00e7\u00e3o com a Tele Radio, a <strong>Volvo Reus Fleming<\/strong> fez um excelente trabalho incorporando com sucesso pela primeira vez na Espanha o pacote Volvo Dynamic Steering com o opcional EXSTER. Isto permite que um caminh\u00e3o Volvo seja operado sem fio de fora da cabine via <strong>controle remoto da Tele Radio<\/strong>.<\/p>\n<p>A solu\u00e7\u00e3o foi implementada considerando a seguran\u00e7a como fator priorit\u00e1rio. A Volvo e a Tele Radio, ambas com matriz na Su\u00e9cia, est\u00e3o focadas em tornar a opera\u00e7\u00e3o mais segura poss\u00edvel para o usu\u00e1rio.<\/p>\n<p>&nbsp;<\/p>\n<p><img loading=\"lazy\" decoding=\"async\" class=\"alignleft size-full wp-image-32229\" style=\"box-shadow: 0 4px 8px 0 rgba(0, 0, 0, 0.2), 0 6px 20px 0 rgba(0, 0, 0, 0.19); margin-right: 70px;\" src=\"https:\/\/www.tele-radio.com\/app\/uploads\/remote-for-volvo-truck-tele-radio-sm-2.jpg\" alt=\"\" width=\"500\" height=\"317\" srcset=\"https:\/\/www.tele-radio.com\/app\/uploads\/remote-for-volvo-truck-tele-radio-sm-2.jpg 500w, https:\/\/www.tele-radio.com\/app\/uploads\/remote-for-volvo-truck-tele-radio-sm-2-400x254.jpg 400w\" sizes=\"auto, (max-width: 500px) 100vw, 500px\" \/><\/p>\n<h2 style=\"text-align: left;\">Aplica\u00e7\u00e3o<\/h2>\n<p>Neste caso, foi instalado em um caminh\u00e3o modelo Volvo FH 500 8-2 com carroceria da Cubas Segre e seu uso destina-se ao transporte e carga\/descarga de ra\u00e7\u00e3o.<\/p>\n<p>Controlar o caminh\u00e3o fora da cabine aumenta o campo de vis\u00e3o e d\u00e1 ao usu\u00e1rio maior<strong> seguran\u00e7a <\/strong>al\u00e9m de melhorar a <strong>ergonomia,<\/strong> evitando ter que subir e descer constantemente a cabine (v\u00e1rias dezenas de vezes ao dia) para realizar tarefas de posicionamento para carga e descarga. Agora, voc\u00ea pode controlar todas essas fun\u00e7\u00f5es a partir do controle remoto. Essa efici\u00eancia do trabalho resulta em uma melhoria substancial na produtividade e uma redu\u00e7\u00e3o consider\u00e1vel da fadiga que essas tarefas geralmente implicam.<\/p>\n<p>&nbsp;<\/p>\n<p>&nbsp;<\/p>\n<h2 style=\"text-align: center;\">V\u00eddeos e imagens<\/h2>\n<div style=\"width: 1280px;\" class=\"wp-video\"><!--[if lt IE 9]><script>document.createElement('video');<\/script><![endif]-->\n<video class=\"wp-video-shortcode\" id=\"video-32608-1\" width=\"1280\" height=\"720\" preload=\"metadata\" controls=\"controls\"><source type=\"video\/mp4\" src=\"https:\/\/www.tele-radio.com\/app\/uploads\/cliente-cubas-segre-control-remoto-volvo.mp4?_=1\" \/><a href=\"https:\/\/www.tele-radio.com\/app\/uploads\/cliente-cubas-segre-control-remoto-volvo.mp4\">https:\/\/www.tele-radio.com\/app\/uploads\/cliente-cubas-segre-control-remoto-volvo.mp4<\/a><\/video><\/div>\n<p>&nbsp;<\/p>\n<p><a href=\"https:\/\/www.tele-radio.com\/pt-pt\/volvo-trucks-reus-fleming-tele-radio\/volvo-trucks-remote-control-segre-1-2\/\" rel=\"attachment wp-att-32852\"><img loading=\"lazy\" decoding=\"async\" class=\"alignleft wp-image-32852 size-full\" src=\"https:\/\/www.tele-radio.com\/app\/uploads\/volvo-trucks-remote-control-segre-1.jpg\" alt=\"\" width=\"1200\" height=\"675\" srcset=\"https:\/\/www.tele-radio.com\/app\/uploads\/volvo-trucks-remote-control-segre-1.jpg 1200w, https:\/\/www.tele-radio.com\/app\/uploads\/volvo-trucks-remote-control-segre-1-400x225.jpg 400w, https:\/\/www.tele-radio.com\/app\/uploads\/volvo-trucks-remote-control-segre-1-768x432.jpg 768w, https:\/\/www.tele-radio.com\/app\/uploads\/volvo-trucks-remote-control-segre-1-750x422.jpg 750w, https:\/\/www.tele-radio.com\/app\/uploads\/volvo-trucks-remote-control-segre-1-500x281.jpg 500w, https:\/\/www.tele-radio.com\/app\/uploads\/volvo-trucks-remote-control-segre-1-800x450.jpg 800w\" sizes=\"auto, (max-width: 1200px) 100vw, 1200px\" \/><\/a> <a href=\"https:\/\/www.tele-radio.com\/pt-pt\/volvo-trucks-reus-fleming-tele-radio\/volvo-trucks-remote-control-segre-2-2\/\" rel=\"attachment wp-att-32872\"><img loading=\"lazy\" decoding=\"async\" class=\"alignleft wp-image-32872 size-full\" src=\"https:\/\/www.tele-radio.com\/app\/uploads\/volvo-trucks-remote-control-segre-2.jpg\" alt=\"\" width=\"1200\" height=\"728\" srcset=\"https:\/\/www.tele-radio.com\/app\/uploads\/volvo-trucks-remote-control-segre-2.jpg 1200w, https:\/\/www.tele-radio.com\/app\/uploads\/volvo-trucks-remote-control-segre-2-400x243.jpg 400w, https:\/\/www.tele-radio.com\/app\/uploads\/volvo-trucks-remote-control-segre-2-768x466.jpg 768w, https:\/\/www.tele-radio.com\/app\/uploads\/volvo-trucks-remote-control-segre-2-750x455.jpg 750w, https:\/\/www.tele-radio.com\/app\/uploads\/volvo-trucks-remote-control-segre-2-500x303.jpg 500w, https:\/\/www.tele-radio.com\/app\/uploads\/volvo-trucks-remote-control-segre-2-800x485.jpg 800w\" sizes=\"auto, (max-width: 1200px) 100vw, 1200px\" \/><\/a><\/p>\n<p>&nbsp;<\/p>\n","protected":false},"excerpt":{"rendered":"<p>Volvo Reus Fleming Reus Fleming, S.A. \u00e9 uma concession\u00e1ria oficial da Volvo para as prov\u00edncias de Tarragona, Lleida, Huesca e Teruel, na Espanha. O relacionamento com os clientes \u00e9 a base de seus neg\u00f3cios, por isso eles se adaptam \u00e0s necessidades e se atrevem a ajud\u00e1-los em qualquer desafio tecnol\u00f3gico que enfrentam. Seu objetivo \u00e9 [&hellip;]<\/p>\n","protected":false},"author":54,"featured_media":32842,"parent":0,"menu_order":0,"comment_status":"closed","ping_status":"closed","template":"","meta":{"_acf_changed":false,"footnotes":""},"class_list":["post-32608","page","type-page","status-publish","has-post-thumbnail","hentry"],"acf":[],"_links":{"self":[{"href":"https:\/\/www.tele-radio.com\/pt-pt\/wp-json\/wp\/v2\/pages\/32608","targetHints":{"allow":["GET"]}}],"collection":[{"href":"https:\/\/www.tele-radio.com\/pt-pt\/wp-json\/wp\/v2\/pages"}],"about":[{"href":"https:\/\/www.tele-radio.com\/pt-pt\/wp-json\/wp\/v2\/types\/page"}],"author":[{"embeddable":true,"href":"https:\/\/www.tele-radio.com\/pt-pt\/wp-json\/wp\/v2\/users\/54"}],"replies":[{"embeddable":true,"href":"https:\/\/www.tele-radio.com\/pt-pt\/wp-json\/wp\/v2\/comments?post=32608"}],"version-history":[{"count":16,"href":"https:\/\/www.tele-radio.com\/pt-pt\/wp-json\/wp\/v2\/pages\/32608\/revisions"}],"predecessor-version":[{"id":35567,"href":"https:\/\/www.tele-radio.com\/pt-pt\/wp-json\/wp\/v2\/pages\/32608\/revisions\/35567"}],"wp:featuredmedia":[{"embeddable":true,"href":"https:\/\/www.tele-radio.com\/pt-pt\/wp-json\/wp\/v2\/media\/32842"}],"wp:attachment":[{"href":"https:\/\/www.tele-radio.com\/pt-pt\/wp-json\/wp\/v2\/media?parent=32608"}],"curies":[{"name":"wp","href":"https:\/\/api.w.org\/{rel}","templated":true}]}}