{"id":28043,"date":"2018-05-04T14:35:06","date_gmt":"2018-05-04T14:35:06","guid":{"rendered":"https:\/\/www.tele-radio.com\/start\/"},"modified":"2025-02-11T15:28:23","modified_gmt":"2025-02-11T15:28:23","slug":"start","status":"publish","type":"page","link":"https:\/\/www.tele-radio.com\/pt-pt\/","title":{"rendered":"Home"},"content":{"rendered":"\n<h2 class=\"wp-block-heading has-text-align-left\">Controlo remoto radio<\/h2>\n\n\n\n<p class=\"has-text-align-left\">Na Tele Radio n\u00f3s somos especialistas em <strong>r\u00e1dio controle remoto<\/strong> seguro. Nossas principais \u00e1reas de neg\u00f3cio est\u00e3o dentro dos campos <strong>industriais e de eleva\u00e7\u00e3o de cargas<\/strong>, mas tamb\u00e9m aplica\u00e7\u00f5es em agricultura, portas, port\u00f5es e barreiras, bem como m\u00e1quinas hidr\u00e1ulicas.<\/p>\n\n\n<div class=\"wp-block-image\">\n<figure class=\"aligncenter\"><img loading=\"lazy\" decoding=\"async\" width=\"1600\" height=\"310\" src=\"https:\/\/www.tele-radio.com\/app\/uploads\/Web_image_1600_x310_px.jpg\" alt=\"controlo remoto radio\" class=\"wp-image-27223\" srcset=\"https:\/\/www.tele-radio.com\/app\/uploads\/Web_image_1600_x310_px.jpg 1600w, https:\/\/www.tele-radio.com\/app\/uploads\/Web_image_1600_x310_px-400x78.jpg 400w, https:\/\/www.tele-radio.com\/app\/uploads\/Web_image_1600_x310_px-768x149.jpg 768w, https:\/\/www.tele-radio.com\/app\/uploads\/Web_image_1600_x310_px-1200x233.jpg 1200w, https:\/\/www.tele-radio.com\/app\/uploads\/Web_image_1600_x310_px-750x145.jpg 750w, https:\/\/www.tele-radio.com\/app\/uploads\/Web_image_1600_x310_px-500x97.jpg 500w, https:\/\/www.tele-radio.com\/app\/uploads\/Web_image_1600_x310_px-800x155.jpg 800w\" sizes=\"auto, (max-width: 1600px) 100vw, 1600px\" \/><\/figure><\/div>\n\n\n<p class=\"has-text-align-left\">Com mais de 65 anos de experi\u00eancia, temos s\u00f3lidos conhecimentos e experi\u00eancia em sistemas de r\u00e1dio controle remoto. Nossa miss\u00e3o \u00e9 fornecer solu\u00e7\u00f5es completas de produtos, tecnologias e servi\u00e7os na \u00e1rea de controle sem fio de equipamentos e comunica\u00e7\u00e3o de m\u00e1quinas, onde a confiabilidade e a seguran\u00e7a s\u00e3o os principais fatores decisivos. Alcan\u00e7amos esses objetivos fazendo com que todos os nossos funcion\u00e1rios sejam parte do processo e assumam a responsabilidade por suas respectivas \u00e1reas de trabalho. Nosso objetivo m\u00e1ximo \u00e9 fornecer solu\u00e7\u00f5es que adicionar\u00e3o valor ao seu neg\u00f3cio e, ao mesmo tempo, fornecer\u00e3o suporte impec\u00e1vel quando voc\u00ea precisar.<\/p>\n\n\n\n<div class=\"wp-block-buttons is-horizontal is-content-justification-center is-layout-flex wp-container-core-buttons-is-layout-499968f5 wp-block-buttons-is-layout-flex\">\n<div class=\"wp-block-button\"><a class=\"wp-block-button__link wp-element-button\" href=\"https:\/\/www.tele-radio.com\/pt-pt\/produtos\/\"><strong>Ver todos os controles remotos industriais e acess\u00f3rios<\/strong><\/a><\/div>\n<\/div>\n\n\n\n<div style=\"height:30px\" aria-hidden=\"true\" class=\"wp-block-spacer\"><\/div>\n\n\n\n<h2 class=\"wp-block-heading\">N\u00f3s fazemos nossa pr\u00f3pria pesquisa e desenvolvimento de radio comando<\/h2>\n\n\n\n<p>A seguran\u00e7a \u00e9 uma grande preocupa\u00e7\u00e3o para n\u00f3s, sendo uma empresa sueca, faz parte da nossa ess\u00eancia. N\u00f3s nos esfor\u00e7amos para fazer os nossos radio comandos os mais seguros poss\u00edveis. N\u00f3s gastamos recursos consider\u00e1veis para certificar-nos de que os nossos produtos cumpram os padr\u00f5es mais elevados de seguran\u00e7a poss\u00edveis, e n\u00f3s temos os certificados para confirmar essa reivindica\u00e7\u00e3o.<\/p>\n\n\n\n<p><\/p>\n\n\n\n<p><\/p>\n\n\n\n<div class=\"wp-block-columns is-layout-flex wp-container-core-columns-is-layout-9d6595d7 wp-block-columns-is-layout-flex\">\n<div class=\"wp-block-column yellcolumns is-layout-flow wp-block-column-is-layout-flow\"><div class=\"wp-block-image\">\n<figure class=\"aligncenter\"><img decoding=\"async\" src=\"https:\/\/www.tele-radio.com\/app\/uploads\/reparar-control-remoto-espa\u00f1a-teleradio.png\" alt=\"Fabricantes de Telemandos Industriales Espa\u00f1a\" class=\"wp-image-36128\"\/><\/figure><\/div>\n\n\n<p class=\"has-text-align-center has-very-dark-gray-color has-text-color has-large-font-size\"><strong>Somos Fabricantes<\/strong><\/p>\n\n\n\n<p class=\"has-text-align-center has-very-dark-gray-color has-text-color\">Dispomos de estoque e servi\u00e7o t\u00e9cnico <strong>direto<\/strong><br>para Espanha e Portugal<\/p>\n<\/div>\n\n\n\n<div class=\"wp-block-column yellcolumns is-layout-flow wp-block-column-is-layout-flow\"><div class=\"wp-block-image\">\n<figure class=\"aligncenter size-full is-resized\"><img loading=\"lazy\" decoding=\"async\" width=\"230\" height=\"140\" src=\"https:\/\/www.tele-radio.com\/app\/uploads\/stock-inmediato.png\" alt=\"Env\u00edo inmediato\" class=\"wp-image-36188\" style=\"width:173px;height:105px\"\/><\/figure><\/div>\n\n\n<p class=\"has-text-align-center has-very-dark-gray-color has-text-color has-large-font-size\"><strong>Stock Permanente<\/strong><\/p>\n\n\n\n<p class=\"has-text-align-center has-very-dark-gray-color has-text-color\">Envio imediato de sistemas de radio comando.<br>4-6 semanas para equipamentos de controlo remoto radio<\/p>\n<\/div>\n\n\n\n<div class=\"wp-block-column yellcolumns is-layout-flow wp-block-column-is-layout-flow\"><div class=\"wp-block-image\">\n<figure class=\"aligncenter\"><img loading=\"lazy\" decoding=\"async\" width=\"100\" height=\"100\" src=\"https:\/\/www.tele-radio.com\/app\/uploads\/soporte-local-teleradio.png\" alt=\"Servicio t\u00e9cnico en Espa\u00f1a de Telemandos Industriales\" class=\"wp-image-36148\"\/><\/figure><\/div>\n\n\n<p class=\"has-text-align-center has-very-dark-gray-color has-text-color has-large-font-size\"><strong>Suporte Local<\/strong><\/p>\n\n\n\n<p class=\"has-text-align-center has-very-dark-gray-color has-text-color\">Reparos de sistemas de controlo remoto na Espanha e Portugal em apenas 24-48h<\/p>\n<\/div>\n<\/div>\n\n\n\n<h3 class=\"wp-block-heading\">Por que o controle remoto radio?<\/h3>\n\n\n\n<div class=\"wp-block-columns are-vertically-aligned-center is-layout-flex wp-container-core-columns-is-layout-9d6595d7 wp-block-columns-is-layout-flex\">\n<div class=\"wp-block-column is-vertically-aligned-center is-layout-flow wp-block-column-is-layout-flow\" style=\"flex-basis:25%\"><div class=\"wp-block-image\">\n<figure class=\"alignleft size-large\"><img loading=\"lazy\" decoding=\"async\" width=\"293\" height=\"184\" src=\"https:\/\/www.tele-radio.com\/app\/uploads\/tiger_group-e1526210190711.png\" alt=\"remoto\" class=\"wp-image-9293\"\/><\/figure><\/div>\n\n\n<p><\/p>\n<\/div>\n\n\n\n<div class=\"wp-block-column is-vertically-aligned-center is-layout-flow wp-block-column-is-layout-flow\" style=\"flex-basis:75%\">\n<p>Como voc\u00ea provavelmente j\u00e1 imaginava, os nossos produtos n\u00e3o s\u00e3o apenas seguros, mas eles tamb\u00e9m s\u00e3o robustos e podem levar uma surra. N\u00f3s sabemos que nossos controles remotos s\u00e3o jogados ao redor, deixados cair, atropelados, molhados \u2013 e tudo bem, n\u00f3s tivemos isto em mente ao projet\u00e1-los. Eles foram feitos para serem usados.<\/p>\n<\/div>\n<\/div>\n\n\n\n<p><\/p>\n\n\n\n<p><\/p>\n","protected":false},"excerpt":{"rendered":"<p>Controlo remoto radio Na Tele Radio n\u00f3s somos especialistas em r\u00e1dio controle remoto seguro. Nossas principais \u00e1reas de neg\u00f3cio est\u00e3o dentro dos campos industriais e de eleva\u00e7\u00e3o de cargas, mas tamb\u00e9m aplica\u00e7\u00f5es em agricultura, portas, port\u00f5es e barreiras, bem como m\u00e1quinas hidr\u00e1ulicas. Com mais de 65 anos de experi\u00eancia, temos s\u00f3lidos conhecimentos e experi\u00eancia em [&hellip;]<\/p>\n","protected":false},"author":1,"featured_media":0,"parent":0,"menu_order":0,"comment_status":"closed","ping_status":"closed","template":"","meta":{"_acf_changed":false,"footnotes":""},"class_list":["post-28043","page","type-page","status-publish","hentry"],"acf":[],"_links":{"self":[{"href":"https:\/\/www.tele-radio.com\/pt-pt\/wp-json\/wp\/v2\/pages\/28043","targetHints":{"allow":["GET"]}}],"collection":[{"href":"https:\/\/www.tele-radio.com\/pt-pt\/wp-json\/wp\/v2\/pages"}],"about":[{"href":"https:\/\/www.tele-radio.com\/pt-pt\/wp-json\/wp\/v2\/types\/page"}],"author":[{"embeddable":true,"href":"https:\/\/www.tele-radio.com\/pt-pt\/wp-json\/wp\/v2\/users\/1"}],"replies":[{"embeddable":true,"href":"https:\/\/www.tele-radio.com\/pt-pt\/wp-json\/wp\/v2\/comments?post=28043"}],"version-history":[{"count":26,"href":"https:\/\/www.tele-radio.com\/pt-pt\/wp-json\/wp\/v2\/pages\/28043\/revisions"}],"predecessor-version":[{"id":244801,"href":"https:\/\/www.tele-radio.com\/pt-pt\/wp-json\/wp\/v2\/pages\/28043\/revisions\/244801"}],"wp:attachment":[{"href":"https:\/\/www.tele-radio.com\/pt-pt\/wp-json\/wp\/v2\/media?parent=28043"}],"curies":[{"name":"wp","href":"https:\/\/api.w.org\/{rel}","templated":true}]}}