{"id":267340,"date":"2025-08-01T14:16:52","date_gmt":"2025-08-01T14:16:52","guid":{"rendered":"https:\/\/www.tele-radio.com\/controle-sem-fio-para-pontes-rolantes-em-tandem\/"},"modified":"2025-09-11T14:10:13","modified_gmt":"2025-09-11T14:10:13","slug":"controle-sem-fio-para-pontes-rolantes-em-tandem","status":"publish","type":"page","link":"https:\/\/www.tele-radio.com\/pt-pt\/controle-sem-fio-para-pontes-rolantes-em-tandem\/","title":{"rendered":"Controle sem fio seguro e sincronizado para pontes rolantes em tandem"},"content":{"rendered":"\n<h1 class=\"wp-block-heading\">Controle sem fio para pontes rolantes em tandem: M\u00e1xima precis\u00e3o, sincronia e seguran\u00e7a<\/h1>\n\n\n\n<p>Conhe\u00e7a o case da Strong Machines, que escolheu o sistema Tiger da Tele Radio para garantir m\u00e1xima seguran\u00e7a, precis\u00e3o e liberdade operacional em ambientes industriais exigentes. <strong>Uma solu\u00e7\u00e3o CTC com controle remoto sem fio de alto desempenho.<\/strong><\/p>\n\n\n\n<div class=\"wp-block-columns is-layout-flex wp-container-core-columns-is-layout-9d6595d7 wp-block-columns-is-layout-flex\">\n<div class=\"wp-block-column is-layout-flow wp-block-column-is-layout-flow\" style=\"flex-basis:20%\"><\/div>\n\n\n\n<div class=\"wp-block-column is-layout-flow wp-block-column-is-layout-flow\" style=\"flex-basis:60%\">\n<figure class=\"wp-block-embed aligncenter is-type-video is-provider-youtube wp-block-embed-youtube wp-embed-aspect-16-9 wp-has-aspect-ratio\"><div class=\"wp-block-embed__wrapper\">\n<iframe loading=\"lazy\" title=\"Controle Remoto TIGER para Pontes Rolantes em Tandem | Caso de Sucesso: Strong Machines + Tele Radio\" width=\"500\" height=\"281\" src=\"https:\/\/www.youtube.com\/embed\/676QLGcDHho?feature=oembed\" frameborder=\"0\" allow=\"accelerometer; autoplay; clipboard-write; encrypted-media; gyroscope; picture-in-picture; web-share\" referrerpolicy=\"strict-origin-when-cross-origin\" allowfullscreen><\/iframe>\n<\/div><\/figure>\n<\/div>\n\n\n\n<div class=\"wp-block-column is-layout-flow wp-block-column-is-layout-flow\" style=\"flex-basis:20%\"><\/div>\n<\/div>\n\n\n\n<div class=\"wp-block-buttons is-horizontal is-content-justification-center is-layout-flex wp-container-core-buttons-is-layout-499968f5 wp-block-buttons-is-layout-flex\">\n<div class=\"wp-block-button\"><a class=\"wp-block-button__link has-black-color has-text-color has-background wp-element-button\" href=\"#info\" style=\"border-radius:7px;background-color:#fbba00\"><strong>Quero saber mais<\/strong><\/a><\/div>\n<\/div>\n\n\n\n<p><\/p>\n\n\n\n<h2 class=\"wp-block-heading\"><strong>O desafio<\/strong><\/h2>\n\n\n\n<p>A <strong><a href=\"https:\/\/strongmachines.com.br\/\">Strong Machines<\/a><\/strong> \u00e9 uma fabricante brasileira de solu\u00e7\u00f5es para movimenta\u00e7\u00e3o de cargas pesadas, com sede no polo industrial de Caxias do Sul\/RS. A empresa atua em todo o pa\u00eds, atendendo setores industriais exigentes com foco em inova\u00e7\u00e3o e seguran\u00e7a.<\/p>\n\n\n\n<p>Ao operar <strong>pontes rolantes em tandem<\/strong>, a Strong Machines precisava de uma solu\u00e7\u00e3o que garantisse:<\/p>\n\n\n\n<ul class=\"wp-block-list\">\n<li><strong>Controle remoto sem fio<\/strong> confi\u00e1vel e livre de interfer\u00eancias<\/li>\n\n\n\n<li><strong>Sincroniza\u00e7\u00e3o precisa<\/strong> entre as pontes<\/li>\n\n\n\n<li><strong>Seguran\u00e7a m\u00e1xima<\/strong> para o operador<\/li>\n<\/ul>\n\n\n\n<h2 class=\"wp-block-heading\"><strong>Vis\u00e3o geral da solu\u00e7\u00e3o: Sistema Tiger <\/strong><\/h2>\n\n\n\n<div class=\"wp-block-columns are-vertically-aligned-center has-background is-layout-flex wp-container-core-columns-is-layout-9d6595d7 wp-block-columns-is-layout-flex\" style=\"background-color:#ffffff\">\n<div class=\"wp-block-column is-vertically-aligned-center is-layout-flow wp-block-column-is-layout-flow\" style=\"flex-basis:25.5%\"><div class=\"wp-block-image is-style-default\">\n<figure class=\"aligncenter size-large\"><img loading=\"lazy\" decoding=\"async\" width=\"750\" height=\"1200\" src=\"https:\/\/www.tele-radio.com\/app\/uploads\/\/PN-T29-12-2-01-750x1200.png\" alt=\"controle sem fio para pontes rolantes Tele Radio\" class=\"wp-image-265139\" style=\"aspect-ratio:9\/16;object-fit:cover\" srcset=\"https:\/\/www.tele-radio.com\/app\/uploads\/PN-T29-12-2-01-750x1200.png 750w, https:\/\/www.tele-radio.com\/app\/uploads\/PN-T29-12-2-01-250x400.png 250w, https:\/\/www.tele-radio.com\/app\/uploads\/PN-T29-12-2-01-768x1229.png 768w, https:\/\/www.tele-radio.com\/app\/uploads\/PN-T29-12-2-01-960x1536.png 960w, https:\/\/www.tele-radio.com\/app\/uploads\/PN-T29-12-2-01-1280x2048.png 1280w, https:\/\/www.tele-radio.com\/app\/uploads\/PN-T29-12-2-01-469x750.png 469w, https:\/\/www.tele-radio.com\/app\/uploads\/PN-T29-12-2-01-313x500.png 313w, https:\/\/www.tele-radio.com\/app\/uploads\/PN-T29-12-2-01-1000x1600.png 1000w, https:\/\/www.tele-radio.com\/app\/uploads\/PN-T29-12-2-01-500x800.png 500w, https:\/\/www.tele-radio.com\/app\/uploads\/PN-T29-12-2-01-scaled.png 1600w\" sizes=\"auto, (max-width: 750px) 100vw, 750px\" \/><\/figure><\/div><\/div>\n\n\n\n<div class=\"wp-block-column is-vertically-aligned-center is-layout-flow wp-block-column-is-layout-flow\" style=\"flex-basis:75%\">\n<p>A Strong Machines escolheu o <strong>sistema Tiger com tecnologia CTC<\/strong> da Tele Radio. Um sistema de controle remoto sem fio robusto e certificado, ideal para sincronizar guindastes em opera\u00e7\u00e3o tandem.<\/p>\n\n\n\n<p><strong>Principais destaques:<\/strong><\/p>\n\n\n\n<ul class=\"wp-block-list\">\n<li>Transmissores ergon\u00f4micos, com at\u00e9 12 bot\u00f5es<\/li>\n\n\n\n<li>Comunica\u00e7\u00e3o via r\u00e1dio homologada pela Anatel<\/li>\n\n\n\n<li>Bot\u00e3o de emerg\u00eancia (E-Stop) e seguran\u00e7a SIL3, PLe<\/li>\n\n\n\n<li>Comunica\u00e7\u00e3o cont\u00ednua e l\u00f3gica de fim de curso integrada<\/li>\n<\/ul>\n<\/div>\n<\/div>\n\n\n\n<h2 class=\"wp-block-heading\"><strong>A solu\u00e7\u00e3o em opera\u00e7\u00e3o<\/strong><\/h2>\n\n\n\n<div class=\"wp-block-columns is-layout-flex wp-container-core-columns-is-layout-9d6595d7 wp-block-columns-is-layout-flex\">\n<div class=\"wp-block-column is-layout-flow wp-block-column-is-layout-flow\" style=\"flex-basis:50%\">\n<p>O sistema permite controlar <strong>duas pontes rolantes de forma sincronizada<\/strong> com apenas um transmissor. Ideal para o transporte de pe\u00e7as longas ou pesadas, reduzindo riscos de desalinhamento.<\/p>\n\n\n\n<p>A altern\u00e2ncia entre modos individual e tandem d\u00e1 mais flexibilidade ao operador, sem perder precis\u00e3o ou seguran\u00e7a.<br><\/p>\n<\/div>\n\n\n\n<div class=\"wp-block-column is-layout-flow wp-block-column-is-layout-flow\" style=\"flex-basis:50%\"><div class=\"wp-block-image\">\n<figure class=\"alignleft size-full is-resized\"><img loading=\"lazy\" decoding=\"async\" width=\"901\" height=\"693\" src=\"https:\/\/www.tele-radio.com\/app\/uploads\/TGS-MDC-12C-Tandem.jpeg\" alt=\"controle sem fio Tele Radio pra pontes rolantes tandem\" class=\"wp-image-265167\" style=\"width:346px;height:auto\" srcset=\"https:\/\/www.tele-radio.com\/app\/uploads\/TGS-MDC-12C-Tandem.jpeg 901w, https:\/\/www.tele-radio.com\/app\/uploads\/TGS-MDC-12C-Tandem-400x308.jpeg 400w, https:\/\/www.tele-radio.com\/app\/uploads\/TGS-MDC-12C-Tandem-768x591.jpeg 768w, https:\/\/www.tele-radio.com\/app\/uploads\/TGS-MDC-12C-Tandem-750x577.jpeg 750w, https:\/\/www.tele-radio.com\/app\/uploads\/TGS-MDC-12C-Tandem-500x385.jpeg 500w, https:\/\/www.tele-radio.com\/app\/uploads\/TGS-MDC-12C-Tandem-800x615.jpeg 800w\" sizes=\"auto, (max-width: 901px) 100vw, 901px\" \/><\/figure><\/div><\/div>\n<\/div>\n\n\n\n<p><\/p>\n\n\n\n<h2 class=\"wp-block-heading\"><strong>Vantagens competitivas<\/strong><\/h2>\n\n\n\n<figure class=\"wp-block-table is-style-stripes\"><table class=\"has-black-color has-luminous-vivid-amber-background-color has-text-color has-background has-link-color has-fixed-layout\"><tbody><tr><td><strong>Instala\u00e7\u00e3o r\u00e1pida<\/strong><\/td><td>Evita paradas longas<\/td><\/tr><tr><td><strong>Suporte local<\/strong><\/td><td>Treinamento t\u00e9cnico direto no Brasil<\/td><\/tr><tr><td><strong>Alta seguran\u00e7a<\/strong><\/td><td>Certifica\u00e7\u00f5es avan\u00e7adas e E-Stop confi\u00e1vel<\/td><\/tr><tr><td><strong>Estoque nacional<\/strong><\/td><td>Agilidade em reposi\u00e7\u00f5es e novos pedidos<\/td><\/tr><tr><td><strong>Parceria confi\u00e1vel<\/strong><\/td><td>D\u00e9cadas de experi\u00eancia em controle sem fio industrial<\/td><\/tr><\/tbody><\/table><\/figure>\n\n\n\n<div class=\"wp-block-cover\"><img loading=\"lazy\" decoding=\"async\" width=\"1200\" height=\"675\" class=\"wp-block-cover__image-background wp-image-265341\" alt=\"\" src=\"https:\/\/www.tele-radio.com\/app\/uploads\/\/1080p-STRONG-E-TELE-RADIO-TRUSA.00_00_23_13.Imagen-fija003-1200x675.jpg\" data-object-fit=\"cover\" srcset=\"https:\/\/www.tele-radio.com\/app\/uploads\/1080p-STRONG-E-TELE-RADIO-TRUSA.00_00_23_13.Imagen-fija003-1200x675.jpg 1200w, https:\/\/www.tele-radio.com\/app\/uploads\/1080p-STRONG-E-TELE-RADIO-TRUSA.00_00_23_13.Imagen-fija003-400x225.jpg 400w, https:\/\/www.tele-radio.com\/app\/uploads\/1080p-STRONG-E-TELE-RADIO-TRUSA.00_00_23_13.Imagen-fija003-768x432.jpg 768w, https:\/\/www.tele-radio.com\/app\/uploads\/1080p-STRONG-E-TELE-RADIO-TRUSA.00_00_23_13.Imagen-fija003-1536x864.jpg 1536w, https:\/\/www.tele-radio.com\/app\/uploads\/1080p-STRONG-E-TELE-RADIO-TRUSA.00_00_23_13.Imagen-fija003-750x422.jpg 750w, https:\/\/www.tele-radio.com\/app\/uploads\/1080p-STRONG-E-TELE-RADIO-TRUSA.00_00_23_13.Imagen-fija003-500x281.jpg 500w, https:\/\/www.tele-radio.com\/app\/uploads\/1080p-STRONG-E-TELE-RADIO-TRUSA.00_00_23_13.Imagen-fija003-1600x900.jpg 1600w, https:\/\/www.tele-radio.com\/app\/uploads\/1080p-STRONG-E-TELE-RADIO-TRUSA.00_00_23_13.Imagen-fija003-800x450.jpg 800w, https:\/\/www.tele-radio.com\/app\/uploads\/1080p-STRONG-E-TELE-RADIO-TRUSA.00_00_23_13.Imagen-fija003.jpg 1920w\" sizes=\"auto, (max-width: 1200px) 100vw, 1200px\" \/><span aria-hidden=\"true\" class=\"wp-block-cover__background has-background-dim\"><\/span><div class=\"wp-block-cover__inner-container is-layout-flow wp-block-cover-is-layout-flow\">\n<p class=\"has-text-align-center has-white-color has-text-color has-link-color has-large-font-size wp-elements-d63f41153c7e2d51eebd729854ccbeb1\"><em>\u201cA Tele Radio se mostrou mais do que uma fornecedora \u2014 \u00e9 uma parceira estrat\u00e9gica.\u201d <\/em><\/p>\n\n\n\n<p class=\"has-text-align-center has-white-color has-text-color has-link-color has-large-font-size wp-elements-731dfcf6cf51533712fc176577886bd1\"><em>\u2014 Markus Grallert, Diretor da Strong Machines<\/em><\/p>\n<\/div><\/div>\n\n\n\n<div style=\"height:40px\" aria-hidden=\"true\" class=\"wp-block-spacer\"><\/div>\n\n\n\n<h2 class=\"wp-block-heading\" id=\"info\">Contact us<\/h2>\n\n\n\n<div class=\"wp-block-columns is-layout-flex wp-container-core-columns-is-layout-9d6595d7 wp-block-columns-is-layout-flex\">\n<div class=\"wp-block-column is-layout-flow wp-block-column-is-layout-flow\" style=\"flex-basis:66.66%\">\n<div class=\"wp-block-contact-form-7-contact-form-selector\">\n<div class=\"wpcf7 no-js\" id=\"wpcf7-f98050-o1\" lang=\"en-EN\" dir=\"ltr\" data-wpcf7-id=\"98050\">\n<div class=\"screen-reader-response\"><p role=\"status\" aria-live=\"polite\" aria-atomic=\"true\"><\/p> <ul><\/ul><\/div>\n<form action=\"\/pt-pt\/wp-json\/wp\/v2\/pages\/267340#wpcf7-f98050-o1\" method=\"post\" class=\"wpcf7-form init\" aria-label=\"Contact form\" novalidate=\"novalidate\" data-status=\"init\">\n<fieldset class=\"hidden-fields-container\"><input type=\"hidden\" name=\"_wpcf7\" value=\"98050\" \/><input type=\"hidden\" name=\"_wpcf7_version\" value=\"6.1\" \/><input type=\"hidden\" name=\"_wpcf7_locale\" value=\"en_EN\" \/><input type=\"hidden\" name=\"_wpcf7_unit_tag\" value=\"wpcf7-f98050-o1\" \/><input type=\"hidden\" name=\"_wpcf7_container_post\" value=\"0\" \/><input type=\"hidden\" name=\"_wpcf7_posted_data_hash\" value=\"\" \/><input type=\"hidden\" name=\"_wpcf7_recaptcha_response\" value=\"\" \/>\n<\/fieldset>\n<p><label> Nome*<br \/>\n<span class=\"wpcf7-form-control-wrap\" data-name=\"nombre\"><input size=\"40\" maxlength=\"400\" class=\"wpcf7-form-control wpcf7-text wpcf7-validates-as-required\" aria-required=\"true\" aria-invalid=\"false\" placeholder=\"Seu nome\" value=\"\" type=\"text\" name=\"nombre\" \/><\/span> <\/label>\n<\/p>\n<p><label> Email*<br \/>\n<span class=\"wpcf7-form-control-wrap\" data-name=\"tu-email\"><input size=\"40\" maxlength=\"400\" class=\"wpcf7-form-control wpcf7-email wpcf7-validates-as-required wpcf7-text wpcf7-validates-as-email\" aria-required=\"true\" aria-invalid=\"false\" placeholder=\"Seu email\" value=\"\" type=\"email\" name=\"tu-email\" \/><\/span> <\/label>\n<\/p>\n<p><label> Tel\u00e9fono*<br \/>\n<span class=\"wpcf7-form-control-wrap\" data-name=\"tu-tfno\"><input size=\"40\" maxlength=\"400\" class=\"wpcf7-form-control wpcf7-tel wpcf7-validates-as-required wpcf7-text wpcf7-validates-as-tel\" aria-required=\"true\" aria-invalid=\"false\" placeholder=\"telefone de contato\" value=\"\" type=\"tel\" name=\"tu-tfno\" \/><\/span> <\/label>\n<\/p>\n<p><label> Sua mensagem*<br \/>\n<span class=\"wpcf7-form-control-wrap\" data-name=\"your-message\"><textarea cols=\"40\" rows=\"10\" maxlength=\"2000\" class=\"wpcf7-form-control wpcf7-textarea wpcf7-validates-as-required\" aria-required=\"true\" aria-invalid=\"false\" placeholder=\"Escreva aqui em qual transmissor, equipamento ou aplica\u00e7\u00e3o voc\u00ea est\u00e1 interessado; ou se voc\u00ea tiver alguma d\u00favida.\" name=\"your-message\"><\/textarea><\/span> <\/label>\n<\/p>\n<p><input class=\"wpcf7-form-control wpcf7-submit has-spinner\" type=\"submit\" value=\"Enviar\" \/>\n<\/p><div class=\"wpcf7-response-output\" aria-hidden=\"true\"><\/div>\n<\/form>\n<\/div>\n\r\n\t\t\t\t<script>\r\n\t\t\t\tif ( typeof huOptions !== 'undefined' ) {\r\n\t\t\t\t\tvar huFormData = {\"source\":\"contactform7\",\"id\":98050,\"title\":\"TRPortugal-form\",\"fields\":{\"subject\":{\"first_name\":\"your-name\",\"email\":\"your-email\"},\"preferences\":{\"terms\":\"your-consent\"}}};\r\n\t\t\t\t\tvar huFormNode = document.querySelector( '[id^=\"wpcf7-f98050-\"] form' );\r\n\r\n\t\t\t\t\thuFormData['node'] = huFormNode;\r\n\t\t\t\t\thuOptions['forms'].push( huFormData );\r\n\t\t\t\t}\r\n\t\t\t\t<\/script><\/div>\n<\/div>\n\n\n\n<div class=\"wp-block-column is-layout-flow wp-block-column-is-layout-flow\" style=\"flex-basis:33.33%\"><\/div>\n<\/div>\n\n\n\n<p class=\"has-text-align-center\" style=\"font-size:32px\"><\/p>\n\n\n\n<h3 class=\"wp-block-heading\">Sobre a Tele Radio<\/h3>\n\n\n\n<p>A <strong>Tele Radio<\/strong> \u00e9 uma empresa sueca com mais de 70 anos de experi\u00eancia e \u00e9 uma das l\u00edderes mundiais no setor de controle remoto. Fabricamos, personalizamos e comercializamos sistemas de controle remoto para milhares de empresas em todo o mundo.<\/p>\n","protected":false},"excerpt":{"rendered":"<p>Controle sem fio para pontes rolantes em tandem: M\u00e1xima precis\u00e3o, sincronia e seguran\u00e7a Conhe\u00e7a o case da Strong Machines, que escolheu o sistema Tiger da Tele Radio para garantir m\u00e1xima seguran\u00e7a, precis\u00e3o e liberdade operacional em ambientes industriais exigentes. Uma solu\u00e7\u00e3o CTC com controle remoto sem fio de alto desempenho. O desafio A Strong Machines [&hellip;]<\/p>\n","protected":false},"author":100,"featured_media":265253,"parent":0,"menu_order":0,"comment_status":"closed","ping_status":"closed","template":"content-customer-stories.php","meta":{"_acf_changed":false,"footnotes":""},"class_list":["post-267340","page","type-page","status-publish","has-post-thumbnail","hentry"],"acf":[],"_links":{"self":[{"href":"https:\/\/www.tele-radio.com\/pt-pt\/wp-json\/wp\/v2\/pages\/267340","targetHints":{"allow":["GET"]}}],"collection":[{"href":"https:\/\/www.tele-radio.com\/pt-pt\/wp-json\/wp\/v2\/pages"}],"about":[{"href":"https:\/\/www.tele-radio.com\/pt-pt\/wp-json\/wp\/v2\/types\/page"}],"author":[{"embeddable":true,"href":"https:\/\/www.tele-radio.com\/pt-pt\/wp-json\/wp\/v2\/users\/100"}],"replies":[{"embeddable":true,"href":"https:\/\/www.tele-radio.com\/pt-pt\/wp-json\/wp\/v2\/comments?post=267340"}],"version-history":[{"count":1,"href":"https:\/\/www.tele-radio.com\/pt-pt\/wp-json\/wp\/v2\/pages\/267340\/revisions"}],"predecessor-version":[{"id":267343,"href":"https:\/\/www.tele-radio.com\/pt-pt\/wp-json\/wp\/v2\/pages\/267340\/revisions\/267343"}],"wp:featuredmedia":[{"embeddable":true,"href":"https:\/\/www.tele-radio.com\/pt-pt\/wp-json\/wp\/v2\/media\/265253"}],"wp:attachment":[{"href":"https:\/\/www.tele-radio.com\/pt-pt\/wp-json\/wp\/v2\/media?parent=267340"}],"curies":[{"name":"wp","href":"https:\/\/api.w.org\/{rel}","templated":true}]}}