{"id":267266,"date":"2025-07-01T14:57:21","date_gmt":"2025-07-01T14:57:21","guid":{"rendered":"https:\/\/www.tele-radio.com\/bedankt-offerte-aanvraag\/"},"modified":"2025-07-01T14:57:21","modified_gmt":"2025-07-01T14:57:21","slug":"bedankt-offerte-aanvraag","status":"publish","type":"page","link":"https:\/\/www.tele-radio.com\/pt-pt\/bedankt-offerte-aanvraag\/","title":{"rendered":"Obrigado pelo seu pedido!"},"content":{"rendered":"\n<div style=\"height:112px\" aria-hidden=\"true\" class=\"wp-block-spacer\"><\/div>\n\n\n\n<h2 class=\"wp-block-heading has-text-align-center has-white-color has-black-background-color has-text-color has-background has-link-color wp-elements-78102310055f25ae879e74aa07cd024f\" style=\"font-size:70px\">Obrigado pelo seu pedido!<\/h2>\n\n\n\n<div style=\"height:63px\" aria-hidden=\"true\" class=\"wp-block-spacer\"><\/div>\n\n\n\n<p class=\"has-text-align-center has-x-large-font-size\">Um dos nossos especialistas da Tele Radio est\u00e1 analisando agora as suas necessidades e entrar\u00e1 em contacto consigo o mais breve poss\u00edvel para falar sobre as possibilidades.<\/p>\n\n\n\n<div style=\"height:219px\" aria-hidden=\"true\" class=\"wp-block-spacer\"><\/div>\n","protected":false},"excerpt":{"rendered":"<p>Obrigado pelo seu pedido! Um dos nossos especialistas da Tele Radio est\u00e1 analisando agora as suas necessidades e entrar\u00e1 em contacto consigo o mais breve poss\u00edvel para falar sobre as possibilidades.<\/p>\n","protected":false},"author":78,"featured_media":0,"parent":0,"menu_order":0,"comment_status":"closed","ping_status":"closed","template":"","meta":{"_acf_changed":false,"footnotes":""},"class_list":["post-267266","page","type-page","status-publish","hentry"],"acf":[],"_links":{"self":[{"href":"https:\/\/www.tele-radio.com\/pt-pt\/wp-json\/wp\/v2\/pages\/267266","targetHints":{"allow":["GET"]}}],"collection":[{"href":"https:\/\/www.tele-radio.com\/pt-pt\/wp-json\/wp\/v2\/pages"}],"about":[{"href":"https:\/\/www.tele-radio.com\/pt-pt\/wp-json\/wp\/v2\/types\/page"}],"author":[{"embeddable":true,"href":"https:\/\/www.tele-radio.com\/pt-pt\/wp-json\/wp\/v2\/users\/78"}],"replies":[{"embeddable":true,"href":"https:\/\/www.tele-radio.com\/pt-pt\/wp-json\/wp\/v2\/comments?post=267266"}],"version-history":[{"count":0,"href":"https:\/\/www.tele-radio.com\/pt-pt\/wp-json\/wp\/v2\/pages\/267266\/revisions"}],"wp:attachment":[{"href":"https:\/\/www.tele-radio.com\/pt-pt\/wp-json\/wp\/v2\/media?parent=267266"}],"curies":[{"name":"wp","href":"https:\/\/api.w.org\/{rel}","templated":true}]}}