{"id":103990,"date":"2022-04-05T13:44:01","date_gmt":"2022-04-05T13:44:01","guid":{"rendered":"https:\/\/www.tele-radio.com\/groupe-industriel-premiums-success-story\/"},"modified":"2022-06-02T09:29:17","modified_gmt":"2022-06-02T09:29:17","slug":"groupe-industriel-premiums-success-story","status":"publish","type":"page","link":"https:\/\/www.tele-radio.com\/pt-pt\/groupe-industriel-premiums-success-story\/","title":{"rendered":"Groupe Industriel Premium um caso de sucesso"},"content":{"rendered":"\n<p class=\"has-large-font-size\">Groupe Industriel Premium um caso de sucesso<\/p>\n\n\n\n<p><strong><strong>Os sistemas de controle remoto da Tele Radio operam 18 Pontes Rolantes na nova f\u00e1brica de equipamentos de manuseio de ar da Nortek Air Solutions em Quebec, Canad\u00e1.<\/strong><\/strong><\/p>\n\n\n\n<p>Cada Ponte rolante \u00e9 equipada com tr\u00eas receptores Panther &#8211; um para a Ponte, um segundo para a talha\/carro 1 e o terceiro para a talha\/carro 2 &#8211; todos eles controlados por um \u00fanico transmissor, eliminando a necessidade de cabeamento. Os guindastes s\u00e3o usados \u200b\u200bpara levantar uma variedade de cargas, ventiladores, bobinas e manipuladores de ar personalizados que s\u00e3o fabricados em uma instala\u00e7\u00e3o recentemente ampliada de 200.000 p\u00e9s quadrados em Montreal.<\/p>\n\n\n\n<p>O construtor de guindastes CanStahl, parte da fam\u00edlia <a href=\"https:\/\/groupeindustrielpremium.com\/en\/\" target=\"_blank\" aria-label=\"undefined (opens in a new tab)\" rel=\"noreferrer noopener\">Groupe Industriel Premium Inc.<\/a> e representante do fabricante alem\u00e3o de guinchos Stahl CraneSystems, instalaram as Pontes. O Group Industriel Premium \u00e9 um parceiro de longa data da Tele Radio e escolheu a <a href=\"https:\/\/www.tele-radio.com\/pt-pt\/products\/controle-remoto-panther\/\" target=\"_blank\" aria-label=\"undefined (opens in a new tab)\" rel=\"noreferrer noopener\">linha de produtos Panther<\/a>, que oferece alcance de at\u00e9 500m e \u00e9 certificada pela EN ISO 13849-1, Seguran\u00e7a Funcional de M\u00e1quinas, como CAT3, PLd.<\/p>\n\n\n\n<div class=\"wp-block-columns is-layout-flex wp-container-core-columns-is-layout-9d6595d7 wp-block-columns-is-layout-flex\">\n<div class=\"wp-block-column is-layout-flow wp-block-column-is-layout-flow\">\n<p><meta charset=\"utf-8\"><\/p>\n\n\n\n<p><\/p>\n\n\n\n<p>Das 18 Pontes Rolantes, 15 trabalham em Tandem com dois guinchos. Na Am\u00e9rica do Norte, as Pontes de uso interno s\u00e3o tradicionalmente equipadas com talhas de cabo de a\u00e7o. No entanto, para poder levantar cargas em Opera\u00e7\u00e3o Tandem, sem qualquer movimento lateral do gancho, garantindo um espa\u00e7o entre os ganchos de carga e manter a dist\u00e2ncia de aproxima\u00e7\u00e3o em ambos os lados da ponte ao m\u00ednimo, as talhas de corrente foram selecionadas.<\/p>\n\n\n\n<div style=\"height:28px\" aria-hidden=\"true\" class=\"wp-block-spacer\"><\/div>\n\n\n\n<p>No total, foram instaladas 35 novas talhas de corrente, com capacidade de i\u00e7amento entre 2.000 e 5.000kg. Os v\u00e3os das pontes rolantes s\u00e3o de at\u00e9 20 metros. A altura de eleva\u00e7\u00e3o das talhas individuais est\u00e1 entre 6 e 8 metros. Todos os guindastes foram equipados com controles remotos Tele Radio de 12 bot\u00f5es.<\/p>\n<\/div>\n\n\n\n<div class=\"wp-block-column is-vertically-aligned-center is-layout-flow wp-block-column-is-layout-flow\">\n<div class=\"wp-block-image\"><figure class=\"aligncenter size-full is-resized\"><a href=\"https:\/\/groupeindustrielpremium.com\/en\/\" target=\"_blank\" rel=\"noopener\"><img loading=\"lazy\" decoding=\"async\" src=\"https:\/\/www.tele-radio.com\/app\/uploads\/Resized_20190920_145257-2.jpg\" alt=\"\" class=\"wp-image-97509\" width=\"422\" height=\"466\" srcset=\"https:\/\/www.tele-radio.com\/app\/uploads\/Resized_20190920_145257-2.jpg 742w, https:\/\/www.tele-radio.com\/app\/uploads\/Resized_20190920_145257-2-362x400.jpg 362w, https:\/\/www.tele-radio.com\/app\/uploads\/Resized_20190920_145257-2-679x750.jpg 679w, https:\/\/www.tele-radio.com\/app\/uploads\/Resized_20190920_145257-2-452x500.jpg 452w, https:\/\/www.tele-radio.com\/app\/uploads\/Resized_20190920_145257-2-724x800.jpg 724w\" sizes=\"auto, (max-width: 422px) 100vw, 422px\" \/><\/a><\/figure><\/div>\n<\/div>\n<\/div>\n\n\n\n<blockquote class=\"wp-block-quote is-style-default is-layout-flow wp-block-quote-is-layout-flow\"><p>\u201cOs sistemas da Tele R\u00e1dio nos permitem construir pontes rolantes com m\u00faltiplos guinchos e sem cabeamento, o que \u00e9 uma atraente redu\u00e7\u00e3o de custos, melhora a apar\u00eancia e a qualidade do produto que entregamos aos clientes. Utilizamos os produtos Tele Radio desde setembro de 2009 e pretendemos continuar, com base na qualidade, robustez, seguran\u00e7a e disponibilidade de pe\u00e7as de reposi\u00e7\u00e3o\u201d<\/p><cite>-Alain Leclerc, Presidente do Groupe Industriel Premium<\/cite><\/blockquote>\n\n\n\n<p>Leclerc reiterou que o sistema Panther pode ser adaptado a praticamente qualquer aplica\u00e7\u00e3o padr\u00e3o de ponte rolante. O sistema \u00e9 extremamente vers\u00e1til, compat\u00edvel com at\u00e9 95% de todas as aplica\u00e7\u00f5es comuns de Pontes Rolantes, talhas (Talhas simples e duplas, Pontes Rolantes tandem, com at\u00e9 quatro Pontes Rolantes num \u00fanico transmissor). Para solu\u00e7\u00f5es de controle mais dif\u00edceis, a Tele Radio oferece a linha de produtos Tiger com certifica\u00e7\u00e3o SIL3 PLe, permitindo infinitas configura\u00e7\u00f5es personalizadas atendendo \u00e0s mais complexas demandas de controle remoto industrial.<\/p>\n\n\n\n<p>A Nortek \u00e9 um dos principais fornecedores do Canad\u00e1 para equipamentos customizados de manuseio e tratamento de ar. Fornece produtos e servi\u00e7os de alta qualidade para uma ampla gama de aplica\u00e7\u00f5es desde 1998. Ap\u00f3s o caso de sucesso descrito acima, projetos futuros com Groupe Industriel Premium, CanStahl e Tele Radio j\u00e1 est\u00e3o a caminho.<\/p>\n\n\n\n<figure class=\"wp-block-image size-large\"><a href=\"https:\/\/groupeindustrielpremium.com\/en\/\" target=\"_blank\" rel=\"noopener\"><img loading=\"lazy\" decoding=\"async\" width=\"1200\" height=\"431\" src=\"https:\/\/www.tele-radio.com\/app\/uploads\/\/20190920_140335-3-1200x431.jpg\" alt=\"\" class=\"wp-image-97598\" srcset=\"https:\/\/www.tele-radio.com\/app\/uploads\/20190920_140335-3-1200x431.jpg 1200w, https:\/\/www.tele-radio.com\/app\/uploads\/20190920_140335-3-400x144.jpg 400w, https:\/\/www.tele-radio.com\/app\/uploads\/20190920_140335-3-768x276.jpg 768w, https:\/\/www.tele-radio.com\/app\/uploads\/20190920_140335-3-1536x551.jpg 1536w, https:\/\/www.tele-radio.com\/app\/uploads\/20190920_140335-3-2048x735.jpg 2048w, https:\/\/www.tele-radio.com\/app\/uploads\/20190920_140335-3-750x269.jpg 750w, https:\/\/www.tele-radio.com\/app\/uploads\/20190920_140335-3-500x179.jpg 500w, https:\/\/www.tele-radio.com\/app\/uploads\/20190920_140335-3-1600x574.jpg 1600w, https:\/\/www.tele-radio.com\/app\/uploads\/20190920_140335-3-800x287.jpg 800w\" sizes=\"auto, (max-width: 1200px) 100vw, 1200px\" \/><\/a><\/figure>\n\n\n\n<div style=\"height:100px\" aria-hidden=\"true\" class=\"wp-block-spacer\"><\/div>\n","protected":false},"excerpt":{"rendered":"<p>Groupe Industriel Premium um caso de sucesso Os sistemas de controle remoto da Tele Radio operam 18 Pontes Rolantes na nova f\u00e1brica de equipamentos de manuseio de ar da Nortek Air Solutions em Quebec, Canad\u00e1. Cada Ponte rolante \u00e9 equipada com tr\u00eas receptores Panther &#8211; um para a Ponte, um segundo para a talha\/carro 1 [&hellip;]<\/p>\n","protected":false},"author":54,"featured_media":103198,"parent":0,"menu_order":0,"comment_status":"closed","ping_status":"closed","template":"","meta":{"_acf_changed":false,"footnotes":""},"class_list":["post-103990","page","type-page","status-publish","has-post-thumbnail","hentry"],"acf":[],"_links":{"self":[{"href":"https:\/\/www.tele-radio.com\/pt-pt\/wp-json\/wp\/v2\/pages\/103990","targetHints":{"allow":["GET"]}}],"collection":[{"href":"https:\/\/www.tele-radio.com\/pt-pt\/wp-json\/wp\/v2\/pages"}],"about":[{"href":"https:\/\/www.tele-radio.com\/pt-pt\/wp-json\/wp\/v2\/types\/page"}],"author":[{"embeddable":true,"href":"https:\/\/www.tele-radio.com\/pt-pt\/wp-json\/wp\/v2\/users\/54"}],"replies":[{"embeddable":true,"href":"https:\/\/www.tele-radio.com\/pt-pt\/wp-json\/wp\/v2\/comments?post=103990"}],"version-history":[{"count":3,"href":"https:\/\/www.tele-radio.com\/pt-pt\/wp-json\/wp\/v2\/pages\/103990\/revisions"}],"predecessor-version":[{"id":103994,"href":"https:\/\/www.tele-radio.com\/pt-pt\/wp-json\/wp\/v2\/pages\/103990\/revisions\/103994"}],"wp:featuredmedia":[{"embeddable":true,"href":"https:\/\/www.tele-radio.com\/pt-pt\/wp-json\/wp\/v2\/media\/103198"}],"wp:attachment":[{"href":"https:\/\/www.tele-radio.com\/pt-pt\/wp-json\/wp\/v2\/media?parent=103990"}],"curies":[{"name":"wp","href":"https:\/\/api.w.org\/{rel}","templated":true}]}}