{"id":103957,"date":"2021-12-20T16:38:05","date_gmt":"2021-12-20T16:38:05","guid":{"rendered":"https:\/\/www.tele-radio.com\/caso-exito-frumecar-volvo-trucks\/"},"modified":"2022-06-01T12:52:21","modified_gmt":"2022-06-01T12:52:21","slug":"caso-exito-frumecar-volvo-trucks","status":"publish","type":"page","link":"https:\/\/www.tele-radio.com\/pt-pt\/caso-exito-frumecar-volvo-trucks\/","title":{"rendered":"Hist\u00f3ria de sucesso com Frumecar e Volvo Trucks"},"content":{"rendered":"\n<div style=\"height:10px\" aria-hidden=\"true\" class=\"wp-block-spacer\"><\/div>\n\n\n\n<p><strong>Frumecar \u00e9 um fabricante espanhol de plantas de concreto e betoneiras. \u00c9 um dos principais fabricantes espanh\u00f3is, com mais de 11.000 betoneiras em circula\u00e7\u00e3o, e \u00e9 uma refer\u00eancia em inova\u00e7\u00e3o no setor de concreto. Uma hist\u00f3ria de sucesso foi alcan\u00e7ada pela Tele R\u00e1dio e a Frumecar em 2021.<\/strong><\/p>\n\n\n\n<p>Durante o ano de 2021, surgiu uma proposta de colabora\u00e7\u00e3o entre Volvo Caminh\u00f5es, Frumecar e Tele Radio para controlar um Caminh\u00e3o betoneira por controle remoto.<\/p>\n\n\n\n<h2 class=\"wp-block-heading\">Pioneiros no mercado ib\u00e9rico<\/h2>\n\n\n\n<p>\u00c9 o primeiro caminh\u00e3o betoneira fabricado na Espanha que pode ser controlado sem fio.<\/p>\n\n\n\n<p>O caminh\u00e3o utilizado foi um Volvo FM 420HP 84 RIGID TRIDEM. A carroceria foi fornecida pela Frumecar. Quanto ao sistema de controle remoto, \u00e9 um sistema Puma personalizado.<\/p>\n\n\n\n<p>Gra\u00e7as \u00e0 estreita colabora\u00e7\u00e3o entre as tr\u00eas empresas (Volvo Trucks, Frumecar e Tele Radio), o projeto foi um sucesso e o caminh\u00e3o foi exibido em espa\u00e7o aberto durante o SMOPYC 2021, em novembro.<\/p>\n\n\n\n<div class=\"wp-block-media-text alignwide is-stacked-on-mobile has-background\" style=\"background-color:#f4f4f4\"><figure class=\"wp-block-media-text__media\"><img loading=\"lazy\" decoding=\"async\" width=\"1200\" height=\"698\" src=\"https:\/\/www.tele-radio.com\/app\/uploads\/image-4-1200x698.png\" alt=\"Caso de \u00e9xito Frumecar y Volvo Trucks\" class=\"wp-image-88001 size-full\" srcset=\"https:\/\/www.tele-radio.com\/app\/uploads\/image-4-1200x698.png 1200w, https:\/\/www.tele-radio.com\/app\/uploads\/image-4-400x233.png 400w, https:\/\/www.tele-radio.com\/app\/uploads\/image-4-768x447.png 768w, https:\/\/www.tele-radio.com\/app\/uploads\/image-4-1536x893.png 1536w, https:\/\/www.tele-radio.com\/app\/uploads\/image-4-750x436.png 750w, https:\/\/www.tele-radio.com\/app\/uploads\/image-4-500x291.png 500w, https:\/\/www.tele-radio.com\/app\/uploads\/image-4-1600x930.png 1600w, https:\/\/www.tele-radio.com\/app\/uploads\/image-4-800x465.png 800w, https:\/\/www.tele-radio.com\/app\/uploads\/image-4.png 1744w\" sizes=\"auto, (max-width: 1200px) 100vw, 1200px\" \/><\/figure><div class=\"wp-block-media-text__content\">\n<p class=\"has-medium-font-size\">Como pode ser visto na imagem, o movimento do caminh\u00e3o n\u00e3o \u00e9 a \u00fanica coisa que pode ser controlada, mas tamb\u00e9m suas luzes, giro do volante, velocidade e sentido de rota\u00e7\u00e3o da betoneira, movimenta\u00e7\u00e3o e extens\u00e3o da calha de descarga e etc.<\/p>\n<\/div><\/div>\n\n\n\n<div style=\"height:60px\" aria-hidden=\"true\" class=\"wp-block-spacer\"><\/div>\n\n\n\n<h2 class=\"has-text-align-center wp-block-heading\">V\u00eddeo<\/h2>\n\n\n\n<figure class=\"wp-block-video\"><video controls poster=\"https:\/\/www.tele-radio.com\/app\/uploads\/preview-video-volvo-frumecar-tr.jpg\" src=\"https:\/\/www.tele-radio.com\/app\/uploads\/VIDEO-HORMIGONERA-REMOTO-V4.subtitulado.mp4\"><\/video><\/figure>\n\n\n\n<div style=\"height:60px\" aria-hidden=\"true\" class=\"wp-block-spacer\"><\/div>\n","protected":false},"excerpt":{"rendered":"<p>Frumecar \u00e9 um fabricante espanhol de plantas de concreto e betoneiras. \u00c9 um dos principais fabricantes espanh\u00f3is, com mais de 11.000 betoneiras em circula\u00e7\u00e3o, e \u00e9 uma refer\u00eancia em inova\u00e7\u00e3o no setor de concreto. Uma hist\u00f3ria de sucesso foi alcan\u00e7ada pela Tele R\u00e1dio e a Frumecar em 2021. Durante o ano de 2021, surgiu uma [&hellip;]<\/p>\n","protected":false},"author":54,"featured_media":0,"parent":0,"menu_order":0,"comment_status":"closed","ping_status":"closed","template":"","meta":{"_acf_changed":false,"footnotes":""},"class_list":["post-103957","page","type-page","status-publish","hentry"],"acf":[],"_links":{"self":[{"href":"https:\/\/www.tele-radio.com\/pt-pt\/wp-json\/wp\/v2\/pages\/103957","targetHints":{"allow":["GET"]}}],"collection":[{"href":"https:\/\/www.tele-radio.com\/pt-pt\/wp-json\/wp\/v2\/pages"}],"about":[{"href":"https:\/\/www.tele-radio.com\/pt-pt\/wp-json\/wp\/v2\/types\/page"}],"author":[{"embeddable":true,"href":"https:\/\/www.tele-radio.com\/pt-pt\/wp-json\/wp\/v2\/users\/54"}],"replies":[{"embeddable":true,"href":"https:\/\/www.tele-radio.com\/pt-pt\/wp-json\/wp\/v2\/comments?post=103957"}],"version-history":[{"count":3,"href":"https:\/\/www.tele-radio.com\/pt-pt\/wp-json\/wp\/v2\/pages\/103957\/revisions"}],"predecessor-version":[{"id":103967,"href":"https:\/\/www.tele-radio.com\/pt-pt\/wp-json\/wp\/v2\/pages\/103957\/revisions\/103967"}],"wp:attachment":[{"href":"https:\/\/www.tele-radio.com\/pt-pt\/wp-json\/wp\/v2\/media?parent=103957"}],"curies":[{"name":"wp","href":"https:\/\/api.w.org\/{rel}","templated":true}]}}