{"id":98142,"date":"2022-04-12T09:11:38","date_gmt":"2022-04-12T09:11:38","guid":{"rendered":"https:\/\/www.tele-radio.com\/?page_id=98142"},"modified":"2022-04-18T11:10:05","modified_gmt":"2022-04-18T11:10:05","slug":"feimec-2022","status":"publish","type":"page","link":"https:\/\/www.tele-radio.com\/pt-br\/feimec-2022\/","title":{"rendered":"FEIMEC 2022"},"content":{"rendered":"\n<p class=\"has-large-font-size\"><strong>FEIMEC 2022<\/strong><\/p>\n\n\n\n<p>FEIMEC \u2013&nbsp;Feira Internacional de M\u00e1quinas e Equipamentos \u2014\u00c9 a maior feira do setor na Am\u00e9rica Latina e sua terceira edi\u00e7\u00e3o acontecer\u00e1 de 3 a 7 de maio de 2022. A FEIMEC \u00e9 uma iniciativa da ABIMAQ &#8211; Associa\u00e7\u00e3o Brasileira da Ind\u00fastria de M\u00e1quinas e Equipamentos &#8211; Informa Markets e mais de 80 entidades do setor.<\/p>\n\n\n\n<p>Na Tele Radio, acreditamos que o contato pessoal, a troca experi\u00eancias e uma boa conversa, ajudam a fortalecer nossas rela\u00e7\u00f5es com clientes e parceiros.<\/p>\n\n\n\n<p>Venha nos visitar! Voc\u00ea poder\u00e1 conhecer a nossa marca, ver e testar a qualidade dos produtos Tele Radio presencialmente. Poderemos ajudar em sua aplica\u00e7\u00e3o e ainda solucionar todas as suas d\u00favidas sobre Sistemas de Controle Remoto.<\/p>\n\n\n\n<p>Localiza\u00e7\u00e3o do&nbsp;<strong>estande: F115<\/strong><\/p>\n\n\n\n<div class=\"wp-block-buttons is-content-justification-left is-layout-flex wp-block-buttons-is-layout-flex\">\n<div class=\"wp-block-button\"><a class=\"wp-block-button__link has-black-color has-luminous-vivid-amber-background-color has-text-color has-background\" href=\"https:\/\/www.feimec.com.br\/pt\/credenciamento.html\" style=\"border-radius:4px\" target=\"_blank\" rel=\"noreferrer noopener\">Cadastre-se para visitar<\/a><\/div>\n<\/div>\n\n\n\n<div style=\"height:18px\" aria-hidden=\"true\" class=\"wp-block-spacer\"><\/div>\n\n\n\n<figure class=\"wp-block-image size-full is-resized\"><img loading=\"lazy\" decoding=\"async\" src=\"https:\/\/www.tele-radio.com\/app\/uploads\/1642700572825.jpg\" alt=\"\" class=\"wp-image-98849\" width=\"830\" height=\"237\" srcset=\"https:\/\/www.tele-radio.com\/app\/uploads\/1642700572825.jpg 700w, https:\/\/www.tele-radio.com\/app\/uploads\/1642700572825-400x114.jpg 400w, https:\/\/www.tele-radio.com\/app\/uploads\/1642700572825-500x143.jpg 500w\" sizes=\"auto, (max-width: 830px) 100vw, 830px\" \/><\/figure>\n\n\n\n<p>Mais informa\u00e7\u00f5es na FEIMEC:&nbsp;<a href=\"https:\/\/www.feimec.com.br\/\">https:\/\/www.feimec.com.br<\/a><\/p>\n","protected":false},"excerpt":{"rendered":"<p>FEIMEC 2022 FEIMEC \u2013&nbsp;Feira Internacional de M\u00e1quinas e Equipamentos \u2014\u00c9 a maior feira do setor na Am\u00e9rica Latina e sua terceira edi\u00e7\u00e3o acontecer\u00e1 de 3 a 7 de maio de 2022. A FEIMEC \u00e9 uma iniciativa da ABIMAQ &#8211; Associa\u00e7\u00e3o Brasileira da Ind\u00fastria de M\u00e1quinas e Equipamentos &#8211; Informa Markets e mais de 80 entidades [&hellip;]<\/p>\n","protected":false},"author":54,"featured_media":0,"parent":0,"menu_order":0,"comment_status":"closed","ping_status":"closed","template":"","meta":{"_acf_changed":false,"footnotes":""},"class_list":["post-98142","page","type-page","status-publish","hentry"],"acf":[],"_links":{"self":[{"href":"https:\/\/www.tele-radio.com\/pt-br\/wp-json\/wp\/v2\/pages\/98142","targetHints":{"allow":["GET"]}}],"collection":[{"href":"https:\/\/www.tele-radio.com\/pt-br\/wp-json\/wp\/v2\/pages"}],"about":[{"href":"https:\/\/www.tele-radio.com\/pt-br\/wp-json\/wp\/v2\/types\/page"}],"author":[{"embeddable":true,"href":"https:\/\/www.tele-radio.com\/pt-br\/wp-json\/wp\/v2\/users\/54"}],"replies":[{"embeddable":true,"href":"https:\/\/www.tele-radio.com\/pt-br\/wp-json\/wp\/v2\/comments?post=98142"}],"version-history":[{"count":18,"href":"https:\/\/www.tele-radio.com\/pt-br\/wp-json\/wp\/v2\/pages\/98142\/revisions"}],"predecessor-version":[{"id":98917,"href":"https:\/\/www.tele-radio.com\/pt-br\/wp-json\/wp\/v2\/pages\/98142\/revisions\/98917"}],"wp:attachment":[{"href":"https:\/\/www.tele-radio.com\/pt-br\/wp-json\/wp\/v2\/media?parent=98142"}],"curies":[{"name":"wp","href":"https:\/\/api.w.org\/{rel}","templated":true}]}}