{"id":85198,"date":"2021-11-04T16:07:27","date_gmt":"2021-11-04T16:07:27","guid":{"rendered":"https:\/\/www.tele-radio.com\/?page_id=85198"},"modified":"2025-08-06T09:05:24","modified_gmt":"2025-08-06T09:05:24","slug":"casos-de-clientes","status":"publish","type":"page","link":"https:\/\/www.tele-radio.com\/pt-br\/casos-de-clientes\/","title":{"rendered":"Casos de clientes"},"content":{"rendered":"\n<div style=\"height:20px\" aria-hidden=\"true\" class=\"wp-block-spacer\"><\/div>\n\n\n\n<h1 class=\"wp-block-heading has-text-align-center\">Casos de clientes<\/h1>\n\n\n\n<p class=\"has-text-align-center\">\u00c9 a confian\u00e7a de nossos clientes que nos trouxe onde estamos hoje. Saiba mais sobre como ajudamos alguns deles.<\/p>\n\n\n\n<div class=\"wp-block-cover\"><img loading=\"lazy\" decoding=\"async\" width=\"1200\" height=\"800\" class=\"wp-block-cover__image-background wp-image-265233 size-large\" alt=\"\" src=\"https:\/\/www.tele-radio.com\/app\/uploads\/\/DSC07128-1200x800.jpg\" data-object-fit=\"cover\" srcset=\"https:\/\/www.tele-radio.com\/app\/uploads\/DSC07128-1200x800.jpg 1200w, https:\/\/www.tele-radio.com\/app\/uploads\/DSC07128-400x267.jpg 400w, https:\/\/www.tele-radio.com\/app\/uploads\/DSC07128-768x512.jpg 768w, https:\/\/www.tele-radio.com\/app\/uploads\/DSC07128-1536x1024.jpg 1536w, https:\/\/www.tele-radio.com\/app\/uploads\/DSC07128-2048x1365.jpg 2048w, https:\/\/www.tele-radio.com\/app\/uploads\/DSC07128-750x500.jpg 750w, https:\/\/www.tele-radio.com\/app\/uploads\/DSC07128-500x333.jpg 500w, https:\/\/www.tele-radio.com\/app\/uploads\/DSC07128-1600x1067.jpg 1600w, https:\/\/www.tele-radio.com\/app\/uploads\/DSC07128-800x533.jpg 800w\" sizes=\"auto, (max-width: 1200px) 100vw, 1200px\" \/><span aria-hidden=\"true\" class=\"wp-block-cover__background has-black-background-color has-background-dim\"><\/span><div class=\"wp-block-cover__inner-container is-layout-constrained wp-block-cover-is-layout-constrained\">\n<p class=\"has-text-align-center has-white-color has-text-color has-link-color has-large-font-size wp-elements-8111e78dde596c8f519dc2b5b43a8e81\" style=\"font-style:normal;font-weight:500\">Strong Machines Brazil<\/p>\n\n\n\n<p class=\"has-text-align-center has-white-color has-text-color has-link-color wp-elements-42c89b2653eeb0b9bbdd12aef8ab48b3\">Controle sem fio para pontes rolantes em tandem: <br>M\u00e1xima precis\u00e3o, sincronia e seguran\u00e7a<\/p>\n\n\n\n<p class=\"has-text-align-center has-luminous-vivid-amber-color has-text-color has-link-color wp-elements-32350b3d6d51c2b2f1a72124c7aa5822\"><a href=\"https:\/\/www.tele-radio.com\/pt-br\/controle-sem-fio-para-pontes-rolantes-em-tandem\/\">Ler mais<\/a><\/p>\n<\/div><\/div>\n\n\n\n<div style=\"height:60px\" aria-hidden=\"true\" class=\"wp-block-spacer\"><\/div>\n\n\n\n<div class=\"wp-block-columns is-layout-flex wp-container-core-columns-is-layout-9d6595d7 wp-block-columns-is-layout-flex\">\n<div class=\"wp-block-column is-layout-flow wp-block-column-is-layout-flow\">\n<div class=\"wp-block-cover is-light\"><img loading=\"lazy\" decoding=\"async\" width=\"1500\" height=\"1174\" class=\"wp-block-cover__image-background wp-image-32130\" alt=\"\" src=\"https:\/\/www.tele-radio.com\/app\/uploads\/Tele-Radio-solution-for-Volvo-remote-control-with-Exster-mobile.jpg\" data-object-fit=\"cover\" srcset=\"https:\/\/www.tele-radio.com\/app\/uploads\/Tele-Radio-solution-for-Volvo-remote-control-with-Exster-mobile.jpg 1500w, https:\/\/www.tele-radio.com\/app\/uploads\/Tele-Radio-solution-for-Volvo-remote-control-with-Exster-mobile-400x313.jpg 400w, https:\/\/www.tele-radio.com\/app\/uploads\/Tele-Radio-solution-for-Volvo-remote-control-with-Exster-mobile-768x601.jpg 768w, https:\/\/www.tele-radio.com\/app\/uploads\/Tele-Radio-solution-for-Volvo-remote-control-with-Exster-mobile-1200x939.jpg 1200w, https:\/\/www.tele-radio.com\/app\/uploads\/Tele-Radio-solution-for-Volvo-remote-control-with-Exster-mobile-750x587.jpg 750w, https:\/\/www.tele-radio.com\/app\/uploads\/Tele-Radio-solution-for-Volvo-remote-control-with-Exster-mobile-500x391.jpg 500w, https:\/\/www.tele-radio.com\/app\/uploads\/Tele-Radio-solution-for-Volvo-remote-control-with-Exster-mobile-800x626.jpg 800w\" sizes=\"auto, (max-width: 1500px) 100vw, 1500px\" \/><span aria-hidden=\"true\" class=\"wp-block-cover__background has-background-dim-60 has-background-dim\"><\/span><div class=\"wp-block-cover__inner-container is-layout-flow wp-block-cover-is-layout-flow\">\n<p class=\"has-text-align-center has-white-color has-text-color has-link-color has-large-font-size wp-elements-e7e2b747417e9139760be2c0089fb8e3\">Volvo Reus Fleming<\/p>\n\n\n\n<p class=\"has-text-align-center has-white-color has-text-color has-link-color wp-elements-23d40056b8dbca6ebe88c45b1425b29e\">Controle remoto de caminh\u00f5es Volvo Trucks e suas fun\u00e7\u00f5es<\/p>\n\n\n\n<p class=\"has-text-align-center has-luminous-vivid-amber-color has-text-color\"><a href=\"https:\/\/www.tele-radio.com\/pt-br\/volvo-trucks-reus-fleming-tele-radio\/\">Ler mais \u2192<\/a><\/p>\n<\/div><\/div>\n\n\n\n<p><\/p>\n<\/div>\n\n\n\n<div class=\"wp-block-column is-layout-flow wp-block-column-is-layout-flow\">\n<div class=\"wp-block-cover is-light\"><img loading=\"lazy\" decoding=\"async\" width=\"742\" height=\"820\" class=\"wp-block-cover__image-background wp-image-103197\" alt=\"\" src=\"https:\/\/www.tele-radio.com\/app\/uploads\/Resized_20190920_145257-2-2.jpg\" data-object-fit=\"cover\" srcset=\"https:\/\/www.tele-radio.com\/app\/uploads\/Resized_20190920_145257-2-2.jpg 742w, https:\/\/www.tele-radio.com\/app\/uploads\/Resized_20190920_145257-2-2-362x400.jpg 362w, https:\/\/www.tele-radio.com\/app\/uploads\/Resized_20190920_145257-2-2-679x750.jpg 679w, https:\/\/www.tele-radio.com\/app\/uploads\/Resized_20190920_145257-2-2-452x500.jpg 452w, https:\/\/www.tele-radio.com\/app\/uploads\/Resized_20190920_145257-2-2-724x800.jpg 724w\" sizes=\"auto, (max-width: 742px) 100vw, 742px\" \/><span aria-hidden=\"true\" class=\"wp-block-cover__background has-background-dim\"><\/span><div class=\"wp-block-cover__inner-container is-layout-flow wp-block-cover-is-layout-flow\">\n<p class=\"has-text-align-center has-white-color has-text-color has-link-color has-large-font-size wp-elements-da1a7a0d7e3c2a93b1c86dd69240631b\">Groupe Industriel Premium<\/p>\n\n\n\n<p class=\"has-text-align-center has-white-color has-text-color has-link-color wp-elements-2982220dcf63df9eb762a8c72cd3727b\">Os sistemas de controle remoto da Tele Radio operam 18 Pontes Rolantes<\/p>\n\n\n\n<p class=\"has-text-align-center has-luminous-vivid-amber-color has-text-color has-link-color wp-elements-060efb4ad931a570c707bd4b369d3f85\"><meta charset=\"utf-8\"><\/meta><a href=\"https:\/\/www.tele-radio.com\/pt-br\/groupe-industriel-premiums-success-story\/\">Ler mais \u2192<\/a><\/p>\n<\/div><\/div>\n<\/div>\n\n\n\n<div class=\"wp-block-column is-layout-flow wp-block-column-is-layout-flow\">\n<div class=\"wp-block-cover is-light\"><img loading=\"lazy\" decoding=\"async\" width=\"800\" height=\"800\" class=\"wp-block-cover__image-background wp-image-24501\" alt=\"\" src=\"https:\/\/www.tele-radio.com\/app\/uploads\/EuroPrima_mobile.jpg\" data-object-fit=\"cover\" srcset=\"https:\/\/www.tele-radio.com\/app\/uploads\/EuroPrima_mobile.jpg 800w, https:\/\/www.tele-radio.com\/app\/uploads\/EuroPrima_mobile-150x150.jpg 150w, https:\/\/www.tele-radio.com\/app\/uploads\/EuroPrima_mobile-400x400.jpg 400w, https:\/\/www.tele-radio.com\/app\/uploads\/EuroPrima_mobile-768x768.jpg 768w, https:\/\/www.tele-radio.com\/app\/uploads\/EuroPrima_mobile-250x250.jpg 250w, https:\/\/www.tele-radio.com\/app\/uploads\/EuroPrima_mobile-750x750.jpg 750w, https:\/\/www.tele-radio.com\/app\/uploads\/EuroPrima_mobile-500x500.jpg 500w\" sizes=\"auto, (max-width: 800px) 100vw, 800px\" \/><span aria-hidden=\"true\" class=\"wp-block-cover__background has-background-dim-60 has-background-dim\"><\/span><div class=\"wp-block-cover__inner-container is-layout-flow wp-block-cover-is-layout-flow\">\n<p class=\"has-text-align-center has-white-color has-text-color has-link-color has-large-font-size wp-elements-5ea3f67eac1d8ebf7c99b1785cec7ba3\">Euro Prima Doo<\/p>\n\n\n\n<p class=\"has-text-align-center has-white-color has-text-color has-link-color wp-elements-e9a82419ed337b8242267513d4140b11\">Controle de colheitadeiras para um fornecedor s\u00e9rvio de maquin\u00e1rio especializado<\/p>\n\n\n\n<p class=\"has-text-align-center has-luminous-vivid-amber-color has-text-color\"><a href=\"https:\/\/www.tele-radio.com\/pt-br\/euro-prima-doo\/\">Ler mais \u2192<\/a><\/p>\n<\/div><\/div>\n<\/div>\n<\/div>\n\n\n\n<p><\/p>\n\n\n\n<div class=\"wp-block-columns is-layout-flex wp-container-core-columns-is-layout-9d6595d7 wp-block-columns-is-layout-flex\">\n<div class=\"wp-block-column is-layout-flow wp-block-column-is-layout-flow\">\n<div class=\"wp-block-cover is-light\"><img loading=\"lazy\" decoding=\"async\" width=\"800\" height=\"800\" class=\"wp-block-cover__image-background wp-image-9728\" alt=\"\" src=\"https:\/\/www.tele-radio.com\/app\/uploads\/munck.jpg\" data-object-fit=\"cover\" srcset=\"https:\/\/www.tele-radio.com\/app\/uploads\/munck.jpg 800w, https:\/\/www.tele-radio.com\/app\/uploads\/munck-150x150.jpg 150w, https:\/\/www.tele-radio.com\/app\/uploads\/munck-400x400.jpg 400w, https:\/\/www.tele-radio.com\/app\/uploads\/munck-768x768.jpg 768w, https:\/\/www.tele-radio.com\/app\/uploads\/munck-250x250.jpg 250w, https:\/\/www.tele-radio.com\/app\/uploads\/munck-750x750.jpg 750w, https:\/\/www.tele-radio.com\/app\/uploads\/munck-500x500.jpg 500w\" sizes=\"auto, (max-width: 800px) 100vw, 800px\" \/><span aria-hidden=\"true\" class=\"wp-block-cover__background has-background-dim-60 has-background-dim\"><\/span><div class=\"wp-block-cover__inner-container is-layout-flow wp-block-cover-is-layout-flow\">\n<p class=\"has-text-align-center has-white-color has-text-color has-link-color has-large-font-size wp-elements-027bce9ce264e6f1bcfba74b81445818\">Munck Cranes A\/S<\/p>\n\n\n\n<p class=\"has-text-align-center has-white-color has-text-color has-link-color wp-elements-a5f297307cb4dc8b4944c2f10469fa38\">Fornecimento de sistemas de controle remoto para o primeiro fabricante de guindaste que os implementou<\/p>\n\n\n\n<p class=\"has-text-align-center has-luminous-vivid-amber-color has-text-color\"><a href=\"https:\/\/www.tele-radio.com\/pt-br\/munck-pontes-rolantes\/\">Ler mais \u2192<\/a><\/p>\n<\/div><\/div>\n\n\n\n<p><\/p>\n<\/div>\n\n\n\n<div class=\"wp-block-column is-layout-flow wp-block-column-is-layout-flow\">\n<div class=\"wp-block-cover is-light\"><img loading=\"lazy\" decoding=\"async\" width=\"800\" height=\"800\" class=\"wp-block-cover__image-background wp-image-39482\" alt=\"\" src=\"https:\/\/www.tele-radio.com\/app\/uploads\/easysilage-1.jpg\" data-object-fit=\"cover\" srcset=\"https:\/\/www.tele-radio.com\/app\/uploads\/easysilage-1.jpg 800w, https:\/\/www.tele-radio.com\/app\/uploads\/easysilage-1-150x150.jpg 150w, https:\/\/www.tele-radio.com\/app\/uploads\/easysilage-1-400x400.jpg 400w, https:\/\/www.tele-radio.com\/app\/uploads\/easysilage-1-768x768.jpg 768w, https:\/\/www.tele-radio.com\/app\/uploads\/easysilage-1-250x250.jpg 250w, https:\/\/www.tele-radio.com\/app\/uploads\/easysilage-1-750x750.jpg 750w, https:\/\/www.tele-radio.com\/app\/uploads\/easysilage-1-500x500.jpg 500w\" sizes=\"auto, (max-width: 800px) 100vw, 800px\" \/><span aria-hidden=\"true\" class=\"wp-block-cover__background has-background-dim-60 has-background-dim\"><\/span><div class=\"wp-block-cover__inner-container is-layout-flow wp-block-cover-is-layout-flow\">\n<p class=\"has-text-align-center has-white-color has-text-color has-link-color has-large-font-size wp-elements-8fa8c0aeff92a40ede45196b09e07b3f\">Easy Silage BV<\/p>\n\n\n\n<p class=\"has-text-align-center has-white-color has-text-color has-link-color wp-elements-8a6f436923f51969b9591ca5f3e43eef\">Sistema de cobertura de silo de bra\u00e7adeira com controle remoto<\/p>\n\n\n\n<p class=\"has-text-align-center has-luminous-vivid-amber-color has-text-color\"><a href=\"https:\/\/www.tele-radio.com\/pt-br\/easy-silage\/\">Ler mais \u2192<\/a><\/p>\n<\/div><\/div>\n<\/div>\n\n\n\n<div class=\"wp-block-column is-layout-flow wp-block-column-is-layout-flow\">\n<div class=\"wp-block-cover is-light\"><img loading=\"lazy\" decoding=\"async\" width=\"800\" height=\"800\" class=\"wp-block-cover__image-background wp-image-9764\" alt=\"\" src=\"https:\/\/www.tele-radio.com\/app\/uploads\/Thames.jpg\" data-object-fit=\"cover\" srcset=\"https:\/\/www.tele-radio.com\/app\/uploads\/Thames.jpg 800w, https:\/\/www.tele-radio.com\/app\/uploads\/Thames-150x150.jpg 150w, https:\/\/www.tele-radio.com\/app\/uploads\/Thames-400x400.jpg 400w, https:\/\/www.tele-radio.com\/app\/uploads\/Thames-768x768.jpg 768w, https:\/\/www.tele-radio.com\/app\/uploads\/Thames-250x250.jpg 250w, https:\/\/www.tele-radio.com\/app\/uploads\/Thames-750x750.jpg 750w, https:\/\/www.tele-radio.com\/app\/uploads\/Thames-500x500.jpg 500w\" sizes=\"auto, (max-width: 800px) 100vw, 800px\" \/><span aria-hidden=\"true\" class=\"wp-block-cover__background has-background-dim-60 has-background-dim\"><\/span><div class=\"wp-block-cover__inner-container is-layout-flow wp-block-cover-is-layout-flow\">\n<p class=\"has-text-align-center has-white-color has-text-color has-link-color has-large-font-size wp-elements-a517c7627cf4cde19a7557a6e9ceb546\">Thames Reinforcements<\/p>\n\n\n\n<p class=\"has-text-align-center has-white-color has-text-color has-link-color wp-elements-c231d3add90edda4240745591c1f1b75\">Substitui\u00e7\u00e3o de sistemas existentes por Tele Radio em uma f\u00e1brica de vergalh\u00f5es de a\u00e7o<\/p>\n\n\n\n<p class=\"has-text-align-center has-luminous-vivid-amber-color has-text-color\"><a href=\"https:\/\/www.tele-radio.com\/pt-br\/thames-reinforcements-ltd\/\">Ler mais \u2192<\/a><\/p>\n<\/div><\/div>\n<\/div>\n<\/div>\n\n\n\n<div style=\"height:60px\" aria-hidden=\"true\" class=\"wp-block-spacer\"><\/div>\n\n\n\n<p class=\"has-text-align-center\" style=\"font-size:32px\"><strong>Outros clientes que confiam em nossa marca<\/strong><\/p>\n\n\n\n<div style=\"height:20px\" aria-hidden=\"true\" class=\"wp-block-spacer\"><\/div>\n\n\n\n<div class=\"wp-block-columns are-vertically-aligned-center is-layout-flex wp-container-core-columns-is-layout-9d6595d7 wp-block-columns-is-layout-flex\">\n<div class=\"wp-block-column is-vertically-aligned-center is-layout-flow wp-block-column-is-layout-flow\"><div class=\"wp-block-image\">\n<figure class=\"aligncenter size-large\"><img loading=\"lazy\" decoding=\"async\" width=\"130\" height=\"73\" src=\"https:\/\/www.tele-radio.com\/app\/uploads\/Caterpillar-Logo.png\" alt=\"\" class=\"wp-image-55802\"\/><\/figure><\/div><\/div>\n\n\n\n<div class=\"wp-block-column is-vertically-aligned-center is-layout-flow wp-block-column-is-layout-flow\"><div class=\"wp-block-image\">\n<figure class=\"aligncenter size-large\"><img loading=\"lazy\" decoding=\"async\" width=\"130\" height=\"131\" src=\"https:\/\/www.tele-radio.com\/app\/uploads\/Tesla-logo.png\" alt=\"\" class=\"wp-image-55823\"\/><\/figure><\/div><\/div>\n\n\n\n<div class=\"wp-block-column is-vertically-aligned-center is-layout-flow wp-block-column-is-layout-flow\"><div class=\"wp-block-image\">\n<figure class=\"aligncenter size-large\"><img loading=\"lazy\" decoding=\"async\" width=\"130\" height=\"87\" src=\"https:\/\/www.tele-radio.com\/app\/uploads\/John_Deere_logo.png\" alt=\"\" class=\"wp-image-55844\"\/><\/figure><\/div><\/div>\n\n\n\n<div class=\"wp-block-column is-vertically-aligned-center is-layout-flow wp-block-column-is-layout-flow\"><div class=\"wp-block-image\">\n<figure class=\"aligncenter size-large\"><img loading=\"lazy\" decoding=\"async\" width=\"200\" height=\"57\" src=\"https:\/\/www.tele-radio.com\/app\/uploads\/toyota-industrial-equipment.png\" alt=\"\" class=\"wp-image-55865\"\/><\/figure><\/div><\/div>\n<\/div>\n\n\n\n<div class=\"wp-block-columns are-vertically-aligned-center is-layout-flex wp-container-core-columns-is-layout-9d6595d7 wp-block-columns-is-layout-flex\">\n<div class=\"wp-block-column is-vertically-aligned-center is-layout-flow wp-block-column-is-layout-flow\"><div class=\"wp-block-image\">\n<figure class=\"aligncenter size-large\"><img loading=\"lazy\" decoding=\"async\" width=\"130\" height=\"59\" src=\"https:\/\/www.tele-radio.com\/app\/uploads\/IBM_logo.svg_.png\" alt=\"\" class=\"wp-image-55886\"\/><\/figure><\/div><\/div>\n\n\n\n<div class=\"wp-block-column is-vertically-aligned-center is-layout-flow wp-block-column-is-layout-flow\"><div class=\"wp-block-image\">\n<figure class=\"aligncenter size-large\"><img loading=\"lazy\" decoding=\"async\" width=\"150\" height=\"58\" src=\"https:\/\/www.tele-radio.com\/app\/uploads\/kito_logo.png\" alt=\"\" class=\"wp-image-55907\"\/><\/figure><\/div><\/div>\n\n\n\n<div class=\"wp-block-column is-vertically-aligned-center is-layout-flow wp-block-column-is-layout-flow\"><div class=\"wp-block-image\">\n<figure class=\"aligncenter size-large\"><img loading=\"lazy\" decoding=\"async\" width=\"150\" height=\"18\" src=\"https:\/\/www.tele-radio.com\/app\/uploads\/Konecranes-Logo.svg_.png\" alt=\"\" class=\"wp-image-55928\"\/><\/figure><\/div><\/div>\n\n\n\n<div class=\"wp-block-column is-vertically-aligned-center is-layout-flow wp-block-column-is-layout-flow\"><div class=\"wp-block-image\">\n<figure class=\"aligncenter size-large\"><img loading=\"lazy\" decoding=\"async\" width=\"212\" height=\"75\" src=\"https:\/\/www.tele-radio.com\/app\/uploads\/bruno-industrial.png\" alt=\"\" class=\"wp-image-61459\"\/><\/figure><\/div><\/div>\n<\/div>\n\n\n\n<div style=\"height:60px\" aria-hidden=\"true\" class=\"wp-block-spacer\"><\/div>\n","protected":false},"excerpt":{"rendered":"<p>Casos de clientes \u00c9 a confian\u00e7a de nossos clientes que nos trouxe onde estamos hoje. Saiba mais sobre como ajudamos alguns deles. Outros clientes que confiam em nossa marca<\/p>\n","protected":false},"author":54,"featured_media":0,"parent":0,"menu_order":0,"comment_status":"closed","ping_status":"closed","template":"","meta":{"_acf_changed":false,"footnotes":""},"class_list":["post-85198","page","type-page","status-publish","hentry"],"acf":[],"_links":{"self":[{"href":"https:\/\/www.tele-radio.com\/pt-br\/wp-json\/wp\/v2\/pages\/85198","targetHints":{"allow":["GET"]}}],"collection":[{"href":"https:\/\/www.tele-radio.com\/pt-br\/wp-json\/wp\/v2\/pages"}],"about":[{"href":"https:\/\/www.tele-radio.com\/pt-br\/wp-json\/wp\/v2\/types\/page"}],"author":[{"embeddable":true,"href":"https:\/\/www.tele-radio.com\/pt-br\/wp-json\/wp\/v2\/users\/54"}],"replies":[{"embeddable":true,"href":"https:\/\/www.tele-radio.com\/pt-br\/wp-json\/wp\/v2\/comments?post=85198"}],"version-history":[{"count":23,"href":"https:\/\/www.tele-radio.com\/pt-br\/wp-json\/wp\/v2\/pages\/85198\/revisions"}],"predecessor-version":[{"id":265944,"href":"https:\/\/www.tele-radio.com\/pt-br\/wp-json\/wp\/v2\/pages\/85198\/revisions\/265944"}],"wp:attachment":[{"href":"https:\/\/www.tele-radio.com\/pt-br\/wp-json\/wp\/v2\/media?parent=85198"}],"curies":[{"name":"wp","href":"https:\/\/api.w.org\/{rel}","templated":true}]}}