{"id":62642,"date":"2021-03-22T12:12:23","date_gmt":"2021-03-22T12:12:23","guid":{"rendered":"https:\/\/www.tele-radio.com\/?page_id=62642"},"modified":"2021-03-22T12:21:44","modified_gmt":"2021-03-22T12:21:44","slug":"t80-leopard","status":"publish","type":"page","link":"https:\/\/www.tele-radio.com\/pt-br\/produtos-descontinuados\/t80-leopard\/","title":{"rendered":"T80 Leopard"},"content":{"rendered":"\n<h1>Tele Radio T80 Leopard<\/h1>\n\n\n\n<div class=\"wp-block-columns is-layout-flex wp-container-core-columns-is-layout-9d6595d7 wp-block-columns-is-layout-flex\">\n<div class=\"wp-block-column is-layout-flow wp-block-column-is-layout-flow\" style=\"flex-basis:40%\">\n<div class=\"wp-block-image\"><figure class=\"aligncenter size-medium\"><img loading=\"lazy\" decoding=\"async\" width=\"400\" height=\"294\" src=\"https:\/\/www.tele-radio.com\/app\/uploads\/\/T80-leopard-retired-system-Tele-Radio-1-400x294.jpg\" alt=\"\" class=\"wp-image-11618\" srcset=\"https:\/\/www.tele-radio.com\/app\/uploads\/T80-leopard-retired-system-Tele-Radio-1-400x294.jpg 400w, https:\/\/www.tele-radio.com\/app\/uploads\/T80-leopard-retired-system-Tele-Radio-1-500x367.jpg 500w, https:\/\/www.tele-radio.com\/app\/uploads\/T80-leopard-retired-system-Tele-Radio-1.jpg 626w\" sizes=\"auto, (max-width: 400px) 100vw, 400px\" \/><\/figure><\/div>\n<\/div>\n\n\n\n<div class=\"wp-block-column is-layout-flow wp-block-column-is-layout-flow\" style=\"flex-basis:60%\">\n<p>O <strong>sistema T80 Leopard<\/strong> foi introduzido em 2006 e foi um sistema robusto com um transmissor e dois tipos de receptores voltados para a ind\u00fastria de eleva\u00e7\u00e3o de carga. O sistema possu\u00eda a fun\u00e7\u00e3o de parada que cumpria as normas de seguran\u00e7a da categoria 3 e PLd.<\/p>\n\n\n\n<h2 class=\"wp-block-heading\">Substitui\u00e7\u00e3o<\/h2>\n\n\n\n<p>O sistema foi descontinuado no fim de 2012 e foi <strong>substitu\u00eddo principalmente pelo sistema Tiger G2<\/strong> para aplica\u00e7\u00f5es semelhantes.<\/p>\n\n\n\n<div class=\"wp-block-buttons is-layout-flex wp-block-buttons-is-layout-flex\">\n<div class=\"wp-block-button\"><a class=\"wp-block-button__link has-background\" href=\"https:\/\/www.tele-radio.com\/pt-br\/products\/tiger-g2\/\" style=\"background-color:#feb914\">Ver Sistemas Tiger G2<\/a><\/div>\n<\/div>\n\n\n\n<div style=\"height:20px\" aria-hidden=\"true\" class=\"wp-block-spacer\"><\/div>\n<\/div>\n<\/div>\n\n\n\n<p>Procurando por instru\u00e7\u00f5es de instala\u00e7\u00e3o documentos t\u00e9cnicos de Tiger Generation 1? V\u00e1 para a <a href=\"https:\/\/www.tele-radio.com\/pt-br\/suporte\/downloads\/\">se\u00e7\u00e3o de download<\/a>.<\/p>\n\n\n\n<div style=\"height:40px\" aria-hidden=\"true\" class=\"wp-block-spacer\"><\/div>\n","protected":false},"excerpt":{"rendered":"<p>Tele Radio T80 Leopard O sistema T80 Leopard foi introduzido em 2006 e foi um sistema robusto com um transmissor e dois tipos de receptores voltados para a ind\u00fastria de eleva\u00e7\u00e3o de carga. O sistema possu\u00eda a fun\u00e7\u00e3o de parada que cumpria as normas de seguran\u00e7a da categoria 3 e PLd. Substitui\u00e7\u00e3o O sistema foi [&hellip;]<\/p>\n","protected":false},"author":54,"featured_media":0,"parent":24671,"menu_order":0,"comment_status":"closed","ping_status":"closed","template":"","meta":{"_acf_changed":false,"footnotes":""},"class_list":["post-62642","page","type-page","status-publish","hentry"],"acf":[],"_links":{"self":[{"href":"https:\/\/www.tele-radio.com\/pt-br\/wp-json\/wp\/v2\/pages\/62642","targetHints":{"allow":["GET"]}}],"collection":[{"href":"https:\/\/www.tele-radio.com\/pt-br\/wp-json\/wp\/v2\/pages"}],"about":[{"href":"https:\/\/www.tele-radio.com\/pt-br\/wp-json\/wp\/v2\/types\/page"}],"author":[{"embeddable":true,"href":"https:\/\/www.tele-radio.com\/pt-br\/wp-json\/wp\/v2\/users\/54"}],"replies":[{"embeddable":true,"href":"https:\/\/www.tele-radio.com\/pt-br\/wp-json\/wp\/v2\/comments?post=62642"}],"version-history":[{"count":8,"href":"https:\/\/www.tele-radio.com\/pt-br\/wp-json\/wp\/v2\/pages\/62642\/revisions"}],"predecessor-version":[{"id":62667,"href":"https:\/\/www.tele-radio.com\/pt-br\/wp-json\/wp\/v2\/pages\/62642\/revisions\/62667"}],"up":[{"embeddable":true,"href":"https:\/\/www.tele-radio.com\/pt-br\/wp-json\/wp\/v2\/pages\/24671"}],"wp:attachment":[{"href":"https:\/\/www.tele-radio.com\/pt-br\/wp-json\/wp\/v2\/media?parent=62642"}],"curies":[{"name":"wp","href":"https:\/\/api.w.org\/{rel}","templated":true}]}}