{"id":62637,"date":"2021-03-22T12:09:11","date_gmt":"2021-03-22T12:09:11","guid":{"rendered":"https:\/\/www.tele-radio.com\/?page_id=62637"},"modified":"2021-03-22T12:21:37","modified_gmt":"2021-03-22T12:21:37","slug":"860-lion-remotes","status":"publish","type":"page","link":"https:\/\/www.tele-radio.com\/pt-br\/produtos-descontinuados\/860-lion-remotes\/","title":{"rendered":"Controle Remoto 860 Lion"},"content":{"rendered":"\n<h1>Controle Remoto 860 Lion de Tele Radio<\/h1>\n\n\n\n<div class=\"wp-block-columns is-layout-flex wp-container-core-columns-is-layout-9d6595d7 wp-block-columns-is-layout-flex\">\n<div class=\"wp-block-column is-layout-flow wp-block-column-is-layout-flow\" style=\"flex-basis:40%\">\n<div class=\"wp-block-image\"><figure class=\"aligncenter size-medium\"><img loading=\"lazy\" decoding=\"async\" width=\"400\" height=\"252\" src=\"https:\/\/www.tele-radio.com\/app\/uploads\/\/860-lion-retired-system-tele-radio-1-400x252.jpg\" alt=\"\" class=\"wp-image-11600\" srcset=\"https:\/\/www.tele-radio.com\/app\/uploads\/860-lion-retired-system-tele-radio-1-400x252.jpg 400w, https:\/\/www.tele-radio.com\/app\/uploads\/860-lion-retired-system-tele-radio-1-500x315.jpg 500w, https:\/\/www.tele-radio.com\/app\/uploads\/860-lion-retired-system-tele-radio-1.jpg 626w\" sizes=\"auto, (max-width: 400px) 100vw, 400px\" \/><\/figure><\/div>\n<\/div>\n\n\n\n<div class=\"wp-block-column is-layout-flow wp-block-column-is-layout-flow\" style=\"flex-basis:60%\">\n<p>O 860 Lion foi introduzido em 2003 para oferecer ao mercado um avan\u00e7o tecnol\u00f3gico dos sistemas de controle que tamb\u00e9m atendeu aos padr\u00f5es emergentes de seguran\u00e7a da \u00e9poca. Inicialmente o sistema foi oferecido com transmissores tipo botoeira de 10 e 12 bot\u00f5es e receptores que variam de 10 a 24 rel\u00e9s de fun\u00e7\u00f5es. Mais tarde, os transmissores de joystick tamb\u00e9m foram inclu\u00eddos.<\/p>\n\n\n\n<p>Para seu tempo, o 860 Lion era um sistema muito seguro. Ele tinha uma fun\u00e7\u00e3o de parada aprovada de acordo com a categoria 3 e PLd. Os rel\u00e9s de seguran\u00e7a dedicados monitoraram a fun\u00e7\u00e3o stop.<\/p>\n\n\n\n<p>Com 860 Lion voc\u00ea tinha muitas op\u00e7\u00f5es e fun\u00e7\u00f5es incorporadas como padr\u00e3o. Voc\u00ea podia controlar 2 receptores, independentemente ou simultaneamente, uma fun\u00e7\u00e3o tamb\u00e9m chamada de tandem. O sistema transmitia em at\u00e9 69 freq\u00fc\u00eancias diferentes entre 433-434 MHz.<\/p>\n<\/div>\n<\/div>\n\n\n\n<h2 class=\"wp-block-heading\">Substitui\u00e7\u00e3o<\/h2>\n\n\n\n<p>O sistema come\u00e7ou a ser substitu\u00eddo pelo sistema Tiger durante 2010-2013 e foi finalmente descontinuado em favor do Tiger G2, sistema que&nbsp;<strong>cumpre o padr\u00e3o SIL3<\/strong>&nbsp;e que o Lion 860 n\u00e3o.<\/p>\n\n\n\n<div class=\"wp-block-buttons is-layout-flex wp-block-buttons-is-layout-flex\">\n<div class=\"wp-block-button\"><a class=\"wp-block-button__link has-background\" href=\"https:\/\/www.tele-radio.com\/pt-br\/products\/tiger-g2\/\" style=\"background-color:#feb914\">Ver Sistemas Tiger G2<\/a><\/div>\n<\/div>\n\n\n\n<div style=\"height:20px\" aria-hidden=\"true\" class=\"wp-block-spacer\"><\/div>\n\n\n\n<p>Procurando por instru\u00e7\u00f5es de instala\u00e7\u00e3o documentos t\u00e9cnicos de Tiger Generation 1? V\u00e1 para a <a href=\"https:\/\/www.tele-radio.com\/pt-br\/suporte\/downloads\/\">se\u00e7\u00e3o de download<\/a>.<\/p>\n\n\n\n<div style=\"height:20px\" aria-hidden=\"true\" class=\"wp-block-spacer\"><\/div>\n","protected":false},"excerpt":{"rendered":"<p>Controle Remoto 860 Lion de Tele Radio O 860 Lion foi introduzido em 2003 para oferecer ao mercado um avan\u00e7o tecnol\u00f3gico dos sistemas de controle que tamb\u00e9m atendeu aos padr\u00f5es emergentes de seguran\u00e7a da \u00e9poca. Inicialmente o sistema foi oferecido com transmissores tipo botoeira de 10 e 12 bot\u00f5es e receptores que variam de 10 [&hellip;]<\/p>\n","protected":false},"author":54,"featured_media":0,"parent":24671,"menu_order":0,"comment_status":"closed","ping_status":"closed","template":"","meta":{"_acf_changed":false,"footnotes":""},"class_list":["post-62637","page","type-page","status-publish","hentry"],"acf":[],"_links":{"self":[{"href":"https:\/\/www.tele-radio.com\/pt-br\/wp-json\/wp\/v2\/pages\/62637","targetHints":{"allow":["GET"]}}],"collection":[{"href":"https:\/\/www.tele-radio.com\/pt-br\/wp-json\/wp\/v2\/pages"}],"about":[{"href":"https:\/\/www.tele-radio.com\/pt-br\/wp-json\/wp\/v2\/types\/page"}],"author":[{"embeddable":true,"href":"https:\/\/www.tele-radio.com\/pt-br\/wp-json\/wp\/v2\/users\/54"}],"replies":[{"embeddable":true,"href":"https:\/\/www.tele-radio.com\/pt-br\/wp-json\/wp\/v2\/comments?post=62637"}],"version-history":[{"count":6,"href":"https:\/\/www.tele-radio.com\/pt-br\/wp-json\/wp\/v2\/pages\/62637\/revisions"}],"predecessor-version":[{"id":62665,"href":"https:\/\/www.tele-radio.com\/pt-br\/wp-json\/wp\/v2\/pages\/62637\/revisions\/62665"}],"up":[{"embeddable":true,"href":"https:\/\/www.tele-radio.com\/pt-br\/wp-json\/wp\/v2\/pages\/24671"}],"wp:attachment":[{"href":"https:\/\/www.tele-radio.com\/pt-br\/wp-json\/wp\/v2\/media?parent=62637"}],"curies":[{"name":"wp","href":"https:\/\/api.w.org\/{rel}","templated":true}]}}