{"id":62632,"date":"2021-03-22T12:07:09","date_gmt":"2021-03-22T12:07:09","guid":{"rendered":"https:\/\/www.tele-radio.com\/?page_id=62632"},"modified":"2021-03-22T12:21:21","modified_gmt":"2021-03-22T12:21:21","slug":"tiger-generation-1","status":"publish","type":"page","link":"https:\/\/www.tele-radio.com\/pt-br\/produtos-descontinuados\/tiger-generation-1\/","title":{"rendered":"Tiger Generation 1"},"content":{"rendered":"\n<h1>Tiger Generation 1<\/h1>\n\n\n\n<div class=\"wp-block-columns is-layout-flex wp-container-core-columns-is-layout-9d6595d7 wp-block-columns-is-layout-flex\">\n<div class=\"wp-block-column is-layout-flow wp-block-column-is-layout-flow\" style=\"flex-basis:40%\">\n<div class=\"wp-block-image\"><figure class=\"aligncenter size-full\"><img loading=\"lazy\" decoding=\"async\" width=\"536\" height=\"329\" src=\"https:\/\/www.tele-radio.com\/app\/uploads\/tiger-retired-system-tele-radio-1-1.jpg\" alt=\"\" class=\"wp-image-48555\" srcset=\"https:\/\/www.tele-radio.com\/app\/uploads\/tiger-retired-system-tele-radio-1-1.jpg 536w, https:\/\/www.tele-radio.com\/app\/uploads\/tiger-retired-system-tele-radio-1-1-400x246.jpg 400w, https:\/\/www.tele-radio.com\/app\/uploads\/tiger-retired-system-tele-radio-1-1-500x307.jpg 500w\" sizes=\"auto, (max-width: 536px) 100vw, 536px\" \/><\/figure><\/div>\n\n\n\n<p><\/p>\n<\/div>\n\n\n\n<div class=\"wp-block-column is-vertically-aligned-center is-layout-flow wp-block-column-is-layout-flow\" style=\"flex-basis:60%\">\n<p>O sistema Tiger gera\u00e7\u00e3o 1 foi introduzido em torno de 2010 para atender \u00e0s demandas do mercado de sistemas de r\u00e1dio controle remoto de alta seguran\u00e7a. A diretiva da Uni\u00e3o Europeia relativa \u00e0s m\u00e1quinas introduziu novos e mais rigorosos requisitos para as m\u00e1quinas e os seus sistemas de controle.<\/p>\n\n\n\n<p>O sistema Tiger tinha transmissores semelhantes ao antecessor, 860 Lion, dois transmissores de tamanho de botoeira e um joystick com diferentes configura\u00e7\u00f5es. Os transmissores vieram com a adi\u00e7\u00e3o de display de dados. Os displays podem mostrar informa\u00e7\u00f5es de peso, status da bateria, frequ\u00eancia ou outras mensagens informativas.<\/p>\n\n\n\n<h2 class=\"wp-block-heading\">Substitui\u00e7\u00e3o<\/h2>\n\n\n\n<p>O sistema Tiger foi continuamente atualizado para um ponto onde os produtos iniciais e os mais recentes tinham grandes diferen\u00e7as, foi o suficiente para a cria\u00e7\u00e3o do sistema Tiger gera\u00e7\u00e3o 2. O sistema da gera\u00e7\u00e3o 2 incluiu os transmissores reconhecidos pelo mercado como da gera\u00e7\u00e3o 1 mas os transmissores da gera\u00e7\u00e3o 2 tiveram muitos melhoramentos e melhorias<\/p>\n\n\n\n<div class=\"wp-block-buttons is-layout-flex wp-block-buttons-is-layout-flex\">\n<div class=\"wp-block-button\"><a class=\"wp-block-button__link has-background\" href=\"https:\/\/www.tele-radio.com\/pt-br\/products\/tiger-g2\/\" style=\"background-color:#feb914\">Ver Sistemas Tiger G2<\/a><\/div>\n<\/div>\n\n\n\n<div style=\"height:20px\" aria-hidden=\"true\" class=\"wp-block-spacer\"><\/div>\n<\/div>\n<\/div>\n\n\n\n<p>Procurando por instru\u00e7\u00f5es de instala\u00e7\u00e3o documentos t\u00e9cnicos de Tiger Generation 1? V\u00e1 para a <a href=\"https:\/\/www.tele-radio.com\/pt-br\/suporte\/downloads\/\">se\u00e7\u00e3o de download<\/a>.<\/p>\n\n\n\n<div style=\"height:20px\" aria-hidden=\"true\" class=\"wp-block-spacer\"><\/div>\n","protected":false},"excerpt":{"rendered":"<p>Tiger Generation 1 O sistema Tiger gera\u00e7\u00e3o 1 foi introduzido em torno de 2010 para atender \u00e0s demandas do mercado de sistemas de r\u00e1dio controle remoto de alta seguran\u00e7a. A diretiva da Uni\u00e3o Europeia relativa \u00e0s m\u00e1quinas introduziu novos e mais rigorosos requisitos para as m\u00e1quinas e os seus sistemas de controle. O sistema Tiger [&hellip;]<\/p>\n","protected":false},"author":54,"featured_media":0,"parent":24671,"menu_order":0,"comment_status":"closed","ping_status":"closed","template":"","meta":{"_acf_changed":false,"footnotes":""},"class_list":["post-62632","page","type-page","status-publish","hentry"],"acf":[],"_links":{"self":[{"href":"https:\/\/www.tele-radio.com\/pt-br\/wp-json\/wp\/v2\/pages\/62632","targetHints":{"allow":["GET"]}}],"collection":[{"href":"https:\/\/www.tele-radio.com\/pt-br\/wp-json\/wp\/v2\/pages"}],"about":[{"href":"https:\/\/www.tele-radio.com\/pt-br\/wp-json\/wp\/v2\/types\/page"}],"author":[{"embeddable":true,"href":"https:\/\/www.tele-radio.com\/pt-br\/wp-json\/wp\/v2\/users\/54"}],"replies":[{"embeddable":true,"href":"https:\/\/www.tele-radio.com\/pt-br\/wp-json\/wp\/v2\/comments?post=62632"}],"version-history":[{"count":4,"href":"https:\/\/www.tele-radio.com\/pt-br\/wp-json\/wp\/v2\/pages\/62632\/revisions"}],"predecessor-version":[{"id":62663,"href":"https:\/\/www.tele-radio.com\/pt-br\/wp-json\/wp\/v2\/pages\/62632\/revisions\/62663"}],"up":[{"embeddable":true,"href":"https:\/\/www.tele-radio.com\/pt-br\/wp-json\/wp\/v2\/pages\/24671"}],"wp:attachment":[{"href":"https:\/\/www.tele-radio.com\/pt-br\/wp-json\/wp\/v2\/media?parent=62632"}],"curies":[{"name":"wp","href":"https:\/\/api.w.org\/{rel}","templated":true}]}}