{"id":62625,"date":"2021-03-22T11:57:18","date_gmt":"2021-03-22T11:57:18","guid":{"rendered":"https:\/\/www.tele-radio.com\/?page_id=62625"},"modified":"2021-03-22T12:20:56","modified_gmt":"2021-03-22T12:20:56","slug":"controle-remoto-t70-jaguar","status":"publish","type":"page","link":"https:\/\/www.tele-radio.com\/pt-br\/produtos-descontinuados\/controle-remoto-t70-jaguar\/","title":{"rendered":"Controle Remoto T70 Jaguar"},"content":{"rendered":"\n<h1>Tele Radio T70 Jaguar<\/h1>\n\n\n\n<div class=\"wp-block-columns is-layout-flex wp-container-core-columns-is-layout-9d6595d7 wp-block-columns-is-layout-flex\">\n<div class=\"wp-block-column is-vertically-aligned-top is-layout-flow wp-block-column-is-layout-flow\" style=\"flex-basis:40%\">\n<div class=\"wp-block-image\"><figure class=\"aligncenter size-large\"><img loading=\"lazy\" decoding=\"async\" width=\"685\" height=\"499\" src=\"https:\/\/www.tele-radio.com\/app\/uploads\/T70-Jaguar-tele-radio-retired-product-min.png\" alt=\"\" class=\"wp-image-62405\" srcset=\"https:\/\/www.tele-radio.com\/app\/uploads\/T70-Jaguar-tele-radio-retired-product-min.png 685w, https:\/\/www.tele-radio.com\/app\/uploads\/T70-Jaguar-tele-radio-retired-product-min-400x291.png 400w, https:\/\/www.tele-radio.com\/app\/uploads\/T70-Jaguar-tele-radio-retired-product-min-500x364.png 500w\" sizes=\"auto, (max-width: 685px) 100vw, 685px\" \/><\/figure><\/div>\n<\/div>\n\n\n\n<div class=\"wp-block-column is-vertically-aligned-center is-layout-flow wp-block-column-is-layout-flow\" style=\"flex-basis:60%\">\n<p>O sistema T70 Jaguar foi introduzido pela primeira vez em 2007 para atender o mercado de guinchos el\u00e9tricos e hidr\u00e1ulicos. Com pre\u00e7os competitivos ele ofereceu v\u00e1rias vantagens sobre seu irm\u00e3o, o T60, como mais fun\u00e7\u00f5es, r\u00e1dio banda estreita e maior alcance de transmiss\u00e3o.<\/p>\n\n\n\n<h2 class=\"wp-block-heading\">Substitui\u00e7\u00e3o<\/h2>\n\n\n\n<p>O T70 Jaguar foi descontinuado em 2015 em favor do novo&nbsp;<strong>sistema Panther<\/strong>, que oferece v\u00e1rios par\u00e2metros aprimorados.<\/p>\n\n\n\n<div class=\"wp-block-buttons is-layout-flex wp-block-buttons-is-layout-flex\">\n<div class=\"wp-block-button\"><a class=\"wp-block-button__link has-background\" href=\"https:\/\/www.tele-radio.com\/us\/products\/panther\/\" style=\"background-color:#feb914\">Ver Sistema Panther<\/a><\/div>\n<\/div>\n\n\n\n<div style=\"height:20px\" aria-hidden=\"true\" class=\"wp-block-spacer\"><\/div>\n<\/div>\n<\/div>\n\n\n\n<p>Procurando por instru\u00e7\u00f5es de instala\u00e7\u00e3o documentos t\u00e9cnicos de T70 Jaguar? V\u00e1 para a <a href=\"https:\/\/www.tele-radio.com\/pt-br\/suporte\/downloads\/\">se\u00e7\u00e3o de download<\/a> aqui.<\/p>\n\n\n\n<div style=\"height:40px\" aria-hidden=\"true\" class=\"wp-block-spacer\"><\/div>\n","protected":false},"excerpt":{"rendered":"<p>Tele Radio T70 Jaguar O sistema T70 Jaguar foi introduzido pela primeira vez em 2007 para atender o mercado de guinchos el\u00e9tricos e hidr\u00e1ulicos. Com pre\u00e7os competitivos ele ofereceu v\u00e1rias vantagens sobre seu irm\u00e3o, o T60, como mais fun\u00e7\u00f5es, r\u00e1dio banda estreita e maior alcance de transmiss\u00e3o. Substitui\u00e7\u00e3o O T70 Jaguar foi descontinuado em 2015 [&hellip;]<\/p>\n","protected":false},"author":54,"featured_media":0,"parent":24671,"menu_order":0,"comment_status":"closed","ping_status":"closed","template":"","meta":{"_acf_changed":false,"footnotes":""},"class_list":["post-62625","page","type-page","status-publish","hentry"],"acf":[],"_links":{"self":[{"href":"https:\/\/www.tele-radio.com\/pt-br\/wp-json\/wp\/v2\/pages\/62625","targetHints":{"allow":["GET"]}}],"collection":[{"href":"https:\/\/www.tele-radio.com\/pt-br\/wp-json\/wp\/v2\/pages"}],"about":[{"href":"https:\/\/www.tele-radio.com\/pt-br\/wp-json\/wp\/v2\/types\/page"}],"author":[{"embeddable":true,"href":"https:\/\/www.tele-radio.com\/pt-br\/wp-json\/wp\/v2\/users\/54"}],"replies":[{"embeddable":true,"href":"https:\/\/www.tele-radio.com\/pt-br\/wp-json\/wp\/v2\/comments?post=62625"}],"version-history":[{"count":5,"href":"https:\/\/www.tele-radio.com\/pt-br\/wp-json\/wp\/v2\/pages\/62625\/revisions"}],"predecessor-version":[{"id":62661,"href":"https:\/\/www.tele-radio.com\/pt-br\/wp-json\/wp\/v2\/pages\/62625\/revisions\/62661"}],"up":[{"embeddable":true,"href":"https:\/\/www.tele-radio.com\/pt-br\/wp-json\/wp\/v2\/pages\/24671"}],"wp:attachment":[{"href":"https:\/\/www.tele-radio.com\/pt-br\/wp-json\/wp\/v2\/media?parent=62625"}],"curies":[{"name":"wp","href":"https:\/\/api.w.org\/{rel}","templated":true}]}}