{"id":59055,"date":"2021-01-21T15:54:11","date_gmt":"2021-01-21T15:54:11","guid":{"rendered":"https:\/\/www.tele-radio.com\/?page_id=59055"},"modified":"2023-03-27T12:55:44","modified_gmt":"2023-03-27T12:55:44","slug":"controle-remoto-paletes-transporte","status":"publish","type":"page","link":"https:\/\/www.tele-radio.com\/pt-br\/controle-remoto-paletes-transporte\/","title":{"rendered":"Controle Remoto Industrial para Paletes de Transporte"},"content":{"rendered":"\n<div style=\"height:40px\" aria-hidden=\"true\" class=\"wp-block-spacer\"><\/div>\n\n\n\n<h2 class=\"has-text-align-left wp-block-heading\">O que \u00e9 um sistema de Pallet Shuttle?<\/h2>\n\n\n\n<div class=\"wp-block-columns is-layout-flex wp-container-core-columns-is-layout-9d6595d7 wp-block-columns-is-layout-flex\">\n<div class=\"wp-block-column is-layout-flow wp-block-column-is-layout-flow\" style=\"flex-basis:55%\">\n<p>O sistema Pallet Shuttle \u00e9 uma solu\u00e7\u00e3o de armazenamento e paletiza\u00e7\u00e3o de alta densidade para otimizar custos e espa\u00e7os. Funciona por meio de um carrinho que percorre as ruas das prateleiras para levar e trazer mercadorias. \u00c9 um sistema que transporta paletes de forma aut\u00f4noma ou semiaut\u00f4noma.<\/p>\n\n\n\n<p>Uma vez que um item \u00e9 depositado no carrinho (Shuttle) ele \u00e9 transportado at\u00e9 o final da prateleira ou na \u00faltima posi\u00e7\u00e3o dispon\u00edvel. Depois que o palete \u00e9 depositado o carrinho retorna \u00e0 posi\u00e7\u00e3o inicial para pegar o pr\u00f3ximo palete.<\/p>\n\n\n\n<p>Essas manobras s\u00e3o semiautom\u00e1ticas e <strong>podem ser controladas e monitoradas por controle remoto<\/strong> pelo operador, seja para controle de rotina ou para o resgate do Shuttle sem bateria ou defeituoso.<\/p>\n<\/div>\n\n\n\n<div class=\"wp-block-column is-layout-flow wp-block-column-is-layout-flow\">\n<div class=\"wp-block-image\"><figure class=\"aligncenter size-full is-resized\"><img loading=\"lazy\" decoding=\"async\" src=\"https:\/\/www.tele-radio.com\/app\/uploads\/radio-shuttle-pallet-tr-1.jpg\" alt=\"\" class=\"wp-image-53475\" width=\"308\" height=\"297\" srcset=\"https:\/\/www.tele-radio.com\/app\/uploads\/radio-shuttle-pallet-tr-1.jpg 616w, https:\/\/www.tele-radio.com\/app\/uploads\/radio-shuttle-pallet-tr-1-400x386.jpg 400w, https:\/\/www.tele-radio.com\/app\/uploads\/radio-shuttle-pallet-tr-1-500x482.jpg 500w\" sizes=\"auto, (max-width: 308px) 100vw, 308px\" \/><\/figure><\/div>\n\n\n\n<p><\/p>\n<\/div>\n<\/div>\n\n\n\n<div style=\"height:40px\" aria-hidden=\"true\" class=\"wp-block-spacer\"><\/div>\n\n\n\n<h2 class=\"has-very-dark-gray-color has-text-color wp-block-heading\">Usando tablets vs transmissores industriais<\/h2>\n\n\n\n<div class=\"wp-block-image\"><figure class=\"aligncenter size-large is-resized\"><img loading=\"lazy\" decoding=\"async\" src=\"https:\/\/www.tele-radio.com\/app\/uploads\/\/tablet-vs-control-remoto-industrial-shuttle-pallet-1-1200x459.jpg\" alt=\"\" class=\"wp-image-53518\" width=\"900\" height=\"344\" srcset=\"https:\/\/www.tele-radio.com\/app\/uploads\/tablet-vs-control-remoto-industrial-shuttle-pallet-1-1200x459.jpg 1200w, https:\/\/www.tele-radio.com\/app\/uploads\/tablet-vs-control-remoto-industrial-shuttle-pallet-1-400x153.jpg 400w, https:\/\/www.tele-radio.com\/app\/uploads\/tablet-vs-control-remoto-industrial-shuttle-pallet-1-768x294.jpg 768w, https:\/\/www.tele-radio.com\/app\/uploads\/tablet-vs-control-remoto-industrial-shuttle-pallet-1-750x287.jpg 750w, https:\/\/www.tele-radio.com\/app\/uploads\/tablet-vs-control-remoto-industrial-shuttle-pallet-1-500x191.jpg 500w, https:\/\/www.tele-radio.com\/app\/uploads\/tablet-vs-control-remoto-industrial-shuttle-pallet-1-800x306.jpg 800w, https:\/\/www.tele-radio.com\/app\/uploads\/tablet-vs-control-remoto-industrial-shuttle-pallet-1.jpg 1400w\" sizes=\"auto, (max-width: 900px) 100vw, 900px\" \/><\/figure><\/div>\n\n\n\n<p class=\"has-very-dark-gray-color has-text-color\">Os tablets comerciais simplesmente <strong>n\u00e3o foram criados para uso industrial<\/strong>, mas sim dom\u00e9stico ou escrit\u00f3rio. No n\u00edvel de software, eles dependem de um aplicativo instalado no Android ou iOS, que requer desenvolvimento e manuten\u00e7\u00e3o por empresas externas.<\/p>\n\n\n\n<p class=\"has-very-dark-gray-color has-text-color\">Um tablet pode exibir mais informa\u00e7\u00f5es visuais em compara\u00e7\u00e3o ao sistema de transporte via r\u00e1dio, no entanto, deve-se notar que <strong>um tablet n\u00e3o tem a mesma robustez, estanqueidade ou ergonomia<\/strong> como um transmissor industrial. Combinar ambas as solu\u00e7\u00f5es pode ser o ideal.<\/p>\n\n\n\n<p class=\"has-very-dark-gray-color has-text-color\">A <strong>dura\u00e7\u00e3o da bateria<\/strong> em tablets, uma tela sens\u00edvel ao toque que pode ser fr\u00e1gil, n\u00e3o ser capaz de usar luvas e usar bot\u00f5es delicados em compara\u00e7\u00e3o com controles remotos industriais, s\u00e3o algumas raz\u00f5es que fazemas empresas recorrerem aos controles remotos industriais.<\/p>\n\n\n\n<p class=\"has-very-dark-gray-color has-text-color\">Nossos transmissores usam baterias de l\u00edtio e, dependendo do modelo, possuem capacidade de at\u00e9 <strong>130 horas de uso cont\u00ednuo<\/strong> (PN-T19-2). Uma dura\u00e7\u00e3o totalmente inalcan\u00e7\u00e1vel para qualquer tablet e dificilmente para outro controle de r\u00e1dio no mercado.<\/p>\n\n\n\n<p class=\"has-very-dark-gray-color has-text-color\">Os transmissores industriais s\u00e3o projetados para suportar choques, quedas e possuem certifica\u00e7\u00f5es IP para <strong>prote\u00e7\u00e3o contra \u00e1gua e poeira<\/strong>. Eles tamb\u00e9m <strong>suportam temperaturas de -20 \u00b0C a +55 \u00b0C<\/strong>.<\/p>\n\n\n\n<div class=\"wp-block-media-text alignwide is-stacked-on-mobile is-vertically-aligned-center is-image-fill has-background has-very-light-gray-background-color has-background\"><figure class=\"wp-block-media-text__media\" style=\"background-image:url(https:\/\/www.tele-radio.com\/app\/uploads\/boton.jpg);background-position:43% 50%\"><img loading=\"lazy\" decoding=\"async\" width=\"600\" height=\"225\" src=\"https:\/\/www.tele-radio.com\/app\/uploads\/boton.jpg\" alt=\"\" class=\"wp-image-55296 size-full\" srcset=\"https:\/\/www.tele-radio.com\/app\/uploads\/boton.jpg 600w, https:\/\/www.tele-radio.com\/app\/uploads\/boton-400x150.jpg 400w, https:\/\/www.tele-radio.com\/app\/uploads\/boton-500x188.jpg 500w\" sizes=\"auto, (max-width: 600px) 100vw, 600px\" \/><\/figure><div class=\"wp-block-media-text__content\">\n<p class=\"has-very-dark-gray-color has-text-color has-large-font-size\">Em uma situa\u00e7\u00e3o de emerg\u00eancia, ter um bot\u00e3o de parada certificado na m\u00e3o proporciona grande seguran\u00e7a a aplica\u00e7\u00e3o.<\/p>\n<\/div><\/div>\n\n\n\n<div style=\"height:30px\" aria-hidden=\"true\" class=\"wp-block-spacer\"><\/div>\n\n\n\n<h2 class=\"wp-block-heading\">Controle remoto industrial para paletes de transporte<\/h2>\n\n\n\n<p>Voc\u00ea pode <strong>personalizar as etiquetas<\/strong> as suas cores, logotipo e s\u00edmbolos. Estas capas s\u00e3o feitas de material resistente a UV, arranh\u00f5es e l\u00edquidos; eles tamb\u00e9m usam adesivo 3M.<\/p>\n\n\n\n<div class=\"wp-block-columns are-vertically-aligned-center is-layout-flex wp-container-core-columns-is-layout-9d6595d7 wp-block-columns-is-layout-flex\">\n<div class=\"wp-block-column is-vertically-aligned-center yellcolumns is-layout-flow wp-block-column-is-layout-flow\">\n<h3 class=\"has-text-align-center wp-block-heading\">Panther PN-T19-2<\/h3>\n\n\n\n<div class=\"wp-block-image\"><figure class=\"aligncenter size-large\"><img loading=\"lazy\" decoding=\"async\" width=\"95\" height=\"211\" src=\"https:\/\/www.tele-radio.com\/app\/uploads\/panther-teleradio-shuttle-pallet.png\" alt=\"\" class=\"wp-image-55209\"\/><\/figure><\/div>\n<\/div>\n\n\n\n<div class=\"wp-block-column is-vertically-aligned-center yellcolumns is-layout-flow wp-block-column-is-layout-flow\">\n<h3 class=\"has-text-align-center wp-block-heading\">Tiger TG-T9-2<\/h3>\n\n\n\n<div class=\"wp-block-image\"><figure class=\"aligncenter size-full\"><img loading=\"lazy\" decoding=\"async\" width=\"100\" height=\"210\" src=\"https:\/\/www.tele-radio.com\/app\/uploads\/TG-T11-4-pallet-shuttle-teleradio-1.png\" alt=\"\" class=\"wp-image-55151\"\/><\/figure><\/div>\n<\/div>\n\n\n\n<div class=\"wp-block-column is-vertically-aligned-center yellcolumns is-layout-flow wp-block-column-is-layout-flow\">\n<h3 class=\"has-text-align-center wp-block-heading\">Tiger TG-T11-4<\/h3>\n\n\n\n<div class=\"wp-block-image\"><figure class=\"aligncenter size-large\"><img loading=\"lazy\" decoding=\"async\" width=\"80\" height=\"211\" src=\"https:\/\/www.tele-radio.com\/app\/uploads\/tiger-TG-T11-4-radio-shuttle-pallet-tr.png\" alt=\"\" class=\"wp-image-55174\"\/><\/figure><\/div>\n<\/div>\n<\/div>\n\n\n\n<p>Os sistemas TIGER t\u00eam uma fun\u00e7\u00e3o de parada certificada por PLe SIL3, enquanto o PANTHER \u00e9 PLd CAT3.<\/p>\n\n\n\n<p>Com nosso equipamento TIGER, voc\u00ea pode controlar v\u00e1rios carros sat\u00e9lites a partir do mesmo transmissor, selecionando qual voc\u00ea quer manobrar a partir do pr\u00f3prio transmissor.<\/p>\n\n\n\n<h3 class=\"wp-block-heading\">Trabalho sem interrup\u00e7\u00e3o<\/h3>\n\n\n\n<p>Sabemos que interromper a opera\u00e7\u00e3o em um armaz\u00e9m ou centro log\u00edstico pode incorrer em custos. Portanto, em caso de quebra ou perda do transmissor, voc\u00ea pode substitu\u00ed-lo por um novo muito facilmente:<\/p>\n\n\n\n<p>Cada transmissor tem um c\u00f3digo \u00fanico. Para substituir um transmissor por outro, voc\u00ea acessa um menu no novo transmissor e digita o c\u00f3digo do antigo. Desta forma, <strong>em 15 segundos<\/strong> voc\u00ea ter\u00e1 substitu\u00eddo e removido o primeiro dispositivo do receptor e a partir de agora apenas o novo funcionar\u00e1.<\/p>\n\n\n\n<div style=\"height:30px\" aria-hidden=\"true\" class=\"wp-block-spacer\"><\/div>\n\n\n\n<div class=\"wp-block-media-text alignwide is-stacked-on-mobile is-vertically-aligned-center has-background has-very-light-gray-background-color has-background\"><figure class=\"wp-block-media-text__media\"><img loading=\"lazy\" decoding=\"async\" width=\"866\" height=\"468\" src=\"https:\/\/www.tele-radio.com\/app\/uploads\/pantalla-control-remoto-shuttle-pallet-teleradio.jpg\" alt=\"\" class=\"wp-image-53117 size-full\" srcset=\"https:\/\/www.tele-radio.com\/app\/uploads\/pantalla-control-remoto-shuttle-pallet-teleradio.jpg 866w, https:\/\/www.tele-radio.com\/app\/uploads\/pantalla-control-remoto-shuttle-pallet-teleradio-400x216.jpg 400w, https:\/\/www.tele-radio.com\/app\/uploads\/pantalla-control-remoto-shuttle-pallet-teleradio-768x415.jpg 768w, https:\/\/www.tele-radio.com\/app\/uploads\/pantalla-control-remoto-shuttle-pallet-teleradio-750x405.jpg 750w, https:\/\/www.tele-radio.com\/app\/uploads\/pantalla-control-remoto-shuttle-pallet-teleradio-500x270.jpg 500w, https:\/\/www.tele-radio.com\/app\/uploads\/pantalla-control-remoto-shuttle-pallet-teleradio-800x432.jpg 800w\" sizes=\"auto, (max-width: 866px) 100vw, 866px\" \/><\/figure><div class=\"wp-block-media-text__content\">\n<p style=\"font-size:30px\">Os transmissores Tiger podem exibir informa\u00e7\u00f5es do carro, como alarmes, valores, dados de paletes a serem controlados, carrinhos selecionados, etc.<\/p>\n<\/div><\/div>\n\n\n\n<div style=\"height:60px\" aria-hidden=\"true\" class=\"wp-block-spacer\"><\/div>\n\n\n\n<p class=\"has-text-align-center\" style=\"font-size:24px\"><strong>Pe\u00e7a mais informa\u00e7\u00f5es<\/strong><\/p>\n\n\n\n<div class=\"wp-block-columns is-layout-flex wp-container-core-columns-is-layout-9d6595d7 wp-block-columns-is-layout-flex\">\n<div class=\"wp-block-column is-layout-flow wp-block-column-is-layout-flow\" style=\"flex-basis:15%\"><\/div>\n\n\n\n<div class=\"wp-block-column is-layout-flow wp-block-column-is-layout-flow\" style=\"flex-basis:70%\">\n<div class=\"wpcf7 no-js\" id=\"wpcf7-f46900-o1\" lang=\"en-EN\" dir=\"ltr\" data-wpcf7-id=\"46900\">\n<div class=\"screen-reader-response\"><p role=\"status\" aria-live=\"polite\" aria-atomic=\"true\"><\/p> <ul><\/ul><\/div>\n<form action=\"\/pt-br\/wp-json\/wp\/v2\/pages\/59055#wpcf7-f46900-o1\" method=\"post\" class=\"wpcf7-form init\" aria-label=\"Contact form\" novalidate=\"novalidate\" data-status=\"init\">\n<fieldset class=\"hidden-fields-container\"><input type=\"hidden\" name=\"_wpcf7\" value=\"46900\" \/><input type=\"hidden\" name=\"_wpcf7_version\" value=\"6.1\" \/><input type=\"hidden\" name=\"_wpcf7_locale\" value=\"en_EN\" \/><input type=\"hidden\" name=\"_wpcf7_unit_tag\" value=\"wpcf7-f46900-o1\" \/><input type=\"hidden\" name=\"_wpcf7_container_post\" value=\"0\" \/><input type=\"hidden\" name=\"_wpcf7_posted_data_hash\" value=\"\" \/><input type=\"hidden\" name=\"_wpcf7_recaptcha_response\" value=\"\" \/>\n<\/fieldset>\n<p><label> Nome*<br \/>\n<span class=\"wpcf7-form-control-wrap\" data-name=\"nombre\"><input size=\"40\" maxlength=\"400\" class=\"wpcf7-form-control wpcf7-text wpcf7-validates-as-required\" aria-required=\"true\" aria-invalid=\"false\" placeholder=\"Seu nome\" value=\"\" type=\"text\" name=\"nombre\" \/><\/span> <\/label>\n<\/p>\n<p><label> Email*<br \/>\n<span class=\"wpcf7-form-control-wrap\" data-name=\"tu-email\"><input size=\"40\" maxlength=\"400\" class=\"wpcf7-form-control wpcf7-email wpcf7-validates-as-required wpcf7-text wpcf7-validates-as-email\" aria-required=\"true\" aria-invalid=\"false\" placeholder=\"Seu email\" value=\"\" type=\"email\" name=\"tu-email\" \/><\/span> <\/label>\n<\/p>\n<p><label> Tel\u00e9fono*<br \/>\n<span class=\"wpcf7-form-control-wrap\" data-name=\"tu-tfno\"><input size=\"40\" maxlength=\"400\" class=\"wpcf7-form-control wpcf7-tel wpcf7-validates-as-required wpcf7-text wpcf7-validates-as-tel\" aria-required=\"true\" aria-invalid=\"false\" placeholder=\"telefone de contato\" value=\"\" type=\"tel\" name=\"tu-tfno\" \/><\/span> <\/label>\n<\/p>\n<p><label> Sua mensagem*<br \/>\n<span class=\"wpcf7-form-control-wrap\" data-name=\"your-message\"><textarea cols=\"40\" rows=\"10\" maxlength=\"2000\" class=\"wpcf7-form-control wpcf7-textarea wpcf7-validates-as-required\" aria-required=\"true\" aria-invalid=\"false\" placeholder=\"Escreva aqui em qual transmissor, equipamento ou aplica\u00e7\u00e3o voc\u00ea est\u00e1 interessado; ou se voc\u00ea tiver alguma d\u00favida.\" name=\"your-message\"><\/textarea><\/span> <\/label>\n<\/p>\n<p><input class=\"wpcf7-form-control wpcf7-submit has-spinner\" type=\"submit\" value=\"Enviar\" \/>\n<\/p><div class=\"wpcf7-response-output\" aria-hidden=\"true\"><\/div>\n<\/form>\n<\/div>\n\r\n\t\t\t\t<script>\r\n\t\t\t\tif ( typeof huOptions !== 'undefined' ) {\r\n\t\t\t\t\tvar huFormData = {\"source\":\"contactform7\",\"id\":46900,\"title\":\"TRBRA-form\",\"fields\":{\"subject\":{\"first_name\":\"your-name\",\"email\":\"your-email\"},\"preferences\":{\"terms\":\"your-consent\"}}};\r\n\t\t\t\t\tvar huFormNode = document.querySelector( '[id^=\"wpcf7-f46900-\"] form' );\r\n\r\n\t\t\t\t\thuFormData['node'] = huFormNode;\r\n\t\t\t\t\thuOptions['forms'].push( huFormData );\r\n\t\t\t\t}\r\n\t\t\t\t<\/script>\n<\/div>\n\n\n\n<div class=\"wp-block-column is-layout-flow wp-block-column-is-layout-flow\" style=\"flex-basis:15%\"><\/div>\n<\/div>\n","protected":false},"excerpt":{"rendered":"<p>O que \u00e9 um sistema de Pallet Shuttle? O sistema Pallet Shuttle \u00e9 uma solu\u00e7\u00e3o de armazenamento e paletiza\u00e7\u00e3o de alta densidade para otimizar custos e espa\u00e7os. Funciona por meio de um carrinho que percorre as ruas das prateleiras para levar e trazer mercadorias. \u00c9 um sistema que transporta paletes de forma aut\u00f4noma ou semiaut\u00f4noma. [&hellip;]<\/p>\n","protected":false},"author":54,"featured_media":0,"parent":0,"menu_order":0,"comment_status":"closed","ping_status":"closed","template":"","meta":{"_acf_changed":false,"footnotes":""},"class_list":["post-59055","page","type-page","status-publish","hentry"],"acf":[],"_links":{"self":[{"href":"https:\/\/www.tele-radio.com\/pt-br\/wp-json\/wp\/v2\/pages\/59055","targetHints":{"allow":["GET"]}}],"collection":[{"href":"https:\/\/www.tele-radio.com\/pt-br\/wp-json\/wp\/v2\/pages"}],"about":[{"href":"https:\/\/www.tele-radio.com\/pt-br\/wp-json\/wp\/v2\/types\/page"}],"author":[{"embeddable":true,"href":"https:\/\/www.tele-radio.com\/pt-br\/wp-json\/wp\/v2\/users\/54"}],"replies":[{"embeddable":true,"href":"https:\/\/www.tele-radio.com\/pt-br\/wp-json\/wp\/v2\/comments?post=59055"}],"version-history":[{"count":9,"href":"https:\/\/www.tele-radio.com\/pt-br\/wp-json\/wp\/v2\/pages\/59055\/revisions"}],"predecessor-version":[{"id":151277,"href":"https:\/\/www.tele-radio.com\/pt-br\/wp-json\/wp\/v2\/pages\/59055\/revisions\/151277"}],"wp:attachment":[{"href":"https:\/\/www.tele-radio.com\/pt-br\/wp-json\/wp\/v2\/media?parent=59055"}],"curies":[{"name":"wp","href":"https:\/\/api.w.org\/{rel}","templated":true}]}}