{"id":43341,"date":"2020-05-11T11:16:44","date_gmt":"2020-05-11T11:16:44","guid":{"rendered":"https:\/\/www.tele-radio.com\/caratulas-personalizables\/"},"modified":"2020-06-01T12:53:32","modified_gmt":"2020-06-01T12:53:32","slug":"etiquetas-personalizadas","status":"publish","type":"page","link":"https:\/\/www.tele-radio.com\/pt-br\/etiquetas-personalizadas\/","title":{"rendered":"etiquetas personalizadas"},"content":{"rendered":"<h2>Com seu logotipo, cores, s\u00edmbolos ou texto. Para prote\u00e7\u00e3o adicional, seguran\u00e7a e reconhecimento!<\/h2>\n<p>Todos os nossos transmissores e receptores podem ser fornecidos com etiquetas personalizadas. Essas etiquetas ajudam a proteger o transmissor, garantir um uso seguro e contribuir para a capacidade de reconhecimento. As etiquetas s\u00e3o feitas de <strong>material industrial de alta qualidade da 3M.<\/strong> Eles podem suportar o uso intensivo e s\u00e3o resistentes \u00e0 descolora\u00e7\u00e3o e l\u00edquidos.<\/p>\n<p>As etiquetas oferecem uma <strong>camada adicional de prote\u00e7\u00e3o<\/strong> aos nossos produtos. As etiquetas personalizadas tamb\u00e9m t\u00eam a <strong>fun\u00e7\u00e3o de seguran\u00e7a.<\/strong>\u00a0 Usando s\u00edmbolos claros, adaptados especificamente \u00e0 sua aplica\u00e7\u00e3o, erros podem ser evitados. E, claro, voc\u00ea pode dar ao transmissor sua pr\u00f3pria imagem corporativa com cores, logotipo etc<\/p>\n<p>Etiquetas personalizadas podem vendidas por unidade. Voc\u00ea \u00e9 livre na escolha de suas <strong>pr\u00f3prias cores, logotipos, s\u00edmbolos, fontes, imagens etc.<\/strong> Voc\u00ea pode nos fornecer seu modelo pronto (digital) ou nos pedir para fazer um design baseado em suas pr\u00f3prias ideias.<\/p>\n<p>Podemos fornecer uma etiqueta personalizada para cada transmissor e receptor como acess\u00f3rio.\u00a0<a href=\"https:\/\/www.tele-radio.com\/pt-br\/contato\/#section_25757\">Entre em contato conosco<\/a> \u00a0e daremos a voc\u00ea todos os pre\u00e7os, instru\u00e7\u00f5es, modelos ou material de design digital necess\u00e1rios. Com base na sua necessidade, um projeto ser\u00e1 feito e enviado para sua aprova\u00e7\u00e3o.<\/p>\n<p><img loading=\"lazy\" decoding=\"async\" class=\"aligncenter wp-image-40221\" src=\"https:\/\/www.tele-radio.com\/app\/uploads\/24694-TELE-RADIO-leaflet-custom-foils-A4.png\" alt=\"\" width=\"1000\" height=\"195\" srcset=\"https:\/\/www.tele-radio.com\/app\/uploads\/24694-TELE-RADIO-leaflet-custom-foils-A4.png 2359w, https:\/\/www.tele-radio.com\/app\/uploads\/24694-TELE-RADIO-leaflet-custom-foils-A4-400x78.png 400w, https:\/\/www.tele-radio.com\/app\/uploads\/24694-TELE-RADIO-leaflet-custom-foils-A4-768x149.png 768w, https:\/\/www.tele-radio.com\/app\/uploads\/24694-TELE-RADIO-leaflet-custom-foils-A4-1200x233.png 1200w, https:\/\/www.tele-radio.com\/app\/uploads\/24694-TELE-RADIO-leaflet-custom-foils-A4-750x146.png 750w, https:\/\/www.tele-radio.com\/app\/uploads\/24694-TELE-RADIO-leaflet-custom-foils-A4-500x97.png 500w, https:\/\/www.tele-radio.com\/app\/uploads\/24694-TELE-RADIO-leaflet-custom-foils-A4-1600x311.png 1600w, https:\/\/www.tele-radio.com\/app\/uploads\/24694-TELE-RADIO-leaflet-custom-foils-A4-800x156.png 800w\" sizes=\"auto, (max-width: 1000px) 100vw, 1000px\" \/><\/p>\n<h2>Etiquetas personalizadas<\/h2>\n<table style=\"height: 181px;\" width=\"996\">\n<tbody>\n<tr>\n<td style=\"background-color: #fabb00; width: 302px;\" width=\"302\"><strong>ETIQUETAS PLEXIGLASS<\/strong><\/td>\n<td style=\"background-color: #fabb00; width: 302px;\" width=\"302\"><strong>ETIQUETAS POLIURETANO<\/strong><\/td>\n<\/tr>\n<tr>\n<td width=\"302\">A etiqueta de plexiglass \u00e9 uma l\u00e2mina r\u00edgida com furos para os bot\u00f5es. Dispon\u00edvel em <strong>tr\u00eas espessuras<\/strong>. Com a vers\u00e3o mais grossa, os bot\u00f5es ficam mais fundos que a carca\u00e7a e n\u00e3o podem ser pressionados por acidente. As etiquetas plexiglass s\u00e3o usadas nos \u00a0<a href=\"https:\/\/www.tele-radio.com\/pt-br\/products\/controle-remoto-panther\/\">transmissores mini e midi,<\/a> \u00a0e tamb\u00e9m nos transmissores de joystick. As etiquetas s\u00e3o feitas de material de alta qualidade e s\u00e3o <strong>resistentes \u00e0 descolora\u00e7\u00e3o, arranh\u00f5es, l\u00edquidos etc.<\/strong><\/td>\n<td style=\"text-align: left;\" width=\"302\">Etiqueta fabricada em poliuretano de alta qualidade, <strong>resistente \u00e0 descolora\u00e7\u00e3o e l\u00edquidos<\/strong>. Este tipo de etiqueta cobre completamente os bot\u00f5es. Elas s\u00e3o usadas nos \u00a0<a href=\"https:\/\/www.tele-radio.com\/pt-br\/products\/tiger-g2\/\">transmissores tipo Joystick<\/a> mas tamb\u00e9m podem ser utilizadas nos transmissores menores com uma alternativa \u00e0\u00a0 etiqueta plexiglass, caso voc\u00ea queria cobrir totalmente os bot\u00f5es para uma \u00a0prote\u00e7\u00e3o adicional ou melhor visualiza\u00e7\u00e3o dos s\u00edmbolos.<strong>\u00a0<\/strong><\/td>\n<\/tr>\n<\/tbody>\n<\/table>\n<p>&nbsp;<\/p>\n<p>&nbsp;<\/p>\n","protected":false},"excerpt":{"rendered":"<p>Com seu logotipo, cores, s\u00edmbolos ou texto. Para prote\u00e7\u00e3o adicional, seguran\u00e7a e reconhecimento! Todos os nossos transmissores e receptores podem ser fornecidos com etiquetas personalizadas. Essas etiquetas ajudam a proteger o transmissor, garantir um uso seguro e contribuir para a capacidade de reconhecimento. As etiquetas s\u00e3o feitas de material industrial de alta qualidade da 3M. [&hellip;]<\/p>\n","protected":false},"author":54,"featured_media":29188,"parent":0,"menu_order":0,"comment_status":"closed","ping_status":"closed","template":"","meta":{"_acf_changed":false,"footnotes":""},"class_list":["post-43341","page","type-page","status-publish","has-post-thumbnail","hentry"],"acf":[],"_links":{"self":[{"href":"https:\/\/www.tele-radio.com\/pt-br\/wp-json\/wp\/v2\/pages\/43341","targetHints":{"allow":["GET"]}}],"collection":[{"href":"https:\/\/www.tele-radio.com\/pt-br\/wp-json\/wp\/v2\/pages"}],"about":[{"href":"https:\/\/www.tele-radio.com\/pt-br\/wp-json\/wp\/v2\/types\/page"}],"author":[{"embeddable":true,"href":"https:\/\/www.tele-radio.com\/pt-br\/wp-json\/wp\/v2\/users\/54"}],"replies":[{"embeddable":true,"href":"https:\/\/www.tele-radio.com\/pt-br\/wp-json\/wp\/v2\/comments?post=43341"}],"version-history":[{"count":3,"href":"https:\/\/www.tele-radio.com\/pt-br\/wp-json\/wp\/v2\/pages\/43341\/revisions"}],"predecessor-version":[{"id":43348,"href":"https:\/\/www.tele-radio.com\/pt-br\/wp-json\/wp\/v2\/pages\/43341\/revisions\/43348"}],"wp:featuredmedia":[{"embeddable":true,"href":"https:\/\/www.tele-radio.com\/pt-br\/wp-json\/wp\/v2\/media\/29188"}],"wp:attachment":[{"href":"https:\/\/www.tele-radio.com\/pt-br\/wp-json\/wp\/v2\/media?parent=43341"}],"curies":[{"name":"wp","href":"https:\/\/api.w.org\/{rel}","templated":true}]}}