{"id":34504,"date":"2020-03-13T13:34:17","date_gmt":"2020-03-13T13:34:17","guid":{"rendered":"https:\/\/www.tele-radio.com\/industrial-remote-control-increases-safety-on-skipyard\/"},"modified":"2020-03-25T08:21:15","modified_gmt":"2020-03-25T08:21:15","slug":"controle-remoto-industrial-estaleiro","status":"publish","type":"page","link":"https:\/\/www.tele-radio.com\/pt-br\/controle-remoto-industrial-estaleiro\/","title":{"rendered":"Controle remoto industrial aumenta a seguran\u00e7a no estaleiro"},"content":{"rendered":"<p>Seyiton, um projeto da Yektamak Makina, \u00e9 um sistema de transporte que movimenta placas de a\u00e7o em um estaleiro. Este sistema de transporte pode transportar at\u00e9 40 toneladas e \u00e9 acionado eletricamente e controlado sem fio por um sistema de r\u00e1dio <a href=\"https:\/\/www.tele-radio.com\/pt-br\/products\/tiger-g2\/\">controle remoto TIGER da Tele Radio<\/a>.<\/p>\n<p>Seyiton \u00e9 controlado sem fio por um controle remoto TIGER. Ele conversa com o receptor TIGER atrav\u00e9s do protocolo de <strong>comunica\u00e7\u00e3o CANopen<\/strong>. A integra\u00e7\u00e3o \u00e9 muito simples e pr\u00e1tica. Cada um dos tr\u00eas sistemas de transporte tem seu pr\u00f3prio controle remoto, um dos quais \u00e9 definido como o controle principal (mestre). Ele pode <strong>controlar todas as m\u00e1quinas simultaneamente ou separadamente<\/strong>. O usu\u00e1rio pode ver qual m\u00e1quina est\u00e1 sendo controlada atrav\u00e9s do display do transmissor mestre. O sistema de transporte Seyiton proporciona mais seguran\u00e7a devido ao controle remoto sem fio, requer menos m\u00e3o de obra e \u00e9 executado em menos tempo.<\/p>\n<h3>Yektamak Makina<\/h3>\n<p>Fundada em 2013, a YEKTAMAK Machine and Engineering projeta e desenvolve m\u00e1quinas personalizadas e processos de produ\u00e7\u00e3o para diversas ind\u00fastrias, principalmente a ind\u00fastria automotiva. A YEKTAMAK fornece o processo completo de desenvolvimento. Isso vai desde a determina\u00e7\u00e3o dos requisitos do cliente, design, c\u00e1lculo do ciclo de vida, simula\u00e7\u00f5es de computador, produ\u00e7\u00e3o, controle de qualidade e testes. Todo o processo atende aos mais altos padr\u00f5es de qualidade.<\/p>\n<h3>Controle Remoto Tele Radio<\/h3>\n<p>TIGER \u00e9 um sistema de r\u00e1dio controle remoto robusto com <strong>certificado SIL3 e Ple<\/strong>. Ele \u00e9 adapt\u00e1vel a aplica\u00e7\u00f5es de eleva\u00e7\u00e3o de carga e v\u00e1rias outras aplica\u00e7\u00f5es industriais complexas em ambientes severos. Al\u00e9m do sistema Tiger temos a mais ampla linha de controle remoto industrial do mercado. Somos uma empresa orientada \u00e0s solu\u00e7\u00f5es que visam oferecer os melhores produtos com suporte inigual\u00e1vel. Se voc\u00ea est\u00e1 procurando uma solu\u00e7\u00e3o sem fio para o seu projeto espec\u00edfico, entre em contato conosco e junto vamos encontrar a melhor solu\u00e7\u00e3o.<\/p>\n<div style=\"width: 1920px;\" class=\"wp-video\"><!--[if lt IE 9]><script>document.createElement('video');<\/script><![endif]-->\n<video class=\"wp-video-shortcode\" id=\"video-34504-1\" width=\"1920\" height=\"1080\" preload=\"metadata\" controls=\"controls\"><source type=\"video\/mp4\" src=\"https:\/\/www.tele-radio.com\/app\/uploads\/TRTUR_SEYITON_PROJECT_FINAL1.mp4?_=1\" \/><a href=\"https:\/\/www.tele-radio.com\/app\/uploads\/TRTUR_SEYITON_PROJECT_FINAL1.mp4\">https:\/\/www.tele-radio.com\/app\/uploads\/TRTUR_SEYITON_PROJECT_FINAL1.mp4<\/a><\/video><\/div>\n<p>&nbsp;<\/p>\n","protected":false},"excerpt":{"rendered":"<p>Seyiton, um projeto da Yektamak Makina, \u00e9 um sistema de transporte que movimenta placas de a\u00e7o em um estaleiro. Este sistema de transporte pode transportar at\u00e9 40 toneladas e \u00e9 acionado eletricamente e controlado sem fio por um sistema de r\u00e1dio controle remoto TIGER da Tele Radio. Seyiton \u00e9 controlado sem fio por um controle [&hellip;]<\/p>\n","protected":false},"author":29,"featured_media":34474,"parent":0,"menu_order":0,"comment_status":"closed","ping_status":"closed","template":"","meta":{"_acf_changed":false,"footnotes":""},"class_list":["post-34504","page","type-page","status-publish","has-post-thumbnail","hentry"],"acf":[],"_links":{"self":[{"href":"https:\/\/www.tele-radio.com\/pt-br\/wp-json\/wp\/v2\/pages\/34504","targetHints":{"allow":["GET"]}}],"collection":[{"href":"https:\/\/www.tele-radio.com\/pt-br\/wp-json\/wp\/v2\/pages"}],"about":[{"href":"https:\/\/www.tele-radio.com\/pt-br\/wp-json\/wp\/v2\/types\/page"}],"author":[{"embeddable":true,"href":"https:\/\/www.tele-radio.com\/pt-br\/wp-json\/wp\/v2\/users\/29"}],"replies":[{"embeddable":true,"href":"https:\/\/www.tele-radio.com\/pt-br\/wp-json\/wp\/v2\/comments?post=34504"}],"version-history":[{"count":2,"href":"https:\/\/www.tele-radio.com\/pt-br\/wp-json\/wp\/v2\/pages\/34504\/revisions"}],"predecessor-version":[{"id":35582,"href":"https:\/\/www.tele-radio.com\/pt-br\/wp-json\/wp\/v2\/pages\/34504\/revisions\/35582"}],"wp:featuredmedia":[{"embeddable":true,"href":"https:\/\/www.tele-radio.com\/pt-br\/wp-json\/wp\/v2\/media\/34474"}],"wp:attachment":[{"href":"https:\/\/www.tele-radio.com\/pt-br\/wp-json\/wp\/v2\/media?parent=34504"}],"curies":[{"name":"wp","href":"https:\/\/api.w.org\/{rel}","templated":true}]}}