{"id":286722,"date":"2026-03-26T11:11:51","date_gmt":"2026-03-26T11:11:51","guid":{"rendered":"https:\/\/www.tele-radio.com\/?page_id=286722"},"modified":"2026-03-26T16:24:37","modified_gmt":"2026-03-26T16:24:37","slug":"sistemas-de-comunicacao-industrial","status":"publish","type":"page","link":"https:\/\/www.tele-radio.com\/pt-br\/sistemas-de-comunicacao-industrial\/","title":{"rendered":"Sistemas de comunica\u00e7ao industrial para aplica\u00e7\u00f5es de controle remoto sem fio"},"content":{"rendered":"\n<h1 class=\"wp-block-heading\">Sistemas de comunica\u00e7ao industrial para aplica\u00e7\u00f5es de controle remoto sem fio<\/h1>\n\n\n\n<p><\/p>\n\n\n\n<p><\/p>\n\n\n<div class=\"wp-block-image\">\n<figure class=\"alignleft size-large is-resized\"><img loading=\"lazy\" decoding=\"async\" width=\"801\" height=\"1200\" src=\"https:\/\/www.tele-radio.com\/app\/uploads\/\/FH_PH_PU_0031-801x1200.jpg\" alt=\"Sistemas de barramento industrial\" class=\"wp-image-281573\" style=\"width:400px\" srcset=\"https:\/\/www.tele-radio.com\/app\/uploads\/FH_PH_PU_0031-801x1200.jpg 801w, https:\/\/www.tele-radio.com\/app\/uploads\/FH_PH_PU_0031-267x400.jpg 267w, https:\/\/www.tele-radio.com\/app\/uploads\/FH_PH_PU_0031-768x1150.jpg 768w, https:\/\/www.tele-radio.com\/app\/uploads\/FH_PH_PU_0031-1025x1536.jpg 1025w, https:\/\/www.tele-radio.com\/app\/uploads\/FH_PH_PU_0031-1367x2048.jpg 1367w, https:\/\/www.tele-radio.com\/app\/uploads\/FH_PH_PU_0031-501x750.jpg 501w, https:\/\/www.tele-radio.com\/app\/uploads\/FH_PH_PU_0031-334x500.jpg 334w, https:\/\/www.tele-radio.com\/app\/uploads\/FH_PH_PU_0031-1068x1600.jpg 1068w, https:\/\/www.tele-radio.com\/app\/uploads\/FH_PH_PU_0031-534x800.jpg 534w, https:\/\/www.tele-radio.com\/app\/uploads\/FH_PH_PU_0031-scaled.jpg 1709w\" sizes=\"auto, (max-width: 801px) 100vw, 801px\" \/><\/figure><\/div>\n\n\n<p><\/p>\n\n\n\n<p><\/p>\n\n\n\n<p><\/p>\n\n\n\n<p>M\u00e1quinas industriais modernas dependem de uma comunica\u00e7\u00e3o r\u00e1pida, confi\u00e1vel e escal\u00e1vel entre o controle remoto sem fio e o sistema de controle da m\u00e1quina. As solu\u00e7\u00f5es de controle remoto sem fio da Tele Radio suportam diversos sistemas de comunica\u00e7\u00e3o industrial, permitindo que transmissores port\u00e1teis se comuniquem diretamente com CLPs, controladores hidr\u00e1ulicos, inversores de frequ\u00eancia e eletr\u00f4nica veicular \u2014 sem a necessidade de solu\u00e7\u00f5es alternativas complexas.<\/p>\n\n\n\n<p>Ao oferecer suporte a protocolos amplamente utilizados, como CANopen, SAE J1939, Modbus, e PROFINET, a Tele Radio permite uma integra\u00e7\u00e3o fluida do controle remoto sem fio tanto em equipamentos m\u00f3veis quanto estacion\u00e1rios. Seja para controle em tempo real de fun\u00e7\u00f5es hidr\u00e1ulicas, comunica\u00e7\u00e3o com ECUs de ve\u00edculos ou redes de automa\u00e7\u00e3o baseadas em Ethernet, o mesmo conceito de controle remoto sem fio pode ser adaptado para atender \u00e0 arquitetura de controle j\u00e1 existente.<\/p>\n\n\n\n<p>De m\u00e1quinas hidr\u00e1ulicas m\u00f3veis e equipamentos agr\u00edcolas a guindastes, portas industriais e automa\u00e7\u00e3o de f\u00e1bricas, os controles remotos port\u00e1teis da Tele Radio foram projetados para operar com confiabilidade em ambientes exigentes. OEMs, integradores de sistemas e usu\u00e1rios finais podem padronizar uma \u00fanica plataforma de controle remoto sem fio, escolhendo a comunica\u00e7\u00e3o adequada para cada aplica\u00e7\u00e3o \u2014 sem comprometer a seguran\u00e7a, a rapidez de resposta ou a possibilidade de expans\u00e3o futura.<\/p>\n\n\n\n<p><\/p>\n\n\n\n<div class=\"wp-block-buttons is-content-justification-center is-layout-flex wp-container-core-buttons-is-layout-16018d1d wp-block-buttons-is-layout-flex\">\n<div class=\"wp-block-button\"><a class=\"wp-block-button__link has-black-color has-luminous-vivid-amber-background-color has-text-color has-background has-link-color wp-element-button\" href=\"#contact\" style=\"border-radius:10px\"><strong><strong>Fale conosco<\/strong><\/strong><\/a><\/div>\n<\/div>\n\n\n\n<div style=\"height:60px\" aria-hidden=\"true\" class=\"wp-block-spacer\"><\/div>\n\n\n\n<div class=\"wp-block-columns is-layout-flex wp-container-core-columns-is-layout-9d6595d7 wp-block-columns-is-layout-flex\">\n<div class=\"wp-block-column is-layout-flow wp-block-column-is-layout-flow\">\n<div class=\"wp-block-cover is-repeated\"><div class=\"wp-block-cover__image-background wp-image-280170 size-large is-repeated\" style=\"background-position:21% 41%;background-image:url(https:\/\/www.tele-radio.com\/app\/uploads\/FH_MV_PN_0074-1200x800.jpg)\"><\/div><span aria-hidden=\"true\" class=\"wp-block-cover__background has-black-background-color has-background-dim\"><\/span><div class=\"wp-block-cover__inner-container is-layout-constrained wp-block-cover-is-layout-constrained\">\n<p class=\"has-text-align-center has-white-color has-text-color has-link-color has-large-font-size wp-elements-14eebb713c2c3c073d44b638868b7bed\"><a href=\"#canopen\">CANopen<\/a><\/p>\n<\/div><\/div>\n<\/div>\n\n\n\n<div class=\"wp-block-column is-layout-flow wp-block-column-is-layout-flow\">\n<div class=\"wp-block-cover is-repeated\"><div class=\"wp-block-cover__image-background wp-image-280200 size-large is-repeated\" style=\"background-position:60% 64%;background-image:url(https:\/\/www.tele-radio.com\/app\/uploads\/FH_MI_PN_0092-1200x801.jpg)\"><\/div><span aria-hidden=\"true\" class=\"wp-block-cover__background has-black-background-color has-background-dim\"><\/span><div class=\"wp-block-cover__inner-container is-layout-constrained wp-block-cover-is-layout-constrained\">\n<p class=\"has-text-align-center has-white-color has-text-color has-link-color has-large-font-size wp-elements-cce600139a1f5c5f8bf53dad652669db\"><a href=\"#saej1939\">SAE J1939<\/a><\/p>\n<\/div><\/div>\n<\/div>\n\n\n\n<div class=\"wp-block-column is-layout-flow wp-block-column-is-layout-flow\">\n<div class=\"wp-block-cover is-repeated\"><div class=\"wp-block-cover__image-background wp-image-280230 size-large is-repeated\" style=\"background-position:49% 41%;background-image:url(https:\/\/www.tele-radio.com\/app\/uploads\/FH_MI_PN_0045-1200x801.jpg)\"><\/div><span aria-hidden=\"true\" class=\"wp-block-cover__background has-black-background-color has-background-dim\"><\/span><div class=\"wp-block-cover__inner-container is-layout-constrained wp-block-cover-is-layout-constrained\">\n<p class=\"has-text-align-center has-white-color has-text-color has-link-color has-large-font-size wp-elements-ab2aa9e182c786cd382f87ec687658eb\"><a href=\"#modbusrtu\">Modbus RTU<\/a><\/p>\n<\/div><\/div>\n<\/div>\n\n\n\n<div class=\"wp-block-column is-layout-flow wp-block-column-is-layout-flow\">\n<div class=\"wp-block-cover is-repeated\"><div class=\"wp-block-cover__image-background wp-image-280320 size-large is-repeated\" style=\"background-position:45% 61%;background-image:url(https:\/\/www.tele-radio.com\/app\/uploads\/FH_PH_TI_0060-1200x798.jpg)\"><\/div><span aria-hidden=\"true\" class=\"wp-block-cover__background has-black-background-color has-background-dim\"><\/span><div class=\"wp-block-cover__inner-container is-layout-constrained wp-block-cover-is-layout-constrained\">\n<p class=\"has-text-align-center has-white-color has-text-color has-link-color has-large-font-size wp-elements-6636b30435f344bb33dce43e427bb167\"><a href=\"#profinet\">PROFINET<\/a><\/p>\n<\/div><\/div>\n<\/div>\n<\/div>\n\n\n\n<p><\/p>\n\n\n\n<hr class=\"wp-block-separator has-alpha-channel-opacity is-style-dots\"\/>\n\n\n\n<p><\/p>\n\n\n\n<div class=\"wp-block-columns is-layout-flex wp-container-core-columns-is-layout-9d6595d7 wp-block-columns-is-layout-flex\">\n<div class=\"wp-block-column is-vertically-aligned-center is-layout-flow wp-block-column-is-layout-flow\" style=\"flex-basis:25%\">\n<figure class=\"wp-block-image size-medium\"><img loading=\"lazy\" decoding=\"async\" width=\"1442\" height=\"2560\" src=\"https:\/\/www.tele-radio.com\/app\/uploads\/FH_MV_PN_0074-edited-scaled.jpg\" alt=\"\" class=\"wp-image-280426\" style=\"object-fit:cover\" srcset=\"https:\/\/www.tele-radio.com\/app\/uploads\/FH_MV_PN_0074-edited-scaled.jpg 1442w, https:\/\/www.tele-radio.com\/app\/uploads\/FH_MV_PN_0074-edited-225x400.jpg 225w, https:\/\/www.tele-radio.com\/app\/uploads\/FH_MV_PN_0074-edited-676x1200.jpg 676w, https:\/\/www.tele-radio.com\/app\/uploads\/FH_MV_PN_0074-edited-768x1364.jpg 768w, https:\/\/www.tele-radio.com\/app\/uploads\/FH_MV_PN_0074-edited-865x1536.jpg 865w, https:\/\/www.tele-radio.com\/app\/uploads\/FH_MV_PN_0074-edited-1154x2048.jpg 1154w, https:\/\/www.tele-radio.com\/app\/uploads\/FH_MV_PN_0074-edited-422x750.jpg 422w, https:\/\/www.tele-radio.com\/app\/uploads\/FH_MV_PN_0074-edited-282x500.jpg 282w, https:\/\/www.tele-radio.com\/app\/uploads\/FH_MV_PN_0074-edited-901x1600.jpg 901w, https:\/\/www.tele-radio.com\/app\/uploads\/FH_MV_PN_0074-edited-451x800.jpg 451w\" sizes=\"auto, (max-width: 1442px) 100vw, 1442px\" \/><\/figure>\n<\/div>\n\n\n\n<div class=\"wp-block-column is-layout-flow wp-block-column-is-layout-flow\" style=\"flex-basis:75%\">\n<h2 class=\"wp-block-heading\" id=\"canopen\">CANopen<\/h2>\n\n\n\n<p><strong>Receptores:<\/strong> <a href=\"https:\/\/www.tele-radio.com\/us\/products\/panther\/panther-receiver-canopen-saej1939\/\" target=\"_blank\" rel=\"noreferrer noopener\">PN-R18 (Panther)<\/a>, <a href=\"https:\/\/www.tele-radio.com\/us\/products\/tiger-g2\/tiger-g2-receiver-7-function-relays-canopen-2\/\" target=\"_blank\" rel=\"noreferrer noopener\">TG-R4 (Tiger)<\/a>, <a href=\"https:\/\/www.tele-radio.com\/products\/teq-waist-transmitters\/receiver-r20-1\/\" target=\"_blank\" rel=\"noreferrer noopener\">R20<\/a>, <a href=\"https:\/\/www.tele-radio.com\/products\/teq-waist-transmitters\/receiver-r21-1\/\" target=\"_blank\" rel=\"noreferrer noopener\">R21<\/a> (TEQ)<\/p>\n\n\n\n<p>O CANopen \u00e9 amplamente utilizado <a href=\"https:\/\/www.tele-radio.com\/pt-br\/controle-remoto-para-guindastes-hidraulicos\/\">em m\u00e1quinas hidr\u00e1ulicas<\/a> e equipamentos m\u00f3veis, onde uma comunica\u00e7\u00e3o r\u00e1pida e determin\u00edstica \u00e9 essencial.<br><\/p>\n\n\n\n<p><strong><strong>Aplica\u00e7\u00f5es t\u00edpicas<\/strong><br><\/strong><\/p>\n\n\n\n<ul class=\"wp-block-list\">\n<li>Guindastes hidr\u00e1ulicos e equipamentos montados em caminh\u00f5es<\/li>\n\n\n\n<li>M\u00e1quinas de constru\u00e7\u00e3o e demoli\u00e7\u00e3o<\/li>\n\n\n\n<li>Unidades hidr\u00e1ulicas m\u00f3veis de pot\u00eancia<\/li>\n<\/ul>\n\n\n\n<p><strong><strong>Por que funciona<\/strong><\/strong><\/p>\n\n\n\n<ul class=\"wp-block-list\">\n<li>Comunica\u00e7\u00e3o robusta para fun\u00e7\u00f5es cr\u00edticas de seguran\u00e7a<\/li>\n\n\n\n<li>Ideal para controles remotos port\u00e1teis em ambientes severos<\/li>\n\n\n\n<li>Integra\u00e7\u00e3o simples com controladores baseados em CAN<\/li>\n<\/ul>\n<\/div>\n<\/div>\n\n\n\n<p><\/p>\n\n\n\n<hr class=\"wp-block-separator has-alpha-channel-opacity is-style-dots\"\/>\n\n\n\n<p><\/p>\n\n\n\n<div class=\"wp-block-columns is-layout-flex wp-container-core-columns-is-layout-9d6595d7 wp-block-columns-is-layout-flex\">\n<div class=\"wp-block-column is-layout-flow wp-block-column-is-layout-flow\" style=\"flex-basis:75%\">\n<h2 class=\"wp-block-heading\" id=\"saej1939\">SAE J1939<\/h2>\n\n\n\n<p><strong>Receptores:<\/strong> <a href=\"https:\/\/www.tele-radio.com\/us\/products\/panther\/panther-receiver-canopen-saej1939\/\" target=\"_blank\" rel=\"noreferrer noopener\">PN-R18 (Panther)<\/a>, <a href=\"https:\/\/www.tele-radio.com\/us\/products\/tiger-g2\/tiger-g2-receiver-7-function-relays-j1939-2\/\" target=\"_blank\" rel=\"noreferrer noopener\">TG-R4 (Tiger)<\/a>, <a href=\"https:\/\/www.tele-radio.com\/products\/teq-waist-transmitters\/receiver-r20-1\/\" target=\"_blank\" rel=\"noreferrer noopener\">R20<\/a>, <a href=\"https:\/\/www.tele-radio.com\/products\/teq-waist-transmitters\/receiver-r21-1\/\" target=\"_blank\" rel=\"noreferrer noopener\">R21<\/a> (TEQ)<\/p>\n\n\n\n<p>O SAE J1939 \u00e9 um padr\u00e3o em sistemas veiculares, especialmente em equipamentos agr\u00edcolas e m\u00e1quinas off-road.<br><br><strong><strong>Aplica\u00e7\u00f5es t\u00edpicas<\/strong><br><\/strong><\/p>\n\n\n\n<ul class=\"wp-block-list\">\n<li>M\u00e1quinas agr\u00edcolas (distribuidores, colheitadeiras, pulverizadores)<\/li>\n\n\n\n<li>Ve\u00edculos utilit\u00e1rios e municipais<\/li>\n\n\n\n<li>M\u00e1quinas m\u00f3veis com comunica\u00e7\u00e3o do motor<\/li>\n<\/ul>\n\n\n\n<p><strong><strong>Por que funciona<\/strong><\/strong><\/p>\n\n\n\n<ul class=\"wp-block-list\">\n<li>Ideal para controle remoto sem fio em equipamentos em movimento<\/li>\n\n\n\n<li>Compatibilidade nativa com ECUs veiculares<\/li>\n\n\n\n<li>Troca de dados confi\u00e1vel via CAN<\/li>\n<\/ul>\n<\/div>\n\n\n\n<div class=\"wp-block-column is-vertically-aligned-center is-layout-flow wp-block-column-is-layout-flow\" style=\"flex-basis:25%\">\n<figure class=\"wp-block-image\"><img loading=\"lazy\" decoding=\"async\" width=\"1440\" height=\"2560\" src=\"https:\/\/www.tele-radio.com\/app\/uploads\/FH_MI_PN_0092-edited-scaled.jpg\" alt=\"\" class=\"wp-image-280456\" srcset=\"https:\/\/www.tele-radio.com\/app\/uploads\/FH_MI_PN_0092-edited-scaled.jpg 1440w, https:\/\/www.tele-radio.com\/app\/uploads\/FH_MI_PN_0092-edited-225x400.jpg 225w, https:\/\/www.tele-radio.com\/app\/uploads\/FH_MI_PN_0092-edited-675x1200.jpg 675w, https:\/\/www.tele-radio.com\/app\/uploads\/FH_MI_PN_0092-edited-768x1365.jpg 768w, https:\/\/www.tele-radio.com\/app\/uploads\/FH_MI_PN_0092-edited-864x1536.jpg 864w, https:\/\/www.tele-radio.com\/app\/uploads\/FH_MI_PN_0092-edited-1152x2048.jpg 1152w, https:\/\/www.tele-radio.com\/app\/uploads\/FH_MI_PN_0092-edited-422x750.jpg 422w, https:\/\/www.tele-radio.com\/app\/uploads\/FH_MI_PN_0092-edited-281x500.jpg 281w, https:\/\/www.tele-radio.com\/app\/uploads\/FH_MI_PN_0092-edited-900x1600.jpg 900w, https:\/\/www.tele-radio.com\/app\/uploads\/FH_MI_PN_0092-edited-450x800.jpg 450w\" sizes=\"auto, (max-width: 1440px) 100vw, 1440px\" \/><\/figure>\n<\/div>\n<\/div>\n\n\n\n<p><\/p>\n\n\n\n<hr class=\"wp-block-separator has-alpha-channel-opacity is-style-dots\"\/>\n\n\n\n<p><\/p>\n\n\n\n<div class=\"wp-block-columns is-layout-flex wp-container-core-columns-is-layout-9d6595d7 wp-block-columns-is-layout-flex\">\n<div class=\"wp-block-column is-vertically-aligned-center is-layout-flow wp-block-column-is-layout-flow\" style=\"flex-basis:25%\">\n<figure class=\"wp-block-image\"><img loading=\"lazy\" decoding=\"async\" width=\"1440\" height=\"2560\" src=\"https:\/\/www.tele-radio.com\/app\/uploads\/FH_MI_PN_0045-edited-scaled.jpg\" alt=\"\" class=\"wp-image-280486\" srcset=\"https:\/\/www.tele-radio.com\/app\/uploads\/FH_MI_PN_0045-edited-scaled.jpg 1440w, https:\/\/www.tele-radio.com\/app\/uploads\/FH_MI_PN_0045-edited-225x400.jpg 225w, https:\/\/www.tele-radio.com\/app\/uploads\/FH_MI_PN_0045-edited-675x1200.jpg 675w, https:\/\/www.tele-radio.com\/app\/uploads\/FH_MI_PN_0045-edited-768x1365.jpg 768w, https:\/\/www.tele-radio.com\/app\/uploads\/FH_MI_PN_0045-edited-864x1536.jpg 864w, https:\/\/www.tele-radio.com\/app\/uploads\/FH_MI_PN_0045-edited-1152x2048.jpg 1152w, https:\/\/www.tele-radio.com\/app\/uploads\/FH_MI_PN_0045-edited-422x750.jpg 422w, https:\/\/www.tele-radio.com\/app\/uploads\/FH_MI_PN_0045-edited-281x500.jpg 281w, https:\/\/www.tele-radio.com\/app\/uploads\/FH_MI_PN_0045-edited-900x1600.jpg 900w, https:\/\/www.tele-radio.com\/app\/uploads\/FH_MI_PN_0045-edited-450x800.jpg 450w\" sizes=\"auto, (max-width: 1440px) 100vw, 1440px\" \/><\/figure>\n<\/div>\n\n\n\n<div class=\"wp-block-column is-layout-flow wp-block-column-is-layout-flow\" style=\"flex-basis:75%\">\n<h2 class=\"wp-block-heading\" id=\"modbusrtu\">Modbus RTU<\/h2>\n\n\n\n<p><strong>Receptores:<\/strong> <a href=\"https:\/\/www.tele-radio.com\/us\/products\/tiger-g2\/tiger-g2-receiver-7-function-relays-canopen-2\/\" target=\"_blank\" rel=\"noreferrer noopener\">TG-R4<\/a>, <a href=\"https:\/\/www.tele-radio.com\/products\/teq-waist-transmitters\/receiver-r20-1\/\" target=\"_blank\" rel=\"noreferrer noopener\">R20 (TEQ)<\/a><\/p>\n\n\n\n<p>Um protocolo comprovado e amplamente <a href=\"https:\/\/www.tele-radio.com\/pt-br\/controle-remoto-para-portas\/\">adotado na automa\u00e7\u00e3o industrial<\/a>.<\/p>\n\n\n\n<p><strong><strong>Aplica\u00e7\u00f5es t\u00edpicas<\/strong><br><\/strong><\/p>\n\n\n\n<ul class=\"wp-block-list\">\n<li>Portas e port\u00f5es industriais<\/li>\n\n\n\n<li>Sistemas de transportadores (esteiras)<\/li>\n\n\n\n<li>Bombas, ventiladores e equipamentos de processo<\/li>\n<\/ul>\n\n\n\n<p><strong><strong><strong>Por que funciona<\/strong><\/strong><\/strong><\/p>\n\n\n\n<ul class=\"wp-block-list\">\n<li>Conex\u00e3o f\u00e1cil com CLPs e sistemas de E\/S (I\/O)<\/li>\n\n\n\n<li>Integra\u00e7\u00e3o simples e econ\u00f4mica<\/li>\n\n\n\n<li>Ideal para opera\u00e7\u00e3o por controle remoto port\u00e1til em m\u00e1quinas fixas<\/li>\n<\/ul>\n<\/div>\n<\/div>\n\n\n\n<p><\/p>\n\n\n\n<hr class=\"wp-block-separator has-alpha-channel-opacity is-style-dots\"\/>\n\n\n\n<p><\/p>\n\n\n\n<div class=\"wp-block-columns is-layout-flex wp-container-core-columns-is-layout-9d6595d7 wp-block-columns-is-layout-flex\">\n<div class=\"wp-block-column is-layout-flow wp-block-column-is-layout-flow\" style=\"flex-basis:75%\">\n<h2 class=\"wp-block-heading\" id=\"profinet\">PROFINET<\/h2>\n\n\n\n<p><strong>Plataformas:<\/strong> <a href=\"https:\/\/www.tele-radio.com\/us\/waist-band-transmitters\/\" target=\"_blank\" rel=\"noreferrer noopener\">TEQ<\/a>, <a href=\"https:\/\/www.tele-radio.com\/us\/products\/tiger-g2\/\" target=\"_blank\" rel=\"noreferrer noopener\">Tiger<\/a> (em breve)<\/p>\n\n\n\n<p>O PROFINET permite comunica\u00e7\u00e3o Ethernet em tempo real para aplica\u00e7\u00f5es avan\u00e7adas de automa\u00e7\u00e3o e com foco em seguran\u00e7a.<\/p>\n\n\n\n<p><strong><strong>Aplica\u00e7\u00f5es t\u00edpicas<\/strong><\/strong><\/p>\n\n\n\n<ul class=\"wp-block-list\">\n<li><a href=\"https:\/\/www.tele-radio.com\/pt-br\/controle-remoto-ponte-rolante-elevacao\/\">Pontes rolantes e talhas<\/a><\/li>\n\n\n\n<li>C\u00e9lulas de produ\u00e7\u00e3o automatizadas<\/li>\n\n\n\n<li>M\u00e1quinas industriais de alto desempenho<\/li>\n<\/ul>\n\n\n\n<p><strong><strong><strong>Por que funciona<\/strong><\/strong><\/strong><\/p>\n\n\n\n<ul class=\"wp-block-list\">\n<li>Suporta projetos de m\u00e1quinas escal\u00e1veis e preparados para o futuro<\/li>\n\n\n\n<li>Troca de dados em tempo real para controle preciso<\/li>\n\n\n\n<li>Ideal para transmissores de controle remoto avan\u00e7ados<\/li>\n<\/ul>\n<\/div>\n\n\n\n<div class=\"wp-block-column is-vertically-aligned-center is-layout-flow wp-block-column-is-layout-flow\" style=\"flex-basis:25%\">\n<figure class=\"wp-block-image\"><img loading=\"lazy\" decoding=\"async\" width=\"1439\" height=\"2560\" src=\"https:\/\/www.tele-radio.com\/app\/uploads\/FH_PH_TI_0060-edited-scaled.jpg\" alt=\"\" class=\"wp-image-280576\" srcset=\"https:\/\/www.tele-radio.com\/app\/uploads\/FH_PH_TI_0060-edited-scaled.jpg 1439w, https:\/\/www.tele-radio.com\/app\/uploads\/FH_PH_TI_0060-edited-225x400.jpg 225w, https:\/\/www.tele-radio.com\/app\/uploads\/FH_PH_TI_0060-edited-675x1200.jpg 675w, https:\/\/www.tele-radio.com\/app\/uploads\/FH_PH_TI_0060-edited-768x1366.jpg 768w, https:\/\/www.tele-radio.com\/app\/uploads\/FH_PH_TI_0060-edited-863x1536.jpg 863w, https:\/\/www.tele-radio.com\/app\/uploads\/FH_PH_TI_0060-edited-1151x2048.jpg 1151w, https:\/\/www.tele-radio.com\/app\/uploads\/FH_PH_TI_0060-edited-422x750.jpg 422w, https:\/\/www.tele-radio.com\/app\/uploads\/FH_PH_TI_0060-edited-281x500.jpg 281w, https:\/\/www.tele-radio.com\/app\/uploads\/FH_PH_TI_0060-edited-899x1600.jpg 899w, https:\/\/www.tele-radio.com\/app\/uploads\/FH_PH_TI_0060-edited-450x800.jpg 450w\" sizes=\"auto, (max-width: 1439px) 100vw, 1439px\" \/><\/figure>\n<\/div>\n<\/div>\n\n\n\n<p><\/p>\n\n\n\n<hr class=\"wp-block-separator has-alpha-channel-opacity is-style-dots\"\/>\n\n\n\n<p><\/p>\n\n\n\n<h2 class=\"wp-block-heading\"><strong>Uma plataforma de controle remoto sem fio, v\u00e1rias ind\u00fastrias<\/strong><\/h2>\n\n\n\n<p>Ao oferecer suporte a m\u00faltiplos sistemas de comunica\u00e7\u00e3o industrial, a Tele Radio permite que OEMs, integradores e usu\u00e1rios finais escolham o mesmo transmissor de controle remoto \u2014 port\u00e1til ou industrial \u2014 para diferentes m\u00e1quinas e setores, sem precisar redesenhar a arquitetura de controle.<\/p>\n\n\n\n<p>De hidr\u00e1ulica e agricultura a portas, guindastes e automa\u00e7\u00e3o de f\u00e1bricas, as solu\u00e7\u00f5es de controle remoto sem fio da Tele Radio se adaptam \u00e0 sua rede industrial \u2014 e n\u00e3o o contr\u00e1rio.<\/p>\n\n\n\n<p id=\"contact\"><strong>Procurando o controle remoto ideal para a sua aplica\u00e7\u00e3o?<\/strong><br>Fale conosco<\/p>\n\n\n\n<div class=\"wp-block-contact-form-7-contact-form-selector\">\n<div class=\"wpcf7 no-js\" id=\"wpcf7-f46900-o1\" lang=\"en-EN\" dir=\"ltr\" data-wpcf7-id=\"46900\">\n<div class=\"screen-reader-response\"><p role=\"status\" aria-live=\"polite\" aria-atomic=\"true\"><\/p> <ul><\/ul><\/div>\n<form action=\"\/pt-br\/wp-json\/wp\/v2\/pages\/286722#wpcf7-f46900-o1\" method=\"post\" class=\"wpcf7-form init\" aria-label=\"Contact form\" novalidate=\"novalidate\" data-status=\"init\">\n<fieldset class=\"hidden-fields-container\"><input type=\"hidden\" name=\"_wpcf7\" value=\"46900\" \/><input type=\"hidden\" name=\"_wpcf7_version\" value=\"6.1\" \/><input type=\"hidden\" name=\"_wpcf7_locale\" value=\"en_EN\" \/><input type=\"hidden\" name=\"_wpcf7_unit_tag\" value=\"wpcf7-f46900-o1\" \/><input type=\"hidden\" name=\"_wpcf7_container_post\" value=\"0\" \/><input type=\"hidden\" name=\"_wpcf7_posted_data_hash\" value=\"\" \/><input type=\"hidden\" name=\"_wpcf7_recaptcha_response\" value=\"\" \/>\n<\/fieldset>\n<p><label> Nome*<br \/>\n<span class=\"wpcf7-form-control-wrap\" data-name=\"nombre\"><input size=\"40\" maxlength=\"400\" class=\"wpcf7-form-control wpcf7-text wpcf7-validates-as-required\" aria-required=\"true\" aria-invalid=\"false\" placeholder=\"Seu nome\" value=\"\" type=\"text\" name=\"nombre\" \/><\/span> <\/label>\n<\/p>\n<p><label> Email*<br \/>\n<span class=\"wpcf7-form-control-wrap\" data-name=\"tu-email\"><input size=\"40\" maxlength=\"400\" class=\"wpcf7-form-control wpcf7-email wpcf7-validates-as-required wpcf7-text wpcf7-validates-as-email\" aria-required=\"true\" aria-invalid=\"false\" placeholder=\"Seu email\" value=\"\" type=\"email\" name=\"tu-email\" \/><\/span> <\/label>\n<\/p>\n<p><label> Tel\u00e9fono*<br \/>\n<span class=\"wpcf7-form-control-wrap\" data-name=\"tu-tfno\"><input size=\"40\" maxlength=\"400\" class=\"wpcf7-form-control wpcf7-tel wpcf7-validates-as-required wpcf7-text wpcf7-validates-as-tel\" aria-required=\"true\" aria-invalid=\"false\" placeholder=\"telefone de contato\" value=\"\" type=\"tel\" name=\"tu-tfno\" \/><\/span> <\/label>\n<\/p>\n<p><label> Sua mensagem*<br \/>\n<span class=\"wpcf7-form-control-wrap\" data-name=\"your-message\"><textarea cols=\"40\" rows=\"10\" maxlength=\"2000\" class=\"wpcf7-form-control wpcf7-textarea wpcf7-validates-as-required\" aria-required=\"true\" aria-invalid=\"false\" placeholder=\"Escreva aqui em qual transmissor, equipamento ou aplica\u00e7\u00e3o voc\u00ea est\u00e1 interessado; ou se voc\u00ea tiver alguma d\u00favida.\" name=\"your-message\"><\/textarea><\/span> <\/label>\n<\/p>\n<p><input class=\"wpcf7-form-control wpcf7-submit has-spinner\" type=\"submit\" value=\"Enviar\" \/>\n<\/p><div class=\"wpcf7-response-output\" aria-hidden=\"true\"><\/div>\n<\/form>\n<\/div>\n\r\n\t\t\t\t<script>\r\n\t\t\t\tif ( typeof huOptions !== 'undefined' ) {\r\n\t\t\t\t\tvar huFormData = {\"source\":\"contactform7\",\"id\":46900,\"title\":\"TRBRA-form\",\"fields\":{\"subject\":{\"first_name\":\"your-name\",\"email\":\"your-email\"},\"preferences\":{\"terms\":\"your-consent\"}}};\r\n\t\t\t\t\tvar huFormNode = document.querySelector( '[id^=\"wpcf7-f46900-\"] form' );\r\n\r\n\t\t\t\t\thuFormData['node'] = huFormNode;\r\n\t\t\t\t\thuOptions['forms'].push( huFormData );\r\n\t\t\t\t}\r\n\t\t\t\t<\/script><\/div>\n\n\n\n<p><\/p>\n","protected":false},"excerpt":{"rendered":"<p>Sistemas de comunica\u00e7ao industrial para aplica\u00e7\u00f5es de controle remoto sem fio M\u00e1quinas industriais modernas dependem de uma comunica\u00e7\u00e3o r\u00e1pida, confi\u00e1vel e escal\u00e1vel entre o controle remoto sem fio e o sistema de controle da m\u00e1quina. As solu\u00e7\u00f5es de controle remoto sem fio da Tele Radio suportam diversos sistemas de comunica\u00e7\u00e3o industrial, permitindo que transmissores port\u00e1teis [&hellip;]<\/p>\n","protected":false},"author":100,"featured_media":0,"parent":0,"menu_order":0,"comment_status":"closed","ping_status":"closed","template":"","meta":{"_acf_changed":false,"footnotes":""},"class_list":["post-286722","page","type-page","status-publish","hentry"],"acf":[],"_links":{"self":[{"href":"https:\/\/www.tele-radio.com\/pt-br\/wp-json\/wp\/v2\/pages\/286722","targetHints":{"allow":["GET"]}}],"collection":[{"href":"https:\/\/www.tele-radio.com\/pt-br\/wp-json\/wp\/v2\/pages"}],"about":[{"href":"https:\/\/www.tele-radio.com\/pt-br\/wp-json\/wp\/v2\/types\/page"}],"author":[{"embeddable":true,"href":"https:\/\/www.tele-radio.com\/pt-br\/wp-json\/wp\/v2\/users\/100"}],"replies":[{"embeddable":true,"href":"https:\/\/www.tele-radio.com\/pt-br\/wp-json\/wp\/v2\/comments?post=286722"}],"version-history":[{"count":7,"href":"https:\/\/www.tele-radio.com\/pt-br\/wp-json\/wp\/v2\/pages\/286722\/revisions"}],"predecessor-version":[{"id":288647,"href":"https:\/\/www.tele-radio.com\/pt-br\/wp-json\/wp\/v2\/pages\/286722\/revisions\/288647"}],"wp:attachment":[{"href":"https:\/\/www.tele-radio.com\/pt-br\/wp-json\/wp\/v2\/media?parent=286722"}],"curies":[{"name":"wp","href":"https:\/\/api.w.org\/{rel}","templated":true}]}}