{"id":284832,"date":"2026-03-19T15:03:51","date_gmt":"2026-03-19T15:03:51","guid":{"rendered":"https:\/\/www.tele-radio.com\/?page_id=284832"},"modified":"2026-03-20T08:18:07","modified_gmt":"2026-03-20T08:18:07","slug":"controle-remoto-para-guinchos","status":"publish","type":"page","link":"https:\/\/www.tele-radio.com\/pt-br\/controle-remoto-para-guinchos\/","title":{"rendered":"Controle remoto para guinchos e guinchos de reboque"},"content":{"rendered":"\n<p>Nosso controle remoto sem fio para guinchos de reboque e guinchos se destaca pela facilidade de uso, flexibilidade e confiabilidade. A linha Panther \u00e9 a fam\u00edlia de produtos mais utilizada nessas aplica\u00e7\u00f5es.<\/p>\n\n\n\n<p>Os sistemas Panther utilizam uma tecnologia que permite a opera\u00e7\u00e3o sem interfer\u00eancias de centenas de sistemas e tamb\u00e9m contam com recursos de seguran\u00e7a \u00e0 prova de falhas (fail-safe) integrados. \u00c9, sem d\u00favida, a melhor escolha para controlar guinchos de reboque remotamente.<\/p>\n\n\n\n<div class=\"wp-block-buttons is-horizontal is-content-justification-center is-layout-flex wp-container-core-buttons-is-layout-499968f5 wp-block-buttons-is-layout-flex\">\n<div class=\"wp-block-button\"><a class=\"wp-block-button__link has-black-color has-text-color has-background wp-element-button\" href=\"#info\" style=\"border-radius:7px;background-color:#fbba00\"><strong>Fale conosco<\/strong><\/a><\/div>\n<\/div>\n\n\n\n<div style=\"height:70px\" aria-hidden=\"true\" class=\"wp-block-spacer\"><\/div>\n\n\n\n<div class=\"wp-block-columns is-layout-flex wp-container-core-columns-is-layout-9d6595d7 wp-block-columns-is-layout-flex\">\n<div class=\"wp-block-column is-layout-flow wp-block-column-is-layout-flow\" style=\"flex-basis:20%\"><\/div>\n\n\n\n<div class=\"wp-block-column is-layout-flow wp-block-column-is-layout-flow\" style=\"flex-basis:60%\">\n<figure class=\"wp-block-video aligncenter\"><video controls src=\"https:\/\/www.tele-radio.com\/app\/uploads\/Tow-Truck-BR.mp4\"><\/video><\/figure>\n<\/div>\n\n\n\n<div class=\"wp-block-column is-layout-flow wp-block-column-is-layout-flow\" style=\"flex-basis:20%\"><\/div>\n<\/div>\n\n\n\n<p><\/p>\n\n\n\n<h2 class=\"wp-block-heading\">Controle sem fio para guinchos<\/h2>\n\n\n\n<div class=\"wp-block-columns are-vertically-aligned-center has-background is-layout-flex wp-container-core-columns-is-layout-9d6595d7 wp-block-columns-is-layout-flex\" style=\"background-color:#ffffff\">\n<div class=\"wp-block-column is-vertically-aligned-center is-layout-flow wp-block-column-is-layout-flow\" style=\"flex-basis:25.5%\"><div class=\"wp-block-image\">\n<figure class=\"alignleft size-medium\"><img loading=\"lazy\" decoding=\"async\" width=\"400\" height=\"380\" src=\"https:\/\/www.tele-radio.com\/app\/uploads\/\/Remote-control-for-Winches-Panther-system-by-Tele-Radio-400x380.jpg\" alt=\"Remote control for Winches - Panther system by Tele Radio\" class=\"wp-image-24144\" srcset=\"https:\/\/www.tele-radio.com\/app\/uploads\/Remote-control-for-Winches-Panther-system-by-Tele-Radio-400x380.jpg 400w, https:\/\/www.tele-radio.com\/app\/uploads\/Remote-control-for-Winches-Panther-system-by-Tele-Radio.jpg 450w\" sizes=\"auto, (max-width: 400px) 100vw, 400px\" \/><\/figure><\/div>\n\n\n<p><\/p>\n<\/div>\n\n\n\n<div class=\"wp-block-column is-vertically-aligned-center is-layout-flow wp-block-column-is-layout-flow\" style=\"flex-basis:75%\">\n<p class=\"has-background has-medium-font-size\" style=\"background-color:#ffffff\">Este sistema foi desenvolvido especialmente para facilitar a opera\u00e7\u00e3o de guinchos de velocidade \u00fanica em equipamentos m\u00f3veis, como caminh\u00f5es de resgate, guinchos de reboque, ve\u00edculos off-road etc.<\/p>\n\n\n\n<p class=\"has-background has-medium-font-size\" style=\"background-color:#ffffff\">Este sistema de controle remoto, o <strong>PNS-R171-T2165<\/strong> (mostrado \u00e0 esquerda), \u00e9 muito f\u00e1cil de instalar gra\u00e7as ao seu receptor pr\u00e9-cabeado.<\/p>\n<\/div>\n<\/div>\n\n\n\n<p>If you need to control<strong> two-speed winches or additional functions<\/strong>, we offer a wide variety of Transmitters with a 2-step push button, with the ability to control up to 4 functions from a single Transmitter, as shown in <a href=\"#fortowtrucks\">the images below<\/a>.<\/p>\n\n\n\n<p>Se voc\u00ea precisa controlar guinchos de duas velocidades ou fun\u00e7\u00f5es adicionais, oferecemos uma ampla variedade de transmissores com bot\u00e3o de acionamento em dois est\u00e1gios, com a possibilidade de controlar at\u00e9 4 fun\u00e7\u00f5es a partir de um \u00fanico transmissor, <a href=\"#fortowtrucks\">como mostrado nas imagens abaixo.<\/a><br><br><\/p>\n\n\n\n<h2 class=\"wp-block-heading\"><strong><strong>Controles remotos sem fio para guindastes em plataformas (flatbed)<\/strong><\/strong><\/h2>\n\n\n\n<p>Guindastes em plataformas (flatbed) s\u00e3o equipamentos essenciais para resgate veicular, assist\u00eancia em estrada, transporte e opera\u00e7\u00f5es de salvamento. Integrar um sistema de controle remoto sem fio aumenta significativamente a seguran\u00e7a, a praticidade e a efici\u00eancia operacional.<\/p>\n\n\n\n<h3 class=\"wp-block-heading\"><strong><strong>Por que escolher um controle remoto para guindastes em plataformas (flatbed)?<\/strong><\/strong><\/h3>\n\n\n\n<p>Os controles remotos mais comuns para guindastes em plataformas (flatbed) normalmente possuem entre 6 e 10 bot\u00f5es em transmissores compactos, permitindo que os operadores gerenciem v\u00e1rias fun\u00e7\u00f5es, como o acionamento e o recolhimento da plataforma, movimentos hidr\u00e1ulicos adicionais e sistemas auxiliares, como luzes e estabilizadores.<\/p>\n\n\n\n<p>Em aplica\u00e7\u00f5es nas quais a seguran\u00e7a \u00e9 cr\u00edtica e \u00e9 necess\u00e1rio maior n\u00edvel de prote\u00e7\u00e3o para o operador e para o entorno, s\u00e3o frequentemente utilizados transmissores com pelo menos 8 bot\u00f5es \u2014 incluindo um bot\u00e3o cogumelo de parada de emerg\u00eancia. Esse bot\u00e3o adiciona uma camada extra de seguran\u00e7a, permitindo o desligamento imediato de todas as opera\u00e7\u00f5es em caso de risco ou emerg\u00eancia.<\/p>\n\n\n\n<h2 class=\"wp-block-heading\"><strong><strong>Controles remotos sem fio para guinchos de reboque<\/strong><\/strong><\/h2>\n\n\n\n<p>Guinchos de reboque s\u00e3o essenciais para resgate veicular, assist\u00eancia em estrada e transporte, especialmente em situa\u00e7\u00f5es de emerg\u00eancia ou panes.<\/p>\n\n\n\n<p>A integra\u00e7\u00e3o de controles remotos sem fio em guinchos de reboque aumenta significativamente a seguran\u00e7a do operador, permitindo que todas as opera\u00e7\u00f5es sejam realizadas a uma dist\u00e2ncia segura, reduzindo os riscos associados ao tr\u00e1fego e a condi\u00e7\u00f5es ambientais desafiadoras. Isso n\u00e3o apenas protege o operador, como tamb\u00e9m melhora a precis\u00e3o das manobras e a efici\u00eancia operacional como um todo.<\/p>\n\n\n\n<p><\/p>\n\n\n\n<figure class=\"wp-block-image size-large\"><img loading=\"lazy\" decoding=\"async\" width=\"1200\" height=\"266\" src=\"https:\/\/www.tele-radio.com\/app\/uploads\/\/FH_MV_PN_0002-1200x266.png\" alt=\"remote control tow truck\" class=\"wp-image-263750\" srcset=\"https:\/\/www.tele-radio.com\/app\/uploads\/FH_MV_PN_0002-1200x266.png 1200w, https:\/\/www.tele-radio.com\/app\/uploads\/FH_MV_PN_0002-400x89.png 400w, https:\/\/www.tele-radio.com\/app\/uploads\/FH_MV_PN_0002-768x170.png 768w, https:\/\/www.tele-radio.com\/app\/uploads\/FH_MV_PN_0002-1536x341.png 1536w, https:\/\/www.tele-radio.com\/app\/uploads\/FH_MV_PN_0002-2048x455.png 2048w, https:\/\/www.tele-radio.com\/app\/uploads\/FH_MV_PN_0002-750x166.png 750w, https:\/\/www.tele-radio.com\/app\/uploads\/FH_MV_PN_0002-500x111.png 500w, https:\/\/www.tele-radio.com\/app\/uploads\/FH_MV_PN_0002-1600x355.png 1600w, https:\/\/www.tele-radio.com\/app\/uploads\/FH_MV_PN_0002-800x178.png 800w\" sizes=\"auto, (max-width: 1200px) 100vw, 1200px\" \/><\/figure>\n\n\n\n<p><\/p>\n\n\n\n<h2 class=\"wp-block-heading\" id=\"fortowtrucks\"><strong>Controle remoto sem fio para guinchos de reboque e ve\u00edculos de resgate<\/strong><\/h2>\n\n\n\n<figure class=\"wp-block-image size-large is-resized\"><img loading=\"lazy\" decoding=\"async\" width=\"1200\" height=\"398\" src=\"https:\/\/www.tele-radio.com\/app\/uploads\/\/remote-controls-for-tow-trucks-1200x398.jpg\" alt=\"Remote control for tow truck\" class=\"wp-image-33991\" style=\"width:900px;height:299px\" srcset=\"https:\/\/www.tele-radio.com\/app\/uploads\/remote-controls-for-tow-trucks-1200x398.jpg 1200w, https:\/\/www.tele-radio.com\/app\/uploads\/remote-controls-for-tow-trucks-400x133.jpg 400w, https:\/\/www.tele-radio.com\/app\/uploads\/remote-controls-for-tow-trucks-768x255.jpg 768w, https:\/\/www.tele-radio.com\/app\/uploads\/remote-controls-for-tow-trucks-750x249.jpg 750w, https:\/\/www.tele-radio.com\/app\/uploads\/remote-controls-for-tow-trucks-500x166.jpg 500w, https:\/\/www.tele-radio.com\/app\/uploads\/remote-controls-for-tow-trucks-800x265.jpg 800w, https:\/\/www.tele-radio.com\/app\/uploads\/remote-controls-for-tow-trucks.jpg 1463w\" sizes=\"auto, (max-width: 1200px) 100vw, 1200px\" \/><\/figure>\n\n\n\n<p>Sistemas de controle remoto por r\u00e1dio para caminh\u00f5es-guincho com plataforma (flatbed), guinchos tipo wrecker e muitos outros tipos de ve\u00edculos de resgate. Diferentes recursos, diferentes quantidades de bot\u00f5es e programa\u00e7\u00e3o personalizada tornam nossos produtos extremamente adapt\u00e1veis.<\/p>\n\n\n\n<div style=\"height:20px\" aria-hidden=\"true\" class=\"wp-block-spacer\"><\/div>\n\n\n\n<div class=\"wp-block-media-text alignwide has-media-on-the-right is-stacked-on-mobile is-vertically-aligned-center has-very-light-gray-background-color has-background\"><div class=\"wp-block-media-text__content\">\n<div style=\"height:20px\" aria-hidden=\"true\" class=\"wp-block-spacer\"><\/div>\n\n\n\n<h2 class=\"wp-block-heading\">Personalize seu controle remoto para guincho de reboque<\/h2>\n\n\n\n<p class=\"has-medium-font-size\">Get a <a href=\"https:\/\/www.tele-radio.com\/pt-br\/etiquetas-personalizadas\/\">customized design for your radio remote control using<\/a> your own icons, corporate colors, logo and\/or website.<\/p>\n<\/div><figure class=\"wp-block-media-text__media\"><img loading=\"lazy\" decoding=\"async\" width=\"600\" height=\"347\" src=\"https:\/\/www.tele-radio.com\/app\/uploads\/remote-control-tow-truck-custom-foils-teleradio-2.png\" alt=\"\" class=\"wp-image-59769 size-full\" srcset=\"https:\/\/www.tele-radio.com\/app\/uploads\/remote-control-tow-truck-custom-foils-teleradio-2.png 600w, https:\/\/www.tele-radio.com\/app\/uploads\/remote-control-tow-truck-custom-foils-teleradio-2-400x231.png 400w, https:\/\/www.tele-radio.com\/app\/uploads\/remote-control-tow-truck-custom-foils-teleradio-2-500x289.png 500w\" sizes=\"auto, (max-width: 600px) 100vw, 600px\" \/><\/figure><\/div>\n\n\n\n<div style=\"height:40px\" aria-hidden=\"true\" class=\"wp-block-spacer\"><\/div>\n\n\n\n<h2 class=\"wp-block-heading\">Caracter\u00edsticas gerais do controle remoto para guinchos de reboque e guinchos<br><\/h2>\n\n\n\n<ul class=\"wp-block-list\">\n<li>Altamente ajust\u00e1vel para controlar diferentes receptores com um \u00fanico transmissor \u2014 por exemplo, para operar uma plataforma deslizante e um guincho em um caminh\u00e3o de resgate.<\/li>\n\n\n\n<li>Os bot\u00f5es dos transmissores s\u00e3o program\u00e1veis e t\u00eam uma vida \u00fatil muito longa.<\/li>\n\n\n\n<li>H\u00e1 uma ampla variedade de acess\u00f3rios dispon\u00edveis para transmissores e receptores: baterias recarreg\u00e1veis, al\u00e7as\/tiras de transporte, capas de prote\u00e7\u00e3o, clipes de cinto em metal ou pl\u00e1stico, entre outros.<\/li>\n<\/ul>\n\n\n\n<div class=\"wp-block-columns has-very-light-gray-background-color has-background is-layout-flex wp-container-core-columns-is-layout-9d6595d7 wp-block-columns-is-layout-flex\">\n<div class=\"wp-block-column is-layout-flow wp-block-column-is-layout-flow\"><div class=\"wp-block-image is-resized\">\n<figure class=\"aligncenter size-large\"><img loading=\"lazy\" decoding=\"async\" width=\"100\" height=\"100\" src=\"https:\/\/www.tele-radio.com\/app\/uploads\/protected-t19.png\" alt=\"IP65 and IP67 certified radio remote control for tow truck and winches\" class=\"wp-image-58029\" style=\"width:auto;height:100px\"\/><\/figure><\/div>\n\n\n<p class=\"has-text-align-center has-medium-font-size\"><strong><strong>Prote\u00e7\u00e3o contra poeira e \u00e1gua<\/strong><\/strong><\/p>\n\n\n\n<p class=\"has-text-align-center\">Nossos transmissores s\u00e3o extremamente robustos.<br>Alguns possuem certifica\u00e7\u00e3o IP65 e a maioria \u00e9 certificada IP67.<\/p>\n\n\n\n<p class=\"has-text-align-center\"><\/p>\n<\/div>\n\n\n\n<div class=\"wp-block-column is-layout-flow wp-block-column-is-layout-flow\"><div class=\"wp-block-image is-resized\">\n<figure class=\"aligncenter size-large\"><img loading=\"lazy\" decoding=\"async\" width=\"100\" height=\"100\" src=\"https:\/\/www.tele-radio.com\/app\/uploads\/reparar-control-remoto-espana-teleradio.png\" alt=\"Local support for radio remote control\" class=\"wp-image-36147\" style=\"width:auto;height:100px\"\/><\/figure><\/div>\n\n\n<p class=\"has-text-align-center has-medium-font-size\"><strong><strong>Suporte global e atendimento local direto<\/strong><\/strong><\/p>\n\n\n\n<p class=\"has-text-align-center\">Escrit\u00f3rios nos EUA e em diversas regi\u00f5es do mundo. Mais de 20 subsidi\u00e1rias ao redor do globo.<br><\/p>\n<\/div>\n\n\n\n<div class=\"wp-block-column is-layout-flow wp-block-column-is-layout-flow\"><div class=\"wp-block-image is-resized\">\n<figure class=\"aligncenter size-large\"><img loading=\"lazy\" decoding=\"async\" width=\"128\" height=\"128\" src=\"https:\/\/www.tele-radio.com\/app\/uploads\/certification.png\" alt=\"FCC IC CE Approved transmiters\" class=\"wp-image-46654\" style=\"width:auto;height:100px\"\/><\/figure><\/div>\n\n\n<p class=\"has-text-align-center has-medium-font-size\"><strong><strong>Homologado pela ANATEL<\/strong><\/strong><\/p>\n\n\n\n<p class=\"has-text-align-center\">Use nossos transmissores em qualquer lugar do mundo. Exporte e importe suas m\u00e1quinas com tranquilidade.<br><\/p>\n<\/div>\n<\/div>\n\n\n\n<h2 class=\"wp-block-heading\" id=\"info\">Contact us<\/h2>\n\n\n\n<div class=\"wp-block-columns is-layout-flex wp-container-core-columns-is-layout-9d6595d7 wp-block-columns-is-layout-flex\">\n<div class=\"wp-block-column is-layout-flow wp-block-column-is-layout-flow\" style=\"flex-basis:66.66%\">\n<div class=\"wp-block-contact-form-7-contact-form-selector\">\n<div class=\"wpcf7 no-js\" id=\"wpcf7-f46900-o1\" lang=\"en-EN\" dir=\"ltr\" data-wpcf7-id=\"46900\">\n<div class=\"screen-reader-response\"><p role=\"status\" aria-live=\"polite\" aria-atomic=\"true\"><\/p> <ul><\/ul><\/div>\n<form action=\"\/pt-br\/wp-json\/wp\/v2\/pages\/284832#wpcf7-f46900-o1\" method=\"post\" class=\"wpcf7-form init\" aria-label=\"Contact form\" novalidate=\"novalidate\" data-status=\"init\">\n<fieldset class=\"hidden-fields-container\"><input type=\"hidden\" name=\"_wpcf7\" value=\"46900\" \/><input type=\"hidden\" name=\"_wpcf7_version\" value=\"6.1\" \/><input type=\"hidden\" name=\"_wpcf7_locale\" value=\"en_EN\" \/><input type=\"hidden\" name=\"_wpcf7_unit_tag\" value=\"wpcf7-f46900-o1\" \/><input type=\"hidden\" name=\"_wpcf7_container_post\" value=\"0\" \/><input type=\"hidden\" name=\"_wpcf7_posted_data_hash\" value=\"\" \/><input type=\"hidden\" name=\"_wpcf7_recaptcha_response\" value=\"\" \/>\n<\/fieldset>\n<p><label> Nome*<br \/>\n<span class=\"wpcf7-form-control-wrap\" data-name=\"nombre\"><input size=\"40\" maxlength=\"400\" class=\"wpcf7-form-control wpcf7-text wpcf7-validates-as-required\" aria-required=\"true\" aria-invalid=\"false\" placeholder=\"Seu nome\" value=\"\" type=\"text\" name=\"nombre\" \/><\/span> <\/label>\n<\/p>\n<p><label> Email*<br \/>\n<span class=\"wpcf7-form-control-wrap\" data-name=\"tu-email\"><input size=\"40\" maxlength=\"400\" class=\"wpcf7-form-control wpcf7-email wpcf7-validates-as-required wpcf7-text wpcf7-validates-as-email\" aria-required=\"true\" aria-invalid=\"false\" placeholder=\"Seu email\" value=\"\" type=\"email\" name=\"tu-email\" \/><\/span> <\/label>\n<\/p>\n<p><label> Tel\u00e9fono*<br \/>\n<span class=\"wpcf7-form-control-wrap\" data-name=\"tu-tfno\"><input size=\"40\" maxlength=\"400\" class=\"wpcf7-form-control wpcf7-tel wpcf7-validates-as-required wpcf7-text wpcf7-validates-as-tel\" aria-required=\"true\" aria-invalid=\"false\" placeholder=\"telefone de contato\" value=\"\" type=\"tel\" name=\"tu-tfno\" \/><\/span> <\/label>\n<\/p>\n<p><label> Sua mensagem*<br \/>\n<span class=\"wpcf7-form-control-wrap\" data-name=\"your-message\"><textarea cols=\"40\" rows=\"10\" maxlength=\"2000\" class=\"wpcf7-form-control wpcf7-textarea wpcf7-validates-as-required\" aria-required=\"true\" aria-invalid=\"false\" placeholder=\"Escreva aqui em qual transmissor, equipamento ou aplica\u00e7\u00e3o voc\u00ea est\u00e1 interessado; ou se voc\u00ea tiver alguma d\u00favida.\" name=\"your-message\"><\/textarea><\/span> <\/label>\n<\/p>\n<p><input class=\"wpcf7-form-control wpcf7-submit has-spinner\" type=\"submit\" value=\"Enviar\" \/>\n<\/p><div class=\"wpcf7-response-output\" aria-hidden=\"true\"><\/div>\n<\/form>\n<\/div>\n\r\n\t\t\t\t<script>\r\n\t\t\t\tif ( typeof huOptions !== 'undefined' ) {\r\n\t\t\t\t\tvar huFormData = {\"source\":\"contactform7\",\"id\":46900,\"title\":\"TRBRA-form\",\"fields\":{\"subject\":{\"first_name\":\"your-name\",\"email\":\"your-email\"},\"preferences\":{\"terms\":\"your-consent\"}}};\r\n\t\t\t\t\tvar huFormNode = document.querySelector( '[id^=\"wpcf7-f46900-\"] form' );\r\n\r\n\t\t\t\t\thuFormData['node'] = huFormNode;\r\n\t\t\t\t\thuOptions['forms'].push( huFormData );\r\n\t\t\t\t}\r\n\t\t\t\t<\/script><\/div>\n<\/div>\n\n\n\n<div class=\"wp-block-column is-layout-flow wp-block-column-is-layout-flow\" style=\"flex-basis:33.33%\"><\/div>\n<\/div>\n\n\n\n<p class=\"has-text-align-center\" style=\"font-size:32px\"><strong><strong>Clientes que confiam na nossa marca<\/strong><\/strong><\/p>\n\n\n\n<div class=\"wp-block-columns are-vertically-aligned-center is-layout-flex wp-container-core-columns-is-layout-9d6595d7 wp-block-columns-is-layout-flex\">\n<div class=\"wp-block-column is-vertically-aligned-center is-layout-flow wp-block-column-is-layout-flow\">\n<figure class=\"wp-block-image size-large\"><a href=\"https:\/\/www.volvo.com\/en\/\" target=\"_blank\" rel=\"nofollow noopener\"><img loading=\"lazy\" decoding=\"async\" width=\"130\" height=\"130\" src=\"https:\/\/www.tele-radio.com\/app\/uploads\/volvo-trucks-logo.png\" alt=\"Volvo and Tele Radio\" class=\"wp-image-58810\"\/><\/a><\/figure>\n<\/div>\n\n\n\n<div class=\"wp-block-column is-vertically-aligned-center is-layout-flow wp-block-column-is-layout-flow\">\n<figure class=\"wp-block-image size-large\"><a href=\"https:\/\/www.caterpillar.com\/\" target=\"_blank\" rel=\"nofollow noopener\"><img loading=\"lazy\" decoding=\"async\" width=\"130\" height=\"73\" src=\"https:\/\/www.tele-radio.com\/app\/uploads\/Caterpillar-Logo.png\" alt=\"Caterpillar and Tele Radio\" class=\"wp-image-55802\"\/><\/a><\/figure>\n<\/div>\n\n\n\n<div class=\"wp-block-column is-vertically-aligned-center is-layout-flow wp-block-column-is-layout-flow\">\n<figure class=\"wp-block-image size-large\"><a href=\"https:\/\/www.tesla.com\/\" target=\"_blank\" rel=\"nofollow noopener\"><img loading=\"lazy\" decoding=\"async\" width=\"130\" height=\"131\" src=\"https:\/\/www.tele-radio.com\/app\/uploads\/Tesla-logo.png\" alt=\"Tesla and Tele Radio\" class=\"wp-image-55823\"\/><\/a><\/figure>\n<\/div>\n\n\n\n<div class=\"wp-block-column is-vertically-aligned-center is-layout-flow wp-block-column-is-layout-flow\">\n<figure class=\"wp-block-image size-large\"><a href=\"https:\/\/www.toyotaforklift.com\/\" target=\"_blank\" rel=\"nofollow noopener\"><img loading=\"lazy\" decoding=\"async\" width=\"200\" height=\"57\" src=\"https:\/\/www.tele-radio.com\/app\/uploads\/toyota-industrial-equipment.png\" alt=\"Toyota and Tele Radio\" class=\"wp-image-55865\"\/><\/a><\/figure>\n\n\n\n<p><\/p>\n<\/div>\n<\/div>\n\n\n\n<h3 class=\"wp-block-heading\">Sobre a Tele Radio<\/h3>\n\n\n\n<p>A Tele Radio \u00e9 uma empresa sueca com mais de 70 anos de experi\u00eancia e uma das l\u00edderes mundiais no setor de controle remoto. Fabricamos, personalizamos e fornecemos sistemas de controle remoto para milhares de empresas em todo o mundo.<\/p>\n\n\n\n<p><\/p>\n","protected":false},"excerpt":{"rendered":"<p>Nosso controle remoto sem fio para guinchos de reboque e guinchos se destaca pela facilidade de uso, flexibilidade e confiabilidade. A linha Panther \u00e9 a fam\u00edlia de produtos mais utilizada nessas aplica\u00e7\u00f5es. Os sistemas Panther utilizam uma tecnologia que permite a opera\u00e7\u00e3o sem interfer\u00eancias de centenas de sistemas e tamb\u00e9m contam com recursos de seguran\u00e7a [&hellip;]<\/p>\n","protected":false},"author":100,"featured_media":0,"parent":0,"menu_order":0,"comment_status":"closed","ping_status":"closed","template":"","meta":{"_acf_changed":false,"footnotes":""},"class_list":["post-284832","page","type-page","status-publish","hentry"],"acf":[],"_links":{"self":[{"href":"https:\/\/www.tele-radio.com\/pt-br\/wp-json\/wp\/v2\/pages\/284832","targetHints":{"allow":["GET"]}}],"collection":[{"href":"https:\/\/www.tele-radio.com\/pt-br\/wp-json\/wp\/v2\/pages"}],"about":[{"href":"https:\/\/www.tele-radio.com\/pt-br\/wp-json\/wp\/v2\/types\/page"}],"author":[{"embeddable":true,"href":"https:\/\/www.tele-radio.com\/pt-br\/wp-json\/wp\/v2\/users\/100"}],"replies":[{"embeddable":true,"href":"https:\/\/www.tele-radio.com\/pt-br\/wp-json\/wp\/v2\/comments?post=284832"}],"version-history":[{"count":3,"href":"https:\/\/www.tele-radio.com\/pt-br\/wp-json\/wp\/v2\/pages\/284832\/revisions"}],"predecessor-version":[{"id":284872,"href":"https:\/\/www.tele-radio.com\/pt-br\/wp-json\/wp\/v2\/pages\/284832\/revisions\/284872"}],"wp:attachment":[{"href":"https:\/\/www.tele-radio.com\/pt-br\/wp-json\/wp\/v2\/media?parent=284832"}],"curies":[{"name":"wp","href":"https:\/\/api.w.org\/{rel}","templated":true}]}}