{"id":265225,"date":"2020-04-23T14:28:59","date_gmt":"2020-04-23T14:28:59","guid":{"rendered":"https:\/\/www.tele-radio.com\/tandem-intercomunicado\/"},"modified":"2025-07-31T10:56:02","modified_gmt":"2025-07-31T10:56:02","slug":"tandem-intercomunicado","status":"publish","type":"page","link":"https:\/\/www.tele-radio.com\/pt-br\/tandem-intercomunicado\/","title":{"rendered":"Ponte rolante em tandem intercomunicados por controle remoto"},"content":{"rendered":"\n<h1 class=\"wp-block-heading\">Ponte rolante em tandem intercomunicados por controle remoto<\/h1>\n\n\n\n<div class=\"wp-block-columns is-layout-flex wp-container-core-columns-is-layout-9d6595d7 wp-block-columns-is-layout-flex\">\n<div class=\"wp-block-column is-vertically-aligned-center is-layout-flow wp-block-column-is-layout-flow\" style=\"flex-basis:33.33%\">\n<p>Para a manipula\u00e7\u00e3o e eleva\u00e7\u00e3o de cargas de grande tonelagem e\/ou grandes dimens\u00f5es, costuma-se recorrer ao uso simult\u00e2neo de dois (ou at\u00e9 tr\u00eas ou quatro) guindastes ou pontes rolantes controlados ao mesmo tempo a partir de um \u00fanico controle remoto, que atua como mestre. O operador pode, a qualquer momento, escolher o guindaste ou a ponte rolante que deseja controlar, a partir do ponto mais adequado, com maior campo visual e mantendo a dist\u00e2ncia de seguran\u00e7a necess\u00e1ria. Com o sistema de guindastes em tandem, o usu\u00e1rio pode control\u00e1-los remotamente.<\/p>\n\n\n\n<p>Para um controle seguro em eleva\u00e7\u00e3o tandem, \u00e9 obrigat\u00f3ria a comunica\u00e7\u00e3o entre os guindastes, com equipamentos transceptores intercomunicados entre si em todos os seus movimentos. Isso, sem d\u00favida, aumenta a seguran\u00e7a da aplica\u00e7\u00e3o devido \u00e0 comunica\u00e7\u00e3o ininterrupta entre os receptores instalados nos guindastes. Normalmente, quando um guindaste ou carro atinge o primeiro fim de curso, passar\u00e1 automaticamente de velocidade r\u00e1pida para lenta, de forma sincronizada com os demais equipamentos, e ap\u00f3s atingir o segundo fim de curso, parar\u00e1 completamente. Durante toda a opera\u00e7\u00e3o, os guindastes devem estar sincronizados para evitar acidentes envolvendo a carga ou os operadores. Este sistema tamb\u00e9m pode ser aplicado a talhas el\u00e9tricas em caso de atingir o limite de carga durante a eleva\u00e7\u00e3o.<\/p>\n<\/div>\n\n\n\n<div class=\"wp-block-column is-layout-flow wp-block-column-is-layout-flow\" style=\"flex-basis:40%\">\n<figure class=\"wp-block-video aligncenter\"><video controls loop muted src=\"https:\/\/www.tele-radio.com\/app\/uploads\/Tandem-square-PT.mp4\"><\/video><\/figure>\n<\/div>\n<\/div>\n\n\n\n<div style=\"height:30px\" aria-hidden=\"true\" class=\"wp-block-spacer\"><\/div>\n\n\n\n<div class=\"wp-block-buttons is-content-justification-center is-layout-flex wp-container-core-buttons-is-layout-16018d1d wp-block-buttons-is-layout-flex\">\n<div class=\"wp-block-button is-style-fill\"><a class=\"wp-block-button__link has-black-color has-text-color has-background has-text-align-center wp-element-button\" href=\"#contacto\" style=\"border-radius:10px;background-color:#ffb300\"><strong>Contato<\/strong><\/a><\/div>\n<\/div>\n\n\n\n<div style=\"height:30px\" aria-hidden=\"true\" class=\"wp-block-spacer\"><\/div>\n\n\n\n<h2 class=\"wp-block-heading\">Exemplos mais comuns de aplica\u00e7\u00f5es de eleva\u00e7\u00e3o em tandem:<\/h2>\n\n\n\n<h3 class=\"wp-block-heading\"><strong>Eleva\u00e7\u00e3o em tandem modo 1 \/ 2 \/ 1+2 (duas pontes rolantes)<\/strong><\/h3>\n\n\n\n<p>Neste modo s\u00e3o utilizados dois transmissores sem fio e dois receptores (um para cada ponte rolante). Um dos transmissores \u00e9 configurado como <strong>mestre<\/strong> e o outro como <strong>escravo<\/strong>. O operador pode escolher individualmente com qual ponte rolante deseja trabalhar, ou ent\u00e3o utilizar o transmissor mestre para operar em modo tandem, movimentando simultaneamente ambas as pontes rolantes. Caso seja ativado qualquer sinal de seguran\u00e7a (por exemplo, fim de curso ou sobrecarga nos talhas), este ser\u00e1 imediatamente comunicado ao segundo receptor para interromper instantaneamente ambas as pontes rolantes.<\/p>\n\n\n<div class=\"wp-block-image wp-image-38554\">\n<figure class=\"aligncenter\"><img loading=\"lazy\" decoding=\"async\" width=\"450\" height=\"338\" src=\"https:\/\/www.tele-radio.com\/app\/uploads\/gif.gif\" alt=\"gr\u00faas en t\u00e1ndem con dos puentes\" class=\"wp-image-38554\"\/><figcaption class=\"wp-element-caption\">Duas pontes rolantes<\/figcaption><\/figure><\/div>\n\n\n<h3 class=\"wp-block-heading\"><strong>Eleva\u00e7\u00e3o em tandem modo 1 \/ 2 \/ 3 \/ 1+2 \/ 2+3 (tr\u00eas pontes rolantes) <\/strong><\/h3>\n\n\n\n<p>Outra situa\u00e7\u00e3o que exige um equipamento avan\u00e7ado e intercomunicado ocorre quando adicionamos uma terceira ponte rolante no mesmo espa\u00e7o. Esse sistema \u00e9 necess\u00e1rio quando as cargas a serem manipuladas possuem dimens\u00f5es ainda maiores e grande tonelagem. Essa aplica\u00e7\u00e3o \u00e9 muito comum na ind\u00fastria e\u00f3lica, principalmente na eleva\u00e7\u00e3o em tandem de torres e\u00f3licas.<\/p>\n\n\n\n<p>Cada ponte rolante possui seu pr\u00f3prio equipamento padr\u00e3o, com um transmissor e um receptor. O equipamento n\u00ba 2 (posi\u00e7\u00e3o central na instala\u00e7\u00e3o) \u00e9 configurado como <strong>mestre<\/strong>, pois ser\u00e1 utilizado em qualquer situa\u00e7\u00e3o de opera\u00e7\u00e3o em tandem. O usu\u00e1rio pode escolher individualmente a ponte rolante com que deseja trabalhar, mas pode tamb\u00e9m, a qualquer momento, utilizar o transmissor mestre para trabalhar em modo tandem, controlando os conjuntos 1+2 (ponte rolante n\u00ba 1 + n\u00ba 2) ou 2+3 (ponte rolante n\u00ba 2 + n\u00ba 3).<\/p>\n\n\n\n<p>Para isso, \u00e9 necess\u00e1rio que os transmissores escravos das pontes rolantes n\u00ba 1 e n\u00ba 3 tenham efetuado logout (encerrado sess\u00e3o) de maneira segura. N\u00e3o ser\u00e1 poss\u00edvel controlar uma mesma ponte rolante com dois controles ao mesmo tempo, gra\u00e7as \u00e0 seguran\u00e7a intr\u00ednseca do equipamento de controle remoto Tiger da Tele Radio e ao seu elevado n\u00edvel de seguran\u00e7a (SIL3 PLe).<\/p>\n\n\n<div class=\"wp-block-image wp-image-38575\">\n<figure class=\"aligncenter\"><img loading=\"lazy\" decoding=\"async\" width=\"450\" height=\"338\" src=\"https:\/\/www.tele-radio.com\/app\/uploads\/picasion.com_5aff9ef3d232459a9e0b14ed32c72e6d.gif\" alt=\"gr\u00faas en t\u00e1ndem con tres puentes gr\u00faas\" class=\"wp-image-38575\"\/><figcaption class=\"wp-element-caption\">Tr\u00eas pontes rolantes<\/figcaption><\/figure><\/div>\n\n\n<p><strong>Nota<\/strong>: Em ambos modos, deve-se considerar, para a instala\u00e7\u00e3o do equipamento de radiocontrole, a cria\u00e7\u00e3o por parte do instalador\/fabricante de um quadro el\u00e9trico para cada ponte rolante, no qual sejam inclu\u00eddos rel\u00e9s livres de potencial que receber\u00e3o os sinais de limite de curso ou de sobrecarga de um dos talhas.<\/p>\n\n\n\n<p>O local recomendado para a instala\u00e7\u00e3o desse quadro externo \u00e9 fora do quadro de manobras, a fim de evitar poss\u00edveis ru\u00eddos e interfer\u00eancias el\u00e9tricas.<\/p>\n\n\n\n<p>A tecnologia e os componentes utilizados s\u00e3o realmente avan\u00e7ados. Uma solu\u00e7\u00e3o que j\u00e1 se mostrou robusta em centenas de aplica\u00e7\u00f5es ao redor do mundo e que vem sendo cada vez mais demandada no mercado.<\/p>\n\n\n\n<p>Quer saber mais sobre como eliminar a fia\u00e7\u00e3o da ponte rolante? <a href=\"https:\/\/www.tele-radio.com\/us\/?page_id=38606\">Clique aqui para ler nosso artigo sobre o sistema <em>festoonless<\/em>.<\/a><\/p>\n\n\n\n<div style=\"height:40px\" aria-hidden=\"true\" class=\"wp-block-spacer\"><\/div>\n\n\n\n<div style=\"height:40px\" aria-hidden=\"true\" class=\"wp-block-spacer\"><\/div>\n\n\n\n<p class=\"has-medium-font-size\"><strong>Entre em contato conosco<\/strong><\/p>\n\n\n\n<div class=\"wp-block-columns is-layout-flex wp-container-core-columns-is-layout-9d6595d7 wp-block-columns-is-layout-flex\">\n<div class=\"wp-block-column is-layout-flow wp-block-column-is-layout-flow\" style=\"flex-basis:33.33%\" id=\"contacto\">\n<div class=\"wp-block-contact-form-7-contact-form-selector\">\n<div class=\"wpcf7 no-js\" id=\"wpcf7-f46900-o1\" lang=\"en-EN\" dir=\"ltr\" data-wpcf7-id=\"46900\">\n<div class=\"screen-reader-response\"><p role=\"status\" aria-live=\"polite\" aria-atomic=\"true\"><\/p> <ul><\/ul><\/div>\n<form action=\"\/pt-br\/wp-json\/wp\/v2\/pages\/265225#wpcf7-f46900-o1\" method=\"post\" class=\"wpcf7-form init\" aria-label=\"Contact form\" novalidate=\"novalidate\" data-status=\"init\">\n<fieldset class=\"hidden-fields-container\"><input type=\"hidden\" name=\"_wpcf7\" value=\"46900\" \/><input type=\"hidden\" name=\"_wpcf7_version\" value=\"6.1\" \/><input type=\"hidden\" name=\"_wpcf7_locale\" value=\"en_EN\" \/><input type=\"hidden\" name=\"_wpcf7_unit_tag\" value=\"wpcf7-f46900-o1\" \/><input type=\"hidden\" name=\"_wpcf7_container_post\" value=\"0\" \/><input type=\"hidden\" name=\"_wpcf7_posted_data_hash\" value=\"\" \/><input type=\"hidden\" name=\"_wpcf7_recaptcha_response\" value=\"\" \/>\n<\/fieldset>\n<p><label> Nome*<br \/>\n<span class=\"wpcf7-form-control-wrap\" data-name=\"nombre\"><input size=\"40\" maxlength=\"400\" class=\"wpcf7-form-control wpcf7-text wpcf7-validates-as-required\" aria-required=\"true\" aria-invalid=\"false\" placeholder=\"Seu nome\" value=\"\" type=\"text\" name=\"nombre\" \/><\/span> <\/label>\n<\/p>\n<p><label> Email*<br \/>\n<span class=\"wpcf7-form-control-wrap\" data-name=\"tu-email\"><input size=\"40\" maxlength=\"400\" class=\"wpcf7-form-control wpcf7-email wpcf7-validates-as-required wpcf7-text wpcf7-validates-as-email\" aria-required=\"true\" aria-invalid=\"false\" placeholder=\"Seu email\" value=\"\" type=\"email\" name=\"tu-email\" \/><\/span> <\/label>\n<\/p>\n<p><label> Tel\u00e9fono*<br \/>\n<span class=\"wpcf7-form-control-wrap\" data-name=\"tu-tfno\"><input size=\"40\" maxlength=\"400\" class=\"wpcf7-form-control wpcf7-tel wpcf7-validates-as-required wpcf7-text wpcf7-validates-as-tel\" aria-required=\"true\" aria-invalid=\"false\" placeholder=\"telefone de contato\" value=\"\" type=\"tel\" name=\"tu-tfno\" \/><\/span> <\/label>\n<\/p>\n<p><label> Sua mensagem*<br \/>\n<span class=\"wpcf7-form-control-wrap\" data-name=\"your-message\"><textarea cols=\"40\" rows=\"10\" maxlength=\"2000\" class=\"wpcf7-form-control wpcf7-textarea wpcf7-validates-as-required\" aria-required=\"true\" aria-invalid=\"false\" placeholder=\"Escreva aqui em qual transmissor, equipamento ou aplica\u00e7\u00e3o voc\u00ea est\u00e1 interessado; ou se voc\u00ea tiver alguma d\u00favida.\" name=\"your-message\"><\/textarea><\/span> <\/label>\n<\/p>\n<p><input class=\"wpcf7-form-control wpcf7-submit has-spinner\" type=\"submit\" value=\"Enviar\" \/>\n<\/p><div class=\"wpcf7-response-output\" aria-hidden=\"true\"><\/div>\n<\/form>\n<\/div>\n\r\n\t\t\t\t<script>\r\n\t\t\t\tif ( typeof huOptions !== 'undefined' ) {\r\n\t\t\t\t\tvar huFormData = {\"source\":\"contactform7\",\"id\":46900,\"title\":\"TRBRA-form\",\"fields\":{\"subject\":{\"first_name\":\"your-name\",\"email\":\"your-email\"},\"preferences\":{\"terms\":\"your-consent\"}}};\r\n\t\t\t\t\tvar huFormNode = document.querySelector( '[id^=\"wpcf7-f46900-\"] form' );\r\n\r\n\t\t\t\t\thuFormData['node'] = huFormNode;\r\n\t\t\t\t\thuOptions['forms'].push( huFormData );\r\n\t\t\t\t}\r\n\t\t\t\t<\/script><\/div>\n<\/div>\n\n\n\n<div class=\"wp-block-column is-layout-flow wp-block-column-is-layout-flow\" style=\"flex-basis:66.66%\"><\/div>\n<\/div>\n\n\n\n<p><\/p>\n","protected":false},"excerpt":{"rendered":"<p>Ponte rolante em tandem intercomunicados por controle remoto Para a manipula\u00e7\u00e3o e eleva\u00e7\u00e3o de cargas de grande tonelagem e\/ou grandes dimens\u00f5es, costuma-se recorrer ao uso simult\u00e2neo de dois (ou at\u00e9 tr\u00eas ou quatro) guindastes ou pontes rolantes controlados ao mesmo tempo a partir de um \u00fanico controle remoto, que atua como mestre. O operador pode, [&hellip;]<\/p>\n","protected":false},"author":54,"featured_media":28516,"parent":0,"menu_order":0,"comment_status":"closed","ping_status":"closed","template":"","meta":{"_acf_changed":false,"footnotes":""},"class_list":["post-265225","page","type-page","status-publish","has-post-thumbnail","hentry"],"acf":[],"_links":{"self":[{"href":"https:\/\/www.tele-radio.com\/pt-br\/wp-json\/wp\/v2\/pages\/265225","targetHints":{"allow":["GET"]}}],"collection":[{"href":"https:\/\/www.tele-radio.com\/pt-br\/wp-json\/wp\/v2\/pages"}],"about":[{"href":"https:\/\/www.tele-radio.com\/pt-br\/wp-json\/wp\/v2\/types\/page"}],"author":[{"embeddable":true,"href":"https:\/\/www.tele-radio.com\/pt-br\/wp-json\/wp\/v2\/users\/54"}],"replies":[{"embeddable":true,"href":"https:\/\/www.tele-radio.com\/pt-br\/wp-json\/wp\/v2\/comments?post=265225"}],"version-history":[{"count":3,"href":"https:\/\/www.tele-radio.com\/pt-br\/wp-json\/wp\/v2\/pages\/265225\/revisions"}],"predecessor-version":[{"id":265230,"href":"https:\/\/www.tele-radio.com\/pt-br\/wp-json\/wp\/v2\/pages\/265225\/revisions\/265230"}],"wp:featuredmedia":[{"embeddable":true,"href":"https:\/\/www.tele-radio.com\/pt-br\/wp-json\/wp\/v2\/media\/28516"}],"wp:attachment":[{"href":"https:\/\/www.tele-radio.com\/pt-br\/wp-json\/wp\/v2\/media?parent=265225"}],"curies":[{"name":"wp","href":"https:\/\/api.w.org\/{rel}","templated":true}]}}