{"id":24777,"date":"2018-05-14T06:12:23","date_gmt":"2018-05-14T06:12:23","guid":{"rendered":"https:\/\/www.tele-radio.com\/thames-reinforcements-ltd\/"},"modified":"2019-08-09T10:57:06","modified_gmt":"2019-08-09T10:57:06","slug":"thames-reinforcements-ltd","status":"publish","type":"page","link":"https:\/\/www.tele-radio.com\/pt-br\/thames-reinforcements-ltd\/","title":{"rendered":"Thames Reinforcements LTD"},"content":{"rendered":"<h2>Substituindo a concorr\u00eancia<\/h2>\n<p>Thames Reinforcements Ltd \u00e9 uma f\u00e1brica em Sheerness, Kent, Inglaterra e foi constru\u00edda em torno do \u00fanico prop\u00f3sito a fabrica\u00e7\u00e3o de vergalh\u00e3o a\u00e7o. A sua capacidade de produ\u00e7\u00e3o alcan\u00e7a 1500 toneladas de vergalh\u00e3o a\u00e7o (aprovado pela CARES) cortado e dobrado a cada semana. Thames come\u00e7ou usando um controle remoto da concorr\u00eancia, mas eles descobriram da maneira mais dif\u00edcil que o ambiente r\u00fastico da produ\u00e7\u00e3o de a\u00e7o <strong>exige muito<\/strong> dos controles remotos. Depois de perceber que os controles remotos s\u00f3 duravam um m\u00eas em opera\u00e7\u00e3o eles come\u00e7aram a procurar um substituto. Ent\u00e3o, decidiram dar a Tele Radio uma chance de testar o sistema Tiger para suas pontes rolantes. Eles optaram pelo transmissor Tiger T9-1 e usaram dois transmissores para cada ponte rolante devido ao trabalho em turno de 24 horas. No total a f\u00e1brica tem tr\u00eas pontes rolantes e cada uma foi equipada com um sistema Tiger.<\/p>\n<p>Depois de <strong>um ano em funcionamento 24 horas por dia<\/strong>, apenas dois transmissores precisaram ser substitu\u00eddos. As pontes rolantes foram substitu\u00eddas e movidas para a sua f\u00e1brica de Nottingham, onde estes sistemas continuam a funcionar sem falhas. As pontes rolantes novas da Demag foram instaladas na planta de Kent que vieram com a solu\u00e7\u00e3o de r\u00e1dio da Demag. Depois de apenas um m\u00eas em opera\u00e7\u00e3o o primeiro controle remoto quebrou o que levou Tomasz Fraczek, gerente de manuten\u00e7\u00e3o, a solicitar para a Tele Radio a substitui\u00e7\u00e3o dos r\u00e1dios Demag por sistemas da Tele Radio.<\/p>\n<blockquote><p>&#8220;Os controles remotos da Tele Radio podem aguentar uma grande quantidade de abuso mec\u00e2nico sem quebrar e o tempo da bateria \u00e9 impressionante.&#8221;<\/p><\/blockquote>\n<p>Desta vez a Tele Radio instalou uma solu\u00e7\u00e3o Panther com baterias remov\u00edveis e recarreg\u00e1veis para ajudar com o <strong>servi\u00e7o ininterrupto<\/strong>. Estes transmissores podem trabalhar bem acima de 100 horas com as mesmas baterias, um n\u00famero que ningu\u00e9m mais se aproxima. Esses sistemas est\u00e3o funcionando h\u00e1 tr\u00eas meses sem falhas.<\/p>\n<p>Voc\u00ea tamb\u00e9m pode <a href=\"https:\/\/www.tele-radio.com\/pt-br\/munck-cranes-a-s\/\">ler sobre a Munck Cranes<\/a> e por que eles decidiram utilizar os controles da Tele Radio.<\/p>\n","protected":false},"excerpt":{"rendered":"<p>Substituindo a concorr\u00eancia Thames Reinforcements Ltd \u00e9 uma f\u00e1brica em Sheerness, Kent, Inglaterra e foi constru\u00edda em torno do \u00fanico prop\u00f3sito a fabrica\u00e7\u00e3o de vergalh\u00e3o a\u00e7o. A sua capacidade de produ\u00e7\u00e3o alcan\u00e7a 1500 toneladas de vergalh\u00e3o a\u00e7o (aprovado pela CARES) cortado e dobrado a cada semana. Thames come\u00e7ou usando um controle remoto da concorr\u00eancia, mas [&hellip;]<\/p>\n","protected":false},"author":29,"featured_media":24780,"parent":0,"menu_order":0,"comment_status":"closed","ping_status":"closed","template":"","meta":{"_acf_changed":false,"footnotes":""},"class_list":["post-24777","page","type-page","status-publish","has-post-thumbnail","hentry"],"acf":[],"_links":{"self":[{"href":"https:\/\/www.tele-radio.com\/pt-br\/wp-json\/wp\/v2\/pages\/24777","targetHints":{"allow":["GET"]}}],"collection":[{"href":"https:\/\/www.tele-radio.com\/pt-br\/wp-json\/wp\/v2\/pages"}],"about":[{"href":"https:\/\/www.tele-radio.com\/pt-br\/wp-json\/wp\/v2\/types\/page"}],"author":[{"embeddable":true,"href":"https:\/\/www.tele-radio.com\/pt-br\/wp-json\/wp\/v2\/users\/29"}],"replies":[{"embeddable":true,"href":"https:\/\/www.tele-radio.com\/pt-br\/wp-json\/wp\/v2\/comments?post=24777"}],"version-history":[{"count":2,"href":"https:\/\/www.tele-radio.com\/pt-br\/wp-json\/wp\/v2\/pages\/24777\/revisions"}],"predecessor-version":[{"id":24782,"href":"https:\/\/www.tele-radio.com\/pt-br\/wp-json\/wp\/v2\/pages\/24777\/revisions\/24782"}],"wp:featuredmedia":[{"embeddable":true,"href":"https:\/\/www.tele-radio.com\/pt-br\/wp-json\/wp\/v2\/media\/24780"}],"wp:attachment":[{"href":"https:\/\/www.tele-radio.com\/pt-br\/wp-json\/wp\/v2\/media?parent=24777"}],"curies":[{"name":"wp","href":"https:\/\/api.w.org\/{rel}","templated":true}]}}