{"id":24736,"date":"2019-05-07T16:15:13","date_gmt":"2019-05-07T16:15:13","guid":{"rendered":"https:\/\/www.tele-radio.com\/safe-remote-control\/"},"modified":"2023-03-21T12:10:09","modified_gmt":"2023-03-21T12:10:09","slug":"controles-remotos-seguros","status":"publish","type":"page","link":"https:\/\/www.tele-radio.com\/pt-br\/controles-remotos-seguros\/","title":{"rendered":"Controle Remoto Sem Fio"},"content":{"rendered":"\n<p>Desenvolvemos, produzimos e comercializamos <strong>sistemas de r\u00e1dio controle remoto para uso industrial<\/strong>. Fundada na Su\u00e9cia em 1955, temos mais de 65 anos de experi\u00eancia e somos um grupo com subsidi\u00e1rias e parceiros <strong>em todo o mundo<\/strong>.<\/p>\n\n\n\n<h2 class=\"wp-block-heading\">Sistemas sem fio para todas as suas necessidades<\/h2>\n\n\n\n<div class=\"wp-block-image\"><figure class=\"aligncenter\"><img loading=\"lazy\" decoding=\"async\" width=\"1600\" height=\"327\" src=\"https:\/\/www.tele-radio.com\/app\/uploads\/remote-contorl-range-banner.jpg\" alt=\"\" class=\"wp-image-28408\" srcset=\"https:\/\/www.tele-radio.com\/app\/uploads\/remote-contorl-range-banner.jpg 1600w, https:\/\/www.tele-radio.com\/app\/uploads\/remote-contorl-range-banner-400x82.jpg 400w, https:\/\/www.tele-radio.com\/app\/uploads\/remote-contorl-range-banner-768x157.jpg 768w, https:\/\/www.tele-radio.com\/app\/uploads\/remote-contorl-range-banner-1200x245.jpg 1200w, https:\/\/www.tele-radio.com\/app\/uploads\/remote-contorl-range-banner-750x153.jpg 750w, https:\/\/www.tele-radio.com\/app\/uploads\/remote-contorl-range-banner-500x102.jpg 500w, https:\/\/www.tele-radio.com\/app\/uploads\/remote-contorl-range-banner-800x164.jpg 800w\" sizes=\"auto, (max-width: 1600px) 100vw, 1600px\" \/><\/figure><\/div>\n\n\n\n<p>Nossos transmissores e receptores t\u00eam v\u00e1rias formas e varia\u00e7\u00f5es. O menor transmissor cabe dentro do seu bolso, mas h\u00e1 vers\u00f5es maiores e mais robustas para o uso industrial pesado. Com desempenho e a constru\u00e7\u00e3o est\u00e1veis os nossos controles remotos ir\u00e3o funcionar ininterruptamente dia e noite.<\/p>\n\n\n\n<p>Voc\u00ea vai encontrar <strong>tudo<\/strong> o que voc\u00ea est\u00e1 procurando em um controle remoto: joysticks, bot\u00f5es de duplo est\u00e1gio, alavancas, LEDs, displays, pain\u00e9is e etiquetas personalizadas, fun\u00e7\u00f5es de seguran\u00e7a, produtos certificados&#8230; Tudo que voc\u00ea precisa com um prazo de entrega impressionante.<\/p>\n\n\n\n<p>Temos produtos padr\u00e3o, controles remotos em 2,4GHz, etc. mas tenha em mente que n\u00f3s personalizamos nossos produtos <strong>de acordo com suas necessidades<\/strong> sempre que for necess\u00e1rio.<\/p>\n\n\n\n<div class=\"wp-block-columns is-layout-flex wp-container-core-columns-is-layout-9d6595d7 wp-block-columns-is-layout-flex\">\n<div class=\"wp-block-column yellcolumns is-layout-flow wp-block-column-is-layout-flow\">\n<div class=\"wp-block-image\"><figure class=\"aligncenter\"><img loading=\"lazy\" decoding=\"async\" width=\"100\" height=\"100\" src=\"https:\/\/www.tele-radio.com\/app\/uploads\/reparar-control-remoto-espana-teleradio.png\" alt=\"\" class=\"wp-image-36128\"\/><\/figure><\/div>\n\n\n\n<p class=\"has-text-align-center\" style=\"font-size:30px\"><strong>Fabricante<\/strong><\/p>\n\n\n\n<p class=\"has-text-align-center\"><strong>Customizamos os transmissores<\/strong> de acordo com a sua necessidade<\/p>\n<\/div>\n\n\n\n<div class=\"wp-block-column yellcolumns is-layout-flow wp-block-column-is-layout-flow\">\n<div class=\"wp-block-image\"><figure class=\"aligncenter is-resized\"><img loading=\"lazy\" decoding=\"async\" src=\"https:\/\/www.tele-radio.com\/app\/uploads\/stock-inmediato.png\" alt=\"\" class=\"wp-image-36188\" width=\"173\" height=\"105\"\/><\/figure><\/div>\n\n\n\n<p class=\"has-text-align-center\" style=\"font-size:30px\"><strong>Stoque Permanente<\/strong><\/p>\n\n\n\n<p class=\"has-text-align-center\">Produtos padr\u00e3o para <strong>pronta entrega<\/strong>.<br>Equipamentos personalizados entrega em 6-8 semanas<\/p>\n<\/div>\n\n\n\n<div class=\"wp-block-column yellcolumns is-layout-flow wp-block-column-is-layout-flow\">\n<div class=\"wp-block-image\"><figure class=\"aligncenter\"><img loading=\"lazy\" decoding=\"async\" width=\"100\" height=\"100\" src=\"https:\/\/www.tele-radio.com\/app\/uploads\/soporte-local-teleradio.png\" alt=\"\" class=\"wp-image-36148\"\/><\/figure><\/div>\n\n\n\n<p class=\"has-text-align-center\" style=\"font-size:30px\"><strong>Suporte Local<\/strong><\/p>\n\n\n\n<p class=\"has-text-align-center\">Reparo, suporte t\u00e9cnico e<br>pe\u00e7as de reposi\u00e7\u00e3o <strong>no Brasil<\/strong><\/p>\n<\/div>\n<\/div>\n\n\n\n<h2 class=\"wp-block-heading\">Controle Remoto sem fio por aplica\u00e7\u00e3o<\/h2>\n\n\n\n<p>Estas s\u00e3o algumas das principais aplica\u00e7\u00f5es que utilizam sistemas de r\u00e1dio controle remoto industrial:<\/p>\n\n\n\n<p>&#8211; <a href=\"https:\/\/www.tele-radio.com\/us\/applications\/industrial\/\">Industrial &amp; M\u00e1quinas<\/a><br>&#8211; <a href=\"https:\/\/www.tele-radio.com\/us\/applications\/mobile-applications\/\">Equipamentos M\u00f3veis &amp; Hidr\u00e1ulica <\/a><br>&#8211; <a href=\"https:\/\/www.tele-radio.com\/us\/applications\/industrial-door-ports-gates\/\">Portas, Port\u00f5es &amp; Barreiras<\/a><br>&#8211; <a href=\"https:\/\/www.tele-radio.com\/pt-br\/controle-remoto-ponte-rolante\/\">Guindastes &amp; Pontes Rolantes<\/a><\/p>\n\n\n\n<div class=\"wp-block-media-text alignwide is-stacked-on-mobile is-vertically-aligned-center has-background has-very-light-gray-background-color has-background\"><figure class=\"wp-block-media-text__media\"><img loading=\"lazy\" decoding=\"async\" width=\"480\" height=\"320\" src=\"https:\/\/www.tele-radio.com\/app\/uploads\/custom-foil-remote-crane-teleradio.jpg\" alt=\"\" class=\"wp-image-56366 size-full\" srcset=\"https:\/\/www.tele-radio.com\/app\/uploads\/custom-foil-remote-crane-teleradio.jpg 480w, https:\/\/www.tele-radio.com\/app\/uploads\/custom-foil-remote-crane-teleradio-400x267.jpg 400w\" sizes=\"auto, (max-width: 480px) 100vw, 480px\" \/><\/figure><div class=\"wp-block-media-text__content\">\n<p style=\"font-size:32px\">Obtenha uma&nbsp;<strong>etiqueta ou painel personalizado<\/strong>.<br>Inclua s\u00edmbolos espec\u00edficos para suas fun\u00e7\u00f5es, seu logotipo e \/ ou cores corporativas<\/p>\n<\/div><\/div>\n\n\n\n<div style=\"height:30px\" aria-hidden=\"true\" class=\"wp-block-spacer\"><\/div>\n\n\n\n<h3 class=\"wp-block-heading\">Sistemas de controle remoto por detalhes t\u00e9cnicos<\/h3>\n\n\n\n<p>Procurando por controles remotos com caracter\u00edsticas espec\u00edficas? Ent\u00e3o voc\u00ea pode <a href=\"https:\/\/www.tele-radio.com\/es\/productos\/\">usar nossa pesquisa de produtos<\/a> e Filtrar pelo n\u00famero de bot\u00f5es, frequ\u00eancia, protocolo de comunica\u00e7\u00e3o, funcionalidades dos rel\u00e9s, n\u00edveis de seguran\u00e7a, certifica\u00e7\u00f5es e etc.<\/p>\n\n\n\n<div class=\"wp-block-buttons is-layout-flex wp-block-buttons-is-layout-flex\">\n<div class=\"wp-block-button\"><a class=\"wp-block-button__link has-very-dark-gray-color has-luminous-vivid-amber-background-color has-text-color has-background\" href=\"https:\/\/www.tele-radio.com\/pt-br\/produtos\/\"><strong>Pesquisa de produtos<\/strong><\/a><\/div>\n<\/div>\n\n\n\n<p>N\u00e3o tem certeza ou s\u00f3 quer que a gente te ajude? Ent\u00e3o tudo que voc\u00ea tem que fazer \u00e9 nos enviar uma solicita\u00e7\u00e3o:<\/p>\n\n\n\n<div class=\"wp-block-columns is-layout-flex wp-container-core-columns-is-layout-9d6595d7 wp-block-columns-is-layout-flex\">\n<div class=\"wp-block-column is-layout-flow wp-block-column-is-layout-flow\" style=\"flex-basis:66.66%\">\n<figure class=\"wp-block-image size-large is-resized\"><a href=\"https:\/\/wa.me\/5511914880835\" target=\"_blank\" rel=\"noopener\"><img loading=\"lazy\" decoding=\"async\" src=\"https:\/\/www.tele-radio.com\/app\/uploads\/whatsapplogo.png\" alt=\"\" class=\"wp-image-67327\" width=\"63\" height=\"63\" srcset=\"https:\/\/www.tele-radio.com\/app\/uploads\/whatsapplogo.png 250w, https:\/\/www.tele-radio.com\/app\/uploads\/whatsapplogo-150x150.png 150w\" sizes=\"auto, (max-width: 63px) 100vw, 63px\" \/><\/a><\/figure>\n\n\n\n<div class=\"wpcf7 no-js\" id=\"wpcf7-f46900-o1\" lang=\"en-EN\" dir=\"ltr\" data-wpcf7-id=\"46900\">\n<div class=\"screen-reader-response\"><p role=\"status\" aria-live=\"polite\" aria-atomic=\"true\"><\/p> <ul><\/ul><\/div>\n<form action=\"\/pt-br\/wp-json\/wp\/v2\/pages\/24736#wpcf7-f46900-o1\" method=\"post\" class=\"wpcf7-form init\" aria-label=\"Contact form\" novalidate=\"novalidate\" data-status=\"init\">\n<fieldset class=\"hidden-fields-container\"><input type=\"hidden\" name=\"_wpcf7\" value=\"46900\" \/><input type=\"hidden\" name=\"_wpcf7_version\" value=\"6.1\" \/><input type=\"hidden\" name=\"_wpcf7_locale\" value=\"en_EN\" \/><input type=\"hidden\" name=\"_wpcf7_unit_tag\" value=\"wpcf7-f46900-o1\" \/><input type=\"hidden\" name=\"_wpcf7_container_post\" value=\"0\" \/><input type=\"hidden\" name=\"_wpcf7_posted_data_hash\" value=\"\" \/><input type=\"hidden\" name=\"_wpcf7_recaptcha_response\" value=\"\" \/>\n<\/fieldset>\n<p><label> Nome*<br \/>\n<span class=\"wpcf7-form-control-wrap\" data-name=\"nombre\"><input size=\"40\" maxlength=\"400\" class=\"wpcf7-form-control wpcf7-text wpcf7-validates-as-required\" aria-required=\"true\" aria-invalid=\"false\" placeholder=\"Seu nome\" value=\"\" type=\"text\" name=\"nombre\" \/><\/span> <\/label>\n<\/p>\n<p><label> Email*<br \/>\n<span class=\"wpcf7-form-control-wrap\" data-name=\"tu-email\"><input size=\"40\" maxlength=\"400\" class=\"wpcf7-form-control wpcf7-email wpcf7-validates-as-required wpcf7-text wpcf7-validates-as-email\" aria-required=\"true\" aria-invalid=\"false\" placeholder=\"Seu email\" value=\"\" type=\"email\" name=\"tu-email\" \/><\/span> <\/label>\n<\/p>\n<p><label> Tel\u00e9fono*<br \/>\n<span class=\"wpcf7-form-control-wrap\" data-name=\"tu-tfno\"><input size=\"40\" maxlength=\"400\" class=\"wpcf7-form-control wpcf7-tel wpcf7-validates-as-required wpcf7-text wpcf7-validates-as-tel\" aria-required=\"true\" aria-invalid=\"false\" placeholder=\"telefone de contato\" value=\"\" type=\"tel\" name=\"tu-tfno\" \/><\/span> <\/label>\n<\/p>\n<p><label> Sua mensagem*<br \/>\n<span class=\"wpcf7-form-control-wrap\" data-name=\"your-message\"><textarea cols=\"40\" rows=\"10\" maxlength=\"2000\" class=\"wpcf7-form-control wpcf7-textarea wpcf7-validates-as-required\" aria-required=\"true\" aria-invalid=\"false\" placeholder=\"Escreva aqui em qual transmissor, equipamento ou aplica\u00e7\u00e3o voc\u00ea est\u00e1 interessado; ou se voc\u00ea tiver alguma d\u00favida.\" name=\"your-message\"><\/textarea><\/span> <\/label>\n<\/p>\n<p><input class=\"wpcf7-form-control wpcf7-submit has-spinner\" type=\"submit\" value=\"Enviar\" \/>\n<\/p><div class=\"wpcf7-response-output\" aria-hidden=\"true\"><\/div>\n<\/form>\n<\/div>\n\r\n\t\t\t\t<script>\r\n\t\t\t\tif ( typeof huOptions !== 'undefined' ) {\r\n\t\t\t\t\tvar huFormData = {\"source\":\"contactform7\",\"id\":46900,\"title\":\"TRBRA-form\",\"fields\":{\"subject\":{\"first_name\":\"your-name\",\"email\":\"your-email\"},\"preferences\":{\"terms\":\"your-consent\"}}};\r\n\t\t\t\t\tvar huFormNode = document.querySelector( '[id^=\"wpcf7-f46900-\"] form' );\r\n\r\n\t\t\t\t\thuFormData['node'] = huFormNode;\r\n\t\t\t\t\thuOptions['forms'].push( huFormData );\r\n\t\t\t\t}\r\n\t\t\t\t<\/script>\n<\/div>\n\n\n\n<div class=\"wp-block-column is-layout-flow wp-block-column-is-layout-flow\" style=\"flex-basis:33.33%\"><\/div>\n<\/div>\n\n\n\n<p class=\"has-text-align-center\" style=\"font-size:32px\"><strong>Clientes que confiam em nossa marca<\/strong><\/p>\n\n\n\n<div style=\"height:20px\" aria-hidden=\"true\" class=\"wp-block-spacer\"><\/div>\n\n\n\n<div class=\"wp-block-columns are-vertically-aligned-center is-layout-flex wp-container-core-columns-is-layout-9d6595d7 wp-block-columns-is-layout-flex\">\n<div class=\"wp-block-column is-vertically-aligned-center is-layout-flow wp-block-column-is-layout-flow\">\n<div class=\"wp-block-image\"><figure class=\"aligncenter size-large\"><img loading=\"lazy\" decoding=\"async\" width=\"130\" height=\"73\" src=\"https:\/\/www.tele-radio.com\/app\/uploads\/Caterpillar-Logo.png\" alt=\"\" class=\"wp-image-55802\"\/><\/figure><\/div>\n<\/div>\n\n\n\n<div class=\"wp-block-column is-vertically-aligned-center is-layout-flow wp-block-column-is-layout-flow\">\n<div class=\"wp-block-image\"><figure class=\"aligncenter size-large\"><img loading=\"lazy\" decoding=\"async\" width=\"130\" height=\"131\" src=\"https:\/\/www.tele-radio.com\/app\/uploads\/Tesla-logo.png\" alt=\"\" class=\"wp-image-55823\"\/><\/figure><\/div>\n<\/div>\n\n\n\n<div class=\"wp-block-column is-vertically-aligned-center is-layout-flow wp-block-column-is-layout-flow\">\n<div class=\"wp-block-image\"><figure class=\"aligncenter size-large\"><img loading=\"lazy\" decoding=\"async\" width=\"130\" height=\"87\" src=\"https:\/\/www.tele-radio.com\/app\/uploads\/John_Deere_logo.png\" alt=\"\" class=\"wp-image-55844\"\/><\/figure><\/div>\n<\/div>\n\n\n\n<div class=\"wp-block-column is-vertically-aligned-center is-layout-flow wp-block-column-is-layout-flow\">\n<div class=\"wp-block-image\"><figure class=\"aligncenter size-large\"><img loading=\"lazy\" decoding=\"async\" width=\"200\" height=\"57\" src=\"https:\/\/www.tele-radio.com\/app\/uploads\/toyota-industrial-equipment.png\" alt=\"\" class=\"wp-image-55865\"\/><\/figure><\/div>\n<\/div>\n<\/div>\n\n\n\n<div class=\"wp-block-columns are-vertically-aligned-center is-layout-flex wp-container-core-columns-is-layout-9d6595d7 wp-block-columns-is-layout-flex\">\n<div class=\"wp-block-column is-vertically-aligned-center is-layout-flow wp-block-column-is-layout-flow\">\n<div class=\"wp-block-image\"><figure class=\"aligncenter size-large\"><img loading=\"lazy\" decoding=\"async\" width=\"130\" height=\"59\" src=\"https:\/\/www.tele-radio.com\/app\/uploads\/IBM_logo.svg_.png\" alt=\"\" class=\"wp-image-55886\"\/><\/figure><\/div>\n<\/div>\n\n\n\n<div class=\"wp-block-column is-vertically-aligned-center is-layout-flow wp-block-column-is-layout-flow\">\n<div class=\"wp-block-image\"><figure class=\"aligncenter size-large\"><img loading=\"lazy\" decoding=\"async\" width=\"150\" height=\"58\" src=\"https:\/\/www.tele-radio.com\/app\/uploads\/kito_logo.png\" alt=\"\" class=\"wp-image-55907\"\/><\/figure><\/div>\n<\/div>\n\n\n\n<div class=\"wp-block-column is-vertically-aligned-center is-layout-flow wp-block-column-is-layout-flow\">\n<div class=\"wp-block-image\"><figure class=\"aligncenter size-large\"><img loading=\"lazy\" decoding=\"async\" width=\"150\" height=\"18\" src=\"https:\/\/www.tele-radio.com\/app\/uploads\/Konecranes-Logo.svg_.png\" alt=\"\" class=\"wp-image-55928\"\/><\/figure><\/div>\n<\/div>\n\n\n\n<div class=\"wp-block-column is-vertically-aligned-center is-layout-flow wp-block-column-is-layout-flow\">\n<div class=\"wp-block-image\"><figure class=\"aligncenter size-large\"><img loading=\"lazy\" decoding=\"async\" width=\"212\" height=\"75\" src=\"https:\/\/www.tele-radio.com\/app\/uploads\/bruno-industrial.png\" alt=\"\" class=\"wp-image-61459\"\/><\/figure><\/div>\n<\/div>\n<\/div>\n\n\n\n<div style=\"height:20px\" aria-hidden=\"true\" class=\"wp-block-spacer\"><\/div>\n","protected":false},"excerpt":{"rendered":"<p>Desenvolvemos, produzimos e comercializamos sistemas de r\u00e1dio controle remoto para uso industrial. Fundada na Su\u00e9cia em 1955, temos mais de 65 anos de experi\u00eancia e somos um grupo com subsidi\u00e1rias e parceiros em todo o mundo. Sistemas sem fio para todas as suas necessidades Nossos transmissores e receptores t\u00eam v\u00e1rias formas e varia\u00e7\u00f5es. O menor [&hellip;]<\/p>\n","protected":false},"author":54,"featured_media":0,"parent":0,"menu_order":0,"comment_status":"closed","ping_status":"closed","template":"","meta":{"_acf_changed":false,"footnotes":""},"class_list":["post-24736","page","type-page","status-publish","hentry"],"acf":[],"_links":{"self":[{"href":"https:\/\/www.tele-radio.com\/pt-br\/wp-json\/wp\/v2\/pages\/24736","targetHints":{"allow":["GET"]}}],"collection":[{"href":"https:\/\/www.tele-radio.com\/pt-br\/wp-json\/wp\/v2\/pages"}],"about":[{"href":"https:\/\/www.tele-radio.com\/pt-br\/wp-json\/wp\/v2\/types\/page"}],"author":[{"embeddable":true,"href":"https:\/\/www.tele-radio.com\/pt-br\/wp-json\/wp\/v2\/users\/54"}],"replies":[{"embeddable":true,"href":"https:\/\/www.tele-radio.com\/pt-br\/wp-json\/wp\/v2\/comments?post=24736"}],"version-history":[{"count":24,"href":"https:\/\/www.tele-radio.com\/pt-br\/wp-json\/wp\/v2\/pages\/24736\/revisions"}],"predecessor-version":[{"id":150722,"href":"https:\/\/www.tele-radio.com\/pt-br\/wp-json\/wp\/v2\/pages\/24736\/revisions\/150722"}],"wp:attachment":[{"href":"https:\/\/www.tele-radio.com\/pt-br\/wp-json\/wp\/v2\/media?parent=24736"}],"curies":[{"name":"wp","href":"https:\/\/api.w.org\/{rel}","templated":true}]}}