{"id":24689,"date":"2019-05-24T16:17:10","date_gmt":"2019-05-24T16:17:10","guid":{"rendered":"https:\/\/www.tele-radio.com\/remote-control-cranes-lifting\/"},"modified":"2025-04-24T13:15:16","modified_gmt":"2025-04-24T13:15:16","slug":"controle-remoto-ponte-rolante","status":"publish","type":"page","link":"https:\/\/www.tele-radio.com\/pt-br\/controle-remoto-ponte-rolante\/","title":{"rendered":"Controle remoto sem fio para pontes rolantes e guindastes"},"content":{"rendered":"\n<p>Nossos sistemas de controle remoto sem fio se adaptam a <strong>pontes rolantes, p\u00f3rticos, talhas<\/strong> e outros tipos de m\u00e1quinas de eleva\u00e7\u00e3o.<\/p>\n\n\n\n<h2 class=\"wp-block-heading\">Controle Remoto tipo botoeira &#8211; PANTHER<\/h2>\n\n\n\n<p>Temos v\u00e1rios modelos de controle remoto para pontes rolantes. Entretanto o modelo Panther atende mais de 95% das aplica\u00e7\u00f5es para pontes rolantes do mercado.<\/p>\n\n\n\n<div class=\"wp-block-columns is-layout-flex wp-container-core-columns-is-layout-9d6595d7 wp-block-columns-is-layout-flex\">\n<div class=\"wp-block-column is-vertically-aligned-top is-layout-flow wp-block-column-is-layout-flow\">\n<div class=\"wp-block-cover is-light\" style=\"min-height:650px;aspect-ratio:unset;\"><span aria-hidden=\"true\" class=\"wp-block-cover__background has-very-light-gray-background-color has-background-dim-100 has-background-dim\"><\/span><div class=\"wp-block-cover__inner-container is-layout-flow wp-block-cover-is-layout-flow\">\n<h2 class=\"wp-block-heading has-text-align-center has-very-dark-gray-color has-text-color\">Transmissor Panther T19-2<\/h2>\n\n\n<div class=\"wp-block-image\">\n<figure class=\"aligncenter size-full\"><img loading=\"lazy\" decoding=\"async\" width=\"95\" height=\"210\" src=\"https:\/\/www.tele-radio.com\/app\/uploads\/PN-T19-mando-puente-grua-tele-radio-1.png\" alt=\"\" class=\"wp-image-48697\"\/><\/figure><\/div>\n\n\n<div style=\"height:20px\" aria-hidden=\"true\" class=\"wp-block-spacer\"><\/div>\n\n\n\n<ul class=\"wp-block-list\">\n<li><mark style=\"background-color:rgba(0, 0, 0, 0)\" class=\"has-inline-color has-very-dark-gray-color\">Pode controlar uma ponte rolante com at\u00e9 5 movimentos, 2 velocidades<\/mark><\/li>\n\n\n\n<li><mark style=\"background-color:rgba(0, 0, 0, 0)\" class=\"has-inline-color has-very-dark-gray-color\">Alcance de at\u00e9 500 metros<\/mark><\/li>\n\n\n\n<li><mark style=\"background-color:rgba(0, 0, 0, 0)\" class=\"has-inline-color has-very-dark-gray-color\">Seguran\u00e7a: Auto-desliga quando fora do alcance do receptor, bateria fraca, defeito&#8230;<\/mark><\/li>\n\n\n\n<li><mark style=\"background-color:rgba(0, 0, 0, 0)\" class=\"has-inline-color has-very-dark-gray-color\"><span style=\"color: rgb(49, 49, 49);\">Carca\u00e7a de alta resist\u00eancia, com grau de prote\u00e7\u00e3o com \u00e1gua e poeira (IP65)<\/span><\/mark><\/li>\n\n\n\n<li><mark style=\"background-color:rgba(0, 0, 0, 0)\" class=\"has-inline-color has-very-dark-gray-color\">Personalize a apar\u00eancia do seu controlador com \u00edcones, cores ou logotipo para o seu neg\u00f3cio<\/mark><\/li>\n<\/ul>\n<\/div><\/div>\n<\/div>\n\n\n\n<div class=\"wp-block-column is-vertically-aligned-top is-layout-flow wp-block-column-is-layout-flow\">\n<div class=\"wp-block-cover is-light\" style=\"min-height:650px;aspect-ratio:unset;\"><span aria-hidden=\"true\" class=\"wp-block-cover__background has-very-light-gray-background-color has-background-dim-100 has-background-dim\"><\/span><div class=\"wp-block-cover__inner-container is-layout-flow wp-block-cover-is-layout-flow\">\n<h2 class=\"wp-block-heading has-text-align-center has-very-dark-gray-color has-text-color\">Receptores<\/h2>\n\n\n\n<div style=\"height:20px\" aria-hidden=\"true\" class=\"wp-block-spacer\"><\/div>\n\n\n\n<div class=\"wp-block-columns is-layout-flex wp-container-core-columns-is-layout-9d6595d7 wp-block-columns-is-layout-flex\">\n<div class=\"wp-block-column is-layout-flow wp-block-column-is-layout-flow\"><div class=\"wp-block-image\">\n<figure class=\"aligncenter size-large is-resized\"><img loading=\"lazy\" decoding=\"async\" width=\"150\" height=\"162\" src=\"https:\/\/www.tele-radio.com\/app\/uploads\/receptor-panther-4-reles-pn-r15-1.png\" alt=\"\" class=\"wp-image-48930\" style=\"width:113px;height:122px\"\/><\/figure><\/div>\n\n\n<p class=\"has-text-align-center has-very-dark-gray-color has-text-color\"><em>Receptor R15<\/em><\/p>\n<\/div>\n\n\n\n<div class=\"wp-block-column is-layout-flow wp-block-column-is-layout-flow\"><div class=\"wp-block-image\">\n<figure class=\"aligncenter size-medium is-resized\"><img loading=\"lazy\" decoding=\"async\" width=\"400\" height=\"176\" src=\"https:\/\/www.tele-radio.com\/app\/uploads\/\/receptores-inalambricos-panther-r23-min-400x176.png\" alt=\"\" class=\"wp-image-34189\" style=\"width:300px;height:122px\"\/><\/figure><\/div>\n\n\n<p class=\"has-text-align-center has-very-dark-gray-color has-text-color\"><em>Receptores R23<\/em><\/p>\n\n\n\n<p><\/p>\n<\/div>\n<\/div>\n\n\n\n<ul class=\"wp-block-list\">\n<li><mark style=\"background-color:rgba(0, 0, 0, 0)\" class=\"has-inline-color has-very-dark-gray-color\">Vers\u00f5es com 2+4 rel\u00e9s, 2+10 rel\u00e9s, 2+15 rel\u00e9s ou 2+29<\/mark><\/li>\n\n\n\n<li><mark style=\"background-color:rgba(0, 0, 0, 0)\" class=\"has-inline-color has-very-dark-gray-color\">Os receptores R23 s\u00e3o modulares, adicionam rel\u00e9s, protocolos de comunica\u00e7\u00e3o, entradas digitais, sa\u00eddas anal\u00f3gicas e\/ou placas de radiocomunica\u00e7\u00e3o<\/mark><\/li>\n\n\n\n<li><mark style=\"background-color:rgba(0, 0, 0, 0)\" class=\"has-inline-color has-very-dark-gray-color\"><span style=\"color: rgb(49, 49, 49);\">Registo de at\u00e9 5 transmissores na mem\u00f3ria do receptor. Para seguran\u00e7a, apenas um transmissor poder\u00e1 operar por vez<\/span><\/mark><\/li>\n<\/ul>\n<\/div><\/div>\n<\/div>\n<\/div>\n\n\n\n<div style=\"height:60px\" aria-hidden=\"true\" class=\"wp-block-spacer\"><\/div>\n\n\n\n<h2 class=\"wp-block-heading has-text-align-center\">Principais vantagens<\/h2>\n\n\n\n<div style=\"height:35px\" aria-hidden=\"true\" class=\"wp-block-spacer\"><\/div>\n\n\n\n<div class=\"wp-block-columns is-layout-flex wp-container-core-columns-is-layout-9d6595d7 wp-block-columns-is-layout-flex\">\n<div class=\"wp-block-column is-layout-flow wp-block-column-is-layout-flow\"><div class=\"wp-block-image\">\n<figure class=\"aligncenter size-large\"><img loading=\"lazy\" decoding=\"async\" width=\"64\" height=\"64\" src=\"https:\/\/www.tele-radio.com\/app\/uploads\/frequency-1.png\" alt=\"\" class=\"wp-image-48886\"\/><\/figure><\/div>\n\n\n<p class=\"has-text-align-center\">Frequ\u00eancia de 2,4 GHz, 16 canais de frequ\u00eancia e sem interfer\u00eancias<\/p>\n<\/div>\n\n\n\n<div class=\"wp-block-column is-layout-flow wp-block-column-is-layout-flow\"><div class=\"wp-block-image\">\n<figure class=\"aligncenter size-large\"><img loading=\"lazy\" decoding=\"async\" width=\"64\" height=\"64\" src=\"https:\/\/www.tele-radio.com\/app\/uploads\/contract-1.png\" alt=\"\" class=\"wp-image-48865\"\/><\/figure><\/div>\n\n\n<p class=\"has-text-align-center\">Transmissores e receptores com certifica\u00e7\u00e3o CAT3 PLd. Atende NR-12.<\/p>\n<\/div>\n\n\n\n<div class=\"wp-block-column is-layout-flow wp-block-column-is-layout-flow\"><div class=\"wp-block-image\">\n<figure class=\"aligncenter size-large is-resized\"><img loading=\"lazy\" decoding=\"async\" width=\"100\" height=\"100\" src=\"https:\/\/www.tele-radio.com\/app\/uploads\/replacement-t19.png\" alt=\"\" class=\"wp-image-48906\" style=\"width:64px;height:64px\"\/><\/figure><\/div>\n\n\n<p class=\"has-text-align-center\">Substitua facilmente o transmissor, sem necessidade de EPROMs ou acessar o receptor<\/p>\n<\/div>\n<\/div>\n\n\n\n<hr class=\"wp-block-separator has-text-color has-very-light-gray-color has-css-opacity has-very-light-gray-background-color has-background\"\/>\n\n\n\n<div style=\"height:30px\" aria-hidden=\"true\" class=\"wp-block-spacer\"><\/div>\n\n\n\n<p>Os bot\u00f5es podem ser reprogramados para ativar qualquer rel\u00e9 ou s\u00e9rie de rel\u00e9s. Pressionando apenas um bot\u00e3o pode iniciar-se uma <strong>cadeia quase ilimitada de eventos<\/strong>, por exemplo, ativando v\u00e1rios rel\u00e9s de forma temporizada.<\/p>\n\n\n\n<h2 class=\"wp-block-heading\">Transmissores com Joysticks e Displays \u2013 Tiger G2<\/h2>\n\n\n\n<figure class=\"wp-block-image size-full is-resized\"><img loading=\"lazy\" decoding=\"async\" width=\"885\" height=\"338\" src=\"https:\/\/www.tele-radio.com\/app\/uploads\/tiger-pontes-rolantes-e-guindastes.jpg\" alt=\"\" class=\"wp-image-90727\" style=\"width:443px;height:169px\" srcset=\"https:\/\/www.tele-radio.com\/app\/uploads\/tiger-pontes-rolantes-e-guindastes.jpg 885w, https:\/\/www.tele-radio.com\/app\/uploads\/tiger-pontes-rolantes-e-guindastes-400x153.jpg 400w, https:\/\/www.tele-radio.com\/app\/uploads\/tiger-pontes-rolantes-e-guindastes-768x293.jpg 768w, https:\/\/www.tele-radio.com\/app\/uploads\/tiger-pontes-rolantes-e-guindastes-750x286.jpg 750w, https:\/\/www.tele-radio.com\/app\/uploads\/tiger-pontes-rolantes-e-guindastes-500x191.jpg 500w, https:\/\/www.tele-radio.com\/app\/uploads\/tiger-pontes-rolantes-e-guindastes-800x306.jpg 800w\" sizes=\"auto, (max-width: 885px) 100vw, 885px\" \/><\/figure>\n\n\n\n<p>Tiger \u00e9 uma solu\u00e7\u00e3o mais avan\u00e7ada, projetado para pontes rolantes complexas.<\/p>\n\n\n\n<p>\u00c9 ideal quando um feedback da ponte rolante deve ser enviado parao transmissor. Seja para os LEDs ou Display. Ele \u00e9 certificado <strong>SIL3 PLe. Atende NR-12<\/strong>.<\/p>\n\n\n\n<p>Existem vers\u00f5es com e sem display, de diferentes tamanhos e com bot\u00f5es de pulso <strong>proporcional <\/strong>ouduplo.<\/p>\n\n\n\n<p>Os Receptores variam at\u00e9 2+2+28 rel\u00e9s, BUS, CANOpen, Modbus, etc.<\/p>\n\n\n\n<p>Controle dois guindastes <strong>independentemente ou em TANDEM com um \u00fanico transmissor<\/strong>.<\/p>\n\n\n\n<div class=\"wp-block-media-text alignwide is-stacked-on-mobile is-vertically-aligned-center has-very-light-gray-background-color has-background\"><figure class=\"wp-block-media-text__media\"><img loading=\"lazy\" decoding=\"async\" width=\"480\" height=\"320\" src=\"https:\/\/www.tele-radio.com\/app\/uploads\/custom-foil-remote-crane-teleradio.jpg\" alt=\"\" class=\"wp-image-56380 size-full\" srcset=\"https:\/\/www.tele-radio.com\/app\/uploads\/custom-foil-remote-crane-teleradio.jpg 480w, https:\/\/www.tele-radio.com\/app\/uploads\/custom-foil-remote-crane-teleradio-400x267.jpg 400w\" sizes=\"auto, (max-width: 480px) 100vw, 480px\" \/><\/figure><div class=\"wp-block-media-text__content\">\n<p class=\"has-large-font-size\">Obtenha uma <strong>etiqueta ou painel personalizado<\/strong>. <br>Inclua s\u00edmbolos espec\u00edficos para suas fun\u00e7\u00f5es, seu logotipo e \/ ou cores corporativas<\/p>\n<\/div><\/div>\n\n\n\n<div style=\"height:40px\" aria-hidden=\"true\" class=\"wp-block-spacer\"><\/div>\n\n\n\n<p class=\"has-text-align-center\" style=\"font-size:32px\"><strong>Clientes que confiam em nossa marca<\/strong><\/p>\n\n\n\n<div class=\"wp-block-columns is-layout-flex wp-container-core-columns-is-layout-9d6595d7 wp-block-columns-is-layout-flex\">\n<div class=\"wp-block-column is-vertically-aligned-center is-layout-flow wp-block-column-is-layout-flow\"><div class=\"wp-block-image\">\n<figure class=\"aligncenter size-large\"><img loading=\"lazy\" decoding=\"async\" width=\"150\" height=\"18\" src=\"https:\/\/www.tele-radio.com\/app\/uploads\/Konecranes-Logo.svg_.png\" alt=\"\" class=\"wp-image-55942\"\/><\/figure><\/div><\/div>\n\n\n\n<div class=\"wp-block-column is-vertically-aligned-center is-layout-flow wp-block-column-is-layout-flow\"><div class=\"wp-block-image\">\n<figure class=\"aligncenter size-large\"><img loading=\"lazy\" decoding=\"async\" width=\"150\" height=\"58\" src=\"https:\/\/www.tele-radio.com\/app\/uploads\/kito_logo.png\" alt=\"\" class=\"wp-image-55921\"\/><\/figure><\/div><\/div>\n\n\n\n<div class=\"wp-block-column is-vertically-aligned-center is-layout-flow wp-block-column-is-layout-flow\"><div class=\"wp-block-image\">\n<figure class=\"aligncenter size-large is-resized\"><img loading=\"lazy\" decoding=\"async\" width=\"220\" height=\"144\" src=\"https:\/\/www.tele-radio.com\/app\/uploads\/aeris-logo.png\" alt=\"\" class=\"wp-image-58906\" style=\"width:130px;height:85px\"\/><\/figure><\/div><\/div>\n\n\n\n<div class=\"wp-block-column is-vertically-aligned-center is-layout-flow wp-block-column-is-layout-flow\"><div class=\"wp-block-image\">\n<figure class=\"aligncenter size-large\"><img loading=\"lazy\" decoding=\"async\" width=\"130\" height=\"23\" src=\"https:\/\/www.tele-radio.com\/app\/uploads\/Terex-logo.png\" alt=\"\" class=\"wp-image-55991\"\/><\/figure><\/div><\/div>\n<\/div>\n\n\n\n<div style=\"height:30px\" aria-hidden=\"true\" class=\"wp-block-spacer\"><\/div>\n\n\n\n<h2 class=\"wp-block-heading\">Quer saber mais?<\/h2>\n\n\n\n<figure class=\"wp-block-image size-large is-resized\"><a href=\"https:\/\/wa.me\/5511914875982\" target=\"_blank\" rel=\"noopener\"><img loading=\"lazy\" decoding=\"async\" width=\"250\" height=\"250\" src=\"https:\/\/www.tele-radio.com\/app\/uploads\/whatsapplogo.png\" alt=\"\" class=\"wp-image-67327\" style=\"width:63px;height:63px\" srcset=\"https:\/\/www.tele-radio.com\/app\/uploads\/whatsapplogo.png 250w, https:\/\/www.tele-radio.com\/app\/uploads\/whatsapplogo-150x150.png 150w\" sizes=\"auto, (max-width: 250px) 100vw, 250px\" \/><\/a><\/figure>\n\n\n\n<div class=\"wp-block-columns is-layout-flex wp-container-core-columns-is-layout-9d6595d7 wp-block-columns-is-layout-flex\">\n<div class=\"wp-block-column is-layout-flow wp-block-column-is-layout-flow\" style=\"flex-basis:66.66%\">\n<div class=\"wpcf7 no-js\" id=\"wpcf7-f46900-o1\" lang=\"en-EN\" dir=\"ltr\" data-wpcf7-id=\"46900\">\n<div class=\"screen-reader-response\"><p role=\"status\" aria-live=\"polite\" aria-atomic=\"true\"><\/p> <ul><\/ul><\/div>\n<form action=\"\/pt-br\/wp-json\/wp\/v2\/pages\/24689#wpcf7-f46900-o1\" method=\"post\" class=\"wpcf7-form init\" aria-label=\"Contact form\" novalidate=\"novalidate\" data-status=\"init\">\n<fieldset class=\"hidden-fields-container\"><input type=\"hidden\" name=\"_wpcf7\" value=\"46900\" \/><input type=\"hidden\" name=\"_wpcf7_version\" value=\"6.1\" \/><input type=\"hidden\" name=\"_wpcf7_locale\" value=\"en_EN\" \/><input type=\"hidden\" name=\"_wpcf7_unit_tag\" value=\"wpcf7-f46900-o1\" \/><input type=\"hidden\" name=\"_wpcf7_container_post\" value=\"0\" \/><input type=\"hidden\" name=\"_wpcf7_posted_data_hash\" value=\"\" \/><input type=\"hidden\" name=\"_wpcf7_recaptcha_response\" value=\"\" \/>\n<\/fieldset>\n<p><label> Nome*<br \/>\n<span class=\"wpcf7-form-control-wrap\" data-name=\"nombre\"><input size=\"40\" maxlength=\"400\" class=\"wpcf7-form-control wpcf7-text wpcf7-validates-as-required\" aria-required=\"true\" aria-invalid=\"false\" placeholder=\"Seu nome\" value=\"\" type=\"text\" name=\"nombre\" \/><\/span> <\/label>\n<\/p>\n<p><label> Email*<br \/>\n<span class=\"wpcf7-form-control-wrap\" data-name=\"tu-email\"><input size=\"40\" maxlength=\"400\" class=\"wpcf7-form-control wpcf7-email wpcf7-validates-as-required wpcf7-text wpcf7-validates-as-email\" aria-required=\"true\" aria-invalid=\"false\" placeholder=\"Seu email\" value=\"\" type=\"email\" name=\"tu-email\" \/><\/span> <\/label>\n<\/p>\n<p><label> Tel\u00e9fono*<br \/>\n<span class=\"wpcf7-form-control-wrap\" data-name=\"tu-tfno\"><input size=\"40\" maxlength=\"400\" class=\"wpcf7-form-control wpcf7-tel wpcf7-validates-as-required wpcf7-text wpcf7-validates-as-tel\" aria-required=\"true\" aria-invalid=\"false\" placeholder=\"telefone de contato\" value=\"\" type=\"tel\" name=\"tu-tfno\" \/><\/span> <\/label>\n<\/p>\n<p><label> Sua mensagem*<br \/>\n<span class=\"wpcf7-form-control-wrap\" data-name=\"your-message\"><textarea cols=\"40\" rows=\"10\" maxlength=\"2000\" class=\"wpcf7-form-control wpcf7-textarea wpcf7-validates-as-required\" aria-required=\"true\" aria-invalid=\"false\" placeholder=\"Escreva aqui em qual transmissor, equipamento ou aplica\u00e7\u00e3o voc\u00ea est\u00e1 interessado; ou se voc\u00ea tiver alguma d\u00favida.\" name=\"your-message\"><\/textarea><\/span> <\/label>\n<\/p>\n<p><input class=\"wpcf7-form-control wpcf7-submit has-spinner\" type=\"submit\" value=\"Enviar\" \/>\n<\/p><div class=\"wpcf7-response-output\" aria-hidden=\"true\"><\/div>\n<\/form>\n<\/div>\n\r\n\t\t\t\t<script>\r\n\t\t\t\tif ( typeof huOptions !== 'undefined' ) {\r\n\t\t\t\t\tvar huFormData = {\"source\":\"contactform7\",\"id\":46900,\"title\":\"TRBRA-form\",\"fields\":{\"subject\":{\"first_name\":\"your-name\",\"email\":\"your-email\"},\"preferences\":{\"terms\":\"your-consent\"}}};\r\n\t\t\t\t\tvar huFormNode = document.querySelector( '[id^=\"wpcf7-f46900-\"] form' );\r\n\r\n\t\t\t\t\thuFormData['node'] = huFormNode;\r\n\t\t\t\t\thuOptions['forms'].push( huFormData );\r\n\t\t\t\t}\r\n\t\t\t\t<\/script>\n<\/div>\n\n\n\n<div class=\"wp-block-column is-layout-flow wp-block-column-is-layout-flow\" style=\"flex-basis:33.33%\"><\/div>\n<\/div>\n\n\n\n<h2 class=\"wp-block-heading\">Sobre Tele Radio<\/h2>\n\n\n\n<p>Tele Radio \u00e9 uma empresa Sueca com mais de <strong>65 anos de experi\u00eancia<\/strong>, e um dos l\u00edderes mundiais em controle remoto, especialmente no mercado de movimenta\u00e7\u00e3o e eleva\u00e7\u00e3o de carga. N\u00f3s projetamos, fabricamos, personalizamos e vendemos sistemas de controle remoto para milhares de empresas ao redor do mundo como a Volvo, Schneider e Renault para citar alguns exemplos.<\/p>\n\n\n\n<p>Oferecemos <strong>suporte mundial<\/strong> gra\u00e7as \u00e0s nossas mais de 20 subsidi\u00e1rias e parceiros.<\/p>\n","protected":false},"excerpt":{"rendered":"<p>Nossos sistemas de controle remoto sem fio se adaptam a pontes rolantes, p\u00f3rticos, talhas e outros tipos de m\u00e1quinas de eleva\u00e7\u00e3o. Controle Remoto tipo botoeira &#8211; PANTHER Temos v\u00e1rios modelos de controle remoto para pontes rolantes. Entretanto o modelo Panther atende mais de 95% das aplica\u00e7\u00f5es para pontes rolantes do mercado. Principais vantagens Frequ\u00eancia de [&hellip;]<\/p>\n","protected":false},"author":54,"featured_media":46862,"parent":0,"menu_order":0,"comment_status":"closed","ping_status":"closed","template":"","meta":{"_acf_changed":false,"footnotes":""},"class_list":["post-24689","page","type-page","status-publish","has-post-thumbnail","hentry"],"acf":[],"_links":{"self":[{"href":"https:\/\/www.tele-radio.com\/pt-br\/wp-json\/wp\/v2\/pages\/24689","targetHints":{"allow":["GET"]}}],"collection":[{"href":"https:\/\/www.tele-radio.com\/pt-br\/wp-json\/wp\/v2\/pages"}],"about":[{"href":"https:\/\/www.tele-radio.com\/pt-br\/wp-json\/wp\/v2\/types\/page"}],"author":[{"embeddable":true,"href":"https:\/\/www.tele-radio.com\/pt-br\/wp-json\/wp\/v2\/users\/54"}],"replies":[{"embeddable":true,"href":"https:\/\/www.tele-radio.com\/pt-br\/wp-json\/wp\/v2\/comments?post=24689"}],"version-history":[{"count":46,"href":"https:\/\/www.tele-radio.com\/pt-br\/wp-json\/wp\/v2\/pages\/24689\/revisions"}],"predecessor-version":[{"id":259107,"href":"https:\/\/www.tele-radio.com\/pt-br\/wp-json\/wp\/v2\/pages\/24689\/revisions\/259107"}],"wp:featuredmedia":[{"embeddable":true,"href":"https:\/\/www.tele-radio.com\/pt-br\/wp-json\/wp\/v2\/media\/46862"}],"wp:attachment":[{"href":"https:\/\/www.tele-radio.com\/pt-br\/wp-json\/wp\/v2\/media?parent=24689"}],"curies":[{"name":"wp","href":"https:\/\/api.w.org\/{rel}","templated":true}]}}