{"id":246583,"date":"2025-03-04T17:48:23","date_gmt":"2025-03-04T17:48:23","guid":{"rendered":"https:\/\/www.tele-radio.com\/?page_id=246583"},"modified":"2025-03-07T12:02:33","modified_gmt":"2025-03-07T12:02:33","slug":"catalogo-tele-radio","status":"publish","type":"page","link":"https:\/\/www.tele-radio.com\/pt-br\/catalogo-tele-radio\/","title":{"rendered":"Cat\u00e1logo Tele Radio"},"content":{"rendered":"\n<h1 class=\"wp-block-heading has-large-font-size\"><strong>Cat\u00e1logo<\/strong> Tele Radio<\/h1>\n\n\n\n<p>Abaixo, voc\u00ea pode baixar nosso cat\u00e1logo da <strong>Tele Radio<\/strong>, com uma ampla gama de solu\u00e7\u00f5es de controle remoto robustas e confi\u00e1veis para aplica\u00e7\u00f5es industriais.<\/p>\n\n\n\n<p>Explore e descubra solu\u00e7\u00f5es adapt\u00e1veis e de alto desempenho, desenvolvidas para ambientes desafiadores.<\/p>\n\n\n\n<div class=\"wp-block-columns is-layout-flex wp-container-core-columns-is-layout-9d6595d7 wp-block-columns-is-layout-flex\">\n<div class=\"wp-block-column has-white-background-color has-background is-layout-flow wp-block-column-is-layout-flow\"><div class=\"wp-block-image is-style-default\">\n<figure class=\"aligncenter size-full is-resized\"><a href=\"https:\/\/www.tele-radio.com\/app\/uploads\/FULLTRBRAlq.pdf\" target=\"_blank\" rel=\"noreferrer noopener\"><img loading=\"lazy\" decoding=\"async\" width=\"350\" height=\"250\" src=\"https:\/\/www.tele-radio.com\/app\/uploads\/Mesa-de-trabajo-1catalogo-landing.png\" alt=\"Catalogo Tele Radio Brazil \" class=\"wp-image-247088\" style=\"aspect-ratio:1.3333333333333333;object-fit:contain;width:350px;height:auto\"\/><\/a><\/figure><\/div>\n\n\n<div class=\"wp-block-buttons is-content-justification-center is-layout-flex wp-container-core-buttons-is-layout-16018d1d wp-block-buttons-is-layout-flex\">\n<div class=\"wp-block-button\"><a class=\"wp-block-button__link has-black-color has-luminous-vivid-amber-background-color has-text-color has-background has-link-color has-text-align-center wp-element-button\" href=\"https:\/\/www.tele-radio.com\/app\/uploads\/FULLTRBRAlq.pdf\" style=\"border-radius:27px\" target=\"_blank\" rel=\"noreferrer noopener\"><strong>Clique aqui para baixar o cat\u00e1logo.<\/strong><\/a><\/div>\n<\/div>\n<\/div>\n<\/div>\n\n\n\n<hr class=\"wp-block-separator has-text-color has-white-color has-alpha-channel-opacity has-white-background-color has-background\"\/>\n\n\n\n<hr class=\"wp-block-separator has-text-color has-white-color has-alpha-channel-opacity has-white-background-color has-background\"\/>\n\n\n\n<hr class=\"wp-block-separator has-text-color has-white-color has-alpha-channel-opacity has-white-background-color has-background\"\/>\n\n\n\n<hr class=\"wp-block-separator has-text-color has-white-color has-alpha-channel-opacity has-white-background-color has-background\"\/>\n\n\n\n<hr class=\"wp-block-separator has-text-color has-white-color has-alpha-channel-opacity has-white-background-color has-background\"\/>\n\n\n\n<p><strong>Procurando orienta\u00e7\u00e3o personalizada ou mais informa\u00e7\u00f5es sobre nossas solu\u00e7\u00f5es?<\/strong><br>Preencha nosso formul\u00e1rio de contato para falar com um especialista e discutir suas necessidades espec\u00edficas.<\/p>\n\n\n\n<p class=\"has-medium-font-size\" id=\"form\"><strong>Contato<\/strong><\/p>\n\n\n\n<div class=\"wp-block-columns is-layout-flex wp-container-core-columns-is-layout-9d6595d7 wp-block-columns-is-layout-flex\">\n<div class=\"wp-block-column is-layout-flow wp-block-column-is-layout-flow\" style=\"flex-basis:66.66%\">\n<div class=\"wp-block-contact-form-7-contact-form-selector\">\n<div class=\"wpcf7 no-js\" id=\"wpcf7-f46900-o1\" lang=\"en-EN\" dir=\"ltr\" data-wpcf7-id=\"46900\">\n<div class=\"screen-reader-response\"><p role=\"status\" aria-live=\"polite\" aria-atomic=\"true\"><\/p> <ul><\/ul><\/div>\n<form action=\"\/pt-br\/wp-json\/wp\/v2\/pages\/246583#wpcf7-f46900-o1\" method=\"post\" class=\"wpcf7-form init\" aria-label=\"Contact form\" novalidate=\"novalidate\" data-status=\"init\">\n<fieldset class=\"hidden-fields-container\"><input type=\"hidden\" name=\"_wpcf7\" value=\"46900\" \/><input type=\"hidden\" name=\"_wpcf7_version\" value=\"6.1\" \/><input type=\"hidden\" name=\"_wpcf7_locale\" value=\"en_EN\" \/><input type=\"hidden\" name=\"_wpcf7_unit_tag\" value=\"wpcf7-f46900-o1\" \/><input type=\"hidden\" name=\"_wpcf7_container_post\" value=\"0\" \/><input type=\"hidden\" name=\"_wpcf7_posted_data_hash\" value=\"\" \/><input type=\"hidden\" name=\"_wpcf7_recaptcha_response\" value=\"\" \/>\n<\/fieldset>\n<p><label> Nome*<br \/>\n<span class=\"wpcf7-form-control-wrap\" data-name=\"nombre\"><input size=\"40\" maxlength=\"400\" class=\"wpcf7-form-control wpcf7-text wpcf7-validates-as-required\" aria-required=\"true\" aria-invalid=\"false\" placeholder=\"Seu nome\" value=\"\" type=\"text\" name=\"nombre\" \/><\/span> <\/label>\n<\/p>\n<p><label> Email*<br \/>\n<span class=\"wpcf7-form-control-wrap\" data-name=\"tu-email\"><input size=\"40\" maxlength=\"400\" class=\"wpcf7-form-control wpcf7-email wpcf7-validates-as-required wpcf7-text wpcf7-validates-as-email\" aria-required=\"true\" aria-invalid=\"false\" placeholder=\"Seu email\" value=\"\" type=\"email\" name=\"tu-email\" \/><\/span> <\/label>\n<\/p>\n<p><label> Tel\u00e9fono*<br \/>\n<span class=\"wpcf7-form-control-wrap\" data-name=\"tu-tfno\"><input size=\"40\" maxlength=\"400\" class=\"wpcf7-form-control wpcf7-tel wpcf7-validates-as-required wpcf7-text wpcf7-validates-as-tel\" aria-required=\"true\" aria-invalid=\"false\" placeholder=\"telefone de contato\" value=\"\" type=\"tel\" name=\"tu-tfno\" \/><\/span> <\/label>\n<\/p>\n<p><label> Sua mensagem*<br \/>\n<span class=\"wpcf7-form-control-wrap\" data-name=\"your-message\"><textarea cols=\"40\" rows=\"10\" maxlength=\"2000\" class=\"wpcf7-form-control wpcf7-textarea wpcf7-validates-as-required\" aria-required=\"true\" aria-invalid=\"false\" placeholder=\"Escreva aqui em qual transmissor, equipamento ou aplica\u00e7\u00e3o voc\u00ea est\u00e1 interessado; ou se voc\u00ea tiver alguma d\u00favida.\" name=\"your-message\"><\/textarea><\/span> <\/label>\n<\/p>\n<p><input class=\"wpcf7-form-control wpcf7-submit has-spinner\" type=\"submit\" value=\"Enviar\" \/>\n<\/p><div class=\"wpcf7-response-output\" aria-hidden=\"true\"><\/div>\n<\/form>\n<\/div>\n\r\n\t\t\t\t<script>\r\n\t\t\t\tif ( typeof huOptions !== 'undefined' ) {\r\n\t\t\t\t\tvar huFormData = {\"source\":\"contactform7\",\"id\":46900,\"title\":\"TRBRA-form\",\"fields\":{\"subject\":{\"first_name\":\"your-name\",\"email\":\"your-email\"},\"preferences\":{\"terms\":\"your-consent\"}}};\r\n\t\t\t\t\tvar huFormNode = document.querySelector( '[id^=\"wpcf7-f46900-\"] form' );\r\n\r\n\t\t\t\t\thuFormData['node'] = huFormNode;\r\n\t\t\t\t\thuOptions['forms'].push( huFormData );\r\n\t\t\t\t}\r\n\t\t\t\t<\/script><\/div>\n<\/div>\n\n\n\n<div class=\"wp-block-column is-layout-flow wp-block-column-is-layout-flow\" style=\"flex-basis:33.33%\"><\/div>\n<\/div>\n","protected":false},"excerpt":{"rendered":"<p>Cat\u00e1logo Tele Radio Abaixo, voc\u00ea pode baixar nosso cat\u00e1logo da Tele Radio, com uma ampla gama de solu\u00e7\u00f5es de controle remoto robustas e confi\u00e1veis para aplica\u00e7\u00f5es industriais. Explore e descubra solu\u00e7\u00f5es adapt\u00e1veis e de alto desempenho, desenvolvidas para ambientes desafiadores. Procurando orienta\u00e7\u00e3o personalizada ou mais informa\u00e7\u00f5es sobre nossas solu\u00e7\u00f5es?Preencha nosso formul\u00e1rio de contato para falar [&hellip;]<\/p>\n","protected":false},"author":54,"featured_media":0,"parent":0,"menu_order":0,"comment_status":"closed","ping_status":"closed","template":"","meta":{"_acf_changed":false,"footnotes":""},"class_list":["post-246583","page","type-page","status-publish","hentry"],"acf":[],"_links":{"self":[{"href":"https:\/\/www.tele-radio.com\/pt-br\/wp-json\/wp\/v2\/pages\/246583","targetHints":{"allow":["GET"]}}],"collection":[{"href":"https:\/\/www.tele-radio.com\/pt-br\/wp-json\/wp\/v2\/pages"}],"about":[{"href":"https:\/\/www.tele-radio.com\/pt-br\/wp-json\/wp\/v2\/types\/page"}],"author":[{"embeddable":true,"href":"https:\/\/www.tele-radio.com\/pt-br\/wp-json\/wp\/v2\/users\/54"}],"replies":[{"embeddable":true,"href":"https:\/\/www.tele-radio.com\/pt-br\/wp-json\/wp\/v2\/comments?post=246583"}],"version-history":[{"count":3,"href":"https:\/\/www.tele-radio.com\/pt-br\/wp-json\/wp\/v2\/pages\/246583\/revisions"}],"predecessor-version":[{"id":247117,"href":"https:\/\/www.tele-radio.com\/pt-br\/wp-json\/wp\/v2\/pages\/246583\/revisions\/247117"}],"wp:attachment":[{"href":"https:\/\/www.tele-radio.com\/pt-br\/wp-json\/wp\/v2\/media?parent=246583"}],"curies":[{"name":"wp","href":"https:\/\/api.w.org\/{rel}","templated":true}]}}