{"id":24526,"date":"2018-05-04T14:35:06","date_gmt":"2018-05-04T14:35:06","guid":{"rendered":"https:\/\/www.tele-radio.com\/start\/"},"modified":"2025-09-12T08:23:25","modified_gmt":"2025-09-12T08:23:25","slug":"controle-remoto-industrial-tele-radio","status":"publish","type":"page","link":"https:\/\/www.tele-radio.com\/pt-br\/","title":{"rendered":"Home"},"content":{"rendered":"\n<h1 class=\"wp-block-heading has-text-align-center\">Controle Remoto Industrial<\/h1>\n\n\n\n<p class=\"has-text-align-center\">N\u00f3s temos a mais ampla linha de controles remotos do mercado.<\/p>\n\n\n\n<figure class=\"wp-block-image size-large normaginpic\"><img loading=\"lazy\" decoding=\"async\" width=\"1200\" height=\"239\" src=\"https:\/\/www.tele-radio.com\/app\/uploads\/Controle-remoto-industrial-teleradio.jpg\" alt=\"\" class=\"wp-image-61860\" srcset=\"https:\/\/www.tele-radio.com\/app\/uploads\/Controle-remoto-industrial-teleradio.jpg 1200w, https:\/\/www.tele-radio.com\/app\/uploads\/Controle-remoto-industrial-teleradio-400x80.jpg 400w, https:\/\/www.tele-radio.com\/app\/uploads\/Controle-remoto-industrial-teleradio-768x153.jpg 768w, https:\/\/www.tele-radio.com\/app\/uploads\/Controle-remoto-industrial-teleradio-750x149.jpg 750w, https:\/\/www.tele-radio.com\/app\/uploads\/Controle-remoto-industrial-teleradio-500x100.jpg 500w, https:\/\/www.tele-radio.com\/app\/uploads\/Controle-remoto-industrial-teleradio-800x159.jpg 800w\" sizes=\"auto, (max-width: 1200px) 100vw, 1200px\" \/><\/figure>\n\n\n\n<p class=\"has-text-align-center\">Nosso objetivo m\u00e1ximo \u00e9 fornecer solu\u00e7\u00f5es <strong>r\u00e1dio controle remoto<\/strong> que adicionar\u00e3o valor ao seu neg\u00f3cio e, ao mesmo tempo, fornecer\u00e3o suporte impec\u00e1vel quando voc\u00ea precisar.<\/p>\n\n\n\n<div class=\"wp-block-buttons is-horizontal is-content-justification-center is-layout-flex wp-container-core-buttons-is-layout-499968f5 wp-block-buttons-is-layout-flex\">\n<div class=\"wp-block-button\"><a class=\"wp-block-button__link wp-element-button\" href=\"https:\/\/www.tele-radio.com\/pt-br\/produtos\/\"><strong>Veja todos os sistemas de controle remoto<\/strong><\/a><\/div>\n<\/div>\n\n\n\n<div style=\"height:30px\" aria-hidden=\"true\" class=\"wp-block-spacer\"><\/div>\n\n\n\n<h2 class=\"wp-block-heading\">N\u00f3s fazemos nossa pr\u00f3pria pesquisa e desenvolvimento<\/h2>\n\n\n\n<p>Com mais de 65 anos de experi\u00eancia, temos s\u00f3lidos conhecimentos e experi\u00eancia em sistemas de r\u00e1dio controle remoto. Nossa miss\u00e3o \u00e9 fornecer solu\u00e7\u00f5es completas de produtos, tecnologias e servi\u00e7os na \u00e1rea de controle sem fio de equipamentos e comunica\u00e7\u00e3o de m\u00e1quinas, onde a confiabilidade e a seguran\u00e7a s\u00e3o os principais fatores decisivos. <\/p>\n\n\n\n<div class=\"wp-block-columns is-layout-flex wp-container-core-columns-is-layout-9d6595d7 wp-block-columns-is-layout-flex\">\n<div class=\"wp-block-column yellcolumns is-layout-flow wp-block-column-is-layout-flow\"><div class=\"wp-block-image\">\n<figure class=\"aligncenter\"><img decoding=\"async\" src=\"https:\/\/www.tele-radio.com\/app\/uploads\/reparar-control-remoto-espa\u00f1a-teleradio.png\" alt=\"\" class=\"wp-image-36128\"\/><\/figure><\/div>\n\n\n<h2 class=\"wp-block-heading has-text-align-center\">Fabricante<\/h2>\n\n\n\n<p class=\"has-text-align-center\"><strong>Customizamos os transmissores<\/strong> de acordo com a sua necessidade<\/p>\n<\/div>\n\n\n\n<div class=\"wp-block-column yellcolumns is-layout-flow wp-block-column-is-layout-flow\"><div class=\"wp-block-image is-resized\">\n<figure class=\"aligncenter\"><img loading=\"lazy\" decoding=\"async\" width=\"230\" height=\"140\" src=\"https:\/\/www.tele-radio.com\/app\/uploads\/stock-inmediato.png\" alt=\"\" class=\"wp-image-36201\"\/><\/figure><\/div>\n\n\n<h2 class=\"wp-block-heading has-text-align-center\">Stoque Permanente<\/h2>\n\n\n\n<p class=\"has-text-align-center\">Produtos padr\u00e3o para <strong>pronta entrega<\/strong>.<br>Equipamentos personalizados entrega em 6-8 semanas<\/p>\n<\/div>\n\n\n\n<div class=\"wp-block-column yellcolumns is-layout-flow wp-block-column-is-layout-flow\"><div class=\"wp-block-image\">\n<figure class=\"aligncenter\"><img loading=\"lazy\" decoding=\"async\" width=\"100\" height=\"100\" src=\"https:\/\/www.tele-radio.com\/app\/uploads\/soporte-local-teleradio.png\" alt=\"\" class=\"wp-image-36148\"\/><\/figure><\/div>\n\n\n<h2 class=\"wp-block-heading has-text-align-center\">Suporte Local<\/h2>\n\n\n\n<p class=\"has-text-align-center\">Reparo, suporte t\u00e9cnico e<br>pe\u00e7as de reposi\u00e7\u00e3o <strong>no Brasil<\/strong><\/p>\n<\/div>\n<\/div>\n\n\n\n<h2 class=\"wp-block-heading\">R\u00e1dio controle remoto seguro<\/h2>\n\n\n\n<div class=\"wp-block-columns are-vertically-aligned-center is-layout-flex wp-container-core-columns-is-layout-9d6595d7 wp-block-columns-is-layout-flex\">\n<div class=\"wp-block-column is-vertically-aligned-center is-layout-flow wp-block-column-is-layout-flow\" style=\"flex-basis:25%\"><div class=\"wp-block-image\">\n<figure class=\"alignleft size-large\"><img loading=\"lazy\" decoding=\"async\" width=\"293\" height=\"184\" src=\"https:\/\/www.tele-radio.com\/app\/uploads\/tiger_group-e1526210190711.png\" alt=\"\" class=\"wp-image-9293\"\/><\/figure><\/div>\n\n\n<p><\/p>\n<\/div>\n\n\n\n<div class=\"wp-block-column is-vertically-aligned-center is-layout-flow wp-block-column-is-layout-flow\" style=\"flex-basis:75%\">\n<p>A seguran\u00e7a \u00e9 uma grande preocupa\u00e7\u00e3o para n\u00f3s, sendo uma empresa sueca, faz parte da nossa ess\u00eancia. N\u00f3s nos esfor\u00e7amos para fazer os nossos produtos os mais seguros poss\u00edveis. N\u00f3s gastamos recursos consider\u00e1veis para certificar-nos de que os nossos produtos cumpram os padr\u00f5es mais elevados de seguran\u00e7a poss\u00edveis, e n\u00f3s temos os certificados para confirmar essa reivindica\u00e7\u00e3o.<\/p>\n\n\n\n<p>Como voc\u00ea provavelmente j\u00e1 imaginava, os nossos sistemas de controle remoto n\u00e3o s\u00e3o apenas seguros, mas eles tamb\u00e9m s\u00e3o robustos e podem levar uma surra. N\u00f3s sabemos que nossos controles remotos s\u00e3o jogados ao redor, deixados cair, atropelados, molhados \u2013 e tudo bem, n\u00f3s tivemos isto em mente ao projet\u00e1-los. Eles foram feitos para serem usados.<\/p>\n<\/div>\n<\/div>\n\n\n\n<h2 class=\"wp-block-heading\">Por que o controle remoto?<\/h2>\n\n\n\n<p>Um controle remoto sem fio \u00e9 um sistema baseado em seguran\u00e7a e conveni\u00eancia e \u00e9 utilizado para controlar uma m\u00e1quina. Permite ao operador situar-se exatamente onde ele necessita estar em vez das restri\u00e7\u00f5es naturais de um painel de controle fixo ou controle com fio. Al\u00e9m disto, o controle remoto sem fio, ao contr\u00e1rio de um sistema cabeado, n\u00e3o fica no meio do caminho do operador. O cabo atrapalha o trabalho e \u00e9 um perigo \u00e0 seguran\u00e7a, um risco de trope\u00e7o e \u00e9 suscet\u00edvel a danos e corros\u00e3o.<\/p>\n\n\n\n<p class=\"has-medium-font-size\"><strong>Quero saber mais<\/strong><\/p>\n\n\n\n<div class=\"wp-block-contact-form-7-contact-form-selector\">\n<div class=\"wpcf7 no-js\" id=\"wpcf7-f46900-o1\" lang=\"en-EN\" dir=\"ltr\" data-wpcf7-id=\"46900\">\n<div class=\"screen-reader-response\"><p role=\"status\" aria-live=\"polite\" aria-atomic=\"true\"><\/p> <ul><\/ul><\/div>\n<form action=\"\/pt-br\/wp-json\/wp\/v2\/pages\/24526#wpcf7-f46900-o1\" method=\"post\" class=\"wpcf7-form init\" aria-label=\"Contact form\" novalidate=\"novalidate\" data-status=\"init\">\n<fieldset class=\"hidden-fields-container\"><input type=\"hidden\" name=\"_wpcf7\" value=\"46900\" \/><input type=\"hidden\" name=\"_wpcf7_version\" value=\"6.1\" \/><input type=\"hidden\" name=\"_wpcf7_locale\" value=\"en_EN\" \/><input type=\"hidden\" name=\"_wpcf7_unit_tag\" value=\"wpcf7-f46900-o1\" \/><input type=\"hidden\" name=\"_wpcf7_container_post\" value=\"0\" \/><input type=\"hidden\" name=\"_wpcf7_posted_data_hash\" value=\"\" \/><input type=\"hidden\" name=\"_wpcf7_recaptcha_response\" value=\"\" \/>\n<\/fieldset>\n<p><label> Nome*<br \/>\n<span class=\"wpcf7-form-control-wrap\" data-name=\"nombre\"><input size=\"40\" maxlength=\"400\" class=\"wpcf7-form-control wpcf7-text wpcf7-validates-as-required\" aria-required=\"true\" aria-invalid=\"false\" placeholder=\"Seu nome\" value=\"\" type=\"text\" name=\"nombre\" \/><\/span> <\/label>\n<\/p>\n<p><label> Email*<br \/>\n<span class=\"wpcf7-form-control-wrap\" data-name=\"tu-email\"><input size=\"40\" maxlength=\"400\" class=\"wpcf7-form-control wpcf7-email wpcf7-validates-as-required wpcf7-text wpcf7-validates-as-email\" aria-required=\"true\" aria-invalid=\"false\" placeholder=\"Seu email\" value=\"\" type=\"email\" name=\"tu-email\" \/><\/span> <\/label>\n<\/p>\n<p><label> Tel\u00e9fono*<br \/>\n<span class=\"wpcf7-form-control-wrap\" data-name=\"tu-tfno\"><input size=\"40\" maxlength=\"400\" class=\"wpcf7-form-control wpcf7-tel wpcf7-validates-as-required wpcf7-text wpcf7-validates-as-tel\" aria-required=\"true\" aria-invalid=\"false\" placeholder=\"telefone de contato\" value=\"\" type=\"tel\" name=\"tu-tfno\" \/><\/span> <\/label>\n<\/p>\n<p><label> Sua mensagem*<br \/>\n<span class=\"wpcf7-form-control-wrap\" data-name=\"your-message\"><textarea cols=\"40\" rows=\"10\" maxlength=\"2000\" class=\"wpcf7-form-control wpcf7-textarea wpcf7-validates-as-required\" aria-required=\"true\" aria-invalid=\"false\" placeholder=\"Escreva aqui em qual transmissor, equipamento ou aplica\u00e7\u00e3o voc\u00ea est\u00e1 interessado; ou se voc\u00ea tiver alguma d\u00favida.\" name=\"your-message\"><\/textarea><\/span> <\/label>\n<\/p>\n<p><input class=\"wpcf7-form-control wpcf7-submit has-spinner\" type=\"submit\" value=\"Enviar\" \/>\n<\/p><div class=\"wpcf7-response-output\" aria-hidden=\"true\"><\/div>\n<\/form>\n<\/div>\n\r\n\t\t\t\t<script>\r\n\t\t\t\tif ( typeof huOptions !== 'undefined' ) {\r\n\t\t\t\t\tvar huFormData = {\"source\":\"contactform7\",\"id\":46900,\"title\":\"TRBRA-form\",\"fields\":{\"subject\":{\"first_name\":\"your-name\",\"email\":\"your-email\"},\"preferences\":{\"terms\":\"your-consent\"}}};\r\n\t\t\t\t\tvar huFormNode = document.querySelector( '[id^=\"wpcf7-f46900-\"] form' );\r\n\r\n\t\t\t\t\thuFormData['node'] = huFormNode;\r\n\t\t\t\t\thuOptions['forms'].push( huFormData );\r\n\t\t\t\t}\r\n\t\t\t\t<\/script><\/div>\n","protected":false},"excerpt":{"rendered":"<p>Controle Remoto Industrial N\u00f3s temos a mais ampla linha de controles remotos do mercado. Nosso objetivo m\u00e1ximo \u00e9 fornecer solu\u00e7\u00f5es r\u00e1dio controle remoto que adicionar\u00e3o valor ao seu neg\u00f3cio e, ao mesmo tempo, fornecer\u00e3o suporte impec\u00e1vel quando voc\u00ea precisar. N\u00f3s fazemos nossa pr\u00f3pria pesquisa e desenvolvimento Com mais de 65 anos de experi\u00eancia, temos s\u00f3lidos [&hellip;]<\/p>\n","protected":false},"author":1,"featured_media":0,"parent":0,"menu_order":0,"comment_status":"closed","ping_status":"closed","template":"","meta":{"_acf_changed":false,"footnotes":""},"class_list":["post-24526","page","type-page","status-publish","hentry"],"acf":[],"_links":{"self":[{"href":"https:\/\/www.tele-radio.com\/pt-br\/wp-json\/wp\/v2\/pages\/24526","targetHints":{"allow":["GET"]}}],"collection":[{"href":"https:\/\/www.tele-radio.com\/pt-br\/wp-json\/wp\/v2\/pages"}],"about":[{"href":"https:\/\/www.tele-radio.com\/pt-br\/wp-json\/wp\/v2\/types\/page"}],"author":[{"embeddable":true,"href":"https:\/\/www.tele-radio.com\/pt-br\/wp-json\/wp\/v2\/users\/1"}],"replies":[{"embeddable":true,"href":"https:\/\/www.tele-radio.com\/pt-br\/wp-json\/wp\/v2\/comments?post=24526"}],"version-history":[{"count":62,"href":"https:\/\/www.tele-radio.com\/pt-br\/wp-json\/wp\/v2\/pages\/24526\/revisions"}],"predecessor-version":[{"id":267351,"href":"https:\/\/www.tele-radio.com\/pt-br\/wp-json\/wp\/v2\/pages\/24526\/revisions\/267351"}],"wp:attachment":[{"href":"https:\/\/www.tele-radio.com\/pt-br\/wp-json\/wp\/v2\/media?parent=24526"}],"curies":[{"name":"wp","href":"https:\/\/api.w.org\/{rel}","templated":true}]}}