{"id":24510,"date":"2018-05-10T13:37:03","date_gmt":"2018-05-10T13:37:03","guid":{"rendered":"https:\/\/www.tele-radio.com\/iso-certifications\/"},"modified":"2024-05-07T13:06:20","modified_gmt":"2024-05-07T13:06:20","slug":"certificacoes-isso","status":"publish","type":"page","link":"https:\/\/www.tele-radio.com\/pt-br\/certificacoes-isso\/","title":{"rendered":"Certifica\u00e7\u00f5es ISO"},"content":{"rendered":"\n<h1 class=\"wp-block-heading\">Tele Radio \u00e9 uma empresa certificada ISO<\/h1>\n\n\n\n<p>Tele Radio AB \u00e9 certificada de acordo com ISO 9001 sistema de gest\u00e3o da qualidade e ISO 14001 sistema de gest\u00e3o ambiental. Isto significa que voc\u00ea pode confiar na nossa capacidade e conhecimento para realizar o nosso trabalho, que trabalhamos continuamente para evitar erros repetidos, que usamos componentes ambientalmente amig\u00e1veis sempre que poss\u00edvel , e utilizamos os melhores meios de transporte dispon\u00edveis, tanto para viagens de neg\u00f3cios quanto para transporte de mercadorias, em prol do meio ambiente.<\/p>\n\n\n\n<h2 class=\"wp-block-heading\">ISO9001<\/h2>\n\n\n\n<p>As partes mais importantes da certifica\u00e7\u00e3o ISO 9001 para sistemas de gest\u00e3o s\u00e3o qualidade, responsabilidade, recursos, desenvolvimento de produtos, bem como medi\u00e7\u00e3o, an\u00e1lise e melhoria.<\/p>\n\n\n\n<p><a href=\"https:\/\/www.tele-radio.com\/app\/uploads\/Allgon-AB-Certificate-SE009776-9001-2024.pdf\" target=\"_blank\" rel=\"noreferrer noopener\">Baixe certificado ISO9001<\/a><\/p>\n\n\n<a href=\"https:\/\/www.tele-radio.com\/app\/uploads\/Allgon-AB-Certificate-SE009776-9001-2024.pdf\" class=\"pdfemb-viewer\" style=\"\" data-width=\"max\" data-height=\"max\" data-toolbar=\"bottom\" data-toolbar-fixed=\"off\">Allgon-AB-Certificate-SE009776-9001-2024<\/a>\n<p class=\"wp-block-pdfemb-pdf-embedder-viewer\"><\/p>\n\n\n\n<h2 class=\"wp-block-heading\">ISO14001<\/h2>\n\n\n\n<p>ISO 14001 exige que tomamos a responsabilidade de prevenir a polui\u00e7\u00e3o e que a dire\u00e7\u00e3o da nossa empresa assume plena responsabilidade em melhorar ano a ano. Em nossa pesquisa e desenvolvimento criamos uma meta para que nossos produtos cumpram as normas de REACH e RoHS. O REACH \u00e9 um regulamento da Uni\u00e3o Europeia, adoptada para melhorar a prote\u00e7\u00e3o da sa\u00fade humana e do meio ambiente a partir dos riscos que podem criados pelos produtos qu\u00edmicos, refor\u00e7ando simultaneamente a competitividade da ind\u00fastria qu\u00edmica da UE.<\/p>\n\n\n\n<p><a href=\"https:\/\/www.tele-radio.com\/app\/uploads\/Allgon-AB-Certificate-SE009777-14001-2024.pdf\" target=\"_blank\" rel=\"noreferrer noopener\">Baixe o certificado ISO14001<\/a><\/p>\n\n\n<a href=\"https:\/\/www.tele-radio.com\/app\/uploads\/Allgon-AB-Certificate-SE009777-14001-2024.pdf\" class=\"pdfemb-viewer\" style=\"\" data-width=\"max\" data-height=\"max\" data-toolbar=\"bottom\" data-toolbar-fixed=\"off\">Allgon-AB-Certificate-SE009777-14001-2024<\/a>\n<p class=\"wp-block-pdfemb-pdf-embedder-viewer\"><\/p>\n\n\n\n<p>A diretiva relativa \u00e0 restri\u00e7\u00e3o de subst\u00e2ncias perigosas 2002\/95\/CE, (Restriction of Hazardous Substances RoHs), descreve a restri\u00e7\u00e3o da utiliza\u00e7\u00e3o de determinadas subst\u00e2ncias perigosas em equipamentos el\u00e9ctricos e eletr\u00f4nicos.<\/p>\n","protected":false},"excerpt":{"rendered":"<p>Tele Radio \u00e9 uma empresa certificada ISO Tele Radio AB \u00e9 certificada de acordo com ISO 9001 sistema de gest\u00e3o da qualidade e ISO 14001 sistema de gest\u00e3o ambiental. Isto significa que voc\u00ea pode confiar na nossa capacidade e conhecimento para realizar o nosso trabalho, que trabalhamos continuamente para evitar erros repetidos, que usamos componentes [&hellip;]<\/p>\n","protected":false},"author":29,"featured_media":24513,"parent":0,"menu_order":0,"comment_status":"closed","ping_status":"closed","template":"","meta":{"_acf_changed":false,"footnotes":""},"class_list":["post-24510","page","type-page","status-publish","has-post-thumbnail","hentry"],"acf":[],"_links":{"self":[{"href":"https:\/\/www.tele-radio.com\/pt-br\/wp-json\/wp\/v2\/pages\/24510","targetHints":{"allow":["GET"]}}],"collection":[{"href":"https:\/\/www.tele-radio.com\/pt-br\/wp-json\/wp\/v2\/pages"}],"about":[{"href":"https:\/\/www.tele-radio.com\/pt-br\/wp-json\/wp\/v2\/types\/page"}],"author":[{"embeddable":true,"href":"https:\/\/www.tele-radio.com\/pt-br\/wp-json\/wp\/v2\/users\/29"}],"replies":[{"embeddable":true,"href":"https:\/\/www.tele-radio.com\/pt-br\/wp-json\/wp\/v2\/comments?post=24510"}],"version-history":[{"count":4,"href":"https:\/\/www.tele-radio.com\/pt-br\/wp-json\/wp\/v2\/pages\/24510\/revisions"}],"predecessor-version":[{"id":217269,"href":"https:\/\/www.tele-radio.com\/pt-br\/wp-json\/wp\/v2\/pages\/24510\/revisions\/217269"}],"wp:featuredmedia":[{"embeddable":true,"href":"https:\/\/www.tele-radio.com\/pt-br\/wp-json\/wp\/v2\/media\/24513"}],"wp:attachment":[{"href":"https:\/\/www.tele-radio.com\/pt-br\/wp-json\/wp\/v2\/media?parent=24510"}],"curies":[{"name":"wp","href":"https:\/\/api.w.org\/{rel}","templated":true}]}}