{"id":24494,"date":"2018-05-14T09:08:21","date_gmt":"2018-05-14T09:08:21","guid":{"rendered":"https:\/\/www.tele-radio.com\/euro-prima-doo\/"},"modified":"2019-09-03T09:47:47","modified_gmt":"2019-09-03T09:47:47","slug":"euro-prima-doo","status":"publish","type":"page","link":"https:\/\/www.tele-radio.com\/pt-br\/euro-prima-doo\/","title":{"rendered":"Euro Prima doo"},"content":{"rendered":"<h2>Especialista em cultivo de ervas<\/h2>\n<p>A empresa Euro Prima \u00e9 um fornecedor s\u00e9rvio de colheitadeiras, especializada na colheita de plantas medicinais e ervas como alecrim, hortel\u00e3, capim-lim\u00e3o, salsa e muitos outros. A empresa est\u00e1 sediada em Novi Sad, na S\u00e9rvia, com clientes em 50 pa\u00edses em todo o mundo.<\/p>\n<h2>Mais conveniente com Tele Radio<\/h2>\n<p>A foto acima \u00e9 de uma Colheitadeira &#8211; Cortadora NB 2005 V que, como o pr\u00f3prio nome implica \u00e9 uma colheitadeira feita para camomila, hortel\u00e3 e outras ervas. Ela viaja sobre as plantas, suspensa no ar por um trator, separando as flores do talo e deixando a maior parte da planta intacta.<\/p>\n<p>A empresa e seus clientes experimentaram problemas e inconvenientes fazendo ajustes \u00e0 opera\u00e7\u00e3o com os controles fixos por cabos, utilizando um sistema de controle remoto da Tele Radio o operador pode <strong>facilmente controlar a colheitadeira<\/strong>, ao n\u00e3o ter que deixar a cabina climatizada do trator enquanto trabalha nos campos agr\u00edcolas em dias quentes.<\/p>\n<p>Para esta aplica\u00e7\u00e3o em particular o cliente adquiriu os sistemas Panther que consistem em um transmissor PN-T19-2 e em um receptor PN-R8-3. Esta solu\u00e7\u00e3o fornece o uso de grupos de rel\u00e9s intertravados que desliga uma fun\u00e7\u00e3o ao come\u00e7ar outra. Esta solu\u00e7\u00e3o deixou o cliente feliz e provou-se ser muito f\u00e1cil de instalar.<\/p>\n","protected":false},"excerpt":{"rendered":"<p>Especialista em cultivo de ervas A empresa Euro Prima \u00e9 um fornecedor s\u00e9rvio de colheitadeiras, especializada na colheita de plantas medicinais e ervas como alecrim, hortel\u00e3, capim-lim\u00e3o, salsa e muitos outros. A empresa est\u00e1 sediada em Novi Sad, na S\u00e9rvia, com clientes em 50 pa\u00edses em todo o mundo. Mais conveniente com Tele Radio A [&hellip;]<\/p>\n","protected":false},"author":29,"featured_media":24497,"parent":0,"menu_order":0,"comment_status":"closed","ping_status":"closed","template":"","meta":{"_acf_changed":false,"footnotes":""},"class_list":["post-24494","page","type-page","status-publish","has-post-thumbnail","hentry"],"acf":[],"_links":{"self":[{"href":"https:\/\/www.tele-radio.com\/pt-br\/wp-json\/wp\/v2\/pages\/24494","targetHints":{"allow":["GET"]}}],"collection":[{"href":"https:\/\/www.tele-radio.com\/pt-br\/wp-json\/wp\/v2\/pages"}],"about":[{"href":"https:\/\/www.tele-radio.com\/pt-br\/wp-json\/wp\/v2\/types\/page"}],"author":[{"embeddable":true,"href":"https:\/\/www.tele-radio.com\/pt-br\/wp-json\/wp\/v2\/users\/29"}],"replies":[{"embeddable":true,"href":"https:\/\/www.tele-radio.com\/pt-br\/wp-json\/wp\/v2\/comments?post=24494"}],"version-history":[{"count":3,"href":"https:\/\/www.tele-radio.com\/pt-br\/wp-json\/wp\/v2\/pages\/24494\/revisions"}],"predecessor-version":[{"id":25516,"href":"https:\/\/www.tele-radio.com\/pt-br\/wp-json\/wp\/v2\/pages\/24494\/revisions\/25516"}],"wp:featuredmedia":[{"embeddable":true,"href":"https:\/\/www.tele-radio.com\/pt-br\/wp-json\/wp\/v2\/media\/24497"}],"wp:attachment":[{"href":"https:\/\/www.tele-radio.com\/pt-br\/wp-json\/wp\/v2\/media?parent=24494"}],"curies":[{"name":"wp","href":"https:\/\/api.w.org\/{rel}","templated":true}]}}