{"id":24438,"date":"2018-05-14T06:20:21","date_gmt":"2018-05-14T06:20:21","guid":{"rendered":"https:\/\/www.tele-radio.com\/easy-silage\/"},"modified":"2019-08-08T09:29:07","modified_gmt":"2019-08-08T09:29:07","slug":"easy-silage","status":"publish","type":"page","link":"https:\/\/www.tele-radio.com\/pt-br\/easy-silage\/","title":{"rendered":"Easy Silage BV"},"content":{"rendered":"<p><a href=\"https:\/\/www.easysilage.nl\/en\/home-english\/\">Easy Silage BV<\/a> \u00e9 especializada em cobertura de silos trincheira. A empresa est\u00e1 localizada em Dearsum, no centro da prov\u00edncia de Friesland, conhecida como a prov\u00edncia de latic\u00ednios da Holanda.<\/p>\n<h2>Feito sob medida \u2013 um controle remoto para silos<\/h2>\n<p>Os sistemas de cobertura da Easy Silage s\u00e3o apropriados para silos trincheira de at\u00e9 <strong>100 metros de comprimento e 25 metros de largura<\/strong>. A opera\u00e7\u00e3o \u00e9 <strong>controlada remotamente <\/strong>por um <a href=\"https:\/\/www.tele-radio.com\/pt-br\/products\/panther\/\">sistema de controlo remoto Panther<\/a> da Tele Radio. Como todas as fazendas s\u00e3o exclusivas na forma como operam, os sistemas de cobertura s\u00e3o feitos para atender especifica\u00e7\u00f5es personalizadas. Basicamente, existem tr\u00eas componentes nesta aplica\u00e7\u00e3o; o sistema de trilhos, o sistema de guincho e o sistema de portal.<\/p>\n<h2>Sistema flex\u00edvel<\/h2>\n<p>Os sistemas do trilho e do guincho cabem em qualquer silo existente. A m\u00e1quina com o mecanismo de rolamento corre ao longo do canal. A unidade receptora \u00e9 montada na parede do silo, usando suportes especiais. O sistema do guincho pode ser usado para v\u00e1rios silos, devido a um ponto de contato especialmente projetado. Usando um trator ou um carregador telesc\u00f3pico, o operador pode facilmente mover a m\u00e1quina de cobertura de um silo para outro.<\/p>\n<h2>Substituindo um painel de controle fixo<\/h2>\n<p>O cliente <strong>mudou de controles fixos para controles remotos<\/strong> porque isto oferece ao operador uma melhor vis\u00e3o da opera\u00e7\u00e3o, da forma original a vis\u00e3o era parcialmente prejudicada devido a posi\u00e7\u00e3o de montagem dos controles fixos originais. Tele Radio BV espera entregar pelo menos 40 sistemas por ano para Easy Silage BV.<\/p>\n","protected":false},"excerpt":{"rendered":"<p>Easy Silage BV \u00e9 especializada em cobertura de silos trincheira. A empresa est\u00e1 localizada em Dearsum, no centro da prov\u00edncia de Friesland, conhecida como a prov\u00edncia de latic\u00ednios da Holanda. Feito sob medida \u2013 um controle remoto para silos Os sistemas de cobertura da Easy Silage s\u00e3o apropriados para silos trincheira de at\u00e9 100 metros [&hellip;]<\/p>\n","protected":false},"author":29,"featured_media":24441,"parent":0,"menu_order":0,"comment_status":"closed","ping_status":"closed","template":"","meta":{"_acf_changed":false,"footnotes":""},"class_list":["post-24438","page","type-page","status-publish","has-post-thumbnail","hentry"],"acf":[],"_links":{"self":[{"href":"https:\/\/www.tele-radio.com\/pt-br\/wp-json\/wp\/v2\/pages\/24438","targetHints":{"allow":["GET"]}}],"collection":[{"href":"https:\/\/www.tele-radio.com\/pt-br\/wp-json\/wp\/v2\/pages"}],"about":[{"href":"https:\/\/www.tele-radio.com\/pt-br\/wp-json\/wp\/v2\/types\/page"}],"author":[{"embeddable":true,"href":"https:\/\/www.tele-radio.com\/pt-br\/wp-json\/wp\/v2\/users\/29"}],"replies":[{"embeddable":true,"href":"https:\/\/www.tele-radio.com\/pt-br\/wp-json\/wp\/v2\/comments?post=24438"}],"version-history":[{"count":4,"href":"https:\/\/www.tele-radio.com\/pt-br\/wp-json\/wp\/v2\/pages\/24438\/revisions"}],"predecessor-version":[{"id":24446,"href":"https:\/\/www.tele-radio.com\/pt-br\/wp-json\/wp\/v2\/pages\/24438\/revisions\/24446"}],"wp:featuredmedia":[{"embeddable":true,"href":"https:\/\/www.tele-radio.com\/pt-br\/wp-json\/wp\/v2\/media\/24441"}],"wp:attachment":[{"href":"https:\/\/www.tele-radio.com\/pt-br\/wp-json\/wp\/v2\/media?parent=24438"}],"curies":[{"name":"wp","href":"https:\/\/api.w.org\/{rel}","templated":true}]}}