{"id":24426,"date":"2019-08-08T09:17:06","date_gmt":"2019-08-08T09:17:06","guid":{"rendered":"https:\/\/www.tele-radio.com\/?page_id=24426"},"modified":"2019-08-08T09:17:06","modified_gmt":"2019-08-08T09:17:06","slug":"produtos-personalizados","status":"publish","type":"page","link":"https:\/\/www.tele-radio.com\/pt-br\/produtos-personalizados\/","title":{"rendered":"Produtos Personalizados"},"content":{"rendered":"<h1>Produtos Personalizados<\/h1>\n<p>Na Tele Radio acreditamos que, a fim de satisfazer o cliente, muitas vezes \u00e9 <strong>necess\u00e1rio adaptar o produto ao cliente<\/strong>, e n\u00e3o o contr\u00e1rio. Para fazer isso, temos uma equipe de suporte t\u00e9cnico que trabalha exclusivamente para criar solu\u00e7\u00f5es personalizadas. Pode ser que o cliente precise de uma solu\u00e7\u00e3o de software e hardware personalizada para controlar sua aplica\u00e7\u00e3o de forma \u00fanica.<\/p>\n<p>N\u00f3s tamb\u00e9m muitas vezes fornecemos <strong>etiquetas e placas personalizadas <\/strong>para que o design dos controles esteja de acordo com a sua pr\u00f3pria <strong>imagem de marca corporativa<\/strong>. N\u00e3o importa o que voc\u00ea precisa, n\u00f3s tentaremos o nosso melhor para encontrarmos uma solu\u00e7\u00e3o que tenha um \u00f3timo custo benef\u00edcio e resolva seus problemas.<\/p>\n<p><img loading=\"lazy\" decoding=\"async\" class=\"aligncenter size-full wp-image-6294\" src=\"https:\/\/www.tele-radio.com\/app\/uploads\/customer-foil.jpg\" alt=\"Customer using Tele Radio remote with custom foil\" width=\"1200\" height=\"495\" srcset=\"https:\/\/www.tele-radio.com\/app\/uploads\/customer-foil.jpg 1200w, https:\/\/www.tele-radio.com\/app\/uploads\/customer-foil-400x165.jpg 400w, https:\/\/www.tele-radio.com\/app\/uploads\/customer-foil-768x317.jpg 768w, https:\/\/www.tele-radio.com\/app\/uploads\/customer-foil-750x309.jpg 750w, https:\/\/www.tele-radio.com\/app\/uploads\/customer-foil-500x206.jpg 500w, https:\/\/www.tele-radio.com\/app\/uploads\/customer-foil-800x330.jpg 800w\" sizes=\"auto, (max-width: 1200px) 100vw, 1200px\" \/><\/p>\n<h2>Software ou hardware?<\/h2>\n<p>A complexidade do projeto pode variar. Os projetos mais simples e r\u00e1pidos s\u00e3o geralmente relacionados a software. Da concep\u00e7\u00e3o do cliente ao software terminado \u00e9 apenas uma quest\u00e3o de dias. Cerca de 90% dos projetos de personaliza\u00e7\u00e3o s\u00e3o puramente altera\u00e7\u00f5es de software. Tamb\u00e9m fornecemos solu\u00e7\u00f5es para personaliza\u00e7\u00f5es mais complexas, esses projetos geralmente abordam a mudan\u00e7a de software e hardware e fornecem ao cliente uma solu\u00e7\u00e3o \u00fanica. Os projetos s\u00e3o tratados da mesma maneira, mas com algumas rodadas de valida\u00e7\u00e3o adicionais para garantir que tudo funcione t\u00e3o perfeito quanto o cliente espera. Realizamos centenas de projetos de personaliza\u00e7\u00e3o a cada ano.<\/p>\n<p><img loading=\"lazy\" decoding=\"async\" class=\"aligncenter size-full wp-image-6293\" src=\"https:\/\/www.tele-radio.com\/app\/uploads\/custom_remotes_from_Tele_Radio.jpg\" alt=\"Custom remote control being milled | Tele Radio\" width=\"1200\" height=\"499\" srcset=\"https:\/\/www.tele-radio.com\/app\/uploads\/custom_remotes_from_Tele_Radio.jpg 1200w, https:\/\/www.tele-radio.com\/app\/uploads\/custom_remotes_from_Tele_Radio-400x166.jpg 400w, https:\/\/www.tele-radio.com\/app\/uploads\/custom_remotes_from_Tele_Radio-768x319.jpg 768w, https:\/\/www.tele-radio.com\/app\/uploads\/custom_remotes_from_Tele_Radio-750x312.jpg 750w, https:\/\/www.tele-radio.com\/app\/uploads\/custom_remotes_from_Tele_Radio-500x208.jpg 500w, https:\/\/www.tele-radio.com\/app\/uploads\/custom_remotes_from_Tele_Radio-800x333.jpg 800w\" sizes=\"auto, (max-width: 1200px) 100vw, 1200px\" \/><\/p>\n<h2>Voc\u00ea \u00e9 \u00fanico!<\/h2>\n<p>Sabemos que as aplica\u00e7\u00f5es dos nossos clientes s\u00e3o muitas vezes \u00fanicas e acreditamos que n\u00e3o exista um produto padr\u00e3o que atenda \u00e0s necessidades de todos. N\u00f3s gostamos de interagir com nossos clientes e construir uma rela\u00e7\u00e3o de trabalho. Na Tele Radio acreditamos que esta \u00e9 uma abordagem mutuamente ben\u00e9fica. Ela tamb\u00e9m nos aproxima mais do cliente e nos permite compreend\u00ea-los melhor e assim desenvolver melhores produtos. \u00c9 uma vit\u00f3ria para todos.<\/p>\n","protected":false},"excerpt":{"rendered":"<p>Produtos Personalizados Na Tele Radio acreditamos que, a fim de satisfazer o cliente, muitas vezes \u00e9 necess\u00e1rio adaptar o produto ao cliente, e n\u00e3o o contr\u00e1rio. Para fazer isso, temos uma equipe de suporte t\u00e9cnico que trabalha exclusivamente para criar solu\u00e7\u00f5es personalizadas. Pode ser que o cliente precise de uma solu\u00e7\u00e3o de software e hardware [&hellip;]<\/p>\n","protected":false},"author":51,"featured_media":24429,"parent":0,"menu_order":0,"comment_status":"closed","ping_status":"closed","template":"","meta":{"_acf_changed":false,"footnotes":""},"class_list":["post-24426","page","type-page","status-publish","has-post-thumbnail","hentry"],"acf":[],"_links":{"self":[{"href":"https:\/\/www.tele-radio.com\/pt-br\/wp-json\/wp\/v2\/pages\/24426","targetHints":{"allow":["GET"]}}],"collection":[{"href":"https:\/\/www.tele-radio.com\/pt-br\/wp-json\/wp\/v2\/pages"}],"about":[{"href":"https:\/\/www.tele-radio.com\/pt-br\/wp-json\/wp\/v2\/types\/page"}],"author":[{"embeddable":true,"href":"https:\/\/www.tele-radio.com\/pt-br\/wp-json\/wp\/v2\/users\/51"}],"replies":[{"embeddable":true,"href":"https:\/\/www.tele-radio.com\/pt-br\/wp-json\/wp\/v2\/comments?post=24426"}],"version-history":[{"count":2,"href":"https:\/\/www.tele-radio.com\/pt-br\/wp-json\/wp\/v2\/pages\/24426\/revisions"}],"predecessor-version":[{"id":24435,"href":"https:\/\/www.tele-radio.com\/pt-br\/wp-json\/wp\/v2\/pages\/24426\/revisions\/24435"}],"wp:featuredmedia":[{"embeddable":true,"href":"https:\/\/www.tele-radio.com\/pt-br\/wp-json\/wp\/v2\/media\/24429"}],"wp:attachment":[{"href":"https:\/\/www.tele-radio.com\/pt-br\/wp-json\/wp\/v2\/media?parent=24426"}],"curies":[{"name":"wp","href":"https:\/\/api.w.org\/{rel}","templated":true}]}}