{"id":241181,"date":"2025-01-13T14:28:58","date_gmt":"2025-01-13T14:28:58","guid":{"rendered":"https:\/\/www.tele-radio.com\/?page_id=241181"},"modified":"2025-01-13T14:29:07","modified_gmt":"2025-01-13T14:29:07","slug":"controle-remoto-para-logistica","status":"publish","type":"page","link":"https:\/\/www.tele-radio.com\/pt-br\/controle-remoto-para-logistica\/","title":{"rendered":"CONTROLE REMOTO PARA LOG\u00cdSTICA E ARMAZENAGEM"},"content":{"rendered":"\n<div style=\"height:31px\" aria-hidden=\"true\" class=\"wp-block-spacer\"><\/div>\n\n\n\n<h1 class=\"wp-block-heading has-text-align-center\"><\/h1>\n\n\n\n<div style=\"height:26px\" aria-hidden=\"true\" class=\"wp-block-spacer\"><\/div>\n\n\n\n<div class=\"wp-block-columns is-layout-flex wp-container-core-columns-is-layout-9d6595d7 wp-block-columns-is-layout-flex\">\n<div class=\"wp-block-column is-layout-flow wp-block-column-is-layout-flow\">\n<h2 class=\"wp-block-heading\">A Tele Radio oferece solu\u00e7\u00f5es sem fio para muitas aplica\u00e7\u00f5es log\u00edsticas.\u00a0<\/h2>\n\n\n\n<p>Um controle remoto n\u00e3o s\u00f3 aumenta significativamente a efici\u00eancia no trabalho, mas tamb\u00e9m cria um ambiente de trabalho seguro para os operadores, reduzindo os riscos.&nbsp;<\/p>\n\n\n\n<p>Temos solu\u00e7\u00f5es para sistemas de armazenamento, esteiras transportadoras, empilhadeiras e muito mais. Com nossos sistemas de controle remoto, todo tipo de aplica\u00e7\u00e3o log\u00edstica pode ser controlada \u00e0 dist\u00e2ncia com facilidade, melhorando a vis\u00e3o do operador a uma dist\u00e2ncia segura.&nbsp;<\/p>\n\n\n\n<p>Oferecemos controles remotos com fun\u00e7\u00e3o de parada de seguran\u00e7a certificada que atendem aos padr\u00f5es de seguran\u00e7a PLe\/CAT3 e SIL3, essenciais em termos de seguran\u00e7a. Se houver uma mensagem de erro ou o transmissor estiver fora de alcance, a parada de seguran\u00e7a ser\u00e1 ativada automaticamente. O sensor de queda desativa automaticamente o controle em caso de movimento brusco inesperado, prevenindo o acionamento acidental de fun\u00e7\u00f5es. Isso garante seguran\u00e7a e \u00e9 indispens\u00e1vel para muitas aplica\u00e7\u00f5es log\u00edsticas.&nbsp; \u00a0<\/p>\n<\/div>\n\n\n\n<div class=\"wp-block-column is-layout-flow wp-block-column-is-layout-flow\" style=\"flex-basis:100px\"><\/div>\n\n\n\n<div class=\"wp-block-column is-layout-flow wp-block-column-is-layout-flow\">\n<div style=\"height:31px\" aria-hidden=\"true\" class=\"wp-block-spacer\"><\/div>\n\n\n\n<div class=\"wp-block-cover\" style=\"min-height:368px;aspect-ratio:unset;\"><span aria-hidden=\"true\" class=\"wp-block-cover__background has-black-background-color has-background-dim-20 has-background-dim\"><\/span><img loading=\"lazy\" decoding=\"async\" width=\"2400\" height=\"1602\" class=\"wp-block-cover__image-background wp-image-119703\" alt=\"controle remoto para log\u00edstica\" src=\"https:\/\/www.tele-radio.com\/app\/uploads\/FM_MI_PN_0051.jpg\" style=\"object-position:71% 53%\" data-object-fit=\"cover\" data-object-position=\"71% 53%\" srcset=\"https:\/\/www.tele-radio.com\/app\/uploads\/FM_MI_PN_0051.jpg 2400w, https:\/\/www.tele-radio.com\/app\/uploads\/FM_MI_PN_0051-400x267.jpg 400w, https:\/\/www.tele-radio.com\/app\/uploads\/FM_MI_PN_0051-1200x801.jpg 1200w, https:\/\/www.tele-radio.com\/app\/uploads\/FM_MI_PN_0051-768x513.jpg 768w, https:\/\/www.tele-radio.com\/app\/uploads\/FM_MI_PN_0051-1536x1025.jpg 1536w, https:\/\/www.tele-radio.com\/app\/uploads\/FM_MI_PN_0051-2048x1367.jpg 2048w, https:\/\/www.tele-radio.com\/app\/uploads\/FM_MI_PN_0051-750x501.jpg 750w, https:\/\/www.tele-radio.com\/app\/uploads\/FM_MI_PN_0051-500x334.jpg 500w, https:\/\/www.tele-radio.com\/app\/uploads\/FM_MI_PN_0051-1600x1068.jpg 1600w, https:\/\/www.tele-radio.com\/app\/uploads\/FM_MI_PN_0051-800x534.jpg 800w\" sizes=\"auto, (max-width: 2400px) 100vw, 2400px\" \/><div class=\"wp-block-cover__inner-container is-layout-flow wp-block-cover-is-layout-flow\">\n<p class=\"has-text-align-center has-large-font-size\"><\/p>\n<\/div><\/div>\n<\/div>\n<\/div>\n\n\n\n<div style=\"height:0px\" aria-hidden=\"true\" class=\"wp-block-spacer\"><\/div>\n\n\n\n\n\n<h3 class=\"wp-block-heading\"><strong>Sistema \u00e0 prova de falhas<\/strong>\u00a0<\/h3>\n\n\n\n<p>Os rel\u00e9s s\u00e3o desativados automaticamente por seguran\u00e7a quando o equipamento est\u00e1 fora de alcance, sem bateria ou avariado. Nossos sistemas possuem n\u00edveis de seguran\u00e7a certificados de forma independente.\u00a0<\/p>\n\n\n\n<h3 class=\"wp-block-heading\"><strong>Prote\u00e7\u00e3o contra poeira e \u00e1gua<\/strong>\u00a0<\/h3>\n\n\n\n<p>Nossos transmissores s\u00e3o extremamente robustos. Alguns possuem certifica\u00e7\u00e3o IP65, e a maioria tem IP67.\u00a0<\/p>\n\n\n\n<h3 class=\"wp-block-heading\"><strong>Servi\u00e7o excelente<\/strong><\/h3>\n\n\n\n<p>Clientes ao redor do mundo confiam em nossa marca. Oferecemos um excelente servi\u00e7o e solu\u00e7\u00f5es sob medida.\u00a0<\/p>\n\n\n\n<h2 class=\"wp-block-heading has-text-align-center\">APLICA\u00c7\u00d5ES &#8211; Controle remoto para log\u00edstica<\/h2>\n\n\n\n<p class=\"has-text-align-center\">Para ilustrar as possibilidades de controle remoto para log\u00edstica, aqui est\u00e3o alguns exemplos de aplica\u00e7\u00f5es e seus produtos t\u00edpicos:<\/p>\n\n\n\n<div class=\"wp-block-columns is-layout-flex wp-container-core-columns-is-layout-9d6595d7 wp-block-columns-is-layout-flex\">\n<div class=\"wp-block-column is-layout-flow wp-block-column-is-layout-flow\">\n<div class=\"wp-block-cover is-light\"><span aria-hidden=\"true\" class=\"wp-block-cover__background has-white-background-color has-background-dim-100 has-background-dim\"><\/span><div class=\"wp-block-cover__inner-container is-layout-flow wp-block-cover-is-layout-flow\"><div class=\"wp-block-image is-resized is-style-default\">\n<figure class=\"aligncenter size-full\"><img loading=\"lazy\" decoding=\"async\" width=\"128\" height=\"128\" src=\"https:\/\/www.tele-radio.com\/app\/uploads\/conveyor.png\" alt=\"\" class=\"wp-image-117887\"\/><\/figure><\/div>\n\n\n<p class=\"has-text-align-center has-black-color has-text-color\"><strong>Esteiras transportadoras<\/strong><\/p>\n\n\n\n<p class=\"has-text-align-center has-black-color has-text-color\">As esteiras transportadoras s\u00e3o utilizadas para mover produtos ou materiais de constru\u00e7\u00e3o, seja em um armaz\u00e9m, em uma mina ou acopladas a um ve\u00edculo. Essas esteiras podem ser controladas remotamente para manter uma dist\u00e2ncia segura ou melhorar a vis\u00e3o do operador, reduzindo o risco de trope\u00e7ar em cabos.<\/p>\n<\/div><\/div>\n<\/div>\n\n\n\n<div class=\"wp-block-column is-vertically-aligned-top is-layout-flow wp-block-column-is-layout-flow\">\n<div class=\"wp-block-cover is-light\"><span aria-hidden=\"true\" class=\"wp-block-cover__background has-white-background-color has-background-dim-100 has-background-dim\"><\/span><div class=\"wp-block-cover__inner-container is-layout-flow wp-block-cover-is-layout-flow\"><div class=\"wp-block-image is-style-default\">\n<figure class=\"aligncenter size-full\"><img loading=\"lazy\" decoding=\"async\" width=\"64\" height=\"64\" src=\"https:\/\/www.tele-radio.com\/app\/uploads\/pallet.png\" alt=\"pallet\" class=\"wp-image-119537\"\/><\/figure><\/div>\n\n\n<p class=\"has-text-align-center has-black-color has-text-color\"><strong>Sistemas Pallet Shuttle\u00a0<\/strong><\/p>\n\n\n\n<p class=\"has-text-align-center has-black-color has-text-color\">Em armaz\u00e9ns, o pallet shuttle aumenta sistematicamente a capacidade de armazenamento e a efici\u00eancia do trabalho. Esse sistema el\u00e9trico torna o carregamento e descarregamento de paletes mais r\u00e1pido e seguro, sendo frequentemente controlado por controle remoto.\u00a0<\/p>\n<\/div><\/div>\n<\/div>\n\n\n\n<div class=\"wp-block-column is-vertically-aligned-top is-layout-flow wp-block-column-is-layout-flow\">\n<div style=\"height:65px\" aria-hidden=\"true\" class=\"wp-block-spacer\"><\/div>\n\n\n<div class=\"wp-block-image is-style-default\">\n<figure class=\"aligncenter size-full\"><img loading=\"lazy\" decoding=\"async\" width=\"64\" height=\"64\" src=\"https:\/\/www.tele-radio.com\/app\/uploads\/forklift.png\" alt=\"Empilhadeiras\" class=\"wp-image-119561\"\/><\/figure><\/div>\n\n\n<p class=\"has-text-align-center\"><strong>Empilhadeiras<\/strong><\/p>\n\n\n\n<p class=\"has-text-align-center\">Uma empilhadeira, \u00e9 um ve\u00edculo motorizado el\u00e9trico ou a combust\u00e3o, utilizado principalmente para o transporte de mercadorias em paletes, por exemplo, em armaz\u00e9ns. Para o uso em armaz\u00e9ns, empilhadeiras controladas remotamente s\u00e3o mais adequadas.\u00a0<\/p>\n<\/div>\n\n\n\n<div class=\"wp-block-column is-vertically-aligned-top is-layout-flow wp-block-column-is-layout-flow\">\n<div style=\"height:65px\" aria-hidden=\"true\" class=\"wp-block-spacer\"><\/div>\n\n\n<div class=\"wp-block-image is-style-default\">\n<figure class=\"aligncenter size-full is-resized\"><img loading=\"lazy\" decoding=\"async\" width=\"89\" height=\"83\" src=\"https:\/\/www.tele-radio.com\/app\/uploads\/Recurso-1mando.png\" alt=\"Ve\u00edculos Aut\u00f4nomos\" class=\"wp-image-241182\" style=\"width:69px;height:auto\"\/><\/figure><\/div>\n\n\n<p class=\"has-text-align-center\"><strong>Ve\u00edculos Aut\u00f4nomos<\/strong><\/p>\n\n\n\n<p class=\"has-text-align-center\">Os ve\u00edculos aut\u00f4nomos (AGVs\/AMRs) automatizam tarefas de transporte. O controle remoto da Tele Radio para ve\u00edculos aut\u00f4nomos permite o controle manual com bot\u00e3o de emerg\u00eancia, atendendo aos n\u00edveis de seguran\u00e7a PLd CAT3 e SIL3 PLe. Al\u00e9m disso, quando n\u00e3o houver uma rota programada, o controle remoto poder\u00e1 guiar o ve\u00edculo at\u00e9 um destino espec\u00edfico com as fun\u00e7\u00f5es desejadas.\u00a0<\/p>\n<\/div>\n<\/div>\n\n\n\n<h3 class=\"wp-block-heading has-text-align-center\"><strong>Suas exig\u00eancias de funcionalidade e seguran\u00e7a<\/strong><\/h3>\n\n\n\n<p>Na Tele Radio, ajudamos voc\u00ea a escolher o melhor transmissor para sua aplica\u00e7\u00e3o. Disponibilizamos diferentes transmissores com caracter\u00edsticas espec\u00edficas, e as tr\u00eas considera\u00e7\u00f5es a seguir s\u00e3o fundamentais:<\/p>\n\n\n\n<div class=\"wp-block-media-text alignwide is-stacked-on-mobile is-vertically-aligned-center\" style=\"grid-template-columns:15% auto\"><figure class=\"wp-block-media-text__media\"><img loading=\"lazy\" decoding=\"async\" width=\"404\" height=\"404\" src=\"https:\/\/www.tele-radio.com\/app\/uploads\/Safety_level_2.png\" alt=\"\" class=\"wp-image-68198 size-full\" srcset=\"https:\/\/www.tele-radio.com\/app\/uploads\/Safety_level_2.png 404w, https:\/\/www.tele-radio.com\/app\/uploads\/Safety_level_2-400x400.png 400w, https:\/\/www.tele-radio.com\/app\/uploads\/Safety_level_2-150x150.png 150w, https:\/\/www.tele-radio.com\/app\/uploads\/Safety_level_2-250x250.png 250w\" sizes=\"auto, (max-width: 404px) 100vw, 404px\" \/><\/figure><div class=\"wp-block-media-text__content\">\n<p><strong><strong>N\u00edvel de seguran\u00e7a<\/strong><\/strong><\/p>\n\n\n\n<p>Nossos transmissores possuem diversas certifica\u00e7\u00f5es de seguran\u00e7a independentes. Isso garante que as fun\u00e7\u00f5es de seguran\u00e7a, como os bot\u00f5es de parada, foram testados por uma entidade externa. Se voc\u00ea precisa minimizar o risco de acidentes, recomendamos um sistema com certifica\u00e7\u00e3o de seguran\u00e7a independente.<\/p>\n<\/div><\/div>\n\n\n\n<div class=\"wp-block-media-text alignwide is-stacked-on-mobile is-vertically-aligned-center\" style=\"grid-template-columns:15% auto\"><figure class=\"wp-block-media-text__media\"><img loading=\"lazy\" decoding=\"async\" width=\"404\" height=\"404\" src=\"https:\/\/www.tele-radio.com\/app\/uploads\/Control_element_2.png\" alt=\"\" class=\"wp-image-68176 size-full\" srcset=\"https:\/\/www.tele-radio.com\/app\/uploads\/Control_element_2.png 404w, https:\/\/www.tele-radio.com\/app\/uploads\/Control_element_2-400x400.png 400w, https:\/\/www.tele-radio.com\/app\/uploads\/Control_element_2-150x150.png 150w, https:\/\/www.tele-radio.com\/app\/uploads\/Control_element_2-250x250.png 250w\" sizes=\"auto, (max-width: 404px) 100vw, 404px\" \/><\/figure><div class=\"wp-block-media-text__content\">\n<p><strong><strong>Bot\u00f5es ou joysticks<\/strong><\/strong><\/p>\n\n\n\n<p>Um transmissor com bot\u00f5es pode ser mais pr\u00e1tico, mas n\u00e3o menos preciso. Por exemplo, os bot\u00f5es de press\u00e3o proporcional permitem ajustar a precis\u00e3o da opera\u00e7\u00e3o. Os transmissores com joystick, embora maiores, oferecem mais <a href=\"https:\/\/www.tele-radio.com\/pt-br\/etiquetas-personalizadas\/\">op\u00e7\u00f5es de personaliza\u00e7\u00e3o,<\/a> como interruptores adicionais e alavancas.<\/p>\n<\/div><\/div>\n\n\n\n<div class=\"wp-block-media-text alignwide is-stacked-on-mobile\" style=\"grid-template-columns:15% auto\"><figure class=\"wp-block-media-text__media\"><img loading=\"lazy\" decoding=\"async\" width=\"404\" height=\"404\" src=\"https:\/\/www.tele-radio.com\/app\/uploads\/Feedback_2.png\" alt=\"\" class=\"wp-image-68223 size-full\" srcset=\"https:\/\/www.tele-radio.com\/app\/uploads\/Feedback_2.png 404w, https:\/\/www.tele-radio.com\/app\/uploads\/Feedback_2-400x400.png 400w, https:\/\/www.tele-radio.com\/app\/uploads\/Feedback_2-150x150.png 150w, https:\/\/www.tele-radio.com\/app\/uploads\/Feedback_2-250x250.png 250w\" sizes=\"auto, (max-width: 404px) 100vw, 404px\" \/><\/figure><div class=\"wp-block-media-text__content\">\n<p><strong><strong>Informa\u00e7\u00f5es de feedback<\/strong><\/strong><\/p>\n\n\n\n<p>Alguns transmissores podem receber informa\u00e7\u00f5es diretamente do receptor, exibidas por LEDs ou em uma tela. Isso permite visualizar dados como o peso elevado ao operar um guincho ou sinais de advert\u00eancia, o que \u00e9 especialmente \u00fatil em aplica\u00e7\u00f5es mais complexas.<br>\u200b<\/p>\n\n\n\n<p><\/p>\n<\/div><\/div>\n\n\n\n<div style=\"height:50px\" aria-hidden=\"true\" class=\"wp-block-spacer\"><\/div>\n\n\n<div class=\"wp-block-image is-resized is-style-default\">\n<figure class=\"aligncenter size-large\"><img decoding=\"async\" src=\"https:\/\/www.tele-radio.com\/app\/uploads\/\/Assortiment_2019_zonder_spiegeling_en_schaduw-1200x614.jpg\" alt=\"\"\/><\/figure><\/div>\n\n\n<p><strong>Contact us<\/strong><\/p>\n\n\n\n<div class=\"wp-block-columns is-layout-flex wp-container-core-columns-is-layout-9d6595d7 wp-block-columns-is-layout-flex\">\n<div class=\"wp-block-column is-layout-flow wp-block-column-is-layout-flow\" style=\"flex-basis:66.66%\">\n<div class=\"wp-block-contact-form-7-contact-form-selector\">\n<div class=\"wpcf7 no-js\" id=\"wpcf7-f46900-o1\" lang=\"en-EN\" dir=\"ltr\" data-wpcf7-id=\"46900\">\n<div class=\"screen-reader-response\"><p role=\"status\" aria-live=\"polite\" aria-atomic=\"true\"><\/p> <ul><\/ul><\/div>\n<form action=\"\/pt-br\/wp-json\/wp\/v2\/pages\/241181#wpcf7-f46900-o1\" method=\"post\" class=\"wpcf7-form init\" aria-label=\"Contact form\" novalidate=\"novalidate\" data-status=\"init\">\n<fieldset class=\"hidden-fields-container\"><input type=\"hidden\" name=\"_wpcf7\" value=\"46900\" \/><input type=\"hidden\" name=\"_wpcf7_version\" value=\"6.1\" \/><input type=\"hidden\" name=\"_wpcf7_locale\" value=\"en_EN\" \/><input type=\"hidden\" name=\"_wpcf7_unit_tag\" value=\"wpcf7-f46900-o1\" \/><input type=\"hidden\" name=\"_wpcf7_container_post\" value=\"0\" \/><input type=\"hidden\" name=\"_wpcf7_posted_data_hash\" value=\"\" \/><input type=\"hidden\" name=\"_wpcf7_recaptcha_response\" value=\"\" \/>\n<\/fieldset>\n<p><label> Nome*<br \/>\n<span class=\"wpcf7-form-control-wrap\" data-name=\"nombre\"><input size=\"40\" maxlength=\"400\" class=\"wpcf7-form-control wpcf7-text wpcf7-validates-as-required\" aria-required=\"true\" aria-invalid=\"false\" placeholder=\"Seu nome\" value=\"\" type=\"text\" name=\"nombre\" \/><\/span> <\/label>\n<\/p>\n<p><label> Email*<br \/>\n<span class=\"wpcf7-form-control-wrap\" data-name=\"tu-email\"><input size=\"40\" maxlength=\"400\" class=\"wpcf7-form-control wpcf7-email wpcf7-validates-as-required wpcf7-text wpcf7-validates-as-email\" aria-required=\"true\" aria-invalid=\"false\" placeholder=\"Seu email\" value=\"\" type=\"email\" name=\"tu-email\" \/><\/span> <\/label>\n<\/p>\n<p><label> Tel\u00e9fono*<br \/>\n<span class=\"wpcf7-form-control-wrap\" data-name=\"tu-tfno\"><input size=\"40\" maxlength=\"400\" class=\"wpcf7-form-control wpcf7-tel wpcf7-validates-as-required wpcf7-text wpcf7-validates-as-tel\" aria-required=\"true\" aria-invalid=\"false\" placeholder=\"telefone de contato\" value=\"\" type=\"tel\" name=\"tu-tfno\" \/><\/span> <\/label>\n<\/p>\n<p><label> Sua mensagem*<br \/>\n<span class=\"wpcf7-form-control-wrap\" data-name=\"your-message\"><textarea cols=\"40\" rows=\"10\" maxlength=\"2000\" class=\"wpcf7-form-control wpcf7-textarea wpcf7-validates-as-required\" aria-required=\"true\" aria-invalid=\"false\" placeholder=\"Escreva aqui em qual transmissor, equipamento ou aplica\u00e7\u00e3o voc\u00ea est\u00e1 interessado; ou se voc\u00ea tiver alguma d\u00favida.\" name=\"your-message\"><\/textarea><\/span> <\/label>\n<\/p>\n<p><input class=\"wpcf7-form-control wpcf7-submit has-spinner\" type=\"submit\" value=\"Enviar\" \/>\n<\/p><div class=\"wpcf7-response-output\" aria-hidden=\"true\"><\/div>\n<\/form>\n<\/div>\n\r\n\t\t\t\t<script>\r\n\t\t\t\tif ( typeof huOptions !== 'undefined' ) {\r\n\t\t\t\t\tvar huFormData = {\"source\":\"contactform7\",\"id\":46900,\"title\":\"TRBRA-form\",\"fields\":{\"subject\":{\"first_name\":\"your-name\",\"email\":\"your-email\"},\"preferences\":{\"terms\":\"your-consent\"}}};\r\n\t\t\t\t\tvar huFormNode = document.querySelector( '[id^=\"wpcf7-f46900-\"] form' );\r\n\r\n\t\t\t\t\thuFormData['node'] = huFormNode;\r\n\t\t\t\t\thuOptions['forms'].push( huFormData );\r\n\t\t\t\t}\r\n\t\t\t\t<\/script><\/div>\n<\/div>\n\n\n\n<div class=\"wp-block-column is-layout-flow wp-block-column-is-layout-flow\" style=\"flex-basis:33.33%\"><\/div>\n<\/div>\n","protected":false},"excerpt":{"rendered":"<p>A Tele Radio oferece solu\u00e7\u00f5es sem fio para muitas aplica\u00e7\u00f5es log\u00edsticas.\u00a0 Um controle remoto n\u00e3o s\u00f3 aumenta significativamente a efici\u00eancia no trabalho, mas tamb\u00e9m cria um ambiente de trabalho seguro para os operadores, reduzindo os riscos.&nbsp; Temos solu\u00e7\u00f5es para sistemas de armazenamento, esteiras transportadoras, empilhadeiras e muito mais. Com nossos sistemas de controle remoto, todo [&hellip;]<\/p>\n","protected":false},"author":54,"featured_media":0,"parent":0,"menu_order":0,"comment_status":"closed","ping_status":"closed","template":"","meta":{"_acf_changed":false,"footnotes":""},"class_list":["post-241181","page","type-page","status-publish","hentry"],"acf":[],"_links":{"self":[{"href":"https:\/\/www.tele-radio.com\/pt-br\/wp-json\/wp\/v2\/pages\/241181","targetHints":{"allow":["GET"]}}],"collection":[{"href":"https:\/\/www.tele-radio.com\/pt-br\/wp-json\/wp\/v2\/pages"}],"about":[{"href":"https:\/\/www.tele-radio.com\/pt-br\/wp-json\/wp\/v2\/types\/page"}],"author":[{"embeddable":true,"href":"https:\/\/www.tele-radio.com\/pt-br\/wp-json\/wp\/v2\/users\/54"}],"replies":[{"embeddable":true,"href":"https:\/\/www.tele-radio.com\/pt-br\/wp-json\/wp\/v2\/comments?post=241181"}],"version-history":[{"count":1,"href":"https:\/\/www.tele-radio.com\/pt-br\/wp-json\/wp\/v2\/pages\/241181\/revisions"}],"predecessor-version":[{"id":241213,"href":"https:\/\/www.tele-radio.com\/pt-br\/wp-json\/wp\/v2\/pages\/241181\/revisions\/241213"}],"wp:attachment":[{"href":"https:\/\/www.tele-radio.com\/pt-br\/wp-json\/wp\/v2\/media?parent=241181"}],"curies":[{"name":"wp","href":"https:\/\/api.w.org\/{rel}","templated":true}]}}