{"id":241167,"date":"2025-01-13T13:46:33","date_gmt":"2025-01-13T13:46:33","guid":{"rendered":"https:\/\/www.tele-radio.com\/?page_id=241167"},"modified":"2025-01-13T13:46:49","modified_gmt":"2025-01-13T13:46:49","slug":"controle-remoto-para-mineracao","status":"publish","type":"page","link":"https:\/\/www.tele-radio.com\/pt-br\/controle-remoto-para-mineracao\/","title":{"rendered":"Controle remoto para minera\u00e7ao"},"content":{"rendered":"\n<div style=\"height:31px\" aria-hidden=\"true\" class=\"wp-block-spacer\"><\/div>\n\n\n\n<h1 class=\"wp-block-heading has-text-align-center\"><strong>CONTROLE REMOTO PARA MINERA\u00c7\u00c3O, DEMOLI\u00c7\u00c3O E RECICLAGEM\u00a0<\/strong><\/h1>\n\n\n\n<div style=\"height:26px\" aria-hidden=\"true\" class=\"wp-block-spacer\"><\/div>\n\n\n\n<div class=\"wp-block-columns is-layout-flex wp-container-core-columns-is-layout-9d6595d7 wp-block-columns-is-layout-flex\">\n<div class=\"wp-block-column is-layout-flow wp-block-column-is-layout-flow\">\n<p>Apesar das circunst\u00e2ncias, voc\u00ea sempre pode contar com um sinal est\u00e1vel entre o transmissor e o receptor.&nbsp;<\/p>\n\n\n\n<p>O mundo da minera\u00e7\u00e3o, demoli\u00e7\u00e3o e reciclagem pode ser desafiador. Processar materiais duros exige m\u00e1quinas poderosas e equipamentos de alta qualidade. Manter seus funcion\u00e1rios seguros \u00e9 vital.&nbsp;<\/p>\n\n\n\n<p>Para a seguran\u00e7a de seus colaboradores, eles precisam confiar que suas ferramentas continuar\u00e3o funcionando em condi\u00e7\u00f5es extremas. \u00c9 por isso que a Tele Radio \u00e9 o parceiro perfeito. Gra\u00e7as aos nossos transmissores, cada m\u00e1quina pode ser operada a uma dist\u00e2ncia segura. Os controles s\u00e3o robustos e resistentes \u00e0 \u00e1gua e \u00e0 poeira. <\/p>\n\n\n\n<p>A instala\u00e7\u00e3o em nossos sistemas de controle remoto \u00e9 simples devido \u00e0 sua flexibilidade. \u00c9 reconfortante saber que nossa rede global de escrit\u00f3rios est\u00e1 pronta para ajudar com aconselhamento, solu\u00e7\u00f5es sob medida, instala\u00e7\u00e3o e acess\u00f3rios ou reparos. Porque o seu trabalho n\u00e3o pode parar!\u00a0<\/p>\n\n\n\n<p>As certifica\u00e7\u00f5es de seguran\u00e7a de nossos transmissores s\u00e3o sempre verificadas de forma independente. Dessa forma, garantimos que a seguran\u00e7a dos seus funcion\u00e1rios est\u00e1 sempre assegurada.&nbsp;<\/p>\n\n\n\n<p><\/p>\n<\/div>\n\n\n\n<div class=\"wp-block-column is-layout-flow wp-block-column-is-layout-flow\" style=\"flex-basis:100px\"><\/div>\n\n\n\n<div class=\"wp-block-column is-layout-flow wp-block-column-is-layout-flow\">\n<div style=\"height:31px\" aria-hidden=\"true\" class=\"wp-block-spacer\"><\/div>\n\n\n\n<div class=\"wp-block-cover is-light\" style=\"min-height:381px;aspect-ratio:unset;\"><span aria-hidden=\"true\" class=\"wp-block-cover__background has-black-background-color has-background-dim-20 has-background-dim\"><\/span><img loading=\"lazy\" decoding=\"async\" width=\"2400\" height=\"1597\" class=\"wp-block-cover__image-background wp-image-119410\" alt=\"\" src=\"https:\/\/www.tele-radio.com\/app\/uploads\/FM_MI_PU_0254.jpg\" style=\"object-position:34% 55%\" data-object-fit=\"cover\" data-object-position=\"34% 55%\" srcset=\"https:\/\/www.tele-radio.com\/app\/uploads\/FM_MI_PU_0254.jpg 2400w, https:\/\/www.tele-radio.com\/app\/uploads\/FM_MI_PU_0254-400x266.jpg 400w, https:\/\/www.tele-radio.com\/app\/uploads\/FM_MI_PU_0254-1200x799.jpg 1200w, https:\/\/www.tele-radio.com\/app\/uploads\/FM_MI_PU_0254-768x511.jpg 768w, https:\/\/www.tele-radio.com\/app\/uploads\/FM_MI_PU_0254-1536x1022.jpg 1536w, https:\/\/www.tele-radio.com\/app\/uploads\/FM_MI_PU_0254-2048x1363.jpg 2048w, https:\/\/www.tele-radio.com\/app\/uploads\/FM_MI_PU_0254-750x499.jpg 750w, https:\/\/www.tele-radio.com\/app\/uploads\/FM_MI_PU_0254-500x333.jpg 500w, https:\/\/www.tele-radio.com\/app\/uploads\/FM_MI_PU_0254-1600x1065.jpg 1600w, https:\/\/www.tele-radio.com\/app\/uploads\/FM_MI_PU_0254-800x532.jpg 800w\" sizes=\"auto, (max-width: 2400px) 100vw, 2400px\" \/><div class=\"wp-block-cover__inner-container is-layout-flow wp-block-cover-is-layout-flow\">\n<p class=\"has-text-align-center has-large-font-size\"><\/p>\n<\/div><\/div>\n<\/div>\n<\/div>\n\n\n\n<p><strong>Sistema \u00e0 prova de falhas<\/strong>&nbsp;<br>Os rel\u00e9s s\u00e3o desativados por seguran\u00e7a quando o equipamento est\u00e1 fora de alcance, sem bateria ou avariado. Nossos sistemas possuem n\u00edveis de seguran\u00e7a certificados de forma independente.&nbsp;<\/p>\n\n\n\n<p><strong>Protegido contra poeira e \u00e1gua<\/strong>&nbsp;<br>Nossos transmissores s\u00e3o extremamente robustos. Alguns t\u00eam certifica\u00e7\u00e3o IP65, e a maioria possui IP67.&nbsp;<\/p>\n\n\n\n<p><strong>Servi\u00e7o excelente<\/strong>&nbsp;<br>Clientes ao redor do mundo confiam em nossa marca. Oferecemos um excelente servi\u00e7o e solu\u00e7\u00f5es sob medida.&nbsp;<\/p>\n\n\n\n\n\n<div style=\"height:100px\" aria-hidden=\"true\" class=\"wp-block-spacer\"><\/div>\n\n\n\n<h2 class=\"wp-block-heading has-text-align-center\"><strong>APLICA\u00c7\u00d5ES<\/strong><\/h2>\n\n\n\n<p class=\"has-text-align-center\"><em>Para ilustrar as possibilidades, aqui est\u00e3o alguns exemplos de aplica\u00e7\u00f5es e seus produtos t\u00edpicos:<\/em><\/p>\n\n\n\n<div class=\"wp-block-columns is-layout-flex wp-container-core-columns-is-layout-9d6595d7 wp-block-columns-is-layout-flex\">\n<div class=\"wp-block-column is-layout-flow wp-block-column-is-layout-flow\">\n<div class=\"wp-block-cover is-light\"><span aria-hidden=\"true\" class=\"wp-block-cover__background has-white-background-color has-background-dim-100 has-background-dim\"><\/span><div class=\"wp-block-cover__inner-container is-layout-flow wp-block-cover-is-layout-flow\"><div class=\"wp-block-image is-style-default\">\n<figure class=\"aligncenter size-full\"><img loading=\"lazy\" decoding=\"async\" width=\"64\" height=\"64\" src=\"https:\/\/www.tele-radio.com\/app\/uploads\/bulldozer.png\" alt=\"\" class=\"wp-image-119460\"\/><\/figure><\/div>\n\n\n<p class=\"has-text-align-center has-black-color has-text-color\"><strong>Compactadores<\/strong><\/p>\n\n\n\n<p class=\"has-text-align-center has-black-color has-text-color\">Um compactador \u00e9 uma m\u00e1quina ou mecanismo usado para reduzir o tamanho de materiais excedentes ou biomassa por compacta\u00e7\u00e3o, facilitando o transporte e o processo de reciclagem. Pode ser operado por controle remoto para garantir a seguran\u00e7a do operador.\u00a0<\/p>\n<\/div><\/div>\n<\/div>\n\n\n\n<div class=\"wp-block-column is-vertically-aligned-top is-layout-flow wp-block-column-is-layout-flow\">\n<div class=\"wp-block-cover is-light\"><span aria-hidden=\"true\" class=\"wp-block-cover__background has-white-background-color has-background-dim-100 has-background-dim\"><\/span><div class=\"wp-block-cover__inner-container is-layout-flow wp-block-cover-is-layout-flow\"><div class=\"wp-block-image is-style-default\">\n<figure class=\"aligncenter size-full\"><img loading=\"lazy\" decoding=\"async\" width=\"64\" height=\"64\" src=\"https:\/\/www.tele-radio.com\/app\/uploads\/mining.png\" alt=\"\" class=\"wp-image-119436\"\/><\/figure><\/div>\n\n\n<p class=\"has-text-align-center has-black-color has-text-color\"><strong>Esteiras transportadoras de minera\u00e7\u00e3o<\/strong><\/p>\n\n\n\n<p class=\"has-text-align-center has-black-color has-text-color\">Existem muitos tipos de transportadoras: tubulares, subterr\u00e2neas, m\u00f3veis, extens\u00edveis e reloc\u00e1veis. S\u00e3o as art\u00e9rias de uma mina e fundamentais para o movimento de materiais. Se a transportadora parar de funcionar, a mina inteira tamb\u00e9m para. Em ambientes de trabalho como este, um sistema de controle remoto confi\u00e1vel \u00e9 crucial..<\/p>\n<\/div><\/div>\n<\/div>\n\n\n\n<div class=\"wp-block-column is-vertically-aligned-top is-layout-flow wp-block-column-is-layout-flow\">\n<div style=\"height:65px\" aria-hidden=\"true\" class=\"wp-block-spacer\"><\/div>\n\n\n<div class=\"wp-block-image is-resized is-style-default\">\n<figure class=\"aligncenter size-full\"><img loading=\"lazy\" decoding=\"async\" width=\"128\" height=\"128\" src=\"https:\/\/www.tele-radio.com\/app\/uploads\/rocks-1.png\" alt=\"\" class=\"wp-image-117910\"\/><\/figure><\/div>\n\n\n<p class=\"has-text-align-center\"><strong>Britadores de rocha<\/strong><\/p>\n\n\n\n<p class=\"has-text-align-center\">Os britadores e peneiras de rochas s\u00e3o m\u00e1quinas que transformam grandes rochas em fragmentos menores. Idealmente, s\u00e3o controlados remotamente por um operador para fun\u00e7\u00f5es b\u00e1sicas e movimento.\u00a0<\/p>\n<\/div>\n<\/div>\n\n\n\n<div style=\"height:21px\" aria-hidden=\"true\" class=\"wp-block-spacer\"><\/div>\n\n\n\n<h3 class=\"wp-block-heading has-text-align-center\"><strong>Suas exig\u00eancias de funcionalidade e seguran\u00e7a<\/strong><\/h3>\n\n\n\n<p>Os colaboradores da Tele Radio podem ajud\u00e1-lo a escolher o melhor transmissor para sua aplica\u00e7\u00e3o. Oferecemos diferentes transmissores com propriedades espec\u00edficas. As tr\u00eas considera\u00e7\u00f5es a seguir s\u00e3o essenciais na sua escolha:<\/p>\n\n\n\n<div class=\"wp-block-media-text alignwide is-stacked-on-mobile is-vertically-aligned-center\" style=\"grid-template-columns:15% auto\"><figure class=\"wp-block-media-text__media\"><img loading=\"lazy\" decoding=\"async\" width=\"404\" height=\"404\" src=\"https:\/\/www.tele-radio.com\/app\/uploads\/Safety_level_2.png\" alt=\"\" class=\"wp-image-68198 size-full\" srcset=\"https:\/\/www.tele-radio.com\/app\/uploads\/Safety_level_2.png 404w, https:\/\/www.tele-radio.com\/app\/uploads\/Safety_level_2-400x400.png 400w, https:\/\/www.tele-radio.com\/app\/uploads\/Safety_level_2-150x150.png 150w, https:\/\/www.tele-radio.com\/app\/uploads\/Safety_level_2-250x250.png 250w\" sizes=\"auto, (max-width: 404px) 100vw, 404px\" \/><\/figure><div class=\"wp-block-media-text__content\">\n<p><strong><strong>N\u00edvel de seguran\u00e7a<\/strong><\/strong><\/p>\n\n\n\n<p>Nossos transmissores possuem diversas certifica\u00e7\u00f5es de seguran\u00e7a independentes. Isso garante que as fun\u00e7\u00f5es de seguran\u00e7a, como os bot\u00f5es de parada, foram testados por uma entidade externa. Se voc\u00ea precisa minimizar o risco de acidentes, recomendamos um sistema com certifica\u00e7\u00e3o de seguran\u00e7a independente.<\/p>\n<\/div><\/div>\n\n\n\n<div class=\"wp-block-media-text alignwide is-stacked-on-mobile is-vertically-aligned-center\" style=\"grid-template-columns:15% auto\"><figure class=\"wp-block-media-text__media\"><img loading=\"lazy\" decoding=\"async\" width=\"404\" height=\"404\" src=\"https:\/\/www.tele-radio.com\/app\/uploads\/Control_element_2.png\" alt=\"\" class=\"wp-image-68176 size-full\" srcset=\"https:\/\/www.tele-radio.com\/app\/uploads\/Control_element_2.png 404w, https:\/\/www.tele-radio.com\/app\/uploads\/Control_element_2-400x400.png 400w, https:\/\/www.tele-radio.com\/app\/uploads\/Control_element_2-150x150.png 150w, https:\/\/www.tele-radio.com\/app\/uploads\/Control_element_2-250x250.png 250w\" sizes=\"auto, (max-width: 404px) 100vw, 404px\" \/><\/figure><div class=\"wp-block-media-text__content\">\n<p><strong><strong>Bot\u00f5es ou joysticks<\/strong><\/strong><\/p>\n\n\n\n<p>Um transmissor com bot\u00f5es pode ser mais pr\u00e1tico, mas n\u00e3o menos preciso. Por exemplo, os bot\u00f5es de press\u00e3o proporcional permitem ajustar a precis\u00e3o da opera\u00e7\u00e3o. Os transmissores com joystick, embora maiores, oferecem mais <a href=\"https:\/\/www.tele-radio.com\/pt-br\/etiquetas-personalizadas\/\">op\u00e7\u00f5es de personaliza\u00e7\u00e3o,<\/a> como interruptores adicionais e alavancas.<\/p>\n<\/div><\/div>\n\n\n\n<div class=\"wp-block-media-text alignwide is-stacked-on-mobile\" style=\"grid-template-columns:15% auto\"><figure class=\"wp-block-media-text__media\"><img loading=\"lazy\" decoding=\"async\" width=\"404\" height=\"404\" src=\"https:\/\/www.tele-radio.com\/app\/uploads\/Feedback_2.png\" alt=\"\" class=\"wp-image-68223 size-full\" srcset=\"https:\/\/www.tele-radio.com\/app\/uploads\/Feedback_2.png 404w, https:\/\/www.tele-radio.com\/app\/uploads\/Feedback_2-400x400.png 400w, https:\/\/www.tele-radio.com\/app\/uploads\/Feedback_2-150x150.png 150w, https:\/\/www.tele-radio.com\/app\/uploads\/Feedback_2-250x250.png 250w\" sizes=\"auto, (max-width: 404px) 100vw, 404px\" \/><\/figure><div class=\"wp-block-media-text__content\">\n<p><strong><strong>Informa\u00e7\u00f5es de feedback<\/strong><\/strong><\/p>\n\n\n\n<p>Alguns transmissores podem receber informa\u00e7\u00f5es diretamente do receptor, exibidas por LEDs ou em uma tela. Isso permite visualizar dados como o peso elevado ao operar um guincho ou sinais de advert\u00eancia, o que \u00e9 especialmente \u00fatil em aplica\u00e7\u00f5es mais complexas.<br>\u200b<\/p>\n\n\n\n<p><\/p>\n<\/div><\/div>\n\n\n\n<div style=\"height:50px\" aria-hidden=\"true\" class=\"wp-block-spacer\"><\/div>\n\n\n<div class=\"wp-block-image wp-block-image aligncenter size-large is-resized is-style-default\">\n<figure class=\"\"><img decoding=\"async\" src=\"https:\/\/www.tele-radio.com\/app\/uploads\/\/Assortiment_2019_zonder_spiegeling_en_schaduw-1200x614.jpg\" alt=\"\"\/><\/figure><\/div>\n\n\n<p><strong>Contact us<\/strong><\/p>\n\n\n\n<div class=\"wp-block-contact-form-7-contact-form-selector\">\n<div class=\"wpcf7 no-js\" id=\"wpcf7-f46900-o1\" lang=\"en-EN\" dir=\"ltr\" data-wpcf7-id=\"46900\">\n<div class=\"screen-reader-response\"><p role=\"status\" aria-live=\"polite\" aria-atomic=\"true\"><\/p> <ul><\/ul><\/div>\n<form action=\"\/pt-br\/wp-json\/wp\/v2\/pages\/241167#wpcf7-f46900-o1\" method=\"post\" class=\"wpcf7-form init\" aria-label=\"Contact form\" novalidate=\"novalidate\" data-status=\"init\">\n<fieldset class=\"hidden-fields-container\"><input type=\"hidden\" name=\"_wpcf7\" value=\"46900\" \/><input type=\"hidden\" name=\"_wpcf7_version\" value=\"6.1\" \/><input type=\"hidden\" name=\"_wpcf7_locale\" value=\"en_EN\" \/><input type=\"hidden\" name=\"_wpcf7_unit_tag\" value=\"wpcf7-f46900-o1\" \/><input type=\"hidden\" name=\"_wpcf7_container_post\" value=\"0\" \/><input type=\"hidden\" name=\"_wpcf7_posted_data_hash\" value=\"\" \/><input type=\"hidden\" name=\"_wpcf7_recaptcha_response\" value=\"\" \/>\n<\/fieldset>\n<p><label> Nome*<br \/>\n<span class=\"wpcf7-form-control-wrap\" data-name=\"nombre\"><input size=\"40\" maxlength=\"400\" class=\"wpcf7-form-control wpcf7-text wpcf7-validates-as-required\" aria-required=\"true\" aria-invalid=\"false\" placeholder=\"Seu nome\" value=\"\" type=\"text\" name=\"nombre\" \/><\/span> <\/label>\n<\/p>\n<p><label> Email*<br \/>\n<span class=\"wpcf7-form-control-wrap\" data-name=\"tu-email\"><input size=\"40\" maxlength=\"400\" class=\"wpcf7-form-control wpcf7-email wpcf7-validates-as-required wpcf7-text wpcf7-validates-as-email\" aria-required=\"true\" aria-invalid=\"false\" placeholder=\"Seu email\" value=\"\" type=\"email\" name=\"tu-email\" \/><\/span> <\/label>\n<\/p>\n<p><label> Tel\u00e9fono*<br \/>\n<span class=\"wpcf7-form-control-wrap\" data-name=\"tu-tfno\"><input size=\"40\" maxlength=\"400\" class=\"wpcf7-form-control wpcf7-tel wpcf7-validates-as-required wpcf7-text wpcf7-validates-as-tel\" aria-required=\"true\" aria-invalid=\"false\" placeholder=\"telefone de contato\" value=\"\" type=\"tel\" name=\"tu-tfno\" \/><\/span> <\/label>\n<\/p>\n<p><label> Sua mensagem*<br \/>\n<span class=\"wpcf7-form-control-wrap\" data-name=\"your-message\"><textarea cols=\"40\" rows=\"10\" maxlength=\"2000\" class=\"wpcf7-form-control wpcf7-textarea wpcf7-validates-as-required\" aria-required=\"true\" aria-invalid=\"false\" placeholder=\"Escreva aqui em qual transmissor, equipamento ou aplica\u00e7\u00e3o voc\u00ea est\u00e1 interessado; ou se voc\u00ea tiver alguma d\u00favida.\" name=\"your-message\"><\/textarea><\/span> <\/label>\n<\/p>\n<p><input class=\"wpcf7-form-control wpcf7-submit has-spinner\" type=\"submit\" value=\"Enviar\" \/>\n<\/p><div class=\"wpcf7-response-output\" aria-hidden=\"true\"><\/div>\n<\/form>\n<\/div>\n\r\n\t\t\t\t<script>\r\n\t\t\t\tif ( typeof huOptions !== 'undefined' ) {\r\n\t\t\t\t\tvar huFormData = {\"source\":\"contactform7\",\"id\":46900,\"title\":\"TRBRA-form\",\"fields\":{\"subject\":{\"first_name\":\"your-name\",\"email\":\"your-email\"},\"preferences\":{\"terms\":\"your-consent\"}}};\r\n\t\t\t\t\tvar huFormNode = document.querySelector( '[id^=\"wpcf7-f46900-\"] form' );\r\n\r\n\t\t\t\t\thuFormData['node'] = huFormNode;\r\n\t\t\t\t\thuOptions['forms'].push( huFormData );\r\n\t\t\t\t}\r\n\t\t\t\t<\/script><\/div>\n","protected":false},"excerpt":{"rendered":"<p>CONTROLE REMOTO PARA MINERA\u00c7\u00c3O, DEMOLI\u00c7\u00c3O E RECICLAGEM\u00a0 Apesar das circunst\u00e2ncias, voc\u00ea sempre pode contar com um sinal est\u00e1vel entre o transmissor e o receptor.&nbsp; O mundo da minera\u00e7\u00e3o, demoli\u00e7\u00e3o e reciclagem pode ser desafiador. Processar materiais duros exige m\u00e1quinas poderosas e equipamentos de alta qualidade. Manter seus funcion\u00e1rios seguros \u00e9 vital.&nbsp; Para a seguran\u00e7a de [&hellip;]<\/p>\n","protected":false},"author":54,"featured_media":0,"parent":0,"menu_order":0,"comment_status":"closed","ping_status":"closed","template":"","meta":{"_acf_changed":false,"footnotes":""},"class_list":["post-241167","page","type-page","status-publish","hentry"],"acf":[],"_links":{"self":[{"href":"https:\/\/www.tele-radio.com\/pt-br\/wp-json\/wp\/v2\/pages\/241167","targetHints":{"allow":["GET"]}}],"collection":[{"href":"https:\/\/www.tele-radio.com\/pt-br\/wp-json\/wp\/v2\/pages"}],"about":[{"href":"https:\/\/www.tele-radio.com\/pt-br\/wp-json\/wp\/v2\/types\/page"}],"author":[{"embeddable":true,"href":"https:\/\/www.tele-radio.com\/pt-br\/wp-json\/wp\/v2\/users\/54"}],"replies":[{"embeddable":true,"href":"https:\/\/www.tele-radio.com\/pt-br\/wp-json\/wp\/v2\/comments?post=241167"}],"version-history":[{"count":2,"href":"https:\/\/www.tele-radio.com\/pt-br\/wp-json\/wp\/v2\/pages\/241167\/revisions"}],"predecessor-version":[{"id":241180,"href":"https:\/\/www.tele-radio.com\/pt-br\/wp-json\/wp\/v2\/pages\/241167\/revisions\/241180"}],"wp:attachment":[{"href":"https:\/\/www.tele-radio.com\/pt-br\/wp-json\/wp\/v2\/media?parent=241167"}],"curies":[{"name":"wp","href":"https:\/\/api.w.org\/{rel}","templated":true}]}}