{"id":241146,"date":"2025-01-13T10:38:24","date_gmt":"2025-01-13T10:38:24","guid":{"rendered":"https:\/\/www.tele-radio.com\/?page_id=241146"},"modified":"2025-01-13T10:38:34","modified_gmt":"2025-01-13T10:38:34","slug":"controle-remoto-para-guindastes-hidraulicos","status":"publish","type":"page","link":"https:\/\/www.tele-radio.com\/pt-br\/controle-remoto-para-guindastes-hidraulicos\/","title":{"rendered":"MOBILE &#038; HYDRAULIC"},"content":{"rendered":"\n<div style=\"height:31px\" aria-hidden=\"true\" class=\"wp-block-spacer\"><\/div>\n\n\n\n<h1 class=\"wp-block-heading has-text-align-center\">CONTROLE REMOTO PARA GUINDASTES HIDR\u00c1ULICOS E APLICA\u00c7\u00d5ES M\u00d3VEIS<\/h1>\n\n\n\n<div style=\"height:26px\" aria-hidden=\"true\" class=\"wp-block-spacer\"><\/div>\n\n\n\n<div class=\"wp-block-columns is-layout-flex wp-container-core-columns-is-layout-9d6595d7 wp-block-columns-is-layout-flex\">\n<div class=\"wp-block-column is-layout-flow wp-block-column-is-layout-flow\">\n<h2 class=\"wp-block-heading\"><strong>A estrada como local de trabalho<\/strong>\u00a0<\/h2>\n\n\n\n<p>O mercado de aplica\u00e7\u00f5es m\u00f3veis em ve\u00edculos \u00e9 imenso, incorporando diferentes controles personaliz\u00e1veis e funcionalidades \u00fanicas. Algumas aplica\u00e7\u00f5es comuns incluem equipamentos de resgate, ve\u00edculo de Auto-Socorro, guindastes porta-carros, plataformas elevat\u00f3rias, caminh\u00f5es-tanque e guindastes montados em caminh\u00f5es. Tamb\u00e9m h\u00e1 pequenos ve\u00edculos como 4&#215;4, transportes florestais, ilumina\u00e7\u00e3o m\u00f3vel que usam guinchos e mais, todos eles podem se beneficiar do controle remoto.\u00a0<\/p>\n<\/div>\n\n\n\n<div class=\"wp-block-column is-layout-flow wp-block-column-is-layout-flow\" style=\"flex-basis:100px\"><\/div>\n\n\n\n<div class=\"wp-block-column is-layout-flow wp-block-column-is-layout-flow\">\n<div style=\"height:31px\" aria-hidden=\"true\" class=\"wp-block-spacer\"><\/div>\n\n\n\n<div class=\"wp-block-cover\" style=\"min-height:368px;aspect-ratio:unset;\"><span aria-hidden=\"true\" class=\"wp-block-cover__background has-black-background-color has-background-dim-20 has-background-dim\"><\/span><img loading=\"lazy\" decoding=\"async\" width=\"2400\" height=\"1597\" class=\"wp-block-cover__image-background wp-image-119332\" alt=\"\" src=\"https:\/\/www.tele-radio.com\/app\/uploads\/FM_MI_PU_0004.jpg\" style=\"object-position:59% 54%\" data-object-fit=\"cover\" data-object-position=\"59% 54%\" srcset=\"https:\/\/www.tele-radio.com\/app\/uploads\/FM_MI_PU_0004.jpg 2400w, https:\/\/www.tele-radio.com\/app\/uploads\/FM_MI_PU_0004-400x266.jpg 400w, https:\/\/www.tele-radio.com\/app\/uploads\/FM_MI_PU_0004-1200x799.jpg 1200w, https:\/\/www.tele-radio.com\/app\/uploads\/FM_MI_PU_0004-768x511.jpg 768w, https:\/\/www.tele-radio.com\/app\/uploads\/FM_MI_PU_0004-1536x1022.jpg 1536w, https:\/\/www.tele-radio.com\/app\/uploads\/FM_MI_PU_0004-2048x1363.jpg 2048w, https:\/\/www.tele-radio.com\/app\/uploads\/FM_MI_PU_0004-750x499.jpg 750w, https:\/\/www.tele-radio.com\/app\/uploads\/FM_MI_PU_0004-500x333.jpg 500w, https:\/\/www.tele-radio.com\/app\/uploads\/FM_MI_PU_0004-1600x1065.jpg 1600w, https:\/\/www.tele-radio.com\/app\/uploads\/FM_MI_PU_0004-800x532.jpg 800w\" sizes=\"auto, (max-width: 2400px) 100vw, 2400px\" \/><div class=\"wp-block-cover__inner-container is-layout-flow wp-block-cover-is-layout-flow\">\n<p class=\"has-text-align-center has-large-font-size\"><\/p>\n<\/div><\/div>\n<\/div>\n<\/div>\n\n\n\n<p>O sistema Tele Radio Exster permite que o motorista tenha controle total sobre qualquer ve\u00edculo de carga enquanto est\u00e1 fora da cabine. Isso proporciona ao usu\u00e1rio mais flexibilidade e visibilidade da situa\u00e7\u00e3o, o que aumenta a seguran\u00e7a ao redor do caminh\u00e3o. Al\u00e9m da seguran\u00e7a, um controle remoto tamb\u00e9m oferece efici\u00eancia no trabalho; uma pessoa usando um radiocontrole pode fazer o trabalho de duas. Essa solu\u00e7\u00e3o oferece uma melhora significativa na seguran\u00e7a e visibilidade, j\u00e1 que o operador pode controlar o caminh\u00e3o de fora. \u00c9 tamb\u00e9m mais ergon\u00f4mico, pois elimina a necessidade de subir e descer do caminh\u00e3o v\u00e1rias vezes ao dia (o que pode acontecer dezenas de vezes, dependendo da carga de trabalho). A efici\u00eancia resulta em um aumento na produtividade e uma redu\u00e7\u00e3o significativa da fadiga em trabalhos di\u00e1rios.&nbsp;<\/p>\n\n\n\n<p>Sabemos que as caracter\u00edsticas s\u00e3o importantes e fabricamos nossos componentes com durabilidade, conforto e seguran\u00e7a em mente.\u00a0<\/p>\n\n\n\n<h3 class=\"wp-block-heading\"><strong>Sistema \u00e0 prova de falhas<\/strong><\/h3>\n\n\n\n<p>Os rel\u00e9s se desativam por seguran\u00e7a quando o equipamento est\u00e1 fora de alcance, sem bateria ou danificado. Nossos sistemas possuem n\u00edveis de seguran\u00e7a certificados por entidades independentes.\u00a0<\/p>\n\n\n\n<h3 class=\"wp-block-heading\"><strong>Protegido contra poeira e \u00e1gua<\/strong>\u00a0<\/h3>\n\n\n\n<p>Nossos transmissores s\u00e3o extremamente robustos. Alguns t\u00eam certifica\u00e7\u00f5es IP65, e a maioria possui IP67.\u00a0<\/p>\n\n\n\n<h3 class=\"wp-block-heading\"><strong>Servi\u00e7o de excel\u00eancia<\/strong><\/h3>\n\n\n\n<p>Clientes ao redor do mundo confiam na nossa marca. Oferecemos um servi\u00e7o excelente e solu\u00e7\u00f5es personalizadas.\u00a0<\/p>\n\n\n\n<div style=\"height:32px\" aria-hidden=\"true\" class=\"wp-block-spacer\"><\/div>\n\n\n\n<h2 class=\"wp-block-heading\"><strong>Quando as v\u00e1lvulas e a press\u00e3o do \u00f3leo importam<\/strong>\u00a0<\/h2>\n\n\n\n<p>M\u00e1quinas e equipamentos que funcionam por sistemas hidr\u00e1ulicos est\u00e3o em todos os lugares. Esse sistema \u00e9 a primeira escolha quando se precisa aplicar muita for\u00e7a com precis\u00e3o, confiabilidade e facilidade para o operador. Em cada setor, desde minera\u00e7\u00e3o at\u00e9 florestal, constru\u00e7\u00e3o ou agricultura, as m\u00e1quinas movem tudo, e o poder hidr\u00e1ulico move essas m\u00e1quinas. <\/p>\n\n\n\n<p>Nesse ambiente, as solu\u00e7\u00f5es de controle remoto da Tele Radio d\u00e3o o poder e a confian\u00e7a necess\u00e1rios para maximizar todo o potencial da sua m\u00e1quina. Ter controle proporcional, l\u00f3gica integrada e feedback de cada fun\u00e7\u00e3o permite controlar os circuitos hidr\u00e1ulicos de qualquer m\u00e1quina atual com facilidade, seguran\u00e7a e conforto. Em situa\u00e7\u00f5es de risco, como em escavadeiras em minas ou dragas em lagoas qu\u00edmicas, use os controles remotos industriais da Tele Radio para manter-se fora das zonas de perigo.\u00a0<\/p>\n\n\n\n<p>Se a localiza\u00e7\u00e3o do painel de controle limita sua capacidade de monitorar a produ\u00e7\u00e3o ou o processo, nossos radiocontroles permitem que voc\u00ea esteja mais perto da a\u00e7\u00e3o, para responder de maneira mais r\u00e1pida e eficaz quando necess\u00e1rio. Desde um simples controle remoto de ligar\/desligar at\u00e9 o mais personalizado com alarmes e telas, a Tele Radio est\u00e1 pronta para ajudar voc\u00ea a voltar ao que sabe fazer de melhor.&nbsp;<\/p>\n\n\n\n<div style=\"height:54px\" aria-hidden=\"true\" class=\"wp-block-spacer\"><\/div>\n\n\n\n\n\n<div style=\"height:67px\" aria-hidden=\"true\" class=\"wp-block-spacer\"><\/div>\n\n\n\n<h2 class=\"wp-block-heading has-text-align-center\"><strong>APLICA\u00c7\u00d5ES<\/strong>\u00a0<\/h2>\n\n\n\n<p class=\"has-text-align-center\"><em>Para dar uma ideia das possibilidades, aqui est\u00e3o alguns exemplos de aplica\u00e7\u00f5es e seus produtos t\u00edpicos:\u00a0<\/em><\/p>\n\n\n\n<div class=\"wp-block-columns is-layout-flex wp-container-core-columns-is-layout-9d6595d7 wp-block-columns-is-layout-flex\">\n<div class=\"wp-block-column is-layout-flow wp-block-column-is-layout-flow\">\n<div class=\"wp-block-cover is-light\"><span aria-hidden=\"true\" class=\"wp-block-cover__background has-white-background-color has-background-dim-100 has-background-dim\"><\/span><div class=\"wp-block-cover__inner-container is-layout-flow wp-block-cover-is-layout-flow\"><div class=\"wp-block-image is-style-default\">\n<figure class=\"aligncenter size-full\"><img loading=\"lazy\" decoding=\"async\" width=\"64\" height=\"64\" src=\"https:\/\/www.tele-radio.com\/app\/uploads\/trailer.png\" alt=\"\" class=\"wp-image-119260\"\/><\/figure><\/div>\n\n\n<p class=\"has-text-align-center has-black-color has-text-color\"><strong>CAMINH\u00d5ES DE TRANSPORTE<\/strong><\/p>\n\n\n\n<p class=\"has-text-align-center has-black-color has-text-color\">Os caminh\u00f5es de transporte s\u00e3o usados para mover cargas, e a implementa\u00e7\u00e3o de controle remoto pode facilitar muito o trabalho. Por exemplo, voc\u00ea pode controlar os elevadores das portas traseiras com um pequeno controle remoto em vez de usar o painel de controle incorporado. Tamb\u00e9m existem v\u00e1rios sistemas de lonas que podem ser enrolados por controle remoto.\u00a0<\/p>\n<\/div><\/div>\n<\/div>\n\n\n\n<div class=\"wp-block-column is-vertically-aligned-top is-layout-flow wp-block-column-is-layout-flow\">\n<div class=\"wp-block-cover is-light\"><span aria-hidden=\"true\" class=\"wp-block-cover__background has-white-background-color has-background-dim-100 has-background-dim\"><\/span><div class=\"wp-block-cover__inner-container is-layout-flow wp-block-cover-is-layout-flow\"><div class=\"wp-block-image is-style-default\">\n<figure class=\"aligncenter size-full\"><img loading=\"lazy\" decoding=\"async\" width=\"64\" height=\"64\" src=\"https:\/\/www.tele-radio.com\/app\/uploads\/equipment.png\" alt=\"\" class=\"wp-image-119284\"\/><\/figure><\/div>\n\n\n<p class=\"has-text-align-center has-black-color has-text-color\"><strong>M\u00c1QUINAS DE COLHEITA<\/strong><\/p>\n\n\n\n<p class=\"has-text-align-center has-black-color has-text-color\">Pode-se controlar uma ampla gama de colheitadeiras \u2013 alfafa, alho, cenouras, beterrabas, entre outros. Com o sistema de radiocontrole da Tele Radio instalado no equipamento, voc\u00ea pode ajustar a velocidade, ligar e desligar fun\u00e7\u00f5es e configurar a colheita com facilidade.\u00a0<\/p>\n<\/div><\/div>\n<\/div>\n\n\n\n<div class=\"wp-block-column is-vertically-aligned-top is-layout-flow wp-block-column-is-layout-flow\">\n<div style=\"height:65px\" aria-hidden=\"true\" class=\"wp-block-spacer\"><\/div>\n\n\n<div class=\"wp-block-image is-style-default\">\n<figure class=\"aligncenter size-full\"><img loading=\"lazy\" decoding=\"async\" width=\"64\" height=\"64\" src=\"https:\/\/www.tele-radio.com\/app\/uploads\/cruise.png\" alt=\"\" class=\"wp-image-119233\"\/><\/figure><\/div>\n\n\n<p class=\"has-text-align-center\"><strong>ESCAVADEIRAS MINERADORAS<\/strong><\/p>\n\n\n\n<p class=\"has-text-align-center\">Quando se trabalha em terrenos perigosos e inst\u00e1veis que apresentam risco ao operador, os sistemas da Tele Radio podem ser a solu\u00e7\u00e3o, criando um ambiente mais seguro.\u00a0<\/p>\n<\/div>\n<\/div>\n\n\n\n<h3 class=\"wp-block-heading has-text-align-center\"><strong>Suas exig\u00eancias de funcionalidade e seguran\u00e7a<\/strong><\/h3>\n\n\n\n<p>Na Tele Radio, ajudamos voc\u00ea a escolher o melhor transmissor para sua aplica\u00e7\u00e3o. Disponibilizamos diferentes transmissores com caracter\u00edsticas espec\u00edficas, e as tr\u00eas considera\u00e7\u00f5es a seguir s\u00e3o fundamentais:<\/p>\n\n\n\n<div class=\"wp-block-media-text alignwide is-stacked-on-mobile is-vertically-aligned-center\" style=\"grid-template-columns:15% auto\"><figure class=\"wp-block-media-text__media\"><img loading=\"lazy\" decoding=\"async\" width=\"404\" height=\"404\" src=\"https:\/\/www.tele-radio.com\/app\/uploads\/Safety_level_2.png\" alt=\"\" class=\"wp-image-68198 size-full\" srcset=\"https:\/\/www.tele-radio.com\/app\/uploads\/Safety_level_2.png 404w, https:\/\/www.tele-radio.com\/app\/uploads\/Safety_level_2-400x400.png 400w, https:\/\/www.tele-radio.com\/app\/uploads\/Safety_level_2-150x150.png 150w, https:\/\/www.tele-radio.com\/app\/uploads\/Safety_level_2-250x250.png 250w\" sizes=\"auto, (max-width: 404px) 100vw, 404px\" \/><\/figure><div class=\"wp-block-media-text__content\">\n<p><strong><strong>N\u00edvel de seguran\u00e7a<\/strong><\/strong><\/p>\n\n\n\n<p>Nossos transmissores possuem diversas certifica\u00e7\u00f5es de seguran\u00e7a independentes. Isso garante que as fun\u00e7\u00f5es de seguran\u00e7a, como os bot\u00f5es de parada, foram testados por uma entidade externa. Se voc\u00ea precisa minimizar o risco de acidentes, recomendamos um sistema com certifica\u00e7\u00e3o de seguran\u00e7a independente.<\/p>\n<\/div><\/div>\n\n\n\n<div class=\"wp-block-media-text alignwide is-stacked-on-mobile is-vertically-aligned-center\" style=\"grid-template-columns:15% auto\"><figure class=\"wp-block-media-text__media\"><img loading=\"lazy\" decoding=\"async\" width=\"404\" height=\"404\" src=\"https:\/\/www.tele-radio.com\/app\/uploads\/Control_element_2.png\" alt=\"\" class=\"wp-image-68176 size-full\" srcset=\"https:\/\/www.tele-radio.com\/app\/uploads\/Control_element_2.png 404w, https:\/\/www.tele-radio.com\/app\/uploads\/Control_element_2-400x400.png 400w, https:\/\/www.tele-radio.com\/app\/uploads\/Control_element_2-150x150.png 150w, https:\/\/www.tele-radio.com\/app\/uploads\/Control_element_2-250x250.png 250w\" sizes=\"auto, (max-width: 404px) 100vw, 404px\" \/><\/figure><div class=\"wp-block-media-text__content\">\n<p><strong><strong>Bot\u00f5es ou joysticks<\/strong><\/strong><\/p>\n\n\n\n<p>Um transmissor com bot\u00f5es pode ser mais pr\u00e1tico, mas n\u00e3o menos preciso. Por exemplo, os bot\u00f5es de press\u00e3o proporcional permitem ajustar a precis\u00e3o da opera\u00e7\u00e3o. Os transmissores com joystick, embora maiores, oferecem mais <a href=\"https:\/\/www.tele-radio.com\/pt-br\/etiquetas-personalizadas\/\">op\u00e7\u00f5es de personaliza\u00e7\u00e3o,<\/a> como interruptores adicionais e alavancas.<\/p>\n<\/div><\/div>\n\n\n\n<div class=\"wp-block-media-text alignwide is-stacked-on-mobile\" style=\"grid-template-columns:15% auto\"><figure class=\"wp-block-media-text__media\"><img loading=\"lazy\" decoding=\"async\" width=\"404\" height=\"404\" src=\"https:\/\/www.tele-radio.com\/app\/uploads\/Feedback_2.png\" alt=\"\" class=\"wp-image-68223 size-full\" srcset=\"https:\/\/www.tele-radio.com\/app\/uploads\/Feedback_2.png 404w, https:\/\/www.tele-radio.com\/app\/uploads\/Feedback_2-400x400.png 400w, https:\/\/www.tele-radio.com\/app\/uploads\/Feedback_2-150x150.png 150w, https:\/\/www.tele-radio.com\/app\/uploads\/Feedback_2-250x250.png 250w\" sizes=\"auto, (max-width: 404px) 100vw, 404px\" \/><\/figure><div class=\"wp-block-media-text__content\">\n<p><strong><strong>Informa\u00e7\u00f5es de feedback<\/strong><\/strong><\/p>\n\n\n\n<p>Alguns transmissores podem receber informa\u00e7\u00f5es diretamente do receptor, exibidas por LEDs ou em uma tela. Isso permite visualizar dados como o peso elevado ao operar um guincho ou sinais de advert\u00eancia, o que \u00e9 especialmente \u00fatil em aplica\u00e7\u00f5es mais complexas.<br>\u200b<\/p>\n\n\n\n<p><\/p>\n<\/div><\/div>\n\n\n\n<p><strong>Contact us<\/strong><\/p>\n\n\n\n<div class=\"wp-block-contact-form-7-contact-form-selector\">\n<div class=\"wpcf7 no-js\" id=\"wpcf7-f46900-o1\" lang=\"en-EN\" dir=\"ltr\" data-wpcf7-id=\"46900\">\n<div class=\"screen-reader-response\"><p role=\"status\" aria-live=\"polite\" aria-atomic=\"true\"><\/p> <ul><\/ul><\/div>\n<form action=\"\/pt-br\/wp-json\/wp\/v2\/pages\/241146#wpcf7-f46900-o1\" method=\"post\" class=\"wpcf7-form init\" aria-label=\"Contact form\" novalidate=\"novalidate\" data-status=\"init\">\n<fieldset class=\"hidden-fields-container\"><input type=\"hidden\" name=\"_wpcf7\" value=\"46900\" \/><input type=\"hidden\" name=\"_wpcf7_version\" value=\"6.1\" \/><input type=\"hidden\" name=\"_wpcf7_locale\" value=\"en_EN\" \/><input type=\"hidden\" name=\"_wpcf7_unit_tag\" value=\"wpcf7-f46900-o1\" \/><input type=\"hidden\" name=\"_wpcf7_container_post\" value=\"0\" \/><input type=\"hidden\" name=\"_wpcf7_posted_data_hash\" value=\"\" \/><input type=\"hidden\" name=\"_wpcf7_recaptcha_response\" value=\"\" \/>\n<\/fieldset>\n<p><label> Nome*<br \/>\n<span class=\"wpcf7-form-control-wrap\" data-name=\"nombre\"><input size=\"40\" maxlength=\"400\" class=\"wpcf7-form-control wpcf7-text wpcf7-validates-as-required\" aria-required=\"true\" aria-invalid=\"false\" placeholder=\"Seu nome\" value=\"\" type=\"text\" name=\"nombre\" \/><\/span> <\/label>\n<\/p>\n<p><label> Email*<br \/>\n<span class=\"wpcf7-form-control-wrap\" data-name=\"tu-email\"><input size=\"40\" maxlength=\"400\" class=\"wpcf7-form-control wpcf7-email wpcf7-validates-as-required wpcf7-text wpcf7-validates-as-email\" aria-required=\"true\" aria-invalid=\"false\" placeholder=\"Seu email\" value=\"\" type=\"email\" name=\"tu-email\" \/><\/span> <\/label>\n<\/p>\n<p><label> Tel\u00e9fono*<br \/>\n<span class=\"wpcf7-form-control-wrap\" data-name=\"tu-tfno\"><input size=\"40\" maxlength=\"400\" class=\"wpcf7-form-control wpcf7-tel wpcf7-validates-as-required wpcf7-text wpcf7-validates-as-tel\" aria-required=\"true\" aria-invalid=\"false\" placeholder=\"telefone de contato\" value=\"\" type=\"tel\" name=\"tu-tfno\" \/><\/span> <\/label>\n<\/p>\n<p><label> Sua mensagem*<br \/>\n<span class=\"wpcf7-form-control-wrap\" data-name=\"your-message\"><textarea cols=\"40\" rows=\"10\" maxlength=\"2000\" class=\"wpcf7-form-control wpcf7-textarea wpcf7-validates-as-required\" aria-required=\"true\" aria-invalid=\"false\" placeholder=\"Escreva aqui em qual transmissor, equipamento ou aplica\u00e7\u00e3o voc\u00ea est\u00e1 interessado; ou se voc\u00ea tiver alguma d\u00favida.\" name=\"your-message\"><\/textarea><\/span> <\/label>\n<\/p>\n<p><input class=\"wpcf7-form-control wpcf7-submit has-spinner\" type=\"submit\" value=\"Enviar\" \/>\n<\/p><div class=\"wpcf7-response-output\" aria-hidden=\"true\"><\/div>\n<\/form>\n<\/div>\n\r\n\t\t\t\t<script>\r\n\t\t\t\tif ( typeof huOptions !== 'undefined' ) {\r\n\t\t\t\t\tvar huFormData = {\"source\":\"contactform7\",\"id\":46900,\"title\":\"TRBRA-form\",\"fields\":{\"subject\":{\"first_name\":\"your-name\",\"email\":\"your-email\"},\"preferences\":{\"terms\":\"your-consent\"}}};\r\n\t\t\t\t\tvar huFormNode = document.querySelector( '[id^=\"wpcf7-f46900-\"] form' );\r\n\r\n\t\t\t\t\thuFormData['node'] = huFormNode;\r\n\t\t\t\t\thuOptions['forms'].push( huFormData );\r\n\t\t\t\t}\r\n\t\t\t\t<\/script><\/div>\n","protected":false},"excerpt":{"rendered":"<p>CONTROLE REMOTO PARA GUINDASTES HIDR\u00c1ULICOS E APLICA\u00c7\u00d5ES M\u00d3VEIS A estrada como local de trabalho\u00a0 O mercado de aplica\u00e7\u00f5es m\u00f3veis em ve\u00edculos \u00e9 imenso, incorporando diferentes controles personaliz\u00e1veis e funcionalidades \u00fanicas. Algumas aplica\u00e7\u00f5es comuns incluem equipamentos de resgate, ve\u00edculo de Auto-Socorro, guindastes porta-carros, plataformas elevat\u00f3rias, caminh\u00f5es-tanque e guindastes montados em caminh\u00f5es. Tamb\u00e9m h\u00e1 pequenos ve\u00edculos como [&hellip;]<\/p>\n","protected":false},"author":54,"featured_media":120048,"parent":0,"menu_order":0,"comment_status":"closed","ping_status":"closed","template":"","meta":{"_acf_changed":false,"footnotes":""},"class_list":["post-241146","page","type-page","status-publish","has-post-thumbnail","hentry"],"acf":[],"_links":{"self":[{"href":"https:\/\/www.tele-radio.com\/pt-br\/wp-json\/wp\/v2\/pages\/241146","targetHints":{"allow":["GET"]}}],"collection":[{"href":"https:\/\/www.tele-radio.com\/pt-br\/wp-json\/wp\/v2\/pages"}],"about":[{"href":"https:\/\/www.tele-radio.com\/pt-br\/wp-json\/wp\/v2\/types\/page"}],"author":[{"embeddable":true,"href":"https:\/\/www.tele-radio.com\/pt-br\/wp-json\/wp\/v2\/users\/54"}],"replies":[{"embeddable":true,"href":"https:\/\/www.tele-radio.com\/pt-br\/wp-json\/wp\/v2\/comments?post=241146"}],"version-history":[{"count":1,"href":"https:\/\/www.tele-radio.com\/pt-br\/wp-json\/wp\/v2\/pages\/241146\/revisions"}],"predecessor-version":[{"id":241150,"href":"https:\/\/www.tele-radio.com\/pt-br\/wp-json\/wp\/v2\/pages\/241146\/revisions\/241150"}],"wp:featuredmedia":[{"embeddable":true,"href":"https:\/\/www.tele-radio.com\/pt-br\/wp-json\/wp\/v2\/media\/120048"}],"wp:attachment":[{"href":"https:\/\/www.tele-radio.com\/pt-br\/wp-json\/wp\/v2\/media?parent=241146"}],"curies":[{"name":"wp","href":"https:\/\/api.w.org\/{rel}","templated":true}]}}