{"id":240679,"date":"2025-01-10T15:36:31","date_gmt":"2025-01-10T15:36:31","guid":{"rendered":"https:\/\/www.tele-radio.com\/?page_id=240679"},"modified":"2025-04-11T09:05:25","modified_gmt":"2025-04-11T09:05:25","slug":"controle-remoto-para-setor-maritimo","status":"publish","type":"page","link":"https:\/\/www.tele-radio.com\/pt-br\/controle-remoto-para-setor-maritimo\/","title":{"rendered":"Controle remoto para setor maritimo"},"content":{"rendered":"\n<div style=\"height:31px\" aria-hidden=\"true\" class=\"wp-block-spacer\"><\/div>\n\n\n\n<h1 class=\"wp-block-heading has-text-align-center\">Controle remoto para setor maritimo<\/h1>\n\n\n\n<div style=\"height:26px\" aria-hidden=\"true\" class=\"wp-block-spacer\"><\/div>\n\n\n\n<div class=\"wp-block-columns is-layout-flex wp-container-core-columns-is-layout-9d6595d7 wp-block-columns-is-layout-flex\">\n<div class=\"wp-block-column is-layout-flow wp-block-column-is-layout-flow\">\n<h2 class=\"wp-block-heading\"><strong>Ajudamos o setor mar\u00edtimo&nbsp;<\/strong><\/h2>\n\n\n\n<p>A Tele Radio oferece solu\u00e7\u00f5es de controle remoto para setor mar\u00edtimo. Seja uma pequena embarca\u00e7\u00e3o privada ou um grande navio, temos o que voc\u00ea precisa. Existem tantas aplica\u00e7\u00f5es diferentes, tanto em pequenas embarca\u00e7\u00f5es como em grandes navios, em rios, deltas ou no mar, que \u00e9 dif\u00edcil cobrir todas, mas alguns exemplos incluem: guindastes p\u00f3rtico, passarelas, luzes, \u00e2ncoras, guinchos, suportes e muito mais. O controle remoto permite que voc\u00ea se posicione fisicamente onde desejar, em vez de permanecer perto do painel de controle. \u00c0s vezes, estar na cabine pode significar que voc\u00ea n\u00e3o tem a melhor perspectiva do trabalho, o que pode causar acidentes ou afetar a produtividade.&nbsp;<\/p>\n\n\n\n<h4 class=\"wp-block-heading\"><strong>Sistema \u00e0 prova de falhas<\/strong>&nbsp;<\/h4>\n\n\n\n<p>Os rel\u00e9s s\u00e3o desativados por seguran\u00e7a quando o equipamento est\u00e1 fora de alcance, sem bateria ou avariado. Nossos sistemas possuem n\u00edveis de seguran\u00e7a certificados de forma independente.<\/p>\n\n\n\n<h4 class=\"wp-block-heading\"><strong>Protegido contra poeira e \u00e1gua<\/strong>&nbsp;<\/h4>\n\n\n\n<p>Nossos transmissores s\u00e3o extremamente robustos. Alguns possuem certifica\u00e7\u00e3o IP65, e a maioria possui IP67.&nbsp;<\/p>\n\n\n\n<h4 class=\"wp-block-heading\"><strong>Servi\u00e7o excelente<\/strong>&nbsp;<\/h4>\n\n\n\n<p>Clientes ao redor do mundo confiam em nossa marca. Oferecemos um servi\u00e7o excelente e solu\u00e7\u00f5es sob medida.&nbsp;<\/p>\n<\/div>\n\n\n\n<div class=\"wp-block-column is-layout-flow wp-block-column-is-layout-flow\">\n<div style=\"height:31px\" aria-hidden=\"true\" class=\"wp-block-spacer\"><\/div>\n\n\n\n<div class=\"wp-block-cover is-light\" style=\"min-height:368px;aspect-ratio:unset;\"><span aria-hidden=\"true\" class=\"wp-block-cover__background has-black-background-color has-background-dim-20 has-background-dim\"><\/span><img loading=\"lazy\" decoding=\"async\" width=\"2048\" height=\"1365\" class=\"wp-block-cover__image-background wp-image-116065\" alt=\"controle remoto setor maritimo\" src=\"https:\/\/www.tele-radio.com\/app\/uploads\/FL_LC_PU_0002.jpg\" style=\"object-position:45% 59%\" data-object-fit=\"cover\" data-object-position=\"45% 59%\" srcset=\"https:\/\/www.tele-radio.com\/app\/uploads\/FL_LC_PU_0002.jpg 2048w, https:\/\/www.tele-radio.com\/app\/uploads\/FL_LC_PU_0002-400x267.jpg 400w, https:\/\/www.tele-radio.com\/app\/uploads\/FL_LC_PU_0002-1200x800.jpg 1200w, https:\/\/www.tele-radio.com\/app\/uploads\/FL_LC_PU_0002-768x512.jpg 768w, https:\/\/www.tele-radio.com\/app\/uploads\/FL_LC_PU_0002-1536x1024.jpg 1536w, https:\/\/www.tele-radio.com\/app\/uploads\/FL_LC_PU_0002-750x500.jpg 750w, https:\/\/www.tele-radio.com\/app\/uploads\/FL_LC_PU_0002-500x333.jpg 500w, https:\/\/www.tele-radio.com\/app\/uploads\/FL_LC_PU_0002-1600x1066.jpg 1600w, https:\/\/www.tele-radio.com\/app\/uploads\/FL_LC_PU_0002-800x533.jpg 800w\" sizes=\"auto, (max-width: 2048px) 100vw, 2048px\" \/><div class=\"wp-block-cover__inner-container is-layout-flow wp-block-cover-is-layout-flow\">\n<p class=\"has-text-align-center has-large-font-size\"><\/p>\n<\/div><\/div>\n<\/div>\n<\/div>\n\n\n\n\n\n<h2 class=\"wp-block-heading has-text-align-center\"><strong>APLICA\u00c7\u00d5ES<\/strong> <strong>&#8211; Controle Remoto para Setor Maritimo<\/strong><\/h2>\n\n\n\n<p class=\"has-text-align-center\"><em>Aqui est\u00e3o alguns exemplos de aplica\u00e7\u00f5es e seus produtos t\u00edpicos para ilustrar as possibilidades:<\/em><\/p>\n\n\n\n<div class=\"wp-block-columns is-layout-flex wp-container-core-columns-is-layout-9d6595d7 wp-block-columns-is-layout-flex\">\n<div class=\"wp-block-column is-layout-flow wp-block-column-is-layout-flow\">\n<div class=\"wp-block-cover is-light\"><span aria-hidden=\"true\" class=\"wp-block-cover__background has-white-background-color has-background-dim-100 has-background-dim\"><\/span><div class=\"wp-block-cover__inner-container is-layout-flow wp-block-cover-is-layout-flow\"><div class=\"wp-block-image is-style-default\">\n<figure class=\"aligncenter size-full\"><img loading=\"lazy\" decoding=\"async\" width=\"64\" height=\"64\" src=\"https:\/\/www.tele-radio.com\/app\/uploads\/ladder.png\" alt=\"\" class=\"wp-image-119185\"\/><\/figure><\/div>\n\n\n<p class=\"has-text-align-center has-black-color has-text-color\"><strong>PASSARELAS<\/strong><\/p>\n\n\n\n<p class=\"has-text-align-center has-black-color has-text-color\">Passarelas el\u00e9tricas controladas remotamente para barcos s\u00e3o aplica\u00e7\u00f5es comuns que melhoram muito com o uso de controles remotos industriais. Suba ou des\u00e7a a passarela diretamente do cais, onde for mais conveniente.<\/p>\n<\/div><\/div>\n<\/div>\n\n\n\n<div class=\"wp-block-column is-vertically-aligned-top is-layout-flow wp-block-column-is-layout-flow\">\n<div class=\"wp-block-cover is-light\"><span aria-hidden=\"true\" class=\"wp-block-cover__background has-white-background-color has-background-dim-100 has-background-dim\"><\/span><div class=\"wp-block-cover__inner-container is-layout-flow wp-block-cover-is-layout-flow\"><div class=\"wp-block-image is-style-default\">\n<figure class=\"aligncenter size-full\"><img loading=\"lazy\" decoding=\"async\" width=\"64\" height=\"64\" src=\"https:\/\/www.tele-radio.com\/app\/uploads\/lamp.png\" alt=\"\" class=\"wp-image-119209\"\/><\/figure><\/div>\n\n\n<p class=\"has-text-align-center has-black-color has-text-color\"><strong>LUZES<\/strong><\/p>\n\n\n\n<p class=\"has-text-align-center has-black-color has-text-color\">Para uma embarca\u00e7\u00e3o, a possibilidade de acender e apagar luzes enquanto realiza manobras se torna muito f\u00e1cil com o controle remoto. Em barcos maiores, a tripula\u00e7\u00e3o pode ter seus pr\u00f3prios controles, facilitando o atendimento \u00e0s necessidades dos convidados.<\/p>\n<\/div><\/div>\n<\/div>\n\n\n\n<div class=\"wp-block-column is-vertically-aligned-top is-layout-flow wp-block-column-is-layout-flow\">\n<div style=\"height:34px\" aria-hidden=\"true\" class=\"wp-block-spacer\"><\/div>\n\n\n<div class=\"wp-block-image is-style-default\">\n<figure class=\"aligncenter size-full\"><img loading=\"lazy\" decoding=\"async\" width=\"64\" height=\"64\" src=\"https:\/\/www.tele-radio.com\/app\/uploads\/cruise.png\" alt=\"\" class=\"wp-image-119233\"\/><\/figure><\/div>\n\n\n<p class=\"has-text-align-center\"><strong>DRAGAS MAR\u00cdTIMAS<\/strong><\/p>\n\n\n\n<p class=\"has-text-align-center\">Dragas para materiais perigosos e dragas de limpeza com componentes hidr\u00e1ulicos precisam de um sistema de controle remoto especial que possa controlar v\u00e1lvulas. Uma lista de controles pode incluir equipamentos de escava\u00e7\u00e3o, estabilizadores, cortadores de h\u00e9lice, ou outros tipos de guindaste.&nbsp;<\/p>\n<\/div>\n<\/div>\n\n\n\n<h3 class=\"wp-block-heading has-text-align-center\"><strong>Suas exig\u00eancias de funcionalidade e seguran\u00e7a<\/strong><\/h3>\n\n\n\n<p>Na Tele Radio, ajudamos voc\u00ea a escolher o melhor transmissor para sua aplica\u00e7\u00e3o. Disponibilizamos diferentes transmissores com caracter\u00edsticas espec\u00edficas, e as tr\u00eas considera\u00e7\u00f5es a seguir s\u00e3o fundamentais:<\/p>\n\n\n\n<div class=\"wp-block-media-text alignwide is-stacked-on-mobile is-vertically-aligned-center\" style=\"grid-template-columns:15% auto\"><figure class=\"wp-block-media-text__media\"><img loading=\"lazy\" decoding=\"async\" width=\"404\" height=\"404\" src=\"https:\/\/www.tele-radio.com\/app\/uploads\/Safety_level_2.png\" alt=\"\" class=\"wp-image-68198 size-full\" srcset=\"https:\/\/www.tele-radio.com\/app\/uploads\/Safety_level_2.png 404w, https:\/\/www.tele-radio.com\/app\/uploads\/Safety_level_2-400x400.png 400w, https:\/\/www.tele-radio.com\/app\/uploads\/Safety_level_2-150x150.png 150w, https:\/\/www.tele-radio.com\/app\/uploads\/Safety_level_2-250x250.png 250w\" sizes=\"auto, (max-width: 404px) 100vw, 404px\" \/><\/figure><div class=\"wp-block-media-text__content\">\n<p><strong><strong>N\u00edvel de seguran\u00e7a<\/strong><\/strong><\/p>\n\n\n\n<p>Nossos transmissores possuem diversas certifica\u00e7\u00f5es de seguran\u00e7a independentes. Isso garante que as fun\u00e7\u00f5es de seguran\u00e7a, como os bot\u00f5es de parada, foram testados por uma entidade externa. Se voc\u00ea precisa minimizar o risco de acidentes, recomendamos um sistema com certifica\u00e7\u00e3o de seguran\u00e7a independente.<\/p>\n<\/div><\/div>\n\n\n\n<div class=\"wp-block-media-text alignwide is-stacked-on-mobile is-vertically-aligned-center\" style=\"grid-template-columns:15% auto\"><figure class=\"wp-block-media-text__media\"><img loading=\"lazy\" decoding=\"async\" width=\"404\" height=\"404\" src=\"https:\/\/www.tele-radio.com\/app\/uploads\/Control_element_2.png\" alt=\"\" class=\"wp-image-68176 size-full\" srcset=\"https:\/\/www.tele-radio.com\/app\/uploads\/Control_element_2.png 404w, https:\/\/www.tele-radio.com\/app\/uploads\/Control_element_2-400x400.png 400w, https:\/\/www.tele-radio.com\/app\/uploads\/Control_element_2-150x150.png 150w, https:\/\/www.tele-radio.com\/app\/uploads\/Control_element_2-250x250.png 250w\" sizes=\"auto, (max-width: 404px) 100vw, 404px\" \/><\/figure><div class=\"wp-block-media-text__content\">\n<p><strong><strong>Bot\u00f5es ou joysticks<\/strong><\/strong><\/p>\n\n\n\n<p>Um transmissor com bot\u00f5es pode ser mais pr\u00e1tico, mas n\u00e3o menos preciso. Por exemplo, os bot\u00f5es de press\u00e3o proporcional permitem ajustar a precis\u00e3o da opera\u00e7\u00e3o. Os transmissores com joystick, embora maiores, oferecem mais <a href=\"https:\/\/www.tele-radio.com\/pt-br\/etiquetas-personalizadas\/\">op\u00e7\u00f5es de personaliza\u00e7\u00e3o,<\/a> como interruptores adicionais e alavancas.<\/p>\n<\/div><\/div>\n\n\n\n<div class=\"wp-block-media-text alignwide is-stacked-on-mobile\" style=\"grid-template-columns:15% auto\"><figure class=\"wp-block-media-text__media\"><img loading=\"lazy\" decoding=\"async\" width=\"404\" height=\"404\" src=\"https:\/\/www.tele-radio.com\/app\/uploads\/Feedback_2.png\" alt=\"\" class=\"wp-image-68223 size-full\" srcset=\"https:\/\/www.tele-radio.com\/app\/uploads\/Feedback_2.png 404w, https:\/\/www.tele-radio.com\/app\/uploads\/Feedback_2-400x400.png 400w, https:\/\/www.tele-radio.com\/app\/uploads\/Feedback_2-150x150.png 150w, https:\/\/www.tele-radio.com\/app\/uploads\/Feedback_2-250x250.png 250w\" sizes=\"auto, (max-width: 404px) 100vw, 404px\" \/><\/figure><div class=\"wp-block-media-text__content\">\n<p><strong><strong>Informa\u00e7\u00f5es de feedback<\/strong><\/strong><\/p>\n\n\n\n<p>Alguns transmissores podem receber informa\u00e7\u00f5es diretamente do receptor, exibidas por LEDs ou em uma tela. Isso permite visualizar dados como o peso elevado ao operar um guincho ou sinais de advert\u00eancia, o que \u00e9 especialmente \u00fatil em aplica\u00e7\u00f5es mais complexas.<br>\u200b<\/p>\n\n\n\n<p><\/p>\n<\/div><\/div>\n\n\n<div class=\"wp-block-image is-resized is-style-default\">\n<figure class=\"aligncenter size-large\"><img decoding=\"async\" src=\"https:\/\/www.tele-radio.com\/app\/uploads\/\/Assortiment_2019_zonder_spiegeling_en_schaduw-1200x614.jpg\" alt=\"\"\/><\/figure><\/div>\n\n\n<p><strong>Contact us<\/strong><\/p>\n\n\n\n<div class=\"wp-block-contact-form-7-contact-form-selector\">\n<div class=\"wpcf7 no-js\" id=\"wpcf7-f46900-o1\" lang=\"en-EN\" dir=\"ltr\" data-wpcf7-id=\"46900\">\n<div class=\"screen-reader-response\"><p role=\"status\" aria-live=\"polite\" aria-atomic=\"true\"><\/p> <ul><\/ul><\/div>\n<form action=\"\/pt-br\/wp-json\/wp\/v2\/pages\/240679#wpcf7-f46900-o1\" method=\"post\" class=\"wpcf7-form init\" aria-label=\"Contact form\" novalidate=\"novalidate\" data-status=\"init\">\n<fieldset class=\"hidden-fields-container\"><input type=\"hidden\" name=\"_wpcf7\" value=\"46900\" \/><input type=\"hidden\" name=\"_wpcf7_version\" value=\"6.1\" \/><input type=\"hidden\" name=\"_wpcf7_locale\" value=\"en_EN\" \/><input type=\"hidden\" name=\"_wpcf7_unit_tag\" value=\"wpcf7-f46900-o1\" \/><input type=\"hidden\" name=\"_wpcf7_container_post\" value=\"0\" \/><input type=\"hidden\" name=\"_wpcf7_posted_data_hash\" value=\"\" \/><input type=\"hidden\" name=\"_wpcf7_recaptcha_response\" value=\"\" \/>\n<\/fieldset>\n<p><label> Nome*<br \/>\n<span class=\"wpcf7-form-control-wrap\" data-name=\"nombre\"><input size=\"40\" maxlength=\"400\" class=\"wpcf7-form-control wpcf7-text wpcf7-validates-as-required\" aria-required=\"true\" aria-invalid=\"false\" placeholder=\"Seu nome\" value=\"\" type=\"text\" name=\"nombre\" \/><\/span> <\/label>\n<\/p>\n<p><label> Email*<br \/>\n<span class=\"wpcf7-form-control-wrap\" data-name=\"tu-email\"><input size=\"40\" maxlength=\"400\" class=\"wpcf7-form-control wpcf7-email wpcf7-validates-as-required wpcf7-text wpcf7-validates-as-email\" aria-required=\"true\" aria-invalid=\"false\" placeholder=\"Seu email\" value=\"\" type=\"email\" name=\"tu-email\" \/><\/span> <\/label>\n<\/p>\n<p><label> Tel\u00e9fono*<br \/>\n<span class=\"wpcf7-form-control-wrap\" data-name=\"tu-tfno\"><input size=\"40\" maxlength=\"400\" class=\"wpcf7-form-control wpcf7-tel wpcf7-validates-as-required wpcf7-text wpcf7-validates-as-tel\" aria-required=\"true\" aria-invalid=\"false\" placeholder=\"telefone de contato\" value=\"\" type=\"tel\" name=\"tu-tfno\" \/><\/span> <\/label>\n<\/p>\n<p><label> Sua mensagem*<br \/>\n<span class=\"wpcf7-form-control-wrap\" data-name=\"your-message\"><textarea cols=\"40\" rows=\"10\" maxlength=\"2000\" class=\"wpcf7-form-control wpcf7-textarea wpcf7-validates-as-required\" aria-required=\"true\" aria-invalid=\"false\" placeholder=\"Escreva aqui em qual transmissor, equipamento ou aplica\u00e7\u00e3o voc\u00ea est\u00e1 interessado; ou se voc\u00ea tiver alguma d\u00favida.\" name=\"your-message\"><\/textarea><\/span> <\/label>\n<\/p>\n<p><input class=\"wpcf7-form-control wpcf7-submit has-spinner\" type=\"submit\" value=\"Enviar\" \/>\n<\/p><div class=\"wpcf7-response-output\" aria-hidden=\"true\"><\/div>\n<\/form>\n<\/div>\n\r\n\t\t\t\t<script>\r\n\t\t\t\tif ( typeof huOptions !== 'undefined' ) {\r\n\t\t\t\t\tvar huFormData = {\"source\":\"contactform7\",\"id\":46900,\"title\":\"TRBRA-form\",\"fields\":{\"subject\":{\"first_name\":\"your-name\",\"email\":\"your-email\"},\"preferences\":{\"terms\":\"your-consent\"}}};\r\n\t\t\t\t\tvar huFormNode = document.querySelector( '[id^=\"wpcf7-f46900-\"] form' );\r\n\r\n\t\t\t\t\thuFormData['node'] = huFormNode;\r\n\t\t\t\t\thuOptions['forms'].push( huFormData );\r\n\t\t\t\t}\r\n\t\t\t\t<\/script><\/div>\n","protected":false},"excerpt":{"rendered":"<p>Controle remoto para setor maritimo Ajudamos o setor mar\u00edtimo&nbsp; A Tele Radio oferece solu\u00e7\u00f5es de controle remoto para setor mar\u00edtimo. Seja uma pequena embarca\u00e7\u00e3o privada ou um grande navio, temos o que voc\u00ea precisa. Existem tantas aplica\u00e7\u00f5es diferentes, tanto em pequenas embarca\u00e7\u00f5es como em grandes navios, em rios, deltas ou no mar, que \u00e9 dif\u00edcil [&hellip;]<\/p>\n","protected":false},"author":54,"featured_media":0,"parent":0,"menu_order":0,"comment_status":"closed","ping_status":"closed","template":"","meta":{"_acf_changed":false,"footnotes":""},"class_list":["post-240679","page","type-page","status-publish","hentry"],"acf":[],"_links":{"self":[{"href":"https:\/\/www.tele-radio.com\/pt-br\/wp-json\/wp\/v2\/pages\/240679","targetHints":{"allow":["GET"]}}],"collection":[{"href":"https:\/\/www.tele-radio.com\/pt-br\/wp-json\/wp\/v2\/pages"}],"about":[{"href":"https:\/\/www.tele-radio.com\/pt-br\/wp-json\/wp\/v2\/types\/page"}],"author":[{"embeddable":true,"href":"https:\/\/www.tele-radio.com\/pt-br\/wp-json\/wp\/v2\/users\/54"}],"replies":[{"embeddable":true,"href":"https:\/\/www.tele-radio.com\/pt-br\/wp-json\/wp\/v2\/comments?post=240679"}],"version-history":[{"count":3,"href":"https:\/\/www.tele-radio.com\/pt-br\/wp-json\/wp\/v2\/pages\/240679\/revisions"}],"predecessor-version":[{"id":258109,"href":"https:\/\/www.tele-radio.com\/pt-br\/wp-json\/wp\/v2\/pages\/240679\/revisions\/258109"}],"wp:attachment":[{"href":"https:\/\/www.tele-radio.com\/pt-br\/wp-json\/wp\/v2\/media?parent=240679"}],"curies":[{"name":"wp","href":"https:\/\/api.w.org\/{rel}","templated":true}]}}