{"id":237747,"date":"2025-01-03T09:36:54","date_gmt":"2025-01-03T09:36:54","guid":{"rendered":"https:\/\/www.tele-radio.com\/?page_id=237747"},"modified":"2025-01-03T10:09:29","modified_gmt":"2025-01-03T10:09:29","slug":"controle-remoto-ponte-rolante-elevacao","status":"publish","type":"page","link":"https:\/\/www.tele-radio.com\/pt-br\/controle-remoto-ponte-rolante-elevacao\/","title":{"rendered":""},"content":{"rendered":"\n<div style=\"height:31px\" aria-hidden=\"true\" class=\"wp-block-spacer\"><\/div>\n\n\n\n<h2 class=\"wp-block-heading has-text-align-center\">Controle remoto para ponte rolante e sistemas de eleva\u00e7\u00e3o<\/h2>\n\n\n\n<div style=\"height:26px\" aria-hidden=\"true\" class=\"wp-block-spacer\"><\/div>\n\n\n\n<div class=\"wp-block-columns is-layout-flex wp-container-core-columns-is-layout-9d6595d7 wp-block-columns-is-layout-flex\">\n<div class=\"wp-block-column is-layout-flow wp-block-column-is-layout-flow\">\n<h2 class=\"wp-block-heading\">CONTROLE REMOTO PARA PONTE ROLANTE E SISTEMAS DE ELEVA\u00c7\u00c3O\u00a0<\/h2>\n\n\n\n<p>O manuseio preciso e seguro em aplica\u00e7\u00f5es de ponte rolante e sistemas de eleva\u00e7\u00e3o \u00e9 indispens\u00e1vel. Com nosso extenso cat\u00e1logo de controles remotos, a Tele Radio oferece a melhor maneira de trabalhar a uma dist\u00e2ncia segura, sem as limita\u00e7\u00f5es dos cabos e com a m\u00e1xima precis\u00e3o.\u00a0<\/p>\n\n\n\n<p>A seguran\u00e7a dos seus funcion\u00e1rios \u00e9 fundamental. Por isso, sua equipe deve ser capaz de operar normalmente sob qualquer circunst\u00e2ncia. A Tele Radio \u00e9 a solu\u00e7\u00e3o perfeita em controles remotos. Voc\u00ea pode controlar uma aplica\u00e7\u00e3o de ponte rolante ou sistema de eleva\u00e7\u00e3o com o transmissor port\u00e1til, que cabe no seu bolso, ou com vers\u00f5es Joystick para cargas pesadas.&nbsp;<\/p>\n\n\n\n<p>Nossos transmissores permitem operar os equipamentos a uma dist\u00e2ncia segura e com grande precis\u00e3o. S\u00e3o robustos, dur\u00e1veis e protegidos contra poeira e \u00e1gua. Al\u00e9m disso, garantimos um sinal est\u00e1vel entre o controle e a m\u00e1quina, independentemente das condi\u00e7\u00f5es. Nossos sistemas tamb\u00e9m contam com v\u00e1rios n\u00edveis de seguran\u00e7a verificados de forma independente. Voc\u00ea pode at\u00e9 substituir transmissores danificados ou perdidos sem a necessidade de acessar o receptor. Com a Tele Radio, a seguran\u00e7a est\u00e1 garantida.\u00a0<\/p>\n\n\n\n<p><strong>Sistema \u00e0 prova de falhas<\/strong>&nbsp;<br>Os rel\u00e9s s\u00e3o desativados automaticamente por seguran\u00e7a quando o equipamento est\u00e1 fora de alcance, sem bateria ou avariado. Nossos sistemas possuem n\u00edveis de seguran\u00e7a certificados de forma independente.&nbsp;<\/p>\n\n\n\n<p><strong>Prote\u00e7\u00e3o contra poeira e \u00e1gua<\/strong>&nbsp;<br>Nossos transmissores s\u00e3o extremamente robustos e possuem certifica\u00e7\u00f5es IP65 e IP67, garantindo sua resist\u00eancia nos ambientes mais exigentes.&nbsp;<\/p>\n\n\n\n<p><strong>Servi\u00e7o excelente<\/strong>&nbsp;<br>Clientes de todo o mundo confiam na Tele Radio. Oferecemos um excelente servi\u00e7o e solu\u00e7\u00f5es personalizadas para atender \u00e0s suas necessidades.&nbsp;<\/p>\n<\/div>\n\n\n\n<div class=\"wp-block-column is-layout-flow wp-block-column-is-layout-flow\" style=\"flex-basis:100px\"><\/div>\n\n\n\n<div class=\"wp-block-column is-layout-flow wp-block-column-is-layout-flow\">\n<div style=\"height:31px\" aria-hidden=\"true\" class=\"wp-block-spacer\"><\/div>\n\n\n\n<div class=\"wp-block-cover is-light\" style=\"min-height:788px;aspect-ratio:unset;\"><span aria-hidden=\"true\" class=\"wp-block-cover__background has-black-background-color has-background-dim-20 has-background-dim\"><\/span><img loading=\"lazy\" decoding=\"async\" width=\"1597\" height=\"2400\" class=\"wp-block-cover__image-background wp-image-116014\" alt=\"\" src=\"https:\/\/www.tele-radio.com\/app\/uploads\/FM_LC_PN_0027.jpg\" style=\"object-position:62% 56%\" data-object-fit=\"cover\" data-object-position=\"62% 56%\" srcset=\"https:\/\/www.tele-radio.com\/app\/uploads\/FM_LC_PN_0027.jpg 1597w, https:\/\/www.tele-radio.com\/app\/uploads\/FM_LC_PN_0027-266x400.jpg 266w, https:\/\/www.tele-radio.com\/app\/uploads\/FM_LC_PN_0027-799x1200.jpg 799w, https:\/\/www.tele-radio.com\/app\/uploads\/FM_LC_PN_0027-768x1154.jpg 768w, https:\/\/www.tele-radio.com\/app\/uploads\/FM_LC_PN_0027-1022x1536.jpg 1022w, https:\/\/www.tele-radio.com\/app\/uploads\/FM_LC_PN_0027-1363x2048.jpg 1363w, https:\/\/www.tele-radio.com\/app\/uploads\/FM_LC_PN_0027-499x750.jpg 499w, https:\/\/www.tele-radio.com\/app\/uploads\/FM_LC_PN_0027-333x500.jpg 333w, https:\/\/www.tele-radio.com\/app\/uploads\/FM_LC_PN_0027-1065x1600.jpg 1065w, https:\/\/www.tele-radio.com\/app\/uploads\/FM_LC_PN_0027-532x800.jpg 532w\" sizes=\"auto, (max-width: 1597px) 100vw, 1597px\" \/><div class=\"wp-block-cover__inner-container is-layout-flow wp-block-cover-is-layout-flow\">\n<p class=\"has-text-align-center has-large-font-size\"><\/p>\n<\/div><\/div>\n<\/div>\n<\/div>\n\n\n\n<div style=\"height:100px\" aria-hidden=\"true\" class=\"wp-block-spacer\"><\/div>\n\n\n\n<h2 class=\"wp-block-heading\"><strong>Modelos de transmissores<\/strong><\/h2>\n\n\n\n<div class=\"wp-block-columns is-layout-flex wp-container-core-columns-is-layout-9d6595d7 wp-block-columns-is-layout-flex\">\n<div class=\"wp-block-column is-vertically-aligned-bottom is-layout-flow wp-block-column-is-layout-flow\"><div class=\"wp-block-image\">\n<figure class=\"aligncenter size-full is-resized\"><img loading=\"lazy\" decoding=\"async\" width=\"180\" height=\"400\" src=\"https:\/\/www.tele-radio.com\/app\/uploads\/pn-t19-battery-life-1.png\" alt=\"\" class=\"wp-image-50467\" style=\"width:auto;height:158px\"\/><\/figure><\/div>\n\n\n<p class=\"has-text-align-center\"><em>Panther T19-2<\/em><\/p>\n\n\n\n<div class=\"wp-block-cover is-light\"><span aria-hidden=\"true\" class=\"wp-block-cover__background has-background-dim-100 has-background-dim\" style=\"background-color:#ffb300\"><\/span><div class=\"wp-block-cover__inner-container is-layout-flow wp-block-cover-is-layout-flow\">\n<ul class=\"wp-block-list\">\n<li>8 bot\u00f5es de dois est\u00e1gios.\u00a0<\/li>\n\n\n\n<li>Alcance de at\u00e9 500 metros, expans\u00edvel com acess\u00f3rios.\u00a0<\/li>\n\n\n\n<li>Prote\u00e7\u00e3o IP65.\u00a0<\/li>\n<\/ul>\n<\/div><\/div>\n<\/div>\n\n\n\n<div class=\"wp-block-column is-vertically-aligned-bottom is-layout-flow wp-block-column-is-layout-flow\"><div class=\"wp-block-image\">\n<figure class=\"aligncenter size-medium is-resized\"><img loading=\"lazy\" decoding=\"async\" width=\"229\" height=\"400\" src=\"https:\/\/www.tele-radio.com\/app\/uploads\/\/pn-t29-12-229x400.png\" alt=\"\" class=\"wp-image-114118\" style=\"width:auto;height:200px\" srcset=\"https:\/\/www.tele-radio.com\/app\/uploads\/pn-t29-12-229x400.png 229w, https:\/\/www.tele-radio.com\/app\/uploads\/pn-t29-12-429x750.png 429w, https:\/\/www.tele-radio.com\/app\/uploads\/pn-t29-12-286x500.png 286w, https:\/\/www.tele-radio.com\/app\/uploads\/pn-t29-12-457x800.png 457w, https:\/\/www.tele-radio.com\/app\/uploads\/pn-t29-12.png 564w\" sizes=\"auto, (max-width: 229px) 100vw, 229px\" \/><\/figure><\/div>\n\n\n<p class=\"has-text-align-center\"><em>Panther T29-12<\/em><\/p>\n\n\n\n<div class=\"wp-block-cover is-light\"><span aria-hidden=\"true\" class=\"wp-block-cover__background has-background-dim-100 has-background-dim\" style=\"background-color:#ffb300\"><\/span><div class=\"wp-block-cover__inner-container is-layout-flow wp-block-cover-is-layout-flow\">\n<ul class=\"wp-block-list\">\n<li>12 bot\u00f5es de dois est\u00e1gios.\u00a0<\/li>\n\n\n\n<li>Alcance de at\u00e9 500 metros, expans\u00edvel com acess\u00f3rios.\u00a0<\/li>\n\n\n\n<li>Prote\u00e7\u00e3o IP65.\u00a0<\/li>\n<\/ul>\n<\/div><\/div>\n<\/div>\n\n\n\n<div class=\"wp-block-column is-vertically-aligned-bottom is-layout-flow wp-block-column-is-layout-flow\"><div class=\"wp-block-image\">\n<figure class=\"aligncenter size-large is-resized\"><img loading=\"lazy\" decoding=\"async\" width=\"558\" height=\"1200\" src=\"https:\/\/www.tele-radio.com\/app\/uploads\/\/TG-T9-2-1-558x1200.png\" alt=\"\" class=\"wp-image-153531\" style=\"width:auto;height:150px\" srcset=\"https:\/\/www.tele-radio.com\/app\/uploads\/TG-T9-2-1-558x1200.png 558w, https:\/\/www.tele-radio.com\/app\/uploads\/TG-T9-2-1-186x400.png 186w, https:\/\/www.tele-radio.com\/app\/uploads\/TG-T9-2-1-349x750.png 349w, https:\/\/www.tele-radio.com\/app\/uploads\/TG-T9-2-1-232x500.png 232w, https:\/\/www.tele-radio.com\/app\/uploads\/TG-T9-2-1-372x800.png 372w, https:\/\/www.tele-radio.com\/app\/uploads\/TG-T9-2-1.png 562w\" sizes=\"auto, (max-width: 558px) 100vw, 558px\" \/><\/figure><\/div>\n\n\n<p class=\"has-text-align-center\"><em>Tiger T9-12<\/em><\/p>\n\n\n\n<div class=\"wp-block-cover is-light\"><span aria-hidden=\"true\" class=\"wp-block-cover__background has-background-dim-100 has-background-dim\" style=\"background-color:#ffb300\"><\/span><div class=\"wp-block-cover__inner-container is-layout-flow wp-block-cover-is-layout-flow\">\n<ul class=\"wp-block-list\">\n<li>6 bot\u00f5es de dois est\u00e1gios.\u00a0<\/li>\n\n\n\n<li>Alcance de at\u00e9 1000 metros, expans\u00edvel com acess\u00f3rios.\u00a0<\/li>\n\n\n\n<li>Prote\u00e7\u00e3o IP66.\u00a0<\/li>\n<\/ul>\n<\/div><\/div>\n<\/div>\n\n\n\n<div class=\"wp-block-column is-layout-flow wp-block-column-is-layout-flow\"><div class=\"wp-block-image\">\n<figure class=\"aligncenter size-medium is-resized\"><img loading=\"lazy\" decoding=\"async\" width=\"149\" height=\"400\" src=\"https:\/\/www.tele-radio.com\/app\/uploads\/\/TG-T11-4-1-149x400.png\" alt=\"\" class=\"wp-image-153555\" style=\"width:auto;height:200px\" srcset=\"https:\/\/www.tele-radio.com\/app\/uploads\/TG-T11-4-1-149x400.png 149w, https:\/\/www.tele-radio.com\/app\/uploads\/TG-T11-4-1-447x1200.png 447w, https:\/\/www.tele-radio.com\/app\/uploads\/TG-T11-4-1-279x750.png 279w, https:\/\/www.tele-radio.com\/app\/uploads\/TG-T11-4-1-186x500.png 186w, https:\/\/www.tele-radio.com\/app\/uploads\/TG-T11-4-1-298x800.png 298w, https:\/\/www.tele-radio.com\/app\/uploads\/TG-T11-4-1.png 450w\" sizes=\"auto, (max-width: 149px) 100vw, 149px\" \/><\/figure><\/div>\n\n\n<p class=\"has-text-align-center\"><em>Tiger T11-14<\/em><\/p>\n\n\n\n<div class=\"wp-block-cover is-light\"><span aria-hidden=\"true\" class=\"wp-block-cover__background has-background-dim-100 has-background-dim\" style=\"background-color:#ffb300\"><\/span><div class=\"wp-block-cover__inner-container is-layout-flow wp-block-cover-is-layout-flow\">\n<ul class=\"wp-block-list\">\n<li>10 bot\u00f5es de dois est\u00e1gios.\u00a0<\/li>\n\n\n\n<li>Alcance de at\u00e9 1000 metros, expans\u00edvel com acess\u00f3rios.\u00a0<\/li>\n\n\n\n<li>Prote\u00e7\u00e3o IP65.\u00a0<\/li>\n<\/ul>\n<\/div><\/div>\n<\/div>\n<\/div>\n\n\n\n<div class=\"wp-block-cover is-light\"><span aria-hidden=\"true\" class=\"wp-block-cover__background has-cyan-bluish-gray-background-color has-background-dim-100 has-background-dim\"><\/span><div class=\"wp-block-cover__inner-container is-layout-flow wp-block-cover-is-layout-flow\">\n<p><\/p>\n\n\n\n<ul class=\"wp-block-list\">\n<li>Todos os transmissores possuem desligamento autom\u00e1tico de seguran\u00e7a quando est\u00e3o fora de alcance, com a bateria esgotada ou se o controle for danificado. Al\u00e9m disso, voc\u00ea pode personalizar a apar\u00eancia do controle com as cores e \u00edcones da sua empresa.\u00a0<\/li>\n\n\n\n<li>Um \u00fanico receptor pode registrar at\u00e9 8 transmissores, embora, por seguran\u00e7a, apenas um pode operar por vez. Al\u00e9m disso, com um \u00fanico transmissor, voc\u00ea pode controlar at\u00e9 quatro equipamentos de forma independente, cada um com seu receptor.\u00a0<\/li>\n<\/ul>\n<\/div><\/div>\n\n\n\n\n\n<div style=\"height:100px\" aria-hidden=\"true\" class=\"wp-block-spacer\"><\/div>\n\n\n\n<p><strong>Controles para Pontes Rolantes em tandem<\/strong>\u00a0<br>Para um controle seguro em Pontes Rolantes tandem, a comunica\u00e7\u00e3o entre as Pontes Rolantes \u00e9 essencial. Nossos sistemas transceptores permitem a comunica\u00e7\u00e3o cont\u00ednua entre as Pontes Rolantes, o que aumenta a seguran\u00e7a. Quando uma Ponte Rolante atinge o sensor final de seu percurso, ela passa de velocidade r\u00e1pida para lenta de forma sincronizada com a outra Ponte Rolante, e ambas param ao mesmo tempo, garantindo que a carga e os operadores n\u00e3o corram riscos.\u00a0<\/p>\n\n\n\n<p><\/p>\n\n\n\n<h2 class=\"wp-block-heading has-text-align-center\"><strong>APLICA\u00c7\u00d5ES<\/strong><\/h2>\n\n\n\n<p class=\"has-text-align-center\"><em>Aqui est\u00e3o alguns exemplos de aplica\u00e7\u00f5es e seus produtos t\u00edpicos:<\/em><\/p>\n\n\n\n<div class=\"wp-block-columns is-layout-flex wp-container-core-columns-is-layout-9d6595d7 wp-block-columns-is-layout-flex\">\n<div class=\"wp-block-column is-layout-flow wp-block-column-is-layout-flow\">\n<div class=\"wp-block-cover is-light\"><span aria-hidden=\"true\" class=\"wp-block-cover__background has-white-background-color has-background-dim-100 has-background-dim\"><\/span><div class=\"wp-block-cover__inner-container is-layout-flow wp-block-cover-is-layout-flow\"><div class=\"wp-block-image is-style-default\">\n<figure class=\"aligncenter size-full\"><img loading=\"lazy\" decoding=\"async\" width=\"64\" height=\"64\" src=\"https:\/\/www.tele-radio.com\/app\/uploads\/tower-crane-1.png\" alt=\"\" class=\"wp-image-118332\"\/><\/figure><\/div>\n\n\n<p class=\"has-text-align-center has-black-color has-text-color\"><strong>Guindastes<\/strong><\/p>\n\n\n\n<p class=\"has-text-align-center has-black-color has-text-color\">Os guindastes sem cabine utilizam controle remoto, e a Tele Radio oferece solu\u00e7\u00f5es adaptadas para o seu manuseio. Nossos sistemas s\u00e3o certificados em PLd e PLe, o que \u00e9 uma exig\u00eancia em muitos pa\u00edses quando as cargas de eleva\u00e7\u00e3o passam sobre pessoas.\u00a0<\/p>\n<\/div><\/div>\n<\/div>\n\n\n\n<div class=\"wp-block-column is-vertically-aligned-top is-layout-flow wp-block-column-is-layout-flow\">\n<div class=\"wp-block-cover is-light\"><span aria-hidden=\"true\" class=\"wp-block-cover__background has-white-background-color has-background-dim-100 has-background-dim\"><\/span><div class=\"wp-block-cover__inner-container is-layout-flow wp-block-cover-is-layout-flow\"><div class=\"wp-block-image is-style-default\">\n<figure class=\"aligncenter size-full\"><img loading=\"lazy\" decoding=\"async\" width=\"64\" height=\"64\" src=\"https:\/\/www.tele-radio.com\/app\/uploads\/winch-1.png\" alt=\"\" class=\"wp-image-118355\"\/><\/figure><\/div>\n\n\n<p class=\"has-text-align-center has-black-color has-text-color\"><strong>Talhas el\u00e9tricas<\/strong><\/p>\n\n\n\n<p class=\"has-text-align-center has-black-color has-text-color\">Uma talha \u00e9 um dispositivo de eleva\u00e7\u00e3o com correntes utilizado para cargas leves de at\u00e9 5 toneladas. O controle remoto permite que o operador trabalhe a uma dist\u00e2ncia segura e em uma posi\u00e7\u00e3o mais confort\u00e1vel.\u00a0<\/p>\n<\/div><\/div>\n<\/div>\n\n\n\n<div class=\"wp-block-column is-vertically-aligned-top is-layout-flow wp-block-column-is-layout-flow\">\n<div style=\"height:65px\" aria-hidden=\"true\" class=\"wp-block-spacer\"><\/div>\n\n\n<div class=\"wp-block-image is-style-default\">\n<figure class=\"aligncenter size-full\"><img loading=\"lazy\" decoding=\"async\" width=\"64\" height=\"64\" src=\"https:\/\/www.tele-radio.com\/app\/uploads\/overhead-1.png\" alt=\"\" class=\"wp-image-118378\"\/><\/figure><\/div>\n\n\n<p class=\"has-text-align-center\"><strong>Pontes rolantes<\/strong><\/p>\n\n\n\n<p class=\"has-text-align-center\">As pontes rolantes el\u00e9tricas s\u00e3o grandes vigas de carga que se movem sobre trilhos no teto de um armaz\u00e9m. Esses guindastes podem levantar cargas desde pequenas at\u00e9 mais de 100 toneladas. Nosso sistema Panther \u00e9 o mais utilizado, embora cada vez mais clientes estejam optando pelos controles Joystick TEQ para maior precis\u00e3o.<\/p>\n<\/div>\n<\/div>\n\n\n\n<h3 class=\"wp-block-heading has-text-align-center\"><strong>Suas exig\u00eancias de funcionalidade e seguran\u00e7a<\/strong><\/h3>\n\n\n\n<p>Na Tele Radio, ajudamos voc\u00ea a escolher o melhor transmissor para sua aplica\u00e7\u00e3o. Disponibilizamos diferentes transmissores com caracter\u00edsticas espec\u00edficas, e as tr\u00eas considera\u00e7\u00f5es a seguir s\u00e3o fundamentais:<\/p>\n\n\n\n<div class=\"wp-block-media-text alignwide is-stacked-on-mobile is-vertically-aligned-center\" style=\"grid-template-columns:15% auto\"><figure class=\"wp-block-media-text__media\"><img loading=\"lazy\" decoding=\"async\" width=\"404\" height=\"404\" src=\"https:\/\/www.tele-radio.com\/app\/uploads\/Safety_level_2.png\" alt=\"\" class=\"wp-image-68198 size-full\" srcset=\"https:\/\/www.tele-radio.com\/app\/uploads\/Safety_level_2.png 404w, https:\/\/www.tele-radio.com\/app\/uploads\/Safety_level_2-400x400.png 400w, https:\/\/www.tele-radio.com\/app\/uploads\/Safety_level_2-150x150.png 150w, https:\/\/www.tele-radio.com\/app\/uploads\/Safety_level_2-250x250.png 250w\" sizes=\"auto, (max-width: 404px) 100vw, 404px\" \/><\/figure><div class=\"wp-block-media-text__content\">\n<p><strong><strong>N\u00edvel de seguran\u00e7a<\/strong><\/strong><\/p>\n\n\n\n<p>Nossos transmissores possuem diversas certifica\u00e7\u00f5es de seguran\u00e7a independentes. Isso garante que as fun\u00e7\u00f5es de seguran\u00e7a, como os bot\u00f5es de parada, foram testados por uma entidade externa. Se voc\u00ea precisa minimizar o risco de acidentes, recomendamos um sistema com certifica\u00e7\u00e3o de seguran\u00e7a independente.<\/p>\n<\/div><\/div>\n\n\n\n<div class=\"wp-block-media-text alignwide is-stacked-on-mobile is-vertically-aligned-center\" style=\"grid-template-columns:15% auto\"><figure class=\"wp-block-media-text__media\"><img loading=\"lazy\" decoding=\"async\" width=\"404\" height=\"404\" src=\"https:\/\/www.tele-radio.com\/app\/uploads\/Control_element_2.png\" alt=\"\" class=\"wp-image-68176 size-full\" srcset=\"https:\/\/www.tele-radio.com\/app\/uploads\/Control_element_2.png 404w, https:\/\/www.tele-radio.com\/app\/uploads\/Control_element_2-400x400.png 400w, https:\/\/www.tele-radio.com\/app\/uploads\/Control_element_2-150x150.png 150w, https:\/\/www.tele-radio.com\/app\/uploads\/Control_element_2-250x250.png 250w\" sizes=\"auto, (max-width: 404px) 100vw, 404px\" \/><\/figure><div class=\"wp-block-media-text__content\">\n<p><strong><strong>Bot\u00f5es ou joysticks<\/strong><\/strong><\/p>\n\n\n\n<p>Um transmissor com bot\u00f5es pode ser mais pr\u00e1tico, mas n\u00e3o menos preciso. Por exemplo, os bot\u00f5es de press\u00e3o proporcional permitem ajustar a precis\u00e3o da opera\u00e7\u00e3o. Os transmissores com joystick, embora maiores, oferecem mais <a href=\"https:\/\/www.tele-radio.com\/pt-br\/etiquetas-personalizadas\/\">op\u00e7\u00f5es de personaliza\u00e7\u00e3o,<\/a> como interruptores adicionais e alavancas.<\/p>\n<\/div><\/div>\n\n\n\n<div class=\"wp-block-media-text alignwide is-stacked-on-mobile\" style=\"grid-template-columns:15% auto\"><figure class=\"wp-block-media-text__media\"><img loading=\"lazy\" decoding=\"async\" width=\"404\" height=\"404\" src=\"https:\/\/www.tele-radio.com\/app\/uploads\/Feedback_2.png\" alt=\"\" class=\"wp-image-68223 size-full\" srcset=\"https:\/\/www.tele-radio.com\/app\/uploads\/Feedback_2.png 404w, https:\/\/www.tele-radio.com\/app\/uploads\/Feedback_2-400x400.png 400w, https:\/\/www.tele-radio.com\/app\/uploads\/Feedback_2-150x150.png 150w, https:\/\/www.tele-radio.com\/app\/uploads\/Feedback_2-250x250.png 250w\" sizes=\"auto, (max-width: 404px) 100vw, 404px\" \/><\/figure><div class=\"wp-block-media-text__content\">\n<p><strong><strong>Informa\u00e7\u00f5es de feedback<\/strong><\/strong><\/p>\n\n\n\n<p>Alguns transmissores podem receber informa\u00e7\u00f5es diretamente do receptor, exibidas por LEDs ou em uma tela. Isso permite visualizar dados como o peso elevado ao operar um guincho ou sinais de advert\u00eancia, o que \u00e9 especialmente \u00fatil em aplica\u00e7\u00f5es mais complexas.<br>\u200b<\/p>\n\n\n\n<p><\/p>\n<\/div><\/div>\n\n\n\n<div style=\"height:60px\" aria-hidden=\"true\" class=\"wp-block-spacer\"><\/div>\n\n\n\n<p><strong>Contact us<\/strong><\/p>\n\n\n\n<div class=\"wp-block-contact-form-7-contact-form-selector\">\n<div class=\"wpcf7 no-js\" id=\"wpcf7-f46900-o1\" lang=\"en-EN\" dir=\"ltr\" data-wpcf7-id=\"46900\">\n<div class=\"screen-reader-response\"><p role=\"status\" aria-live=\"polite\" aria-atomic=\"true\"><\/p> <ul><\/ul><\/div>\n<form action=\"\/pt-br\/wp-json\/wp\/v2\/pages\/237747#wpcf7-f46900-o1\" method=\"post\" class=\"wpcf7-form init\" aria-label=\"Contact form\" novalidate=\"novalidate\" data-status=\"init\">\n<fieldset class=\"hidden-fields-container\"><input type=\"hidden\" name=\"_wpcf7\" value=\"46900\" \/><input type=\"hidden\" name=\"_wpcf7_version\" value=\"6.1\" \/><input type=\"hidden\" name=\"_wpcf7_locale\" value=\"en_EN\" \/><input type=\"hidden\" name=\"_wpcf7_unit_tag\" value=\"wpcf7-f46900-o1\" \/><input type=\"hidden\" name=\"_wpcf7_container_post\" value=\"0\" \/><input type=\"hidden\" name=\"_wpcf7_posted_data_hash\" value=\"\" \/><input type=\"hidden\" name=\"_wpcf7_recaptcha_response\" value=\"\" \/>\n<\/fieldset>\n<p><label> Nome*<br \/>\n<span class=\"wpcf7-form-control-wrap\" data-name=\"nombre\"><input size=\"40\" maxlength=\"400\" class=\"wpcf7-form-control wpcf7-text wpcf7-validates-as-required\" aria-required=\"true\" aria-invalid=\"false\" placeholder=\"Seu nome\" value=\"\" type=\"text\" name=\"nombre\" \/><\/span> <\/label>\n<\/p>\n<p><label> Email*<br \/>\n<span class=\"wpcf7-form-control-wrap\" data-name=\"tu-email\"><input size=\"40\" maxlength=\"400\" class=\"wpcf7-form-control wpcf7-email wpcf7-validates-as-required wpcf7-text wpcf7-validates-as-email\" aria-required=\"true\" aria-invalid=\"false\" placeholder=\"Seu email\" value=\"\" type=\"email\" name=\"tu-email\" \/><\/span> <\/label>\n<\/p>\n<p><label> Tel\u00e9fono*<br \/>\n<span class=\"wpcf7-form-control-wrap\" data-name=\"tu-tfno\"><input size=\"40\" maxlength=\"400\" class=\"wpcf7-form-control wpcf7-tel wpcf7-validates-as-required wpcf7-text wpcf7-validates-as-tel\" aria-required=\"true\" aria-invalid=\"false\" placeholder=\"telefone de contato\" value=\"\" type=\"tel\" name=\"tu-tfno\" \/><\/span> <\/label>\n<\/p>\n<p><label> Sua mensagem*<br \/>\n<span class=\"wpcf7-form-control-wrap\" data-name=\"your-message\"><textarea cols=\"40\" rows=\"10\" maxlength=\"2000\" class=\"wpcf7-form-control wpcf7-textarea wpcf7-validates-as-required\" aria-required=\"true\" aria-invalid=\"false\" placeholder=\"Escreva aqui em qual transmissor, equipamento ou aplica\u00e7\u00e3o voc\u00ea est\u00e1 interessado; ou se voc\u00ea tiver alguma d\u00favida.\" name=\"your-message\"><\/textarea><\/span> <\/label>\n<\/p>\n<p><input class=\"wpcf7-form-control wpcf7-submit has-spinner\" type=\"submit\" value=\"Enviar\" \/>\n<\/p><div class=\"wpcf7-response-output\" aria-hidden=\"true\"><\/div>\n<\/form>\n<\/div>\n\r\n\t\t\t\t<script>\r\n\t\t\t\tif ( typeof huOptions !== 'undefined' ) {\r\n\t\t\t\t\tvar huFormData = {\"source\":\"contactform7\",\"id\":46900,\"title\":\"TRBRA-form\",\"fields\":{\"subject\":{\"first_name\":\"your-name\",\"email\":\"your-email\"},\"preferences\":{\"terms\":\"your-consent\"}}};\r\n\t\t\t\t\tvar huFormNode = document.querySelector( '[id^=\"wpcf7-f46900-\"] form' );\r\n\r\n\t\t\t\t\thuFormData['node'] = huFormNode;\r\n\t\t\t\t\thuOptions['forms'].push( huFormData );\r\n\t\t\t\t}\r\n\t\t\t\t<\/script><\/div>\n","protected":false},"excerpt":{"rendered":"<p>Controle remoto para ponte rolante e sistemas de eleva\u00e7\u00e3o CONTROLE REMOTO PARA PONTE ROLANTE E SISTEMAS DE ELEVA\u00c7\u00c3O\u00a0 O manuseio preciso e seguro em aplica\u00e7\u00f5es de ponte rolante e sistemas de eleva\u00e7\u00e3o \u00e9 indispens\u00e1vel. Com nosso extenso cat\u00e1logo de controles remotos, a Tele Radio oferece a melhor maneira de trabalhar a uma dist\u00e2ncia segura, sem [&hellip;]<\/p>\n","protected":false},"author":54,"featured_media":0,"parent":0,"menu_order":0,"comment_status":"closed","ping_status":"closed","template":"","meta":{"_acf_changed":false,"footnotes":""},"class_list":["post-237747","page","type-page","status-publish","hentry"],"acf":[],"_links":{"self":[{"href":"https:\/\/www.tele-radio.com\/pt-br\/wp-json\/wp\/v2\/pages\/237747","targetHints":{"allow":["GET"]}}],"collection":[{"href":"https:\/\/www.tele-radio.com\/pt-br\/wp-json\/wp\/v2\/pages"}],"about":[{"href":"https:\/\/www.tele-radio.com\/pt-br\/wp-json\/wp\/v2\/types\/page"}],"author":[{"embeddable":true,"href":"https:\/\/www.tele-radio.com\/pt-br\/wp-json\/wp\/v2\/users\/54"}],"replies":[{"embeddable":true,"href":"https:\/\/www.tele-radio.com\/pt-br\/wp-json\/wp\/v2\/comments?post=237747"}],"version-history":[{"count":1,"href":"https:\/\/www.tele-radio.com\/pt-br\/wp-json\/wp\/v2\/pages\/237747\/revisions"}],"predecessor-version":[{"id":237751,"href":"https:\/\/www.tele-radio.com\/pt-br\/wp-json\/wp\/v2\/pages\/237747\/revisions\/237751"}],"wp:attachment":[{"href":"https:\/\/www.tele-radio.com\/pt-br\/wp-json\/wp\/v2\/media?parent=237747"}],"curies":[{"name":"wp","href":"https:\/\/api.w.org\/{rel}","templated":true}]}}