{"id":237740,"date":"2025-01-03T09:16:35","date_gmt":"2025-01-03T09:16:35","guid":{"rendered":"https:\/\/www.tele-radio.com\/?page_id=237740"},"modified":"2025-01-03T09:16:44","modified_gmt":"2025-01-03T09:16:44","slug":"controles-remotos-industriais-maquinas","status":"publish","type":"page","link":"https:\/\/www.tele-radio.com\/pt-br\/controles-remotos-industriais-maquinas\/","title":{"rendered":"INDUSTRIAL &#038; MACHINES"},"content":{"rendered":"\n<h1 class=\"wp-block-heading has-text-align-center\">CONTROLES REMOTOS INDUSTRIAIS E M\u00c1QUINAS\u00a0<\/h1>\n\n\n\n<div style=\"height:82px\" aria-hidden=\"true\" class=\"wp-block-spacer\"><\/div>\n\n\n\n<div class=\"wp-block-columns is-layout-flex wp-container-core-columns-is-layout-9d6595d7 wp-block-columns-is-layout-flex\">\n<div class=\"wp-block-column is-layout-flow wp-block-column-is-layout-flow\">\n<h2 class=\"wp-block-heading\">Um mercado diversificado<\/h2>\n\n\n\n<pre id=\"tw-target-text\" class=\"wp-block-preformatted\"><\/pre>\n\n\n\n<p>O setor industrial abrange uma ampla variedade de \u00e1reas operacionais, desde britadores de rocha e fabrica\u00e7\u00e3o de a\u00e7o, at\u00e9 coberturas de silos profissionais. Na Tele Radio, mantemos um relacionamento de longo prazo com nossos clientes nessas \u00e1reas, o que reflete nosso compromisso em oferecer solu\u00e7\u00f5es especializadas e suporte de qualidade. A seguran\u00e7a \u00e9 crucial no setor industrial, por isso nos esfor\u00e7amos para criar produtos robustos e confi\u00e1veis que atendam \u00e0s exig\u00eancias mais rigorosas.&nbsp;<\/p>\n\n\n\n<p>Sabemos que as m\u00e1quinas devem estar operacionais 100% do tempo para atender \u00e0s demandas dos clientes. Por isso, nossos controles s\u00e3o projetados para serem resistentes a impactos e, caso precisem de substitui\u00e7\u00e3o, implementamos um sistema que torna isso r\u00e1pido e simples.\u00a0<\/p>\n\n\n\n<div class=\"wp-block-cover\" style=\"min-height:549px;aspect-ratio:unset;\"><span aria-hidden=\"true\" class=\"wp-block-cover__background has-background-dim-20 has-background-dim\"><\/span><img loading=\"lazy\" decoding=\"async\" width=\"1597\" height=\"2400\" class=\"wp-block-cover__image-background wp-image-98938\" alt=\"wireless solutions for industrial and machines\" src=\"https:\/\/www.tele-radio.com\/app\/uploads\/FM_LC_PN_0026.jpg\" data-object-fit=\"cover\" srcset=\"https:\/\/www.tele-radio.com\/app\/uploads\/FM_LC_PN_0026.jpg 1597w, https:\/\/www.tele-radio.com\/app\/uploads\/FM_LC_PN_0026-266x400.jpg 266w, https:\/\/www.tele-radio.com\/app\/uploads\/FM_LC_PN_0026-799x1200.jpg 799w, https:\/\/www.tele-radio.com\/app\/uploads\/FM_LC_PN_0026-768x1154.jpg 768w, https:\/\/www.tele-radio.com\/app\/uploads\/FM_LC_PN_0026-1022x1536.jpg 1022w, https:\/\/www.tele-radio.com\/app\/uploads\/FM_LC_PN_0026-1363x2048.jpg 1363w, https:\/\/www.tele-radio.com\/app\/uploads\/FM_LC_PN_0026-499x750.jpg 499w, https:\/\/www.tele-radio.com\/app\/uploads\/FM_LC_PN_0026-333x500.jpg 333w, https:\/\/www.tele-radio.com\/app\/uploads\/FM_LC_PN_0026-1065x1600.jpg 1065w, https:\/\/www.tele-radio.com\/app\/uploads\/FM_LC_PN_0026-532x800.jpg 532w\" sizes=\"auto, (max-width: 1597px) 100vw, 1597px\" \/><div class=\"wp-block-cover__inner-container is-layout-flow wp-block-cover-is-layout-flow\">\n<p class=\"has-text-align-center has-large-font-size\"><\/p>\n<\/div><\/div>\n<\/div>\n<\/div>\n\n\n\n<p><strong>Sistema \u00e0 prova de falhas<\/strong>&nbsp;<br>Nossos rel\u00e9s s\u00e3o desativados de forma segura quando o equipamento est\u00e1 fora de alcance, sem bateria ou avariado. Todos os nossos sistemas possuem certifica\u00e7\u00f5es de seguran\u00e7a emitidas por entidades independentes.&nbsp;<\/p>\n\n\n\n<p><strong>Prote\u00e7\u00e3o contra poeira e \u00e1gua<\/strong>&nbsp;<br>Nossos transmissores s\u00e3o extremamente robustos. Muitos possuem certifica\u00e7\u00f5es IP65 e a maioria tem certifica\u00e7\u00e3o IP67, garantindo resist\u00eancia \u00e0 poeira e \u00e0 \u00e1gua.&nbsp;<\/p>\n\n\n\n<p><strong>Servi\u00e7o de excel\u00eancia<\/strong>&nbsp;<br>Clientes de todo o mundo confiam em n\u00f3s. Oferecemos um excelente servi\u00e7o e solu\u00e7\u00f5es personalizadas para atender \u00e0s necessidades do seu neg\u00f3cio.&nbsp;<\/p>\n\n\n\n<div style=\"height:100px\" aria-hidden=\"true\" class=\"wp-block-spacer\"><\/div>\n\n\n\n<h2 class=\"wp-block-heading has-text-align-center\">APPLICATIONS &#8211; Controles remotos industriais e m\u00e1quinas<\/h2>\n\n\n\n<p class=\"has-text-align-center\">A seguir, apresentamos alguns exemplos de aplica\u00e7\u00f5es t\u00edpicas na ind\u00fastria:\u00a0<\/p>\n\n\n\n<div class=\"wp-block-columns is-layout-flex wp-container-core-columns-is-layout-9d6595d7 wp-block-columns-is-layout-flex\">\n<div class=\"wp-block-column is-layout-flow wp-block-column-is-layout-flow\">\n<div class=\"wp-block-cover is-light\"><span aria-hidden=\"true\" class=\"wp-block-cover__background has-white-background-color has-background-dim-100 has-background-dim\"><\/span><div class=\"wp-block-cover__inner-container is-layout-flow wp-block-cover-is-layout-flow\"><div class=\"wp-block-image is-style-default\">\n<figure class=\"aligncenter size-full is-resized\"><img loading=\"lazy\" decoding=\"async\" width=\"128\" height=\"128\" src=\"https:\/\/www.tele-radio.com\/app\/uploads\/silo-1.png\" alt=\"\" class=\"wp-image-117864\" style=\"width:71px;height:71px\"\/><\/figure><\/div>\n\n\n<p class=\"has-text-align-center has-black-color has-text-color\"><strong>Coberturas de silos<\/strong><\/p>\n\n\n\n<p class=\"has-text-align-center has-black-color has-text-color\">As coberturas de silos geralmente contam com um sistema que percorre toda a estrutura, normalmente por meio de trilhos, guinchos e um painel de controle. Com um controle remoto, \u00e9 poss\u00edvel operar esse sistema diretamente do trator, evitando a necessidade de sair do ve\u00edculo.<\/p>\n<\/div><\/div>\n<\/div>\n\n\n\n<div class=\"wp-block-column is-vertically-aligned-top is-layout-flow wp-block-column-is-layout-flow\">\n<div class=\"wp-block-cover is-light\"><span aria-hidden=\"true\" class=\"wp-block-cover__background has-white-background-color has-background-dim-100 has-background-dim\"><\/span><div class=\"wp-block-cover__inner-container is-layout-flow wp-block-cover-is-layout-flow\"><div class=\"wp-block-image is-style-default\">\n<figure class=\"aligncenter size-full is-resized\"><img loading=\"lazy\" decoding=\"async\" width=\"128\" height=\"128\" src=\"https:\/\/www.tele-radio.com\/app\/uploads\/conveyor.png\" alt=\"\" class=\"wp-image-117887\" style=\"width:71px;height:71px\"\/><\/figure><\/div>\n\n\n<p class=\"has-text-align-center has-black-color has-text-color\"><strong>Fabrica\u00e7\u00e3o de a\u00e7o<\/strong><\/p>\n\n\n\n<p class=\"has-text-align-center has-black-color has-text-color\">A fabrica\u00e7\u00e3o de a\u00e7o envolve a convers\u00e3o de ferro l\u00edquido e sucata de a\u00e7o em a\u00e7o puro, um processo que apresenta riscos ao operador. Ao usar um controle remoto, elimina-se o perigo de proximidade com as m\u00e1quinas, o que aumenta a seguran\u00e7a.<\/p>\n<\/div><\/div>\n<\/div>\n\n\n\n<div class=\"wp-block-column is-vertically-aligned-top is-layout-flow wp-block-column-is-layout-flow\">\n<div style=\"height:65px\" aria-hidden=\"true\" class=\"wp-block-spacer\"><\/div>\n\n\n<div class=\"wp-block-image is-style-default\">\n<figure class=\"aligncenter size-full is-resized\"><img loading=\"lazy\" decoding=\"async\" width=\"128\" height=\"128\" src=\"https:\/\/www.tele-radio.com\/app\/uploads\/rocks-1.png\" alt=\"\" class=\"wp-image-117910\" style=\"width:71px;height:71px\"\/><\/figure><\/div>\n\n\n<p class=\"has-text-align-center\"><strong>Britadores de rochas<\/strong><\/p>\n\n\n\n<p class=\"has-text-align-center\">Os britadores e peneiras de rochas convertem grandes rochas em peda\u00e7os menores. Essas m\u00e1quinas podem ser operadas remotamente, permitindo que o operador realize fun\u00e7\u00f5es b\u00e1sicas e mova o equipamento com seguran\u00e7a.<\/p>\n<\/div>\n<\/div>\n\n\n\n<div style=\"height:50px\" aria-hidden=\"true\" class=\"wp-block-spacer\"><\/div>\n\n\n\n<h3 class=\"wp-block-heading has-text-align-center\"><strong>Suas exig\u00eancias de funcionalidade e seguran\u00e7a<\/strong><\/h3>\n\n\n\n<p>Na Tele Radio, ajudamos voc\u00ea a escolher o melhor transmissor para sua aplica\u00e7\u00e3o. Disponibilizamos diferentes transmissores com caracter\u00edsticas espec\u00edficas, e as tr\u00eas considera\u00e7\u00f5es a seguir s\u00e3o fundamentais:<\/p>\n\n\n\n<div class=\"wp-block-media-text alignwide is-stacked-on-mobile is-vertically-aligned-center\" style=\"grid-template-columns:15% auto\"><figure class=\"wp-block-media-text__media\"><img loading=\"lazy\" decoding=\"async\" width=\"404\" height=\"404\" src=\"https:\/\/www.tele-radio.com\/app\/uploads\/Safety_level_2.png\" alt=\"\" class=\"wp-image-68198 size-full\" srcset=\"https:\/\/www.tele-radio.com\/app\/uploads\/Safety_level_2.png 404w, https:\/\/www.tele-radio.com\/app\/uploads\/Safety_level_2-400x400.png 400w, https:\/\/www.tele-radio.com\/app\/uploads\/Safety_level_2-150x150.png 150w, https:\/\/www.tele-radio.com\/app\/uploads\/Safety_level_2-250x250.png 250w\" sizes=\"auto, (max-width: 404px) 100vw, 404px\" \/><\/figure><div class=\"wp-block-media-text__content\">\n<p><strong><strong>N\u00edvel de seguran\u00e7a<\/strong><\/strong><\/p>\n\n\n\n<p>Nossos transmissores possuem diversas certifica\u00e7\u00f5es de seguran\u00e7a independentes. Isso garante que as fun\u00e7\u00f5es de seguran\u00e7a, como os bot\u00f5es de parada, foram testados por uma entidade externa. Se voc\u00ea precisa minimizar o risco de acidentes, recomendamos um sistema com certifica\u00e7\u00e3o de seguran\u00e7a independente.<\/p>\n<\/div><\/div>\n\n\n\n<div class=\"wp-block-media-text alignwide is-stacked-on-mobile is-vertically-aligned-center\" style=\"grid-template-columns:15% auto\"><figure class=\"wp-block-media-text__media\"><img loading=\"lazy\" decoding=\"async\" width=\"404\" height=\"404\" src=\"https:\/\/www.tele-radio.com\/app\/uploads\/Control_element_2.png\" alt=\"\" class=\"wp-image-68176 size-full\" srcset=\"https:\/\/www.tele-radio.com\/app\/uploads\/Control_element_2.png 404w, https:\/\/www.tele-radio.com\/app\/uploads\/Control_element_2-400x400.png 400w, https:\/\/www.tele-radio.com\/app\/uploads\/Control_element_2-150x150.png 150w, https:\/\/www.tele-radio.com\/app\/uploads\/Control_element_2-250x250.png 250w\" sizes=\"auto, (max-width: 404px) 100vw, 404px\" \/><\/figure><div class=\"wp-block-media-text__content\">\n<p><strong><strong>Bot\u00f5es ou joysticks<\/strong><\/strong><\/p>\n\n\n\n<p>Um transmissor com bot\u00f5es pode ser mais pr\u00e1tico, mas n\u00e3o menos preciso. Por exemplo, os bot\u00f5es de press\u00e3o proporcional permitem ajustar a precis\u00e3o da opera\u00e7\u00e3o. Os transmissores com joystick, embora maiores, oferecem mais <a href=\"https:\/\/www.tele-radio.com\/pt-br\/etiquetas-personalizadas\/\">op\u00e7\u00f5es de personaliza\u00e7\u00e3o,<\/a> como interruptores adicionais e alavancas.<\/p>\n<\/div><\/div>\n\n\n\n<div class=\"wp-block-media-text alignwide is-stacked-on-mobile\" style=\"grid-template-columns:15% auto\"><figure class=\"wp-block-media-text__media\"><img loading=\"lazy\" decoding=\"async\" width=\"404\" height=\"404\" src=\"https:\/\/www.tele-radio.com\/app\/uploads\/Feedback_2.png\" alt=\"\" class=\"wp-image-68223 size-full\" srcset=\"https:\/\/www.tele-radio.com\/app\/uploads\/Feedback_2.png 404w, https:\/\/www.tele-radio.com\/app\/uploads\/Feedback_2-400x400.png 400w, https:\/\/www.tele-radio.com\/app\/uploads\/Feedback_2-150x150.png 150w, https:\/\/www.tele-radio.com\/app\/uploads\/Feedback_2-250x250.png 250w\" sizes=\"auto, (max-width: 404px) 100vw, 404px\" \/><\/figure><div class=\"wp-block-media-text__content\">\n<p><strong><strong>Informa\u00e7\u00f5es de feedback<\/strong><\/strong><\/p>\n\n\n\n<p>Alguns transmissores podem receber informa\u00e7\u00f5es diretamente do receptor, exibidas por LEDs ou em uma tela. Isso permite visualizar dados como o peso elevado ao operar um guincho ou sinais de advert\u00eancia, o que \u00e9 especialmente \u00fatil em aplica\u00e7\u00f5es mais complexas.<br>\u200b<\/p>\n\n\n\n<p><\/p>\n<\/div><\/div>\n\n\n\n<figure class=\"wp-block-gallery has-nested-images columns-default is-cropped wp-block-gallery-1 is-layout-flex wp-block-gallery-is-layout-flex\">\n<figure class=\"wp-block-image size-large is-resized is-style-default\"><img decoding=\"async\" src=\"https:\/\/www.tele-radio.com\/app\/uploads\/\/Assortiment_2019_zonder_spiegeling_en_schaduw-1200x614.jpg\" alt=\"\" style=\"width:771px;height:394px\"\/><\/figure>\n<\/figure>\n\n\n\n<p><strong>Contact us<\/strong><\/p>\n\n\n\n<div class=\"wp-block-contact-form-7-contact-form-selector\">\n<div class=\"wpcf7 no-js\" id=\"wpcf7-f46900-o1\" lang=\"en-EN\" dir=\"ltr\" data-wpcf7-id=\"46900\">\n<div class=\"screen-reader-response\"><p role=\"status\" aria-live=\"polite\" aria-atomic=\"true\"><\/p> <ul><\/ul><\/div>\n<form action=\"\/pt-br\/wp-json\/wp\/v2\/pages\/237740#wpcf7-f46900-o1\" method=\"post\" class=\"wpcf7-form init\" aria-label=\"Contact form\" novalidate=\"novalidate\" data-status=\"init\">\n<fieldset class=\"hidden-fields-container\"><input type=\"hidden\" name=\"_wpcf7\" value=\"46900\" \/><input type=\"hidden\" name=\"_wpcf7_version\" value=\"6.1\" \/><input type=\"hidden\" name=\"_wpcf7_locale\" value=\"en_EN\" \/><input type=\"hidden\" name=\"_wpcf7_unit_tag\" value=\"wpcf7-f46900-o1\" \/><input type=\"hidden\" name=\"_wpcf7_container_post\" value=\"0\" \/><input type=\"hidden\" name=\"_wpcf7_posted_data_hash\" value=\"\" \/><input type=\"hidden\" name=\"_wpcf7_recaptcha_response\" value=\"\" \/>\n<\/fieldset>\n<p><label> Nome*<br \/>\n<span class=\"wpcf7-form-control-wrap\" data-name=\"nombre\"><input size=\"40\" maxlength=\"400\" class=\"wpcf7-form-control wpcf7-text wpcf7-validates-as-required\" aria-required=\"true\" aria-invalid=\"false\" placeholder=\"Seu nome\" value=\"\" type=\"text\" name=\"nombre\" \/><\/span> <\/label>\n<\/p>\n<p><label> Email*<br \/>\n<span class=\"wpcf7-form-control-wrap\" data-name=\"tu-email\"><input size=\"40\" maxlength=\"400\" class=\"wpcf7-form-control wpcf7-email wpcf7-validates-as-required wpcf7-text wpcf7-validates-as-email\" aria-required=\"true\" aria-invalid=\"false\" placeholder=\"Seu email\" value=\"\" type=\"email\" name=\"tu-email\" \/><\/span> <\/label>\n<\/p>\n<p><label> Tel\u00e9fono*<br \/>\n<span class=\"wpcf7-form-control-wrap\" data-name=\"tu-tfno\"><input size=\"40\" maxlength=\"400\" class=\"wpcf7-form-control wpcf7-tel wpcf7-validates-as-required wpcf7-text wpcf7-validates-as-tel\" aria-required=\"true\" aria-invalid=\"false\" placeholder=\"telefone de contato\" value=\"\" type=\"tel\" name=\"tu-tfno\" \/><\/span> <\/label>\n<\/p>\n<p><label> Sua mensagem*<br \/>\n<span class=\"wpcf7-form-control-wrap\" data-name=\"your-message\"><textarea cols=\"40\" rows=\"10\" maxlength=\"2000\" class=\"wpcf7-form-control wpcf7-textarea wpcf7-validates-as-required\" aria-required=\"true\" aria-invalid=\"false\" placeholder=\"Escreva aqui em qual transmissor, equipamento ou aplica\u00e7\u00e3o voc\u00ea est\u00e1 interessado; ou se voc\u00ea tiver alguma d\u00favida.\" name=\"your-message\"><\/textarea><\/span> <\/label>\n<\/p>\n<p><input class=\"wpcf7-form-control wpcf7-submit has-spinner\" type=\"submit\" value=\"Enviar\" \/>\n<\/p><div class=\"wpcf7-response-output\" aria-hidden=\"true\"><\/div>\n<\/form>\n<\/div>\n\r\n\t\t\t\t<script>\r\n\t\t\t\tif ( typeof huOptions !== 'undefined' ) {\r\n\t\t\t\t\tvar huFormData = {\"source\":\"contactform7\",\"id\":46900,\"title\":\"TRBRA-form\",\"fields\":{\"subject\":{\"first_name\":\"your-name\",\"email\":\"your-email\"},\"preferences\":{\"terms\":\"your-consent\"}}};\r\n\t\t\t\t\tvar huFormNode = document.querySelector( '[id^=\"wpcf7-f46900-\"] form' );\r\n\r\n\t\t\t\t\thuFormData['node'] = huFormNode;\r\n\t\t\t\t\thuOptions['forms'].push( huFormData );\r\n\t\t\t\t}\r\n\t\t\t\t<\/script><\/div>\n","protected":false},"excerpt":{"rendered":"<p>CONTROLES REMOTOS INDUSTRIAIS E M\u00c1QUINAS\u00a0 Um mercado diversificado O setor industrial abrange uma ampla variedade de \u00e1reas operacionais, desde britadores de rocha e fabrica\u00e7\u00e3o de a\u00e7o, at\u00e9 coberturas de silos profissionais. Na Tele Radio, mantemos um relacionamento de longo prazo com nossos clientes nessas \u00e1reas, o que reflete nosso compromisso em oferecer solu\u00e7\u00f5es especializadas e [&hellip;]<\/p>\n","protected":false},"author":54,"featured_media":0,"parent":0,"menu_order":0,"comment_status":"closed","ping_status":"closed","template":"","meta":{"_acf_changed":false,"footnotes":""},"class_list":["post-237740","page","type-page","status-publish","hentry"],"acf":[],"_links":{"self":[{"href":"https:\/\/www.tele-radio.com\/pt-br\/wp-json\/wp\/v2\/pages\/237740","targetHints":{"allow":["GET"]}}],"collection":[{"href":"https:\/\/www.tele-radio.com\/pt-br\/wp-json\/wp\/v2\/pages"}],"about":[{"href":"https:\/\/www.tele-radio.com\/pt-br\/wp-json\/wp\/v2\/types\/page"}],"author":[{"embeddable":true,"href":"https:\/\/www.tele-radio.com\/pt-br\/wp-json\/wp\/v2\/users\/54"}],"replies":[{"embeddable":true,"href":"https:\/\/www.tele-radio.com\/pt-br\/wp-json\/wp\/v2\/comments?post=237740"}],"version-history":[{"count":1,"href":"https:\/\/www.tele-radio.com\/pt-br\/wp-json\/wp\/v2\/pages\/237740\/revisions"}],"predecessor-version":[{"id":237744,"href":"https:\/\/www.tele-radio.com\/pt-br\/wp-json\/wp\/v2\/pages\/237740\/revisions\/237744"}],"wp:attachment":[{"href":"https:\/\/www.tele-radio.com\/pt-br\/wp-json\/wp\/v2\/media?parent=237740"}],"curies":[{"name":"wp","href":"https:\/\/api.w.org\/{rel}","templated":true}]}}