{"id":236050,"date":"2024-12-16T10:55:35","date_gmt":"2024-12-16T10:55:35","guid":{"rendered":"https:\/\/www.tele-radio.com\/?page_id=236050"},"modified":"2024-12-16T11:15:53","modified_gmt":"2024-12-16T11:15:53","slug":"controle-remoto-agricola-florestais","status":"publish","type":"page","link":"https:\/\/www.tele-radio.com\/pt-br\/controle-remoto-agricola-florestais\/","title":{"rendered":"Agricultura"},"content":{"rendered":"\n<h1 class=\"wp-block-heading has-text-align-center\">CONTROLE REMOTO AGR\u00cdCOLA E FLORESTAL&nbsp;<\/h1>\n\n\n\n<div style=\"height:26px\" aria-hidden=\"true\" class=\"wp-block-spacer\"><\/div>\n\n\n\n<div class=\"wp-block-columns is-layout-flex wp-container-core-columns-is-layout-9d6595d7 wp-block-columns-is-layout-flex\">\n<div class=\"wp-block-column is-layout-flow wp-block-column-is-layout-flow\">\n<h2 class=\"wp-block-heading\">Solu\u00e7\u00f5es de controle remoto para agricultura e silvicultura: mais efici\u00eancia, conforto e seguran\u00e7a<\/h2>\n\n\n\n<p>Na Tele Radio, oferecemos solu\u00e7\u00f5es que ajudam a aumentar a produtividade, seja em pequenas propriedades familiares ou na administra\u00e7\u00e3o de milhares de hectares. Desde espalhadores de fertilizantes ou sementes at\u00e9 acess\u00f3rios para tratores controlados da cabine, nossas solu\u00e7\u00f5es s\u00e3o projetadas para facilitar o trabalho e melhorar a efici\u00eancia sem comprometer a seguran\u00e7a.&nbsp;<\/p>\n\n\n\n<p>O controle funcional avan\u00e7ado das m\u00e1quinas atuais exige a integra\u00e7\u00e3o de automa\u00e7\u00e3o GPS, controle a laser, registro de dados e muito mais. \u00c9 aqui que o controle remoto avan\u00e7ado da Tele Radio entra em jogo. Seja para melhorar a visibilidade durante o trabalho ou para se proteger da chuva e do vento, nossas solu\u00e7\u00f5es de controle remoto otimizam sua m\u00e1quina e tornam seu trabalho mais confort\u00e1vel.&nbsp;<\/p>\n\n\n\n<p>Com nossas solu\u00e7\u00f5es de controle remoto agr\u00edcola e florestal, voc\u00ea pode operar qualquer equipamento, seja de funcionamento digital ou proporcional. Al\u00e9m disso, \u00e9 poss\u00edvel integrar balan\u00e7as, controles de n\u00edvel de descarga e sistemas de gerenciamento de dados. Tudo isso ajuda a maximizar seu tempo e esfor\u00e7o, sem comprometer a seguran\u00e7a.&nbsp;<\/p>\n<\/div>\n\n\n\n<div class=\"wp-block-column is-layout-flow wp-block-column-is-layout-flow\" style=\"flex-basis:100px\"><\/div>\n\n\n\n<div class=\"wp-block-column is-layout-flow wp-block-column-is-layout-flow\">\n<div style=\"height:31px\" aria-hidden=\"true\" class=\"wp-block-spacer\"><\/div>\n\n\n\n<div class=\"wp-block-cover\" style=\"min-height:788px;aspect-ratio:unset;\"><span aria-hidden=\"true\" class=\"wp-block-cover__background has-black-background-color has-background-dim-20 has-background-dim\"><\/span><img loading=\"lazy\" decoding=\"async\" width=\"1602\" height=\"2400\" class=\"wp-block-cover__image-background wp-image-98510\" alt=\"controle remoto agr\u00edcola e florestal\" src=\"https:\/\/www.tele-radio.com\/app\/uploads\/FM_MI_PN_0086.jpg\" style=\"object-position:62% 56%\" data-object-fit=\"cover\" data-object-position=\"62% 56%\" srcset=\"https:\/\/www.tele-radio.com\/app\/uploads\/FM_MI_PN_0086.jpg 1602w, https:\/\/www.tele-radio.com\/app\/uploads\/FM_MI_PN_0086-267x400.jpg 267w, https:\/\/www.tele-radio.com\/app\/uploads\/FM_MI_PN_0086-801x1200.jpg 801w, https:\/\/www.tele-radio.com\/app\/uploads\/FM_MI_PN_0086-768x1151.jpg 768w, https:\/\/www.tele-radio.com\/app\/uploads\/FM_MI_PN_0086-1025x1536.jpg 1025w, https:\/\/www.tele-radio.com\/app\/uploads\/FM_MI_PN_0086-1367x2048.jpg 1367w, https:\/\/www.tele-radio.com\/app\/uploads\/FM_MI_PN_0086-501x750.jpg 501w, https:\/\/www.tele-radio.com\/app\/uploads\/FM_MI_PN_0086-334x500.jpg 334w, https:\/\/www.tele-radio.com\/app\/uploads\/FM_MI_PN_0086-1068x1600.jpg 1068w, https:\/\/www.tele-radio.com\/app\/uploads\/FM_MI_PN_0086-534x800.jpg 534w\" sizes=\"auto, (max-width: 1602px) 100vw, 1602px\" \/><div class=\"wp-block-cover__inner-container is-layout-flow wp-block-cover-is-layout-flow\">\n<p class=\"has-text-align-center has-large-font-size\"><\/p>\n<\/div><\/div>\n<\/div>\n<\/div>\n\n\n\n\n\n<div style=\"height:21px\" aria-hidden=\"true\" class=\"wp-block-spacer\"><\/div>\n\n\n\n<p><strong>Sistema \u00e0 prova de falhas<\/strong>&nbsp;<br>Nossos rel\u00e9s s\u00e3o desativados de forma segura quando o equipamento est\u00e1 fora de alcance, sem bateria ou avariado. Todos os nossos sistemas possuem certifica\u00e7\u00f5es de seguran\u00e7a emitidas por entidades independentes.&nbsp;<\/p>\n\n\n\n<p><strong>Prote\u00e7\u00e3o contra poeira e \u00e1gua<\/strong>&nbsp;<br>Nossos transmissores s\u00e3o extremamente robustos. Muitos possuem certifica\u00e7\u00f5es IP65 e a maioria tem certifica\u00e7\u00e3o IP67, garantindo resist\u00eancia \u00e0 poeira e \u00e0 \u00e1gua.&nbsp;<\/p>\n\n\n\n<p><strong>Servi\u00e7o de excel\u00eancia<\/strong>&nbsp;<br>Clientes de todo o mundo confiam em n\u00f3s. Oferecemos um excelente servi\u00e7o e solu\u00e7\u00f5es personalizadas para atender \u00e0s necessidades do seu neg\u00f3cio.&nbsp;<\/p>\n\n\n\n<div style=\"height:37px\" aria-hidden=\"true\" class=\"wp-block-spacer\"><\/div>\n\n\n\n<h2 class=\"wp-block-heading has-text-align-center\"><strong>APLICA\u00c7\u00d5ES<\/strong><\/h2>\n\n\n\n<p class=\"has-text-align-center\"><em>APLICA\u00c7\u00d5ES&nbsp;A seguir, mostramos alguns exemplos de aplica\u00e7\u00f5es agr\u00edcolas e florestais:&nbsp;<\/em><\/p>\n\n\n\n<div class=\"wp-block-columns is-layout-flex wp-container-core-columns-is-layout-9d6595d7 wp-block-columns-is-layout-flex\">\n<div class=\"wp-block-column is-layout-flow wp-block-column-is-layout-flow\">\n<div class=\"wp-block-cover is-light\"><span aria-hidden=\"true\" class=\"wp-block-cover__background has-white-background-color has-background-dim-100 has-background-dim\"><\/span><div class=\"wp-block-cover__inner-container is-layout-flow wp-block-cover-is-layout-flow\"><div class=\"wp-block-image is-style-default\">\n<figure class=\"aligncenter size-full is-resized\"><img loading=\"lazy\" decoding=\"async\" width=\"128\" height=\"128\" src=\"https:\/\/www.tele-radio.com\/app\/uploads\/harvester-1.png\" alt=\"\" class=\"wp-image-117791\" style=\"width:64px\"\/><\/figure><\/div>\n\n\n<h4 class=\"wp-block-heading has-text-align-center has-black-color has-text-color\"><strong>M\u00e1quinas de colheita<\/strong><\/h4>\n\n\n\n<p class=\"has-text-align-center has-black-color has-text-color\">Controle uma ampla variedade de culturas de forma eficiente, desde alfafa e alho at\u00e9 cenoura e beterraba. Com um controle remoto da Tele Radio, voc\u00ea pode ajustar a velocidade, ligar e desligar fun\u00e7\u00f5es e personalizar as op\u00e7\u00f5es de colheita facilmente.<\/p>\n<\/div><\/div>\n<\/div>\n\n\n\n<div class=\"wp-block-column is-vertically-aligned-top is-layout-flow wp-block-column-is-layout-flow\">\n<div class=\"wp-block-cover is-light\"><span aria-hidden=\"true\" class=\"wp-block-cover__background has-white-background-color has-background-dim-100 has-background-dim\"><\/span><div class=\"wp-block-cover__inner-container is-layout-flow wp-block-cover-is-layout-flow\"><div class=\"wp-block-image is-style-default\">\n<figure class=\"aligncenter size-full is-resized\"><img loading=\"lazy\" decoding=\"async\" width=\"128\" height=\"128\" src=\"https:\/\/www.tele-radio.com\/app\/uploads\/conveyor.png\" alt=\"\" class=\"wp-image-117887\" style=\"width:71px;height:71px\"\/><\/figure><\/div>\n\n\n<h4 class=\"wp-block-heading has-text-align-center has-black-color has-text-color\"><strong>Plataformas de carga<\/strong><\/h4>\n\n\n\n<p class=\"has-text-align-center has-black-color has-text-color\">Nossos controles industriais s\u00e3o robustos e confi\u00e1veis, projetados para suportar as condi\u00e7\u00f5es dif\u00edceis do campo. Voc\u00ea pode us\u00e1-los para coletar, mover, soltar e desenrolar fardos de feno, garantindo opera\u00e7\u00e3o cont\u00ednua do amanhecer ao anoitecer.&nbsp;<\/p>\n<\/div><\/div>\n<\/div>\n\n\n\n<div class=\"wp-block-column is-vertically-aligned-top is-layout-flow wp-block-column-is-layout-flow\">\n<div style=\"height:65px\" aria-hidden=\"true\" class=\"wp-block-spacer\"><\/div>\n\n\n<div class=\"wp-block-image is-style-default\">\n<figure class=\"aligncenter size-full is-resized\"><img loading=\"lazy\" decoding=\"async\" width=\"128\" height=\"128\" src=\"https:\/\/www.tele-radio.com\/app\/uploads\/sprout.png\" alt=\"\" class=\"wp-image-117837\" style=\"width:64px;height:64px\"\/><\/figure><\/div>\n\n\n<h4 class=\"wp-block-heading has-text-align-center\"><strong>Espalhador de sementes<\/strong><\/h4>\n\n\n\n<p class=\"has-text-align-center\">Com a integra\u00e7\u00e3o de balan\u00e7as e automa\u00e7\u00e3o, os transmissores Panther e Tiger oferecem controle seguro e confi\u00e1vel. Nossos sistemas garantem opera\u00e7\u00e3o eficiente e segura, seja no campo ou em ambientes fechados.&nbsp;<\/p>\n<\/div>\n<\/div>\n\n\n\n<div class=\"wp-block-columns is-layout-flex wp-container-core-columns-is-layout-9d6595d7 wp-block-columns-is-layout-flex\">\n<div class=\"wp-block-column is-layout-flow wp-block-column-is-layout-flow\">\n<div class=\"wp-block-cover is-light\"><span aria-hidden=\"true\" class=\"wp-block-cover__background has-white-background-color has-background-dim-100 has-background-dim\"><\/span><div class=\"wp-block-cover__inner-container is-layout-flow wp-block-cover-is-layout-flow\"><div class=\"wp-block-image is-style-default\">\n<figure class=\"aligncenter size-full is-resized\"><img loading=\"lazy\" decoding=\"async\" width=\"112\" height=\"69\" src=\"https:\/\/www.tele-radio.com\/app\/uploads\/Recurso-1logo-3.png\" alt=\"controle para o sector florestal\" class=\"wp-image-236114\" style=\"width:65px;height:auto\"\/><\/figure><\/div>\n\n\n<p class=\"has-text-align-center has-black-color has-text-color\"><strong>Controles para o setor florestal<\/strong><\/p>\n\n\n\n<p class=\"has-text-align-center has-black-color has-text-color\">O uso de maquin\u00e1rio pesado operado remotamente, como ro\u00e7adeiras e guinchos florestais, aumentou gra\u00e7as \u00e0 seguran\u00e7a e conforto que proporcionam. Os controles para guindastes e m\u00e1quinas de corte facilitam o trabalho a uma dist\u00e2ncia segura de cargas perigosas.<\/p>\n<\/div><\/div>\n<\/div>\n\n\n\n<div class=\"wp-block-column is-vertically-aligned-top is-layout-flow wp-block-column-is-layout-flow\">\n<div class=\"wp-block-cover is-light\"><span aria-hidden=\"true\" class=\"wp-block-cover__background has-white-background-color has-background-dim-100 has-background-dim\"><\/span><div class=\"wp-block-cover__inner-container is-layout-flow wp-block-cover-is-layout-flow\"><div class=\"wp-block-image is-style-default\">\n<figure class=\"aligncenter size-full is-resized\"><img loading=\"lazy\" decoding=\"async\" width=\"148\" height=\"134\" src=\"https:\/\/www.tele-radio.com\/app\/uploads\/Recurso-1logo-5.png\" alt=\"controles sem fio para o setor agricola\" class=\"wp-image-236170\" style=\"width:71px;height:71px\"\/><\/figure><\/div>\n\n\n<p class=\"has-text-align-center has-black-color has-text-color\"><strong>Controles sem fio para o setor agr\u00edcola&nbsp;<\/strong><\/p>\n\n\n\n<p class=\"has-text-align-center has-black-color has-text-color\">Nossos controles permitem que os operadores recebam informa\u00e7\u00f5es em tempo real sobre os n\u00edveis de silos, carga de colheitadeiras e peso dos produtos. Isso mant\u00e9m o trabalhador longe de \u00e1reas perigosas sem perder a visibilidade do processo.&nbsp;<\/p>\n<\/div><\/div>\n<\/div>\n\n\n\n<div class=\"wp-block-column is-vertically-aligned-top is-layout-flow wp-block-column-is-layout-flow\">\n<div style=\"height:2px\" aria-hidden=\"true\" class=\"wp-block-spacer\"><\/div>\n\n\n\n<div style=\"height:29px\" aria-hidden=\"true\" class=\"wp-block-spacer\"><\/div>\n\n\n<div class=\"wp-block-image is-style-default\">\n<figure class=\"aligncenter size-full is-resized\"><img loading=\"lazy\" decoding=\"async\" width=\"102\" height=\"103\" src=\"https:\/\/www.tele-radio.com\/app\/uploads\/Recurso-1logo-6.png\" alt=\"Controles e botoeiras sem fio personalizados\u00a0\" class=\"wp-image-236198\" style=\"width:86px;height:auto\"\/><\/figure><\/div>\n\n\n<p class=\"has-text-align-center\"><strong>Controles e botoeiras sem fio personalizados&nbsp;<\/strong><\/p>\n\n\n\n<p class=\"has-text-align-center\">Os sistemas Panther s\u00e3o flex\u00edveis e podem ser personalizados de acordo com as necessidades de cada cliente. Al\u00e9m disso, possuem fun\u00e7\u00f5es de seguran\u00e7a que permitem substituir um controle quebrado ou perdido sem interromper a opera\u00e7\u00e3o.&nbsp;<\/p>\n<\/div>\n<\/div>\n\n\n\n<div style=\"height:50px\" aria-hidden=\"true\" class=\"wp-block-spacer\"><\/div>\n\n\n\n<div class=\"wp-block-columns is-layout-flex wp-container-core-columns-is-layout-9d6595d7 wp-block-columns-is-layout-flex\">\n<div class=\"wp-block-column is-layout-flow wp-block-column-is-layout-flow\">\n<figure class=\"wp-block-image size-full is-resized\"><img loading=\"lazy\" decoding=\"async\" width=\"1200\" height=\"1200\" src=\"https:\/\/www.tele-radio.com\/app\/uploads\/PANTHER-T21-arrows-and-on-off-button-red-green-nobg.png\" alt=\"panther t21 - CONTROLE REMOTO AGR\u00cdCOLA E FLORESTAL\" class=\"wp-image-236226\" style=\"width:237px;height:auto\" srcset=\"https:\/\/www.tele-radio.com\/app\/uploads\/PANTHER-T21-arrows-and-on-off-button-red-green-nobg.png 1200w, https:\/\/www.tele-radio.com\/app\/uploads\/PANTHER-T21-arrows-and-on-off-button-red-green-nobg-400x400.png 400w, https:\/\/www.tele-radio.com\/app\/uploads\/PANTHER-T21-arrows-and-on-off-button-red-green-nobg-150x150.png 150w, https:\/\/www.tele-radio.com\/app\/uploads\/PANTHER-T21-arrows-and-on-off-button-red-green-nobg-768x768.png 768w, https:\/\/www.tele-radio.com\/app\/uploads\/PANTHER-T21-arrows-and-on-off-button-red-green-nobg-250x250.png 250w, https:\/\/www.tele-radio.com\/app\/uploads\/PANTHER-T21-arrows-and-on-off-button-red-green-nobg-750x750.png 750w, https:\/\/www.tele-radio.com\/app\/uploads\/PANTHER-T21-arrows-and-on-off-button-red-green-nobg-500x500.png 500w, https:\/\/www.tele-radio.com\/app\/uploads\/PANTHER-T21-arrows-and-on-off-button-red-green-nobg-800x800.png 800w\" sizes=\"auto, (max-width: 1200px) 100vw, 1200px\" \/><\/figure>\n\n\n\n<details class=\"wp-block-details is-layout-flow wp-block-details-is-layout-flow\"><summary><strong>Panther T21<\/strong>&nbsp;<\/summary>\n<ul class=\"wp-block-list\">\n<li>3, 4, 6, 8 ou at\u00e9 10 bot\u00f5es.&nbsp;<\/li>\n\n\n\n<li>At\u00e9 19 fun\u00e7\u00f5es.<\/li>\n\n\n\n<li>Frequ\u00eancia de 2.4 GHz, livre de interfer\u00eancias.<\/li>\n\n\n\n<li>16 canais program\u00e1veis.&nbsp;<\/li>\n\n\n\n<li>Bot\u00f5es de dois est\u00e1gios.&nbsp;<\/li>\n\n\n\n<li>Alcance de at\u00e9 500 metros (expans\u00edvel).&nbsp;<\/li>\n\n\n\n<li>Certifica\u00e7\u00e3o PLd CAT3.&nbsp;<\/li>\n\n\n\n<li>Completamente protegido contra poeira (certifica\u00e7\u00e3o IP).&nbsp;<\/li>\n<\/ul>\n<\/details>\n\n\n\n<p><\/p>\n<\/div>\n\n\n\n<div class=\"wp-block-column is-layout-flow wp-block-column-is-layout-flow\">\n<div style=\"height:67px\" aria-hidden=\"true\" class=\"wp-block-spacer\"><\/div>\n\n\n\n<figure class=\"wp-block-image size-full is-resized\"><img loading=\"lazy\" decoding=\"async\" width=\"900\" height=\"900\" src=\"https:\/\/www.tele-radio.com\/app\/uploads\/Mesa-de-trabajo-1-5.png\" alt=\"receptor panther R8 - CONTROLE REMOTO AGR\u00cdCOLA E FLORESTAL\" class=\"wp-image-236287\" style=\"width:131px;height:auto\" srcset=\"https:\/\/www.tele-radio.com\/app\/uploads\/Mesa-de-trabajo-1-5.png 900w, https:\/\/www.tele-radio.com\/app\/uploads\/Mesa-de-trabajo-1-5-400x400.png 400w, https:\/\/www.tele-radio.com\/app\/uploads\/Mesa-de-trabajo-1-5-150x150.png 150w, https:\/\/www.tele-radio.com\/app\/uploads\/Mesa-de-trabajo-1-5-768x768.png 768w, https:\/\/www.tele-radio.com\/app\/uploads\/Mesa-de-trabajo-1-5-250x250.png 250w, https:\/\/www.tele-radio.com\/app\/uploads\/Mesa-de-trabajo-1-5-750x750.png 750w, https:\/\/www.tele-radio.com\/app\/uploads\/Mesa-de-trabajo-1-5-500x500.png 500w, https:\/\/www.tele-radio.com\/app\/uploads\/Mesa-de-trabajo-1-5-800x800.png 800w\" sizes=\"auto, (max-width: 900px) 100vw, 900px\" \/><\/figure>\n\n\n\n<div style=\"height:23px\" aria-hidden=\"true\" class=\"wp-block-spacer\"><\/div>\n\n\n\n<details class=\"wp-block-details is-layout-flow wp-block-details-is-layout-flow\"><summary><strong>Receptor Panther R8<\/strong>&nbsp;<\/summary>\n<ul class=\"wp-block-list\">\n<li>De 1 at\u00e9 19 rel\u00e9s.&nbsp;<\/li>\n\n\n\n<li>Seguran\u00e7a cont\u00ednua integrada.&nbsp;<\/li>\n\n\n\n<li>Antena interna.&nbsp;<\/li>\n\n\n\n<li>Tecnologia DSSS para evitar interfer\u00eancias.&nbsp;<\/li>\n\n\n\n<li>Substitui\u00e7\u00e3o f\u00e1cil de controle sem hardware adicional.&nbsp;<\/li>\n<\/ul>\n<\/details>\n<\/div>\n<\/div>\n\n\n\n<h4 class=\"wp-block-heading\"><strong>Controles Joystick TEQ <\/strong>&nbsp;<\/h4>\n\n\n\n<p>Nossos sistemas TEQ s\u00e3o projetados para aplica\u00e7\u00f5es agr\u00edcolas e florestais que exigem controle hidr\u00e1ulico. Eles contam com uma tela colorida, detec\u00e7\u00e3o de presen\u00e7a do operador e detec\u00e7\u00e3o de impacto ou queda. Os joysticks e alavancas s\u00e3o configurados de acordo com as especifica\u00e7\u00f5es exatas do cliente. Al\u00e9m disso, os sistemas TEQ possuem duas baterias de l\u00edtio intercambi\u00e1veis, permitindo o uso cont\u00ednuo sem necessidade de desligar o equipamento.<\/p>\n\n\n\n<div style=\"height:50px\" aria-hidden=\"true\" class=\"wp-block-spacer\"><\/div>\n\n\n<div class=\"wp-block-image is-style-default\">\n<figure class=\"aligncenter size-large is-resized\"><img decoding=\"async\" src=\"https:\/\/www.tele-radio.com\/app\/uploads\/\/Assortiment_2019_zonder_spiegeling_en_schaduw-1200x614.jpg\" alt=\"Tele Radio controle remoto\" style=\"aspect-ratio:1.9568527918781726;width:771px;height:auto\"\/><\/figure><\/div>\n\n\n<h2 class=\"wp-block-heading\"><strong>Entre em contato com a nossa equipe<\/strong><\/h2>\n\n\n\n<div class=\"wp-block-contact-form-7-contact-form-selector\">\n<div class=\"wpcf7 no-js\" id=\"wpcf7-f46900-o1\" lang=\"en-EN\" dir=\"ltr\" data-wpcf7-id=\"46900\">\n<div class=\"screen-reader-response\"><p role=\"status\" aria-live=\"polite\" aria-atomic=\"true\"><\/p> <ul><\/ul><\/div>\n<form action=\"\/pt-br\/wp-json\/wp\/v2\/pages\/236050#wpcf7-f46900-o1\" method=\"post\" class=\"wpcf7-form init\" aria-label=\"Contact form\" novalidate=\"novalidate\" data-status=\"init\">\n<fieldset class=\"hidden-fields-container\"><input type=\"hidden\" name=\"_wpcf7\" value=\"46900\" \/><input type=\"hidden\" name=\"_wpcf7_version\" value=\"6.1\" \/><input type=\"hidden\" name=\"_wpcf7_locale\" value=\"en_EN\" \/><input type=\"hidden\" name=\"_wpcf7_unit_tag\" value=\"wpcf7-f46900-o1\" \/><input type=\"hidden\" name=\"_wpcf7_container_post\" value=\"0\" \/><input type=\"hidden\" name=\"_wpcf7_posted_data_hash\" value=\"\" \/><input type=\"hidden\" name=\"_wpcf7_recaptcha_response\" value=\"\" \/>\n<\/fieldset>\n<p><label> Nome*<br \/>\n<span class=\"wpcf7-form-control-wrap\" data-name=\"nombre\"><input size=\"40\" maxlength=\"400\" class=\"wpcf7-form-control wpcf7-text wpcf7-validates-as-required\" aria-required=\"true\" aria-invalid=\"false\" placeholder=\"Seu nome\" value=\"\" type=\"text\" name=\"nombre\" \/><\/span> <\/label>\n<\/p>\n<p><label> Email*<br \/>\n<span class=\"wpcf7-form-control-wrap\" data-name=\"tu-email\"><input size=\"40\" maxlength=\"400\" class=\"wpcf7-form-control wpcf7-email wpcf7-validates-as-required wpcf7-text wpcf7-validates-as-email\" aria-required=\"true\" aria-invalid=\"false\" placeholder=\"Seu email\" value=\"\" type=\"email\" name=\"tu-email\" \/><\/span> <\/label>\n<\/p>\n<p><label> Tel\u00e9fono*<br \/>\n<span class=\"wpcf7-form-control-wrap\" data-name=\"tu-tfno\"><input size=\"40\" maxlength=\"400\" class=\"wpcf7-form-control wpcf7-tel wpcf7-validates-as-required wpcf7-text wpcf7-validates-as-tel\" aria-required=\"true\" aria-invalid=\"false\" placeholder=\"telefone de contato\" value=\"\" type=\"tel\" name=\"tu-tfno\" \/><\/span> <\/label>\n<\/p>\n<p><label> Sua mensagem*<br \/>\n<span class=\"wpcf7-form-control-wrap\" data-name=\"your-message\"><textarea cols=\"40\" rows=\"10\" maxlength=\"2000\" class=\"wpcf7-form-control wpcf7-textarea wpcf7-validates-as-required\" aria-required=\"true\" aria-invalid=\"false\" placeholder=\"Escreva aqui em qual transmissor, equipamento ou aplica\u00e7\u00e3o voc\u00ea est\u00e1 interessado; ou se voc\u00ea tiver alguma d\u00favida.\" name=\"your-message\"><\/textarea><\/span> <\/label>\n<\/p>\n<p><input class=\"wpcf7-form-control wpcf7-submit has-spinner\" type=\"submit\" value=\"Enviar\" \/>\n<\/p><div class=\"wpcf7-response-output\" aria-hidden=\"true\"><\/div>\n<\/form>\n<\/div>\n\r\n\t\t\t\t<script>\r\n\t\t\t\tif ( typeof huOptions !== 'undefined' ) {\r\n\t\t\t\t\tvar huFormData = {\"source\":\"contactform7\",\"id\":46900,\"title\":\"TRBRA-form\",\"fields\":{\"subject\":{\"first_name\":\"your-name\",\"email\":\"your-email\"},\"preferences\":{\"terms\":\"your-consent\"}}};\r\n\t\t\t\t\tvar huFormNode = document.querySelector( '[id^=\"wpcf7-f46900-\"] form' );\r\n\r\n\t\t\t\t\thuFormData['node'] = huFormNode;\r\n\t\t\t\t\thuOptions['forms'].push( huFormData );\r\n\t\t\t\t}\r\n\t\t\t\t<\/script><\/div>\n","protected":false},"excerpt":{"rendered":"<p>CONTROLE REMOTO AGR\u00cdCOLA E FLORESTAL&nbsp; Solu\u00e7\u00f5es de controle remoto para agricultura e silvicultura: mais efici\u00eancia, conforto e seguran\u00e7a Na Tele Radio, oferecemos solu\u00e7\u00f5es que ajudam a aumentar a produtividade, seja em pequenas propriedades familiares ou na administra\u00e7\u00e3o de milhares de hectares. Desde espalhadores de fertilizantes ou sementes at\u00e9 acess\u00f3rios para tratores controlados da cabine, nossas [&hellip;]<\/p>\n","protected":false},"author":54,"featured_media":0,"parent":0,"menu_order":0,"comment_status":"closed","ping_status":"closed","template":"","meta":{"_acf_changed":false,"footnotes":""},"class_list":["post-236050","page","type-page","status-publish","hentry"],"acf":[],"_links":{"self":[{"href":"https:\/\/www.tele-radio.com\/pt-br\/wp-json\/wp\/v2\/pages\/236050","targetHints":{"allow":["GET"]}}],"collection":[{"href":"https:\/\/www.tele-radio.com\/pt-br\/wp-json\/wp\/v2\/pages"}],"about":[{"href":"https:\/\/www.tele-radio.com\/pt-br\/wp-json\/wp\/v2\/types\/page"}],"author":[{"embeddable":true,"href":"https:\/\/www.tele-radio.com\/pt-br\/wp-json\/wp\/v2\/users\/54"}],"replies":[{"embeddable":true,"href":"https:\/\/www.tele-radio.com\/pt-br\/wp-json\/wp\/v2\/comments?post=236050"}],"version-history":[{"count":9,"href":"https:\/\/www.tele-radio.com\/pt-br\/wp-json\/wp\/v2\/pages\/236050\/revisions"}],"predecessor-version":[{"id":236328,"href":"https:\/\/www.tele-radio.com\/pt-br\/wp-json\/wp\/v2\/pages\/236050\/revisions\/236328"}],"wp:attachment":[{"href":"https:\/\/www.tele-radio.com\/pt-br\/wp-json\/wp\/v2\/media?parent=236050"}],"curies":[{"name":"wp","href":"https:\/\/api.w.org\/{rel}","templated":true}]}}