{"id":199258,"date":"2023-01-23T12:31:54","date_gmt":"2023-01-23T12:31:54","guid":{"rendered":"https:\/\/www.tele-radio.com\/primateq\/"},"modified":"2024-01-17T15:22:40","modified_gmt":"2024-01-17T15:22:40","slug":"primateq","status":"publish","type":"page","link":"https:\/\/www.tele-radio.com\/pt-br\/primateq\/","title":{"rendered":"PRIMATEQ"},"content":{"rendered":"\n<div style=\"height:11px\" aria-hidden=\"true\" class=\"wp-block-spacer\"><\/div>\n\n\n\n<h1 class=\"wp-block-heading has-huge-font-size\">PRIMATEQ<\/h1>\n\n\n\n<h2 class=\"wp-block-heading\"><strong><strong>Nosso transmissor Joystick compacto<\/strong><\/strong><\/h2>\n\n\n<div class=\"wp-block-image is-style-rounded\">\n<figure class=\"alignright size-large is-resized\"><img loading=\"lazy\" decoding=\"async\" src=\"https:\/\/www.tele-radio.com\/app\/uploads\/\/PrimaTEQ_Transmitter_Collage_v3-1200x1200.jpg\" alt=\"\" class=\"wp-image-139860\" width=\"400\" height=\"400\" srcset=\"https:\/\/www.tele-radio.com\/app\/uploads\/PrimaTEQ_Transmitter_Collage_v3.jpg 1200w, https:\/\/www.tele-radio.com\/app\/uploads\/PrimaTEQ_Transmitter_Collage_v3-400x400.jpg 400w, https:\/\/www.tele-radio.com\/app\/uploads\/PrimaTEQ_Transmitter_Collage_v3-150x150.jpg 150w, https:\/\/www.tele-radio.com\/app\/uploads\/PrimaTEQ_Transmitter_Collage_v3-768x768.jpg 768w, https:\/\/www.tele-radio.com\/app\/uploads\/PrimaTEQ_Transmitter_Collage_v3-250x250.jpg 250w, https:\/\/www.tele-radio.com\/app\/uploads\/PrimaTEQ_Transmitter_Collage_v3-750x750.jpg 750w, https:\/\/www.tele-radio.com\/app\/uploads\/PrimaTEQ_Transmitter_Collage_v3-500x500.jpg 500w, https:\/\/www.tele-radio.com\/app\/uploads\/PrimaTEQ_Transmitter_Collage_v3-800x800.jpg 800w\" sizes=\"auto, (max-width: 400px) 100vw, 400px\" \/><\/figure><\/div>\n\n\n<p style=\"font-size:30px;font-style:normal;font-weight:200\"><em>Poder operar um guindaste ou m\u00e1quina remotamente e ainda ter as duas m\u00e3os livres para outras tarefas, esse \u00e9 o benef\u00edcio de um transmissor Joystick como o PrimaTEQ. O PrimaTEQ \u00e9 reconhec\u00edvel por sua largura de 21 cent\u00edmetros e tela monocrom\u00e1tica de 4,5 x. 1,5 cent\u00edmetros. O tamanho compacto torna o transmissor perfeito para uso prolongado em condi\u00e7\u00f5es adversas. O PrimaTEQ oferece uma constru\u00e7\u00e3o robusta com al\u00e7as ergon\u00f4micas, n\u00edvel de seguran\u00e7a PLe\/SIL3 certificado de forma independente, fun\u00e7\u00e3o de parada e configura\u00e7\u00f5es pr\u00e9-programadas de i\u00e7amento e guinchos. Com mais de 10 vers\u00f5es diferentes de joystick, que operam em 433 ou 915 MHz, existe uma vers\u00e3o padr\u00e3o da Linha B\u00e1sica. Opcionalmente, um transmissor PrimaTEQ pode ser montado conforme desejado se uma vers\u00e3o Customizada for escolhida.<\/em><\/p>\n\n\n\n<div style=\"height:50px\" aria-hidden=\"true\" class=\"wp-block-spacer\"><\/div>\n\n\n\n<h2 class=\"wp-block-heading has-text-align-center has-large-font-size\" style=\"text-transform:uppercase\">Caracteristicas tecnol\u00d3gicas<\/h2>\n\n\n\n<p>O Tele Radio<strong> PrimaTEQ<\/strong> combina o uso de software inteligente, protocolos especiais, componentes de qualidade e uma carca\u00e7a robusta e ergon\u00f4mica. Tele Radio PrimaTEQ oferece uma solu\u00e7\u00e3o remota sem fio confi\u00e1vel e segura com os seguintes recursos e possibilidades especiais.<\/p>\n\n\n<div class=\"wp-block-image is-style-rounded\">\n<figure class=\"alignleft is-resized\"><img loading=\"lazy\" decoding=\"async\" src=\"https:\/\/www.tele-radio.com\/app\/uploads\/Webpaginaopbouw_Puma-1.png\" alt=\"\" class=\"wp-image-38105\" width=\"110\" height=\"110\" srcset=\"https:\/\/www.tele-radio.com\/app\/uploads\/Webpaginaopbouw_Puma-1.png 162w, https:\/\/www.tele-radio.com\/app\/uploads\/Webpaginaopbouw_Puma-1-150x150.png 150w\" sizes=\"auto, (max-width: 110px) 100vw, 110px\" \/><\/figure><\/div>\n\n\n<h3 class=\"wp-block-heading\">Escolha a Frequ\u00eancia<\/h3>\n\n\n\n<p class=\"has-black-color has-text-color\">Mundialmente o transmissor PrimaTEQ \u00e9 oferecido com as frequ\u00eancias de 433 MHz ou 915 MHz. No Brasil, homologamos na Anatel e comercializamos os PrimaTEQ com frequ\u00eancia de 433 MHz, que \u00e9 \u00f3tima para comunica\u00e7\u00f5es de m\u00e9dio a longo alcance, e possui melhor penetra\u00e7\u00e3o atrav\u00e9s de obst\u00e1culos. Em 433MHz o PrimaTEQ oferece at\u00e9 69 canais para transmiss\u00e3o de dados de forma robusta e confi\u00e1vel, ideal para aplica\u00e7\u00f5es industriais.<\/p>\n\n\n\n<p><\/p>\n\n\n\n<div style=\"height:20px\" aria-hidden=\"true\" class=\"wp-block-spacer\"><\/div>\n\n\n<div class=\"wp-block-image is-style-rounded\">\n<figure class=\"alignleft size-full is-resized\"><img loading=\"lazy\" decoding=\"async\" src=\"https:\/\/www.tele-radio.com\/app\/uploads\/Safety_level_2-1.png\" alt=\"\" class=\"wp-image-138989\" width=\"110\" height=\"110\" srcset=\"https:\/\/www.tele-radio.com\/app\/uploads\/Safety_level_2-1.png 209w, https:\/\/www.tele-radio.com\/app\/uploads\/Safety_level_2-1-150x150.png 150w\" sizes=\"auto, (max-width: 110px) 100vw, 110px\" \/><\/figure><\/div>\n\n\n<h3 class=\"wp-block-heading\">SIL3 and PLe Certified: Uma escolha Segura para Controle sem fios<\/h3>\n\n\n\n<p>O transmissor \u00e9 certificado com PLe e SIL3, alto n\u00edvel de seguran\u00e7a para seguran\u00e7a funcional de acordo com IEC 61508, padr\u00e3o internacional para seguran\u00e7a funcional de sistemas el\u00e9tricos, eletr\u00f4nicos e eletr\u00f4nicos program\u00e1veis. A certifica\u00e7\u00e3o PLe e SIL3 significa que o transmissor PrimaTEQ foi exaustivamente testado e aprovado para atender aos mais rigorosos requisitos de seguran\u00e7a. Ele \u00e9 projetado para detectar e responder a quaisquer perigos potenciais e evitar quaisquer consequ\u00eancias n\u00e3o intencionais. Com esta certifica\u00e7\u00e3o, voc\u00ea pode confiar que o transmissor PrimaTEQ \u00e9 uma escolha segura e confi\u00e1vel para o seu projeto e sua empresa.<\/p>\n\n\n\n<div style=\"height:21px\" aria-hidden=\"true\" class=\"wp-block-spacer\"><\/div>\n\n\n<div class=\"wp-block-image is-style-rounded\">\n<figure class=\"alignleft is-resized\"><img loading=\"lazy\" decoding=\"async\" src=\"https:\/\/www.tele-radio.com\/app\/uploads\/BUS-Systemen.png\" alt=\"\" class=\"wp-image-38147\" width=\"110\" height=\"110\" srcset=\"https:\/\/www.tele-radio.com\/app\/uploads\/BUS-Systemen.png 162w, https:\/\/www.tele-radio.com\/app\/uploads\/BUS-Systemen-150x150.png 150w\" sizes=\"auto, (max-width: 110px) 100vw, 110px\" \/><\/figure><\/div>\n\n\n<h3 class=\"wp-block-heading\">Protocolos de Comunica\u00e7\u00e3o<\/h3>\n\n\n\n<p>Para atender aos padr\u00f5es atuais da ind\u00fastria, os controles remotos Tele Radio PrimaTEQ s\u00e3o compat\u00edveis com uma ampla gama de Protocolos de Comunica\u00e7\u00e3o. O trabalho conjunto com o software de sua m\u00e1quina pode ser garantido. Os controles remotos Tele Radio PrimaTEQ suportam PROFIBUS, CANOPEN, MODBUS e SAE J1939.<\/p>\n\n\n\n<div style=\"height:75px\" aria-hidden=\"true\" class=\"wp-block-spacer\"><\/div>\n\n\n\n<div class=\"wp-block-columns is-layout-flex wp-container-core-columns-is-layout-9d6595d7 wp-block-columns-is-layout-flex\">\n<div class=\"wp-block-column is-layout-flow wp-block-column-is-layout-flow\">\n<div class=\"wp-block-cover is-light\" style=\"min-height:472px;aspect-ratio:unset;\"><span aria-hidden=\"true\" class=\"wp-block-cover__background has-luminous-vivid-amber-background-color has-background-dim-100 has-background-dim\"><\/span><div class=\"wp-block-cover__inner-container is-layout-flow wp-block-cover-is-layout-flow\">\n<p class=\"has-black-color has-text-color has-medium-font-size\">Dependendo da sua aplica\u00e7\u00e3o, voc\u00ea pode escolher um dos modelos PrimaTEQ Linha B\u00e1sica ou optar por uma solu\u00e7\u00e3o Customizada. Isso oferece total liberdade para configurar seu hardware e software dentro do transmissor e dos receptores. Nosso Departamento Comercial Tele Radio pode aconselh\u00e1-lo sobre a melhor solu\u00e7\u00e3o para a sua aplica\u00e7\u00e3o.<\/p>\n\n\n\n<p class=\"has-black-color has-text-color has-medium-font-size\"><strong>Especifica\u00e7\u00e3o B\u00e1sica PRIMATEQ<\/strong><\/p>\n\n\n\n<div class=\"wp-block-columns is-layout-flex wp-container-core-columns-is-layout-9d6595d7 wp-block-columns-is-layout-flex\">\n<div class=\"wp-block-column is-layout-flow wp-block-column-is-layout-flow\">\n<p>\u2713 Frequ\u00eancia 433 MHz &#8211; 69 canais<br>\u2713 Tamanho do Display 1.78\u2033<br>\u2713 Grau de prote\u00e7\u00e3o IP65<br>\u2713 Comunica\u00e7\u00e3o Duplex com feedback<br>\u2713 N\u00edvel de Seguran\u00e7a PLe+SIL3<br>\u2713 Feedback e alertas visuais e sonoros.<\/p>\n\n\n\n<p class=\"has-black-color has-text-color\"><br><\/p>\n<\/div>\n\n\n\n<div class=\"wp-block-column is-layout-flow wp-block-column-is-layout-flow\">\n<p>\u2713 Bot\u00e3o de Emerg\u00eancia na lateral<br>\u2713 Bateria recarreg\u00e1vel e substitu\u00edvel<br>\u2713 Mais de 10 horas de opera\u00e7\u00e3o com uma recarga, dependendo da configura\u00e7\u00e3o.<\/p>\n<\/div>\n<\/div>\n<\/div><\/div>\n<\/div>\n<\/div>\n\n\n\n<div style=\"height:32px\" aria-hidden=\"true\" class=\"wp-block-spacer\"><\/div>\n\n\n\n<h2 class=\"wp-block-heading has-text-align-center has-luminous-vivid-amber-color has-black-background-color has-text-color has-background has-large-font-size\">Suas op\u00e7\u00f5es para Linha B\u00e1sica PrimaTEQ Tele Radio<\/h2>\n\n\n\n<div style=\"height:15px\" aria-hidden=\"true\" class=\"wp-block-spacer\"><\/div>\n\n\n\n<p class=\"has-text-align-center has-medium-font-size\">Oferecendo a qualidade Tele Radio pelo melhor pre\u00e7o. Adequado para a maioria das opera\u00e7\u00f5es e equipado com elementos de controle padr\u00e3o e painel frontal preto.\u00a0\u00a0\u00a0\u00a0<\/p>\n\n\n\n<div style=\"height:29px\" aria-hidden=\"true\" class=\"wp-block-spacer\"><\/div>\n\n\n\n<h2 class=\"wp-block-heading has-text-align-center\" style=\"font-size:26px\">NOSSOS TRANSMISSORES PRIMATEQ TELE RADIO<\/h2>\n\n\n\n<p class=\"has-text-align-center\" style=\"font-style:normal;font-weight:100\">Os transmissores PrimaTEQ da linha TEQ v\u00eam em v\u00e1rios layouts com possibilidade de personaliza\u00e7\u00e3o. Eles t\u00eam baterias recarreg\u00e1veis e cinto para tornar o trabalho mais ergon\u00f4mico. Oferecemos a vers\u00f5es padr\u00e3o, mas tamb\u00e9m podemos personalizar de acordo com a sua necessidade, instalando chaves, paddles, Potenci\u00f4metros, bot\u00f5es e LEDs.<\/p>\n\n\n<div class=\"wp-block-image is-style-rounded\">\n<figure class=\"aligncenter size-large is-resized\"><img loading=\"lazy\" decoding=\"async\" src=\"https:\/\/www.tele-radio.com\/app\/uploads\/\/PH_TW46_T12B_0001-1200x800.png\" alt=\"\" class=\"wp-image-139202\" width=\"600\" height=\"400\" srcset=\"https:\/\/www.tele-radio.com\/app\/uploads\/PH_TW46_T12B_0001-1200x800.png 1200w, https:\/\/www.tele-radio.com\/app\/uploads\/PH_TW46_T12B_0001-400x267.png 400w, https:\/\/www.tele-radio.com\/app\/uploads\/PH_TW46_T12B_0001-768x512.png 768w, https:\/\/www.tele-radio.com\/app\/uploads\/PH_TW46_T12B_0001-1536x1024.png 1536w, https:\/\/www.tele-radio.com\/app\/uploads\/PH_TW46_T12B_0001-2048x1365.png 2048w, https:\/\/www.tele-radio.com\/app\/uploads\/PH_TW46_T12B_0001-750x500.png 750w, https:\/\/www.tele-radio.com\/app\/uploads\/PH_TW46_T12B_0001-500x333.png 500w, https:\/\/www.tele-radio.com\/app\/uploads\/PH_TW46_T12B_0001-1600x1067.png 1600w, https:\/\/www.tele-radio.com\/app\/uploads\/PH_TW46_T12B_0001-800x533.png 800w\" sizes=\"auto, (max-width: 600px) 100vw, 600px\" \/><\/figure><\/div>\n\n\n<div style=\"height:43px\" aria-hidden=\"true\" class=\"wp-block-spacer\"><\/div>\n\n\n\n<h2 class=\"wp-block-heading has-text-align-center\">NOSSOS RECEPTORES COMPATIVEIS COM A LINHA B\u00c1SCIA<\/h2>\n\n\n\n<p class=\"has-text-align-center\" style=\"font-style:normal;font-weight:100\">Nosso sistema n\u00e3o estaria completo sem uma ampla gama de receptores. Podemos oferecer receptores menores de 7 rel\u00e9s at\u00e9 receptores muito grandes com 28 rel\u00e9s. Nesta linha voc\u00ea tamb\u00e9m encontrar\u00e1 receptores com Protocolos de Comunica\u00e7\u00e3o: CANopen e J1939. H\u00e1 tamb\u00e9m a op\u00e7\u00e3o de um receptor anal\u00f3gico que suporta controle step less. Todos os receptores possuem caixas de alta qualidade em IP65 ou IP66.<\/p>\n\n\n\n<div style=\"height:49px\" aria-hidden=\"true\" class=\"wp-block-spacer\"><\/div>\n\n\n\n<h2 class=\"wp-block-heading has-text-align-center has-luminous-vivid-amber-color has-black-background-color has-text-color has-background\">OS VALORES ADICIONAIS DE NOSSOS PRODUTOS<\/h2>\n\n\n\n<div style=\"height:50px\" aria-hidden=\"true\" class=\"wp-block-spacer\"><\/div>\n\n\n<div class=\"wp-block-image is-style-rounded\">\n<figure class=\"alignleft size-full is-resized\"><img loading=\"lazy\" decoding=\"async\" src=\"https:\/\/www.tele-radio.com\/app\/uploads\/Contact-1.png\" alt=\"\" class=\"wp-image-106305\" width=\"111\" height=\"111\" srcset=\"https:\/\/www.tele-radio.com\/app\/uploads\/Contact-1.png 417w, https:\/\/www.tele-radio.com\/app\/uploads\/Contact-1-400x400.png 400w, https:\/\/www.tele-radio.com\/app\/uploads\/Contact-1-150x150.png 150w, https:\/\/www.tele-radio.com\/app\/uploads\/Contact-1-250x250.png 250w\" sizes=\"auto, (max-width: 111px) 100vw, 111px\" \/><\/figure><\/div>\n\n\n<p><strong><strong>Suporte total de nosso Departamento de Vendas<\/strong><\/strong><\/p>\n\n\n\n<p>Entre em contato conosco para receber orienta\u00e7\u00e3o sobre o melhor sistema para a sua aplica\u00e7\u00e3o..\u00a0<\/p>\n\n\n\n<p><\/p>\n\n\n\n<p><\/p>\n\n\n\n<div style=\"height:15px\" aria-hidden=\"true\" class=\"wp-block-spacer\"><\/div>\n\n\n<div class=\"wp-block-image is-style-rounded\">\n<figure class=\"alignleft is-resized\"><img loading=\"lazy\" decoding=\"async\" src=\"https:\/\/www.tele-radio.com\/app\/uploads\/Signaal2.png\" alt=\"\" class=\"wp-image-40681\" width=\"111\" height=\"111\" srcset=\"https:\/\/www.tele-radio.com\/app\/uploads\/Signaal2.png 162w, https:\/\/www.tele-radio.com\/app\/uploads\/Signaal2-150x150.png 150w\" sizes=\"auto, (max-width: 111px) 100vw, 111px\" \/><\/figure><\/div>\n\n\n<h3 class=\"wp-block-heading\"><strong>Servi\u00e7o T\u00e9cnico Pr\u00f3prio<\/strong><\/h3>\n\n\n\n<p>A Tele Radio possui Assist\u00eancia T\u00e9cnica pr\u00f3pria, oferece reparos, pe\u00e7as e componentes de forma r\u00e1pida e f\u00e1cil.<\/p>\n\n\n\n<p><\/p>\n\n\n\n<p><\/p>\n\n\n\n<div style=\"height:15px\" aria-hidden=\"true\" class=\"wp-block-spacer\"><\/div>\n\n\n<div class=\"wp-block-image is-style-rounded\">\n<figure class=\"alignleft is-resized\"><img loading=\"lazy\" decoding=\"async\" src=\"https:\/\/www.tele-radio.com\/app\/uploads\/Icon_safety.png\" alt=\"\" class=\"wp-image-42940\" width=\"111\" height=\"111\" srcset=\"https:\/\/www.tele-radio.com\/app\/uploads\/Icon_safety.png 162w, https:\/\/www.tele-radio.com\/app\/uploads\/Icon_safety-150x150.png 150w\" sizes=\"auto, (max-width: 111px) 100vw, 111px\" \/><\/figure><\/div>\n\n\n<h3 class=\"wp-block-heading\"><strong>Certifica\u00e7\u00f5es Independentes<\/strong><\/h3>\n\n\n\n<p>Podemos fornecer relat\u00f3rios de aprova\u00e7\u00e3o para todos os produtos Tele Radio com certifica\u00e7\u00e3o de seguran\u00e7a.<\/p>\n\n\n\n<p><\/p>\n\n\n\n<div style=\"height:100px\" aria-hidden=\"true\" class=\"wp-block-spacer\"><\/div>\n\n\n<div class=\"wp-block-image is-style-default\">\n<figure class=\"aligncenter size-full\"><a href=\"https:\/\/www.tele-radio.com\/custom-line-solutions\/\"><img loading=\"lazy\" decoding=\"async\" width=\"1036\" height=\"373\" src=\"https:\/\/www.tele-radio.com\/app\/uploads\/Banner_Custom_Line-3.png\" alt=\"\" class=\"wp-image-140591\" srcset=\"https:\/\/www.tele-radio.com\/app\/uploads\/Banner_Custom_Line-3.png 1036w, https:\/\/www.tele-radio.com\/app\/uploads\/Banner_Custom_Line-3-400x144.png 400w, https:\/\/www.tele-radio.com\/app\/uploads\/Banner_Custom_Line-3-768x277.png 768w, https:\/\/www.tele-radio.com\/app\/uploads\/Banner_Custom_Line-3-750x270.png 750w, https:\/\/www.tele-radio.com\/app\/uploads\/Banner_Custom_Line-3-500x180.png 500w, https:\/\/www.tele-radio.com\/app\/uploads\/Banner_Custom_Line-3-800x288.png 800w\" sizes=\"auto, (max-width: 1036px) 100vw, 1036px\" \/><\/a><\/figure><\/div>","protected":false},"excerpt":{"rendered":"<p>PRIMATEQ Nosso transmissor Joystick compacto Poder operar um guindaste ou m\u00e1quina remotamente e ainda ter as duas m\u00e3os livres para outras tarefas, esse \u00e9 o benef\u00edcio de um transmissor Joystick como o PrimaTEQ. O PrimaTEQ \u00e9 reconhec\u00edvel por sua largura de 21 cent\u00edmetros e tela monocrom\u00e1tica de 4,5 x. 1,5 cent\u00edmetros. O tamanho compacto torna [&hellip;]<\/p>\n","protected":false},"author":29,"featured_media":0,"parent":0,"menu_order":0,"comment_status":"closed","ping_status":"closed","template":"","meta":{"_acf_changed":false,"footnotes":""},"class_list":["post-199258","page","type-page","status-publish","hentry"],"acf":[],"_links":{"self":[{"href":"https:\/\/www.tele-radio.com\/pt-br\/wp-json\/wp\/v2\/pages\/199258","targetHints":{"allow":["GET"]}}],"collection":[{"href":"https:\/\/www.tele-radio.com\/pt-br\/wp-json\/wp\/v2\/pages"}],"about":[{"href":"https:\/\/www.tele-radio.com\/pt-br\/wp-json\/wp\/v2\/types\/page"}],"author":[{"embeddable":true,"href":"https:\/\/www.tele-radio.com\/pt-br\/wp-json\/wp\/v2\/users\/29"}],"replies":[{"embeddable":true,"href":"https:\/\/www.tele-radio.com\/pt-br\/wp-json\/wp\/v2\/comments?post=199258"}],"version-history":[{"count":1,"href":"https:\/\/www.tele-radio.com\/pt-br\/wp-json\/wp\/v2\/pages\/199258\/revisions"}],"predecessor-version":[{"id":202470,"href":"https:\/\/www.tele-radio.com\/pt-br\/wp-json\/wp\/v2\/pages\/199258\/revisions\/202470"}],"wp:attachment":[{"href":"https:\/\/www.tele-radio.com\/pt-br\/wp-json\/wp\/v2\/media?parent=199258"}],"curies":[{"name":"wp","href":"https:\/\/api.w.org\/{rel}","templated":true}]}}