{"id":158375,"date":"2022-06-13T07:32:16","date_gmt":"2022-06-13T07:32:16","guid":{"rendered":"https:\/\/www.tele-radio.com\/teq-waist-transmitters\/"},"modified":"2024-01-17T15:52:22","modified_gmt":"2024-01-17T15:52:22","slug":"teq-waist-transmitters","status":"publish","type":"page","link":"https:\/\/www.tele-radio.com\/pt-br\/teq-waist-transmitters\/","title":{"rendered":"TEQ WAIST TRANSMITTERS"},"content":{"rendered":"\n<h1 class=\"wp-block-heading\">TRANSMISSORES JOYSTICK<\/h1>\n\n\n<div class=\"wp-block-image is-style-rounded\">\n<figure class=\"alignright size-large is-resized\"><img loading=\"lazy\" decoding=\"async\" src=\"https:\/\/www.tele-radio.com\/app\/uploads\/\/Waist_Band_Transmitter_Collage_v2-2-1200x1200.png\" alt=\"\" class=\"wp-image-105482\" width=\"425\" height=\"425\" srcset=\"https:\/\/www.tele-radio.com\/app\/uploads\/Waist_Band_Transmitter_Collage_v2-2.png 1200w, https:\/\/www.tele-radio.com\/app\/uploads\/Waist_Band_Transmitter_Collage_v2-2-400x400.png 400w, https:\/\/www.tele-radio.com\/app\/uploads\/Waist_Band_Transmitter_Collage_v2-2-150x150.png 150w, https:\/\/www.tele-radio.com\/app\/uploads\/Waist_Band_Transmitter_Collage_v2-2-768x768.png 768w, https:\/\/www.tele-radio.com\/app\/uploads\/Waist_Band_Transmitter_Collage_v2-2-250x250.png 250w, https:\/\/www.tele-radio.com\/app\/uploads\/Waist_Band_Transmitter_Collage_v2-2-750x750.png 750w, https:\/\/www.tele-radio.com\/app\/uploads\/Waist_Band_Transmitter_Collage_v2-2-500x500.png 500w, https:\/\/www.tele-radio.com\/app\/uploads\/Waist_Band_Transmitter_Collage_v2-2-800x800.png 800w\" sizes=\"auto, (max-width: 425px) 100vw, 425px\" \/><\/figure><\/div>\n\n\n<h2 class=\"wp-block-heading\">UMA AMPLA FAIXA DE APLICA\u00c7\u00c3O<\/h2>\n\n\n\n<p>Com mais de 65 anos de experi\u00eancia na \u00e1rea de controle remoto industrial sem fio, a Tele Radio possui uma ampla gama de transmissores. Esses transmissores s\u00e3o perfeitamente adaptados a necessidade exata do usu\u00e1rio final e \u00e0s caracter\u00edsticas espec\u00edficas da aplica\u00e7\u00e3o.<\/p>\n\n\n\n<p>Os <strong>Transmissores Joystick<\/strong> Tele Radio podem ser adaptados \u00e0s solu\u00e7\u00f5es de controle mais avan\u00e7adas. Esses transmissores s\u00e3o presos a al\u00e7as ou cintos. Diferentemente dos transmissores port\u00e1teis, tipo botoeira, os transmissores Joystick oferecem a possibilidade de realizar opera\u00e7\u00f5es de uso cont\u00ednuo que requerem ambas as m\u00e3os e maior precis\u00e3o. A ergonomia e robustez garantem uma posi\u00e7\u00e3o relaxada e segura.<\/p>\n\n\n\n<p>N\u00f3s fornecemos <strong>transmissores Joystick<\/strong> em tr\u00eas tamanhos diferentes. Dispon\u00edvel como edi\u00e7\u00e3o padr\u00e3o ou constru\u00eddo exclusivamente para sua aplica\u00e7\u00e3o, incluindo bot\u00f5es de press\u00e3o, interruptores, joysticks, alavancas, informa\u00e7\u00f5es de feedback na tela e etc. A escolha \u00e9 sua: um transmissor compacto e pr\u00e1tico ou uma das vers\u00f5es maiores que incluem muito espa\u00e7o para controles adicionais e um visor de at\u00e9 4,3 polegadas para informa\u00e7\u00f5es de feedback e telemetria da m\u00e1quina ou ve\u00edculo controlado.<\/p>\n\n\n\n<p>Com os <strong>transmissores Joystick<\/strong> Tele Radio, as possibilidades de aplica\u00e7\u00f5es s\u00e3o quase infinitas.<\/p>\n\n\n\n<div style=\"height:37px\" aria-hidden=\"true\" class=\"wp-block-spacer\"><\/div>\n\n\n\n<div class=\"wp-block-columns is-layout-flex wp-container-core-columns-is-layout-9d6595d7 wp-block-columns-is-layout-flex\">\n<div class=\"wp-block-column is-layout-flow wp-block-column-is-layout-flow\">\n<h2 class=\"wp-block-heading has-text-align-center has-luminous-vivid-amber-color has-black-background-color has-text-color has-background\" style=\"font-size:30px\">Escolha seu Modelo<\/h2>\n\n\n\n<div style=\"height:52px\" aria-hidden=\"true\" class=\"wp-block-spacer\"><\/div>\n\n\n\n<div class=\"wp-block-columns is-layout-flex wp-container-core-columns-is-layout-9d6595d7 wp-block-columns-is-layout-flex\">\n<div class=\"wp-block-column is-layout-flow wp-block-column-is-layout-flow\">\n<figure class=\"wp-block-image size-large is-style-default\"><a href=\"https:\/\/www.tele-radio.com\/pt-br\/primateq\/\"><img loading=\"lazy\" decoding=\"async\" width=\"697\" height=\"1200\" src=\"https:\/\/www.tele-radio.com\/app\/uploads\/\/PRIMATEQ_Banner_website-2-697x1200.png\" alt=\"\" class=\"wp-image-144968\" srcset=\"https:\/\/www.tele-radio.com\/app\/uploads\/PRIMATEQ_Banner_website-2-697x1200.png 697w, https:\/\/www.tele-radio.com\/app\/uploads\/PRIMATEQ_Banner_website-2-232x400.png 232w, https:\/\/www.tele-radio.com\/app\/uploads\/PRIMATEQ_Banner_website-2-768x1322.png 768w, https:\/\/www.tele-radio.com\/app\/uploads\/PRIMATEQ_Banner_website-2-892x1536.png 892w, https:\/\/www.tele-radio.com\/app\/uploads\/PRIMATEQ_Banner_website-2-1190x2048.png 1190w, https:\/\/www.tele-radio.com\/app\/uploads\/PRIMATEQ_Banner_website-2-436x750.png 436w, https:\/\/www.tele-radio.com\/app\/uploads\/PRIMATEQ_Banner_website-2-290x500.png 290w, https:\/\/www.tele-radio.com\/app\/uploads\/PRIMATEQ_Banner_website-2-929x1600.png 929w, https:\/\/www.tele-radio.com\/app\/uploads\/PRIMATEQ_Banner_website-2-465x800.png 465w, https:\/\/www.tele-radio.com\/app\/uploads\/PRIMATEQ_Banner_website-2.png 1426w\" sizes=\"auto, (max-width: 697px) 100vw, 697px\" \/><\/a><\/figure>\n<\/div>\n\n\n\n<div class=\"wp-block-column is-layout-flow wp-block-column-is-layout-flow\">\n<figure class=\"wp-block-image size-large is-style-default\"><a href=\"https:\/\/www.tele-radio.com\/versateq\/\"><img loading=\"lazy\" decoding=\"async\" width=\"697\" height=\"1200\" src=\"https:\/\/www.tele-radio.com\/app\/uploads\/\/VERSATEQ_Banner_website-697x1200.png\" alt=\"\" class=\"wp-image-105347\" srcset=\"https:\/\/www.tele-radio.com\/app\/uploads\/VERSATEQ_Banner_website-697x1200.png 697w, https:\/\/www.tele-radio.com\/app\/uploads\/VERSATEQ_Banner_website-232x400.png 232w, https:\/\/www.tele-radio.com\/app\/uploads\/VERSATEQ_Banner_website-768x1322.png 768w, https:\/\/www.tele-radio.com\/app\/uploads\/VERSATEQ_Banner_website-892x1536.png 892w, https:\/\/www.tele-radio.com\/app\/uploads\/VERSATEQ_Banner_website-1190x2048.png 1190w, https:\/\/www.tele-radio.com\/app\/uploads\/VERSATEQ_Banner_website-436x750.png 436w, https:\/\/www.tele-radio.com\/app\/uploads\/VERSATEQ_Banner_website-290x500.png 290w, https:\/\/www.tele-radio.com\/app\/uploads\/VERSATEQ_Banner_website-929x1600.png 929w, https:\/\/www.tele-radio.com\/app\/uploads\/VERSATEQ_Banner_website-465x800.png 465w, https:\/\/www.tele-radio.com\/app\/uploads\/VERSATEQ_Banner_website.png 1426w\" sizes=\"auto, (max-width: 697px) 100vw, 697px\" \/><\/a><\/figure>\n<\/div>\n\n\n\n<div class=\"wp-block-column is-layout-flow wp-block-column-is-layout-flow\">\n<figure class=\"wp-block-image size-large is-style-default\"><a href=\"https:\/\/www.tele-radio.com\/suprateq\/\"><img loading=\"lazy\" decoding=\"async\" width=\"697\" height=\"1200\" src=\"https:\/\/www.tele-radio.com\/app\/uploads\/\/SUPRATEQ_Banner_website-2-697x1200.png\" alt=\"\" class=\"wp-image-106911\" srcset=\"https:\/\/www.tele-radio.com\/app\/uploads\/SUPRATEQ_Banner_website-2-697x1200.png 697w, https:\/\/www.tele-radio.com\/app\/uploads\/SUPRATEQ_Banner_website-2-232x400.png 232w, https:\/\/www.tele-radio.com\/app\/uploads\/SUPRATEQ_Banner_website-2-768x1323.png 768w, https:\/\/www.tele-radio.com\/app\/uploads\/SUPRATEQ_Banner_website-2-892x1536.png 892w, https:\/\/www.tele-radio.com\/app\/uploads\/SUPRATEQ_Banner_website-2-1189x2048.png 1189w, https:\/\/www.tele-radio.com\/app\/uploads\/SUPRATEQ_Banner_website-2-435x750.png 435w, https:\/\/www.tele-radio.com\/app\/uploads\/SUPRATEQ_Banner_website-2-290x500.png 290w, https:\/\/www.tele-radio.com\/app\/uploads\/SUPRATEQ_Banner_website-2-929x1600.png 929w, https:\/\/www.tele-radio.com\/app\/uploads\/SUPRATEQ_Banner_website-2-464x800.png 464w, https:\/\/www.tele-radio.com\/app\/uploads\/SUPRATEQ_Banner_website-2.png 1425w\" sizes=\"auto, (max-width: 697px) 100vw, 697px\" \/><\/a><\/figure>\n<\/div>\n<\/div>\n\n\n\n<hr class=\"wp-block-separator has-text-color has-black-color has-css-opacity has-black-background-color has-background aligncenter is-style-thick\"\/>\n\n\n\n<div style=\"height:67px\" aria-hidden=\"true\" class=\"wp-block-spacer\"><\/div>\n\n\n\n<div class=\"wp-block-columns is-layout-flex wp-container-core-columns-is-layout-9d6595d7 wp-block-columns-is-layout-flex\">\n<div class=\"wp-block-column is-layout-flow wp-block-column-is-layout-flow\">\n<h2 class=\"wp-block-heading has-text-align-center has-luminous-vivid-amber-color has-black-background-color has-text-color has-background\" style=\"font-size:30px\">Padr\u00e3o ou Customizado?<\/h2>\n<\/div>\n<\/div>\n\n\n\n<div style=\"height:16px\" aria-hidden=\"true\" class=\"wp-block-spacer\"><\/div>\n\n\n\n<p>Voc\u00ea precisa de um transmissor para uma aplica\u00e7\u00e3o simples? Ent\u00e3o recomendamos que voc\u00ea opte pela vers\u00e3o padr\u00e3o das linhas PrimaTEQ, VersaTEQ ou SupraTEQ. Esses transmissores possuem um conjunto fixo de controles, mas s\u00e3o altamente program\u00e1veis. Possuem certifica\u00e7\u00e3o independente no circuito de parada de emerg\u00eancia e oferecem a melhor rela\u00e7\u00e3o custo x benef\u00edcio.<\/p>\n\n\n\n<p>Para atender aos padr\u00f5es atuais da ind\u00fastria, os transmissores Joystick Tele Radio s\u00e3o compat\u00edveis com uma ampla gama de Protocolos Industriais de comunica\u00e7\u00e3o (CANopen, Modbus e etc)<\/p>\n\n\n\n<p>Se voc\u00ea possui necessidades espec\u00edficas para sua aplica\u00e7\u00e3o, recomendamos customizar sua pr\u00f3pria vers\u00e3o de Joysticks fam\u00edlia TEQ com a ajuda de nossos especialistas.<\/p>\n\n\n\n<p>Veja as principais diferen\u00e7as abaixo:<\/p>\n\n\n\n<div class=\"wp-block-columns is-layout-flex wp-container-core-columns-is-layout-9d6595d7 wp-block-columns-is-layout-flex\">\n<div class=\"wp-block-column is-layout-flow wp-block-column-is-layout-flow\">\n<h2 class=\"wp-block-heading has-text-align-center has-medium-font-size\"><\/h2>\n\n\n\n<h2 class=\"wp-block-heading has-text-align-center has-luminous-vivid-amber-color has-text-color has-medium-font-size\"><strong><strong>Padr\u00e3o<\/strong><\/strong><\/h2>\n<\/div>\n\n\n\n<div class=\"wp-block-column is-layout-flow wp-block-column-is-layout-flow\">\n<h2 class=\"wp-block-heading has-text-align-center has-medium-font-size\"><\/h2>\n\n\n\n<h2 class=\"wp-block-heading has-text-align-center has-luminous-vivid-amber-color has-text-color has-medium-font-size\"><strong>Customizado<\/strong><\/h2>\n<\/div>\n<\/div>\n\n\n\n<div class=\"wp-block-columns is-layout-flex wp-container-core-columns-is-layout-9d6595d7 wp-block-columns-is-layout-flex\">\n<div class=\"wp-block-column is-layout-flow wp-block-column-is-layout-flow\">\n<figure class=\"wp-block-table is-style-stripes\"><table class=\"has-fixed-layout\"><thead><tr><th class=\"has-text-align-center\" data-align=\"center\"><meta charset=\"utf-8\"><\/meta><strong>TRANSMISSOR<\/strong><\/th><th class=\"has-text-align-center\" data-align=\"center\"><meta charset=\"utf-8\"><\/meta><strong>RECEPTOR<\/strong><\/th><\/tr><\/thead><tbody><tr><td class=\"has-text-align-center\" data-align=\"center\">Compat\u00edvel para diversas aplica\u00e7\u00f5es<\/td><td class=\"has-text-align-center\" data-align=\"center\"><meta charset=\"utf-8\"><\/meta>Entradas \/ Sa\u00eddas pr\u00e9-programadas<\/td><\/tr><tr><td class=\"has-text-align-center\" data-align=\"center\">Elementos de controle Padr\u00e3o<\/td><td class=\"has-text-align-center\" data-align=\"center\">Conector M12, controle por cabo<\/td><\/tr><tr><td class=\"has-text-align-center\" data-align=\"center\">Painel frontal padr\u00e3o<\/td><td class=\"has-text-align-center\" data-align=\"center\">Conector RPSMA, Pronto para antena externa<\/td><\/tr><tr><td class=\"has-text-align-center\" data-align=\"center\">Melhor pre\u00e7o<\/td><td class=\"has-text-align-center\" data-align=\"center\">Dois tipos de receptores dispon\u00edveis<\/td><\/tr><\/tbody><\/table><\/figure>\n<\/div>\n\n\n\n<div class=\"wp-block-column is-layout-flow wp-block-column-is-layout-flow\">\n<figure class=\"wp-block-table is-style-stripes\"><table class=\"has-fixed-layout\"><thead><tr><th class=\"has-text-align-center\" data-align=\"center\"><meta charset=\"utf-8\"><\/meta><strong>TRANSMISSOR<\/strong><\/th><th class=\"has-text-align-center\" data-align=\"center\"><meta charset=\"utf-8\"><\/meta><strong>RECEPTOR<\/strong><\/th><\/tr><\/thead><tbody><tr><td class=\"has-text-align-center\" data-align=\"center\">Customizado<\/td><td class=\"has-text-align-center\" data-align=\"center\">Sa\u00eddas Program\u00e1veis<\/td><\/tr><tr><td class=\"has-text-align-center\" data-align=\"center\">Variados elementos de controle<\/td><td class=\"has-text-align-center\" data-align=\"center\">M\u00faltiplos protocolos de comunica\u00e7\u00e3o<\/td><\/tr><tr><td class=\"has-text-align-center\" data-align=\"center\">Painel frontal customizado<br><br><\/td><td class=\"has-text-align-center\" data-align=\"center\">Entradas e Sa\u00eddas dispon\u00edveis<br><\/td><\/tr><tr><td class=\"has-text-align-center\" data-align=\"center\">Pre\u00e7o baseado na customiza\u00e7\u00e3o<\/td><td class=\"has-text-align-center\" data-align=\"center\">Cabeamento customizado<\/td><\/tr><\/tbody><\/table><\/figure>\n<\/div>\n<\/div>\n<\/div>\n<\/div>\n\n\n\n<div style=\"height:20px\" aria-hidden=\"true\" class=\"wp-block-spacer\"><\/div>\n\n\n\n<h2 class=\"wp-block-heading has-text-align-center has-luminous-vivid-amber-color has-black-background-color has-text-color has-background\" style=\"font-size:30px\">ACESS\u00d3RIOS<\/h2>\n\n\n\n<div style=\"height:21px\" aria-hidden=\"true\" class=\"wp-block-spacer\"><\/div>\n\n\n\n<p class=\"has-text-align-center has-medium-font-size\">N\u00f3s oferecemos diversos acess\u00f3rios para seu sistema, incluindo Repetidores\/Antena Ativa, sistema de baterias, antenas externas e etc.<\/p>\n\n\n\n<div style=\"height:13px\" aria-hidden=\"true\" class=\"wp-block-spacer\"><\/div>\n\n\n\n<div class=\"wp-block-columns is-layout-flex wp-container-core-columns-is-layout-9d6595d7 wp-block-columns-is-layout-flex\">\n<div class=\"wp-block-column is-layout-flow wp-block-column-is-layout-flow\">\n<div class=\"wp-block-media-text alignwide is-stacked-on-mobile is-vertically-aligned-center\" style=\"grid-template-columns:41% auto\"><figure class=\"wp-block-media-text__media\"><a href=\"https:\/\/www.tele-radio.com\/products\/accessories\/d5-21\/\"><img decoding=\"async\" src=\"https:\/\/www.tele-radio.com\/app\/uploads\/New_logo_Repeater_Active_Antenna_vrijstaand-kopi\u00ebren-1200x1200.jpg\" alt=\"\" class=\"wp-image-106551 size-full\"\/><\/a><\/figure><div class=\"wp-block-media-text__content\">\n<p class=\"has-normal-font-size\"><strong><strong>Repetidor \/ Antena Ativa<\/strong><\/strong><br><br>O uso do repetidor\/antena ativa \u00e9 uma maneira eficiente de ampliar o alcance de sua transmiss\u00e3o, podendo atingir at\u00e9 2 kilometros em campo aberto.<\/p>\n\n\n\n<ul class=\"wp-block-list\">\n<li>Antena ativa no mesmo produto<\/li>\n\n\n\n<li>At\u00e9 2 kilometros de alcance, com um m\u00e1ximo de 16 repetidores<\/li>\n\n\n\n<li>Suporte de antena variado<\/li>\n<\/ul>\n<\/div><\/div>\n<\/div>\n\n\n\n<div class=\"wp-block-column is-layout-flow wp-block-column-is-layout-flow\">\n<div class=\"wp-block-media-text alignwide is-stacked-on-mobile is-vertically-aligned-center\"><figure class=\"wp-block-media-text__media\"><a href=\"https:\/\/www.tele-radio.com\/products\/accessories\/m769755-2\/\"><img loading=\"lazy\" decoding=\"async\" width=\"1200\" height=\"830\" src=\"https:\/\/www.tele-radio.com\/app\/uploads\/\/PM_M769755_2-1-1200x830.png\" alt=\"\" class=\"wp-image-106528 size-full\" srcset=\"https:\/\/www.tele-radio.com\/app\/uploads\/PM_M769755_2-1-1200x830.png 1200w, https:\/\/www.tele-radio.com\/app\/uploads\/PM_M769755_2-1-400x277.png 400w, https:\/\/www.tele-radio.com\/app\/uploads\/PM_M769755_2-1-768x531.png 768w, https:\/\/www.tele-radio.com\/app\/uploads\/PM_M769755_2-1-1536x1062.png 1536w, https:\/\/www.tele-radio.com\/app\/uploads\/PM_M769755_2-1-750x519.png 750w, https:\/\/www.tele-radio.com\/app\/uploads\/PM_M769755_2-1-500x346.png 500w, https:\/\/www.tele-radio.com\/app\/uploads\/PM_M769755_2-1-1600x1107.png 1600w, https:\/\/www.tele-radio.com\/app\/uploads\/PM_M769755_2-1-800x553.png 800w, https:\/\/www.tele-radio.com\/app\/uploads\/PM_M769755_2-1.png 1800w\" sizes=\"auto, (max-width: 1200px) 100vw, 1200px\" \/><\/a><\/figure><div class=\"wp-block-media-text__content\">\n<p class=\"has-normal-font-size\"><strong><strong>Sistema de baterias<\/strong><\/strong><\/p>\n\n\n\n<p class=\"has-normal-font-size\">As modernas baterias de \u00cdons de L\u00edtio, desenvolvidas para os controles remotos Tele Radio, s\u00e3o equipadas com etiquetas RFID e tamb\u00e9m podem ser trocadas com o transmissor ligado(HotSwap), para um controle ininterrupto.<\/p>\n\n\n\n<ul class=\"has-normal-font-size wp-block-list\">\n<li>Hot-swap<\/li>\n\n\n\n<li>RFID<\/li>\n\n\n\n<li>Carregadores de Mesa, de parede e veiculares est\u00e3o dispon\u00edveis<\/li>\n<\/ul>\n<\/div><\/div>\n<\/div>\n<\/div>\n\n\n\n<div class=\"wp-block-columns is-layout-flex wp-container-core-columns-is-layout-9d6595d7 wp-block-columns-is-layout-flex\">\n<div class=\"wp-block-column is-layout-flow wp-block-column-is-layout-flow\">\n<div class=\"wp-block-media-text alignwide is-stacked-on-mobile\"><figure class=\"wp-block-media-text__media\"><img loading=\"lazy\" decoding=\"async\" width=\"1200\" height=\"1200\" src=\"https:\/\/www.tele-radio.com\/app\/uploads\/\/Belly_Belt-1200x1200.png\" alt=\"\" class=\"wp-image-106576 size-full\" srcset=\"https:\/\/www.tele-radio.com\/app\/uploads\/Belly_Belt-1200x1200.png 1200w, https:\/\/www.tele-radio.com\/app\/uploads\/Belly_Belt-400x400.png 400w, https:\/\/www.tele-radio.com\/app\/uploads\/Belly_Belt-150x150.png 150w, https:\/\/www.tele-radio.com\/app\/uploads\/Belly_Belt-768x768.png 768w, https:\/\/www.tele-radio.com\/app\/uploads\/Belly_Belt-1536x1536.png 1536w, https:\/\/www.tele-radio.com\/app\/uploads\/Belly_Belt-2048x2048.png 2048w, https:\/\/www.tele-radio.com\/app\/uploads\/Belly_Belt-250x250.png 250w, https:\/\/www.tele-radio.com\/app\/uploads\/Belly_Belt-750x750.png 750w, https:\/\/www.tele-radio.com\/app\/uploads\/Belly_Belt-500x500.png 500w, https:\/\/www.tele-radio.com\/app\/uploads\/Belly_Belt-1600x1600.png 1600w, https:\/\/www.tele-radio.com\/app\/uploads\/Belly_Belt-800x800.png 800w\" sizes=\"auto, (max-width: 1200px) 100vw, 1200px\" \/><\/figure><div class=\"wp-block-media-text__content\">\n<p><strong>Cinto, suporte abdominal<\/strong><\/p>\n\n\n\n<p class=\"has-normal-font-size\">O cinto foi desenvolvido com material resistente a \u00f3leos e graxas, mas tamb\u00e9m projetado pensando no m\u00e1ximo conforto, ergonomia e seguran\u00e7a na opera\u00e7\u00e3o. Possui ajuste no comprimento e \u00e9 compat\u00edvel com todos os transmissores Joystick TEQ da Tele Radio.<\/p>\n<\/div><\/div>\n<\/div>\n<\/div>\n\n\n\n<div style=\"height:60px\" aria-hidden=\"true\" class=\"wp-block-spacer\"><\/div>\n\n\n\n<h2 class=\"wp-block-heading\"><br><\/h2>\n","protected":false},"excerpt":{"rendered":"<p>TRANSMISSORES JOYSTICK UMA AMPLA FAIXA DE APLICA\u00c7\u00c3O Com mais de 65 anos de experi\u00eancia na \u00e1rea de controle remoto industrial sem fio, a Tele Radio possui uma ampla gama de transmissores. Esses transmissores s\u00e3o perfeitamente adaptados a necessidade exata do usu\u00e1rio final e \u00e0s caracter\u00edsticas espec\u00edficas da aplica\u00e7\u00e3o. Os Transmissores Joystick Tele Radio podem ser [&hellip;]<\/p>\n","protected":false},"author":29,"featured_media":107016,"parent":0,"menu_order":0,"comment_status":"closed","ping_status":"closed","template":"","meta":{"_acf_changed":false,"footnotes":""},"class_list":["post-158375","page","type-page","status-publish","has-post-thumbnail","hentry"],"acf":[],"_links":{"self":[{"href":"https:\/\/www.tele-radio.com\/pt-br\/wp-json\/wp\/v2\/pages\/158375","targetHints":{"allow":["GET"]}}],"collection":[{"href":"https:\/\/www.tele-radio.com\/pt-br\/wp-json\/wp\/v2\/pages"}],"about":[{"href":"https:\/\/www.tele-radio.com\/pt-br\/wp-json\/wp\/v2\/types\/page"}],"author":[{"embeddable":true,"href":"https:\/\/www.tele-radio.com\/pt-br\/wp-json\/wp\/v2\/users\/29"}],"replies":[{"embeddable":true,"href":"https:\/\/www.tele-radio.com\/pt-br\/wp-json\/wp\/v2\/comments?post=158375"}],"version-history":[{"count":5,"href":"https:\/\/www.tele-radio.com\/pt-br\/wp-json\/wp\/v2\/pages\/158375\/revisions"}],"predecessor-version":[{"id":202472,"href":"https:\/\/www.tele-radio.com\/pt-br\/wp-json\/wp\/v2\/pages\/158375\/revisions\/202472"}],"wp:featuredmedia":[{"embeddable":true,"href":"https:\/\/www.tele-radio.com\/pt-br\/wp-json\/wp\/v2\/media\/107016"}],"wp:attachment":[{"href":"https:\/\/www.tele-radio.com\/pt-br\/wp-json\/wp\/v2\/media?parent=158375"}],"curies":[{"name":"wp","href":"https:\/\/api.w.org\/{rel}","templated":true}]}}