{"id":92032,"date":"2022-01-10T09:25:39","date_gmt":"2022-01-10T09:25:39","guid":{"rendered":"https:\/\/www.tele-radio.com\/privacy-policy\/"},"modified":"2023-05-15T11:24:23","modified_gmt":"2023-05-15T11:24:23","slug":"polityka-prywatnosci","status":"publish","type":"page","link":"https:\/\/www.tele-radio.com\/pl\/polityka-prywatnosci\/","title":{"rendered":"Polityka Prywatno\u015bci"},"content":{"rendered":"\n<h2 class=\"wp-block-heading\"><strong>WPROWADZENIE<\/strong><\/h2>\n\n\n\n<p>Tele Radio zobowi\u0105zuje si\u0119 do ochrony prywatno\u015bci i poufno\u015bci powierzonych nam informacji. Oznacza to, \u017ce Tele Radio d\u0105\u017cy do zapewnienia ochrony i prawid\u0142owego wykorzystania informacji umo\u017cliwiaj\u0105cych identyfikacj\u0119 u\u017cytkownika (zwanych &#8220;danymi osobowymi&#8221;).<\/p>\n\n\n\n<p>Niniejsze o\u015bwiadczenie o ochronie prywatno\u015bci dotyczy stron internetowych Tele Radio. Celem niniejszego o\u015bwiadczenia o ochronie prywatno\u015bci jest poinformowanie os\u00f3b odwiedzaj\u0105cych strony internetowe oraz u\u017cytkownik\u00f3w us\u0142ug i informacji \u015bwiadczonych przez Tele Radio o tym, w jaki spos\u00f3b Tele Radio przetwarza dane osobowe. Niniejsze o\u015bwiadczenie o ochronie prywatno\u015bci opisuje w jaki spos\u00f3b gromadzimy, wykorzystujemy, udost\u0119pniamy i chronimy dane osobowe.<\/p>\n\n\n\n<h3 class=\"wp-block-heading\"><strong><em>Jakie informacje gromadzimy?<\/em><\/strong><\/h3>\n\n\n\n<p><br>Tele Radio oferuje Pa\u0144stwu mo\u017cliwo\u015b\u0107 zamawiania produkt\u00f3w i us\u0142ug, sk\u0142adania zapyta\u0144 lub zapisywania si\u0119 na otrzymywanie r\u00f3\u017cnego rodzaju materia\u0142\u00f3w, za po\u015brednictwem naszej strony internetowej, telefonu lub poczty elektronicznej. Dzi\u0119ki temu otrzymujemy informacje takie jak Pa\u0144stwa imi\u0119 i nazwisko, spos\u00f3b dotarcia do Pa\u0144stwa oraz informacje niezb\u0119dne do wystawienia faktury i realizacji dostawy. Otrzymujemy r\u00f3wnie\u017c informacje dotycz\u0105ce transakcji handlowej. Opr\u00f3cz powy\u017cszych informacji, prosimy r\u00f3wnie\u017c o podanie informacji, kt\u00f3re mog\u0105 dotyczy\u0107 Pa\u0144stwa zainteresowa\u0144 zawodowych, aby\u015bmy mogli ulepszy\u0107 nasze produkty i us\u0142ugi oraz dostosowa\u0107 nasz\u0105 komunikacj\u0119 z Pa\u0144stwem do indywidualnych potrzeb.<\/p>\n\n\n\n<p>Tele Radio wykorzystuje zebrane dane, aby:<\/p>\n\n\n\n<ul class=\"wp-block-list\"><li>\u015awiadczy\u0107 i utrzymywa\u0107 nasze us\u0142ugi;<\/li><li>Powiadomi\u0107 u\u017cytkownika o zmianach dotycz\u0105cych naszych us\u0142ug;<\/li><li>Umo\u017cliwi\u0107 u\u017cytkownikowi udzia\u0142 w interaktywnych funkcjach naszych us\u0142ug, je\u015bli si\u0119 na to zdecyduje;<\/li><li>Zapewni\u0107 obs\u0142ug\u0119 klienta;<\/li><li>Zbiera\u0107 analizy lub cenne informacje w celu ulepszania naszych us\u0142ug;<\/li><li>Monitorowa\u0107 korzystanie z naszych us\u0142ug;<\/li><li>Wykrywa\u0107, zapobiega\u0107 i rozwi\u0105zywa\u0107 problemy techniczne;<\/li><li>Zapewni\u0107 u\u017cytkownikowi wiadomo\u015bci, oferty specjalne i og\u00f3lne informacje o innych oferowanych przez nas towarach, us\u0142ugach i wydarzeniach, kt\u00f3re s\u0105 podobne do tych, kt\u00f3re zakupi\u0142 lub o kt\u00f3re pyta\u0142 u\u017cytkownik, chyba \u017ce zrezygnowa\u0142 on z otrzymywania takich informacji.<\/li><\/ul>\n\n\n\n<h2 class=\"wp-block-heading\"><strong>KORZYSTANIE Z PLIK\u00d3W COOKIE<\/strong><\/h2>\n\n\n\n<h3 class=\"wp-block-heading\"><strong>GOOGLE ANALYTICS<\/strong><\/h3>\n\n\n\n<p>Tele Radio korzysta z Google Analytics, aby analizowa\u0107 spos\u00f3b korzystania z witryny przez u\u017cytkownik\u00f3w. To narz\u0119dzie analityczne u\u017cywa &#8220;cookies&#8221;, czyli plik\u00f3w tekstowych umieszczanych na komputerze u\u017cytkownika, do zbierania standardowych informacji z dziennika internetowego oraz informacji o zachowaniu u\u017cytkownika w formie anonimowej.<\/p>\n\n\n\n<p>Informacje generowane przez cookie na temat korzystania z witryny przez u\u017cytkownika (w tym jego adres IP) s\u0105 przekazywane do Google. Informacje te s\u0105 nast\u0119pnie wykorzystywane do oceny korzystania z witryny przez odwiedzaj\u0105cych oraz do sporz\u0105dzania raport\u00f3w statystycznych dotycz\u0105cych aktywno\u015bci w witrynie dla Tele Radio.<\/p>\n\n\n\n<p>Tele Radio nie b\u0119dzie (i nie pozwoli \u017cadnej stronie trzeciej) wykorzystywa\u0107 narz\u0119dzia analizy statystycznej do \u015bledzenia lub gromadzenia jakichkolwiek informacji umo\u017cliwiaj\u0105cych identyfikacj\u0119 os\u00f3b odwiedzaj\u0105cych nasz\u0105 witryn\u0119. Nie b\u0119dziemy \u0142\u0105czy\u0107 \u017cadnych danych zebranych z tej witryny z \u017cadnymi informacjami umo\u017cliwiaj\u0105cymi identyfikacj\u0119 os\u00f3b z jakiegokolwiek \u017ar\u00f3d\u0142a w ramach korzystania z narz\u0119dzia analizy statystycznej Google.<\/p>\n\n\n\n<p>Google nie b\u0119dzie kojarzy\u0107 adresu IP u\u017cytkownika z \u017cadnymi innymi danymi przechowywanymi przez Google. Ani Tele Radio, ani Google nie \u0142\u0105cz\u0105 ani nie pr\u00f3buj\u0105 \u0142\u0105czy\u0107 adresu IP z to\u017csamo\u015bci\u0105 u\u017cytkownika komputera.<\/p>\n\n\n\n<p>Korzystaj\u0105c z tej strony internetowej, wyra\u017casz zgod\u0119 na przetwarzanie danych o Tobie przez Google w spos\u00f3b i w celach okre\u015blonych powy\u017cej. Wi\u0119cej informacji na ten temat mo\u017cna znale\u017a\u0107 w <a href=\"https:\/\/support.google.com\/analytics\/answer\/6004245\">Bezpiecze\u0144stwie danych Google Analytics<\/a>.<\/p>\n\n\n\n<h3 class=\"wp-block-heading\"><strong>GOOGLE ADS<\/strong><\/h3>\n\n\n\n<p>Tele Radio wykorzystuje pliki cookie Google Analytics, kt\u00f3re gromadz\u0105 anonimowe informacje o zachowaniu u\u017cytkownik\u00f3w na stronie internetowej. Informacje te s\u0105 wykorzystywane do tworzenia remarketingowych grup odbiorc\u00f3w na podstawie okre\u015blonych zachowa\u0144, danych demograficznych i danych dotycz\u0105cych zainteresowa\u0144. Listy te s\u0105 udost\u0119pniane Google Ads.<\/p>\n\n\n\n<p>Do tych odbiorc\u00f3w mo\u017cna nast\u0119pnie kierowa\u0107 reklamy online za po\u015brednictwem Google Ads, gdy odwiedzaj\u0105cy przegl\u0105daj\u0105 Google lub jego witryny partnerskie.<\/p>\n\n\n\n<p>Tele Radio nie b\u0119dzie (i nie zezwoli \u017cadnej stronie trzeciej) na korzystanie z Google Analytics lub Google Ads do \u015bledzenia lub zbierania jakichkolwiek danych osobowych os\u00f3b odwiedzaj\u0105cych nasz\u0105 stron\u0119 internetow\u0105. <a href=\"https:\/\/support.google.com\/ads\/answer\/2662922?hl=en-GB\">Dowiedz si\u0119, jak zrezygnowa\u0107 z personalizowanej reklamy online<\/a>.<\/p>\n\n\n\n<h3 class=\"wp-block-heading\">FACEBOOK<\/h3>\n\n\n\n<p>Tele Radio wykorzystuje plik cookie Facebooka, kt\u00f3ry tworzy \u0142\u0105cze mi\u0119dzy Twoj\u0105 wizyt\u0105 w tej Witrynie a Facebookiem. Dzi\u0119ki temu mo\u017cemy pokazywa\u0107 u\u017cytkownikom odpowiednie tre\u015bci na Facebooku i dowiedzie\u0107 si\u0119, w jaki spos\u00f3b u\u017cytkownicy wchodz\u0105 w interakcje z naszymi tre\u015bciami na Facebooku. Aby to umo\u017cliwi\u0107, Facebook gromadzi dane. Informacje o tym, jak Facebook obs\u0142uguje dane swoich u\u017cytkownik\u00f3w mo\u017cna znale\u017a\u0107 <a href=\"https:\/\/www.facebook.com\/about\/privacy\">tutaj<\/a>. Informacje o wy\u0142\u0105czeniu omawianych plik\u00f3w cookie znajduj\u0105 si\u0119 poni\u017cej.&nbsp;<\/p>\n\n\n\n<h3 class=\"wp-block-heading\">LEADINFO<\/h3>\n\n\n\n<p>Poprzez swoj\u0105 us\u0142ug\u0119 online, Leadinfo b\u0119dzie przetwarza\u0107 dane wra\u017cliwe pod wzgl\u0119dem prywatno\u015bci lub dane osobowe. Leadinfo ceni prywatno\u015b\u0107 swoich klient\u00f3w i zachowuje nale\u017cyt\u0105 staranno\u015b\u0107 w przetwarzaniu i ochronie danych osobowych.<\/p>\n\n\n\n<p>Podczas przetwarzania danych spe\u0142niamy wymogi obowi\u0105zuj\u0105cego prawa o ochronie danych. Oznacza to, \u017ce:<\/p>\n\n\n\n<ul class=\"wp-block-list\"><li><strong>wyra\u017anie okre\u015blamy nasze cele <\/strong>przed rozpocz\u0119ciem przetwarzania danych osobowych, korzystaj\u0105c z niniejszego O\u015bwiadczenia o ochronie prywatno\u015bci;<\/li><li><strong>ograniczamy gromadzenie przez nas danych osobowych <\/strong>wy\u0142\u0105cznie do tych, kt\u00f3re s\u0105 niezb\u0119dne do realizacji uzasadnionych cel\u00f3w;<\/li><li><strong>prosimy o wyra\u017an\u0105 zgod\u0119 <\/strong>na przetwarzanie danych osobowych w przypadkach, w kt\u00f3rych taka zgoda jest wymagana;<\/li><li>stosujemy <strong>odpowiednie \u015brodki bezpiecze\u0144stwa <\/strong>w celu ochrony Pa\u0144stwa danych osobowych i wymagamy tego samego od stron, kt\u00f3re przetwarzaj\u0105 dane osobowe w naszym imieniu;<\/li><li><strong>szanujemy <\/strong>Pa\u0144stwa prawo do wgl\u0105du, poprawiania lub usuwania Pa\u0144stwa danych osobowych przechowywanych przez nas.<\/li><\/ul>\n\n\n\n<p>Korzystaj\u0105c z naszego serwisu, przekazuj\u0105 nam Pa\u0144stwo pewne dane. Mog\u0105 to by\u0107 dane osobowe. Zachowujemy i wykorzystujemy tylko te dane osobowe, kt\u00f3re zosta\u0142y nam przekazane bezpo\u015brednio przez Pa\u0144stwa lub w przypadku kt\u00f3rych jest jasne, \u017ce zosta\u0142y nam przekazane do przetwarzania.<\/p>\n\n\n\n<p>U\u017cywamy nast\u0119puj\u0105cych danych do cel\u00f3w wymienionych w niniejszym o\u015bwiadczeniu o ochronie prywatno\u015bci:<\/p>\n\n\n\n<ul class=\"wp-block-list\"><li>Nazwisko i adres<\/li><li>Numer telefonu<\/li><li>Adres rozliczeniowy<\/li><li>Adres e-mail<\/li><li>Dane dotycz\u0105ce p\u0142atno\u015bci<\/li><li>Adres IP<\/li><\/ul>\n\n\n\n<p><\/p>\n\n\n\n<h2 class=\"wp-block-heading\"><strong><strong>POUFNO\u015a\u0106 I BEZPIECZE\u0143STWO<\/strong><\/strong><\/h2>\n\n\n\n<ul class=\"wp-block-list\"><li>W celu ochrony Twojego bezpiecze\u0144stwa i prywatno\u015bci, Twoje dane b\u0119d\u0105 chronione has\u0142em.<br><br><\/li><li>Ograniczamy dost\u0119p do Pa\u0144stwa danych osobowych do pracownik\u00f3w, kt\u00f3rzy naszym zdaniem musz\u0105 mie\u0107 kontakt z tymi informacjami, aby dostarcza\u0107 Pa\u0144stwu produkty i us\u0142ugi lub aby wykonywa\u0107 swoj\u0105 prac\u0119.<br><br><\/li><li>Podejmiemy uzasadnione i odpowiednie \u015brodki, takie jak fizyczne, elektroniczne i proceduralne zabezpieczenia, kt\u00f3re s\u0105 zgodne z obowi\u0105zuj\u0105cymi przepisami dotycz\u0105cymi ochrony prywatno\u015bci i bezpiecze\u0144stwa danych osobowych w celu ochrony danych osobowych u\u017cytkownika.<br><br><\/li><li>Pomimo podj\u0119cia przez nas uzasadnionych krok\u00f3w w celu wykorzystania i ulepszenia r\u00f3\u017cnych zabezpiecze\u0144, przyjmujesz do wiadomo\u015bci i zgadzasz si\u0119, \u017ce \u017caden system ani technologia nie jest ca\u0142kowicie bezpieczna. Je\u015bli dowiesz si\u0119 o jakiejkolwiek luce w naszej witrynie, skontaktuj si\u0119 z nami, aby to zg\u0142osi\u0107.<\/li><\/ul>\n\n\n\n<p><\/p>\n\n\n\n<h2 class=\"wp-block-heading\"><strong><strong>KONTROLA I DOST\u0118P DO INFORMACJI O U\u017bYTKOWNIKU<\/strong><\/strong><\/h2>\n\n\n\n<p>W ka\u017cdej chwili mo\u017cesz skontaktowa\u0107 si\u0119 z nami, je\u015bli masz jakiekolwiek pro\u015bby i pytania dotycz\u0105ce Twoich danych osobowych w ramach Twoich danych osobowych zebranych przez Tele Radio, takich jak pro\u015bba o dost\u0119p, korekt\u0119, pobranie, usuni\u0119cie niekt\u00f3rych lub wszystkich Twoich danych osobowych.<\/p>\n\n\n\n<p>Je\u015bli nie b\u0119dziemy mogli usun\u0105\u0107 niekt\u00f3rych danych osobowych, poinformujemy Ci\u0119 dlaczego. Je\u017celi u\u017cytkownik otrzymuje e-maile marketingowe, mo\u017ce w ka\u017cdej chwili zako\u0144czy\u0107 ich subskrypcj\u0119, post\u0119puj\u0105c zgodnie z instrukcjami dotycz\u0105cymi rezygnacji z subskrypcji zawartymi w otrzymanym e-mailu.<br><br>Je\u015bli masz pytania, komentarze lub chcesz z\u0142o\u017cy\u0107 wniosek dotycz\u0105cy Twoich danych osobowych lub naszego O\u015bwiadczenia i praktyk dotycz\u0105cych danych, skontaktuj si\u0119 z nami w nast\u0119puj\u0105cy spos\u00f3b:<\/p>\n\n\n\n<p>Phone: +31 (0)70-41 94 127<br>Email: marketing@teleradio.nl<br>Postal Mail: Jadestraat 9, 2665 NS, Bleiswijk, The Netherlands.<\/p>\n\n\n\n<p><\/p>\n\n\n\n<p><strong>Tele Radio Polska Sp. z o. o. <\/strong><br>Telefon: +48 41 300 58 81<br>E-mail: kontakt@tele-radio.pl <\/p>\n\n\n\n<p><\/p>\n\n\n\n<p>T\u0142umaczenie z j\u0119zyka angielskiego. Aby przeczyta\u0107 orygina\u0142 wybierz &#8220;English&#8221; z listy na g\u00f3rze strony.<\/p>\n","protected":false},"excerpt":{"rendered":"<p>WPROWADZENIE Tele Radio zobowi\u0105zuje si\u0119 do ochrony prywatno\u015bci i poufno\u015bci powierzonych nam informacji. Oznacza to, \u017ce Tele Radio d\u0105\u017cy do zapewnienia ochrony i prawid\u0142owego wykorzystania informacji umo\u017cliwiaj\u0105cych identyfikacj\u0119 u\u017cytkownika (zwanych &#8220;danymi osobowymi&#8221;). Niniejsze o\u015bwiadczenie o ochronie prywatno\u015bci dotyczy stron internetowych Tele Radio. Celem niniejszego o\u015bwiadczenia o ochronie prywatno\u015bci jest poinformowanie os\u00f3b odwiedzaj\u0105cych strony internetowe oraz [&hellip;]<\/p>\n","protected":false},"author":87,"featured_media":0,"parent":0,"menu_order":0,"comment_status":"closed","ping_status":"closed","template":"","meta":{"_acf_changed":false,"footnotes":""},"class_list":["post-92032","page","type-page","status-publish","hentry"],"acf":[],"_links":{"self":[{"href":"https:\/\/www.tele-radio.com\/pl\/wp-json\/wp\/v2\/pages\/92032","targetHints":{"allow":["GET"]}}],"collection":[{"href":"https:\/\/www.tele-radio.com\/pl\/wp-json\/wp\/v2\/pages"}],"about":[{"href":"https:\/\/www.tele-radio.com\/pl\/wp-json\/wp\/v2\/types\/page"}],"author":[{"embeddable":true,"href":"https:\/\/www.tele-radio.com\/pl\/wp-json\/wp\/v2\/users\/87"}],"replies":[{"embeddable":true,"href":"https:\/\/www.tele-radio.com\/pl\/wp-json\/wp\/v2\/comments?post=92032"}],"version-history":[{"count":7,"href":"https:\/\/www.tele-radio.com\/pl\/wp-json\/wp\/v2\/pages\/92032\/revisions"}],"predecessor-version":[{"id":114236,"href":"https:\/\/www.tele-radio.com\/pl\/wp-json\/wp\/v2\/pages\/92032\/revisions\/114236"}],"wp:attachment":[{"href":"https:\/\/www.tele-radio.com\/pl\/wp-json\/wp\/v2\/media?parent=92032"}],"curies":[{"name":"wp","href":"https:\/\/api.w.org\/{rel}","templated":true}]}}