{"id":84402,"date":"2021-11-03T08:47:30","date_gmt":"2021-11-03T08:47:30","guid":{"rendered":"https:\/\/www.tele-radio.com\/?page_id=84402"},"modified":"2023-09-19T12:57:16","modified_gmt":"2023-09-19T12:57:16","slug":"sterowanie-radiowe-kolejnictwo","status":"publish","type":"page","link":"https:\/\/www.tele-radio.com\/pl\/zastosowania\/sterowanie-radiowe-kolejnictwo\/","title":{"rendered":"Sterowanie radiowe w kolejnictwie"},"content":{"rendered":"\n<div style=\"height:30px\" aria-hidden=\"true\" class=\"wp-block-spacer\"><\/div>\n\n\n\n<h1 class=\"wp-block-heading has-text-align-center\">PRZEMYS\u0141 KOLEJOWY<\/h1>\n\n\n\n<div style=\"height:100px\" aria-hidden=\"true\" class=\"wp-block-spacer\"><\/div>\n\n\n\n<div class=\"wp-block-media-text alignwide is-stacked-on-mobile is-image-fill\"><figure class=\"wp-block-media-text__media\" style=\"background-image:url(https:\/\/www.tele-radio.com\/app\/uploads\/AdobeStock_330399223.-1200x674.jpg);background-position:22% 56%\"><img loading=\"lazy\" decoding=\"async\" width=\"1200\" height=\"674\" src=\"https:\/\/www.tele-radio.com\/app\/uploads\/AdobeStock_330399223.-1200x674.jpg\" alt=\"\" class=\"wp-image-84620 size-full\" srcset=\"https:\/\/www.tele-radio.com\/app\/uploads\/AdobeStock_330399223.-1200x674.jpg 1200w, https:\/\/www.tele-radio.com\/app\/uploads\/AdobeStock_330399223.-400x225.jpg 400w, https:\/\/www.tele-radio.com\/app\/uploads\/AdobeStock_330399223.-768x431.jpg 768w, https:\/\/www.tele-radio.com\/app\/uploads\/AdobeStock_330399223.-1536x863.jpg 1536w, https:\/\/www.tele-radio.com\/app\/uploads\/AdobeStock_330399223.-750x421.jpg 750w, https:\/\/www.tele-radio.com\/app\/uploads\/AdobeStock_330399223.-500x281.jpg 500w, https:\/\/www.tele-radio.com\/app\/uploads\/AdobeStock_330399223.-1600x899.jpg 1600w, https:\/\/www.tele-radio.com\/app\/uploads\/AdobeStock_330399223.-800x449.jpg 800w, https:\/\/www.tele-radio.com\/app\/uploads\/AdobeStock_330399223..jpg 1800w\" sizes=\"auto, (max-width: 1200px) 100vw, 1200px\" \/><\/figure><div class=\"wp-block-media-text__content\">\n<div style=\"height:15px\" aria-hidden=\"true\" class=\"wp-block-spacer\"><\/div>\n\n\n\n<h2 class=\"wp-block-heading\">Sterowanie radiowe maszynami kolejowymi  <\/h2>\n\n\n\n<p>W sektorze kolejowym bezpiecze\u0144stwo odgrywa nadrz\u0119dn\u0105 rol\u0119, dlatego te\u017c wymaga on zastosowania nowoczesnych technologii i maszyn. Jednym ze sposob\u00f3w na poprawienie bezpiecze\u0144stwa, a jednocze\u015bnie na zwi\u0119kszenie wydajno\u015bci i niezawodno\u015bci jest wykorzystanie bezprzewodowych system\u00f3w sterowania radiowego. Sterowanie radiowe Tele Radio pozwala na realizacj\u0119 wszelkich zada\u0144 w bran\u017cy kolejowej, pocz\u0105wszy od budowy i utrzymania linii kolejowych, po sterowanie lokomotywami manewrowymi.   <\/p>\n\n\n\n<p>Produkty Tele Radio s\u0105&nbsp;<a href=\"https:\/\/www.tele-radio.com\/pl\/rola-jednostek-notyfikowanych-w-zapewnieniu-bezpieczenstwa\/\">niezale\u017cnie certyfikowane<\/a>&nbsp;\u2013 <strong>wiele z nich posiada<\/strong>&nbsp;<strong>certyfikat bezpiecze\u0144stwa SIL3 PLe<\/strong>, <strong>co pozwala na u\u017cycie ich w aplikacjach o zwi\u0119kszonym poziomie ryzyka, np. tych dotycz\u0105cych ruchu kolejowego<\/strong>. Sterowanie radiowe maszynami kolejowymi przynosi wiele korzy\u015bci dla operator\u00f3w. Pozwala na zachowanie dobrej widoczno\u015bci z najbardziej odpowiedniego miejsca podczas wykonywania prac manewrowych i jednocze\u015bnie przyczynia si\u0119 do wi\u0119kszej precyzji operacji oraz zmniejszenia ryzyka odniesienia obra\u017ce\u0144. Poza tym obs\u0142uga prac, kt\u00f3ra wymaga\u0142a obecno\u015bci co najmniej dw\u00f3ch os\u00f3b, dzi\u0119ki sterowaniu radiowemu Tele Radio mo\u017ce by\u0107 wykonywana przez jednego operatora. Bezprzewodowe sterowanie mo\u017cna wykorzysta\u0107 w r\u00f3\u017cnych maszynach, a tak\u017ce <strong>w urz\u0105dzeniach transportu bliskiego<\/strong>, czyli wykorzystywanych m.in. do za\u0142adunku kontener\u00f3w, podnoszenia \u0142adunk\u00f3w i ludzi lub modernizacji linii kolejowych. <\/p>\n\n\n\n<div style=\"height:10px\" aria-hidden=\"true\" class=\"wp-block-spacer\"><\/div>\n<\/div><\/div>\n\n\n\n<div style=\"height:60px\" aria-hidden=\"true\" class=\"wp-block-spacer\"><\/div>\n\n\n\n<div class=\"wp-block-buttons is-content-justification-center is-layout-flex wp-container-core-buttons-is-layout-16018d1d wp-block-buttons-is-layout-flex\">\n<div class=\"wp-block-button\"><a class=\"wp-block-button__link has-black-color has-luminous-vivid-amber-background-color has-text-color has-background wp-element-button\" href=\"#pomoc\" style=\"border-radius:10px\"><strong>Popro\u015b o ofert\u0119<\/strong><\/a><\/div>\n<\/div>\n\n\n\n<div style=\"height:100px\" aria-hidden=\"true\" class=\"wp-block-spacer\"><\/div>\n\n\n\n<h2 class=\"wp-block-heading has-text-align-left\">Systemy sterowania radiowego Tele Radio maszynami w bran\u017cy kolejowej <\/h2>\n\n\n\n<p>Wyboru w\u0142a\u015bciwego sterowania radiowego do danego zastosowania najlepiej dokona\u0107 w porozumieniu z pracownikami Tele Radio. Dostarczamy r\u00f3\u017cne nadajniki o specyficznych cechach. Podczas dobierania systemu sterowania trzeba wzi\u0105\u0107 pod uwag\u0119 takie kwestie jak mi\u0119dzy innymi poziom bezpiecze\u0144stwa oraz wielko\u015b\u0107 i funkcjonalno\u015b\u0107 nadajnika sterowania radiowego.  <\/p>\n\n\n\n<div style=\"height:40px\" aria-hidden=\"true\" class=\"wp-block-spacer\"><\/div>\n\n\n\n<div class=\"wp-block-columns has-background is-layout-flex wp-container-core-columns-is-layout-9d6595d7 wp-block-columns-is-layout-flex\" style=\"background-color:#eeeeee\">\n<div class=\"wp-block-column is-layout-flow wp-block-column-is-layout-flow\">\n<div style=\"height:15px\" aria-hidden=\"true\" class=\"wp-block-spacer\"><\/div>\n\n\n\n<p class=\"has-text-align-center has-medium-font-size\"><strong>Certyfikowane nadajniki przyciskowe Tele Radio<\/strong><\/p>\n\n\n\n<div style=\"height:10px\" aria-hidden=\"true\" class=\"wp-block-spacer\"><\/div>\n\n\n<div class=\"wp-block-image\">\n<figure class=\"aligncenter size-medium\"><img loading=\"lazy\" decoding=\"async\" width=\"400\" height=\"270\" src=\"https:\/\/www.tele-radio.com\/app\/uploads\/nadajniki_przyciskowe_teleradio_zastosowania_kolej-400x270.png\" alt=\"\" class=\"wp-image-162872\" srcset=\"https:\/\/www.tele-radio.com\/app\/uploads\/nadajniki_przyciskowe_teleradio_zastosowania_kolej-400x270.png 400w, https:\/\/www.tele-radio.com\/app\/uploads\/nadajniki_przyciskowe_teleradio_zastosowania_kolej-1200x810.png 1200w, https:\/\/www.tele-radio.com\/app\/uploads\/nadajniki_przyciskowe_teleradio_zastosowania_kolej-768x518.png 768w, https:\/\/www.tele-radio.com\/app\/uploads\/nadajniki_przyciskowe_teleradio_zastosowania_kolej-1536x1037.png 1536w, https:\/\/www.tele-radio.com\/app\/uploads\/nadajniki_przyciskowe_teleradio_zastosowania_kolej-750x506.png 750w, https:\/\/www.tele-radio.com\/app\/uploads\/nadajniki_przyciskowe_teleradio_zastosowania_kolej-500x338.png 500w, https:\/\/www.tele-radio.com\/app\/uploads\/nadajniki_przyciskowe_teleradio_zastosowania_kolej-800x540.png 800w, https:\/\/www.tele-radio.com\/app\/uploads\/nadajniki_przyciskowe_teleradio_zastosowania_kolej.png 1600w\" sizes=\"auto, (max-width: 400px) 100vw, 400px\" \/><\/figure><\/div>\n\n\n<div style=\"height:10px\" aria-hidden=\"true\" class=\"wp-block-spacer\"><\/div>\n\n\n\n<p class=\"has-text-align-center\">Nadajniki te posiadaj\u0105 <a href=\"https:\/\/www.tele-radio.com\/pl\/standardy-bezpieczenstwa-w-systemach-sterowania-tele-radio\/\">funkcj\u0119 awaryjnego zatrzymania<\/a> na poziomie bezpiecze\u0144stwa <strong>PLd<\/strong> (nadajnik <a href=\"https:\/\/www.tele-radio.com\/pl\/products\/panther\/panther-transmitter-8x2-step-buttons-pld-cat3\/\">PN-T19-2<\/a> i <a href=\"https:\/\/www.tele-radio.com\/pl\/products\/panther\/panther-transmitter-12x2-step-buttons-2-2\/\">PN-T29-12<\/a>) lub <strong>PLe, SIL3<\/strong> (nadajniki z serii <a href=\"https:\/\/www.tele-radio.com\/pl\/products\/tiger-g2\/\">Tiger G2<\/a>), co sprawia, \u017ce s\u0105 odpowiednie <strong>do pracy w warunkach wysokiego ryzyka<\/strong>. <\/p>\n\n\n\n<p class=\"has-text-align-center\">Pozwalaj\u0105 na sterowanie funkcjami z dwoma pr\u0119dko\u015bciami dzi\u0119ki dwustopniowym przyciskom lub na precyzyjne sterowanie <strong><a href=\"https:\/\/www.tele-radio.com\/pl\/nadajnik-z-przyciskami-proporcjonalnymi-do-precyzyjnego-sterowania\/\">przyciskami proporcjonalnymi<\/a><\/strong> (nadajniki <a href=\"https:\/\/www.tele-radio.com\/pl\/products\/tiger-g2\/tiger-g2-nadajnik-4x2-step-buttons-display-sil3-ple-2\/\">TG-T14-7<\/a>, <a href=\"https:\/\/www.tele-radio.com\/pl\/products\/tiger-g2\/tiger-g2-transmitter-4x2-step-buttons-display-sil3-ple-3\/\">TG-T15-7<\/a>). W ofercie nadajnik\u00f3w Tiger G2 znajduj\u0105 si\u0119 modele z mo\u017cliwo\u015bci\u0105 uzyskiwania informacji zwrotnej ze sterowanej maszyny na monochromatycznym wy\u015bwietlaczu urz\u0105dzenia lub za pomoc\u0105 diod LED.<\/p>\n\n\n\n<p class=\"has-text-align-center\">    <\/p>\n<\/div>\n\n\n\n<div class=\"wp-block-column is-layout-flow wp-block-column-is-layout-flow\">\n<div style=\"height:15px\" aria-hidden=\"true\" class=\"wp-block-spacer\"><\/div>\n\n\n\n<p class=\"has-text-align-center has-medium-font-size\"><strong>Certyfikowane nadajniki joystickowe Tele Radio<\/strong> <\/p>\n\n\n\n<div style=\"height:10px\" aria-hidden=\"true\" class=\"wp-block-spacer\"><\/div>\n\n\n<div class=\"wp-block-image\">\n<figure class=\"aligncenter size-medium\"><img loading=\"lazy\" decoding=\"async\" width=\"400\" height=\"270\" src=\"https:\/\/www.tele-radio.com\/app\/uploads\/nadajniki_joystickowe_teleradio_zastosowania_kolej-400x270.png\" alt=\"\" class=\"wp-image-162896\" srcset=\"https:\/\/www.tele-radio.com\/app\/uploads\/nadajniki_joystickowe_teleradio_zastosowania_kolej-400x270.png 400w, https:\/\/www.tele-radio.com\/app\/uploads\/nadajniki_joystickowe_teleradio_zastosowania_kolej-1200x810.png 1200w, https:\/\/www.tele-radio.com\/app\/uploads\/nadajniki_joystickowe_teleradio_zastosowania_kolej-768x518.png 768w, https:\/\/www.tele-radio.com\/app\/uploads\/nadajniki_joystickowe_teleradio_zastosowania_kolej-1536x1037.png 1536w, https:\/\/www.tele-radio.com\/app\/uploads\/nadajniki_joystickowe_teleradio_zastosowania_kolej-750x506.png 750w, https:\/\/www.tele-radio.com\/app\/uploads\/nadajniki_joystickowe_teleradio_zastosowania_kolej-500x338.png 500w, https:\/\/www.tele-radio.com\/app\/uploads\/nadajniki_joystickowe_teleradio_zastosowania_kolej-800x540.png 800w, https:\/\/www.tele-radio.com\/app\/uploads\/nadajniki_joystickowe_teleradio_zastosowania_kolej.png 1600w\" sizes=\"auto, (max-width: 400px) 100vw, 400px\" \/><\/figure><\/div>\n\n\n<div style=\"height:10px\" aria-hidden=\"true\" class=\"wp-block-spacer\"><\/div>\n\n\n\n<p class=\"has-text-align-center\">Seria Tele Radio <strong><a href=\"https:\/\/www.tele-radio.com\/pl\/nadajniki-joystickowe\/\">TEQ Line<\/a><\/strong> z nadajnikami joystickowymi jest idealna do bardzo wymagaj\u0105cych aplikacji. Zapewnia najwy\u017cszy poziom bezpiecze\u0144stwa w zastosowaniach dla hydrauliki si\u0142owej oraz urz\u0105dze\u0144 mobilnych i przemys\u0142owych, a przy tym posiada inn\u0105 cech\u0119 &#8211; mo\u017cliwo\u015b\u0107 pe\u0142nej personalizacji.<\/p>\n\n\n\n<p class=\"has-text-align-center\">Nadajniki z manipulatorami Tele Radio dost\u0119pne s\u0105 w trzech rozmiarach oraz w wersji standardowej lub tworzonej \u201epod klienta\u201d, w kt\u00f3rej wykorzystuje si\u0119 przyciski, prze\u0142\u0105czniki, joysticki, joysticki \u0142opatkowe itp. Aby spe\u0142ni\u0107 aktualne standardy bran\u017cowe, nadajniki joystickowe Tele Radio s\u0105 <strong>kompatybilne z szerok\u0105 gam\u0105 system\u00f3w BUS<\/strong>.   <\/p>\n\n\n\n<p class=\"has-text-align-center\"> <\/p>\n<\/div>\n<\/div>\n\n\n\n<div style=\"height:60px\" aria-hidden=\"true\" class=\"wp-block-spacer\"><\/div>\n\n\n\n<p class=\"has-medium-font-size\"><strong>Odbiorniki Tele Radio<\/strong><\/p>\n\n\n\n<p>Dob\u00f3r odpowiedniego odbiornika do nadajnika zdalnego sterowania jest niezwykle wa\u017cny. W ofercie Tele Radio mo\u017cna znale\u017a\u0107 wiele odbiornik\u00f3w, kt\u00f3re s\u0105 funkcjonalne i maj\u0105 mo\u017cliwo\u015b\u0107 rozbudowy o dodatkowe modu\u0142y. Dost\u0119pne s\u0105 r\u00f3wnie\u017c modele z cyfrowymi oraz analogowymi wej\u015bciami i wyj\u015bciami, a tak\u017ce modele z wy\u015bwietlaczem.<\/p>\n\n\n\n<p>Aby system sterowania radiowego dzia\u0142a\u0142 bez zastrze\u017ce\u0144, pomo\u017cemy w wyborze odpowiedniego odbiornika. Mo\u017cemy r\u00f3wnie\u017c dostosowa\u0107 urz\u0105dzenia zdalnego sterowania, tak aby by\u0142y odpowiednie dla komunikacji CANOpen, Modbus, J1939. <\/p>\n\n\n\n<div style=\"height:80px\" aria-hidden=\"true\" class=\"wp-block-spacer\"><\/div>\n\n\n\n<h2 class=\"wp-block-heading\" id=\"pomoc\">S\u0142u\u017cymy pomoc\u0105 przy wyborze odpowiedniego sterowania radiowego Tele Radio<\/h2>\n\n\n\n<p>Je\u015bli nie masz pewno\u015bci, jaki typ nadajnika lub odbiornika jest najlepszy dla Twojego zastosowania oraz chcia\u0142by\u015b om\u00f3wi\u0107 rozwi\u0105zanie, kt\u00f3re najbardziej Ci odpowiada, <strong>zapraszamy do <a href=\"https:\/\/www.tele-radio.com\/pl\/kontakt\/\">kontaktu<\/a> mailowego lub telefonicznego. <\/strong> <\/p>\n\n\n\n<div style=\"height:90px\" aria-hidden=\"true\" class=\"wp-block-spacer\"><\/div>\n\n\n\n<div class=\"wp-block-columns is-layout-flex wp-container-core-columns-is-layout-9d6595d7 wp-block-columns-is-layout-flex\">\n<div class=\"wp-block-column is-layout-flow wp-block-column-is-layout-flow\"><div class=\"wp-block-image is-style-default\">\n<figure class=\"aligncenter size-full is-resized\"><img loading=\"lazy\" decoding=\"async\" src=\"https:\/\/www.tele-radio.com\/app\/uploads\/reparar-control-remoto-espana-teleradio-2.png\" alt=\"Tele control manufacturers\" class=\"wp-image-151175\" width=\"50\" height=\"50\"\/><\/figure><\/div>\n\n\n<p class=\"has-text-align-center\" style=\"font-size:22px\"><strong>Jeste\u015bmy producentem<\/strong><\/p>\n\n\n\n<p class=\"has-text-align-center\">Tele Radio to szwedzki producent sterowa\u0144 radiowych. <strong>Polska filia<\/strong> ma siedzib\u0119 w Kielcach.<\/p>\n<\/div>\n\n\n\n<div class=\"wp-block-column is-layout-flow wp-block-column-is-layout-flow\"><div class=\"wp-block-image\">\n<figure class=\"aligncenter size-full is-resized\"><img loading=\"lazy\" decoding=\"async\" src=\"https:\/\/www.tele-radio.com\/app\/uploads\/maps-and-flags.webp\" alt=\"\" class=\"wp-image-84266\" width=\"48\" height=\"48\"\/><\/figure><\/div>\n\n\n<p class=\"has-text-align-center\" style=\"font-size:22px\"><strong>Posiadamy<\/strong> <strong>w\u0142asny magazyn<\/strong><\/p>\n\n\n\n<p class=\"has-text-align-center\">Realizacja zam\u00f3wie\u0144 nawet w <strong>1-2 dni robocze<\/strong>. Urz\u0105dzenia z dwuletni\u0105 gwarancj\u0105.<\/p>\n<\/div>\n\n\n\n<div class=\"wp-block-column is-layout-flow wp-block-column-is-layout-flow\"><div class=\"wp-block-image\">\n<figure class=\"aligncenter size-thumbnail is-resized\"><img loading=\"lazy\" decoding=\"async\" src=\"https:\/\/www.tele-radio.com\/app\/uploads\/add-friend-150x150.png\" alt=\"\" class=\"wp-image-156207\" width=\"50\" height=\"50\" srcset=\"https:\/\/www.tele-radio.com\/app\/uploads\/add-friend-150x150.png 150w, https:\/\/www.tele-radio.com\/app\/uploads\/add-friend-400x400.png 400w, https:\/\/www.tele-radio.com\/app\/uploads\/add-friend-250x250.png 250w, https:\/\/www.tele-radio.com\/app\/uploads\/add-friend-500x500.png 500w, https:\/\/www.tele-radio.com\/app\/uploads\/add-friend.png 512w\" sizes=\"auto, (max-width: 50px) 100vw, 50px\" \/><\/figure><\/div>\n\n\n<p class=\"has-text-align-center\" style=\"font-size:22px\"><strong>Zapewniamy wsparcie lokalne<\/strong><\/p>\n\n\n\n<p class=\"has-text-align-center\">Pomoc techniczna i wsparcie. Wi\u0119kszo\u015b\u0107 napraw w ci\u0105gu 24-48 h.<\/p>\n<\/div>\n<\/div>\n\n\n\n<div style=\"height:50px\" aria-hidden=\"true\" class=\"wp-block-spacer\"><\/div>\n\n\n\n<div class=\"wp-block-buttons is-content-justification-center is-layout-flex wp-container-core-buttons-is-layout-16018d1d wp-block-buttons-is-layout-flex\">\n<div class=\"wp-block-button\"><a class=\"wp-block-button__link has-black-color has-luminous-vivid-amber-background-color has-text-color has-background wp-element-button\" href=\"https:\/\/www.tele-radio.com\/pl\/kontakt\/\" style=\"border-radius:10px\"><strong>Kontakt<\/strong><\/a><\/div>\n<\/div>\n\n\n\n<div style=\"height:48px\" aria-hidden=\"true\" class=\"wp-block-spacer\"><\/div>\n\n\n<div class=\"wp-block-image\">\n<figure class=\"aligncenter size-medium\"><img loading=\"lazy\" decoding=\"async\" width=\"400\" height=\"205\" src=\"https:\/\/www.tele-radio.com\/app\/uploads\/Assortiment_2019_zonder_spiegeling_en_schaduw-removebg-400x205.png\" alt=\"\" class=\"wp-image-141133\" srcset=\"https:\/\/www.tele-radio.com\/app\/uploads\/Assortiment_2019_zonder_spiegeling_en_schaduw-removebg-400x205.png 400w, https:\/\/www.tele-radio.com\/app\/uploads\/Assortiment_2019_zonder_spiegeling_en_schaduw-removebg-500x256.png 500w, https:\/\/www.tele-radio.com\/app\/uploads\/Assortiment_2019_zonder_spiegeling_en_schaduw-removebg.png 698w\" sizes=\"auto, (max-width: 400px) 100vw, 400px\" \/><\/figure><\/div>\n\n\n<div style=\"height:100px\" aria-hidden=\"true\" class=\"wp-block-spacer\"><\/div>\n","protected":false},"excerpt":{"rendered":"<p>PRZEMYS\u0141 KOLEJOWY Systemy sterowania radiowego Tele Radio maszynami w bran\u017cy kolejowej Wyboru w\u0142a\u015bciwego sterowania radiowego do danego zastosowania najlepiej dokona\u0107 w porozumieniu z pracownikami Tele Radio. Dostarczamy r\u00f3\u017cne nadajniki o specyficznych cechach. Podczas dobierania systemu sterowania trzeba wzi\u0105\u0107 pod uwag\u0119 takie kwestie jak mi\u0119dzy innymi poziom bezpiecze\u0144stwa oraz wielko\u015b\u0107 i funkcjonalno\u015b\u0107 nadajnika sterowania radiowego. Certyfikowane [&hellip;]<\/p>\n","protected":false},"author":87,"featured_media":84620,"parent":67465,"menu_order":0,"comment_status":"closed","ping_status":"closed","template":"","meta":{"_acf_changed":false,"footnotes":""},"class_list":["post-84402","page","type-page","status-publish","has-post-thumbnail","hentry"],"acf":[],"_links":{"self":[{"href":"https:\/\/www.tele-radio.com\/pl\/wp-json\/wp\/v2\/pages\/84402","targetHints":{"allow":["GET"]}}],"collection":[{"href":"https:\/\/www.tele-radio.com\/pl\/wp-json\/wp\/v2\/pages"}],"about":[{"href":"https:\/\/www.tele-radio.com\/pl\/wp-json\/wp\/v2\/types\/page"}],"author":[{"embeddable":true,"href":"https:\/\/www.tele-radio.com\/pl\/wp-json\/wp\/v2\/users\/87"}],"replies":[{"embeddable":true,"href":"https:\/\/www.tele-radio.com\/pl\/wp-json\/wp\/v2\/comments?post=84402"}],"version-history":[{"count":25,"href":"https:\/\/www.tele-radio.com\/pl\/wp-json\/wp\/v2\/pages\/84402\/revisions"}],"predecessor-version":[{"id":163373,"href":"https:\/\/www.tele-radio.com\/pl\/wp-json\/wp\/v2\/pages\/84402\/revisions\/163373"}],"up":[{"embeddable":true,"href":"https:\/\/www.tele-radio.com\/pl\/wp-json\/wp\/v2\/pages\/67465"}],"wp:featuredmedia":[{"embeddable":true,"href":"https:\/\/www.tele-radio.com\/pl\/wp-json\/wp\/v2\/media\/84620"}],"wp:attachment":[{"href":"https:\/\/www.tele-radio.com\/pl\/wp-json\/wp\/v2\/media?parent=84402"}],"curies":[{"name":"wp","href":"https:\/\/api.w.org\/{rel}","templated":true}]}}