{"id":83355,"date":"2021-11-03T08:56:05","date_gmt":"2021-11-03T08:56:05","guid":{"rendered":"https:\/\/www.tele-radio.com\/?page_id=83355"},"modified":"2023-09-22T10:44:24","modified_gmt":"2023-09-22T10:44:24","slug":"sterowanie-radiowe-miasta","status":"publish","type":"page","link":"https:\/\/www.tele-radio.com\/pl\/zastosowania\/sterowanie-radiowe-miasta\/","title":{"rendered":"Sterowanie radiowe w miastach"},"content":{"rendered":"\n<div style=\"height:30px\" aria-hidden=\"true\" class=\"wp-block-spacer\"><\/div>\n\n\n\n<h1 class=\"wp-block-heading has-text-align-center\">MIASTA<\/h1>\n\n\n\n<div style=\"height:50px\" aria-hidden=\"true\" class=\"wp-block-spacer\"><\/div>\n\n\n\n<div class=\"wp-block-media-text alignwide is-stacked-on-mobile is-image-fill\"><figure class=\"wp-block-media-text__media\" style=\"background-image:url(https:\/\/www.tele-radio.com\/app\/uploads\/AdobeStock_171611514-1200x675.jpeg);background-position:50% 50%\"><img loading=\"lazy\" decoding=\"async\" width=\"1200\" height=\"675\" src=\"https:\/\/www.tele-radio.com\/app\/uploads\/AdobeStock_171611514-1200x675.jpeg\" alt=\"Sterowanie radiowe maszynami i urz\u0105dzeniami w przestrzeni miejskiej.\" class=\"wp-image-84657 size-full\" srcset=\"https:\/\/www.tele-radio.com\/app\/uploads\/AdobeStock_171611514-1200x675.jpeg 1200w, https:\/\/www.tele-radio.com\/app\/uploads\/AdobeStock_171611514-400x225.jpeg 400w, https:\/\/www.tele-radio.com\/app\/uploads\/AdobeStock_171611514-768x432.jpeg 768w, https:\/\/www.tele-radio.com\/app\/uploads\/AdobeStock_171611514-1536x864.jpeg 1536w, https:\/\/www.tele-radio.com\/app\/uploads\/AdobeStock_171611514-750x422.jpeg 750w, https:\/\/www.tele-radio.com\/app\/uploads\/AdobeStock_171611514-500x281.jpeg 500w, https:\/\/www.tele-radio.com\/app\/uploads\/AdobeStock_171611514-1600x900.jpeg 1600w, https:\/\/www.tele-radio.com\/app\/uploads\/AdobeStock_171611514-800x450.jpeg 800w, https:\/\/www.tele-radio.com\/app\/uploads\/AdobeStock_171611514.jpeg 1800w\" sizes=\"auto, (max-width: 1200px) 100vw, 1200px\" \/><\/figure><div class=\"wp-block-media-text__content\">\n<div style=\"height:15px\" aria-hidden=\"true\" class=\"wp-block-spacer\"><\/div>\n\n\n\n<h2 class=\"wp-block-heading\">Sterowanie radiowe mostami, barierami, pojazdami specjalnymi  <\/h2>\n\n\n\n<p>Systemy sterowania radiowego s\u0105 cz\u0119stym rozwi\u0105zaniem ze wzgl\u0119du na redukcj\u0119 koszt\u00f3w oraz wygod\u0119 i komfort u\u017cytkowania. Jedn\u0105 z najwa\u017cniejszych zalet jest jednak zapewnienie bezpiecze\u0144stwa w miejscu pracy. Nadajniki i odbiorniki Tele Radio znajduj\u0105 zastosowanie dla wielu aplikacji i mog\u0105 by\u0107 z r\u00f3wnie\u017c u\u017cywane do sterowania maszynami wykorzystywanymi do r\u00f3\u017cnych prac w przestrzeni miejskiej. <strong>Ergonomiczne i innowacyjne systemy zdalnego sterowania radiowego Tele Radio pozwalaj\u0105 zachowa\u0107 bezpiecze\u0144stwo na najwy\u017cszym poziomie<\/strong> \u2013 dost\u0119pne s\u0105 produkty z najwy\u017cszym dla sterowania radiowego certyfikatem bezpiecze\u0144stwa \u2013 PLd, SIL3\/PLe.<\/p>\n\n\n\n<p>Sterowanie radiowe Tele Radio mo\u017cna wykorzysta\u0107 do obs\u0142ugi maszyn i urz\u0105dze\u0144 zwi\u0105zanych m.in. z zapewnieniem bezpiecze\u0144stwa ruchu drogowego (<strong>sterowanie radiowe barierami, bramami, szlabanami<\/strong>), czy z technik\u0105 komunaln\u0105 (np. <strong>sterowanie pojazdami zimowego utrzymania dr\u00f3g, \u015bmieciarkami<\/strong> itp.). Opr\u00f3cz tego, bezprzewodowe sterowanie radiowe znajdzie zastosowanie na lotniskach, gdzie wykorzystywane s\u0105 r\u00f3\u017cnego rodzaju pojazdy specjalistyczne i urz\u0105dzenia. Ciekawym rozwi\u0105zaniem jest u\u017cycie systemu sterowania Tele Radio do obs\u0142ugi most\u00f3w \u2013 wi\u0119cej informacji w artykule&nbsp;<a href=\"https:\/\/www.tele-radio.com\/pl\/pilz\/\">Certyfikowany przycisk bezpiecze\u0144stwa sprawdza si\u0119 w rozwi\u0105zaniach firmy Pilz<\/a>.<\/p>\n\n\n\n<div style=\"height:10px\" aria-hidden=\"true\" class=\"wp-block-spacer\"><\/div>\n<\/div><\/div>\n\n\n\n<div style=\"height:60px\" aria-hidden=\"true\" class=\"wp-block-spacer\"><\/div>\n\n\n\n<div class=\"wp-block-buttons is-content-justification-center is-layout-flex wp-container-core-buttons-is-layout-16018d1d wp-block-buttons-is-layout-flex\">\n<div class=\"wp-block-button\"><a class=\"wp-block-button__link has-black-color has-luminous-vivid-amber-background-color has-text-color has-background wp-element-button\" href=\"#pomoc\" style=\"border-radius:10px\"><strong>Popro\u015b o ofert\u0119<\/strong><\/a><\/div>\n<\/div>\n\n\n\n<div style=\"height:100px\" aria-hidden=\"true\" class=\"wp-block-spacer\"><\/div>\n\n\n\n<h2 class=\"wp-block-heading has-text-align-left\">Systemy sterowania radiowego Tele Radio do maszyn i urz\u0105dze\u0144 wykorzystywanych do prac w przestrzeni miejskiej<\/h2>\n\n\n\n<p>Wyboru w\u0142a\u015bciwego sterowania radiowego do danego zastosowania najlepiej dokona\u0107 w porozumieniu z pracownikami Tele Radio. Dostarczamy r\u00f3\u017cne nadajniki o specyficznych cechach. Podczas dobierania systemu sterowania trzeba wzi\u0105\u0107 pod uwag\u0119 takie kwestie jak mi\u0119dzy innymi poziom bezpiecze\u0144stwa oraz wielko\u015b\u0107 i funkcjonalno\u015b\u0107 nadajnika sterowania radiowego.  <\/p>\n\n\n\n<div style=\"height:20px\" aria-hidden=\"true\" class=\"wp-block-spacer\"><\/div>\n\n\n\n<div class=\"wp-block-columns has-background is-layout-flex wp-container-core-columns-is-layout-9d6595d7 wp-block-columns-is-layout-flex\" style=\"background-color:#eeeeee\">\n<div class=\"wp-block-column is-layout-flow wp-block-column-is-layout-flow\">\n<p class=\"has-text-align-center has-medium-font-size\"><strong>Nadajniki przyciskowe Tele Radio<\/strong><\/p>\n\n\n\n<div style=\"height:10px\" aria-hidden=\"true\" class=\"wp-block-spacer\"><\/div>\n\n\n<div class=\"wp-block-image\">\n<figure class=\"aligncenter size-medium\"><img loading=\"lazy\" decoding=\"async\" width=\"400\" height=\"270\" src=\"https:\/\/www.tele-radio.com\/app\/uploads\/nadajniki_przyciskowe_teleradio_przemysl-400x270.png\" alt=\"Nadajniki przyciskowe Tele Radio.\" class=\"wp-image-163522\" srcset=\"https:\/\/www.tele-radio.com\/app\/uploads\/nadajniki_przyciskowe_teleradio_przemysl-400x270.png 400w, https:\/\/www.tele-radio.com\/app\/uploads\/nadajniki_przyciskowe_teleradio_przemysl-1200x810.png 1200w, https:\/\/www.tele-radio.com\/app\/uploads\/nadajniki_przyciskowe_teleradio_przemysl-768x518.png 768w, https:\/\/www.tele-radio.com\/app\/uploads\/nadajniki_przyciskowe_teleradio_przemysl-1536x1037.png 1536w, https:\/\/www.tele-radio.com\/app\/uploads\/nadajniki_przyciskowe_teleradio_przemysl-750x506.png 750w, https:\/\/www.tele-radio.com\/app\/uploads\/nadajniki_przyciskowe_teleradio_przemysl-500x338.png 500w, https:\/\/www.tele-radio.com\/app\/uploads\/nadajniki_przyciskowe_teleradio_przemysl-800x540.png 800w, https:\/\/www.tele-radio.com\/app\/uploads\/nadajniki_przyciskowe_teleradio_przemysl.png 1600w\" sizes=\"auto, (max-width: 400px) 100vw, 400px\" \/><\/figure><\/div>\n\n\n<div style=\"height:10px\" aria-hidden=\"true\" class=\"wp-block-spacer\"><\/div>\n\n\n\n<p class=\"has-text-align-center\">Nadajniki przyciskowe Tele Radio dost\u0119pne s\u0105 w r\u00f3\u017cnych kszta\u0142tach i rozmiarach \u2013 od mniejszych&nbsp;<a href=\"https:\/\/www.tele-radio.com\/pl\/products\/panther\/panther-transmitter-8x1-step-buttons\/\">PN-T7<\/a>&nbsp;i&nbsp;<a href=\"https:\/\/www.tele-radio.com\/pl\/products\/panther\/panther-transmitter-10x1-step-buttons-3\/\">PN-T21<\/a>&nbsp;do obs\u0142ugi prostych funkcji, po wi\u0119ksze i z rozbudowan\u0105 funkcjonalno\u015bci\u0105. Oferta obejmuje seri\u0119&nbsp;<a href=\"https:\/\/www.tele-radio.com\/pl\/products\/panther\/\"><strong>Panther<\/strong><\/a>&nbsp;i&nbsp;<a href=\"https:\/\/www.tele-radio.com\/pl\/products\/tiger-g2\/\"><strong>Tiger<\/strong><\/a>.<\/p>\n\n\n\n<p class=\"has-text-align-center\">Wiele modeli posiada&nbsp;<a href=\"https:\/\/www.tele-radio.com\/pl\/standardy-bezpieczenstwa-w-systemach-sterowania-tele-radio\/\">funkcj\u0119 awaryjnego zatrzymania<\/a>&nbsp;na poziomie bezpiecze\u0144stwa&nbsp;<strong>PLd<\/strong>&nbsp;(nadajnik&nbsp;<a href=\"https:\/\/www.tele-radio.com\/pl\/products\/panther\/panther-transmitter-8x2-step-buttons-pld-cat3\/\">PN-T19-2<\/a>&nbsp;i&nbsp;<a href=\"https:\/\/www.tele-radio.com\/pl\/products\/panther\/panther-transmitter-12x2-step-buttons-2-2\/\">PN-T29-12<\/a>) lub&nbsp;<strong>PLe, SIL3<\/strong>&nbsp;(nadajniki z serii&nbsp;<a href=\"https:\/\/www.tele-radio.com\/pl\/products\/tiger-g2\/\">Tiger G2<\/a>), co sprawia, \u017ce s\u0105 odpowiednie&nbsp;<strong>do pracy w warunkach wysokiego ryzyka<\/strong>. Mog\u0105 by\u0107 wyposa\u017cone w przyciski jedno-, dwustopniowe oraz&nbsp;<a href=\"https:\/\/www.tele-radio.com\/pl\/nadajnik-z-przyciskami-proporcjonalnymi-do-precyzyjnego-sterowania\/\">proporcjonalne<\/a>&nbsp;i umo\u017cliwia\u0107 uzyskiwanie informacji zwrotnej ze sterowanej maszyny poprzez wy\u015bwietlacz lub diody LED (seria Tiger G2).<\/p>\n<\/div>\n\n\n\n<div class=\"wp-block-column is-layout-flow wp-block-column-is-layout-flow\">\n<p class=\"has-text-align-center has-medium-font-size\"><strong>Nadajniki z joystickowe Tele Radio<\/strong> <\/p>\n\n\n\n<div style=\"height:10px\" aria-hidden=\"true\" class=\"wp-block-spacer\"><\/div>\n\n\n<div class=\"wp-block-image\">\n<figure class=\"aligncenter size-medium\"><img loading=\"lazy\" decoding=\"async\" width=\"400\" height=\"270\" src=\"https:\/\/www.tele-radio.com\/app\/uploads\/nadajniki_joystickowe_teleradio_przemysl-400x270.png\" alt=\"Nadajniki joystickowe Tele Radio.\" class=\"wp-image-163546\" srcset=\"https:\/\/www.tele-radio.com\/app\/uploads\/nadajniki_joystickowe_teleradio_przemysl-400x270.png 400w, https:\/\/www.tele-radio.com\/app\/uploads\/nadajniki_joystickowe_teleradio_przemysl-1200x810.png 1200w, https:\/\/www.tele-radio.com\/app\/uploads\/nadajniki_joystickowe_teleradio_przemysl-768x518.png 768w, https:\/\/www.tele-radio.com\/app\/uploads\/nadajniki_joystickowe_teleradio_przemysl-1536x1037.png 1536w, https:\/\/www.tele-radio.com\/app\/uploads\/nadajniki_joystickowe_teleradio_przemysl-750x506.png 750w, https:\/\/www.tele-radio.com\/app\/uploads\/nadajniki_joystickowe_teleradio_przemysl-500x338.png 500w, https:\/\/www.tele-radio.com\/app\/uploads\/nadajniki_joystickowe_teleradio_przemysl-800x540.png 800w, https:\/\/www.tele-radio.com\/app\/uploads\/nadajniki_joystickowe_teleradio_przemysl.png 1600w\" sizes=\"auto, (max-width: 400px) 100vw, 400px\" \/><\/figure><\/div>\n\n\n<div style=\"height:10px\" aria-hidden=\"true\" class=\"wp-block-spacer\"><\/div>\n\n\n\n<p class=\"has-text-align-center\">Seria Tele Radio&nbsp;<strong><a href=\"https:\/\/www.tele-radio.com\/pl\/nadajniki-joystickowe\/\">TEQ Line<\/a><\/strong>&nbsp;z nadajnikami joystickowymi jest idealna do bardzo wymagaj\u0105cych aplikacji. Zapewnia najwy\u017cszy poziom bezpiecze\u0144stwa w zastosowaniach&nbsp;<strong>dla hydrauliki si\u0142owej oraz urz\u0105dze\u0144 mobilnych i przemys\u0142owych<\/strong>, a przy tym posiada inn\u0105 cech\u0119 \u2013 mo\u017cliwo\u015b\u0107 pe\u0142nej personalizacji.<\/p>\n\n\n\n<p class=\"has-text-align-center\">Nadajniki z manipulatorami Tele Radio dost\u0119pne s\u0105 w trzech rozmiarach oraz w wersji standardowej lub tworzonej \u201epod klienta\u201d, w kt\u00f3rej wykorzystuje si\u0119 przyciski, prze\u0142\u0105czniki, joysticki, joysticki \u0142opatkowe itp. Aby spe\u0142ni\u0107 aktualne standardy bran\u017cowe, nadajniki joystickowe Tele Radio s\u0105&nbsp;<strong>kompatybilne z szerok\u0105 gam\u0105 system\u00f3w BUS<\/strong>.<\/p>\n<\/div>\n<\/div>\n\n\n\n<div style=\"height:60px\" aria-hidden=\"true\" class=\"wp-block-spacer\"><\/div>\n\n\n\n<p class=\"has-medium-font-size\"><strong>Odbiorniki Tele Radio<\/strong><\/p>\n\n\n\n<p>Dob\u00f3r odpowiedniego odbiornika do nadajnika zdalnego sterowania jest niezwykle wa\u017cny. W ofercie Tele Radio mo\u017cna znale\u017a\u0107 wiele odbiornik\u00f3w, kt\u00f3re s\u0105 funkcjonalne i maj\u0105 mo\u017cliwo\u015b\u0107 rozbudowy o dodatkowe modu\u0142y. Dost\u0119pne s\u0105 r\u00f3wnie\u017c modele z cyfrowymi oraz analogowymi wej\u015bciami i wyj\u015bciami, a tak\u017ce modele z wy\u015bwietlaczem.<\/p>\n\n\n\n<p>Aby system sterowania radiowego dzia\u0142a\u0142 bez zastrze\u017ce\u0144, pomo\u017cemy w wyborze odpowiedniego odbiornika. Mo\u017cemy r\u00f3wnie\u017c dostosowa\u0107 urz\u0105dzenia zdalnego sterowania, tak aby by\u0142y odpowiednie dla komunikacji CANOpen, Modbus, J1939. <\/p>\n\n\n\n<div style=\"height:80px\" aria-hidden=\"true\" class=\"wp-block-spacer\"><\/div>\n\n\n\n<h3 class=\"wp-block-heading\" id=\"pomoc\" style=\"font-size:24px\">S\u0142u\u017cymy pomoc\u0105 przy wyborze odpowiedniego sterowania radiowego Tele Radio<\/h3>\n\n\n\n<p>Je\u015bli nie masz pewno\u015bci, jaki typ nadajnika lub odbiornika jest najlepszy dla Twojego zastosowania oraz chcia\u0142by\u015b om\u00f3wi\u0107 rozwi\u0105zanie, kt\u00f3re najbardziej Ci odpowiada, <strong>zapraszamy do <a href=\"https:\/\/www.tele-radio.com\/pl\/kontakt\/\">kontaktu<\/a> mailowego lub telefonicznego. <\/strong> <\/p>\n\n\n\n<div style=\"height:90px\" aria-hidden=\"true\" class=\"wp-block-spacer\"><\/div>\n\n\n\n<div class=\"wp-block-columns is-layout-flex wp-container-core-columns-is-layout-9d6595d7 wp-block-columns-is-layout-flex\">\n<div class=\"wp-block-column is-layout-flow wp-block-column-is-layout-flow\"><div class=\"wp-block-image is-style-default\">\n<figure class=\"aligncenter size-full is-resized\"><img loading=\"lazy\" decoding=\"async\" src=\"https:\/\/www.tele-radio.com\/app\/uploads\/reparar-control-remoto-espana-teleradio-2.png\" alt=\"Tele control manufacturers\" class=\"wp-image-151175\" width=\"50\" height=\"50\"\/><\/figure><\/div>\n\n\n<p class=\"has-text-align-center\" style=\"font-size:22px\"><strong>Jeste\u015bmy producentem<\/strong><\/p>\n\n\n\n<p class=\"has-text-align-center\">Tele Radio to szwedzki producent sterowa\u0144 radiowych. <strong>Polska filia<\/strong> ma siedzib\u0119 w Kielcach.<\/p>\n<\/div>\n\n\n\n<div class=\"wp-block-column is-layout-flow wp-block-column-is-layout-flow\"><div class=\"wp-block-image\">\n<figure class=\"aligncenter size-full is-resized\"><img loading=\"lazy\" decoding=\"async\" src=\"https:\/\/www.tele-radio.com\/app\/uploads\/maps-and-flags.webp\" alt=\"\" class=\"wp-image-84266\" width=\"48\" height=\"48\"\/><\/figure><\/div>\n\n\n<p class=\"has-text-align-center\" style=\"font-size:22px\"><strong>Posiadamy<\/strong> <strong>w\u0142asny magazyn<\/strong><\/p>\n\n\n\n<p class=\"has-text-align-center\">Realizacja zam\u00f3wie\u0144 nawet w <strong>1-2 dni robocze<\/strong>. Urz\u0105dzenia z dwuletni\u0105 gwarancj\u0105.<\/p>\n<\/div>\n\n\n\n<div class=\"wp-block-column is-layout-flow wp-block-column-is-layout-flow\"><div class=\"wp-block-image\">\n<figure class=\"aligncenter size-thumbnail is-resized\"><img loading=\"lazy\" decoding=\"async\" src=\"https:\/\/www.tele-radio.com\/app\/uploads\/add-friend-150x150.png\" alt=\"\" class=\"wp-image-156207\" width=\"50\" height=\"50\" srcset=\"https:\/\/www.tele-radio.com\/app\/uploads\/add-friend-150x150.png 150w, https:\/\/www.tele-radio.com\/app\/uploads\/add-friend-400x400.png 400w, https:\/\/www.tele-radio.com\/app\/uploads\/add-friend-250x250.png 250w, https:\/\/www.tele-radio.com\/app\/uploads\/add-friend-500x500.png 500w, https:\/\/www.tele-radio.com\/app\/uploads\/add-friend.png 512w\" sizes=\"auto, (max-width: 50px) 100vw, 50px\" \/><\/figure><\/div>\n\n\n<p class=\"has-text-align-center\" style=\"font-size:22px\"><strong>Zapewniamy wsparcie lokalne<\/strong><\/p>\n\n\n\n<p class=\"has-text-align-center\">Pomoc techniczna i wsparcie. Wi\u0119kszo\u015b\u0107 napraw w ci\u0105gu 24-48 h.<\/p>\n<\/div>\n<\/div>\n\n\n\n<div style=\"height:50px\" aria-hidden=\"true\" class=\"wp-block-spacer\"><\/div>\n\n\n\n<div class=\"wp-block-buttons is-content-justification-center is-layout-flex wp-container-core-buttons-is-layout-16018d1d wp-block-buttons-is-layout-flex\">\n<div class=\"wp-block-button\"><a class=\"wp-block-button__link has-black-color has-luminous-vivid-amber-background-color has-text-color has-background wp-element-button\" href=\"https:\/\/www.tele-radio.com\/pl\/kontakt\/\" style=\"border-radius:10px\"><strong>Kontakt<\/strong><\/a><\/div>\n<\/div>\n\n\n\n<div style=\"height:48px\" aria-hidden=\"true\" class=\"wp-block-spacer\"><\/div>\n\n\n<div class=\"wp-block-image\">\n<figure class=\"aligncenter size-medium\"><img loading=\"lazy\" decoding=\"async\" width=\"400\" height=\"205\" src=\"https:\/\/www.tele-radio.com\/app\/uploads\/Assortiment_2019_zonder_spiegeling_en_schaduw-removebg-400x205.png\" alt=\"Systemy sterowania radiowego Tele Radio.\" class=\"wp-image-141133\" srcset=\"https:\/\/www.tele-radio.com\/app\/uploads\/Assortiment_2019_zonder_spiegeling_en_schaduw-removebg-400x205.png 400w, https:\/\/www.tele-radio.com\/app\/uploads\/Assortiment_2019_zonder_spiegeling_en_schaduw-removebg-500x256.png 500w, https:\/\/www.tele-radio.com\/app\/uploads\/Assortiment_2019_zonder_spiegeling_en_schaduw-removebg.png 698w\" sizes=\"auto, (max-width: 400px) 100vw, 400px\" \/><\/figure><\/div>\n\n\n<div style=\"height:100px\" aria-hidden=\"true\" class=\"wp-block-spacer\"><\/div>\n","protected":false},"excerpt":{"rendered":"<p>MIASTA Systemy sterowania radiowego Tele Radio do maszyn i urz\u0105dze\u0144 wykorzystywanych do prac w przestrzeni miejskiej Wyboru w\u0142a\u015bciwego sterowania radiowego do danego zastosowania najlepiej dokona\u0107 w porozumieniu z pracownikami Tele Radio. Dostarczamy r\u00f3\u017cne nadajniki o specyficznych cechach. Podczas dobierania systemu sterowania trzeba wzi\u0105\u0107 pod uwag\u0119 takie kwestie jak mi\u0119dzy innymi poziom bezpiecze\u0144stwa oraz wielko\u015b\u0107 i [&hellip;]<\/p>\n","protected":false},"author":87,"featured_media":0,"parent":67465,"menu_order":0,"comment_status":"closed","ping_status":"closed","template":"","meta":{"_acf_changed":false,"footnotes":""},"class_list":["post-83355","page","type-page","status-publish","hentry"],"acf":[],"_links":{"self":[{"href":"https:\/\/www.tele-radio.com\/pl\/wp-json\/wp\/v2\/pages\/83355","targetHints":{"allow":["GET"]}}],"collection":[{"href":"https:\/\/www.tele-radio.com\/pl\/wp-json\/wp\/v2\/pages"}],"about":[{"href":"https:\/\/www.tele-radio.com\/pl\/wp-json\/wp\/v2\/types\/page"}],"author":[{"embeddable":true,"href":"https:\/\/www.tele-radio.com\/pl\/wp-json\/wp\/v2\/users\/87"}],"replies":[{"embeddable":true,"href":"https:\/\/www.tele-radio.com\/pl\/wp-json\/wp\/v2\/comments?post=83355"}],"version-history":[{"count":22,"href":"https:\/\/www.tele-radio.com\/pl\/wp-json\/wp\/v2\/pages\/83355\/revisions"}],"predecessor-version":[{"id":164351,"href":"https:\/\/www.tele-radio.com\/pl\/wp-json\/wp\/v2\/pages\/83355\/revisions\/164351"}],"up":[{"embeddable":true,"href":"https:\/\/www.tele-radio.com\/pl\/wp-json\/wp\/v2\/pages\/67465"}],"wp:attachment":[{"href":"https:\/\/www.tele-radio.com\/pl\/wp-json\/wp\/v2\/media?parent=83355"}],"curies":[{"name":"wp","href":"https:\/\/api.w.org\/{rel}","templated":true}]}}