{"id":79293,"date":"2021-09-27T09:20:29","date_gmt":"2021-09-27T09:20:29","guid":{"rendered":"https:\/\/www.tele-radio.com\/?page_id=79293"},"modified":"2023-09-22T10:12:56","modified_gmt":"2023-09-22T10:12:56","slug":"sterowanie-radiowe-przemysl-morski","status":"publish","type":"page","link":"https:\/\/www.tele-radio.com\/pl\/zastosowania\/sterowanie-radiowe-przemysl-morski\/","title":{"rendered":"Sterowanie radiowe w przemy\u015ble morskim"},"content":{"rendered":"\n<div style=\"height:30px\" aria-hidden=\"true\" class=\"wp-block-spacer\"><\/div>\n\n\n\n<h1 class=\"wp-block-heading has-text-align-center\">PRZEMYS\u0141 MORSKI<\/h1>\n\n\n\n<div style=\"height:50px\" aria-hidden=\"true\" class=\"wp-block-spacer\"><\/div>\n\n\n\n<div class=\"wp-block-media-text alignwide is-stacked-on-mobile is-image-fill\"><figure class=\"wp-block-media-text__media\" style=\"background-image:url(https:\/\/www.tele-radio.com\/app\/uploads\/FM_MI_TI_0093-1200x801.jpg);background-position:55% 29%\"><img loading=\"lazy\" decoding=\"async\" width=\"1200\" height=\"801\" src=\"https:\/\/www.tele-radio.com\/app\/uploads\/FM_MI_TI_0093-1200x801.jpg\" alt=\"Sterowanie radiowe maszynami na statkach i w stoczniach.\" class=\"wp-image-164289 size-full\" srcset=\"https:\/\/www.tele-radio.com\/app\/uploads\/FM_MI_TI_0093-1200x801.jpg 1200w, https:\/\/www.tele-radio.com\/app\/uploads\/FM_MI_TI_0093-400x267.jpg 400w, https:\/\/www.tele-radio.com\/app\/uploads\/FM_MI_TI_0093-768x513.jpg 768w, https:\/\/www.tele-radio.com\/app\/uploads\/FM_MI_TI_0093-1536x1025.jpg 1536w, https:\/\/www.tele-radio.com\/app\/uploads\/FM_MI_TI_0093-2048x1367.jpg 2048w, https:\/\/www.tele-radio.com\/app\/uploads\/FM_MI_TI_0093-750x501.jpg 750w, https:\/\/www.tele-radio.com\/app\/uploads\/FM_MI_TI_0093-500x334.jpg 500w, https:\/\/www.tele-radio.com\/app\/uploads\/FM_MI_TI_0093-1600x1068.jpg 1600w, https:\/\/www.tele-radio.com\/app\/uploads\/FM_MI_TI_0093-800x534.jpg 800w\" sizes=\"auto, (max-width: 1200px) 100vw, 1200px\" \/><\/figure><div class=\"wp-block-media-text__content\">\n<div style=\"height:15px\" aria-hidden=\"true\" class=\"wp-block-spacer\"><\/div>\n\n\n\n<h2 class=\"wp-block-heading\">Sterowanie radiowe w sektorach gospodarki morskiej  <\/h2>\n\n\n\n<p>W ostatnich latach coraz cz\u0119\u015bciej wdra\u017ca si\u0119 systemy zdalnego sterowania w przemy\u015ble morskim oraz offshore. Rozwi\u0105zanie to niesie ze sob\u0105 wiele zalet, takich jak m.in. poprawienie bezpiecze\u0144stwa jednostek p\u0142ywaj\u0105cych, wykonywanie niebezpiecznych operacji z odpowiedniej odleg\u0142o\u015bci oraz prawid\u0142owa organizacja pracy w portach. Rozw\u00f3j bran\u017cy morskiej i stoczniowej stwarza zapotrzebowanie na wysokiej jako\u015bci i niezawodne produkty. Takie, jakie zapewnia firma Tele Radio.<\/p>\n\n\n\n<p><strong>Systemy sterowania radiowego Tele Radio znajduj\u0105 zastosowanie w ka\u017cdym obszarze szeroko poj\u0119tej gospodarki morskiej.<\/strong> Niezale\u017cnie od tego, czy szukasz rozwi\u0105za\u0144 dedykowanych dla kontenerowc\u00f3w, eleganckich statk\u00f3w wycieczkowych czy dla ma\u0142ego prywatnego jachtu \u2013 zapewnimy je dla Ciebie. Dzi\u0119ki mo\u017cliwo\u015bci zdalnego sterowania mo\u017cna bezpiecznie i pewnie sterowa\u0107 urz\u0105dzeniami na statku (m.in. \u015bwiat\u0142ami, kotwicami, ale r\u00f3wnie\u017c suwnicami, \u017curawiami i wci\u0105garkami) z dowolnego miejsca na pok\u0142adzie, bez konieczno\u015bci pomocy drugiej osoby. Warto r\u00f3wnie\u017c wspomnie\u0107, \u017ce&nbsp;<strong><a href=\"https:\/\/www.tele-radio.com\/pl\/sterowanie-radiowe-zwieksza-bezpieczenstwo-pracy-w-stoczni\/\">sterowanie radiowe zwi\u0119ksza bezpiecze\u0144stwo pracy w stoczniach<\/a> i w portach<\/strong>. Poza tym, systemy sterowania radiowego sprawdz\u0105 si\u0119 w bran\u017cy offshore, m.in. przy budowie i utrzymaniu morskich farm wiatrowych.<\/p>\n\n\n\n<div style=\"height:10px\" aria-hidden=\"true\" class=\"wp-block-spacer\"><\/div>\n<\/div><\/div>\n\n\n\n<div style=\"height:60px\" aria-hidden=\"true\" class=\"wp-block-spacer\"><\/div>\n\n\n\n<div class=\"wp-block-buttons is-content-justification-center is-layout-flex wp-container-core-buttons-is-layout-16018d1d wp-block-buttons-is-layout-flex\">\n<div class=\"wp-block-button\"><a class=\"wp-block-button__link has-black-color has-luminous-vivid-amber-background-color has-text-color has-background wp-element-button\" href=\"#pomoc\" style=\"border-radius:10px\"><strong>Popro\u015b o ofert\u0119<\/strong><\/a><\/div>\n<\/div>\n\n\n\n<div style=\"height:100px\" aria-hidden=\"true\" class=\"wp-block-spacer\"><\/div>\n\n\n\n<h2 class=\"wp-block-heading has-text-align-left\">Systemy sterowania radiowego Tele Radio do maszyn i urz\u0105dze\u0144 wykorzystywanych w przemy\u015ble morskim<\/h2>\n\n\n\n<p>Wyboru w\u0142a\u015bciwego sterowania radiowego do danego zastosowania najlepiej dokona\u0107 w porozumieniu z pracownikami Tele Radio. Dostarczamy r\u00f3\u017cne nadajniki o specyficznych cechach. Podczas dobierania systemu sterowania trzeba wzi\u0105\u0107 pod uwag\u0119 takie kwestie jak mi\u0119dzy innymi poziom bezpiecze\u0144stwa oraz wielko\u015b\u0107 i funkcjonalno\u015b\u0107 nadajnika sterowania radiowego.  <\/p>\n\n\n\n<div style=\"height:20px\" aria-hidden=\"true\" class=\"wp-block-spacer\"><\/div>\n\n\n\n<div class=\"wp-block-columns has-background is-layout-flex wp-container-core-columns-is-layout-9d6595d7 wp-block-columns-is-layout-flex\" style=\"background-color:#eeeeee\">\n<div class=\"wp-block-column is-layout-flow wp-block-column-is-layout-flow\">\n<p class=\"has-text-align-center has-medium-font-size\"><strong>Ma\u0142e nadajniki przyciskowe do obs\u0142ugi prostych funkcji<\/strong><\/p>\n\n\n\n<div style=\"height:10px\" aria-hidden=\"true\" class=\"wp-block-spacer\"><\/div>\n\n\n<div class=\"wp-block-image\">\n<figure class=\"aligncenter size-full is-resized\"><img loading=\"lazy\" decoding=\"async\" src=\"https:\/\/www.tele-radio.com\/app\/uploads\/nadajniki_teleradio_t21_animacja.gif\" alt=\"Ma\u0142y nadajnik przyciskowy Tele Radio do sterowania prostymi funkcjami.\" class=\"wp-image-157403\" width=\"250\" height=\"250\"\/><\/figure><\/div>\n\n\n<div style=\"height:10px\" aria-hidden=\"true\" class=\"wp-block-spacer\"><\/div>\n\n\n\n<p class=\"has-text-align-center\">Ma\u0142e, kompaktowe nadajniki <strong><a href=\"https:\/\/www.tele-radio.com\/pl\/products\/panther\/panther-transmitter-6x1-step-buttons-4\/\">PN-T21<\/a><\/strong> idealnie sprawdzaj\u0105 si\u0119 do obs\u0142ugi urz\u0105dze\u0144 nieposiadaj\u0105cych wielu funkcji, np. do sterowania wci\u0105garkami (do kotwic), \u015bwiat\u0142ami, podporami. Dost\u0119pne s\u0105 z 3, 4, 6, 8 lub 10 przyciskami jednostopniowymi. <\/p>\n\n\n\n<p class=\"has-text-align-center\">Ilo\u015b\u0107 obs\u0142ugiwanych przez jeden przycisk funkcji mo\u017cna jednak zwi\u0119kszy\u0107 (podobnie jak w wi\u0119kszych modelach) dzi\u0119ki mo\u017cliwo\u015bci pracy nadajnika w kilku trybach (mapach), o kt\u00f3rych informuj\u0105 diody LED. Mo\u017cliwe jest sterowanie 19 funkcjami przy jednym odbiorniku.<\/p>\n\n\n\n<p class=\"has-text-align-center\">W\u015br\u00f3d produkt\u00f3w <a href=\"https:\/\/www.tele-radio.com\/pl\/products\/panther\/\">Tele Radio Panther<\/a> mo\u017cna znale\u017a\u0107 r\u00f3wnie\u017c nadajniki mini.   <\/p>\n<\/div>\n\n\n\n<div class=\"wp-block-column is-layout-flow wp-block-column-is-layout-flow\">\n<p class=\"has-text-align-center has-medium-font-size\"><strong>Nadajniki przyciskowe<\/strong> <strong>z przyciskiem awaryjnego zatrzymania<\/strong><\/p>\n\n\n\n<div style=\"height:10px\" aria-hidden=\"true\" class=\"wp-block-spacer\"><\/div>\n\n\n<div class=\"wp-block-image\">\n<figure class=\"aligncenter size-full is-resized\"><img loading=\"lazy\" decoding=\"async\" src=\"https:\/\/www.tele-radio.com\/app\/uploads\/nadajniki_przyciskowe_teleradio_przemysl_morski.png\" alt=\"Nadajniki przyciskowe Tele Radio z certyfikatem bezpiecze\u0144stwa do maszyn przemys\u0142u morskiego.\" class=\"wp-image-164314\" width=\"250\" height=\"250\" srcset=\"https:\/\/www.tele-radio.com\/app\/uploads\/nadajniki_przyciskowe_teleradio_przemysl_morski.png 1080w, https:\/\/www.tele-radio.com\/app\/uploads\/nadajniki_przyciskowe_teleradio_przemysl_morski-400x400.png 400w, https:\/\/www.tele-radio.com\/app\/uploads\/nadajniki_przyciskowe_teleradio_przemysl_morski-150x150.png 150w, https:\/\/www.tele-radio.com\/app\/uploads\/nadajniki_przyciskowe_teleradio_przemysl_morski-768x768.png 768w, https:\/\/www.tele-radio.com\/app\/uploads\/nadajniki_przyciskowe_teleradio_przemysl_morski-250x250.png 250w, https:\/\/www.tele-radio.com\/app\/uploads\/nadajniki_przyciskowe_teleradio_przemysl_morski-750x750.png 750w, https:\/\/www.tele-radio.com\/app\/uploads\/nadajniki_przyciskowe_teleradio_przemysl_morski-500x500.png 500w, https:\/\/www.tele-radio.com\/app\/uploads\/nadajniki_przyciskowe_teleradio_przemysl_morski-800x800.png 800w\" sizes=\"auto, (max-width: 250px) 100vw, 250px\" \/><\/figure><\/div>\n\n\n<div style=\"height:10px\" aria-hidden=\"true\" class=\"wp-block-spacer\"><\/div>\n\n\n\n<p class=\"has-text-align-center\">Nadajniki te posiadaj\u0105 <a href=\"https:\/\/www.tele-radio.com\/pl\/standardy-bezpieczenstwa-w-systemach-sterowania-tele-radio\/\">funkcj\u0119 awaryjnego zatrzymania<\/a> na poziomie bezpiecze\u0144stwa <strong>PLd<\/strong> (nadajnik <a href=\"https:\/\/www.tele-radio.com\/pl\/products\/panther\/panther-transmitter-8x2-step-buttons-pld-cat3\/\">PN-T19-2<\/a> i <a href=\"https:\/\/www.tele-radio.com\/pl\/products\/panther\/panther-transmitter-12x2-step-buttons-2-2\/\">PN-T29-12<\/a>) lub <strong>PLe, SIL3<\/strong> (nadajniki z serii <a href=\"https:\/\/www.tele-radio.com\/pl\/products\/tiger-g2\/\">Tiger G2<\/a>), co sprawia, \u017ce s\u0105 odpowiednie <strong>do pracy w warunkach wysokiego ryzyka<\/strong> i cz\u0119sto wykorzystywane np. do sterowania suwnicami. <\/p>\n\n\n\n<p class=\"has-text-align-center\">Pozwalaj\u0105 na sterowanie funkcjami z dwoma pr\u0119dko\u015bciami dzi\u0119ki dwustopniowym przyciskom lub na precyzyjne sterowanie przyciskami proporcjonalnymi (nadajniki <a href=\"https:\/\/www.tele-radio.com\/pl\/products\/tiger-g2\/tiger-g2-nadajnik-4x2-step-buttons-display-sil3-ple-2\/\">TG-T14-7<\/a>, <a href=\"https:\/\/www.tele-radio.com\/pl\/products\/tiger-g2\/tiger-g2-transmitter-4x2-step-buttons-display-sil3-ple-3\/\">TG-T15-7<\/a>). <\/p>\n\n\n\n<p class=\"has-text-align-center\">Nadajniki Tiger G2 pozwalaj\u0105 na <strong>uzyskiwanie informacji zwrotnej<\/strong> z obs\u0142ugiwanej maszyny (wy\u015bwietlacz, diody LED). <\/p>\n\n\n\n<p class=\"has-text-align-center\">    <\/p>\n<\/div>\n\n\n\n<div class=\"wp-block-column is-layout-flow wp-block-column-is-layout-flow\">\n<p class=\"has-text-align-center has-medium-font-size\"><strong>Nadajniki z joystickowe dla z\u0142o\u017conych rozwi\u0105za\u0144 sterowania<\/strong> <\/p>\n\n\n\n<div style=\"height:10px\" aria-hidden=\"true\" class=\"wp-block-spacer\"><\/div>\n\n\n<div class=\"wp-block-image\">\n<figure class=\"aligncenter size-full is-resized\"><img loading=\"lazy\" decoding=\"async\" src=\"https:\/\/www.tele-radio.com\/app\/uploads\/nadajnik_joystickowy_teleradio_suprateq.png\" alt=\"Nadajnik z manipulatorami do maszyn z hydraulik\u0105 si\u0142ow\u0105.\" class=\"wp-image-164072\" width=\"250\" height=\"250\" srcset=\"https:\/\/www.tele-radio.com\/app\/uploads\/nadajnik_joystickowy_teleradio_suprateq.png 1080w, https:\/\/www.tele-radio.com\/app\/uploads\/nadajnik_joystickowy_teleradio_suprateq-400x400.png 400w, https:\/\/www.tele-radio.com\/app\/uploads\/nadajnik_joystickowy_teleradio_suprateq-150x150.png 150w, https:\/\/www.tele-radio.com\/app\/uploads\/nadajnik_joystickowy_teleradio_suprateq-768x768.png 768w, https:\/\/www.tele-radio.com\/app\/uploads\/nadajnik_joystickowy_teleradio_suprateq-250x250.png 250w, https:\/\/www.tele-radio.com\/app\/uploads\/nadajnik_joystickowy_teleradio_suprateq-750x750.png 750w, https:\/\/www.tele-radio.com\/app\/uploads\/nadajnik_joystickowy_teleradio_suprateq-500x500.png 500w, https:\/\/www.tele-radio.com\/app\/uploads\/nadajnik_joystickowy_teleradio_suprateq-800x800.png 800w\" sizes=\"auto, (max-width: 250px) 100vw, 250px\" \/><\/figure><\/div>\n\n\n<div style=\"height:10px\" aria-hidden=\"true\" class=\"wp-block-spacer\"><\/div>\n\n\n\n<p class=\"has-text-align-center\">Seria Tele Radio <strong><a href=\"https:\/\/www.tele-radio.com\/pl\/nadajniki-joystickowe\/\">TEQ Line<\/a><\/strong> jest idealna do zaawansowanych zastosowa\u0144 wymagaj\u0105cych precyzji, a tak\u017ce do urz\u0105dze\u0144 wykorzystuj\u0105cych <strong>hydraulik\u0119 si\u0142ow\u0105<\/strong>. Nadajniki z manipulatorami dost\u0119pne s\u0105 w trzech rozmiarach i z r\u00f3\u017cnymi elementami steruj\u0105cymi. Dzi\u0119ki modu\u0142owej budowie system ten daje niemal nieograniczone mo\u017cliwo\u015bci dostosowania do okre\u015blonych potrzeb.  <\/p>\n\n\n\n<p class=\"has-text-align-center\">Produkty Tele Radio TEQ Line posiadaj\u0105 <strong>certyfikat<\/strong> <strong>PLe<\/strong> dla funkcji stop. Aby spe\u0142nia\u0107 aktualne standardy bran\u017cowe, nadajniki z manipulatorami Tele Radio s\u0105 kompatybilne z szerok\u0105 gam\u0105 system\u00f3w BUS. <\/p>\n\n\n\n<p class=\"has-text-align-center\">Mo\u017cna je z powodzeniem wykorzysta\u0107 do sterowania maszynami z bran\u017cy morskiej, stoczniowej i \u017ceglugowej.<\/p>\n<\/div>\n<\/div>\n\n\n\n<div style=\"height:60px\" aria-hidden=\"true\" class=\"wp-block-spacer\"><\/div>\n\n\n\n<p class=\"has-medium-font-size\"><strong>Odbiorniki Tele Radio<\/strong><\/p>\n\n\n\n<p>Dob\u00f3r odpowiedniego odbiornika do nadajnika zdalnego sterowania jest niezwykle wa\u017cny. W ofercie Tele Radio mo\u017cna znale\u017a\u0107 wiele odbiornik\u00f3w, kt\u00f3re s\u0105 funkcjonalne i maj\u0105 mo\u017cliwo\u015b\u0107 rozbudowy o dodatkowe modu\u0142y. Dost\u0119pne s\u0105 r\u00f3wnie\u017c modele z cyfrowymi oraz analogowymi wej\u015bciami i wyj\u015bciami, a tak\u017ce modele z wy\u015bwietlaczem.<\/p>\n\n\n\n<p>Aby system sterowania radiowego dzia\u0142a\u0142 bez zastrze\u017ce\u0144, pomo\u017cemy w wyborze odpowiedniego odbiornika. Mo\u017cemy r\u00f3wnie\u017c dostosowa\u0107 urz\u0105dzenia zdalnego sterowania, tak aby by\u0142y odpowiednie dla komunikacji CANOpen, Modbus, J1939. <\/p>\n\n\n\n<div style=\"height:80px\" aria-hidden=\"true\" class=\"wp-block-spacer\"><\/div>\n\n\n\n<h3 class=\"wp-block-heading\" id=\"pomoc\" style=\"font-size:24px\">S\u0142u\u017cymy pomoc\u0105 przy wyborze odpowiedniego sterowania radiowego Tele Radio<\/h3>\n\n\n\n<p>Je\u015bli nie masz pewno\u015bci, jaki typ nadajnika lub odbiornika jest najlepszy dla Twojego zastosowania oraz chcia\u0142by\u015b om\u00f3wi\u0107 rozwi\u0105zanie, kt\u00f3re najbardziej Ci odpowiada, <strong>zapraszamy do <a href=\"https:\/\/www.tele-radio.com\/pl\/kontakt\/\">kontaktu<\/a> mailowego lub telefonicznego. <\/strong> <\/p>\n\n\n\n<div style=\"height:90px\" aria-hidden=\"true\" class=\"wp-block-spacer\"><\/div>\n\n\n\n<div class=\"wp-block-columns is-layout-flex wp-container-core-columns-is-layout-9d6595d7 wp-block-columns-is-layout-flex\">\n<div class=\"wp-block-column is-layout-flow wp-block-column-is-layout-flow\"><div class=\"wp-block-image is-style-default\">\n<figure class=\"aligncenter size-full is-resized\"><img loading=\"lazy\" decoding=\"async\" src=\"https:\/\/www.tele-radio.com\/app\/uploads\/reparar-control-remoto-espana-teleradio-2.png\" alt=\"Tele control manufacturers\" class=\"wp-image-151175\" width=\"50\" height=\"50\"\/><\/figure><\/div>\n\n\n<p class=\"has-text-align-center\" style=\"font-size:22px\"><strong>Jeste\u015bmy producentem<\/strong><\/p>\n\n\n\n<p class=\"has-text-align-center\">Tele Radio to szwedzki producent sterowa\u0144 radiowych. <strong>Polska filia<\/strong> ma siedzib\u0119 w Kielcach.<\/p>\n<\/div>\n\n\n\n<div class=\"wp-block-column is-layout-flow wp-block-column-is-layout-flow\"><div class=\"wp-block-image\">\n<figure class=\"aligncenter size-full is-resized\"><img loading=\"lazy\" decoding=\"async\" src=\"https:\/\/www.tele-radio.com\/app\/uploads\/maps-and-flags.webp\" alt=\"\" class=\"wp-image-84266\" width=\"48\" height=\"48\"\/><\/figure><\/div>\n\n\n<p class=\"has-text-align-center\" style=\"font-size:22px\"><strong>Posiadamy<\/strong> <strong>w\u0142asny magazyn<\/strong><\/p>\n\n\n\n<p class=\"has-text-align-center\">Realizacja zam\u00f3wie\u0144 nawet w <strong>1-2 dni robocze<\/strong>. Urz\u0105dzenia z dwuletni\u0105 gwarancj\u0105.<\/p>\n<\/div>\n\n\n\n<div class=\"wp-block-column is-layout-flow wp-block-column-is-layout-flow\"><div class=\"wp-block-image\">\n<figure class=\"aligncenter size-thumbnail is-resized\"><img loading=\"lazy\" decoding=\"async\" src=\"https:\/\/www.tele-radio.com\/app\/uploads\/add-friend-150x150.png\" alt=\"\" class=\"wp-image-156207\" width=\"50\" height=\"50\" srcset=\"https:\/\/www.tele-radio.com\/app\/uploads\/add-friend-150x150.png 150w, https:\/\/www.tele-radio.com\/app\/uploads\/add-friend-400x400.png 400w, https:\/\/www.tele-radio.com\/app\/uploads\/add-friend-250x250.png 250w, https:\/\/www.tele-radio.com\/app\/uploads\/add-friend-500x500.png 500w, https:\/\/www.tele-radio.com\/app\/uploads\/add-friend.png 512w\" sizes=\"auto, (max-width: 50px) 100vw, 50px\" \/><\/figure><\/div>\n\n\n<p class=\"has-text-align-center\" style=\"font-size:22px\"><strong>Zapewniamy wsparcie lokalne<\/strong><\/p>\n\n\n\n<p class=\"has-text-align-center\">Pomoc techniczna i wsparcie. Wi\u0119kszo\u015b\u0107 napraw w ci\u0105gu 24-48 h.<\/p>\n<\/div>\n<\/div>\n\n\n\n<div style=\"height:50px\" aria-hidden=\"true\" class=\"wp-block-spacer\"><\/div>\n\n\n\n<div class=\"wp-block-buttons is-content-justification-center is-layout-flex wp-container-core-buttons-is-layout-16018d1d wp-block-buttons-is-layout-flex\">\n<div class=\"wp-block-button\"><a class=\"wp-block-button__link has-black-color has-luminous-vivid-amber-background-color has-text-color has-background wp-element-button\" href=\"https:\/\/www.tele-radio.com\/pl\/kontakt\/\" style=\"border-radius:10px\"><strong>Kontakt<\/strong><\/a><\/div>\n<\/div>\n\n\n\n<div style=\"height:48px\" aria-hidden=\"true\" class=\"wp-block-spacer\"><\/div>\n\n\n<div class=\"wp-block-image\">\n<figure class=\"aligncenter size-medium\"><img loading=\"lazy\" decoding=\"async\" width=\"400\" height=\"205\" src=\"https:\/\/www.tele-radio.com\/app\/uploads\/Assortiment_2019_zonder_spiegeling_en_schaduw-removebg-400x205.png\" alt=\"Systemy sterowania radiowego Tele Radio.\" class=\"wp-image-141133\" srcset=\"https:\/\/www.tele-radio.com\/app\/uploads\/Assortiment_2019_zonder_spiegeling_en_schaduw-removebg-400x205.png 400w, https:\/\/www.tele-radio.com\/app\/uploads\/Assortiment_2019_zonder_spiegeling_en_schaduw-removebg-500x256.png 500w, https:\/\/www.tele-radio.com\/app\/uploads\/Assortiment_2019_zonder_spiegeling_en_schaduw-removebg.png 698w\" sizes=\"auto, (max-width: 400px) 100vw, 400px\" \/><\/figure><\/div>\n\n\n<div style=\"height:100px\" aria-hidden=\"true\" class=\"wp-block-spacer\"><\/div>\n","protected":false},"excerpt":{"rendered":"<p>PRZEMYS\u0141 MORSKI Systemy sterowania radiowego Tele Radio do maszyn i urz\u0105dze\u0144 wykorzystywanych w przemy\u015ble morskim Wyboru w\u0142a\u015bciwego sterowania radiowego do danego zastosowania najlepiej dokona\u0107 w porozumieniu z pracownikami Tele Radio. Dostarczamy r\u00f3\u017cne nadajniki o specyficznych cechach. Podczas dobierania systemu sterowania trzeba wzi\u0105\u0107 pod uwag\u0119 takie kwestie jak mi\u0119dzy innymi poziom bezpiecze\u0144stwa oraz wielko\u015b\u0107 i funkcjonalno\u015b\u0107 [&hellip;]<\/p>\n","protected":false},"author":87,"featured_media":0,"parent":67465,"menu_order":0,"comment_status":"closed","ping_status":"closed","template":"","meta":{"_acf_changed":false,"footnotes":""},"class_list":["post-79293","page","type-page","status-publish","hentry"],"acf":[],"_links":{"self":[{"href":"https:\/\/www.tele-radio.com\/pl\/wp-json\/wp\/v2\/pages\/79293","targetHints":{"allow":["GET"]}}],"collection":[{"href":"https:\/\/www.tele-radio.com\/pl\/wp-json\/wp\/v2\/pages"}],"about":[{"href":"https:\/\/www.tele-radio.com\/pl\/wp-json\/wp\/v2\/types\/page"}],"author":[{"embeddable":true,"href":"https:\/\/www.tele-radio.com\/pl\/wp-json\/wp\/v2\/users\/87"}],"replies":[{"embeddable":true,"href":"https:\/\/www.tele-radio.com\/pl\/wp-json\/wp\/v2\/comments?post=79293"}],"version-history":[{"count":28,"href":"https:\/\/www.tele-radio.com\/pl\/wp-json\/wp\/v2\/pages\/79293\/revisions"}],"predecessor-version":[{"id":164348,"href":"https:\/\/www.tele-radio.com\/pl\/wp-json\/wp\/v2\/pages\/79293\/revisions\/164348"}],"up":[{"embeddable":true,"href":"https:\/\/www.tele-radio.com\/pl\/wp-json\/wp\/v2\/pages\/67465"}],"wp:attachment":[{"href":"https:\/\/www.tele-radio.com\/pl\/wp-json\/wp\/v2\/media?parent=79293"}],"curies":[{"name":"wp","href":"https:\/\/api.w.org\/{rel}","templated":true}]}}