{"id":77650,"date":"2021-09-27T09:13:57","date_gmt":"2021-09-27T09:13:57","guid":{"rendered":"https:\/\/www.tele-radio.com\/?page_id=77650"},"modified":"2023-09-22T10:10:52","modified_gmt":"2023-09-22T10:10:52","slug":"sterowanie-radiowe-energetyka-wiatrowa","status":"publish","type":"page","link":"https:\/\/www.tele-radio.com\/pl\/zastosowania\/sterowanie-radiowe-energetyka-wiatrowa\/","title":{"rendered":"Sterowanie radiowe w energetyce wiatrowej"},"content":{"rendered":"\n<div style=\"height:30px\" aria-hidden=\"true\" class=\"wp-block-spacer\"><\/div>\n\n\n\n<h1 class=\"wp-block-heading has-text-align-center\">ENERGETYKA WIATROWA<\/h1>\n\n\n\n<div style=\"height:50px\" aria-hidden=\"true\" class=\"wp-block-spacer\"><\/div>\n\n\n\n<div class=\"wp-block-media-text alignwide is-stacked-on-mobile is-image-fill\"><figure class=\"wp-block-media-text__media\" style=\"background-image:url(https:\/\/www.tele-radio.com\/app\/uploads\/AdobeStock_421698546-1200x800.jpg);background-position:50% 50%\"><img loading=\"lazy\" decoding=\"async\" width=\"1200\" height=\"800\" src=\"https:\/\/www.tele-radio.com\/app\/uploads\/AdobeStock_421698546-1200x800.jpg\" alt=\"\" class=\"wp-image-80617 size-full\" srcset=\"https:\/\/www.tele-radio.com\/app\/uploads\/AdobeStock_421698546-1200x800.jpg 1200w, https:\/\/www.tele-radio.com\/app\/uploads\/AdobeStock_421698546-400x267.jpg 400w, https:\/\/www.tele-radio.com\/app\/uploads\/AdobeStock_421698546-768x512.jpg 768w, https:\/\/www.tele-radio.com\/app\/uploads\/AdobeStock_421698546-1536x1024.jpg 1536w, https:\/\/www.tele-radio.com\/app\/uploads\/AdobeStock_421698546-750x500.jpg 750w, https:\/\/www.tele-radio.com\/app\/uploads\/AdobeStock_421698546-500x333.jpg 500w, https:\/\/www.tele-radio.com\/app\/uploads\/AdobeStock_421698546-1600x1067.jpg 1600w, https:\/\/www.tele-radio.com\/app\/uploads\/AdobeStock_421698546-800x533.jpg 800w, https:\/\/www.tele-radio.com\/app\/uploads\/AdobeStock_421698546.jpg 1800w\" sizes=\"auto, (max-width: 1200px) 100vw, 1200px\" \/><\/figure><div class=\"wp-block-media-text__content\">\n<div style=\"height:15px\" aria-hidden=\"true\" class=\"wp-block-spacer\"><\/div>\n\n\n\n<h2 class=\"wp-block-heading\">Sterowanie radiowe w elektrowniach wiatrowych  <\/h2>\n\n\n\n<p>Zainteresowanie energi\u0105 generowan\u0105 z wiatru jest coraz wi\u0119ksze \u2013 jest to jedno z najwa\u017cniejszych rozwi\u0105za\u0144 zielonej energii i drugie, po energii s\u0142onecznej, najpopularniejsze odnawialne \u017ar\u00f3d\u0142o energii na \u015bwiecie. Popyt na energi\u0119 odnawialn\u0105 sprawia, \u017ce sektor energetyki wiatrowej ci\u0105gle si\u0119 rozwija. Rozw\u00f3j ten, wraz z post\u0119pem technologicznym, generuje innowacje optymalizuj\u0105ce wydajno\u015b\u0107 turbin wiatrowych oraz koszty instalacji i konserwacji. <strong>Jedn\u0105 z technologii pomocnych podczas prac przy budowie farm wiatrowych oraz tych zwi\u0105zanych z utrzymaniem stanu technicznego ju\u017c funkcjonuj\u0105cych wiatrak\u00f3w jest przemys\u0142owe sterowanie radiowe.<\/strong><\/p>\n\n\n\n<p>Systemy sterowania radiowego Tele Radio pozwalaj\u0105 uzyska\u0107 poziom bezpiecze\u0144stwa do PLd i PLe, co jest niezwykle wa\u017cne w przypadku niebezpiecznych prac wykonywanych na wysoko\u015bciach, do kt\u00f3rych zaliczaj\u0105 si\u0119 prace w elektrowniach wiatrowych. Turbiny wiatrowe s\u0105 wyposa\u017cane w r\u00f3\u017cne urz\u0105dzenia podnosz\u0105ce u\u0142atwiaj\u0105ce przemieszczanie okre\u015blonych \u0142adunk\u00f3w oraz ludzi i kt\u00f3re mog\u0105 by\u0107 sterowane radiowo. <strong>Sterowanie radiowe mo\u017cna wykorzysta\u0107 do urz\u0105dze\u0144 transportu bliskiego u\u017cywanych podczas instalacji, konserwacji i napraw wiatrak\u00f3w<\/strong>, a wi\u0119c do sterowania \u017curawiami, d\u017awigami, wci\u0105gnikami i innymi, w tym r\u00f3wnie\u017c sterowanie \u017curawikami pok\u0142adowymi (znajduj\u0105cymi zastosowanie w morskiej energetyce wiatrowej) oraz urz\u0105dzeniami czyszcz\u0105cymi turbiny wiatrowe.<\/p>\n\n\n\n<div style=\"height:10px\" aria-hidden=\"true\" class=\"wp-block-spacer\"><\/div>\n<\/div><\/div>\n\n\n\n<div style=\"height:60px\" aria-hidden=\"true\" class=\"wp-block-spacer\"><\/div>\n\n\n\n<div class=\"wp-block-buttons is-content-justification-center is-layout-flex wp-container-core-buttons-is-layout-16018d1d wp-block-buttons-is-layout-flex\">\n<div class=\"wp-block-button\"><a class=\"wp-block-button__link has-black-color has-luminous-vivid-amber-background-color has-text-color has-background wp-element-button\" href=\"#pomoc\" style=\"border-radius:10px\"><strong>Popro\u015b o ofert\u0119<\/strong><\/a><\/div>\n<\/div>\n\n\n\n<div style=\"height:100px\" aria-hidden=\"true\" class=\"wp-block-spacer\"><\/div>\n\n\n\n<h2 class=\"wp-block-heading has-text-align-left\">Systemy sterowania radiowego Tele Radio do maszyn i urz\u0105dze\u0144 wykorzystywanych w sektorze energetyki wiatrowej<\/h2>\n\n\n\n<p>Wyboru w\u0142a\u015bciwego sterowania radiowego do danego zastosowania najlepiej dokona\u0107 w porozumieniu z pracownikami Tele Radio. Dostarczamy r\u00f3\u017cne nadajniki o specyficznych cechach. Podczas dobierania systemu sterowania trzeba wzi\u0105\u0107 pod uwag\u0119 takie kwestie jak mi\u0119dzy innymi poziom bezpiecze\u0144stwa oraz wielko\u015b\u0107 i funkcjonalno\u015b\u0107 nadajnika sterowania radiowego.  <\/p>\n\n\n\n<div style=\"height:20px\" aria-hidden=\"true\" class=\"wp-block-spacer\"><\/div>\n\n\n\n<div class=\"wp-block-columns has-background is-layout-flex wp-container-core-columns-is-layout-9d6595d7 wp-block-columns-is-layout-flex\" style=\"background-color:#eeeeee\">\n<div class=\"wp-block-column is-layout-flow wp-block-column-is-layout-flow\">\n<p class=\"has-text-align-center has-medium-font-size\"><strong>Nadajniki przyciskowe Tele Radio z certyfikatem PLd<\/strong><\/p>\n\n\n\n<div style=\"height:10px\" aria-hidden=\"true\" class=\"wp-block-spacer\"><\/div>\n\n\n<div class=\"wp-block-image\">\n<figure class=\"aligncenter size-full is-resized\"><img loading=\"lazy\" decoding=\"async\" src=\"https:\/\/www.tele-radio.com\/app\/uploads\/nadajniki_przyciskowe_teleradio_PLd_suwnice.png\" alt=\"\" class=\"wp-image-158160\" width=\"250\" height=\"250\" srcset=\"https:\/\/www.tele-radio.com\/app\/uploads\/nadajniki_przyciskowe_teleradio_PLd_suwnice.png 1080w, https:\/\/www.tele-radio.com\/app\/uploads\/nadajniki_przyciskowe_teleradio_PLd_suwnice-400x400.png 400w, https:\/\/www.tele-radio.com\/app\/uploads\/nadajniki_przyciskowe_teleradio_PLd_suwnice-150x150.png 150w, https:\/\/www.tele-radio.com\/app\/uploads\/nadajniki_przyciskowe_teleradio_PLd_suwnice-768x768.png 768w, https:\/\/www.tele-radio.com\/app\/uploads\/nadajniki_przyciskowe_teleradio_PLd_suwnice-250x250.png 250w, https:\/\/www.tele-radio.com\/app\/uploads\/nadajniki_przyciskowe_teleradio_PLd_suwnice-750x750.png 750w, https:\/\/www.tele-radio.com\/app\/uploads\/nadajniki_przyciskowe_teleradio_PLd_suwnice-500x500.png 500w, https:\/\/www.tele-radio.com\/app\/uploads\/nadajniki_przyciskowe_teleradio_PLd_suwnice-800x800.png 800w\" sizes=\"auto, (max-width: 250px) 100vw, 250px\" \/><\/figure><\/div>\n\n\n<div style=\"height:10px\" aria-hidden=\"true\" class=\"wp-block-spacer\"><\/div>\n\n\n\n<p class=\"has-text-align-center\">Praca przy turbinach wiatrowych wi\u0105\u017ce si\u0119 z czynno\u015bciami wykonywanymi na znacznych wysoko\u015bciach, co jest szczeg\u00f3lnie niebezpieczne i wymaga zastosowania odpowiednich zabezpiecze\u0144. <\/p>\n\n\n\n<p class=\"has-text-align-center\">Sterowania&nbsp;<strong>Panther PLd<\/strong>&nbsp;zosta\u0142y specjalnie zaprojektowane z my\u015bl\u0105 o urz\u0105dzeniach d\u017awignicowych. Wyst\u0119puj\u0105 w r\u00f3\u017cnych konfiguracjach dla suwnic, d\u017awig\u00f3w i \u017curawi, a odbiorniki s\u0105 dost\u0119pne z okablowaniem wst\u0119pnym.<\/p>\n\n\n\n<p class=\"has-text-align-center\">Do wyboru nadajnik o\u015bmioprzyciskowy&nbsp;<strong><a href=\"https:\/\/www.tele-radio.com\/pl\/products\/panther\/panther-transmitter-8x2-step-buttons-pld-cat3\/\">PN-T19-2<\/a><\/strong>&nbsp;lub dwunastoprzyciskowy&nbsp;<strong><a href=\"https:\/\/www.tele-radio.com\/pl\/products\/panther\/panther-transmitter-12x2-step-buttons-2-2\/\">PN-T29-12<\/a><\/strong>.<\/p>\n<\/div>\n\n\n\n<div class=\"wp-block-column is-layout-flow wp-block-column-is-layout-flow\">\n<p class=\"has-text-align-center has-medium-font-size\"><strong>Nadajniki przyciskowe<\/strong> <strong>Tele Radio z certyfikatem PLe<\/strong><\/p>\n\n\n\n<div style=\"height:10px\" aria-hidden=\"true\" class=\"wp-block-spacer\"><\/div>\n\n\n<div class=\"wp-block-image\">\n<figure class=\"aligncenter size-full is-resized\"><img loading=\"lazy\" decoding=\"async\" src=\"https:\/\/www.tele-radio.com\/app\/uploads\/nadajniki_przyciskowe_teleradio_lesnictwo.png\" alt=\"\" class=\"wp-image-163286\" width=\"250\" height=\"250\" srcset=\"https:\/\/www.tele-radio.com\/app\/uploads\/nadajniki_przyciskowe_teleradio_lesnictwo.png 1080w, https:\/\/www.tele-radio.com\/app\/uploads\/nadajniki_przyciskowe_teleradio_lesnictwo-400x400.png 400w, https:\/\/www.tele-radio.com\/app\/uploads\/nadajniki_przyciskowe_teleradio_lesnictwo-150x150.png 150w, https:\/\/www.tele-radio.com\/app\/uploads\/nadajniki_przyciskowe_teleradio_lesnictwo-768x768.png 768w, https:\/\/www.tele-radio.com\/app\/uploads\/nadajniki_przyciskowe_teleradio_lesnictwo-250x250.png 250w, https:\/\/www.tele-radio.com\/app\/uploads\/nadajniki_przyciskowe_teleradio_lesnictwo-750x750.png 750w, https:\/\/www.tele-radio.com\/app\/uploads\/nadajniki_przyciskowe_teleradio_lesnictwo-500x500.png 500w, https:\/\/www.tele-radio.com\/app\/uploads\/nadajniki_przyciskowe_teleradio_lesnictwo-800x800.png 800w\" sizes=\"auto, (max-width: 250px) 100vw, 250px\" \/><\/figure><\/div>\n\n\n<div style=\"height:10px\" aria-hidden=\"true\" class=\"wp-block-spacer\"><\/div>\n\n\n\n<p class=\"has-text-align-center\"><strong><a href=\"https:\/\/www.tele-radio.com\/pl\/products\/tiger-g2\/\">Tiger G2<\/a><\/strong>&nbsp;to zaawansowane rozwi\u0105zanie sterowania m.in. maszynami d\u017awigowymi, pozwalaj\u0105ce na uzyskiwanie informacji zwrotnych z kontrolowanego urz\u0105dzenia (diody LED i wy\u015bwietlacz na nadajniku). Wbudowane funkcje bezpiecze\u0144stwa spe\u0142niaj\u0105 najwy\u017csze standardy, co sprawia, \u017ce s\u0105 odpowiednie&nbsp;<strong>do pracy w warunkach wysokiego ryzyka<\/strong>.<\/p>\n\n\n\n<p class=\"has-text-align-center\">Nadajniki Tiger G2 dost\u0119pne s\u0105 z przyciskami dwustopniowymi dla sterowania funkcjami w dw\u00f3ch pr\u0119dko\u015bciach (<strong><a href=\"https:\/\/www.tele-radio.com\/pl\/products\/tiger-g2\/nadajnik-tiger-g2-8-przyciskow-dwustopniowych-ple-sil3\/\">TG-T9-1<\/a><\/strong>,&nbsp;<strong><a href=\"https:\/\/www.tele-radio.com\/pl\/products\/tiger-g2\/tiger-g2-transmitter-6x2-step-buttons-display-ple-sil3-2\/\">TG-T9-2<\/a><\/strong>,&nbsp;<strong><a href=\"https:\/\/www.tele-radio.com\/pl\/products\/tiger-g2\/tiger-g2-transmitter-10x2-step-buttons-display-sil3-ple-2\/\">TG-T11-4<\/a><\/strong>,&nbsp;<strong><a href=\"https:\/\/www.tele-radio.com\/pl\/products\/tiger-g2\/tiger-g2-transmitter-12x2-step-buttons-sil3-ple-2\/\">TG-T11-5<\/a><\/strong>) oraz z precyzyjnymi przyciskami proporcjonalnymi (<strong><a href=\"https:\/\/www.tele-radio.com\/pl\/products\/tiger-g2\/tiger-g2-nadajnik-4x2-step-buttons-display-sil3-ple-2\/\">TG-T14-7<\/a>,<\/strong>&nbsp;<strong><a href=\"https:\/\/www.tele-radio.com\/pl\/products\/tiger-g2\/tiger-g2-transmitter-4x2-step-buttons-display-sil3-ple-3\/\">TG-T15-7<\/a><\/strong>). <\/p>\n\n\n\n<p class=\"has-text-align-center\">    <\/p>\n<\/div>\n\n\n\n<div class=\"wp-block-column is-layout-flow wp-block-column-is-layout-flow\">\n<p class=\"has-text-align-center has-medium-font-size\"><strong>Nadajniki z joystickowe Tele Radio z certyfikatem PLe<\/strong> <\/p>\n\n\n\n<div style=\"height:10px\" aria-hidden=\"true\" class=\"wp-block-spacer\"><\/div>\n\n\n<div class=\"wp-block-image\">\n<figure class=\"aligncenter size-full is-resized\"><img loading=\"lazy\" decoding=\"async\" src=\"https:\/\/www.tele-radio.com\/app\/uploads\/nadajnik_joystickowy_teleradio_versateq.png\" alt=\"\" class=\"wp-image-164010\" width=\"250\" height=\"250\" srcset=\"https:\/\/www.tele-radio.com\/app\/uploads\/nadajnik_joystickowy_teleradio_versateq.png 1080w, https:\/\/www.tele-radio.com\/app\/uploads\/nadajnik_joystickowy_teleradio_versateq-400x400.png 400w, https:\/\/www.tele-radio.com\/app\/uploads\/nadajnik_joystickowy_teleradio_versateq-150x150.png 150w, https:\/\/www.tele-radio.com\/app\/uploads\/nadajnik_joystickowy_teleradio_versateq-768x768.png 768w, https:\/\/www.tele-radio.com\/app\/uploads\/nadajnik_joystickowy_teleradio_versateq-250x250.png 250w, https:\/\/www.tele-radio.com\/app\/uploads\/nadajnik_joystickowy_teleradio_versateq-750x750.png 750w, https:\/\/www.tele-radio.com\/app\/uploads\/nadajnik_joystickowy_teleradio_versateq-500x500.png 500w, https:\/\/www.tele-radio.com\/app\/uploads\/nadajnik_joystickowy_teleradio_versateq-800x800.png 800w\" sizes=\"auto, (max-width: 250px) 100vw, 250px\" \/><\/figure><\/div>\n\n\n<div style=\"height:10px\" aria-hidden=\"true\" class=\"wp-block-spacer\"><\/div>\n\n\n\n<p class=\"has-text-align-center\">Seria Tele Radio <strong><a href=\"https:\/\/www.tele-radio.com\/pl\/nadajniki-joystickowe\/\">TEQ Line<\/a><\/strong> jest idealna do zaawansowanych zastosowa\u0144 wymagaj\u0105cych precyzji, a tak\u017ce do urz\u0105dze\u0144 wykorzystuj\u0105cych <strong>hydraulik\u0119 si\u0142ow\u0105<\/strong>. Nadajniki z manipulatorami dost\u0119pne s\u0105 w trzech rozmiarach i z r\u00f3\u017cnymi elementami steruj\u0105cymi. Dzi\u0119ki modu\u0142owej budowie system ten daje niemal nieograniczone mo\u017cliwo\u015bci dostosowania do okre\u015blonych potrzeb.  <\/p>\n\n\n\n<p class=\"has-text-align-center\">Aby spe\u0142nia\u0107 aktualne standardy bran\u017cowe, nadajniki z manipulatorami Tele Radio s\u0105 kompatybilne z szerok\u0105 gam\u0105 system\u00f3w BUS. <\/p>\n\n\n\n<p class=\"has-text-align-center\">Ciekawym zastosowaniem tego systemu jest <a href=\"https:\/\/www.tele-radio.com\/pl\/volvo-exster\/\">sterowanie podwoziem ci\u0119\u017car\u00f3wki spoza kabiny<\/a>.<\/p>\n<\/div>\n<\/div>\n\n\n\n<div style=\"height:60px\" aria-hidden=\"true\" class=\"wp-block-spacer\"><\/div>\n\n\n\n<p class=\"has-medium-font-size\"><strong>Odbiorniki Tele Radio<\/strong><\/p>\n\n\n\n<p>Dob\u00f3r odpowiedniego odbiornika do nadajnika zdalnego sterowania jest niezwykle wa\u017cny. W ofercie Tele Radio mo\u017cna znale\u017a\u0107 wiele odbiornik\u00f3w, kt\u00f3re s\u0105 funkcjonalne i maj\u0105 mo\u017cliwo\u015b\u0107 rozbudowy o dodatkowe modu\u0142y. Dost\u0119pne s\u0105 r\u00f3wnie\u017c modele z cyfrowymi oraz analogowymi wej\u015bciami i wyj\u015bciami, a tak\u017ce modele z wy\u015bwietlaczem.<\/p>\n\n\n\n<p>Aby system sterowania radiowego dzia\u0142a\u0142 bez zastrze\u017ce\u0144, pomo\u017cemy w wyborze odpowiedniego odbiornika. Mo\u017cemy r\u00f3wnie\u017c dostosowa\u0107 urz\u0105dzenia zdalnego sterowania, tak aby by\u0142y odpowiednie dla komunikacji CANOpen, Modbus, J1939. <\/p>\n\n\n\n<div style=\"height:80px\" aria-hidden=\"true\" class=\"wp-block-spacer\"><\/div>\n\n\n\n<h3 class=\"wp-block-heading\" id=\"pomoc\" style=\"font-size:24px\">S\u0142u\u017cymy pomoc\u0105 przy wyborze odpowiedniego sterowania radiowego Tele Radio<\/h3>\n\n\n\n<p>Je\u015bli nie masz pewno\u015bci, jaki typ nadajnika lub odbiornika jest najlepszy dla Twojego zastosowania oraz chcia\u0142by\u015b om\u00f3wi\u0107 rozwi\u0105zanie, kt\u00f3re najbardziej Ci odpowiada, <strong>zapraszamy do <a href=\"https:\/\/www.tele-radio.com\/pl\/kontakt\/\">kontaktu<\/a> mailowego lub telefonicznego. <\/strong> <\/p>\n\n\n\n<div style=\"height:90px\" aria-hidden=\"true\" class=\"wp-block-spacer\"><\/div>\n\n\n\n<div class=\"wp-block-columns is-layout-flex wp-container-core-columns-is-layout-9d6595d7 wp-block-columns-is-layout-flex\">\n<div class=\"wp-block-column is-layout-flow wp-block-column-is-layout-flow\"><div class=\"wp-block-image is-style-default\">\n<figure class=\"aligncenter size-full is-resized\"><img loading=\"lazy\" decoding=\"async\" src=\"https:\/\/www.tele-radio.com\/app\/uploads\/reparar-control-remoto-espana-teleradio-2.png\" alt=\"Tele control manufacturers\" class=\"wp-image-151175\" width=\"50\" height=\"50\"\/><\/figure><\/div>\n\n\n<p class=\"has-text-align-center\" style=\"font-size:22px\"><strong>Jeste\u015bmy producentem<\/strong><\/p>\n\n\n\n<p class=\"has-text-align-center\">Tele Radio to szwedzki producent sterowa\u0144 radiowych. <strong>Polska filia<\/strong> ma siedzib\u0119 w Kielcach.<\/p>\n<\/div>\n\n\n\n<div class=\"wp-block-column is-layout-flow wp-block-column-is-layout-flow\"><div class=\"wp-block-image\">\n<figure class=\"aligncenter size-full is-resized\"><img loading=\"lazy\" decoding=\"async\" src=\"https:\/\/www.tele-radio.com\/app\/uploads\/maps-and-flags.webp\" alt=\"\" class=\"wp-image-84266\" width=\"48\" height=\"48\"\/><\/figure><\/div>\n\n\n<p class=\"has-text-align-center\" style=\"font-size:22px\"><strong>Posiadamy<\/strong> <strong>w\u0142asny magazyn<\/strong><\/p>\n\n\n\n<p class=\"has-text-align-center\">Realizacja zam\u00f3wie\u0144 nawet w <strong>1-2 dni robocze<\/strong>. Urz\u0105dzenia z dwuletni\u0105 gwarancj\u0105.<\/p>\n<\/div>\n\n\n\n<div class=\"wp-block-column is-layout-flow wp-block-column-is-layout-flow\"><div class=\"wp-block-image\">\n<figure class=\"aligncenter size-thumbnail is-resized\"><img loading=\"lazy\" decoding=\"async\" src=\"https:\/\/www.tele-radio.com\/app\/uploads\/add-friend-150x150.png\" alt=\"\" class=\"wp-image-156207\" width=\"50\" height=\"50\" srcset=\"https:\/\/www.tele-radio.com\/app\/uploads\/add-friend-150x150.png 150w, https:\/\/www.tele-radio.com\/app\/uploads\/add-friend-400x400.png 400w, https:\/\/www.tele-radio.com\/app\/uploads\/add-friend-250x250.png 250w, https:\/\/www.tele-radio.com\/app\/uploads\/add-friend-500x500.png 500w, https:\/\/www.tele-radio.com\/app\/uploads\/add-friend.png 512w\" sizes=\"auto, (max-width: 50px) 100vw, 50px\" \/><\/figure><\/div>\n\n\n<p class=\"has-text-align-center\" style=\"font-size:22px\"><strong>Zapewniamy wsparcie lokalne<\/strong><\/p>\n\n\n\n<p class=\"has-text-align-center\">Pomoc techniczna i wsparcie. Wi\u0119kszo\u015b\u0107 napraw w ci\u0105gu 24-48 h.<\/p>\n<\/div>\n<\/div>\n\n\n\n<div style=\"height:50px\" aria-hidden=\"true\" class=\"wp-block-spacer\"><\/div>\n\n\n\n<div class=\"wp-block-buttons is-content-justification-center is-layout-flex wp-container-core-buttons-is-layout-16018d1d wp-block-buttons-is-layout-flex\">\n<div class=\"wp-block-button\"><a class=\"wp-block-button__link has-black-color has-luminous-vivid-amber-background-color has-text-color has-background wp-element-button\" href=\"https:\/\/www.tele-radio.com\/pl\/kontakt\/\" style=\"border-radius:10px\"><strong>Kontakt<\/strong><\/a><\/div>\n<\/div>\n\n\n\n<div style=\"height:48px\" aria-hidden=\"true\" class=\"wp-block-spacer\"><\/div>\n\n\n<div class=\"wp-block-image\">\n<figure class=\"aligncenter size-medium\"><img loading=\"lazy\" decoding=\"async\" width=\"400\" height=\"205\" src=\"https:\/\/www.tele-radio.com\/app\/uploads\/Assortiment_2019_zonder_spiegeling_en_schaduw-removebg-400x205.png\" alt=\"\" class=\"wp-image-141133\" srcset=\"https:\/\/www.tele-radio.com\/app\/uploads\/Assortiment_2019_zonder_spiegeling_en_schaduw-removebg-400x205.png 400w, https:\/\/www.tele-radio.com\/app\/uploads\/Assortiment_2019_zonder_spiegeling_en_schaduw-removebg-500x256.png 500w, https:\/\/www.tele-radio.com\/app\/uploads\/Assortiment_2019_zonder_spiegeling_en_schaduw-removebg.png 698w\" sizes=\"auto, (max-width: 400px) 100vw, 400px\" \/><\/figure><\/div>\n\n\n<div style=\"height:100px\" aria-hidden=\"true\" class=\"wp-block-spacer\"><\/div>\n","protected":false},"excerpt":{"rendered":"<p>ENERGETYKA WIATROWA Systemy sterowania radiowego Tele Radio do maszyn i urz\u0105dze\u0144 wykorzystywanych w sektorze energetyki wiatrowej Wyboru w\u0142a\u015bciwego sterowania radiowego do danego zastosowania najlepiej dokona\u0107 w porozumieniu z pracownikami Tele Radio. Dostarczamy r\u00f3\u017cne nadajniki o specyficznych cechach. Podczas dobierania systemu sterowania trzeba wzi\u0105\u0107 pod uwag\u0119 takie kwestie jak mi\u0119dzy innymi poziom bezpiecze\u0144stwa oraz wielko\u015b\u0107 i [&hellip;]<\/p>\n","protected":false},"author":87,"featured_media":80617,"parent":67465,"menu_order":0,"comment_status":"closed","ping_status":"closed","template":"","meta":{"_acf_changed":false,"footnotes":""},"class_list":["post-77650","page","type-page","status-publish","has-post-thumbnail","hentry"],"acf":[],"_links":{"self":[{"href":"https:\/\/www.tele-radio.com\/pl\/wp-json\/wp\/v2\/pages\/77650","targetHints":{"allow":["GET"]}}],"collection":[{"href":"https:\/\/www.tele-radio.com\/pl\/wp-json\/wp\/v2\/pages"}],"about":[{"href":"https:\/\/www.tele-radio.com\/pl\/wp-json\/wp\/v2\/types\/page"}],"author":[{"embeddable":true,"href":"https:\/\/www.tele-radio.com\/pl\/wp-json\/wp\/v2\/users\/87"}],"replies":[{"embeddable":true,"href":"https:\/\/www.tele-radio.com\/pl\/wp-json\/wp\/v2\/comments?post=77650"}],"version-history":[{"count":26,"href":"https:\/\/www.tele-radio.com\/pl\/wp-json\/wp\/v2\/pages\/77650\/revisions"}],"predecessor-version":[{"id":164347,"href":"https:\/\/www.tele-radio.com\/pl\/wp-json\/wp\/v2\/pages\/77650\/revisions\/164347"}],"up":[{"embeddable":true,"href":"https:\/\/www.tele-radio.com\/pl\/wp-json\/wp\/v2\/pages\/67465"}],"wp:featuredmedia":[{"embeddable":true,"href":"https:\/\/www.tele-radio.com\/pl\/wp-json\/wp\/v2\/media\/80617"}],"wp:attachment":[{"href":"https:\/\/www.tele-radio.com\/pl\/wp-json\/wp\/v2\/media?parent=77650"}],"curies":[{"name":"wp","href":"https:\/\/api.w.org\/{rel}","templated":true}]}}