{"id":74620,"date":"2021-07-26T11:18:22","date_gmt":"2021-07-26T11:18:22","guid":{"rendered":"https:\/\/www.tele-radio.com\/?page_id=74620"},"modified":"2023-09-20T10:42:02","modified_gmt":"2023-09-20T10:42:02","slug":"sterowanie-radiowe-maszyny-rolnicze","status":"publish","type":"page","link":"https:\/\/www.tele-radio.com\/pl\/zastosowania\/sterowanie-radiowe-maszyny-rolnicze\/","title":{"rendered":"Sterowanie radiowe do maszyn rolniczych"},"content":{"rendered":"\n<div style=\"height:30px\" aria-hidden=\"true\" class=\"wp-block-spacer\"><\/div>\n\n\n\n<h1 class=\"wp-block-heading has-text-align-center\">ROLNICTWO<\/h1>\n\n\n\n<div style=\"height:50px\" aria-hidden=\"true\" class=\"wp-block-spacer\"><\/div>\n\n\n\n<div class=\"wp-block-media-text alignwide is-stacked-on-mobile is-image-fill\"><figure class=\"wp-block-media-text__media\" style=\"background-image:url(https:\/\/www.tele-radio.com\/app\/uploads\/FM_MI_PN_0095.jpg);background-position:63% 29%\"><img loading=\"lazy\" decoding=\"async\" width=\"2400\" height=\"1602\" src=\"https:\/\/www.tele-radio.com\/app\/uploads\/FM_MI_PN_0095.jpg\" alt=\"Sterowanie radiowe Tele Radio do maszyn rolniczych. Sterowanie w rolnictwie.\" class=\"wp-image-163210 size-full\" srcset=\"https:\/\/www.tele-radio.com\/app\/uploads\/FM_MI_PN_0095.jpg 2400w, https:\/\/www.tele-radio.com\/app\/uploads\/FM_MI_PN_0095-400x267.jpg 400w, https:\/\/www.tele-radio.com\/app\/uploads\/FM_MI_PN_0095-1200x801.jpg 1200w, https:\/\/www.tele-radio.com\/app\/uploads\/FM_MI_PN_0095-768x513.jpg 768w, https:\/\/www.tele-radio.com\/app\/uploads\/FM_MI_PN_0095-1536x1025.jpg 1536w, https:\/\/www.tele-radio.com\/app\/uploads\/FM_MI_PN_0095-2048x1367.jpg 2048w, https:\/\/www.tele-radio.com\/app\/uploads\/FM_MI_PN_0095-750x501.jpg 750w, https:\/\/www.tele-radio.com\/app\/uploads\/FM_MI_PN_0095-500x334.jpg 500w, https:\/\/www.tele-radio.com\/app\/uploads\/FM_MI_PN_0095-1600x1068.jpg 1600w, https:\/\/www.tele-radio.com\/app\/uploads\/FM_MI_PN_0095-800x534.jpg 800w\" sizes=\"auto, (max-width: 2400px) 100vw, 2400px\" \/><\/figure><div class=\"wp-block-media-text__content\">\n<div style=\"height:10px\" aria-hidden=\"true\" class=\"wp-block-spacer\"><\/div>\n\n\n\n<h2 class=\"wp-block-heading\">Sterowanie radiowe dla rolnictwa <\/h2>\n\n\n\n<p>Sterowanie radiowe maszynami rolniczymi jest coraz cz\u0119\u015bciej stosowanym rozwi\u0105zaniem. Nie tylko pomaga zwi\u0119kszy\u0107 wydajno\u015b\u0107 i bezpiecze\u0144stwo pracy, ale tak\u017ce oszcz\u0119dzi\u0107 czas, pieni\u0105dze i si\u0142\u0119 robocz\u0105. Ci\u0119\u017cka praca w terenie staje si\u0119 bardziej ergonomiczna i komfortowa, a u\u017cytkownik zyskuje lepszy widok na urz\u0105dzenie. Sterowanie na odleg\u0142o\u015b\u0107 pozwala r\u00f3wnie\u017c uchroni\u0107 si\u0119 przed niesprzyjaj\u0105cymi warunkami pogodowymi, jak deszcz, wiatr lub s\u0142o\u0144ce nie trac\u0105c przy tym zasi\u0119gu. <\/p>\n\n\n\n<p><strong>Tele Radio dostarcza rozwi\u0105zania sterowania radiowego do wielu r\u00f3\u017cnych zastosowa\u0144 rolniczych, od zintegrowanych z wag\u0105 podajnik\u00f3w nasion lub nawoz\u00f3w, po sterowany z kabiny osprz\u0119t do ci\u0105gnik\u00f3w.<\/strong> Prasy, owijarki do bel, kombajny, siewniki, rozrzutniki, czy opryskiwacze sterowane radiowo &#8211; to tylko niekt\u00f3re z przyk\u0142ad\u00f3w. Bezprzewodowe zdalne sterowanie oznacza \u0142atwo\u015b\u0107 instalacji, trwa\u0142o\u015b\u0107 i wyj\u0105tkow\u0105 kontrol\u0119. Pozwala obni\u017cy\u0107 lub wyeliminowa\u0107 szkodliwe dla operatora czynniki podczas pracy, oszcz\u0119dzi\u0107 czas i koszty oraz przyczyni\u0107 si\u0119 do ochrony \u015brodowiska dzi\u0119ki bardziej efektywnemu wykorzystaniu maszyn, zar\u00f3wno w ma\u0142ych rodzinnych gospodarstwach, jak i w rolnictwie na du\u017c\u0105 skal\u0119. Dostosowujemy nasze systemy sterowania do Twoich potrzeb, aby przynios\u0142y jak najwi\u0119cej korzy\u015bci. <\/p>\n\n\n\n<div style=\"height:10px\" aria-hidden=\"true\" class=\"wp-block-spacer\"><\/div>\n<\/div><\/div>\n\n\n\n<div style=\"height:60px\" aria-hidden=\"true\" class=\"wp-block-spacer\"><\/div>\n\n\n\n<div class=\"wp-block-buttons is-content-justification-center is-layout-flex wp-container-core-buttons-is-layout-16018d1d wp-block-buttons-is-layout-flex\">\n<div class=\"wp-block-button\"><a class=\"wp-block-button__link has-black-color has-luminous-vivid-amber-background-color has-text-color has-background wp-element-button\" href=\"#pomoc\" style=\"border-radius:10px\"><strong>Popro\u015b o kontakt<\/strong><\/a><\/div>\n<\/div>\n\n\n\n<div style=\"height:100px\" aria-hidden=\"true\" class=\"wp-block-spacer\"><\/div>\n\n\n\n<h2 class=\"wp-block-heading has-text-align-left\">Systemy sterowania radiowego Tele Radio do maszyn rolniczych<\/h2>\n\n\n\n<p>Wyboru w\u0142a\u015bciwego sterowania radiowego do danego zastosowania najlepiej dokona\u0107 w porozumieniu z pracownikami Tele Radio. Dostarczamy r\u00f3\u017cne nadajniki o specyficznych cechach. Podczas dobierania systemu sterowania trzeba wzi\u0105\u0107 pod uwag\u0119 takie kwestie jak mi\u0119dzy innymi poziom bezpiecze\u0144stwa oraz wielko\u015b\u0107 i funkcjonalno\u015b\u0107 nadajnika sterowania radiowego.  <\/p>\n\n\n\n<div style=\"height:20px\" aria-hidden=\"true\" class=\"wp-block-spacer\"><\/div>\n\n\n\n<div class=\"wp-block-columns has-background is-layout-flex wp-container-core-columns-is-layout-9d6595d7 wp-block-columns-is-layout-flex\" style=\"background-color:#eeeeee\">\n<div class=\"wp-block-column is-layout-flow wp-block-column-is-layout-flow\">\n<p class=\"has-text-align-center has-medium-font-size\"><strong>Ma\u0142e nadajniki przyciskowe do obs\u0142ugi prostych funkcji<\/strong><\/p>\n\n\n\n<div style=\"height:10px\" aria-hidden=\"true\" class=\"wp-block-spacer\"><\/div>\n\n\n<div class=\"wp-block-image\">\n<figure class=\"aligncenter size-full is-resized\"><img loading=\"lazy\" decoding=\"async\" src=\"https:\/\/www.tele-radio.com\/app\/uploads\/nadajniki_teleradio_t21_animacja.gif\" alt=\"Ma\u0142y nadajnik przyciskowy Tele Radio do sterowania prostymi funkcjami.\" class=\"wp-image-157403\" width=\"250\" height=\"250\"\/><\/figure><\/div>\n\n\n<div style=\"height:10px\" aria-hidden=\"true\" class=\"wp-block-spacer\"><\/div>\n\n\n\n<p class=\"has-text-align-center\">Ma\u0142e, kompaktowe nadajniki <strong><a href=\"https:\/\/www.tele-radio.com\/pl\/products\/panther\/panther-transmitter-6x1-step-buttons-4\/\">PN-T21<\/a><\/strong> idealnie sprawdzaj\u0105 si\u0119 do obs\u0142ugi urz\u0105dze\u0144 nieposiadaj\u0105cych wielu funkcji. Dost\u0119pne s\u0105 z 3, 4, 6, 8 lub 10 przyciskami jednostopniowymi. <\/p>\n\n\n\n<p class=\"has-text-align-center\">Ilo\u015b\u0107 obs\u0142ugiwanych przez jeden przycisk funkcji mo\u017cna jednak zwi\u0119kszy\u0107 (podobnie jak w wi\u0119kszych modelach) dzi\u0119ki mo\u017cliwo\u015bci pracy nadajnika w kilku trybach (mapach), o kt\u00f3rych informuj\u0105 diody LED. Mo\u017cliwe jest sterowanie 19 funkcjami przy jednym odbiorniku.<\/p>\n\n\n\n<p class=\"has-text-align-center\">Nadajniki zasilane s\u0105 <strong>bateriami alkalicznymi<\/strong> 3xAAA.  <\/p>\n<\/div>\n\n\n\n<div class=\"wp-block-column is-layout-flow wp-block-column-is-layout-flow\">\n<p class=\"has-text-align-center has-medium-font-size\"><strong>Nadajniki przyciskowe<\/strong> <strong>z przyciskiem awaryjnego zatrzymania<\/strong><\/p>\n\n\n\n<div style=\"height:10px\" aria-hidden=\"true\" class=\"wp-block-spacer\"><\/div>\n\n\n<div class=\"wp-block-image\">\n<figure class=\"aligncenter size-full is-resized\"><img loading=\"lazy\" decoding=\"async\" src=\"https:\/\/www.tele-radio.com\/app\/uploads\/nadajniki_przyciskowe_teleradio_rolnictwo.png\" alt=\"Nadajniki przyciskowe Tele Radio z certyfikowan\u0105 funkcj\u0105 stop. \" class=\"wp-image-163234\" width=\"250\" height=\"250\" srcset=\"https:\/\/www.tele-radio.com\/app\/uploads\/nadajniki_przyciskowe_teleradio_rolnictwo.png 1080w, https:\/\/www.tele-radio.com\/app\/uploads\/nadajniki_przyciskowe_teleradio_rolnictwo-400x400.png 400w, https:\/\/www.tele-radio.com\/app\/uploads\/nadajniki_przyciskowe_teleradio_rolnictwo-150x150.png 150w, https:\/\/www.tele-radio.com\/app\/uploads\/nadajniki_przyciskowe_teleradio_rolnictwo-768x768.png 768w, https:\/\/www.tele-radio.com\/app\/uploads\/nadajniki_przyciskowe_teleradio_rolnictwo-250x250.png 250w, https:\/\/www.tele-radio.com\/app\/uploads\/nadajniki_przyciskowe_teleradio_rolnictwo-750x750.png 750w, https:\/\/www.tele-radio.com\/app\/uploads\/nadajniki_przyciskowe_teleradio_rolnictwo-500x500.png 500w, https:\/\/www.tele-radio.com\/app\/uploads\/nadajniki_przyciskowe_teleradio_rolnictwo-800x800.png 800w\" sizes=\"auto, (max-width: 250px) 100vw, 250px\" \/><\/figure><\/div>\n\n\n<div style=\"height:10px\" aria-hidden=\"true\" class=\"wp-block-spacer\"><\/div>\n\n\n\n<p class=\"has-text-align-center\">Nadajniki te posiadaj\u0105 <a href=\"https:\/\/www.tele-radio.com\/pl\/standardy-bezpieczenstwa-w-systemach-sterowania-tele-radio\/\">funkcj\u0119 awaryjnego zatrzymania<\/a> na poziomie bezpiecze\u0144stwa <strong>PLd<\/strong> (nadajnik <a href=\"https:\/\/www.tele-radio.com\/pl\/products\/panther\/panther-transmitter-8x2-step-buttons-pld-cat3\/\">PN-T19-2<\/a> i <a href=\"https:\/\/www.tele-radio.com\/pl\/products\/panther\/panther-transmitter-12x2-step-buttons-2-2\/\">PN-T29-12<\/a>) lub <strong>PLe, SIL3<\/strong> (nadajniki z serii <a href=\"https:\/\/www.tele-radio.com\/pl\/products\/tiger-g2\/\">Tiger G2<\/a>), co sprawia, \u017ce s\u0105 odpowiednie <strong>do pracy w warunkach wysokiego ryzyka<\/strong>. <\/p>\n\n\n\n<p class=\"has-text-align-center\">Pozwalaj\u0105 na sterowanie funkcjami z dwoma pr\u0119dko\u015bciami dzi\u0119ki dwustopniowym przyciskom lub na precyzyjne sterowanie przyciskami proporcjonalnymi (nadajniki <a href=\"https:\/\/www.tele-radio.com\/pl\/products\/tiger-g2\/tiger-g2-nadajnik-4x2-step-buttons-display-sil3-ple-2\/\">TG-T14-7<\/a>, <a href=\"https:\/\/www.tele-radio.com\/pl\/products\/tiger-g2\/tiger-g2-transmitter-4x2-step-buttons-display-sil3-ple-3\/\">TG-T15-7<\/a>). <\/p>\n\n\n\n<p class=\"has-text-align-center\">Nadajniki Tiger G2 pozwalaj\u0105 na <strong>uzyskiwanie informacji zwrotnej<\/strong> z obs\u0142ugiwanej maszyny (wy\u015bwietlacz, diody LED). <\/p>\n\n\n\n<p class=\"has-text-align-center\">    <\/p>\n<\/div>\n\n\n\n<div class=\"wp-block-column is-layout-flow wp-block-column-is-layout-flow\">\n<p class=\"has-text-align-center has-medium-font-size\"><strong>Nadajniki z joystickowe dla z\u0142o\u017conych rozwi\u0105za\u0144 sterowania<\/strong> <\/p>\n\n\n\n<div style=\"height:10px\" aria-hidden=\"true\" class=\"wp-block-spacer\"><\/div>\n\n\n<div class=\"wp-block-image\">\n<figure class=\"aligncenter size-full is-resized\"><img loading=\"lazy\" decoding=\"async\" src=\"https:\/\/www.tele-radio.com\/app\/uploads\/nadajnik_teleradio_primateq_paddles.png\" alt=\"Nadajnik joystickowy. Sterowanie urz\u0105dzeniami z hydraulik\u0105 si\u0142ow\u0105.\" class=\"wp-image-163258\" width=\"250\" height=\"250\" srcset=\"https:\/\/www.tele-radio.com\/app\/uploads\/nadajnik_teleradio_primateq_paddles.png 1080w, https:\/\/www.tele-radio.com\/app\/uploads\/nadajnik_teleradio_primateq_paddles-400x400.png 400w, https:\/\/www.tele-radio.com\/app\/uploads\/nadajnik_teleradio_primateq_paddles-150x150.png 150w, https:\/\/www.tele-radio.com\/app\/uploads\/nadajnik_teleradio_primateq_paddles-768x768.png 768w, https:\/\/www.tele-radio.com\/app\/uploads\/nadajnik_teleradio_primateq_paddles-250x250.png 250w, https:\/\/www.tele-radio.com\/app\/uploads\/nadajnik_teleradio_primateq_paddles-750x750.png 750w, https:\/\/www.tele-radio.com\/app\/uploads\/nadajnik_teleradio_primateq_paddles-500x500.png 500w, https:\/\/www.tele-radio.com\/app\/uploads\/nadajnik_teleradio_primateq_paddles-800x800.png 800w\" sizes=\"auto, (max-width: 250px) 100vw, 250px\" \/><\/figure><\/div>\n\n\n<div style=\"height:10px\" aria-hidden=\"true\" class=\"wp-block-spacer\"><\/div>\n\n\n\n<p class=\"has-text-align-center\">Seria Tele Radio <strong><a href=\"https:\/\/www.tele-radio.com\/pl\/nadajniki-joystickowe\/\">TEQ Line<\/a><\/strong> jest idealna do bardziej zaawansowanych zastosowa\u0144, m.in. do urz\u0105dze\u0144 wykorzystuj\u0105cych <strong>hydraulik\u0119 si\u0142ow\u0105<\/strong>. Dzi\u0119ki modu\u0142owej budowie system ten daje niemal nieograniczone mo\u017cliwo\u015bci dostosowania do okre\u015blonych potrzeb. Posiada certyfikat <strong>PLe<\/strong> dla funkcji stop. <\/p>\n\n\n\n<p class=\"has-text-align-center\">Umo\u017cliwia sterowanie proporcjonalne, PWM, cyfrowe i analogowe, ale tak\u017ce zdalne sterowanie ca\u0142ym pojazdem spoza kabiny (<strong><a href=\"https:\/\/www.tele-radio.com\/pl\/volvo-exster\/\">sterowanie podwoziem ci\u0119\u017car\u00f3wki z modu\u0142em Exster<\/a><\/strong>)<\/p>\n\n\n\n<p class=\"has-text-align-center\">Nadajniki z manipulatorami dost\u0119pne s\u0105 w trzech rozmiarach, z r\u00f3\u017cnymi elementami steruj\u0105cymi.<\/p>\n<\/div>\n<\/div>\n\n\n\n<div style=\"height:25px\" aria-hidden=\"true\" class=\"wp-block-spacer\"><\/div>\n\n\n\n<p class=\"has-medium-font-size\"><strong>Odbiorniki Tele Radio<\/strong><\/p>\n\n\n\n<p>Dob\u00f3r odpowiedniego odbiornika do nadajnika zdalnego sterowania jest niezwykle wa\u017cny. W ofercie Tele Radio mo\u017cna znale\u017a\u0107 wiele odbiornik\u00f3w, kt\u00f3re s\u0105 funkcjonalne i maj\u0105 mo\u017cliwo\u015b\u0107 rozbudowy o dodatkowe modu\u0142y. Dost\u0119pne s\u0105 r\u00f3wnie\u017c modele z cyfrowymi oraz analogowymi wej\u015bciami i wyj\u015bciami, a tak\u017ce modele z wy\u015bwietlaczem.<\/p>\n\n\n\n<p>Aby system sterowania radiowego dzia\u0142a\u0142 bez zastrze\u017ce\u0144, pomo\u017cemy w wyborze odpowiedniego odbiornika. Mo\u017cemy r\u00f3wnie\u017c dostosowa\u0107 urz\u0105dzenia zdalnego sterowania, tak aby by\u0142y odpowiednie dla komunikacji CANOpen, Modbus, J1939. <\/p>\n\n\n\n<div style=\"height:70px\" aria-hidden=\"true\" class=\"wp-block-spacer\"><\/div>\n\n\n\n<h3 class=\"wp-block-heading\">Sterowanie radiowe w trudnych warunkach<\/h3>\n\n\n\n<div class=\"wp-block-media-text alignwide has-media-on-the-right is-stacked-on-mobile is-image-fill has-background\" style=\"background-color:#ededed\"><div class=\"wp-block-media-text__content\">\n<p><\/p>\n\n\n\n<p>Systemy sterowania radiowego stosowane w rolnictwie i le\u015bnictwie musz\u0105 sprosta\u0107 wielu wymaganiom, takim jak m.in.\u00a0<strong>trudne warunki otoczenia<\/strong>. Mi\u0119dzy nadajnikiem a odbiornikiem cz\u0119sto wyst\u0119puj\u0105 naturalne przeszkody, np. drzewa i krzewy. Systemy Tele Radio radz\u0105 sobie z utrudnieniami i zapewniaj\u0105 doskona\u0142e po\u0142\u0105czenie na du\u017cych dystansach.<\/p>\n\n\n\n<p>Urz\u0105dzenia musz\u0105 si\u0119 r\u00f3wnie\u017c mierzy\u0107 z niesprzyjaj\u0105cymi warunkami atmosferycznymi, takimi jak deszcz, \u015bnieg, mg\u0142a oraz wysokie i niskie temperatury. Nadajniki i odbiorniki musz\u0105 by\u0107 odporne na b\u0142oto i kurz. Dla produkt\u00f3w Tele Radio nie stanowi to jednak problemu. S\u0105 <strong>lekkie, wytrzyma\u0142e i wodoodporne zgodnie z IP65 lub IP66. <\/strong><\/p>\n\n\n\n<p><\/p>\n<\/div><figure class=\"wp-block-media-text__media\" style=\"background-image:url(https:\/\/www.tele-radio.com\/app\/uploads\/nadajnik.jpg);background-position:50% 50%\"><img loading=\"lazy\" decoding=\"async\" width=\"797\" height=\"532\" src=\"https:\/\/www.tele-radio.com\/app\/uploads\/nadajnik.jpg\" alt=\"Sterowanie radiowe dla rolnictwa i le\u015bnictwa w ka\u017cdych warunkach pogodowych.\" class=\"wp-image-74951 size-full\" srcset=\"https:\/\/www.tele-radio.com\/app\/uploads\/nadajnik.jpg 797w, https:\/\/www.tele-radio.com\/app\/uploads\/nadajnik-400x267.jpg 400w, https:\/\/www.tele-radio.com\/app\/uploads\/nadajnik-768x513.jpg 768w, https:\/\/www.tele-radio.com\/app\/uploads\/nadajnik-750x501.jpg 750w, https:\/\/www.tele-radio.com\/app\/uploads\/nadajnik-500x334.jpg 500w\" sizes=\"auto, (max-width: 797px) 100vw, 797px\" \/><\/figure><\/div>\n\n\n\n<div style=\"height:100px\" aria-hidden=\"true\" class=\"wp-block-spacer\"><\/div>\n\n\n\n<h2 class=\"wp-block-heading\" id=\"pomoc\">S\u0142u\u017cymy pomoc\u0105 przy wyborze odpowiedniego sterowania radiowego Tele Radio<\/h2>\n\n\n\n<p>Je\u015bli nie masz pewno\u015bci, jaki typ nadajnika lub odbiornika jest najlepszy dla Twojego zastosowania oraz chcia\u0142by\u015b om\u00f3wi\u0107 rozwi\u0105zanie, kt\u00f3re najbardziej Ci odpowiada, <strong>zapraszamy do <a href=\"https:\/\/www.tele-radio.com\/pl\/kontakt\/\">kontaktu<\/a> mailowego lub telefonicznego. <\/strong> <\/p>\n\n\n\n<div style=\"height:90px\" aria-hidden=\"true\" class=\"wp-block-spacer\"><\/div>\n\n\n\n<div class=\"wp-block-columns is-layout-flex wp-container-core-columns-is-layout-9d6595d7 wp-block-columns-is-layout-flex\">\n<div class=\"wp-block-column is-layout-flow wp-block-column-is-layout-flow\"><div class=\"wp-block-image is-style-default\">\n<figure class=\"aligncenter size-full is-resized\"><img loading=\"lazy\" decoding=\"async\" src=\"https:\/\/www.tele-radio.com\/app\/uploads\/reparar-control-remoto-espana-teleradio-2.png\" alt=\"Tele control manufacturers\" class=\"wp-image-151175\" width=\"50\" height=\"50\"\/><\/figure><\/div>\n\n\n<p class=\"has-text-align-center\" style=\"font-size:22px\"><strong>Jeste\u015bmy producentem<\/strong><\/p>\n\n\n\n<p class=\"has-text-align-center\">Tele Radio to szwedzki producent sterowa\u0144 radiowych. <strong>Polska filia<\/strong> ma siedzib\u0119 w Kielcach.<\/p>\n<\/div>\n\n\n\n<div class=\"wp-block-column is-layout-flow wp-block-column-is-layout-flow\"><div class=\"wp-block-image\">\n<figure class=\"aligncenter size-full is-resized\"><img loading=\"lazy\" decoding=\"async\" src=\"https:\/\/www.tele-radio.com\/app\/uploads\/maps-and-flags.webp\" alt=\"\" class=\"wp-image-84266\" width=\"48\" height=\"48\"\/><\/figure><\/div>\n\n\n<p class=\"has-text-align-center\" style=\"font-size:22px\"><strong>Posiadamy<\/strong> <strong>w\u0142asny magazyn<\/strong><\/p>\n\n\n\n<p class=\"has-text-align-center\">Realizacja zam\u00f3wie\u0144 nawet w <strong>1-2 dni robocze<\/strong>. Urz\u0105dzenia z dwuletni\u0105 gwarancj\u0105.<\/p>\n<\/div>\n\n\n\n<div class=\"wp-block-column is-layout-flow wp-block-column-is-layout-flow\"><div class=\"wp-block-image\">\n<figure class=\"aligncenter size-thumbnail is-resized\"><img loading=\"lazy\" decoding=\"async\" src=\"https:\/\/www.tele-radio.com\/app\/uploads\/add-friend-150x150.png\" alt=\"\" class=\"wp-image-156207\" width=\"50\" height=\"50\" srcset=\"https:\/\/www.tele-radio.com\/app\/uploads\/add-friend-150x150.png 150w, https:\/\/www.tele-radio.com\/app\/uploads\/add-friend-400x400.png 400w, https:\/\/www.tele-radio.com\/app\/uploads\/add-friend-250x250.png 250w, https:\/\/www.tele-radio.com\/app\/uploads\/add-friend-500x500.png 500w, https:\/\/www.tele-radio.com\/app\/uploads\/add-friend.png 512w\" sizes=\"auto, (max-width: 50px) 100vw, 50px\" \/><\/figure><\/div>\n\n\n<p class=\"has-text-align-center\" style=\"font-size:22px\"><strong>Zapewniamy wsparcie lokalne<\/strong><\/p>\n\n\n\n<p class=\"has-text-align-center\">Pomoc techniczna i wsparcie. Wi\u0119kszo\u015b\u0107 napraw nawet w ci\u0105gu 24-48 h.<\/p>\n<\/div>\n<\/div>\n\n\n\n<div style=\"height:50px\" aria-hidden=\"true\" class=\"wp-block-spacer\"><\/div>\n\n\n\n<div class=\"wp-block-buttons is-content-justification-center is-layout-flex wp-container-core-buttons-is-layout-16018d1d wp-block-buttons-is-layout-flex\">\n<div class=\"wp-block-button\"><a class=\"wp-block-button__link has-black-color has-luminous-vivid-amber-background-color has-text-color has-background wp-element-button\" href=\"https:\/\/www.tele-radio.com\/pl\/kontakt\/\" style=\"border-radius:10px\"><strong>Kontakt<\/strong><\/a><\/div>\n<\/div>\n\n\n\n<div style=\"height:30px\" aria-hidden=\"true\" class=\"wp-block-spacer\"><\/div>\n\n\n<div class=\"wp-block-image\">\n<figure class=\"aligncenter size-medium\"><img loading=\"lazy\" decoding=\"async\" width=\"400\" height=\"205\" src=\"https:\/\/www.tele-radio.com\/app\/uploads\/Assortiment_2019_zonder_spiegeling_en_schaduw-removebg-400x205.png\" alt=\"Sterowanie radiowe Tele Radio.\" class=\"wp-image-141133\" srcset=\"https:\/\/www.tele-radio.com\/app\/uploads\/Assortiment_2019_zonder_spiegeling_en_schaduw-removebg-400x205.png 400w, https:\/\/www.tele-radio.com\/app\/uploads\/Assortiment_2019_zonder_spiegeling_en_schaduw-removebg-500x256.png 500w, https:\/\/www.tele-radio.com\/app\/uploads\/Assortiment_2019_zonder_spiegeling_en_schaduw-removebg.png 698w\" sizes=\"auto, (max-width: 400px) 100vw, 400px\" \/><\/figure><\/div>\n\n\n<div style=\"height:100px\" aria-hidden=\"true\" class=\"wp-block-spacer\"><\/div>\n","protected":false},"excerpt":{"rendered":"<p>ROLNICTWO Systemy sterowania radiowego Tele Radio do maszyn rolniczych Wyboru w\u0142a\u015bciwego sterowania radiowego do danego zastosowania najlepiej dokona\u0107 w porozumieniu z pracownikami Tele Radio. Dostarczamy r\u00f3\u017cne nadajniki o specyficznych cechach. Podczas dobierania systemu sterowania trzeba wzi\u0105\u0107 pod uwag\u0119 takie kwestie jak mi\u0119dzy innymi poziom bezpiecze\u0144stwa oraz wielko\u015b\u0107 i funkcjonalno\u015b\u0107 nadajnika sterowania radiowego. Ma\u0142e nadajniki przyciskowe [&hellip;]<\/p>\n","protected":false},"author":87,"featured_media":0,"parent":67465,"menu_order":0,"comment_status":"closed","ping_status":"closed","template":"","meta":{"_acf_changed":false,"footnotes":""},"class_list":["post-74620","page","type-page","status-publish","hentry"],"acf":[],"_links":{"self":[{"href":"https:\/\/www.tele-radio.com\/pl\/wp-json\/wp\/v2\/pages\/74620","targetHints":{"allow":["GET"]}}],"collection":[{"href":"https:\/\/www.tele-radio.com\/pl\/wp-json\/wp\/v2\/pages"}],"about":[{"href":"https:\/\/www.tele-radio.com\/pl\/wp-json\/wp\/v2\/types\/page"}],"author":[{"embeddable":true,"href":"https:\/\/www.tele-radio.com\/pl\/wp-json\/wp\/v2\/users\/87"}],"replies":[{"embeddable":true,"href":"https:\/\/www.tele-radio.com\/pl\/wp-json\/wp\/v2\/comments?post=74620"}],"version-history":[{"count":277,"href":"https:\/\/www.tele-radio.com\/pl\/wp-json\/wp\/v2\/pages\/74620\/revisions"}],"predecessor-version":[{"id":163651,"href":"https:\/\/www.tele-radio.com\/pl\/wp-json\/wp\/v2\/pages\/74620\/revisions\/163651"}],"up":[{"embeddable":true,"href":"https:\/\/www.tele-radio.com\/pl\/wp-json\/wp\/v2\/pages\/67465"}],"wp:attachment":[{"href":"https:\/\/www.tele-radio.com\/pl\/wp-json\/wp\/v2\/media?parent=74620"}],"curies":[{"name":"wp","href":"https:\/\/api.w.org\/{rel}","templated":true}]}}