{"id":72732,"date":"2021-07-26T11:01:12","date_gmt":"2021-07-26T11:01:12","guid":{"rendered":"https:\/\/www.tele-radio.com\/?page_id=72732"},"modified":"2023-09-22T10:56:32","modified_gmt":"2023-09-22T10:56:32","slug":"sterowanie-radiowe-pojazdy-specjalne-i-specjalizowane","status":"publish","type":"page","link":"https:\/\/www.tele-radio.com\/pl\/zastosowania\/sterowanie-radiowe-pojazdy-specjalne-i-specjalizowane\/","title":{"rendered":"Sterowanie radiowe do pojazd\u00f3w specjalnych i specjalizowanych"},"content":{"rendered":"\n<div style=\"height:30px\" aria-hidden=\"true\" class=\"wp-block-spacer\"><\/div>\n\n\n\n<h1 class=\"wp-block-heading has-text-align-center\">POJAZDY SPECJALNE<\/h1>\n\n\n\n<div style=\"height:70px\" aria-hidden=\"true\" class=\"wp-block-spacer\"><\/div>\n\n\n\n<div class=\"wp-block-media-text alignwide is-stacked-on-mobile is-image-fill\"><figure class=\"wp-block-media-text__media\" style=\"background-image:url(https:\/\/www.tele-radio.com\/app\/uploads\/FM_MI_TI_0039-1200x801.jpg);background-position:72% 93%\"><img loading=\"lazy\" decoding=\"async\" width=\"1200\" height=\"801\" src=\"https:\/\/www.tele-radio.com\/app\/uploads\/FM_MI_TI_0039-1200x801.jpg\" alt=\"\" class=\"wp-image-156869 size-full\" srcset=\"https:\/\/www.tele-radio.com\/app\/uploads\/FM_MI_TI_0039-1200x801.jpg 1200w, https:\/\/www.tele-radio.com\/app\/uploads\/FM_MI_TI_0039-400x267.jpg 400w, https:\/\/www.tele-radio.com\/app\/uploads\/FM_MI_TI_0039-768x513.jpg 768w, https:\/\/www.tele-radio.com\/app\/uploads\/FM_MI_TI_0039-1536x1025.jpg 1536w, https:\/\/www.tele-radio.com\/app\/uploads\/FM_MI_TI_0039-2048x1367.jpg 2048w, https:\/\/www.tele-radio.com\/app\/uploads\/FM_MI_TI_0039-750x501.jpg 750w, https:\/\/www.tele-radio.com\/app\/uploads\/FM_MI_TI_0039-500x334.jpg 500w, https:\/\/www.tele-radio.com\/app\/uploads\/FM_MI_TI_0039-1600x1068.jpg 1600w, https:\/\/www.tele-radio.com\/app\/uploads\/FM_MI_TI_0039-800x534.jpg 800w\" sizes=\"auto, (max-width: 1200px) 100vw, 1200px\" \/><\/figure><div class=\"wp-block-media-text__content\">\n<div style=\"height:10px\" aria-hidden=\"true\" class=\"wp-block-spacer\"><\/div>\n\n\n\n<h2 class=\"wp-block-heading\">Sterowanie radiowe dostosowane do pojazd\u00f3w specjalnych <\/h2>\n\n\n\n<p>Pojazdy specjalne i specjalizowane obecne s\u0105 w wielu bran\u017cach, a ich specyfika sprawia, \u017ce wymagaj\u0105 r\u00f3\u017cnych rozwi\u0105za\u0144 w zakresie bezpiecze\u0144stwa, jak mi\u0119dzy innymi bezprzewodowe sterowanie funkcjami osprz\u0119tu nadwozia lub nawet podwozia pojazdu. Takie rozwi\u0105zania zapewnia Tele Radio. <strong>Dostosowujemy nasze systemy sterowania radiowego do potrzeb ka\u017cdego klienta i traktujemy ka\u017cde zam\u00f3wienie w spos\u00f3b indywidualny, by zagwarantowa\u0107 ich najwy\u017csz\u0105 jako\u015b\u0107.<\/strong> <\/p>\n\n\n\n<p>Sterowanie sprz\u0119tem znajduj\u0105cym si\u0119 na nadwoziu odbywa si\u0119 w pojazdach najcz\u0119\u015bciej z kabiny kierowcy za pomoc\u0105 panelu operatorskiego lub joystick\u00f3w. Wykorzystanie sterowania radiowego u\u0142atwia kierowcom prac\u0119 wykonywan\u0105 cz\u0119sto w trudnych warunkach, takich jak nier\u00f3wny teren lub w\u0105ska przestrze\u0144. Operator za pomoc\u0105 nadajnika ma mo\u017cliwo\u015b\u0107 sterowania narz\u0119dziami zamontowanymi na nadwoziu z bezpiecznej odleg\u0142o\u015bci i maj\u0105c doskona\u0142y widok na miejsce pracy. Zostaje wyeliminowana potrzeba ci\u0105g\u0142ego wsiadania i wysiadania z kabiny lub konieczno\u015b\u0107 skorzystania z pomocy drugiej osoby. Sterowanie radiowe Tele Radio zwi\u0119ksza produktywno\u015b\u0107 i komfort pracy. A, co najwa\u017cniejsze, jest bezpieczne w codziennym u\u017cytkowaniu oraz gwarantuje bezpiecze\u0144stwo innym u\u017cytkownikom dr\u00f3g. <\/p>\n<\/div><\/div>\n\n\n\n<div style=\"height:60px\" aria-hidden=\"true\" class=\"wp-block-spacer\"><\/div>\n\n\n\n<div class=\"wp-block-buttons is-content-justification-center is-layout-flex wp-container-core-buttons-is-layout-16018d1d wp-block-buttons-is-layout-flex\">\n<div class=\"wp-block-button\"><a class=\"wp-block-button__link has-black-color has-luminous-vivid-amber-background-color has-text-color has-background wp-element-button\" href=\"#pomoc\" style=\"border-radius:10px\"><strong>Popro\u015b o kontakt<\/strong><\/a><\/div>\n<\/div>\n\n\n\n<div style=\"height:100px\" aria-hidden=\"true\" class=\"wp-block-spacer\"><\/div>\n\n\n\n<h2 class=\"wp-block-heading has-text-align-left\">Systemy sterowania radiowego Tele Radio do pojazd\u00f3w i urz\u0105dze\u0144 mobilnych<\/h2>\n\n\n\n<p>Wyboru w\u0142a\u015bciwego sterowania radiowego do danego zastosowania najlepiej dokona\u0107 w porozumieniu z pracownikami Tele Radio. Dostarczamy r\u00f3\u017cne nadajniki o specyficznych cechach. Podczas dobierania systemu sterowania trzeba wzi\u0105\u0107 pod uwag\u0119 takie kwestie jak mi\u0119dzy innymi poziom bezpiecze\u0144stwa oraz wielko\u015b\u0107 i funkcjonalno\u015b\u0107 nadajnika sterowania radiowego.  <\/p>\n\n\n\n<div style=\"height:20px\" aria-hidden=\"true\" class=\"wp-block-spacer\"><\/div>\n\n\n\n<div class=\"wp-block-columns has-background is-layout-flex wp-container-core-columns-is-layout-9d6595d7 wp-block-columns-is-layout-flex\" style=\"background-color:#eeeeee\">\n<div class=\"wp-block-column is-layout-flow wp-block-column-is-layout-flow\">\n<p class=\"has-text-align-center has-medium-font-size\"><strong>Ma\u0142e nadajniki przyciskowe do obs\u0142ugi prostych funkcji<\/strong><\/p>\n\n\n\n<div style=\"height:10px\" aria-hidden=\"true\" class=\"wp-block-spacer\"><\/div>\n\n\n<div class=\"wp-block-image\">\n<figure class=\"aligncenter size-full is-resized\"><img loading=\"lazy\" decoding=\"async\" src=\"https:\/\/www.tele-radio.com\/app\/uploads\/nadajniki_teleradio_t21_animacja.gif\" alt=\"nadajnik Tele Radio T21 do sterowania prostymi funkcjami pojazdu\" class=\"wp-image-157403\" width=\"250\" height=\"250\"\/><\/figure><\/div>\n\n\n<div style=\"height:10px\" aria-hidden=\"true\" class=\"wp-block-spacer\"><\/div>\n\n\n\n<p class=\"has-text-align-center\">Ma\u0142e, kompaktowe nadajniki idealnie sprawdzaj\u0105 si\u0119 do obs\u0142ugi urz\u0105dze\u0144 nieposiadaj\u0105cych wielu funkcji, np. sterowanie wci\u0105gark\u0105 i platform\u0105 w pojazdach pomocy drogowej, otwieranie\/zamykanie skrzyni \u0142adunkowej wywrotki, sterowanie pr\u0119dko\u015bci\u0105 obrot\u00f3w betonomieszarki itp.<\/p>\n\n\n\n<p class=\"has-text-align-center\">Nadajniki <strong><a href=\"https:\/\/www.tele-radio.com\/pl\/products\/panther\/panther-transmitter-6x1-step-buttons-4\/\">PN-T21<\/a><\/strong> dost\u0119pne s\u0105 z 3, 4, 6, 8 lub 10 przyciskami jednostopniowymi. Zasilane s\u0105 <strong>bateriami alkalicznymi<\/strong> 3xAAA.  <\/p>\n<\/div>\n\n\n\n<div class=\"wp-block-column is-layout-flow wp-block-column-is-layout-flow\">\n<p class=\"has-text-align-center has-medium-font-size\"><strong>Nadajniki przyciskowe<\/strong> <strong>z przyciskiem awaryjnego zatrzymania<\/strong><\/p>\n\n\n\n<div style=\"height:10px\" aria-hidden=\"true\" class=\"wp-block-spacer\"><\/div>\n\n\n<div class=\"wp-block-image\">\n<figure class=\"aligncenter size-full is-resized\"><img loading=\"lazy\" decoding=\"async\" src=\"https:\/\/www.tele-radio.com\/app\/uploads\/nadajniki_przyciskowe_teleradio_zastosowanie_pojazdy.png\" alt=\"nadajniki przyciskowe Tele Radio z przyciskiem awaryjnego zatrzymania\" class=\"wp-image-157427\" width=\"250\" height=\"250\" srcset=\"https:\/\/www.tele-radio.com\/app\/uploads\/nadajniki_przyciskowe_teleradio_zastosowanie_pojazdy.png 1080w, https:\/\/www.tele-radio.com\/app\/uploads\/nadajniki_przyciskowe_teleradio_zastosowanie_pojazdy-400x400.png 400w, https:\/\/www.tele-radio.com\/app\/uploads\/nadajniki_przyciskowe_teleradio_zastosowanie_pojazdy-150x150.png 150w, https:\/\/www.tele-radio.com\/app\/uploads\/nadajniki_przyciskowe_teleradio_zastosowanie_pojazdy-768x768.png 768w, https:\/\/www.tele-radio.com\/app\/uploads\/nadajniki_przyciskowe_teleradio_zastosowanie_pojazdy-250x250.png 250w, https:\/\/www.tele-radio.com\/app\/uploads\/nadajniki_przyciskowe_teleradio_zastosowanie_pojazdy-750x750.png 750w, https:\/\/www.tele-radio.com\/app\/uploads\/nadajniki_przyciskowe_teleradio_zastosowanie_pojazdy-500x500.png 500w, https:\/\/www.tele-radio.com\/app\/uploads\/nadajniki_przyciskowe_teleradio_zastosowanie_pojazdy-800x800.png 800w\" sizes=\"auto, (max-width: 250px) 100vw, 250px\" \/><\/figure><\/div>\n\n\n<div style=\"height:10px\" aria-hidden=\"true\" class=\"wp-block-spacer\"><\/div>\n\n\n\n<p class=\"has-text-align-center\">Nadajniki te posiadaj\u0105 <a href=\"https:\/\/www.tele-radio.com\/pl\/standardy-bezpieczenstwa-w-systemach-sterowania-tele-radio\/\">funkcj\u0119 awaryjnego zatrzymania<\/a> na poziomie bezpiecze\u0144stwa <strong>PLd<\/strong> (nadajnik <a href=\"https:\/\/www.tele-radio.com\/pl\/products\/panther\/panther-transmitter-8x2-step-buttons-pld-cat3\/\">PN-T19-2<\/a> i <a href=\"https:\/\/www.tele-radio.com\/pl\/products\/panther\/panther-transmitter-12x2-step-buttons-2-2\/\">PN-T29-12<\/a>) lub <strong>PLe, SIL3<\/strong> (nadajniki z serii <a href=\"https:\/\/www.tele-radio.com\/pl\/products\/tiger-g2\/\">Tiger G2<\/a>), co sprawia, \u017ce s\u0105 odpowiednie <strong>do pracy w warunkach wysokiego ryzyka<\/strong>. <\/p>\n\n\n\n<p class=\"has-text-align-center\">Pozwalaj\u0105 na sterowanie funkcjami z dwoma pr\u0119dko\u015bciami dzi\u0119ki dwustopniowym przyciskom lub na precyzyjne sterowanie przyciskami proporcjonalnymi (nadajniki <a href=\"https:\/\/www.tele-radio.com\/pl\/products\/tiger-g2\/tiger-g2-nadajnik-4x2-step-buttons-display-sil3-ple-2\/\">TG-T14-7<\/a>, <a href=\"https:\/\/www.tele-radio.com\/pl\/products\/tiger-g2\/tiger-g2-transmitter-4x2-step-buttons-display-sil3-ple-3\/\">TG-T15-7<\/a>). Zasilane s\u0105 <strong>akumulatorkami <\/strong>litowo-jonowymi. <\/p>\n\n\n\n<p class=\"has-text-align-center\">    <\/p>\n<\/div>\n\n\n\n<div class=\"wp-block-column is-layout-flow wp-block-column-is-layout-flow\">\n<p class=\"has-text-align-center has-medium-font-size\"><strong>Nadajniki joystickowe dla z\u0142o\u017conych rozwi\u0105za\u0144 sterowania<\/strong> <\/p>\n\n\n\n<div style=\"height:10px\" aria-hidden=\"true\" class=\"wp-block-spacer\"><\/div>\n\n\n<div class=\"wp-block-image\">\n<figure class=\"aligncenter size-full is-resized\"><img loading=\"lazy\" decoding=\"async\" src=\"https:\/\/www.tele-radio.com\/app\/uploads\/nadajnik_teleradio_teqline_exster.png\" alt=\"nadajnik joystickowy Tele Radio TEQLine do sterowania pojazdami\" class=\"wp-image-157451\" width=\"250\" height=\"250\" srcset=\"https:\/\/www.tele-radio.com\/app\/uploads\/nadajnik_teleradio_teqline_exster.png 1080w, https:\/\/www.tele-radio.com\/app\/uploads\/nadajnik_teleradio_teqline_exster-400x400.png 400w, https:\/\/www.tele-radio.com\/app\/uploads\/nadajnik_teleradio_teqline_exster-150x150.png 150w, https:\/\/www.tele-radio.com\/app\/uploads\/nadajnik_teleradio_teqline_exster-768x768.png 768w, https:\/\/www.tele-radio.com\/app\/uploads\/nadajnik_teleradio_teqline_exster-250x250.png 250w, https:\/\/www.tele-radio.com\/app\/uploads\/nadajnik_teleradio_teqline_exster-750x750.png 750w, https:\/\/www.tele-radio.com\/app\/uploads\/nadajnik_teleradio_teqline_exster-500x500.png 500w, https:\/\/www.tele-radio.com\/app\/uploads\/nadajnik_teleradio_teqline_exster-800x800.png 800w\" sizes=\"auto, (max-width: 250px) 100vw, 250px\" \/><\/figure><\/div>\n\n\n<div style=\"height:10px\" aria-hidden=\"true\" class=\"wp-block-spacer\"><\/div>\n\n\n\n<p class=\"has-text-align-center\">Seria Tele Radio <strong><a href=\"https:\/\/www.tele-radio.com\/pl\/nadajniki-joystickowe\/\">TEQ Line<\/a><\/strong> jest idealna do bardziej zaawansowanych zastosowa\u0144, m.in do urz\u0105dze\u0144 wykorzystuj\u0105cych <strong>hydraulik\u0119 si\u0142ow\u0105<\/strong>. Dzi\u0119ki modu\u0142owej budowie system ten daje niemal nieograniczone mo\u017cliwo\u015bci dostosowania do okre\u015blonych potrzeb. Posiadaj\u0105 niezale\u017cnie certyfikowan\u0105 funkcj\u0119 bezpiecze\u0144stwa. <\/p>\n\n\n\n<p class=\"has-text-align-center\">Nadajniki z manipulatorami wykorzystywane s\u0105 do <strong>sterowania funkcjami osprz\u0119tu<\/strong> nadwozia, ale umo\u017cliwiaj\u0105 r\u00f3wnie\u017c <a href=\"https:\/\/www.tele-radio.com\/pl\/volvo-exster\/\"><strong>sterowanie podwoziem pojazdu<\/strong> poza kabin\u0105 kierowcy<\/a>. Zasilane s\u0105 <strong>akumulatorkami<\/strong> litowo-jonowymi<\/p>\n<\/div>\n<\/div>\n\n\n\n<div style=\"height:25px\" aria-hidden=\"true\" class=\"wp-block-spacer\"><\/div>\n\n\n\n<p class=\"has-medium-font-size\"><strong>Odbiorniki Tele Radio<\/strong><\/p>\n\n\n\n<p>Dob\u00f3r odpowiedniego odbiornika do nadajnika zdalnego sterowania jest niezwykle wa\u017cny. W ofercie Tele Radio mo\u017cna znale\u017a\u0107 wiele odbiornik\u00f3w, kt\u00f3re s\u0105 funkcjonalne i maj\u0105 mo\u017cliwo\u015b\u0107 rozbudowy o dodatkowe modu\u0142y. Dost\u0119pne s\u0105 r\u00f3wnie\u017c modele z cyfrowymi oraz analogowymi wej\u015bciami i wyj\u015bciami, a tak\u017ce modele z wy\u015bwietlaczem.<\/p>\n\n\n\n<p>Aby system sterowania radiowego dzia\u0142a\u0142 bez zastrze\u017ce\u0144, pomo\u017cemy w wyborze odpowiedniego odbiornika. Mo\u017cemy r\u00f3wnie\u017c dostosowa\u0107 urz\u0105dzenia zdalnego sterowania, tak aby by\u0142y odpowiednie dla komunikacji CANOpen, Modbus, J1939. <\/p>\n\n\n\n<div style=\"height:100px\" aria-hidden=\"true\" class=\"wp-block-spacer\"><\/div>\n\n\n\n<div class=\"wp-block-cover is-light\"><span aria-hidden=\"true\" class=\"wp-block-cover__background has-background-dim-40 has-background-dim\"><\/span><img decoding=\"async\" class=\"wp-block-cover__image-background wp-image-101414\" alt=\"\" src=\"https:\/\/www.tele-radio.com\/app\/uploads\/FH_MV_TI_0082-scaled.jpg\" data-object-fit=\"cover\"\/><div class=\"wp-block-cover__inner-container is-layout-flow wp-block-cover-is-layout-flow\">\n<p class=\"has-text-align-center has-white-color has-text-color has-large-font-size\">Przyk\u0142adowe realizacje<\/p>\n<\/div><\/div>\n\n\n\n<div style=\"height:50px\" aria-hidden=\"true\" class=\"wp-block-spacer\"><\/div>\n\n\n\n<p class=\"has-medium-font-size\">W ka\u017cdym z pojazd\u00f3w specjalnych i specjalizowanych istnieje mo\u017cliwo\u015b\u0107 poprawy wydajno\u015bci i zapewnienia jeszcze wi\u0119kszego bezpiecze\u0144stwa dzi\u0119ki sterowaniu radiowemu Tele Radio. Tymi pojazdami mog\u0105 by\u0107 przyk\u0142adowo: <br><br>pojazdy <strong>pomocy drogowej<\/strong> i technicznej  \u2022  pojazdy utrzymania dr\u00f3g (piaskarki, p\u0142ugi \u015bnie\u017cne, zamiatarki)  \u2022  <strong>\u017curawie samochodowe<\/strong>, d\u017awigi  \u2022  pojazdy <strong>do przewozu<\/strong> <strong>os\u00f3b niepe\u0142nosprawnych<\/strong>  \u2022 cementowozy, betonomieszarki  \u2022  pojazdy <strong>samowy\u0142adowcze<\/strong>  \u2022  pojazdy do przewozu zwierz\u0105t  \u2022  pojazdy wojskowe, <strong>wozy stra\u017cackie<\/strong> \u2022  inne<br><br>Poni\u017cej przedstawiamy nasze przyk\u0142adowe realizacje.<\/p>\n\n\n\n<div style=\"height:30px\" aria-hidden=\"true\" class=\"wp-block-spacer\"><\/div>\n\n\n\n<div class=\"wp-block-columns are-vertically-aligned-bottom has-background is-layout-flex wp-container-core-columns-is-layout-9d6595d7 wp-block-columns-is-layout-flex\" style=\"background-color:#eeeeeeed\">\n<div class=\"wp-block-column is-vertically-aligned-bottom has-background is-layout-flow wp-block-column-is-layout-flow\" style=\"background-color:#eeeeeeed\">\n<p class=\"has-text-align-center\">Sterowanie radiowe do pojazdu samowy\u0142adowczego &#8211; kontrola prostych funkcji <\/p>\n\n\n<div class=\"wp-block-image\">\n<figure class=\"aligncenter size-full\"><img loading=\"lazy\" decoding=\"async\" width=\"700\" height=\"467\" src=\"https:\/\/www.tele-radio.com\/app\/uploads\/control-remoto-camion-volquete-personalizado.jpg\" alt=\"Sterowanie radiowe Tele Radio do wywrotki\" class=\"wp-image-63902\" srcset=\"https:\/\/www.tele-radio.com\/app\/uploads\/control-remoto-camion-volquete-personalizado.jpg 700w, https:\/\/www.tele-radio.com\/app\/uploads\/control-remoto-camion-volquete-personalizado-400x267.jpg 400w, https:\/\/www.tele-radio.com\/app\/uploads\/control-remoto-camion-volquete-personalizado-500x334.jpg 500w\" sizes=\"auto, (max-width: 700px) 100vw, 700px\" \/><\/figure><\/div>\n\n\n<div style=\"height:10px\" aria-hidden=\"true\" class=\"wp-block-spacer\"><\/div>\n\n\n\n<figure class=\"wp-block-video\"><video controls src=\"https:\/\/www.tele-radio.com\/app\/uploads\/Control-remoto-volquetes-camion-basculante-teleradio-min.mp4\"><\/video><\/figure>\n\n\n\n<div style=\"height:30px\" aria-hidden=\"true\" class=\"wp-block-spacer\"><\/div>\n<\/div>\n\n\n\n<div class=\"wp-block-column is-vertically-aligned-bottom has-background is-layout-flow wp-block-column-is-layout-flow\" style=\"background-color:#eeeeeeed\">\n<p class=\"has-text-align-center\">Sterowanie radiowe do naczepy &#8211; zaawansowany nadajnik przyciskowy <\/p>\n\n\n<div class=\"wp-block-image\">\n<figure class=\"aligncenter size-full\"><img loading=\"lazy\" decoding=\"async\" width=\"700\" height=\"467\" src=\"https:\/\/www.tele-radio.com\/app\/uploads\/sterowanie_dla_pavelli.png\" alt=\"Sterowanie radiowe Tele Radio do naczepy\" class=\"wp-image-156684\" srcset=\"https:\/\/www.tele-radio.com\/app\/uploads\/sterowanie_dla_pavelli.png 700w, https:\/\/www.tele-radio.com\/app\/uploads\/sterowanie_dla_pavelli-400x267.png 400w, https:\/\/www.tele-radio.com\/app\/uploads\/sterowanie_dla_pavelli-500x334.png 500w\" sizes=\"auto, (max-width: 700px) 100vw, 700px\" \/><\/figure><\/div>\n\n\n<div style=\"height:10px\" aria-hidden=\"true\" class=\"wp-block-spacer\"><\/div>\n\n\n\n<figure class=\"wp-block-video\"><video controls src=\"https:\/\/www.tele-radio.com\/app\/uploads\/sterowanie_dla_pavelli.mp4\"><\/video><\/figure>\n\n\n\n<div style=\"height:30px\" aria-hidden=\"true\" class=\"wp-block-spacer\"><\/div>\n<\/div>\n\n\n\n<div class=\"wp-block-column is-vertically-aligned-bottom has-background is-layout-flow wp-block-column-is-layout-flow\" style=\"background-color:#eeeeeeed\">\n<p class=\"has-text-align-center\">Sterowanie do holownika ci\u0119\u017ckiego &#8211; kontrola nadwozia i podwozia spoza kabiny <\/p>\n\n\n<div class=\"wp-block-image\">\n<figure class=\"aligncenter size-full\"><img loading=\"lazy\" decoding=\"async\" width=\"700\" height=\"467\" src=\"https:\/\/www.tele-radio.com\/app\/uploads\/IMG_1331.jpg\" alt=\"Sterowanie radiowe Tele Radio do holownika ci\u0119\u017ckiego\" class=\"wp-image-156732\" srcset=\"https:\/\/www.tele-radio.com\/app\/uploads\/IMG_1331.jpg 700w, https:\/\/www.tele-radio.com\/app\/uploads\/IMG_1331-400x267.jpg 400w, https:\/\/www.tele-radio.com\/app\/uploads\/IMG_1331-500x334.jpg 500w\" sizes=\"auto, (max-width: 700px) 100vw, 700px\" \/><\/figure><\/div>\n\n\n<div style=\"height:10px\" aria-hidden=\"true\" class=\"wp-block-spacer\"><\/div>\n\n\n\n<figure class=\"wp-block-video\"><video controls src=\"https:\/\/www.tele-radio.com\/app\/uploads\/sterowanie_holownik.mp4\"><\/video><\/figure>\n\n\n\n<div style=\"height:30px\" aria-hidden=\"true\" class=\"wp-block-spacer\"><\/div>\n<\/div>\n<\/div>\n\n\n\n<div style=\"height:90px\" aria-hidden=\"true\" class=\"wp-block-spacer\"><\/div>\n\n\n\n<h2 class=\"wp-block-heading\" id=\"pomoc\">S\u0142u\u017cymy pomoc\u0105 przy wyborze odpowiedniego sterowania radiowego Tele Radio<\/h2>\n\n\n\n<p>Je\u015bli nie masz pewno\u015bci, jaki typ nadajnika lub odbiornika jest najlepszy dla Twojego zastosowania oraz chcia\u0142by\u015b om\u00f3wi\u0107 rozwi\u0105zanie, kt\u00f3re najbardziej Ci odpowiada, <strong>zapraszamy do <a href=\"https:\/\/www.tele-radio.com\/pl\/kontakt\/\">kontaktu<\/a> mailowego lub telefonicznego. <\/strong> <\/p>\n\n\n\n<div style=\"height:51px\" aria-hidden=\"true\" class=\"wp-block-spacer\"><\/div>\n\n\n\n<div class=\"wp-block-columns is-layout-flex wp-container-core-columns-is-layout-9d6595d7 wp-block-columns-is-layout-flex\">\n<div class=\"wp-block-column is-layout-flow wp-block-column-is-layout-flow\"><div class=\"wp-block-image is-style-default\">\n<figure class=\"aligncenter size-full is-resized\"><img loading=\"lazy\" decoding=\"async\" src=\"https:\/\/www.tele-radio.com\/app\/uploads\/reparar-control-remoto-espana-teleradio-2.png\" alt=\"Tele control manufacturers\" class=\"wp-image-151175\" width=\"50\" height=\"50\"\/><\/figure><\/div>\n\n\n<p class=\"has-text-align-center\" style=\"font-size:22px\"><strong>Jeste\u015bmy producentem<\/strong><\/p>\n\n\n\n<p class=\"has-text-align-center\">Tele Radio to szwedzki producent sterowa\u0144 radiowych. <strong>Polska filia<\/strong> ma siedzib\u0119 w Kielcach.<\/p>\n<\/div>\n\n\n\n<div class=\"wp-block-column is-layout-flow wp-block-column-is-layout-flow\"><div class=\"wp-block-image\">\n<figure class=\"aligncenter size-full is-resized\"><img loading=\"lazy\" decoding=\"async\" src=\"https:\/\/www.tele-radio.com\/app\/uploads\/maps-and-flags.webp\" alt=\"\" class=\"wp-image-84266\" width=\"48\" height=\"48\"\/><\/figure><\/div>\n\n\n<p class=\"has-text-align-center\" style=\"font-size:22px\"><strong>Posiadamy<\/strong> <strong>w\u0142asny magazyn<\/strong><\/p>\n\n\n\n<p class=\"has-text-align-center\">Realizacja zam\u00f3wie\u0144 nawet w <strong>1-2 dni robocze<\/strong>. Urz\u0105dzenia z dwuletni\u0105 gwarancj\u0105.<\/p>\n<\/div>\n\n\n\n<div class=\"wp-block-column is-layout-flow wp-block-column-is-layout-flow\"><div class=\"wp-block-image\">\n<figure class=\"aligncenter size-thumbnail is-resized\"><img loading=\"lazy\" decoding=\"async\" src=\"https:\/\/www.tele-radio.com\/app\/uploads\/add-friend-150x150.png\" alt=\"\" class=\"wp-image-156207\" width=\"50\" height=\"50\" srcset=\"https:\/\/www.tele-radio.com\/app\/uploads\/add-friend-150x150.png 150w, https:\/\/www.tele-radio.com\/app\/uploads\/add-friend-400x400.png 400w, https:\/\/www.tele-radio.com\/app\/uploads\/add-friend-250x250.png 250w, https:\/\/www.tele-radio.com\/app\/uploads\/add-friend-500x500.png 500w, https:\/\/www.tele-radio.com\/app\/uploads\/add-friend.png 512w\" sizes=\"auto, (max-width: 50px) 100vw, 50px\" \/><\/figure><\/div>\n\n\n<p class=\"has-text-align-center\" style=\"font-size:22px\"><strong>Zapewniamy wsparcie lokalne<\/strong><\/p>\n\n\n\n<p class=\"has-text-align-center\">Pomoc techniczna i wsparcie. Wi\u0119kszo\u015b\u0107 napraw nawet w ci\u0105gu 24-48 h.<\/p>\n<\/div>\n<\/div>\n\n\n\n<div style=\"height:50px\" aria-hidden=\"true\" class=\"wp-block-spacer\"><\/div>\n\n\n\n<div class=\"wp-block-buttons is-content-justification-center is-layout-flex wp-container-core-buttons-is-layout-16018d1d wp-block-buttons-is-layout-flex\">\n<div class=\"wp-block-button\"><a class=\"wp-block-button__link has-black-color has-luminous-vivid-amber-background-color has-text-color has-background wp-element-button\" href=\"https:\/\/www.tele-radio.com\/pl\/kontakt\/\" style=\"border-radius:10px\"><strong>Kontakt<\/strong><\/a><\/div>\n<\/div>\n\n\n\n<div style=\"height:70px\" aria-hidden=\"true\" class=\"wp-block-spacer\"><\/div>\n\n\n<div class=\"wp-block-image\">\n<figure class=\"aligncenter size-medium\"><img loading=\"lazy\" decoding=\"async\" width=\"400\" height=\"205\" src=\"https:\/\/www.tele-radio.com\/app\/uploads\/Assortiment_2019_zonder_spiegeling_en_schaduw-removebg-400x205.png\" alt=\"\" class=\"wp-image-141133\" srcset=\"https:\/\/www.tele-radio.com\/app\/uploads\/Assortiment_2019_zonder_spiegeling_en_schaduw-removebg-400x205.png 400w, https:\/\/www.tele-radio.com\/app\/uploads\/Assortiment_2019_zonder_spiegeling_en_schaduw-removebg-500x256.png 500w, https:\/\/www.tele-radio.com\/app\/uploads\/Assortiment_2019_zonder_spiegeling_en_schaduw-removebg.png 698w\" sizes=\"auto, (max-width: 400px) 100vw, 400px\" \/><\/figure><\/div>\n\n\n<div style=\"height:100px\" aria-hidden=\"true\" class=\"wp-block-spacer\"><\/div>\n","protected":false},"excerpt":{"rendered":"<p>POJAZDY SPECJALNE Systemy sterowania radiowego Tele Radio do pojazd\u00f3w i urz\u0105dze\u0144 mobilnych Wyboru w\u0142a\u015bciwego sterowania radiowego do danego zastosowania najlepiej dokona\u0107 w porozumieniu z pracownikami Tele Radio. Dostarczamy r\u00f3\u017cne nadajniki o specyficznych cechach. Podczas dobierania systemu sterowania trzeba wzi\u0105\u0107 pod uwag\u0119 takie kwestie jak mi\u0119dzy innymi poziom bezpiecze\u0144stwa oraz wielko\u015b\u0107 i funkcjonalno\u015b\u0107 nadajnika sterowania radiowego. [&hellip;]<\/p>\n","protected":false},"author":87,"featured_media":0,"parent":67465,"menu_order":0,"comment_status":"closed","ping_status":"closed","template":"","meta":{"_acf_changed":false,"footnotes":""},"class_list":["post-72732","page","type-page","status-publish","hentry"],"acf":[],"_links":{"self":[{"href":"https:\/\/www.tele-radio.com\/pl\/wp-json\/wp\/v2\/pages\/72732","targetHints":{"allow":["GET"]}}],"collection":[{"href":"https:\/\/www.tele-radio.com\/pl\/wp-json\/wp\/v2\/pages"}],"about":[{"href":"https:\/\/www.tele-radio.com\/pl\/wp-json\/wp\/v2\/types\/page"}],"author":[{"embeddable":true,"href":"https:\/\/www.tele-radio.com\/pl\/wp-json\/wp\/v2\/users\/87"}],"replies":[{"embeddable":true,"href":"https:\/\/www.tele-radio.com\/pl\/wp-json\/wp\/v2\/comments?post=72732"}],"version-history":[{"count":150,"href":"https:\/\/www.tele-radio.com\/pl\/wp-json\/wp\/v2\/pages\/72732\/revisions"}],"predecessor-version":[{"id":164354,"href":"https:\/\/www.tele-radio.com\/pl\/wp-json\/wp\/v2\/pages\/72732\/revisions\/164354"}],"up":[{"embeddable":true,"href":"https:\/\/www.tele-radio.com\/pl\/wp-json\/wp\/v2\/pages\/67465"}],"wp:attachment":[{"href":"https:\/\/www.tele-radio.com\/pl\/wp-json\/wp\/v2\/media?parent=72732"}],"curies":[{"name":"wp","href":"https:\/\/api.w.org\/{rel}","templated":true}]}}