{"id":7004,"date":"2018-05-04T14:47:12","date_gmt":"2018-05-04T14:47:12","guid":{"rendered":"https:\/\/www.tele-radio.com\/support\/"},"modified":"2025-10-10T09:04:17","modified_gmt":"2025-10-10T09:04:17","slug":"wsparcie-techniczne-2","status":"publish","type":"page","link":"https:\/\/www.tele-radio.com\/pl\/wsparcie-techniczne-2\/","title":{"rendered":"Wsparcie techniczne"},"content":{"rendered":"\n<p>W przypadku pyta\u0144 lub w\u0105tpliwo\u015bci dotycz\u0105cych produkt\u00f3w Tele Radio, zam\u00f3wie\u0144 i dostaw prosimy o kontakt z oddzia\u0142em Tele Radio w Kielcach. Wszystkie dane kontaktowe znajduj\u0105 si\u0119 <a href=\"https:\/\/www.tele-radio.com\/pl\/kontakt\/\">tutaj<\/a>.<\/p>\n\n\n\n<p>Zapraszamy r\u00f3wnie\u017c na nasz <a href=\"https:\/\/www.youtube.com\/channel\/UC-qsxgQWLHU0c_o2XFBD28Q\">kana\u0142 YouTube<\/a>, gdzie mo\u017cna znale\u017a\u0107 samouczki wideo i filmy obja\u015bniaj\u0105ce jak skonfigurowa\u0107 nasze systemy.<\/p>\n\n\n\n<meta http-equiv=\"refresh\" content=\"0; url=https:\/\/pomoc.tele-radio.pl\">\n<p>If you are not redirected automatically, <a href=\"https:\/\/pomoc.tele-radio.pl\">click here<\/a>.\n\n\n\n<div style=\"height:55px\" aria-hidden=\"true\" class=\"wp-block-spacer\"><\/div>\n\n\n\n<div class=\"wp-block-columns is-layout-flex wp-container-core-columns-is-layout-9d6595d7 wp-block-columns-is-layout-flex\">\n<div class=\"wp-block-column has-background is-layout-flow wp-block-column-is-layout-flow\" style=\"background-color:#fafafa\">\n<div style=\"height:10px\" aria-hidden=\"true\" class=\"wp-block-spacer\"><\/div>\n\n\n<div class=\"wp-block-image\">\n<figure class=\"aligncenter size-full is-resized\"><img loading=\"lazy\" decoding=\"async\" width=\"98\" height=\"99\" src=\"https:\/\/www.tele-radio.com\/app\/uploads\/informacje-karta-informacji-bezpieczen\u0301stwa.png\" alt=\"\" class=\"wp-image-93437\" style=\"width:49px;height:50px\"\/><\/figure><\/div>\n\n\n<div style=\"height:5px\" aria-hidden=\"true\" class=\"wp-block-spacer\"><\/div>\n\n\n\n<h2 class=\"wp-block-heading has-text-align-center has-black-color has-text-color\">Formularz reklamacyjny<\/h2>\n\n\n\n<p class=\"has-text-align-center has-black-color has-text-color has-normal-font-size\">Wype\u0142nij i wy\u015blij formularz reklamacyjny.<\/p>\n\n\n\n<div style=\"height:28px\" aria-hidden=\"true\" class=\"wp-block-spacer\"><\/div>\n\n\n\n<h4 class=\"wp-block-heading has-text-align-center has-luminous-vivid-amber-color has-black-background-color has-text-color has-background\"><a href=\"https:\/\/www.tele-radio.com\/pl\/formularz-reklamacyjny\/\">Wype\u0142nij formularz<\/a><\/h4>\n<\/div>\n\n\n\n<div class=\"wp-block-column has-background is-layout-flow wp-block-column-is-layout-flow\" style=\"background-color:#fafafa\">\n<div style=\"height:10px\" aria-hidden=\"true\" class=\"wp-block-spacer\"><\/div>\n\n\n<div class=\"wp-block-image\">\n<figure class=\"aligncenter size-full is-resized\"><img loading=\"lazy\" decoding=\"async\" width=\"98\" height=\"99\" src=\"https:\/\/www.tele-radio.com\/app\/uploads\/pomoc-techniczna.png\" alt=\"\" class=\"wp-image-93485\" style=\"width:49px;height:50px\"\/><\/figure><\/div>\n\n\n<div style=\"height:5px\" aria-hidden=\"true\" class=\"wp-block-spacer\"><\/div>\n\n\n\n<h2 class=\"wp-block-heading has-text-align-center has-black-color has-text-color\">Pomoc techniczna &amp; pliki do pobrania<\/h2>\n\n\n\n<p class=\"has-text-align-center has-normal-font-size\">Przewodniki, instrukcje, certyfikaty i informacje og\u00f3lne.<br>Je\u015bli wymagana jest dalsza pomoc, istnieje mo\u017cliwo\u015b\u0107 wsparcia online.<\/p>\n\n\n\n<p class=\"has-text-align-center has-normal-font-size\"><\/p>\n\n\n\n<h4 class=\"wp-block-heading has-text-align-center has-luminous-vivid-amber-color has-black-background-color has-text-color has-background\"><a href=\"https:\/\/pomoc.tele-radio.pl\/portal\/pl\/home\">Odwied\u017a nasze centrum pomocy technicznej<\/a><\/h4>\n<\/div>\n<\/div>\n\n\n\n<div style=\"height:100px\" aria-hidden=\"true\" class=\"wp-block-spacer\"><\/div>\n\n\n\n<p><\/p>\n","protected":false},"excerpt":{"rendered":"<p>W przypadku pyta\u0144 lub w\u0105tpliwo\u015bci dotycz\u0105cych produkt\u00f3w Tele Radio, zam\u00f3wie\u0144 i dostaw prosimy o kontakt z oddzia\u0142em Tele Radio w Kielcach. Wszystkie dane kontaktowe znajduj\u0105 si\u0119 tutaj. Zapraszamy r\u00f3wnie\u017c na nasz kana\u0142 YouTube, gdzie mo\u017cna znale\u017a\u0107 samouczki wideo i filmy obja\u015bniaj\u0105ce jak skonfigurowa\u0107 nasze systemy. If you are not redirected automatically, click here. Formularz reklamacyjny [&hellip;]<\/p>\n","protected":false},"author":1,"featured_media":48512,"parent":0,"menu_order":0,"comment_status":"closed","ping_status":"closed","template":"","meta":{"_acf_changed":false,"footnotes":""},"class_list":["post-7004","page","type-page","status-publish","has-post-thumbnail","hentry"],"acf":[],"_links":{"self":[{"href":"https:\/\/www.tele-radio.com\/pl\/wp-json\/wp\/v2\/pages\/7004","targetHints":{"allow":["GET"]}}],"collection":[{"href":"https:\/\/www.tele-radio.com\/pl\/wp-json\/wp\/v2\/pages"}],"about":[{"href":"https:\/\/www.tele-radio.com\/pl\/wp-json\/wp\/v2\/types\/page"}],"author":[{"embeddable":true,"href":"https:\/\/www.tele-radio.com\/pl\/wp-json\/wp\/v2\/users\/1"}],"replies":[{"embeddable":true,"href":"https:\/\/www.tele-radio.com\/pl\/wp-json\/wp\/v2\/comments?post=7004"}],"version-history":[{"count":106,"href":"https:\/\/www.tele-radio.com\/pl\/wp-json\/wp\/v2\/pages\/7004\/revisions"}],"predecessor-version":[{"id":270176,"href":"https:\/\/www.tele-radio.com\/pl\/wp-json\/wp\/v2\/pages\/7004\/revisions\/270176"}],"wp:featuredmedia":[{"embeddable":true,"href":"https:\/\/www.tele-radio.com\/pl\/wp-json\/wp\/v2\/media\/48512"}],"wp:attachment":[{"href":"https:\/\/www.tele-radio.com\/pl\/wp-json\/wp\/v2\/media?parent=7004"}],"curies":[{"name":"wp","href":"https:\/\/api.w.org\/{rel}","templated":true}]}}