{"id":6964,"date":"2018-05-04T14:35:06","date_gmt":"2018-05-04T14:35:06","guid":{"rendered":"https:\/\/www.tele-radio.com\/start\/"},"modified":"2026-03-24T14:07:09","modified_gmt":"2026-03-24T14:07:09","slug":"sterowanie-radiowe-2","status":"publish","type":"page","link":"https:\/\/www.tele-radio.com\/pl\/","title":{"rendered":"Sterowania Radiowe Tele Radio"},"content":{"rendered":"\n<h1 class=\"wp-block-heading has-text-align-center has-huge-font-size\">Posiadamy najwi\u0119kszy na rynku wyb\u00f3r nadajnik\u00f3w!<\/h1>\n\n\n\n<div style=\"height:15px\" aria-hidden=\"true\" class=\"wp-block-spacer\"><\/div>\n\n\n\n<figure class=\"wp-block-image size-large\"><img loading=\"lazy\" decoding=\"async\" width=\"1200\" height=\"245\" src=\"https:\/\/www.tele-radio.com\/app\/uploads\/\/remote-contorl-range-banner-1200x245.jpg\" alt=\"Nadajniki sterowania radiowego Tele Radio\" class=\"wp-image-28420\" srcset=\"https:\/\/www.tele-radio.com\/app\/uploads\/remote-contorl-range-banner-1200x245.jpg 1200w, https:\/\/www.tele-radio.com\/app\/uploads\/remote-contorl-range-banner-400x82.jpg 400w, https:\/\/www.tele-radio.com\/app\/uploads\/remote-contorl-range-banner-768x157.jpg 768w, https:\/\/www.tele-radio.com\/app\/uploads\/remote-contorl-range-banner-750x153.jpg 750w, https:\/\/www.tele-radio.com\/app\/uploads\/remote-contorl-range-banner-500x102.jpg 500w, https:\/\/www.tele-radio.com\/app\/uploads\/remote-contorl-range-banner.jpg 1600w, https:\/\/www.tele-radio.com\/app\/uploads\/remote-contorl-range-banner-800x164.jpg 800w\" sizes=\"auto, (max-width: 1200px) 100vw, 1200px\" \/><\/figure>\n\n\n\n<p class=\"has-text-align-center has-medium-font-size\">Jeste\u015bmy firm\u0105 zorientowan\u0105 na rozwi\u0105zania, oferuj\u0105c\u0105 najlepsz\u0105 obs\u0142ug\u0119 i wsparcie<br><a href=\"https:\/\/www.tele-radio.com\/pl\/products\/\">Sprawd\u017a ca\u0142\u0105 nasz\u0105 ofert\u0119!<\/a><\/p>\n\n\n\n<p><\/p>\n\n\n\n<h2 class=\"wp-block-heading\">Bezpieczne sterowanie radiowe<\/h2>\n\n\n\n<p>Tele Radio to eksperci w dziedzinie <strong>bezpiecznego zdalnego sterowania radiowego<\/strong>. Nasze rozwi\u0105zania obejmuj\u0105 mi\u0119dzy innymi: sterowanie do suwnic, sterowanie hds\u2019ami, sterowanie urz\u0105dzeniami d\u017awigowymi, sterowanie holownikami, sterowanie do pojazd\u00f3w specjalnych. Oferujemy r\u00f3wnie\u017c systemy sterowania radiowego dla hydrauliki si\u0142owej.<\/p>\n\n\n\n<p><\/p>\n\n\n\n<figure class=\"wp-block-image size-large\"><img loading=\"lazy\" decoding=\"async\" width=\"1200\" height=\"233\" src=\"https:\/\/www.tele-radio.com\/app\/uploads\/\/Web_image_1600_x310_px-1-1200x233.jpg\" alt=\"Bezpieczne systemy zdalnego sterowania radiowego do r\u00f3\u017cnych zastosowa\u0144\" class=\"wp-image-27244\" srcset=\"https:\/\/www.tele-radio.com\/app\/uploads\/Web_image_1600_x310_px-1-1200x233.jpg 1200w, https:\/\/www.tele-radio.com\/app\/uploads\/Web_image_1600_x310_px-1-400x78.jpg 400w, https:\/\/www.tele-radio.com\/app\/uploads\/Web_image_1600_x310_px-1-768x149.jpg 768w, https:\/\/www.tele-radio.com\/app\/uploads\/Web_image_1600_x310_px-1-750x145.jpg 750w, https:\/\/www.tele-radio.com\/app\/uploads\/Web_image_1600_x310_px-1-500x97.jpg 500w, https:\/\/www.tele-radio.com\/app\/uploads\/Web_image_1600_x310_px-1-1600x310.jpg 1600w, https:\/\/www.tele-radio.com\/app\/uploads\/Web_image_1600_x310_px-1-800x155.jpg 800w\" sizes=\"auto, (max-width: 1200px) 100vw, 1200px\" \/><\/figure>\n\n\n\n<p><\/p>\n\n\n\n<h2 class=\"wp-block-heading\">Prowadzimy w\u0142asne prace badawczo-rozwojowe<\/h2>\n\n\n\n<p><meta charset=\"utf-8\">Prowadzimy w\u0142asne badania, by m\u00f3c si\u0119 rozwija\u0107. Dzi\u0119ki ponad sze\u015b\u0107dziesi\u0119cioletniemu do\u015bwiadczeniu posiadamy solidn\u0105 wiedz\u0119 i do\u015bwiadczenie w zakresie <strong>system\u00f3w sterowania radiowego<\/strong>. Nasz\u0105 misj\u0105 jest dostarczanie kompleksowych rozwi\u0105za\u0144 produktowych, technologii i us\u0142ug w dziedzinie bezprzewodowego sterowania urz\u0105dzeniami oraz komunikacji maszynowej, gdzie niezawodno\u015b\u0107 i zapewnienie bezpiecze\u0144stwa s\u0105 kluczowe. Osi\u0105gamy te cele poprzez anga\u017cowanie wszystkich naszych pracownik\u00f3w w proces rozwoju naszych produkt\u00f3w. Naszym najwa\u017cniejszym celem jest dostarczanie rozwi\u0105za\u0144, kt\u00f3re zwi\u0119ksz\u0105 warto\u015b\u0107 Twojej firmy, a jednocze\u015bnie zapewni\u0105 Ci nienaganne wsparcie, gdy b\u0119dziesz go potrzebowa\u0142.<\/p>\n\n\n\n<p><\/p>\n\n\n\n<h2 class=\"wp-block-heading\">Bezpiecze\u0144stwo i wytrzyma\u0142o\u015b\u0107<\/h2>\n\n\n\n<div style=\"height:15px\" aria-hidden=\"true\" class=\"wp-block-spacer\"><\/div>\n\n\n\n<div class=\"wp-block-media-text alignwide is-stacked-on-mobile\" style=\"grid-template-columns:21% auto\"><figure class=\"wp-block-media-text__media\"><img loading=\"lazy\" decoding=\"async\" width=\"900\" height=\"579\" src=\"https:\/\/www.tele-radio.com\/app\/uploads\/tiger-family-for-winches-and-tow-trucks-Tele-Radio.png\" alt=\"System sterowania radiowego do suwnic i d\u017awig\u00f3w\" class=\"wp-image-26418 size-full\" srcset=\"https:\/\/www.tele-radio.com\/app\/uploads\/tiger-family-for-winches-and-tow-trucks-Tele-Radio.png 900w, https:\/\/www.tele-radio.com\/app\/uploads\/tiger-family-for-winches-and-tow-trucks-Tele-Radio-400x257.png 400w, https:\/\/www.tele-radio.com\/app\/uploads\/tiger-family-for-winches-and-tow-trucks-Tele-Radio-768x494.png 768w, https:\/\/www.tele-radio.com\/app\/uploads\/tiger-family-for-winches-and-tow-trucks-Tele-Radio-750x483.png 750w, https:\/\/www.tele-radio.com\/app\/uploads\/tiger-family-for-winches-and-tow-trucks-Tele-Radio-500x322.png 500w, https:\/\/www.tele-radio.com\/app\/uploads\/tiger-family-for-winches-and-tow-trucks-Tele-Radio-800x515.png 800w\" sizes=\"auto, (max-width: 900px) 100vw, 900px\" \/><\/figure><div class=\"wp-block-media-text__content\">\n<p>Bezpiecze\u0144stwo jest dla nas kluczowe \u2013 jako filia szwedzkiej firmy dbamy o globalne podej\u015bcie do kwestii bezpiecze\u0144stwa. Dok\u0142adamy wszelkich stara\u0144, aby nasze produkty by\u0142y jak najbardziej bezpieczne i spe\u0142nia\u0142y najwy\u017csze mo\u017cliwe standardy bezpiecze\u0144stwa. <strong>Posiadamy wszystkie potrzebne certyfikaty<\/strong>, kt\u00f3re mog\u0105 to potwierdzi\u0107.<\/p>\n\n\n\n<p><strong>Systemy zdalnego sterowania radiowego Tele Radio<\/strong> s\u0105 nie tylko bezpieczne, ale r\u00f3wnie\u017c solidne, niezawodne i trwa\u0142e. Wiemy, \u017ce nasze nadajniki s\u0105 rzucane, upuszczane, a czasami nawet l\u0105duj\u0105 pod ko\u0142ami r\u00f3\u017cnych pojazd\u00f3w podczas codziennego u\u017cytkowania \u2013 to wszystko wzi\u0119li\u015bmy pod uwag\u0119 przy ich projektowaniu. Zosta\u0142y przecie\u017c wyprodukowane, aby nimi pracowa\u0107, nawet w trudnych warunkach.<\/p>\n<\/div><\/div>\n\n\n\n<div style=\"height:15px\" aria-hidden=\"true\" class=\"wp-block-spacer\"><\/div>\n\n\n\n<h2 class=\"wp-block-heading\">Dlaczego sterowanie radiowe?<\/h2>\n\n\n\n<p>Bezprzewodowe sterowanie jest cz\u0119stym wyborem ze wzgl\u0119du na wygod\u0119 i komfort jego u\u017cytkowania. Umo\u017cliwia operatorowi obs\u0142ug\u0119 z najbardziej odpowiedniego miejsca i nie ogranicza go tak, jak w przypadku panelu sterowania lub przewodowego pilota steruj\u0105cego. Brak przewodu, kt\u00f3ry jest podatny na uszkodzenia i mo\u017ce przeszkadza\u0107 w pracy, pozwala zminimalizowa\u0107 ryzyko potkni\u0119cia si\u0119. Poza tym, zniszczone przewody powoduj\u0105 cz\u0119sto przestoje w pracy i, co za tym idzie, niepo\u017c\u0105dane koszta. Nasze <strong>systemy sterowania<\/strong> pozwalaj\u0105 tego unikn\u0105\u0107 i zapewniaj\u0105 maksymaln\u0105 swobod\u0119 ruch\u00f3w oraz mo\u017cliwo\u015b\u0107 zatrzymania awaryjnego w ka\u017cdym momencie.<\/p>\n\n\n\n<div style=\"height:12px\" aria-hidden=\"true\" class=\"wp-block-spacer\"><\/div>\n","protected":false},"excerpt":{"rendered":"<p>Posiadamy najwi\u0119kszy na rynku wyb\u00f3r nadajnik\u00f3w! Jeste\u015bmy firm\u0105 zorientowan\u0105 na rozwi\u0105zania, oferuj\u0105c\u0105 najlepsz\u0105 obs\u0142ug\u0119 i wsparcieSprawd\u017a ca\u0142\u0105 nasz\u0105 ofert\u0119! Bezpieczne sterowanie radiowe Tele Radio to eksperci w dziedzinie bezpiecznego zdalnego sterowania radiowego. Nasze rozwi\u0105zania obejmuj\u0105 mi\u0119dzy innymi: sterowanie do suwnic, sterowanie hds\u2019ami, sterowanie urz\u0105dzeniami d\u017awigowymi, sterowanie holownikami, sterowanie do pojazd\u00f3w specjalnych. Oferujemy r\u00f3wnie\u017c systemy sterowania [&hellip;]<\/p>\n","protected":false},"author":1,"featured_media":57348,"parent":0,"menu_order":0,"comment_status":"closed","ping_status":"closed","template":"","meta":{"_acf_changed":false,"footnotes":""},"class_list":["post-6964","page","type-page","status-publish","has-post-thumbnail","hentry"],"acf":[],"_links":{"self":[{"href":"https:\/\/www.tele-radio.com\/pl\/wp-json\/wp\/v2\/pages\/6964","targetHints":{"allow":["GET"]}}],"collection":[{"href":"https:\/\/www.tele-radio.com\/pl\/wp-json\/wp\/v2\/pages"}],"about":[{"href":"https:\/\/www.tele-radio.com\/pl\/wp-json\/wp\/v2\/types\/page"}],"author":[{"embeddable":true,"href":"https:\/\/www.tele-radio.com\/pl\/wp-json\/wp\/v2\/users\/1"}],"replies":[{"embeddable":true,"href":"https:\/\/www.tele-radio.com\/pl\/wp-json\/wp\/v2\/comments?post=6964"}],"version-history":[{"count":287,"href":"https:\/\/www.tele-radio.com\/pl\/wp-json\/wp\/v2\/pages\/6964\/revisions"}],"predecessor-version":[{"id":286694,"href":"https:\/\/www.tele-radio.com\/pl\/wp-json\/wp\/v2\/pages\/6964\/revisions\/286694"}],"wp:featuredmedia":[{"embeddable":true,"href":"https:\/\/www.tele-radio.com\/pl\/wp-json\/wp\/v2\/media\/57348"}],"wp:attachment":[{"href":"https:\/\/www.tele-radio.com\/pl\/wp-json\/wp\/v2\/media?parent=6964"}],"curies":[{"name":"wp","href":"https:\/\/api.w.org\/{rel}","templated":true}]}}